{"id":19715,"date":"2025-04-07T07:03:27","date_gmt":"2025-04-07T07:03:27","guid":{"rendered":"https:\/\/www.hydraulic-cylinders.net\/product\/boom-cylinder-for-hengte-wheel-excavator-htl150-8\/"},"modified":"2025-04-07T07:03:30","modified_gmt":"2025-04-07T07:03:30","slug":"boom-cylinder-for-hengte-wheel-excavator-htl150-8","status":"publish","type":"product","link":"https:\/\/www.hydraulic-cylinders.net\/nb\/produkt\/boom-cylinder-for-hengte-wheel-excavator-htl150-8\/","title":{"rendered":"Bomcylinder for Hengte hjulgraver HTL150-8"},"content":{"rendered":"<h1>Bomcylinder for Hengte hjulgraver HTL150-8<\/h1>\n<h2>Introduksjon til bomsylinderen<\/h2>\n<p>Bom-sylinderen for Hengte hjulgraver HTL150-8 er en viktig hydraulisk komponent som er utviklet for \u00e5 kontrollere bevegelsen til bommen i tunge maskiner. Denne hydrauliske sylinderen er spesielt konstruert for gravemaskiner, traktorgravere og frontlastere, og forenkler l\u00f8fting, senking og tilting av skuffen. Denne mekanismen er viktig for effektive materialh\u00e5ndteringsoppgaver, og forbedrer den generelle ytelsen til anleggs- og landbruksmaskiner.<\/p>\n<p><img decoding=\"async\" src=\"https:\/\/www.hydraulic-cylinders.net\/wp-content\/uploads\/2025\/04\/songte-company-1.webp\" alt=\"Hydraulisk sylinder\"><\/p>\n<h2>Funksjoner p\u00e5 bomsylinderen<\/h2>\n<ul>\n<li><strong>H\u00f8y styrke og holdbarhet:<\/strong> Produsert av h\u00f8yfast st\u00e5l eller aluminium, konstruert for \u00e5 t\u00e5le h\u00f8yt trykk og tunge belastninger, samtidig som den er motstandsdyktig mot slitasje og korrosjon.<\/li>\n<li><strong>Effektiv hydraulisk drift:<\/strong> Bruker hydraulisk oljetrykk for jevn forlengelse og tilbaketrekking, noe som gir rask respons p\u00e5 kontrollkommandoer og sterk skyv-trekkkraft for tunge og komplekse oppgaver.<\/li>\n<li><strong>Ulike typer:<\/strong> Alternativene inkluderer enkeltvirkende (ved bruk av hydraulisk kraft i \u00e9n retning) eller dobbeltvirkende (ved bruk av hydraulisk kraft i begge retninger), med enkelte modeller med teleskopiske design for \u00e5 tillate st\u00f8rre forlengelse uten \u00e5 \u00f8ke de ytre m\u00e5lene.<\/li>\n<li><strong>Tilpasset produksjon:<\/strong> Produktene v\u00e5re kan erstatte eksisterende hydrauliske sylindere p\u00e5 en perfekt m\u00e5te, noe som sikrer kompatibilitet og p\u00e5litelighet.<\/li>\n<li><strong>Allsidige bruksomr\u00e5der:<\/strong> Egnet for en rekke tunge maskiner i ulike bransjer.<\/li>\n<\/ul>\n<p><img decoding=\"async\" src=\"https:\/\/www.hydraulic-cylinders.net\/wp-content\/uploads\/2025\/04\/songte-cylinder-head-with-all-kinds-excavator-models.webp\" alt=\"Gravemaskin sylindermodeller\"><\/p>\n<h2>Bruksomr\u00e5der for bomsylinderen<\/h2>\n<h3>Anleggsutstyr<\/h3>\n<p>I gravemaskiner er bomsylindere viktige for graving, lasting og transport av jord eller avfall. De gj\u00f8r at skuffen kan trenge effektivt ned i bakken, noe som sikrer effektive graveoperasjoner. I gravemaskinlastere hjelper bomsylinderen ikke bare med graving, men ogs\u00e5 med \u00e5 l\u00f8fte tunge laster, noe som gj\u00f8r den til en uunnv\u00e6rlig komponent p\u00e5 byggeplasser.<\/p>\n<h3>Landbruksmaskiner<\/h3>\n<p>I frontlastere brukes bomsylindre til \u00e5 utarbeide, l\u00f8fte og transportere jord, h\u00f8y og andre materialer. Den sterke hydrauliske driften gj\u00f8r at b\u00f8nder kan flytte store mengder materiale raskt og effektivt, noe som \u00f8ker produktiviteten i landbruksaktiviteter.<\/p>\n<h3>Graveoperasjoner<\/h3>\n<p>I gravemaskiner gj\u00f8r bomsylinderen det mulig for skuffen \u00e5 grave effektivt ned i bakken. Den hydrauliske kontrollen muliggj\u00f8r presise bevegelser, noe som er avgj\u00f8rende for oppgaver som krever n\u00f8yaktighet og forsiktighet, som gr\u00f8fting og graving av fundamenter.<\/p>\n<h3>Lasterapplikasjoner<\/h3>\n<p>I frontlastere forenkler bomsylindrene l\u00f8fting og lossing av last, som grus eller jord. Denne funksjonaliteten er viktig for bygg- og landskapsarbeid, der bulkmaterialer m\u00e5 flyttes raskt og effektivt.<\/p>\n<h2>Designhensyn og utvalgskriterier<\/h2>\n<h3>Lastekapasitet<\/h3>\n<p>Det er avgj\u00f8rende \u00e5 bestemme bomsylinderens lastekapasitet, ettersom den m\u00e5 t\u00e5le de driftsmessige kravene som stilles til den. En godt designet sylinder sikrer at den kan h\u00e5ndtere toppbelastninger uten \u00e5 kompromittere den strukturelle integriteten, og forhindrer dermed feil som kan f\u00f8re til betydelig nedetid og reparasjonskostnader.<\/p>\n<h3>Tetting og holdbarhet<\/h3>\n<p>Effektiv tetting er avgj\u00f8rende for \u00e5 opprettholde hydraulisk trykk og forhindre lekkasjer. H\u00f8ykvalitetstetninger laget av slitesterke materialer som polyuretan eller nitrilgummi forlenger sylinderens levetid ved \u00e5 minimere slitasje og sikre p\u00e5litelig drift i ulike milj\u00f8er.<\/p>\n<h3>Sikkerhetsfunksjoner<\/h3>\n<p>Sikkerhet er avgj\u00f8rende n\u00e5r man designer hydrauliske sylindere. \u00c5 inkludere funksjoner som trykkavlastningsventiler og slitesterke materialer kan bidra til \u00e5 redusere risikoen forbundet med hydrauliske feil, og beskytte b\u00e5de operat\u00f8rer og utstyr under drift.<\/p>\n<h3>Vedlikeholdbarhet<\/h3>\n<p>Vedlikeholdsvennlig design sikrer at rutinemessige inspeksjoner og service kan utf\u00f8res effektivt. Tilgjengelighet til viktige komponenter for sm\u00f8ring og utskifting av tetninger forbedrer bomsylinderens levetid og p\u00e5litelighet, noe som gj\u00f8r den mer kostnadseffektiv over tid.<\/p>\n<p><img decoding=\"async\" src=\"https:\/\/www.hydraulic-cylinders.net\/wp-content\/uploads\/2025\/04\/songte-oil-pipes-and-spare-parts.webp\" alt=\"Hydrauliske deler\"><\/p>\n<h2>Tetting og sm\u00f8ring<\/h2>\n<p>Ytelsen til en bomsylinder er i stor grad avhengig av kvaliteten p\u00e5 tetnings- og sm\u00f8resystemene. Ulike tetninger, inkludert stempeltetninger og stangtetninger, er avgj\u00f8rende for \u00e5 opprettholde hydraulisk trykk. Tetninger laget av slitesterke materialer forhindrer v\u00e6skelekkasjer og sikrer effektiv drift av det hydrauliske systemet.<\/p>\n<p>Videre er sylinderhuset og gjengede ender vanligvis presisjonsfinish for \u00e5 forbedre holdbarheten mot slitasje. Regelmessig sm\u00f8ring med riktig hydraulikkolje er viktig for \u00e5 minimere friksjon og slitasje, og dermed forlenge sylinderens levetid.<\/p>\n<h2>Rutinemessige vedlikeholdstiltak<\/h2>\n<ul>\n<li><strong>Regelmessige inspeksjoner:<\/strong> Rutinemessige visuelle inspeksjoner av det hydrauliske systemet kan avdekke potensielle problemer f\u00f8r de eskalerer, for eksempel lekkasjer eller tegn p\u00e5 slitasje.<\/li>\n<li><strong>Riktig sm\u00f8ring:<\/strong> \u00c5 s\u00f8rge for at alle bevegelige deler er riktig smurt minimerer slitasje og forlenger sylinderens levetid.<\/li>\n<li><strong>Utskifting av tetning:<\/strong> Regelmessig kontroll av pakningenes tilstand og utskifting av dem ved behov forhindrer lekkasjer og opprettholder hydraulisk trykk.<\/li>\n<\/ul>\n<h2>Installasjonsretningslinjer<\/h2>\n<p>Riktig montering av en bomsylinder er avgj\u00f8rende for dens ytelse og levetid. Begynn med \u00e5 s\u00f8rge for at alle komponenter er rene og fri for rusk. Juster sylinderen riktig for \u00e5 unng\u00e5 un\u00f8dig belastning p\u00e5 monteringspunktene. Bruk passende monteringsbraketter for \u00e5 feste sylinderen p\u00e5 plass, og s\u00f8rg for at den er plassert riktig i forhold til maskinens driftskrav.<\/p>\n<p>F\u00f8lg produsentens spesifikasjoner for momentinnstillinger og s\u00f8rg for at alle hydrauliske tilkoblinger er sikre for \u00e5 forhindre lekkasjer. Etter installasjon, utf\u00f8r en grundig kontroll av det hydrauliske systemet, inkludert testing for eventuelle lekkasjer og sikring av jevn drift gjennom en rekke bevegelser.<\/p>\n<h2>Vanlige vedlikeholdsoppgaver<\/h2>\n<h3>Regelmessige kontroller<\/h3>\n<p>Regelmessige kontroller av det hydrauliske systemet bidrar til \u00e5 identifisere problemer tidlig. Se etter tegn p\u00e5 lekkasjer, uvanlige lyder eller redusert ytelse, og h\u00e5ndter disse problemene raskt for \u00e5 unng\u00e5 omfattende skader.<\/p>\n<h3>Riktig sm\u00f8ring<\/h3>\n<p>Regelmessig sm\u00f8ring av hydraulikksylinderen er avgj\u00f8rende for \u00e5 sikre problemfri drift. Bruk anbefalt hydraulikkv\u00e6ske og s\u00f8rg for at sm\u00f8repunktene er lett tilgjengelige for \u00e5 forenkle prosessen.<\/p>\n<h3>Utskifting av tetninger og kalibreringskontroller<\/h3>\n<p>Rutinemessige pakningsutskiftninger er n\u00f8dvendige for \u00e5 opprettholde hydraulisk trykk og forhindre lekkasjer. S\u00f8rg for at pakningene er laget av materialer av h\u00f8y kvalitet for \u00e5 t\u00e5le driftskrav, og utf\u00f8r kalibreringskontroller for \u00e5 sikre at sylinderen fungerer innenfor spesifiserte parametere.<\/p>\n<p><img decoding=\"async\" src=\"https:\/\/www.hydraulic-cylinders.net\/wp-content\/uploads\/2025\/04\/songte-chushion-collar.webp\" alt=\"Putekrage\"><\/p>\n<h2>Sikkerhetshensyn og milj\u00f8faktorer<\/h2>\n<p>Ved bruk av hydrauliske sylindere er det avgj\u00f8rende \u00e5 f\u00f8lge sikkerhetstiltakene for \u00e5 forhindre ulykker og skader. Operat\u00f8rer b\u00f8r v\u00e6re oppl\u00e6rt i sikker bruk av hydraulisk utstyr, og riktig personlig verneutstyr (PPE) b\u00f8r brukes. Dessuten kan milj\u00f8faktorer som temperatur og fuktighet p\u00e5virke hydraulikkv\u00e6skens ytelse. Derfor er det viktig \u00e5 overv\u00e5ke disse forholdene for \u00e5 opprettholde optimal driftseffektivitet.<\/p>\n<h2>Feils\u00f8king og vanlige problemer<\/h2>\n<ul>\n<li><strong>Trykktap:<\/strong> Dette kan skyldes lekkasjer i tetninger eller kontakter. Inspiser og skift ut slitte tetninger for \u00e5 gjenopprette trykket.<\/li>\n<li><strong>Langsom eller inkonsekvent bevegelse:<\/strong> Dette kan tyde p\u00e5 lave hydrauliske v\u00e6skeniv\u00e5er eller problemer med pumpen. Sjekk v\u00e6skeniv\u00e5ene og s\u00f8rg for at den hydrauliske pumpen fungerer som den skal.<\/li>\n<li><strong>Uvanlige lyder:<\/strong> St\u00f8y kan signalisere mekaniske problemer eller mangel p\u00e5 sm\u00f8ring. Regelmessig vedlikehold og sm\u00f8ring kan bidra til \u00e5 redusere disse problemene.<\/li>\n<\/ul>\n<h2>Feils\u00f8kingstips<\/h2>\n<p>For effektiv feils\u00f8king, start med \u00e5 identifisere symptomene p\u00e5 problemet. Sjekk for tegn p\u00e5 slitasje eller skade, s\u00f8rg for at niv\u00e5ene av hydraulisk v\u00e6ske er tilstrekkelige, og inspiser hele hydraulikksystemet for lekkasjer. Regelmessig vedlikehold kan forhindre mange vanlige problemer, s\u00e5 v\u00e6r proaktiv i din tiln\u00e6rming til sylinderpleie.<\/p>\n<p><img decoding=\"async\" src=\"https:\/\/www.hydraulic-cylinders.net\/wp-content\/uploads\/2025\/04\/songte-bushings-with-all-kinds-of-excavator-models.webp\" alt=\"Gravemaskinforinger\"><\/p>\n<h2>Om selskapet v\u00e5rt<\/h2>\n<p>Vi er en ledende produsent av hydrauliske reservesylindere, og kan skryte av et bredt spekter av produkter for ulike bruksomr\u00e5der. V\u00e5r forpliktelse til kvalitet sikrer at vi er anerkjent som en av de ledende produsentene og grossistene av hydrauliske sylindere i b\u00e5de innenlandske og internasjonale markeder.<\/p>\n<p>V\u00e5rt fokus p\u00e5 kvalitet er drevet av en sofistikert produksjonsstrategi og vekt p\u00e5 avanserte produksjonsteknologier. Ved \u00e5 investere i talentfulle fagfolk, h\u00f8yteknologisk produksjonsutstyr og robuste testsystemer, forbedrer vi kontinuerlig produksjonskapasiteten v\u00e5r og m\u00f8ter ulike kundebehov.<\/p>\n<p><img decoding=\"async\" src=\"https:\/\/www.hydraulic-cylinders.net\/wp-content\/uploads\/2025\/04\/songte-company-4.webp\" alt=\"Selskapsoversikt\"><br \/>\n<img decoding=\"async\" src=\"https:\/\/www.hydraulic-cylinders.net\/wp-content\/uploads\/2025\/04\/songte-company-3.webp\" alt=\"Selskapets fasiliteter\"><\/p>\n<p>V\u00e5re tjenester st\u00f8ttes av profesjonell ekspertise, internasjonale sertifiseringer og tilpassede l\u00f8sninger, alt st\u00f8ttet av omfattende ettersalgsservice for \u00e5 sikre kundetilfredshet.<\/p>\n<p>Forfatter: lyl<\/p>","protected":false},"excerpt":{"rendered":"<p>Boom Cylinder For Hengte Wheel Excavator HTL150-8 Introduction to the Boom Cylinder The Boom Cylinder for Hengte Wheel Excavator HTL150-8 is a crucial hydraulic component designed to control the motion of the boom in heavy machinery. Specifically engineered for excavators, backhoe loaders, and front loaders, this hydraulic cylinder facilitates the lifting, lowering, and tilting of [&hellip;]<\/p>","protected":false},"featured_media":17873,"comment_status":"open","ping_status":"closed","template":"","meta":{"_et_pb_use_builder":"","_et_pb_old_content":"","_et_gb_content_width":""},"product_brand":[],"product_cat":[1546],"product_tag":[1547,1496],"class_list":{"0":"post-19715","1":"product","2":"type-product","3":"status-publish","4":"has-post-thumbnail","6":"product_cat-boom-cylinders","7":"product_tag-boom-cylinders","8":"product_tag-hydraulic-cylinders","10":"first","11":"instock","12":"shipping-taxable","13":"product-type-simple"},"amp_enabled":true,"_links":{"self":[{"href":"https:\/\/www.hydraulic-cylinders.net\/nb\/wp-json\/wp\/v2\/product\/19715","targetHints":{"allow":["GET"]}}],"collection":[{"href":"https:\/\/www.hydraulic-cylinders.net\/nb\/wp-json\/wp\/v2\/product"}],"about":[{"href":"https:\/\/www.hydraulic-cylinders.net\/nb\/wp-json\/wp\/v2\/types\/product"}],"replies":[{"embeddable":true,"href":"https:\/\/www.hydraulic-cylinders.net\/nb\/wp-json\/wp\/v2\/comments?post=19715"}],"wp:featuredmedia":[{"embeddable":true,"href":"https:\/\/www.hydraulic-cylinders.net\/nb\/wp-json\/wp\/v2\/media\/17873"}],"wp:attachment":[{"href":"https:\/\/www.hydraulic-cylinders.net\/nb\/wp-json\/wp\/v2\/media?parent=19715"}],"wp:term":[{"taxonomy":"product_brand","embeddable":true,"href":"https:\/\/www.hydraulic-cylinders.net\/nb\/wp-json\/wp\/v2\/product_brand?post=19715"},{"taxonomy":"product_cat","embeddable":true,"href":"https:\/\/www.hydraulic-cylinders.net\/nb\/wp-json\/wp\/v2\/product_cat?post=19715"},{"taxonomy":"product_tag","embeddable":true,"href":"https:\/\/www.hydraulic-cylinders.net\/nb\/wp-json\/wp\/v2\/product_tag?post=19715"}],"curies":[{"name":"wp","href":"https:\/\/api.w.org\/{rel}","templated":true}]}}