{"id":19722,"date":"2025-04-07T07:03:54","date_gmt":"2025-04-07T07:03:54","guid":{"rendered":"https:\/\/www.hydraulic-cylinders.net\/product\/boom-cylinder-for-yigong-cy330lc-8\/"},"modified":"2025-04-07T07:03:57","modified_gmt":"2025-04-07T07:03:57","slug":"boom-cylinder-for-yigong-cy330lc-8","status":"publish","type":"product","link":"https:\/\/www.hydraulic-cylinders.net\/nb\/produkt\/boom-cylinder-for-yigong-cy330lc-8\/","title":{"rendered":"Bom-sylinder for Yigong CY330LC-8"},"content":{"rendered":"<h1>Bom-sylinder for Yigong CY330LC-8<\/h1>\n<h2>Produktoversikt<\/h2>\n<p>Bom-sylinderen for Yigong CY330LC-8 er en viktig hydraulisk komponent som er spesielt utviklet for \u00e5 kontrollere bevegelsen til bommen p\u00e5 tunge maskiner, inkludert gravemaskiner, traktorgravere og frontlastere. Denne hydrauliske sylinderen muliggj\u00f8r l\u00f8fting, senking og tilting av bommen, noe som muliggj\u00f8r effektive materialh\u00e5ndteringsoppgaver. Som en hydraulisk sylinder bruker den trykksatt hydraulisk v\u00e6ske for \u00e5 skape line\u00e6r bevegelse, noe som er viktig for driften av ulike anleggs- og landbruksmaskiner.<\/p>\n<p><img decoding=\"async\" src=\"https:\/\/www.hydraulic-cylinders.net\/wp-content\/uploads\/2025\/04\/songte-company-1.webp\" alt=\"Bilde av bomsylinder\"><\/p>\n<h3>Funksjoner og applikasjoner<\/h3>\n<p>Skuffesylinderen spiller en avgj\u00f8rende rolle i hydrauliske systemer ved \u00e5 muliggj\u00f8re presis kontroll over bevegelsene til tungt utstyr. Innen bygg og anlegg hjelper den med graving, lasting og flytting av materialer, og sikrer at oppgaver utf\u00f8res effektivt. Utformingen av skuffesylinderen im\u00f8tekommer de h\u00f8ye kravene til tunge maskiner, noe som gj\u00f8r den uunnv\u00e6rlig i b\u00e5de bygg og anlegg og landbruk.<\/p>\n<h2>Viktige funksjoner<\/h2>\n<ul>\n<li><strong>H\u00f8y styrke og holdbarhet:<\/strong> Bom-sylinderen er laget av h\u00f8yfast st\u00e5l eller aluminium, og er konstruert for \u00e5 t\u00e5le h\u00f8yt trykk og tunge belastninger, noe som gj\u00f8r den egnet for t\u00f8ffe arbeidsforhold.<\/li>\n<li><strong>Effektiv hydraulisk drift:<\/strong> Ved \u00e5 utnytte trykket fra hydraulikkoljen, gir disse sylindrene jevn forlengelse og tilbaketrekking, og leverer kraftige skyve- og trekkeegenskaper for h\u00e5ndtering av tunge og komplekse oppgaver.<\/li>\n<li><strong>Ulike typer:<\/strong> Bom-sylinderen er tilgjengelig i enkeltvirkende og dobbeltvirkende modeller, og kan skreddersys for \u00e5 m\u00f8te spesifikke driftsbehov, inkludert teleskopiske design for kompakte applikasjoner.<\/li>\n<li><strong>Forbedret ytelse:<\/strong> Utviklet med slitestyrke og korrosjonsbeskyttelse i tankene, noe som forlenger sylinderens levetid.<\/li>\n<li><strong>Enkelt vedlikehold:<\/strong> Designet forenkler enkle inspeksjoner og reparasjoner, noe som sikrer langsiktig brukbarhet og p\u00e5litelighet.<\/li>\n<\/ul>\n<p>Vi produserer dette produktet, og sylindrene v\u00e5re kan perfekt erstatte eksisterende hydrauliske sylindre.<\/p>\n<p><img decoding=\"async\" src=\"https:\/\/www.hydraulic-cylinders.net\/wp-content\/uploads\/2025\/04\/songte-cylinder-head-with-all-kinds-excavator-models.webp\" alt=\"Bilde av sylinderhode\"><\/p>\n<h2>Bruksomr\u00e5der<\/h2>\n<h3>Anleggsutstyr<\/h3>\n<p>I gravemaskiner er bomsylinderen viktig for graving, lasting og flytting av jord eller rusk. Dens evne til \u00e5 gi sterk l\u00f8ftekraft gj\u00f8r det mulig for operat\u00f8rer \u00e5 utf\u00f8re ulike oppgaver effektivt. I gravemaskinlastere hjelper bomsylinderen ikke bare med utgraving, men ogs\u00e5 med \u00e5 l\u00f8fte tunge laster, noe som gj\u00f8r den til en kritisk komponent i byggeprosjekter.<\/p>\n<h3>Landbruksmaskiner<\/h3>\n<p>Frontlastere bruker bomsylindre for \u00e5 ut\u00f8se, l\u00f8fte og transportere jord, h\u00f8y og andre materialer. Disse sylindrene \u00f8ker produktiviteten p\u00e5 g\u00e5rder ved \u00e5 muliggj\u00f8re effektiv h\u00e5ndtering av bulkmaterialer.<\/p>\n<h3>Gravemaskiner<\/h3>\n<p>For gravemaskiner lar bomsylinderen skuffen trenge effektivt ned i jorden, noe som forenkler dypgraving. Denne funksjonaliteten er viktig for ulike anleggsoppgaver, fra grunnarbeid til landskapsarbeid.<\/p>\n<h3>Lastere<\/h3>\n<p>I frontlastere hjelper bomsylindre med \u00e5 l\u00f8fte og dumpe last, noe som optimaliserer ytelsen p\u00e5 stedet. Deres p\u00e5litelige drift er avgj\u00f8rende for rask og effektiv h\u00e5ndtering av materialer under bygge- og landskapsarbeid.<\/p>\n<h2>Designhensyn og utvalgskriterier<\/h2>\n<h3>Lastekapasitet<\/h3>\n<p>Bom-sylinderens lastekapasitet er avgj\u00f8rende. Den bestemmer hvor mye vekt sylinderen kan h\u00e5ndtere, samtidig som sikkerhets- og ytelsesstandarder opprettholdes. Riktige lastberegninger er n\u00f8dvendige for \u00e5 forhindre feil, og sikre at sylinderen kan t\u00e5le de driftsmessige kravene som stilles til den uten \u00e5 kompromittere den strukturelle integriteten.<\/p>\n<h3>Tetningsevne<\/h3>\n<p>Effektiv tetting er avgj\u00f8rende for \u00e5 forhindre lekkasjer av hydraulisk v\u00e6ske, noe som kan f\u00f8re til systemfeil. H\u00f8ykvalitets pakninger m\u00e5 velges for \u00e5 sikre at de t\u00e5ler trykket og temperaturene som oppst\u00e5r under drift. Regelmessige kontroller av pakninger bidrar til \u00e5 opprettholde optimal ytelse og forlenge sylinderens levetid.<\/p>\n<h3>Varighet<\/h3>\n<p>Holdbarhet er avgj\u00f8rende for hydrauliske sylindere som er utsatt for t\u00f8ffe milj\u00f8er. \u00c5 velge materialer og overflater som motst\u00e5r slitasje og korrosjon vil forlenge sylinderens levetid. En slitesterk design minimerer behovet for hyppige utskiftinger og vedlikehold, noe som til slutt sparer kostnader.<\/p>\n<h3>Sikkerhetsfunksjoner<\/h3>\n<p>Det er ikke tillatt \u00e5 integrere sikkerhetsfunksjoner i utformingen av bomsylindere. Disse funksjonene forhindrer ulykker og skader under drift. Sikkerhetstiltak kan omfatte innebygde trykkavlastningsventiler eller robuste l\u00e5semekanismer som sikrer at sylinderen forblir stabil under belastning.<\/p>\n<h3>Vedlikeholdbarhet<\/h3>\n<p>Det er avgj\u00f8rende \u00e5 designe bomsylindere for enkelt vedlikehold. En sylinder som muliggj\u00f8r enkel inspeksjon, sm\u00f8ring og utskifting av deler vil redusere nedetid og \u00f8ke produktiviteten. Hver komponent m\u00e5 v\u00e6re tilgjengelig uten komplekse demonteringsprosesser for \u00e5 sikre at vedlikeholdsoppgaver kan utf\u00f8res effektivt.<\/p>\n<p><img decoding=\"async\" src=\"https:\/\/www.hydraulic-cylinders.net\/wp-content\/uploads\/2025\/04\/songte-oil-pipes-and-spare-parts.webp\" alt=\"Bilde av hydrauliske deler\"><\/p>\n<h2>Tetting og sm\u00f8ring<\/h2>\n<p>Riktig tetting og sm\u00f8ring er avgj\u00f8rende for funksjonaliteten og levetiden til bomsylinderen. Ulike tetningskomponenter, som stempeltetninger og stangtetninger, m\u00e5 velges n\u00f8ye. Materialer som polyuretan og nitrilgummi foretrekkes p\u00e5 grunn av deres slitestyrke. Sylinderhuset og gjengede ender b\u00f8r finbehandles for \u00e5 forbedre slitestyrken. Regelmessig sm\u00f8ring med hydraulikkolje er n\u00f8dvendig for \u00e5 minimere friksjon og sikre jevn drift.<\/p>\n<h2>Forebyggende vedlikeholdstiltak<\/h2>\n<ul>\n<li><strong>Regelmessige inspeksjoner:<\/strong> \u00c5 utf\u00f8re rutinemessige kontroller for lekkasjer, slitasje og ytelsesproblemer bidrar til \u00e5 identifisere potensielle problemer f\u00f8r de eskalerer.<\/li>\n<li><strong>Passende sm\u00f8ring:<\/strong> Det er avgj\u00f8rende for optimal sylinderdrift at hydraulikkoljen har riktig niv\u00e5 og tilstand.<\/li>\n<li><strong>Utskifting av tetning:<\/strong> Regelmessig utskifting av pakninger forhindrer lekkasjer og opprettholder hydraulisk trykk, noe som sikrer effektiv ytelse.<\/li>\n<\/ul>\n<h2>Installasjonsretningslinjer<\/h2>\n<p>Riktig installasjon er avgj\u00f8rende for bomsylinderens ytelse. Start med \u00e5 s\u00f8rge for at monteringsflatene er rene og fri for rusk. Juster sylinderen n\u00f8yaktig, og bruk passende monteringsbraketter for \u00e5 feste den godt. Det er viktig \u00e5 f\u00f8lge produsentens spesifikasjoner for moment og justering for \u00e5 forhindre feiljustering, noe som kan f\u00f8re til for tidlig slitasje eller feil. Etter installasjon, sjekk for eventuelle lekkasjer og s\u00f8rg for at alle tilkoblinger er sikre.<\/p>\n<h2>Vedlikeholdsoppgaver<\/h2>\n<ul>\n<li><strong>Regelmessige kontroller:<\/strong> Hyppige inspeksjoner bidrar til \u00e5 oppdage problemer tidlig og opprettholde topp ytelse.<\/li>\n<li><strong>Riktig sm\u00f8ring:<\/strong> Regelmessig sm\u00f8ring av sylinderen er viktig for \u00e5 forhindre slitasje og overoppheting.<\/li>\n<li><strong>Utskifting av tetning:<\/strong> Rettidig utskifting av pakninger er avgj\u00f8rende for \u00e5 opprettholde hydraulisk trykk og forhindre lekkasjer.<\/li>\n<\/ul>\n<p>Riktig installasjon, sm\u00f8ring og justering er avgj\u00f8rende for \u00e5 maksimere bomsylinderens levetid. Bruk av riktige justeringsteknikker under installasjon sikrer at sylinderen fungerer problemfritt uten un\u00f8dig belastning. Det er viktig \u00e5 f\u00f8lge anbefalte kontroll-, reparasjons- og utskiftingsprosedyrer for \u00e5 opprettholde funksjonalitet og p\u00e5litelighet.<\/p>\n<p><img decoding=\"async\" src=\"https:\/\/www.hydraulic-cylinders.net\/wp-content\/uploads\/2025\/04\/songte-chushion-collar.webp\" alt=\"Putekragebilde\"><\/p>\n<h2>Sikkerhetshensyn og milj\u00f8faktorer<\/h2>\n<p>N\u00e5r man diskuterer bomsylindere, er sikkerhetstiltak avgj\u00f8rende. Operat\u00f8rer m\u00e5 v\u00e6re oppl\u00e6rt til \u00e5 gjenkjenne og redusere risikoer forbundet med hydrauliske systemer. Riktig personlig verneutstyr (PPE) b\u00f8r brukes, og overholdelse av sikkerhetsprotokoller er viktig for \u00e5 forhindre ulykker og sikre et trygt arbeidsmilj\u00f8.<\/p>\n<h2>Feils\u00f8king og vanlige problemer<\/h2>\n<ul>\n<li><strong>Lekkasje:<\/strong> Hvis det oppdages v\u00e6skelekkasjer, m\u00e5 du inspisere tetninger og koblinger for \u00e5 identifisere kilden til lekkasjen.<\/li>\n<li><strong>Langsom bevegelse:<\/strong> Dette kan tyde p\u00e5 utilstrekkelig hydraulikkv\u00e6ske eller mulig intern skade; sjekk v\u00e6skeniv\u00e5ene og inspiser for slitasje.<\/li>\n<li><strong>Uvanlige lyder:<\/strong> Eventuelle merkelige lyder under drift kan tyde p\u00e5 mekaniske problemer eller lav sm\u00f8ring; feils\u00f8k deretter.<\/li>\n<\/ul>\n<p>Ved \u00e5 tilby feils\u00f8kingstips og l\u00f8sninger kan operat\u00f8rer effektivt identifisere og rette opp problemer med bomsylindere. Forebyggende tiltak og regelmessig vedlikehold kan redusere sannsynligheten for at disse problemene oppst\u00e5r betydelig.<\/p>\n<p><img decoding=\"async\" src=\"https:\/\/www.hydraulic-cylinders.net\/wp-content\/uploads\/2025\/04\/songte-bushings-with-all-kinds-of-excavator-models.webp\" alt=\"Bilde av foringer\"><\/p>\n<h2>Selskapsoversikt<\/h2>\n<p>Vi er en ledende produsent av hydrauliske sylindere for utskifting, kjent for v\u00e5rt omfattende produktsortiment. V\u00e5r forpliktelse til kvalitet har etablert oss som en ledende akt\u00f8r i b\u00e5de innenlandske og internasjonale markeder. Vi f\u00f8lger kravene til kvalitet gjennom god produksjonspraksis og avanserte strategier for produksjonsstyring. V\u00e5r dyktige arbeidsstyrke, kombinert med toppmoderne digitalt produksjonsutstyr, forbedrer produksjonskapasiteten v\u00e5r.<\/p>\n<p>Med fokus p\u00e5 profesjonell ekspertise, internasjonale sertifiseringer og tilpassede tjenester, m\u00f8ter produktene v\u00e5re ulike kundebehov. V\u00e5r robuste ettersalgsst\u00f8tte sikrer at kundene f\u00e5r hjelp gjennom hele produktenes levetid.<\/p>\n<p><img decoding=\"async\" src=\"https:\/\/www.hydraulic-cylinders.net\/wp-content\/uploads\/2025\/04\/songte-company-4.webp\" alt=\"Firmabilde 1\"><br \/>\n<img decoding=\"async\" src=\"https:\/\/www.hydraulic-cylinders.net\/wp-content\/uploads\/2025\/04\/songte-company-3.webp\" alt=\"Firmabilde 2\"><\/p>\n<p>Forfatter: lyl<\/p>","protected":false},"excerpt":{"rendered":"<p>Boom Cylinder For Yigong CY330LC-8 Product Overview The Boom Cylinder for Yigong CY330LC-8 is a vital hydraulic component designed specifically to control the movement of the boom of heavy machinery, including excavators, backhoe loaders, and front loaders. This hydraulic cylinder allows for the lifting, lowering, and tilting of the boom, facilitating efficient material handling tasks. [&hellip;]<\/p>","protected":false},"featured_media":17880,"comment_status":"open","ping_status":"closed","template":"","meta":{"_et_pb_use_builder":"","_et_pb_old_content":"","_et_gb_content_width":""},"product_brand":[],"product_cat":[1546],"product_tag":[1547,1496],"class_list":{"0":"post-19722","1":"product","2":"type-product","3":"status-publish","4":"has-post-thumbnail","6":"product_cat-boom-cylinders","7":"product_tag-boom-cylinders","8":"product_tag-hydraulic-cylinders","10":"first","11":"instock","12":"shipping-taxable","13":"product-type-simple"},"amp_enabled":true,"_links":{"self":[{"href":"https:\/\/www.hydraulic-cylinders.net\/nb\/wp-json\/wp\/v2\/product\/19722","targetHints":{"allow":["GET"]}}],"collection":[{"href":"https:\/\/www.hydraulic-cylinders.net\/nb\/wp-json\/wp\/v2\/product"}],"about":[{"href":"https:\/\/www.hydraulic-cylinders.net\/nb\/wp-json\/wp\/v2\/types\/product"}],"replies":[{"embeddable":true,"href":"https:\/\/www.hydraulic-cylinders.net\/nb\/wp-json\/wp\/v2\/comments?post=19722"}],"wp:featuredmedia":[{"embeddable":true,"href":"https:\/\/www.hydraulic-cylinders.net\/nb\/wp-json\/wp\/v2\/media\/17880"}],"wp:attachment":[{"href":"https:\/\/www.hydraulic-cylinders.net\/nb\/wp-json\/wp\/v2\/media?parent=19722"}],"wp:term":[{"taxonomy":"product_brand","embeddable":true,"href":"https:\/\/www.hydraulic-cylinders.net\/nb\/wp-json\/wp\/v2\/product_brand?post=19722"},{"taxonomy":"product_cat","embeddable":true,"href":"https:\/\/www.hydraulic-cylinders.net\/nb\/wp-json\/wp\/v2\/product_cat?post=19722"},{"taxonomy":"product_tag","embeddable":true,"href":"https:\/\/www.hydraulic-cylinders.net\/nb\/wp-json\/wp\/v2\/product_tag?post=19722"}],"curies":[{"name":"wp","href":"https:\/\/api.w.org\/{rel}","templated":true}]}}