{"id":19744,"date":"2025-04-07T07:05:04","date_gmt":"2025-04-07T07:05:04","guid":{"rendered":"https:\/\/www.hydraulic-cylinders.net\/product\/boom-cylinder-for-kato-small-excavator-hd512-3\/"},"modified":"2025-04-07T07:05:07","modified_gmt":"2025-04-07T07:05:07","slug":"boom-cylinder-for-kato-small-excavator-hd512-3","status":"publish","type":"product","link":"https:\/\/www.hydraulic-cylinders.net\/nb\/produkt\/boom-cylinder-for-kato-small-excavator-hd512-3\/","title":{"rendered":"Bomcylinder for Kato liten gravemaskin HD512-3"},"content":{"rendered":"<h1>Bomcylinder for Kato liten gravemaskin HD512-3<\/h1>\n<h2>Oversikt over bomsylinder<\/h2>\n<p>Bom-sylinderen er en viktig komponent i hydrauliske systemer, prim\u00e6rt designet for \u00e5 kontrollere bevegelsen til skuffer i diverse tunge maskiner, som gravemaskiner, traktorgravere og frontlastere. Denne hydrauliske sylinderen gj\u00f8r det mulig \u00e5 l\u00f8fte, senke og tilte skuffen, noe som forenkler materialh\u00e5ndteringsoppgaver effektivt. Bom-sylinderen spiller en avgj\u00f8rende rolle i ytelsen og allsidigheten til anleggsutstyr, og muliggj\u00f8r presis kontroll og bevegelse av tunge laster, noe som gj\u00f8r den uunnv\u00e6rlig i anleggs- og gravearbeid.<\/p>\n<p><img decoding=\"async\" src=\"https:\/\/www.hydraulic-cylinders.net\/wp-content\/uploads\/2025\/04\/songte-company-1.webp\" alt=\"Bomcylinder for gravemaskin\" \/><\/p>\n<h2>Funksjoner ved bomsylinderen v\u00e5r<\/h2>\n<ul>\n<li>\n<h3>H\u00f8y styrke og holdbarhet<\/h3>\n<p>Manufactured from high-strength steel or aluminum, our boom cylinders are designed to withstand high pressure and heavy loads while adapting to harsh working environments. The design considers wear resistance and corrosion resistance, extending the product&#8217;s lifespan.<\/p>\n<\/li>\n<li>\n<h3>Effektiv hydraulisk drift<\/h3>\n<p>Ved \u00e5 bruke hydraulisk v\u00e6sketrykk gir sylindrene v\u00e5re jevn forlengelse og inntrekking, noe som sikrer rask respons p\u00e5 f\u00f8rerkommandoer og leverer kraftig skyve- og trekkekraft, ideell for h\u00e5ndtering av tunge og komplekse driftsoppgaver.<\/p>\n<\/li>\n<li>\n<h3>Ulike typer<\/h3>\n<p>V\u00e5re bomsylindre finnes i ulike modeller, inkludert enkeltvirkende (som fungerer i \u00e9n retning) og dobbeltvirkende (som fungerer i begge retninger). Noen modeller er teleskopiske, noe som gir lengre rekkevidde uten \u00e5 \u00f8ke de ytre m\u00e5lene, noe som gj\u00f8r dem egnet for bruksomr\u00e5der med begrenset plass.<\/p>\n<\/li>\n<li>\n<h3>Presisjonsteknikk<\/h3>\n<p>Hver sylinder gjennomg\u00e5r grundig testing og kvalitetskontroll for \u00e5 sikre p\u00e5litelig ytelse og levetid i krevende milj\u00f8er.<\/p>\n<\/li>\n<li>\n<h3>Allsidige bruksomr\u00e5der<\/h3>\n<p>Sylinderne v\u00e5re er designet for kompatibilitet med ulike gravemaskinmodeller, og kan erstatte OEM-deler s\u00f8ml\u00f8st, noe som sikrer optimal ytelse.<\/p>\n<\/li>\n<\/ul>\n<p><img decoding=\"async\" src=\"https:\/\/www.hydraulic-cylinders.net\/wp-content\/uploads\/2025\/04\/songte-cylinder-head-with-all-kinds-excavator-models.webp\" alt=\"Kompatibilitet mellom gravemaskinmodeller\" \/><\/p>\n<h2>S\u00f8knadsscenarier<\/h2>\n<ul>\n<li>\n<h3>Anleggsutstyr<\/h3>\n<p>I gravemaskiner er bomsylindre sentrale for graving, lasting og flytting av jord eller avfall. Funksjonaliteten deres er avgj\u00f8rende p\u00e5 byggeplasser for oppgaver som involverer tunge l\u00f8ft og presis plassering av materialer.<\/p>\n<\/li>\n<li>\n<h3>Landbruksmaskiner<\/h3>\n<p>Disse sylindrene, som brukes i frontlastere, er avgj\u00f8rende for utgraving, l\u00f8fting og transport av jord, h\u00f8y og andre materialer. Deres effektive drift \u00f8ker produktiviteten i landbruket.<\/p>\n<\/li>\n<li>\n<h3>Gravemaskiner<\/h3>\n<p>Bomsylindrene gj\u00f8r at skuffen kan trenge effektivt ned i bakken, noe som sikrer effektive gravebevegelser som er avgj\u00f8rende for graveoppgaver.<\/p>\n<\/li>\n<li>\n<h3>Lastere<\/h3>\n<p>I frontlastere hjelper bomsylindre med \u00e5 l\u00f8fte og dumpe last effektivt, noe som gj\u00f8r dem til viktige verkt\u00f8y i materialh\u00e5ndtering og byggeprosesser.<\/p>\n<\/li>\n<\/ul>\n<h2>Designhensyn og utvalgskriterier<\/h2>\n<ul>\n<li>\n<h3>Lastekapasitet<\/h3>\n<p>Lastekapasitet er kritisk n\u00e5r man velger en bomsylinder. Den m\u00e5 kunne l\u00f8fte de forventede lastene uten \u00e5 svikte. Dette inneb\u00e6rer \u00e5 ta hensyn til b\u00e5de statiske og dynamiske belastninger under drift.<\/p>\n<\/li>\n<li>\n<h3>Tetting<\/h3>\n<p>Effektiv tetting er avgj\u00f8rende for \u00e5 forhindre lekkasje av hydraulisk v\u00e6ske, noe som kan f\u00f8re til redusert ytelse og milj\u00f8farer. Tetninger av h\u00f8y kvalitet sikrer langsiktig p\u00e5litelighet og minimalt vedlikehold.<\/p>\n<\/li>\n<li>\n<h3>Varighet<\/h3>\n<p>Materialet og konstruksjonen til sylinderen p\u00e5virker dens holdbarhet. \u00c5 velge materialer som motst\u00e5r slitasje og korrosjon forlenger produktets levetid og reduserer hyppigheten av utskiftinger.<\/p>\n<\/li>\n<li>\n<h3>Sikkerhet<\/h3>\n<p>\u00c5 integrere sikkerhetsfunksjoner som trykkavlastningsventiler sikrer sikker drift under varierende forhold, noe som er viktig i milj\u00f8er med h\u00f8y innsats som byggeplasser.<\/p>\n<\/li>\n<li>\n<h3>Vedlikeholdbarhet<\/h3>\n<p>Det er avgj\u00f8rende \u00e5 designe sylindere for enkelt vedlikehold. Hensyn til tilgjengelighet til viktige komponenter for inspeksjon og service kan redusere nedetiden betydelig.<\/p>\n<\/li>\n<\/ul>\n<p><img decoding=\"async\" src=\"https:\/\/www.hydraulic-cylinders.net\/wp-content\/uploads\/2025\/04\/songte-oil-pipes-and-spare-parts.webp\" alt=\"Hydrauliske deler og vedlikehold\" \/><\/p>\n<h2>Tetting og sm\u00f8ring<\/h2>\n<p>Riktig tetting og sm\u00f8ring er avgj\u00f8rende for levetiden til hydrauliske sylindere. Ulike tetninger, som stempeltetninger og stangtetninger, er laget av slitesterke materialer som polyuretan og nitrilgummi, som gir utmerket slitestyrke. De presisjonsmaskinerte overflatene p\u00e5 sylinderhuset og gjengede ender forbedrer holdbarheten og reduserer slitasje. Regelmessig sm\u00f8ring ved \u00e5 tilsette en tilstrekkelig mengde hydraulisk olje er n\u00f8dvendig for \u00e5 opprettholde optimal ytelse og forhindre t\u00f8rrkj\u00f8ring som kan f\u00f8re til for tidlig svikt.<\/p>\n<h2>Forebyggende vedlikeholdstiltak<\/h2>\n<ul>\n<li>\n<h3>Regelmessige inspeksjoner<\/h3>\n<p>\u00c5 utf\u00f8re rutinemessige inspeksjoner av de hydrauliske sylindrene for lekkasjer, slitasje og andre tegn p\u00e5 forringelse kan bidra til \u00e5 identifisere problemer f\u00f8r de blir alvorlige.<\/p>\n<\/li>\n<li>\n<h3>Riktig sm\u00f8ring<\/h3>\n<p>Det er avgj\u00f8rende \u00e5 opprettholde riktig sm\u00f8reniv\u00e5 og bruke riktig type hydraulisk olje for jevn drift og for \u00e5 minimere friksjon mellom bevegelige deler.<\/p>\n<\/li>\n<li>\n<h3>Utskifting av tetning<\/h3>\n<p>Regelmessig kontroll og utskifting av pakninger etter behov bidrar til \u00e5 opprettholde hydraulisk trykk og forhindre lekkasjer, noe som sikrer at systemet fungerer effektivt.<\/p>\n<\/li>\n<\/ul>\n<h2>Installasjonsretningslinjer<\/h2>\n<p>Proper installation of the boom cylinder is crucial for its performance and longevity. Begin by ensuring that the cylinder is properly aligned with the attachment points on the excavator. It is advisable to use appropriate mounting brackets to secure the cylinder firmly in place. Ensure that all hardware is tightened to the manufacturer\u2019s specifications to avoid any loosening during operation. Furthermore, check the hydraulic connections for leaks and confirm that the hydraulic oil is filled to the correct level before testing the cylinder\u2019s functionality. Always follow the manufacturer&#8217;s installation instructions closely to ensure optimal performance.<\/p>\n<h2>Vanlige vedlikeholdsoppgaver<\/h2>\n<ul>\n<li>\n<h3>Regelmessige kontroller<\/h3>\n<p>Conduct frequent checks on the hydraulic system&#8217;s pressure and performance. Monitoring for any irregularities ensures that minor issues are addressed promptly before leading to major failures.<\/p>\n<\/li>\n<li>\n<h3>Riktig sm\u00f8ring<\/h3>\n<p>S\u00f8rg for riktig sm\u00f8ring ved \u00e5 bruke hydraulikkolje av h\u00f8y kvalitet og p\u00e5f\u00f8re den med anbefalte intervaller for \u00e5 minimere slitasje p\u00e5 sylinderkomponentene.<\/p>\n<\/li>\n<li>\n<h3>Utskifting og kalibrering av tetning<\/h3>\n<p>Skift ut slitte pakninger regelmessig og utf\u00f8r kalibreringskontroller for \u00e5 opprettholde n\u00f8yaktigheten til de hydrauliske operasjonene. Dette vil forbedre systemets p\u00e5litelighet og effektivitet.<\/p>\n<\/li>\n<\/ul>\n<p><img decoding=\"async\" src=\"https:\/\/www.hydraulic-cylinders.net\/wp-content\/uploads\/2025\/04\/songte-chushion-collar.webp\" alt=\"Sylinderdemping\" \/><\/p>\n<h2>Sikkerhetshensyn og milj\u00f8faktorer<\/h2>\n<p>Ved bruk av hydrauliske sylindere er sikkerhetstiltak avgj\u00f8rende for \u00e5 beskytte personell og utstyr. S\u00f8rg alltid for at sikkerhetsvern er p\u00e5 plass og at operat\u00f8rer er oppl\u00e6rt i riktige h\u00e5ndteringsteknikker. Milj\u00f8faktorer som ekstreme temperaturer og eksponering for etsende stoffer b\u00f8r ogs\u00e5 vurderes, da de kan p\u00e5virke sylinderens ytelse og levetid. Regelmessig oppl\u00e6ring i sikkerhetsprotokoller og milj\u00f8bevissthet kan redusere risikoen for ulykker og utstyrsfeil betydelig.<\/p>\n<h2>Feildiagnose og vanlige problemer<\/h2>\n<ul>\n<li>\n<h3>Hydrauliske lekkasjer<\/h3>\n<p>Lekkasjer indikerer ofte slitte pakninger eller skadede komponenter. Inspiser systemet regelmessig for tegn p\u00e5 v\u00e6sketap, og h\u00e5ndter problemet raskt for \u00e5 forhindre driftsfeil.<\/p>\n<\/li>\n<li>\n<h3>Uregelmessig bevegelse<\/h3>\n<p>Hvis sylinderen beveger seg uregelmessig eller ikke reagerer, kan det skyldes lavt hydraulikkv\u00e6skeniv\u00e5 eller luft i systemet. Sjekk v\u00e6skeniv\u00e5ene og luft ut av r\u00f8rene for \u00e5 gjenopprette riktig funksjon.<\/p>\n<\/li>\n<li>\n<h3>Overoppheting<\/h3>\n<p>For h\u00f8y varme kan v\u00e6re et tegn p\u00e5 overbelastning eller utilstrekkelig sm\u00f8ring. S\u00f8rg for at sylinderen ikke utsettes for belastninger utover kapasiteten, og at riktig sm\u00f8ring opprettholdes.<\/p>\n<\/li>\n<\/ul>\n<h2>Tips for feils\u00f8king og forebyggende tiltak<\/h2>\n<p>For effektiv feildiagnose, loggf\u00f8r alle problemer og reparasjoner som er utf\u00f8rt p\u00e5 det hydrauliske systemet. Regelmessige vedlikeholdskontroller og umiddelbar oppmerksomhet mot tegn p\u00e5 slitasje kan redusere sannsynligheten for alvorlige problemer betraktelig. Implementering av en forebyggende vedlikeholdsplan som inkluderer rutinemessige inspeksjoner og service vil forbedre p\u00e5liteligheten og forlenge levetiden til bomsylinderen.<\/p>\n<p><img decoding=\"async\" src=\"https:\/\/www.hydraulic-cylinders.net\/wp-content\/uploads\/2025\/04\/songte-bushings-with-all-kinds-of-excavator-models.webp\" alt=\"Foringer for gravemaskiner\" \/><\/p>\n<h2>Introduksjon til selskapet<\/h2>\n<p>Vi er en ledende produsent av alternative hydrauliske sylindere, og tilbyr et omfattende utvalg av produkter som plasserer oss blant de ledende grossistene i b\u00e5de innenlandske og internasjonale markeder. Vi f\u00f8lger prinsippene om kvalitetssikring, og bruker en industriell produksjonsstrategi som vektlegger raffinerte produksjonsprosesser. V\u00e5rt selskap investerer i dyktig teknisk personell, toppmoderne digitalt produksjonsutstyr og spesialiserte testsystemer for kontinuerlig \u00e5 forbedre v\u00e5r produksjonskapasitet. Med sterk vekt p\u00e5 effektivitet, presisjon og kvalitet, er vi dedikert til \u00e5 m\u00f8te ulike kundebehov gjennom tilpassede l\u00f8sninger og robust ettersalgsst\u00f8tte.<\/p>\n<p><img decoding=\"async\" src=\"https:\/\/www.hydraulic-cylinders.net\/wp-content\/uploads\/2025\/04\/songte-company-4.webp\" alt=\"Selskapsoversikt\" \/><br \/>\n<img decoding=\"async\" src=\"https:\/\/www.hydraulic-cylinders.net\/wp-content\/uploads\/2025\/04\/songte-company-3.webp\" alt=\"Produksjonsanlegg\" \/><\/p>\n<p>Forfatter: lyl<\/p>","protected":false},"excerpt":{"rendered":"<p>Boom Cylinder For Kato Small Excavator HD512-3 Overview of Boom Cylinder The boom cylinder is an essential component in hydraulic systems, primarily designed to control the movement of buckets in various heavy machinery, such as excavators, backhoe loaders, and front loaders. This hydraulic cylinder enables the bucket to lift, lower, and tilt, facilitating material handling [&hellip;]<\/p>","protected":false},"featured_media":17872,"comment_status":"open","ping_status":"closed","template":"","meta":{"_et_pb_use_builder":"","_et_pb_old_content":"","_et_gb_content_width":""},"product_brand":[],"product_cat":[1546],"product_tag":[1547,1496],"class_list":{"0":"post-19744","1":"product","2":"type-product","3":"status-publish","4":"has-post-thumbnail","6":"product_cat-boom-cylinders","7":"product_tag-boom-cylinders","8":"product_tag-hydraulic-cylinders","10":"first","11":"instock","12":"shipping-taxable","13":"product-type-simple"},"amp_enabled":true,"_links":{"self":[{"href":"https:\/\/www.hydraulic-cylinders.net\/nb\/wp-json\/wp\/v2\/product\/19744","targetHints":{"allow":["GET"]}}],"collection":[{"href":"https:\/\/www.hydraulic-cylinders.net\/nb\/wp-json\/wp\/v2\/product"}],"about":[{"href":"https:\/\/www.hydraulic-cylinders.net\/nb\/wp-json\/wp\/v2\/types\/product"}],"replies":[{"embeddable":true,"href":"https:\/\/www.hydraulic-cylinders.net\/nb\/wp-json\/wp\/v2\/comments?post=19744"}],"wp:featuredmedia":[{"embeddable":true,"href":"https:\/\/www.hydraulic-cylinders.net\/nb\/wp-json\/wp\/v2\/media\/17872"}],"wp:attachment":[{"href":"https:\/\/www.hydraulic-cylinders.net\/nb\/wp-json\/wp\/v2\/media?parent=19744"}],"wp:term":[{"taxonomy":"product_brand","embeddable":true,"href":"https:\/\/www.hydraulic-cylinders.net\/nb\/wp-json\/wp\/v2\/product_brand?post=19744"},{"taxonomy":"product_cat","embeddable":true,"href":"https:\/\/www.hydraulic-cylinders.net\/nb\/wp-json\/wp\/v2\/product_cat?post=19744"},{"taxonomy":"product_tag","embeddable":true,"href":"https:\/\/www.hydraulic-cylinders.net\/nb\/wp-json\/wp\/v2\/product_tag?post=19744"}],"curies":[{"name":"wp","href":"https:\/\/api.w.org\/{rel}","templated":true}]}}