{"id":19746,"date":"2025-04-07T07:05:10","date_gmt":"2025-04-07T07:05:10","guid":{"rendered":"https:\/\/www.hydraulic-cylinders.net\/product\/boom-cylinder-for-kato-small-excavator-hd820r820v\/"},"modified":"2025-04-07T07:05:23","modified_gmt":"2025-04-07T07:05:23","slug":"boom-cylinder-for-kato-small-excavator-hd820r820v","status":"publish","type":"product","link":"https:\/\/www.hydraulic-cylinders.net\/nb\/produkt\/boom-cylinder-for-kato-small-excavator-hd820r820v\/","title":{"rendered":"Bom-sylinder for Kato liten gravemaskin HD820R820V"},"content":{"rendered":"<h1>Bom-sylinder for Kato liten gravemaskin HD820R820V<\/h1>\n<h2>Introduksjon til bomsylinder<\/h2>\n<p>Bom-sylinderen er en kritisk komponent i hydrauliske systemer, spesielt i tunge maskiner som gravemaskiner. Den spiller en viktig rolle i \u00e5 kontrollere bevegelsen til diverse redskaper, som skuffer, og forenkle l\u00f8fte-, senke- og tilteoperasjoner. Bom-sylinderen er spesielt utviklet for maskiner som den lille gravemaskinen Kato, og muliggj\u00f8r presise bevegelser som er essensielle for materialh\u00e5ndteringsoppgaver. Skuffe-sylinderen er en type hydraulisk sylinder som er avgj\u00f8rende for drift av gravemaskiner, gravemaskiner og frontlastere. Den lar skuffen utf\u00f8re handlinger som heving, senking og tilting, og forenkler dermed transport av materialer. Denne funksjonaliteten er viktig for effektiv drift i ulike bygg- og landbruksapplikasjoner.<\/p>\n<p><img decoding=\"async\" src=\"https:\/\/www.hydraulic-cylinders.net\/wp-content\/uploads\/2025\/04\/songte-company-1.webp\" alt=\"Bomcylinder for Kato liten gravemaskin\" \/><\/p>\n<h2>Funksjoner p\u00e5 bomsylinderen<\/h2>\n<ul>\n<li><strong>H\u00f8y styrke og holdbarhet:<\/strong> Denne bomsylinderen er konstruert av h\u00f8yfast st\u00e5l eller aluminium, og t\u00e5ler h\u00f8yt trykk og tunge belastninger, noe som gj\u00f8r den egnet for t\u00f8ffe arbeidsmilj\u00f8er. Designet tar hensyn til slitestyrke og korrosjonsbestandighet, noe som forlenger levetiden betydelig.<\/li>\n<li><strong>Effektiv hydraulisk drift:<\/strong> Bom-sylinderen bruker hydraulisk oljetrykk for \u00e5 oppn\u00e5 jevn forlengelse og inntrekking, noe som gir rask respons p\u00e5 kontrollkommandoer og leverer kraftige skyve- og trekkkrefter, ideelt for h\u00e5ndtering av tunge og komplekse oppgaver.<\/li>\n<li><strong>Ulike typer:<\/strong> Bom-sylinderen er tilgjengelig i enkeltvirkende (opererer i \u00e9n retning) eller dobbeltvirkende (opererer i begge retninger) konfigurasjoner, og kan dekke ulike driftsbehov. Noen modeller er teleskopiske, noe som gir st\u00f8rre forlengelse uten \u00e5 \u00f8ke den utvendige st\u00f8rrelsen, perfekt for bruksomr\u00e5der med begrenset plass.<\/li>\n<li><strong>Tilpasset produksjon:<\/strong> Vi produserer dette produktet med presisjon, slik at sylinderene v\u00e5re kan erstatte eksisterende hydrauliske sylindere perfekt, og tilbyr overlegen ytelse og p\u00e5litelighet.<\/li>\n<\/ul>\n<p><img decoding=\"async\" src=\"https:\/\/www.hydraulic-cylinders.net\/wp-content\/uploads\/2025\/04\/songte-cylinder-head-with-all-kinds-excavator-models.webp\" alt=\"Hydrauliske sylinderalternativer\" \/><\/p>\n<h2>Bruksscenarier for bomsylinder<\/h2>\n<h3>Anleggsutstyr<\/h3>\n<p>I gravemaskiner er bomsylindre avgj\u00f8rende for graving, lasting og flytting av jord eller avfall. De muliggj\u00f8r ikke bare gravefunksjonaliteten, men hjelper ogs\u00e5 til med l\u00f8fteoperasjoner, slik at maskinen kan yte effektivt i krevende anleggsoppgaver. Evnen til \u00e5 kontrollere skuffens posisjon n\u00f8yaktig bidrar til forbedret driftseffektivitet og sikkerhet p\u00e5 stedet.<\/p>\n<h3>Landbruksmaskiner<\/h3>\n<p>I frontlastere spiller bomsylindre en avgj\u00f8rende rolle i utgraving, l\u00f8fting og transport av jord, h\u00f8y og annet materiale. Den robuste designen sikrer at de kan h\u00e5ndtere de strenge kravene til landbruksarbeid samtidig som de opprettholder effektiviteten, noe som er viktig for b\u00f8nder som er avhengige av disse maskinene for produktivitet.<\/p>\n<h3>Gravemaskiner<\/h3>\n<p>Skuffesylinderen gj\u00f8r det mulig for gravemaskiner \u00e5 trenge effektivt ned i jorden, noe som forenkler graveprosessen. Denne funksjonaliteten er viktig for graveprosjekter der presisjon og kraft er n\u00f8dvendig for \u00e5 flytte store mengder jord eller rusk raskt.<\/p>\n<h3>Lastere<\/h3>\n<p>I frontlastere hjelper bomsylindrene med \u00e5 l\u00f8fte og dumpe last effektivt. Det hydrauliske systemets responsivitet lar f\u00f8rere kontrollere lastens bevegelse n\u00f8yaktig, noe som forbedrer produktiviteten p\u00e5 stedet og reduserer risikoen for ulykker.<\/p>\n<h2>Designhensyn og utvalgskriterier<\/h2>\n<h3>Lastekapasitet<\/h3>\n<p>Lastekapasiteten til en bomsylinder er en kritisk designhensyn. Den m\u00e5 v\u00e6re tilstrekkelig klassifisert til \u00e5 h\u00e5ndtere den maksimale forventede lasten uten at det g\u00e5r p\u00e5 bekostning av sikkerhet eller ytelse. Ingeni\u00f8rer m\u00e5 evaluere maskinens spesifikasjoner og oppgavene den er ment \u00e5 utf\u00f8re for \u00e5 velge en sylinder som gir n\u00f8dvendig kraft og stabilitet.<\/p>\n<h3>Tetningsytelse<\/h3>\n<p>Effektiv tetting er avgj\u00f8rende for \u00e5 forhindre lekkasjer av hydraulisk v\u00e6ske, noe som kan f\u00f8re til ineffektivitet og sikkerhetsfarer. Valg av tetningsl\u00f8sninger av h\u00f8y kvalitet, inkludert stempeltetninger og stangtetninger, er avgj\u00f8rende for \u00e5 sikre optimal ytelse og levetid for det hydrauliske systemet.<\/p>\n<h3>Varighet<\/h3>\n<p>Holdbarhet er en n\u00f8kkelfaktor i utformingen av bomsylindere. De m\u00e5 kunne t\u00e5le p\u00e5kjenningene ved tunge maskiner, inkludert eksponering for t\u00f8ffe milj\u00f8er og tunge belastninger. Materialer b\u00f8r velges for \u00e5 motst\u00e5 slitasje og korrosjon, noe som sikrer lang levetid selv under utfordrende forhold.<\/p>\n<h3>Sikkerhetsfunksjoner<\/h3>\n<p>Sikkerhet er avgj\u00f8rende n\u00e5r man designer hydrauliske sylindere. \u00c5 inkludere funksjoner som trykkavlastningsventiler og robuste monteringssystemer kan forhindre ulykker og sikre f\u00f8rerens sikkerhet under bruk av maskineriet. Regelmessig vedlikehold og overholdelse av sikkerhetsstandarder er ogs\u00e5 avgj\u00f8rende for driftssikkerheten.<\/p>\n<h3>Vedlikeholdstilgjengelighet<\/h3>\n<p>Designere b\u00f8r vurdere enkelt vedlikehold n\u00e5r de lager bomsylindere. Dette inkluderer \u00e5 s\u00f8rge for at tetninger og andre komponenter er lett tilgjengelige for inspeksjon og utskifting. En godt designet sylinder kan redusere nedetid og vedlikeholdskostnader betraktelig, noe som forbedrer den totale produktiviteten.<\/p>\n<p><img decoding=\"async\" src=\"https:\/\/www.hydraulic-cylinders.net\/wp-content\/uploads\/2025\/04\/songte-oil-pipes-and-spare-parts.webp\" alt=\"Deler til vedlikehold av hydrauliske sylindere\" \/><\/p>\n<h2>Tetting og sm\u00f8ring av den hydrauliske sylinderen<\/h2>\n<p>Tetting og sm\u00f8ring av hydrauliske sylindere er avgj\u00f8rende for \u00e5 opprettholde optimal ytelse. Ulike tetningselementer, som stempeltetninger og stangtetninger, brukes for \u00e5 forhindre lekkasjer og forurensning. Tetninger laget av slitesterke materialer som polyuretan og nitrilgummi er foretrukket p\u00e5 grunn av sin slitestyrke. I tillegg er sylinderhuset og gjengede ender finmaskinert for \u00e5 forbedre holdbarheten. Regelmessig sm\u00f8ring med hydraulikkolje er n\u00f8dvendig for \u00e5 sikre jevn drift og forhindre slitasje over tid.<\/p>\n<h2>Forebyggende vedlikeholdstiltak<\/h2>\n<ul>\n<li><strong>Regelmessige inspeksjoner:<\/strong> Utf\u00f8r rutinekontroller for \u00e5 identifisere tegn p\u00e5 slitasje eller skade. Tidlig oppdagelse kan forhindre st\u00f8rre feil og forlenge sylinderens levetid.<\/li>\n<li><strong>Sm\u00f8ring:<\/strong> S\u00f8rg for at hydraulikkoljeniv\u00e5ene opprettholdes og at sm\u00f8ring p\u00e5f\u00f8res tilstrekkelig for \u00e5 minimere friksjon og slitasje.<\/li>\n<li><strong>Utskifting av tetning:<\/strong> Overv\u00e5k pakningene for tegn p\u00e5 slitasje og skift dem ut etter behov for \u00e5 forhindre v\u00e6skelekkasjer og sikre effektivitet.<\/li>\n<\/ul>\n<h2>Installasjonsretningslinjer<\/h2>\n<p>Riktig installasjon av bomsylinderen er avgj\u00f8rende for dens ytelse og levetid. Begynn med \u00e5 s\u00f8rge for at alle monteringsflater er rene og fri for rusk. Bruk passende installasjonsbraketter for \u00e5 feste sylinderen godt. Juster sylinderen riktig for \u00e5 unng\u00e5 belastning p\u00e5 komponentene, og s\u00f8rg for at den fungerer problemfritt uten hindringer. Etter installasjon, dobbeltsjekk alle tilkoblinger for lekkasjer og riktig funksjon f\u00f8r du tar maskineriet i bruk.<\/p>\n<h2>Vanlige vedlikeholdsoppgaver<\/h2>\n<ul>\n<li><strong>Regelmessige inspeksjoner:<\/strong> Planlegg rutinemessige inspeksjoner for \u00e5 oppdage potensielle problemer tidlig. Dette inkluderer \u00e5 sjekke for lekkasjer, sikre riktig justering og verifisere integriteten til tetninger og koblinger.<\/li>\n<li><strong>Riktig sm\u00f8ring:<\/strong> Oppretthold tilstrekkelig hydraulikkoljeniv\u00e5 og sm\u00f8r alle bevegelige deler som anbefalt. Dette er avgj\u00f8rende for \u00e5 redusere slitasje og sikre problemfri drift.<\/li>\n<li><strong>Utskifting av tetninger og kalibreringskontroller:<\/strong> Skift ut pakninger som viser tegn til forringelse og utf\u00f8r kalibreringskontroller for \u00e5 sikre at sylinderen fungerer innenfor spesifiserte parametere. Riktig justering er avgj\u00f8rende for \u00e5 opprettholde optimal ytelse.<\/li>\n<\/ul>\n<p><img decoding=\"async\" src=\"https:\/\/www.hydraulic-cylinders.net\/wp-content\/uploads\/2025\/04\/songte-chushion-collar.webp\" alt=\"Riktig installasjon av hydraulisk sylinder\" \/><\/p>\n<h2>Sikkerhetshensyn og milj\u00f8faktorer<\/h2>\n<p>Det er av st\u00f8rste betydning \u00e5 implementere sikkerhetstiltak ved bruk av hydrauliske komponenter. Operat\u00f8rer b\u00f8r v\u00e6re oppl\u00e6rt i sikker h\u00e5ndteringspraksis og v\u00e6re klar over maskineriets driftsbegrensninger. I tillegg b\u00f8r det tas hensyn til milj\u00f8p\u00e5virkningen av hydrauliske v\u00e6sker og avhending av avfallsmaterialer for \u00e5 oppfylle forskriftskrav og beskytte milj\u00f8et.<\/p>\n<h2>Feils\u00f8king og vanlige problemer<\/h2>\n<ul>\n<li><strong>Lekkasje:<\/strong> Vanlige \u00e5rsaker til lekkasjer inkluderer slitte tetninger eller skadede komponenter. Inspiser tetningene og skift dem ut etter behov for \u00e5 gjenopprette funksjonaliteten.<\/li>\n<li><strong>Tap av str\u00f8m:<\/strong> Hvis bomsylinderen ikke reagerer som forventet, sjekk niv\u00e5ene p\u00e5 hydraulikkv\u00e6sken og potensielle blokkeringer i systemet.<\/li>\n<li><strong>Overoppheting:<\/strong> Overv\u00e5k temperaturen p\u00e5 hydrauliske v\u00e6sker; for h\u00f8y varme kan indikere behov for bedre kj\u00f8ling eller kontroll av v\u00e6skeniv\u00e5er.<\/li>\n<\/ul>\n<h2>Tips for feilh\u00e5ndtering<\/h2>\n<p>For \u00e5 effektivt diagnostisere og l\u00f8se problemer med bomsylinderen, b\u00f8r operat\u00f8rer f\u00f8lge en systematisk tiln\u00e6rming: f\u00f8rst identifisere symptomene p\u00e5 problemet, deretter vurdere det hydrauliske systemet for potensielle \u00e5rsaker, som v\u00e6skelekkasjer eller blokkeringer. Forebyggende tiltak b\u00f8r iverksettes for \u00e5 minimere risikoer, inkludert regelmessig vedlikehold og overholdelse av driftsretningslinjer.<\/p>\n<p><img decoding=\"async\" src=\"https:\/\/www.hydraulic-cylinders.net\/wp-content\/uploads\/2025\/04\/songte-bushings-with-all-kinds-of-excavator-models.webp\" alt=\"Feils\u00f8king av hydrauliske sylindere\" \/><\/p>\n<h2>Om selskapet v\u00e5rt<\/h2>\n<p>Vi er en ledende produsent og grossistdistribut\u00f8r av hydrauliske sylindere for utskifting, og tilbyr et omfattende utvalg av produkter. V\u00e5r forpliktelse til kvalitet og produksjonsprosesser har posisjonert oss som en fremtredende akt\u00f8r i b\u00e5de nasjonale og internasjonale markeder. Vi benytter en raffinert produksjonsstyringsstrategi, og bruker dyktig teknisk personell, avansert digitalt produksjonsutstyr og profesjonelle testsystemer for \u00e5 forbedre produksjonsplattformen v\u00e5r. V\u00e5re evner lar oss m\u00f8te ulike kundebehov med h\u00f8y effektivitet, presisjon og kvalitet.<\/p>\n<p><img decoding=\"async\" src=\"https:\/\/www.hydraulic-cylinders.net\/wp-content\/uploads\/2025\/04\/songte-company-4.webp\" alt=\"Selskapsoversikt\" \/><br \/>\n<img decoding=\"async\" src=\"https:\/\/www.hydraulic-cylinders.net\/wp-content\/uploads\/2025\/04\/songte-company-3.webp\" alt=\"Produksjonsanlegg\" \/><\/p>\n<p>Forfatter: lyl<\/p>","protected":false},"excerpt":{"rendered":"<p>Boom Cylinder For Kato Small Excavator HD820R820V Introduction to Boom Cylinder The boom cylinder is a critical component in hydraulic systems, especially in heavy machinery like excavators. It plays a vital role in controlling the movement of various attachments, such as buckets, facilitating lifting, lowering, and tilting operations. Designed specifically for machines like the Kato [&hellip;]<\/p>","protected":false},"featured_media":17874,"comment_status":"open","ping_status":"closed","template":"","meta":{"_et_pb_use_builder":"","_et_pb_old_content":"","_et_gb_content_width":""},"product_brand":[],"product_cat":[1546],"product_tag":[1547,1496],"class_list":{"0":"post-19746","1":"product","2":"type-product","3":"status-publish","4":"has-post-thumbnail","6":"product_cat-boom-cylinders","7":"product_tag-boom-cylinders","8":"product_tag-hydraulic-cylinders","10":"first","11":"instock","12":"shipping-taxable","13":"product-type-simple"},"amp_enabled":true,"_links":{"self":[{"href":"https:\/\/www.hydraulic-cylinders.net\/nb\/wp-json\/wp\/v2\/product\/19746","targetHints":{"allow":["GET"]}}],"collection":[{"href":"https:\/\/www.hydraulic-cylinders.net\/nb\/wp-json\/wp\/v2\/product"}],"about":[{"href":"https:\/\/www.hydraulic-cylinders.net\/nb\/wp-json\/wp\/v2\/types\/product"}],"replies":[{"embeddable":true,"href":"https:\/\/www.hydraulic-cylinders.net\/nb\/wp-json\/wp\/v2\/comments?post=19746"}],"wp:featuredmedia":[{"embeddable":true,"href":"https:\/\/www.hydraulic-cylinders.net\/nb\/wp-json\/wp\/v2\/media\/17874"}],"wp:attachment":[{"href":"https:\/\/www.hydraulic-cylinders.net\/nb\/wp-json\/wp\/v2\/media?parent=19746"}],"wp:term":[{"taxonomy":"product_brand","embeddable":true,"href":"https:\/\/www.hydraulic-cylinders.net\/nb\/wp-json\/wp\/v2\/product_brand?post=19746"},{"taxonomy":"product_cat","embeddable":true,"href":"https:\/\/www.hydraulic-cylinders.net\/nb\/wp-json\/wp\/v2\/product_cat?post=19746"},{"taxonomy":"product_tag","embeddable":true,"href":"https:\/\/www.hydraulic-cylinders.net\/nb\/wp-json\/wp\/v2\/product_tag?post=19746"}],"curies":[{"name":"wp","href":"https:\/\/api.w.org\/{rel}","templated":true}]}}