{"id":20133,"date":"2025-05-09T08:57:03","date_gmt":"2025-05-09T08:57:03","guid":{"rendered":"https:\/\/www.hydraulic-cylinders.net\/?post_type=product&#038;p=20133"},"modified":"2025-05-12T05:30:01","modified_gmt":"2025-05-12T05:30:01","slug":"spring-hydraulic-cylinders-for-crawler-crane","status":"publish","type":"product","link":"https:\/\/www.hydraulic-cylinders.net\/nb\/produkt\/spring-hydraulic-cylinders-for-crawler-crane\/","title":{"rendered":"Fj\u00e6rhydrauliske sylindere for beltekran"},"content":{"rendered":"<h1 style=\"text-align: center;\"><strong>Fj\u00e6rhydrauliske sylindere for beltekran<\/strong><\/h1>\n<p><img loading=\"lazy\" decoding=\"async\" class=\"wp-image-20134 aligncenter\" src=\"https:\/\/www.hydraulic-cylinders.net\/wp-content\/uploads\/2025\/05\/spring-hydraulic-cylinders-for-crawler-crane-scaled.webp\" alt=\"Fj\u00e6rhydraulisk sylinder for beltekran\" width=\"500\" height=\"500\" \/><\/p>\n<section id=\"introduction\">Den fj\u00e6rhydrauliske sylinderen for beltekran fra Ever-Power Huachang Hydraulic er en robust fj\u00e6rretursylinder designet for beltekranoperasjoner, kompatibel med ulike modeller. Denne hydrauliske sylinderen for beltekran forbedrer l\u00f8fteeffektiviteten med fj\u00e6rmekanismen, noe som sikrer p\u00e5litelig ytelse i bygg- og anleggsvirksomhet, gruvedrift og tunge industrielle oppgaver. Beltekransylinderen er konstruert for holdbarhet og tilbyr en kraftig hydraulisk sylinderl\u00f8sning for krevende milj\u00f8er.<\/section>\n<section id=\"specifications\">\n<h2><strong>Tekniske spesifikasjoner:<\/strong><\/h2>\n<p><img loading=\"lazy\" decoding=\"async\" class=\"aligncenter wp-image-20129 size-full\" src=\"https:\/\/www.hydraulic-cylinders.net\/wp-content\/uploads\/2025\/05\/truss-arm-crawler-crane-hydraulic-cylinders.webp\" alt=\"Hydraulisk sylinder for beltekran\" width=\"640\" height=\"358\" srcset=\"https:\/\/www.hydraulic-cylinders.net\/wp-content\/uploads\/2025\/05\/truss-arm-crawler-crane-hydraulic-cylinders.webp 640w, https:\/\/www.hydraulic-cylinders.net\/wp-content\/uploads\/2025\/05\/truss-arm-crawler-crane-hydraulic-cylinders-480x269.webp 480w\" sizes=\"(min-width: 0px) and (max-width: 480px) 480px, (min-width: 481px) 640px, 100vw\" \/><\/p>\n<ul>\n<li>\n<p class=\"ds-markdown-paragraph\"><strong>Funksjon<\/strong>Buffereffekt<\/p>\n<\/li>\n<li>\n<p class=\"ds-markdown-paragraph\"><strong>Sylinderdiameter<\/strong>: 50 mm \u2013 63 mm (justerbar eller med dobbel boring)<\/p>\n<\/li>\n<li>\n<p class=\"ds-markdown-paragraph\"><strong>Stangdiameter<\/strong>: 32 mm<\/p>\n<\/li>\n<li>\n<p class=\"ds-markdown-paragraph\"><strong>Reise<\/strong>: 25 mm \u2013 60 mm (35 mm total slaglengde)<\/p>\n<\/li>\n<li>\n<p class=\"ds-markdown-paragraph\"><strong>Maksimalt trykk<\/strong>: 6 MPa<\/p>\n<\/li>\n<li>\n<p class=\"ds-markdown-paragraph\"><strong>Maksimal skyvekraft<\/strong>: 19 kN<\/p>\n<\/li>\n<\/ul>\n<\/section>\n<section id=\"features\">\n<h2><strong>Viktige funksjoner for fj\u00e6rhydraulisk sylinder for beltekran:<\/strong><\/h2>\n<ul>\n<li><strong>Avansert fj\u00e6rreturdesign:<\/strong>\u00a0Den fj\u00e6rhydrauliske sylinderen for beltekran har en fj\u00e6rretursylinder som sikrer rask tilbaketrekking, noe som forbedrer beltekransylinderens effektivitet under tunge l\u00f8fteoperasjoner.<\/li>\n<li><strong>Robust holdbarhet:<\/strong>\u00a0Denne hydrauliske sylinderen for beltekran er bygget med h\u00f8yfast st\u00e5l og et korrosjonsbestandig belegg, og t\u00e5ler t\u00f8ffe forhold som st\u00f8vete steder og fuktig klima, noe som gj\u00f8r den til en p\u00e5litelig, kraftig hydraulisk sylinder.<\/li>\n<li><strong>Tilpassbar ytelse:<\/strong>\u00a0Med justerbar slaglengde og fj\u00e6rkraft tilpasser beltekransylinderen med fj\u00e6rmekanisme seg spesifikke l\u00f8ftebehov, og optimaliserer den hydrauliske sylinderen for beltekranoperasjoner.<\/li>\n<li><strong>Lav vedlikeholdseffektivitet:<\/strong>\u00a0Denne fj\u00e6rretursylinderen er utstyrt med avanserte tetninger, minimerer slitasje, noe som reduserer vedlikeholdskostnader for belteg\u00e5ende kraner og tilbyr en slitesterk, kraftig fj\u00e6rhydraulisk sylinder for kraner.<\/li>\n<\/ul>\n<\/section>\n<section id=\"applications\">\n<h2><strong>Bruksomr\u00e5der for fj\u00e6rhydraulisk sylinder for beltekran:<\/strong><\/h2>\n<p><img loading=\"lazy\" decoding=\"async\" class=\"alignnone size-full wp-image-20137\" src=\"https:\/\/www.hydraulic-cylinders.net\/wp-content\/uploads\/2025\/05\/spring-hydraulic-cylinder-for-crawler-crane-application.webp\" alt=\"\" width=\"1082\" height=\"612\" srcset=\"https:\/\/www.hydraulic-cylinders.net\/wp-content\/uploads\/2025\/05\/spring-hydraulic-cylinder-for-crawler-crane-application.webp 1082w, https:\/\/www.hydraulic-cylinders.net\/wp-content\/uploads\/2025\/05\/spring-hydraulic-cylinder-for-crawler-crane-application-980x554.webp 980w, https:\/\/www.hydraulic-cylinders.net\/wp-content\/uploads\/2025\/05\/spring-hydraulic-cylinder-for-crawler-crane-application-480x271.webp 480w\" sizes=\"(min-width: 0px) and (max-width: 480px) 480px, (min-width: 481px) and (max-width: 980px) 980px, (min-width: 981px) 1082px, 100vw\" \/><\/p>\n<ul>\n<li><strong>Byggeplasser:<\/strong>\u00a0Den fj\u00e6rhydrauliske sylinderen for belteg\u00e5ende kraner utmerker seg i konstruksjon, og gir en fj\u00e6rretursylinder for tung l\u00f8fting av st\u00e5lbjelker og betongplater med presis sylinderkontroll for belteg\u00e5ende kraner.<\/li>\n<li><strong>Gruvedrift:<\/strong>\u00a0Denne hydrauliske sylinderen for beltekrandrift er konstruert for gruvedrift, og sikrer stabil l\u00f8fting av malm og utstyr, st\u00f8ttet av en kraftig fj\u00e6rhydraulisk sylinder for kraner i ulendt terreng.<\/li>\n<li><strong>Industrielle prosjekter:<\/strong>\u00a0Beltekransylinderen med fj\u00e6rmekanisme er ideell for industrielle omgivelser, og forenkler sikker lasth\u00e5ndtering i fabrikker, og forbedrer effektiviteten med en p\u00e5litelig fj\u00e6rhydraulisk sylinder.<\/li>\n<\/ul>\n<\/section>\n<section id=\"explore-more\">\n<h2><strong>Utforsk flere sylindere for beltekraner:<\/strong><\/h2>\n<p>Vi tilbyr ogs\u00e5 en rekke andre sylindere for beltekraner for \u00e5 dekke ulike l\u00f8ftebehov. Enten du trenger en hydraulisk sylinder for beltekranoperasjoner eller en kraftig fj\u00e6rhydraulisk sylinder for kraner, har Ever-Power Huachang Hydraulic l\u00f8sningen. Sjekk ut hele utvalget v\u00e5rt av <a href=\"https:\/\/www.hydraulic-cylinders.net\/nb\/mobile-crane-hydraulic-cylinders\/\">sylindere for beltekraner<\/a>.<\/p>\n<h2><strong>Hvordan forbedrer fj\u00e6rmekanismen i den hydrauliske fj\u00e6rsylinderen for beltekran l\u00f8fteoperasjonene?<\/strong><\/h2>\n<p dir=\"auto\">Fj\u00e6rmekanismen i den fj\u00e6rhydrauliske sylinderen for beltekran forbedrer l\u00f8fteoperasjonene betydelig ved \u00e5 sikre rask og p\u00e5litelig tilbaketrekking, noe som optimaliserer effektiviteten til beltekransylinderens ytelse i krevende bruksomr\u00e5der som bygg og anlegg og gruvedrift. I motsetning til tradisjonelle hydrauliske sylindere integrerer fj\u00e6rretursylinderdesignet en robust fj\u00e6r som automatisk trekker stempelet tilbake etter arbeidsslaget, noe som eliminerer behovet for eksterne krefter eller ekstra hydraulisk trykk for \u00e5 returnere sylinderen til sin opprinnelige posisjon.<\/p>\n<p dir=\"auto\">Denne funksjonen er spesielt fordelaktig i hydrauliske sylindere for beltekranoperasjoner, der hyppige l\u00f8ftesykluser er vanlige, ettersom den reduserer nedetid mellom l\u00f8ft og forbedrer driftsgjennomstr\u00f8mningen. I tillegg minimerer fj\u00e6rmekanismen i denne kraftige hydrauliske sylinderen energiforbruket ved \u00e5 utnytte mekanisk fj\u00e6rkraft for tilbaketrekking, noe som gj\u00f8r den til en milj\u00f8vennlig og kostnadseffektiv l\u00f8sning for tunge l\u00f8fteoppgaver.<\/p>\n<p dir=\"auto\">Beltekransylinderen med fj\u00e6rmekanisme forbedrer ogs\u00e5 sikkerheten ved \u00e5 sikre jevn tilbaketrekking selv under varierende belastningsforhold, noe som forhindrer potensiell feiljustering eller overforlengelse under kranoperasjoner. Den fj\u00e6rhydrauliske sylinderen for beltekran er produsert med h\u00f8yfast st\u00e5l og avansert tetningsteknologi, og opprettholder holdbarhet og lekkasjefri ytelse, selv i t\u00f8ffe milj\u00f8er som st\u00f8vete steder eller fuktige kystomr\u00e5der. Dette sikrer langsiktig p\u00e5litelighet for en kraftig fj\u00e6rhydraulisk sylinder for kraner.<\/p>\n<\/section>\n<section id=\"company-introduction\">\n<h2><strong>Om Ever-Power Huachang Hydraulic:<\/strong><\/h2>\n<h2><img loading=\"lazy\" decoding=\"async\" class=\"alignnone size-full wp-image-16972\" src=\"https:\/\/www.hydraulic-cylinders.net\/wp-content\/uploads\/2025\/01\/hydraulic-cylinder-factory-1-scaled.webp\" alt=\"\" width=\"2016\" height=\"2560\" srcset=\"https:\/\/www.hydraulic-cylinders.net\/wp-content\/uploads\/2025\/01\/hydraulic-cylinder-factory-1-scaled.webp 2016w, https:\/\/www.hydraulic-cylinders.net\/wp-content\/uploads\/2025\/01\/hydraulic-cylinder-factory-1-1280x1625.webp 1280w, https:\/\/www.hydraulic-cylinders.net\/wp-content\/uploads\/2025\/01\/hydraulic-cylinder-factory-1-980x1244.webp 980w, https:\/\/www.hydraulic-cylinders.net\/wp-content\/uploads\/2025\/01\/hydraulic-cylinder-factory-1-480x610.webp 480w\" sizes=\"(min-width: 0px) and (max-width: 480px) 480px, (min-width: 481px) and (max-width: 980px) 980px, (min-width: 981px) and (max-width: 1280px) 1280px, (min-width: 1281px) 2016px, 100vw\" \/><\/h2>\n<p>Vi kan skryte av en toppmoderne uavhengig FoU-plattform dedikert til montering, noe som sikrer innovasjon og kvalitet p\u00e5 toppniv\u00e5 i v\u00e5re produksjonsprosesser. V\u00e5rt produksjonsverksted for gaffeltrucksylindere har fire halvautomatiske l\u00f8ftesylindermonteringslinjer og en helautomatisk vippesylindermonteringslinje, som til sammen er designet for \u00e5 produsere opptil \u00e9n million enheter \u00e5rlig.<\/p>\n<p>Maskineringsverkstedet v\u00e5rt har skreddersydde dreiesentre for styreskinne, maskineringssentre, h\u00f8yhastighets honemaskiner, sveiseroboter og annet viktig utstyr. Dette oppsettet lar oss h\u00e5ndtere maskinering av sylinderr\u00f8r med en maksimal indre diameter p\u00e5 400 mm og lengder p\u00e5 opptil 6 meter, noe som ytterligere forbedrer produksjonskapasiteten v\u00e5r.<\/p>\n<h2><img loading=\"lazy\" decoding=\"async\" class=\"alignnone size-full wp-image-16973\" src=\"https:\/\/www.hydraulic-cylinders.net\/wp-content\/uploads\/2025\/01\/hydraulic-cylinder-factory-2-scaled.webp\" alt=\"\" width=\"2011\" height=\"2560\" srcset=\"https:\/\/www.hydraulic-cylinders.net\/wp-content\/uploads\/2025\/01\/hydraulic-cylinder-factory-2-scaled.webp 2011w, https:\/\/www.hydraulic-cylinders.net\/wp-content\/uploads\/2025\/01\/hydraulic-cylinder-factory-2-1280x1629.webp 1280w, https:\/\/www.hydraulic-cylinders.net\/wp-content\/uploads\/2025\/01\/hydraulic-cylinder-factory-2-980x1248.webp 980w, https:\/\/www.hydraulic-cylinders.net\/wp-content\/uploads\/2025\/01\/hydraulic-cylinder-factory-2-480x611.webp 480w\" sizes=\"(min-width: 0px) and (max-width: 480px) 480px, (min-width: 481px) and (max-width: 980px) 980px, (min-width: 981px) and (max-width: 1280px) 1280px, (min-width: 1281px) 2011px, 100vw\" \/><\/h2>\n<p>Vi driver en helautomatisk vannbasert malingslinje spesielt utviklet for sm\u00e5 og mellomstore sylindere, med automatiserte laste-, losse- og spr\u00f8yteroboter. Dette toppmoderne systemet har en produksjonskapasitet p\u00e5 4000 enheter per skift. I tillegg har vi en halvautomatisk lakkeringslinje for store sylindere, drevet av en kjededrift, med en designkapasitet p\u00e5 60 kasser per skift.<\/p>\n<p>For \u00e5 sikre sikkerheten til v\u00e5re hydrauliske systemer implementerer vi dessuten tilstandsoverv\u00e5king for viktige ytelsesparametere, inkludert oljetemperatur, v\u00e6skeniv\u00e5 og status for filterenheter. V\u00e5rt teststativ for hydrauliske sylindere kan vurdere \u00ablasteffektivitet\u00bb og \u00abintern lekkasje\u00bb gjennom presise avlesninger. Det er ogs\u00e5 utstyrt med et gitterlinjalm\u00e5leinstrument som oppfyller nasjonale standarder, noe som sikrer samsvar med alle testkrav for hydrauliske sylinderprodukter.<\/p>\n<p>Den fj\u00e6rhydrauliske sylinderen for beltekran viser v\u00e5r dedikasjon til kvalitet og ytelse, og er designet som en kraftig hydraulisk sylinder for beltekranoperasjoner, spesielt for modeller fra Liebherr, Manitowoc og Kobelco. Produktene v\u00e5re er stolte av store utstyrsprodusenter over hele verden, og har opparbeidet seg et sterkt rykte for p\u00e5litelighet, med Ever-Power Huachang Hydraulic anerkjent som en leder innen produksjon av hydrauliske sylindere.<\/p>\n<\/section>","protected":false},"excerpt":{"rendered":"<p>Spring Hydraulic Cylinders for Crawler Crane The spring hydraulic cylinder for crawler crane from ever-power huachang hydraulic is a robust spring-return cylinder designed for crawler crane operations, compatible with various models. This hydraulic cylinder for crawler crane enhances lifting efficiency with its spring mechanism, ensuring reliable performance in construction, mining, and heavy industrial tasks. Engineered [&hellip;]<\/p>","protected":false},"featured_media":20135,"comment_status":"open","ping_status":"closed","template":"","meta":{"_et_pb_use_builder":"","_et_pb_old_content":"","_et_gb_content_width":""},"product_brand":[],"product_cat":[1376],"product_tag":[],"class_list":{"0":"post-20133","1":"product","2":"type-product","3":"status-publish","4":"has-post-thumbnail","6":"product_cat-hydraulic-cylinder","8":"first","9":"instock","10":"shipping-taxable","11":"product-type-simple"},"amp_enabled":true,"_links":{"self":[{"href":"https:\/\/www.hydraulic-cylinders.net\/nb\/wp-json\/wp\/v2\/product\/20133","targetHints":{"allow":["GET"]}}],"collection":[{"href":"https:\/\/www.hydraulic-cylinders.net\/nb\/wp-json\/wp\/v2\/product"}],"about":[{"href":"https:\/\/www.hydraulic-cylinders.net\/nb\/wp-json\/wp\/v2\/types\/product"}],"replies":[{"embeddable":true,"href":"https:\/\/www.hydraulic-cylinders.net\/nb\/wp-json\/wp\/v2\/comments?post=20133"}],"wp:featuredmedia":[{"embeddable":true,"href":"https:\/\/www.hydraulic-cylinders.net\/nb\/wp-json\/wp\/v2\/media\/20135"}],"wp:attachment":[{"href":"https:\/\/www.hydraulic-cylinders.net\/nb\/wp-json\/wp\/v2\/media?parent=20133"}],"wp:term":[{"taxonomy":"product_brand","embeddable":true,"href":"https:\/\/www.hydraulic-cylinders.net\/nb\/wp-json\/wp\/v2\/product_brand?post=20133"},{"taxonomy":"product_cat","embeddable":true,"href":"https:\/\/www.hydraulic-cylinders.net\/nb\/wp-json\/wp\/v2\/product_cat?post=20133"},{"taxonomy":"product_tag","embeddable":true,"href":"https:\/\/www.hydraulic-cylinders.net\/nb\/wp-json\/wp\/v2\/product_tag?post=20133"}],"curies":[{"name":"wp","href":"https:\/\/api.w.org\/{rel}","templated":true}]}}