{"id":20179,"date":"2025-05-12T03:33:34","date_gmt":"2025-05-12T03:33:34","guid":{"rendered":"https:\/\/www.hydraulic-cylinders.net\/?post_type=product&#038;p=20179"},"modified":"2025-05-12T05:20:15","modified_gmt":"2025-05-12T05:20:15","slug":"counterweight-hydraulic-cylinders-for-car-crane","status":"publish","type":"product","link":"https:\/\/www.hydraulic-cylinders.net\/nb\/produkt\/counterweight-hydraulic-cylinders-for-car-crane\/","title":{"rendered":"Motvektshydrauliske sylindere for bilkran"},"content":{"rendered":"<h1 style=\"text-align: center;\"><strong>Motvektshydrauliske sylindere for bilkran<\/strong><\/h1>\n<p><img loading=\"lazy\" decoding=\"async\" class=\"wp-image-20180 aligncenter\" src=\"https:\/\/www.hydraulic-cylinders.net\/wp-content\/uploads\/2025\/05\/counterweight-hydraulic-cylinder-for-car-crane-scaled.webp\" alt=\"Motvekts hydraulisk sylinder for bilkran\" width=\"500\" height=\"500\" \/><\/p>\n<section id=\"introduction\">De hydrauliske motvektssylinderne for bilkraner, laget av Ever-Power Huachang Hydraulic, er presisjonskonstruerte balansesylindere som sikrer optimal stabilitet og sikkerhet under tunge l\u00f8fteoperasjoner. Denne hydrauliske sylinderen for bilkraner er designet for s\u00f8ml\u00f8s kompatibilitet med ledende bilkranmodeller, og forbedrer lasth\u00e5ndteringen i urbane bygg-, logistikk- og industrimilj\u00f8er. Som en kraftig hydraulisk sylinder t\u00e5ler den h\u00f8ytrykksforhold p\u00e5 opptil 320 bar, og gir p\u00e5litelig ytelse for l\u00f8fteoppgaver samtidig som den minimerer risikoen for velting. Enten du h\u00e5ndterer st\u00e5lkonstruksjoner eller tungt maskineri, gir denne bilkransylinderen uovertruffen holdbarhet og kontroll for kranoperasjonene dine.<\/section>\n<section id=\"specifications\">\n<h2><strong>Tekniske spesifikasjoner:<\/strong><\/h2>\n<p><strong>Funksjon:<\/strong> Kontroller motvektens handling<br \/>\n<strong>Sylinderdiameter:<\/strong> 160 mm\u2013180 mm<br \/>\n<strong>Stangdiameter:<\/strong> 90 mm\u2013150 mm<br \/>\n<strong>Reise:<\/strong> 180 mm\u2013400 mm<br \/>\n<strong>Maksimalt trykk:<\/strong> 25 MPa<br \/>\n<strong>Maksimal skyvekraft:<\/strong> 1540 kn<\/p>\n<\/section>\n<section id=\"features\">\n<h2><strong>Viktige funksjoner for hydrauliske sylindere med motvekt for bilkran:<\/strong><\/h2>\n<ul>\n<li><strong>Overlegen presisjon for lastbalansering:<\/strong> De hydrauliske motvektssylindrene for bilkraner har en avansert balansesylinderdesign som sikrer jevn vektfordeling, noe som gir eksepsjonell stabilitet for bilkrans sylinderoperasjoner under h\u00f8ykapasitetsl\u00f8ft i byomr\u00e5der.<\/li>\n<li><strong>H\u00f8y holdbarhetskonstruksjon:<\/strong>\u00a0Denne hydrauliske sylinderen for bilkraner er laget av h\u00f8yfast st\u00e5l med korrosjonsbeskyttelse, og motst\u00e5r slitasje fra t\u00f8ffe elementer som fuktighet og st\u00f8v, noe som gj\u00f8r den til en p\u00e5litelig, kraftig motvektsylinder for kraner under t\u00f8ffe forhold.<\/li>\n<li><strong>Kan tilpasses for ulike behov:<\/strong>\u00a0Med justerbare borest\u00f8rrelser og slaglengder kan denne bilkransylinderen for lastbalansering skreddersys til spesifikke l\u00f8ftekrav, og tilbyr fleksibilitet for en rekke kranmodeller og bruksomr\u00e5der, fra konstruksjon til logistikk.<\/li>\n<li><strong>Optimalisert for h\u00f8ytrykksytelse:<\/strong>\u00a0Denne hydrauliske sylinderen med motvekt er konstruert for \u00e5 operere effektivt ved opptil 320 bar, og leverer jevn kraft med minimalt energitap. Dette sikrer jevne og sikre l\u00f8fteoperasjoner samtidig som driftskostnadene reduseres.<\/li>\n<li><strong>Lavt vedlikehold og lang levetid:<\/strong>\u00a0Med avansert tetningsteknologi og presisjonsbearbeiding minimerer denne kraftige hydrauliske sylinderen lekkasjer og slitasje, noe som reduserer vedlikeholdsbehovet og forlenger levetiden til bilkranen din, selv ved hyppig bruk.<\/li>\n<\/ul>\n<\/section>\n<section id=\"applications\">\n<h2><strong>Bruksomr\u00e5der for hydrauliske sylindere med motvekt for bilkran:<\/strong><\/h2>\n<h2><strong><img loading=\"lazy\" decoding=\"async\" class=\"alignnone size-full wp-image-20183\" src=\"https:\/\/www.hydraulic-cylinders.net\/wp-content\/uploads\/2025\/05\/counterweight-hydraulic-cylinder-for-car-crane-application.webp\" alt=\"\" width=\"1080\" height=\"617\" srcset=\"https:\/\/www.hydraulic-cylinders.net\/wp-content\/uploads\/2025\/05\/counterweight-hydraulic-cylinder-for-car-crane-application.webp 1080w, https:\/\/www.hydraulic-cylinders.net\/wp-content\/uploads\/2025\/05\/counterweight-hydraulic-cylinder-for-car-crane-application-980x560.webp 980w, https:\/\/www.hydraulic-cylinders.net\/wp-content\/uploads\/2025\/05\/counterweight-hydraulic-cylinder-for-car-crane-application-480x274.webp 480w\" sizes=\"(min-width: 0px) and (max-width: 480px) 480px, (min-width: 481px) and (max-width: 980px) 980px, (min-width: 981px) 1080px, 100vw\" \/><\/strong><\/h2>\n<ul>\n<li><strong>Bybygging for h\u00f8yhusprosjekter:<\/strong> De hydrauliske motvektssylinderne for bilkraner er ideelle for byggeoppgaver i byomr\u00e5der, som montering av st\u00e5lrammeverk for h\u00f8yhus eller montering av prefabrikerte paneler. Denne balansesylinderen for bilkranoperasjoner sikrer presis lasth\u00e5ndtering i trange rom, forbedrer sikkerheten og reduserer risikoen for velting under tunge l\u00f8ft.<\/li>\n<li><strong>Logistikk og tung lasth\u00e5ndtering:<\/strong>\u00a0I logistikkoperasjoner st\u00f8tter denne hydrauliske sylinderen for bilkranstabilitet sikker og effektiv bevegelse av tung last, som fraktcontainere og store paller, p\u00e5 lager eller i havner. Bilkransylinderen for lastbalansering forbedrer kranens man\u00f8vrerbarhet og \u00f8ker produktiviteten i fartsfylte milj\u00f8er.<\/li>\n<li><strong>Industriell montering i produksjonsanlegg:<\/strong>\u00a0Denne hydrauliske motvektsylinderen er perfekt for industrielle milj\u00f8er som bil- eller maskinproduksjon, og forenkler presis posisjonering av tunge komponenter, som samleb\u00e5ndspresser eller motorblokker. Som en kraftig motvektsylinder for kraner sikrer den stabile og kontrollerte l\u00f8ft, noe som effektiviserer fabrikkens arbeidsflyter.<\/li>\n<\/ul>\n<\/section>\n<section id=\"explore-more\">\n<h2><strong>Utforsk flere sylindere til bilkraner:<\/strong><\/h2>\n<p>Vi tilbyr et bredt utvalg av sylindere til bilkraner for \u00e5 dekke ulike l\u00f8ftebehov. Enten du trenger en hydraulisk sylinder for stabilitet i bilkraner eller en kraftig motvektsylinder for kraner, leverer Ever-Power Huachang Hydraulic tilpassede l\u00f8sninger. Oppdag hele v\u00e5rt utvalg av <a href=\"https:\/\/www.hydraulic-cylinders.net\/nb\/mobile-crane-hydraulic-cylinders\/\">bilkransylindere<\/a>.<\/p>\n<\/section>\n<div class=\"container-hfX5E8 flow-markdown-body theme-samantha-yJEgBp\" dir=\"ltr\" data-testid=\"message_text_content\" data-show-indicator=\"false\">\n<h2 class=\"header-jfw95c auto-hide-last-sibling-br\"><strong>Hva er de viktigste fordelene med \u00e5 bruke en hydraulisk sylinder med motvekt i en kran?<\/strong><\/h2>\n<div class=\"auto-hide-last-sibling-br paragraph-qzbcQC paragraph-element br-paragraph-space\">Bruken av en hydraulisk sylinder med motvekt i en kran gir flere betydelige fordeler:<\/div>\n<h3><strong>Forbedret stabilitet<\/strong>:<\/h3>\n<h3><img loading=\"lazy\" decoding=\"async\" class=\"aligncenter wp-image-20184 size-full\" src=\"https:\/\/www.hydraulic-cylinders.net\/wp-content\/uploads\/2025\/05\/counterweight-hydraulic-cylinder-for-car-crane-1-1.webp\" alt=\"\" width=\"580\" height=\"326\" srcset=\"https:\/\/www.hydraulic-cylinders.net\/wp-content\/uploads\/2025\/05\/counterweight-hydraulic-cylinder-for-car-crane-1-1.webp 580w, https:\/\/www.hydraulic-cylinders.net\/wp-content\/uploads\/2025\/05\/counterweight-hydraulic-cylinder-for-car-crane-1-1-480x270.webp 480w\" sizes=\"(min-width: 0px) and (max-width: 480px) 480px, (min-width: 481px) 580px, 100vw\" \/><\/h3>\n<p>En hydraulisk sylinder med motvekt bidrar til \u00e5 balansere lasten p\u00e5 kranen. Ved \u00e5 justere posisjonen og kraften til motvekten kan den motvirke dreiemomentet som genereres av den l\u00f8ftede lasten. Dette reduserer risikoen for at kranen velter under tunge l\u00f8fteoperasjoner. N\u00e5r en kran for eksempel l\u00f8fter et stort og tungt prefabrikert betongpanel i et h\u00f8yhusbyggprosjekt, kan den hydrauliske sylinderen med motvekt justeres for \u00e5 holde kranen stabil.<\/p>\n<\/div>\n<div class=\"container-hfX5E8 flow-markdown-body theme-samantha-yJEgBp\" dir=\"ltr\" data-testid=\"message_text_content\" data-show-indicator=\"false\">\n<h3><strong>Presis lasth\u00e5ndtering<\/strong>:<\/h3>\n<p>Det gir presis kontroll av motvekten, som igjen muliggj\u00f8r mer n\u00f8yaktig lasth\u00e5ndtering. Den hydrauliske sylinderen kan justeres i sanntid i henhold til lastens vekt og posisjon. I en logistikkoperasjon der en kran flytter fraktcontainere med ulik vekt, kan den hydrauliske motvektssylinderen finjusteres for \u00e5 sikre jevn og sikker l\u00f8fting og plassering av containerne.<\/p>\n<\/div>\n<div>\n<div class=\"image-box-grid-DI7Zd9\" data-finished=\"true\" data-testid=\"message_image_content\">\n<div class=\"image-box-grid-item-hjZBGw\">\n<div class=\"relative w-fit inline-flex\">\n<div class=\"container-pveQEn\"><\/div>\n<\/div>\n<\/div>\n<\/div>\n<\/div>\n<div class=\"container-hfX5E8 flow-markdown-body theme-samantha-yJEgBp\" dir=\"ltr\" data-testid=\"message_text_content\" data-show-indicator=\"false\">\n<h3><strong>\u00d8kt man\u00f8vrerbarhet<\/strong>:<\/h3>\n<h3><img loading=\"lazy\" decoding=\"async\" class=\"alignnone size-full wp-image-20185\" src=\"https:\/\/www.hydraulic-cylinders.net\/wp-content\/uploads\/2025\/05\/counterweight-hydraulic-cylinder-for-car-crane-2.webp\" alt=\"\" width=\"2048\" height=\"1152\" srcset=\"https:\/\/www.hydraulic-cylinders.net\/wp-content\/uploads\/2025\/05\/counterweight-hydraulic-cylinder-for-car-crane-2.webp 2048w, https:\/\/www.hydraulic-cylinders.net\/wp-content\/uploads\/2025\/05\/counterweight-hydraulic-cylinder-for-car-crane-2-1280x720.webp 1280w, https:\/\/www.hydraulic-cylinders.net\/wp-content\/uploads\/2025\/05\/counterweight-hydraulic-cylinder-for-car-crane-2-980x551.webp 980w, https:\/\/www.hydraulic-cylinders.net\/wp-content\/uploads\/2025\/05\/counterweight-hydraulic-cylinder-for-car-crane-2-480x270.webp 480w\" sizes=\"(min-width: 0px) and (max-width: 480px) 480px, (min-width: 481px) and (max-width: 980px) 980px, (min-width: 981px) and (max-width: 1280px) 1280px, (min-width: 1281px) 2048px, 100vw\" \/><\/h3>\n<p>I trange rom, som for eksempel byggeplasser i byer eller produksjonsanlegg, forbedrer den hydrauliske sylinderen med motvekt kranens man\u00f8vrerbarhet. Den kan raskt justere motvekten for \u00e5 tilpasse seg ulike arbeidsforhold og rom. For eksempel, i et bilproduksjonsanlegg der en kran brukes til \u00e5 plassere motorblokker p\u00e5 samleb\u00e5ndet, lar den hydrauliske sylinderen med motvekt kranen bevege seg og operere friere p\u00e5 det begrensede rommet.<\/p>\n<\/div>\n<div class=\"container-hfX5E8 flow-markdown-body theme-samantha-yJEgBp\" dir=\"ltr\" data-testid=\"message_text_content\" data-show-indicator=\"false\">\n<h3><strong>Forbedret sikkerhet<\/strong>:<\/h3>\n<p>Ved \u00e5 sikre stabilitet og presis lasth\u00e5ndtering forbedrer den hydrauliske motvektsylinderen sikkerheten ved kranoperasjoner betydelig. Den reduserer sannsynligheten for ulykker som lastfall eller krankollaps, og beskytter b\u00e5de operat\u00f8rene og milj\u00f8et rundt. Enten det er i et h\u00f8yrisikobyggeprosjekt eller et travelt logistikksenter, er bruken av en hydraulisk motvektsylinder avgj\u00f8rende for \u00e5 opprettholde et trygt arbeidsmilj\u00f8.<\/p>\n<\/div>\n<section id=\"company-introduction\">\n<h2><strong>Om Ever-Power Huachang Hydraulic:<\/strong><\/h2>\n<h2><img loading=\"lazy\" decoding=\"async\" class=\"alignnone size-full wp-image-16972\" src=\"https:\/\/www.hydraulic-cylinders.net\/wp-content\/uploads\/2025\/01\/hydraulic-cylinder-factory-1-scaled.webp\" alt=\"\" width=\"2016\" height=\"2560\" srcset=\"https:\/\/www.hydraulic-cylinders.net\/wp-content\/uploads\/2025\/01\/hydraulic-cylinder-factory-1-scaled.webp 2016w, https:\/\/www.hydraulic-cylinders.net\/wp-content\/uploads\/2025\/01\/hydraulic-cylinder-factory-1-1280x1625.webp 1280w, https:\/\/www.hydraulic-cylinders.net\/wp-content\/uploads\/2025\/01\/hydraulic-cylinder-factory-1-980x1244.webp 980w, https:\/\/www.hydraulic-cylinders.net\/wp-content\/uploads\/2025\/01\/hydraulic-cylinder-factory-1-480x610.webp 480w\" sizes=\"(min-width: 0px) and (max-width: 480px) 480px, (min-width: 481px) and (max-width: 980px) 980px, (min-width: 981px) and (max-width: 1280px) 1280px, (min-width: 1281px) 2016px, 100vw\" \/><\/h2>\n<p dir=\"auto\">Ever-Power Huachang Hydraulic driver frem innovasjon innen hydrauliske sylindere med et banebrytende FoU-anlegg, hvor ekspertingeni\u00f8rer designer h\u00f8yytelsesl\u00f8sninger for industrielle applikasjoner, inkludert bilkraner og tungt utstyr.<\/p>\n<p dir=\"auto\">V\u00e5rt avanserte produksjonsanlegg har automatisert montering og presisjonsmaskinering, og produserer tilpassede sylindere med smart teknologi for \u00e5 sikre effektivitet og overholdelse av strenge bransjestandarder, og st\u00f8tter modeller som Terex og Grove.<\/p>\n<h2><img loading=\"lazy\" decoding=\"async\" class=\"alignnone size-full wp-image-16973\" src=\"https:\/\/www.hydraulic-cylinders.net\/wp-content\/uploads\/2025\/01\/hydraulic-cylinder-factory-2-scaled.webp\" alt=\"\" width=\"2011\" height=\"2560\" srcset=\"https:\/\/www.hydraulic-cylinders.net\/wp-content\/uploads\/2025\/01\/hydraulic-cylinder-factory-2-scaled.webp 2011w, https:\/\/www.hydraulic-cylinders.net\/wp-content\/uploads\/2025\/01\/hydraulic-cylinder-factory-2-1280x1629.webp 1280w, https:\/\/www.hydraulic-cylinders.net\/wp-content\/uploads\/2025\/01\/hydraulic-cylinder-factory-2-980x1248.webp 980w, https:\/\/www.hydraulic-cylinders.net\/wp-content\/uploads\/2025\/01\/hydraulic-cylinder-factory-2-480x611.webp 480w\" sizes=\"(min-width: 0px) and (max-width: 480px) 480px, (min-width: 481px) and (max-width: 980px) 980px, (min-width: 981px) and (max-width: 1280px) 1280px, (min-width: 1281px) 2011px, 100vw\" \/><\/h2>\n<p>Vi opprettholder kvalitet gjennom et toppmoderne testsenter, validerer ytelse med avansert diagnostikk og bruker milj\u00f8vennlige belegg for \u00e5 forbedre holdbarheten. Som en leder utnytter vi AI-drevet forskning for \u00e5 levere p\u00e5litelige kraftige hydrauliske sylindere, som er anerkjent globalt.<\/p>\n<\/section>","protected":false},"excerpt":{"rendered":"<p>Counterweight Hydraulic Cylinders for Car Crane The counterweight hydraulic cylinders for car crane, crafted by Ever-Power Huachang Hydraulic, are precision-engineered balance cylinders that ensure optimal stability and safety during heavy lifting operations. Designed for seamless compatibility with leading car crane models, this hydraulic cylinder for car crane enhances load management in urban construction, logistics, and [&hellip;]<\/p>","protected":false},"featured_media":20181,"comment_status":"open","ping_status":"closed","template":"","meta":{"_et_pb_use_builder":"","_et_pb_old_content":"","_et_gb_content_width":""},"product_brand":[],"product_cat":[1514],"product_tag":[],"class_list":{"0":"post-20179","1":"product","2":"type-product","3":"status-publish","4":"has-post-thumbnail","6":"product_cat-mobile-crane-hydraulic-cylinders","8":"first","9":"instock","10":"shipping-taxable","11":"product-type-simple"},"amp_enabled":true,"_links":{"self":[{"href":"https:\/\/www.hydraulic-cylinders.net\/nb\/wp-json\/wp\/v2\/product\/20179","targetHints":{"allow":["GET"]}}],"collection":[{"href":"https:\/\/www.hydraulic-cylinders.net\/nb\/wp-json\/wp\/v2\/product"}],"about":[{"href":"https:\/\/www.hydraulic-cylinders.net\/nb\/wp-json\/wp\/v2\/types\/product"}],"replies":[{"embeddable":true,"href":"https:\/\/www.hydraulic-cylinders.net\/nb\/wp-json\/wp\/v2\/comments?post=20179"}],"wp:featuredmedia":[{"embeddable":true,"href":"https:\/\/www.hydraulic-cylinders.net\/nb\/wp-json\/wp\/v2\/media\/20181"}],"wp:attachment":[{"href":"https:\/\/www.hydraulic-cylinders.net\/nb\/wp-json\/wp\/v2\/media?parent=20179"}],"wp:term":[{"taxonomy":"product_brand","embeddable":true,"href":"https:\/\/www.hydraulic-cylinders.net\/nb\/wp-json\/wp\/v2\/product_brand?post=20179"},{"taxonomy":"product_cat","embeddable":true,"href":"https:\/\/www.hydraulic-cylinders.net\/nb\/wp-json\/wp\/v2\/product_cat?post=20179"},{"taxonomy":"product_tag","embeddable":true,"href":"https:\/\/www.hydraulic-cylinders.net\/nb\/wp-json\/wp\/v2\/product_tag?post=20179"}],"curies":[{"name":"wp","href":"https:\/\/api.w.org\/{rel}","templated":true}]}}