{"id":20703,"date":"2025-05-27T06:21:36","date_gmt":"2025-05-27T06:21:36","guid":{"rendered":"https:\/\/www.hydraulic-cylinders.net\/product\/micro-digging-side-hydraulic-cylinders\/"},"modified":"2025-05-27T06:21:41","modified_gmt":"2025-05-27T06:21:41","slug":"micro-digging-side-hydraulic-cylinders","status":"publish","type":"product","link":"https:\/\/www.hydraulic-cylinders.net\/nb\/produkt\/micro-digging-side-hydraulic-cylinders\/","title":{"rendered":"Mikrogravende hydrauliske sylindere p\u00e5 siden"},"content":{"rendered":"<h1>Mikrogravende hydrauliske sylindere p\u00e5 siden<\/h1>\n<h2>Produktoversikt<\/h2>\n<p>Mikro-hydraulisk sylinder for graving p\u00e5 siden er en spesialisert hydraulisk aktuator designet for presis kontroll og kraftig ytelse i kompakte applikasjoner. Disse sylindrene er viktige komponenter i ulike maskiner, slik at operat\u00f8rer kan utf\u00f8re oppgaver med bemerkelsesverdig n\u00f8yaktighet og effektivitet. De er konstruert for \u00e5 levere optimal kraft i trange rom, og finner sin plass i konstruksjon, utgraving og andre tunge applikasjoner. Den kompakte designen muliggj\u00f8r enkel integrering i forskjellige systemer, noe som sikrer at operat\u00f8rer kan oppn\u00e5 overlegen ytelse uten \u00e5 ofre plass eller mobilitet.<\/p>\n<h2>Produktspesifikasjoner<\/h2>\n<p>F\u00f8lgende er de viktigste spesifikasjonene for den hydrauliske sylinderen for mikrograving p\u00e5 siden:<\/p>\n<ul>\n<li>Sylinderdiameter: 50 mm<\/li>\n<li>Stangdiameter: 30 mm<\/li>\n<li>Vandring: 430 mm<\/li>\n<li>Installasjonsavstand: 670 mm<\/li>\n<\/ul>\n<p>Disse dimensjonene er avgj\u00f8rende for \u00e5 bestemme sylinderens effektivitet og kompatibilitet med ulike maskiner. Sylinderdiameteren sikrer tilstrekkelig styrke, mens stangdiameteren p\u00e5virker lastekapasiteten. Bevegelsesavstanden er kritisk for bevegelsesomr\u00e5det, og installasjonsavstanden forenkler riktig montering.<\/p>\n<h2>Viktige funksjoner<\/h2>\n<p>V\u00e5re hydrauliske sylindere for mikrograving p\u00e5 siden er designet med flere fremragende funksjoner:<\/p>\n<ul>\n<li><strong>Varighet:<\/strong> Konstruert med materialer av h\u00f8y kvalitet for \u00e5 t\u00e5le t\u00f8ffe forhold.<\/li>\n<li><strong>Kompakt st\u00f8rrelse:<\/strong> Ideell for applikasjoner med begrenset plass.<\/li>\n<li><strong>H\u00f8y effektivitet:<\/strong> Gir kraftig ytelse samtidig som den bruker mindre energi.<\/li>\n<li><strong>Tilpassbare alternativer:<\/strong> Vi kan skreddersy spesifikasjoner for \u00e5 m\u00f8te spesifikke behov.<\/li>\n<li><strong>P\u00e5litelig tetting:<\/strong> Utviklet for \u00e5 forhindre lekkasjer og forlenge levetiden.<\/li>\n<\/ul>\n<p>Vi er stolte av v\u00e5r evne til \u00e5 produsere disse hydrauliske sylindrene, og sikrer at de perfekt erstatter eksisterende modeller i maskineriet ditt.<\/p>\n<h2>Bruksomr\u00e5der<\/h2>\n<p>Den hydrauliske sylinderen for mikrograving p\u00e5 siden er allsidig og kan brukes i ulike applikasjoner:<\/p>\n<h3>1. Graveutstyr<\/h3>\n<p>I gravemaskiner gir disse sylindrene den n\u00f8dvendige kraften for \u00e5 grave og l\u00f8fte jord eller rusk. Den kompakte designen gj\u00f8r at de kan installeres p\u00e5 trange steder, noe som gj\u00f8r dem ideelle for minigravere. Presisjonskontrollen som tilbys av disse hydrauliske sylindrene sikrer at operat\u00f8rer kan man\u00f8vrere utstyret jevnt, noe som reduserer risikoen for skade p\u00e5 omkringliggende konstruksjoner. Denne effektiviteten i graveoppgaver forbedrer produktiviteten p\u00e5 stedet betydelig.<\/p>\n<h3>2. Landbruksmaskiner<\/h3>\n<p>I landbruket brukes disse hydrauliske sylindrene i utstyr som ploger og hogstmaskiner. Deres evne til \u00e5 opprettholde jevn kraft sikrer jevn jordbearbeiding og planting, noe som er avgj\u00f8rende for avlingene. Den robuste konstruksjonen til disse sylindrene gj\u00f8r at de kan fungere effektivt under forskjellige v\u00e6rforhold, noe som bidrar til p\u00e5liteligheten i landbruksdriften. Presisjonen de tilbyr gj\u00f8r det mulig for b\u00f8nder \u00e5 optimalisere maskineriet sitt for bedre resultater.<\/p>\n<h3>3. Materialh\u00e5ndtering<\/h3>\n<p>I materialh\u00e5ndteringssystemer forenkler disse hydrauliske sylindrene bevegelsen av tunge laster med letthet. De er ofte integrert i gaffeltrucker og transportb\u00e5nd, og gir de n\u00f8dvendige l\u00f8fte- og senkebevegelsene. Effektiviteten deres bidrar til \u00e5 redusere driftskostnadene, ettersom de krever mindre energi for \u00e5 utf\u00f8re de samme oppgavene sammenlignet med st\u00f8rre modeller. Dette gj\u00f8r dem til en verdifull ressurs p\u00e5 lager og i distribusjonssentre.<\/p>\n<h2>Designhensyn<\/h2>\n<p>Ved utforming av hydrauliske sylindere vurderes flere viktige faktorer:<\/p>\n<h3>Lastekapasitet<\/h3>\n<p>Det er avgj\u00f8rende \u00e5 forst\u00e5 lastekapasiteten for hydrauliske sylindere. Designet m\u00e5 t\u00e5le den maksimale vekten sylinderen kan l\u00f8fte eller skyve. Dette inneb\u00e6rer \u00e5 velge passende materialer og dimensjoner for \u00e5 forhindre svikt under trykk. Videre m\u00e5 lastekapasiteten samsvare med maskineriets krav for \u00e5 sikre sikkerhet og ytelse.<\/p>\n<h3>Tetningseffektivitet<\/h3>\n<p>Tetting er viktig i hydrauliske systemer for \u00e5 forhindre lekkasjer og opprettholde trykk. Valg av tetningsmaterialer og design p\u00e5virker direkte levetiden og p\u00e5liteligheten til den hydrauliske sylinderen. Avanserte tetningsl\u00f8sninger, som polyuretan og nitrilgummi, brukes for \u00e5 sikre effektiv tetting samtidig som fleksibilitet og holdbarhet opprettholdes. Regelmessige kontroller og utskiftinger av tetninger er n\u00f8dvendige for \u00e5 unng\u00e5 ytelsesproblemer.<\/p>\n<h3>Varighet<\/h3>\n<p>Holdbarhet er et grunnleggende aspekt ved design av hydrauliske sylindere. Disse komponentene m\u00e5 t\u00e5le ekstreme forhold, som temperatursvingninger og eksponering for sterke kjemikalier. Bruk av h\u00f8yfaste materialer og korrosjonsbestandige belegg kan \u00f8ke levetiden til sylinderne betydelig. Regelmessig vedlikehold spiller en avgj\u00f8rende rolle i \u00e5 opprettholde holdbarheten over tid.<\/p>\n<h3>Sikkerhetsfunksjoner<\/h3>\n<p>Sikkerhet er avgj\u00f8rende i design av hydrauliske systemer. Innlemmelse av funksjoner som trykkavlastningsventiler og sikkerhetsmekanismer sikrer at systemet opererer innenfor trygge parametere. Regelmessige sikkerhetskontroller og overholdelse av bransjestandarder er avgj\u00f8rende for \u00e5 forhindre ulykker og sikre operat\u00f8rens sikkerhet under drift.<\/p>\n<h3>Vedlikeholdstilgjengelighet<\/h3>\n<p>\u00c5 designe hydrauliske sylindere med vedlikehold i tankene bidrar til \u00e5 forlenge levetiden deres. Funksjoner som enkel tilgang for regelmessige kontroller og servicepunkter for sm\u00f8ring kan utgj\u00f8re en betydelig forskjell i vedlikeholdseffektiviteten. En gjennomtenkt design minimerer nedetid og sikrer at sylinderne forblir i optimal driftstilstand.<\/p>\n<h2>Tetting og sm\u00f8ring<\/h2>\n<p>Effektiv tetting er avgj\u00f8rende for ytelsen til hydrauliske sylindere. Ulike tetninger, inkludert stempeltetninger og stangtetninger, spiller en viktig rolle i \u00e5 opprettholde hydraulisk trykk. Tetninger er ofte laget av slitesterke materialer som polyuretan og nitrilgummi, designet for \u00e5 t\u00e5le slitasje. Sylinderhuset og gjengede ender gjennomg\u00e5r presisjonsmaskinering for \u00e5 forbedre holdbarhet og slitestyrke.<\/p>\n<p>Regelmessig sm\u00f8ring er et annet viktig aspekt ved vedlikehold. Det er viktig \u00e5 sikre tilstrekkelig tilf\u00f8rsel av hydraulisk olje for problemfri drift. Operat\u00f8rer b\u00f8r etablere en rutine for \u00e5 kontrollere oljeniv\u00e5er og etterfylle etter behov, ettersom riktig sm\u00f8ring reduserer friksjon mellom bevegelige deler, noe som f\u00f8rer til forbedret effektivitet og levetid for de hydrauliske komponentene.<\/p>\n<h2>Forebyggende vedlikeholdstiltak<\/h2>\n<p>Regelmessig vedlikehold er viktig for \u00e5 sikre levetiden og effektiviteten til hydrauliske sylindere. Her er noen forebyggende tiltak:<\/p>\n<ul>\n<li><strong>Regelmessige inspeksjoner:<\/strong> Hyppig sjekk av tegn p\u00e5 slitasje, lekkasjer og andre problemer kan bidra til \u00e5 identifisere problemer f\u00f8r de eskalerer.<\/li>\n<li><strong>Sm\u00f8rerutiner:<\/strong> \u00c5 etablere en tidsplan for sm\u00f8ring kan forhindre un\u00f8dvendig slitasje p\u00e5 bevegelige deler.<\/li>\n<li><strong>Utskifting av tetning:<\/strong> Overv\u00e5king og rask utskifting av slitte pakninger kan forhindre lekkasjer og opprettholde systemtrykket.<\/li>\n<\/ul>\n<h2>Installasjonsretningslinjer<\/h2>\n<p>Riktig installasjon av hydrauliske sylindere er avgj\u00f8rende for optimal ytelse. F\u00f8lg disse retningslinjene:<\/p>\n<ol>\n<li><strong>Juster sylinderen:<\/strong> S\u00f8rg for at sylinderen er riktig justert med monteringspunktene for \u00e5 unng\u00e5 un\u00f8dig belastning p\u00e5 komponentene.<\/li>\n<li><strong>Bruk passende monteringsbraketter:<\/strong> Fest sylinderen med egnede braketter for \u00e5 forhindre bevegelse under drift.<\/li>\n<li><strong>Sjekk hydrauliske koblinger:<\/strong> S\u00f8rg for at alle hydrauliske ledninger er godt tilkoblet for \u00e5 forhindre lekkasjer.<\/li>\n<li><strong>Test systemet:<\/strong> F\u00f8r full bruk, utf\u00f8r en test for \u00e5 sikre at alt fungerer som det skal.<\/li>\n<\/ol>\n<h2>Vanlige vedlikeholdsoppgaver<\/h2>\n<p>Viktige vedlikeholdsoppgaver inkluderer:<\/p>\n<h3>1. Regelmessige inspeksjoner<\/h3>\n<p>Regelmessige inspeksjoner bidrar til \u00e5 identifisere tegn p\u00e5 slitasje og potensielle problemer tidlig. Denne proaktive tiln\u00e6rmingen kan forhindre kostbare reparasjoner og nedetid. Inspeksjon av tetninger, slanger og beslag kan sikre at systemet forblir lekkasjefritt og fungerer problemfritt. Vedlikeholdsjournaler b\u00f8r f\u00f8res for \u00e5 spore tilstanden over tid.<\/p>\n<h3>2. Riktig sm\u00f8ring<\/h3>\n<p>Det er viktig \u00e5 sm\u00f8re de hydrauliske komponentene i henhold til produsentens retningslinjer for \u00e5 forhindre slitasje og forlenge levetiden. Bruk av riktig type hydraulisk olje og \u00e5 s\u00f8rge for at den har riktig oljeniv\u00e5 kan p\u00e5virke systemets ytelse og effektivitet betydelig. Regelmessige kontroller og justeringer b\u00f8r v\u00e6re en del av vedlikeholdsrutinen for \u00e5 holde systemet i optimal stand.<\/p>\n<h3>3. Utskifting av tetning<\/h3>\n<p>Det er avgj\u00f8rende \u00e5 bytte tetninger for \u00e5 opprettholde hydraulisk integritet. Tegn p\u00e5 at tetninger m\u00e5 byttes ut inkluderer synlige lekkasjer eller trykksvingninger. Regelmessige utskiftninger basert p\u00e5 bruk kan bidra til \u00e5 opprettholde effektiviteten til det hydrauliske systemet og forhindre uventede feil.<\/p>\n<h2>Sikkerhets- og milj\u00f8hensyn<\/h2>\n<p>Sikkerhetstiltak er avgj\u00f8rende n\u00e5r man arbeider med hydrauliske systemer. Operat\u00f8rer b\u00f8r f\u00e5 oppl\u00e6ring i \u00e5 gjenkjenne potensielle farer, som v\u00e6skelekkasjer og trykkoppbygging. Ved bruk av hydrauliske sylindere er det viktig \u00e5 f\u00f8lge sikkerhetsprotokoller, inkludert bruk av verneutstyr og f\u00f8lge driftsretningslinjer. I tillegg b\u00f8r riktige avhendingsmetoder for hydrauliske v\u00e6sker f\u00f8lges, noe som sikrer minimal milj\u00f8p\u00e5virkning.<\/p>\n<h2>Feils\u00f8king og vanlige problemer<\/h2>\n<p>\u00c5 forst\u00e5 potensielle problemer med hydrauliske sylindere kan bidra til effektiv feils\u00f8king:<\/p>\n<ul>\n<li><strong>Lekkasje:<\/strong> Vanligvis for\u00e5rsaket av slitte tetninger eller feil montering. Kontroller tetninger og koblinger for skader.<\/li>\n<li><strong>Trykkfall:<\/strong> Kan tyde p\u00e5 blokkeringer i hydrauliske ledninger eller lavt v\u00e6skeniv\u00e5. Sjekk for blokkeringer og etterfyll v\u00e6ske etter behov.<\/li>\n<li><strong>Ikke-responsiv sylinder:<\/strong> Kan oppst\u00e5 p\u00e5 grunn av luft i systemet eller utilstrekkelig v\u00e6sketrykk. Det anbefales \u00e5 lufte systemet og kontrollere v\u00e6skeniv\u00e5ene.<\/li>\n<\/ul>\n<h2>Feils\u00f8kingstips<\/h2>\n<p>Hvis det oppst\u00e5r problemer, b\u00f8r du vurdere f\u00f8lgende tips:<\/p>\n<ul>\n<li><strong>Overv\u00e5k ytelsen regelmessig:<\/strong> \u00c5 f\u00f8lge med p\u00e5 sylinderens ytelse kan oppdage problemer tidlig.<\/li>\n<li><strong>Se produsentens retningslinjer:<\/strong> Produsentens dokumentasjon inneholder ofte feils\u00f8kingstrinn og l\u00f8sninger for spesifikke problemer.<\/li>\n<li><strong>Implementer forebyggende tiltak:<\/strong> \u00c5 etablere en rutine for inspeksjoner og vedlikehold kan minimere sannsynligheten for at problemer oppst\u00e5r.<\/li>\n<\/ul>\n<p><img decoding=\"async\" src=\"https:\/\/www.hydraulic-cylinders.net\/wp-content\/uploads\/2025\/05\/hydraulic-cylinder-all-2.webp\" alt=\"Bilde av hydraulisk sylinder\"><\/p>\n<h2>Om selskapet v\u00e5rt<\/h2>\n<p>Som en ledende produsent av hydrauliske sylindere er vi stolte av v\u00e5rt omfattende produktsortiment som dekker b\u00e5de innenlandske og internasjonale markeder. V\u00e5r forpliktelse til kvalitet og innovasjon posisjonerer oss som en av de ledende produsentene og grossistene av hydrauliske sylindere i bransjen. Vi tilbyr:<\/p>\n<ul>\n<li><strong>Faglig ekspertise:<\/strong> V\u00e5rt team best\u00e5r av erfarne fagfolk som er dedikert til \u00e5 levere produkter av ypperste klasse.<\/li>\n<li><strong>Internasjonale sertifiseringer:<\/strong> Produktene v\u00e5re oppfyller strenge internasjonale standarder, noe som sikrer p\u00e5litelighet og sikkerhet.<\/li>\n<li><strong>Tilpassede l\u00f8sninger:<\/strong> Vi tilbyr skreddersydde tjenester for \u00e5 m\u00f8te spesifikke krav, og sikrer kundetilfredshet.<\/li>\n<li><strong>Avansert produksjonsutstyr:<\/strong> V\u00e5re toppmoderne produksjonsanlegg garanterer produksjon av h\u00f8y kvalitet.<\/li>\n<li><strong>Omfattende kundest\u00f8tte etter salg:<\/strong> Vi tilbyr robust st\u00f8tte til kundene v\u00e5re, og s\u00f8rger for at de har tilgang til hjelp n\u00e5r de trenger det.<\/li>\n<\/ul>\n<p><img decoding=\"async\" src=\"https:\/\/www.hydraulic-cylinders.net\/wp-content\/uploads\/2025\/05\/xinxin-hydraulic-cylinder-factory-1.webp\" alt=\"Hydraulisk sylinder fabrikkbilde\"><\/p>\n<p>Forfatter: lyl<\/p>\n<p><img decoding=\"async\" src=\"https:\/\/hzpt.com\/wp-content\/uploads\/2024\/11\/songte-company-1.webp\" alt=\"Selskapets image\"><\/p>","protected":false},"excerpt":{"rendered":"<p>Micro Digging Side Hydraulic Cylinders Product Overview The Micro Digging Side Hydraulic Cylinder is a specialized hydraulic actuator designed for precise control and powerful performance in compact applications. These cylinders are essential components in various machinery, enabling operators to execute tasks with remarkable accuracy and efficiency. Engineered to deliver optimal force in confined spaces, they [&hellip;]<\/p>","protected":false},"featured_media":20629,"comment_status":"open","ping_status":"closed","template":"","meta":{"_et_pb_use_builder":"","_et_pb_old_content":"","_et_gb_content_width":""},"product_brand":[],"product_cat":[1483,1557],"product_tag":[],"class_list":{"0":"post-20703","1":"product","2":"type-product","3":"status-publish","4":"has-post-thumbnail","6":"product_cat-construction-machinery-hydraulic-cylinders","7":"product_cat-micro-digging-side-hydraulic-cylinders","9":"first","10":"instock","11":"shipping-taxable","12":"product-type-simple"},"amp_enabled":true,"_links":{"self":[{"href":"https:\/\/www.hydraulic-cylinders.net\/nb\/wp-json\/wp\/v2\/product\/20703","targetHints":{"allow":["GET"]}}],"collection":[{"href":"https:\/\/www.hydraulic-cylinders.net\/nb\/wp-json\/wp\/v2\/product"}],"about":[{"href":"https:\/\/www.hydraulic-cylinders.net\/nb\/wp-json\/wp\/v2\/types\/product"}],"replies":[{"embeddable":true,"href":"https:\/\/www.hydraulic-cylinders.net\/nb\/wp-json\/wp\/v2\/comments?post=20703"}],"wp:featuredmedia":[{"embeddable":true,"href":"https:\/\/www.hydraulic-cylinders.net\/nb\/wp-json\/wp\/v2\/media\/20629"}],"wp:attachment":[{"href":"https:\/\/www.hydraulic-cylinders.net\/nb\/wp-json\/wp\/v2\/media?parent=20703"}],"wp:term":[{"taxonomy":"product_brand","embeddable":true,"href":"https:\/\/www.hydraulic-cylinders.net\/nb\/wp-json\/wp\/v2\/product_brand?post=20703"},{"taxonomy":"product_cat","embeddable":true,"href":"https:\/\/www.hydraulic-cylinders.net\/nb\/wp-json\/wp\/v2\/product_cat?post=20703"},{"taxonomy":"product_tag","embeddable":true,"href":"https:\/\/www.hydraulic-cylinders.net\/nb\/wp-json\/wp\/v2\/product_tag?post=20703"}],"curies":[{"name":"wp","href":"https:\/\/api.w.org\/{rel}","templated":true}]}}