{"id":652,"date":"2023-08-21T02:56:38","date_gmt":"2023-08-21T02:56:38","guid":{"rendered":"https:\/\/hydraulic-cylinders.net\/?post_type=product&#038;p=652"},"modified":"2025-04-11T01:45:01","modified_gmt":"2025-04-11T01:45:01","slug":"forklift-short-lifting-hydraulic-cylinder","status":"publish","type":"product","link":"https:\/\/www.hydraulic-cylinders.net\/nb\/produkt\/forklift-short-lifting-hydraulic-cylinder\/","title":{"rendered":"Hydraulisk sylinder for kortl\u00f8fting av gaffeltruck"},"content":{"rendered":"<h1 style=\"text-align: center;\"><strong>Hydraulisk sylinder for kortl\u00f8fting av gaffeltruck<\/strong><\/h1>\n<p><img loading=\"lazy\" decoding=\"async\" class=\"aligncenter wp-image-653\" src=\"https:\/\/hydraulic-cylinders.net\/wp-content\/uploads\/2023\/08\/short-lifting-hydraulic-cylinder-product-2-300x300.webp\" alt=\"produkt for kortl\u00f8ftende hydrauliske sylindere\" width=\"400\" height=\"400\" \/><\/p>\n<p>De <strong>Kort gaffeltruckl\u00f8ftesylinder<\/strong> er utviklet for \u00e5 h\u00e5ndtere korte l\u00f8fteoppgaver uten problemer, og leverer kraften og presisjonen som trengs for \u00e5 optimalisere materialh\u00e5ndteringsoperasjonene dine.<\/p>\n<p>Med en robust design t\u00e5ler denne hydrauliske sylinderen tung belastning, hyppig bruk og utfordrende driftsforhold. Den er bygget for holdbarhet og sikrer p\u00e5litelig ytelse samtidig som den minimerer nedetid knyttet til vedlikehold eller reparasjoner.<\/p>\n<p>Med eksepsjonell motstand mot slitasje, korrosjon og forurensning, <strong>Kort gaffeltruckl\u00f8ftesylinder<\/strong> opprettholder topp ytelse gjennom hele levetiden. Den er konstruert for \u00e5 t\u00e5le t\u00f8ffe elementer, og beskytter seg effektivt mot fuktighet, rusk og andre forurensninger som kan svekke funksjonaliteten.<\/p>\n<p>For de som s\u00f8ker en p\u00e5litelig l\u00f8ftel\u00f8sning, er denne hydrauliske sylinderen det ideelle valget, som sikrer effektivitet og lang levetid i alle operasjoner.<\/p>\n<h2><strong>Gaffeltruckens korte l\u00f8ftehydrauliske sylinderparameter:<\/strong><\/h2>\n<table>\n<tbody>\n<tr>\n<td><img loading=\"lazy\" decoding=\"async\" class=\"alignnone wp-image-654 size-full\" src=\"https:\/\/hydraulic-cylinders.net\/wp-content\/uploads\/2023\/08\/short-lifting-hydraulic-cylinder-product-1.png\" alt=\"\" width=\"457\" height=\"315\" srcset=\"https:\/\/www.hydraulic-cylinders.net\/wp-content\/uploads\/2023\/08\/short-lifting-hydraulic-cylinder-product-1.png 457w, https:\/\/www.hydraulic-cylinders.net\/wp-content\/uploads\/2023\/08\/short-lifting-hydraulic-cylinder-product-1-300x207.png 300w\" sizes=\"(max-width: 457px) 100vw, 457px\" \/><\/td>\n<td><img loading=\"lazy\" decoding=\"async\" class=\"alignnone wp-image-655 size-full\" src=\"https:\/\/hydraulic-cylinders.net\/wp-content\/uploads\/2023\/08\/short-lifting-hydraulic-cylinder-product-1-1.png\" alt=\"\" width=\"475\" height=\"137\" srcset=\"https:\/\/www.hydraulic-cylinders.net\/wp-content\/uploads\/2023\/08\/short-lifting-hydraulic-cylinder-product-1-1.png 475w, https:\/\/www.hydraulic-cylinders.net\/wp-content\/uploads\/2023\/08\/short-lifting-hydraulic-cylinder-product-1-1-300x87.png 300w\" sizes=\"(max-width: 475px) 100vw, 475px\" \/><\/td>\n<\/tr>\n<\/tbody>\n<\/table>\n<table style=\"height: 95px; width: 931px;\" border=\"1\" cellspacing=\"0\" cellpadding=\"0\">\n<tbody>\n<tr style=\"height: 47px;\">\n<td style=\"height: 47px; width: 124.137px;\">Sylindernavn<\/td>\n<td style=\"height: 47px; width: 182.712px;\">tegningsnummer<\/td>\n<td style=\"height: 47px; width: 74.2125px;\">borediameter (D)<\/td>\n<td style=\"height: 47px; width: 63.6375px;\">stangdiameter (d)<\/td>\n<td style=\"height: 47px; width: 69.75px;\">slag (S)<\/td>\n<td style=\"height: 47px; width: 90.0875px;\">Installasjonsavstand (L)<\/td>\n<td style=\"height: 47px; width: 92.5625px;\">arbeidstrykk<\/td>\n<td style=\"height: 47px; width: 148.925px;\">Grensesnittdimensjoner (M)<\/td>\n<td style=\"height: 47px; width: 68.975px;\">vekt<\/td>\n<\/tr>\n<tr style=\"height: 48px;\">\n<td class=\"et3\" style=\"height: 48px; width: 124.137px;\" height=\"325\">Kort l\u00f8ftesylinder<\/td>\n<td style=\"width: 182.712px;\">RC25N480-800000-000A<\/td>\n<td style=\"width: 74.2125px;\">\u03a675<\/td>\n<td style=\"width: 63.6375px;\">\u03a660<\/td>\n<td style=\"width: 69.75px;\">800<\/td>\n<td style=\"width: 90.0875px;\">1065<\/td>\n<td style=\"width: 92.5625px;\">18,1 MPa<\/td>\n<td style=\"width: 148.925px;\">M22*1,5<\/td>\n<td style=\"width: 68.975px;\">36 kg<\/td>\n<\/tr>\n<tr>\n<td style=\"width: 124.137px;\">Kort l\u00f8ftesylinder<\/td>\n<td style=\"width: 182.712px;\">X35N480-800000-001A<\/td>\n<td style=\"width: 74.2125px;\">\u03a695<\/td>\n<td style=\"width: 63.6375px;\">\u03a680<\/td>\n<td style=\"width: 69.75px;\">800<\/td>\n<td style=\"width: 90.0875px;\">1065<\/td>\n<td style=\"width: 92.5625px;\">18,1 MPa<\/td>\n<td style=\"width: 148.925px;\">M22*1,5<\/td>\n<td style=\"width: 68.975px;\">48,7 kg<\/td>\n<\/tr>\n<\/tbody>\n<\/table>\n<table>\n<tbody>\n<tr>\n<td><img loading=\"lazy\" decoding=\"async\" class=\"alignnone wp-image-656 size-full\" src=\"https:\/\/hydraulic-cylinders.net\/wp-content\/uploads\/2023\/08\/short-lifting-hydraulic-cylinder-product-2-1.webp\" alt=\"\" width=\"451\" height=\"358\" srcset=\"https:\/\/www.hydraulic-cylinders.net\/wp-content\/uploads\/2023\/08\/short-lifting-hydraulic-cylinder-product-2-1.webp 451w, https:\/\/www.hydraulic-cylinders.net\/wp-content\/uploads\/2023\/08\/short-lifting-hydraulic-cylinder-product-2-1-300x238.webp 300w\" sizes=\"(max-width: 451px) 100vw, 451px\" \/><\/td>\n<td><img loading=\"lazy\" decoding=\"async\" class=\"alignnone wp-image-657 size-full\" src=\"https:\/\/hydraulic-cylinders.net\/wp-content\/uploads\/2023\/08\/short-lifting-hydraulic-cylinder-product-2-1-1.webp\" alt=\"\" width=\"475\" height=\"223\" srcset=\"https:\/\/www.hydraulic-cylinders.net\/wp-content\/uploads\/2023\/08\/short-lifting-hydraulic-cylinder-product-2-1-1.webp 475w, https:\/\/www.hydraulic-cylinders.net\/wp-content\/uploads\/2023\/08\/short-lifting-hydraulic-cylinder-product-2-1-1-300x141.webp 300w\" sizes=\"(max-width: 475px) 100vw, 475px\" \/><\/td>\n<\/tr>\n<\/tbody>\n<\/table>\n<table style=\"height: 101px; width: 938px;\" border=\"1\" cellspacing=\"0\" cellpadding=\"0\">\n<tbody>\n<tr style=\"height: 47px;\">\n<td style=\"height: 47px; width: 122px;\">Sylindernavn<\/td>\n<td style=\"height: 47px; width: 155px;\">tegningsnummer<\/td>\n<td style=\"height: 47px; width: 80px;\">borediameter (D)<\/td>\n<td style=\"height: 47px; width: 79px;\">stangdiameter (d)<\/td>\n<td style=\"height: 47px; width: 65px;\">slag (S)<\/td>\n<td style=\"height: 47px; width: 104px;\">Installasjonsavstand (L)<\/td>\n<td style=\"height: 47px; width: 96px;\">arbeidstrykk<\/td>\n<td style=\"height: 47px; width: 177px;\">Grensesnittdimensjoner (M)<\/td>\n<td style=\"height: 47px; width: 60px;\">vekt<\/td>\n<\/tr>\n<tr style=\"height: 54px;\">\n<td class=\"et3\" style=\"height: 54px; width: 122px;\" height=\"325\">Kort l\u00f8ftesylinder<\/td>\n<td style=\"width: 155px;\" width=\"270\">N30N450-800000-002A<\/td>\n<td style=\"width: 80px;\" width=\"102\">\u03a685<\/td>\n<td style=\"width: 79px;\" width=\"99\">\u03a670<\/td>\n<td style=\"width: 65px;\" width=\"91\">777<\/td>\n<td style=\"width: 104px;\" width=\"136\">1015<\/td>\n<td style=\"width: 96px;\" width=\"138\">18,1 MPa<\/td>\n<td style=\"width: 177px;\" width=\"294\">M22*1,5<\/td>\n<td style=\"width: 60px;\" width=\"78\">45,5 kg<\/td>\n<\/tr>\n<tr>\n<td style=\"width: 122px;\">Kort l\u00f8ftesylinder<\/td>\n<td style=\"width: 155px;\">3U3H-800000-001A<\/td>\n<td style=\"width: 80px;\">\u03a685<\/td>\n<td style=\"width: 79px;\">\u03a670<\/td>\n<td style=\"width: 65px;\">777<\/td>\n<td style=\"width: 104px;\">1015<\/td>\n<td style=\"width: 96px;\">18,1 MPa<\/td>\n<td style=\"width: 177px;\">M22*1,5<\/td>\n<td style=\"width: 60px;\">45,5 kg<\/td>\n<\/tr>\n<tr>\n<td style=\"width: 122px;\">Kort l\u00f8ftesylinder<\/td>\n<td style=\"width: 155px;\">N35N450-800000-003A<\/td>\n<td style=\"width: 80px;\">\u03a695<\/td>\n<td style=\"width: 79px;\">\u03a680<\/td>\n<td style=\"width: 65px;\">775<\/td>\n<td style=\"width: 104px;\">1013<\/td>\n<td style=\"width: 96px;\">18,1 MPa<\/td>\n<td style=\"width: 177px;\">M22*1,5<\/td>\n<td style=\"width: 60px;\">54 kg<\/td>\n<\/tr>\n<\/tbody>\n<\/table>\n<h2><strong>L\u00e5s opp effektivitet og presisjon med hydraulisk sylinder:<\/strong><\/h2>\n<p>Opplev den sanne kraften i hydraulisk teknologi med den hydrauliske sylinderen. Denne bemerkelsesverdige enheten er utviklet for \u00e5 levere presisjon og p\u00e5litelighet i et bredt spekter av bruksomr\u00e5der. Fra industrimaskiner til anleggsutstyr er den hydrauliske sylinderen n\u00f8kkelen til \u00e5 optimalisere ytelsen og oppn\u00e5 enest\u00e5ende resultater. Oppdag hvordan dette kraftige verkt\u00f8yet kan revolusjonere driften din.<\/p>\n<ul>\n<li><strong>Presisjonsteknikk<\/strong>Den hydrauliske sylinderen er omhyggelig konstruert for \u00e5 gi presis kontroll over bevegelse og kraft. Med sin avanserte design og h\u00f8ykvalitetskonstruksjon sikrer den n\u00f8yaktig og repeterbar ytelse, slik at du kan oppn\u00e5 de \u00f8nskede resultatene med eksepsjonell presisjon.<\/li>\n<li><strong>Forbedret effektivitet<\/strong>Si farvel til ineffektivitet og ujevn ytelse. Den hydrauliske sylinderen optimaliserer utnyttelsen av hydraulisk kraft, og maksimerer effektivitet og produktivitet. Opplev jevne og kontrollerte bevegelser som reduserer energisvinn og forbedrer den generelle systemytelsen.<\/li>\n<\/ul>\n<h2><strong>Fabrikkens kapasitet og kapasitet:<\/strong><\/h2>\n<h3><strong>(1) Montering<\/strong><\/h3>\n<p>Anlegget v\u00e5rt kan skryte av en uavhengig forsknings- og utviklingsplattform i toppklasse dedikert til produksjon av hydrauliske sylindere. Vi driver fire halvautomatiske monteringslinjer for l\u00f8ftesylindere og \u00e9n helautomatisk monteringslinje for vippesylindere, med en imponerende \u00e5rlig produksjonskapasitet p\u00e5 1 million sylindere.<img loading=\"lazy\" decoding=\"async\" class=\"aligncenter wp-image-626\" src=\"https:\/\/hydraulic-cylinders.net\/wp-content\/uploads\/2023\/08\/hydraulic-cylinder-product-1-300x158.webp\" alt=\"\" width=\"500\" height=\"263\" srcset=\"https:\/\/hydraulic-cylinders.net\/wp-content\/uploads\/2023\/08\/hydraulic-cylinder-product-1-300x158.webp 500w, https:\/\/hydraulic-cylinders.net\/wp-content\/uploads\/2023\/08\/hydraulic-cylinder-product-1-480x252.webp 480w\" sizes=\"(min-width: 0px) and (max-width: 480px) 480px, (min-width: 481px) 500px, 100vw\" \/><\/p>\n<p>I v\u00e5rt spesialiserte sylinderverksted bruker vi et halvautomatisk rengj\u00f8ringssystem designet for ulike spesifikasjoner, og som kan produsere 200 000 sylindere \u00e5rlig. Verkstedet v\u00e5rt er utstyrt med avansert CNC-maskineringsutstyr, et maskineringssenter, h\u00f8ypresisjonsverkt\u00f8y for sylinderbehandling, robotsveisemaskiner, automatiske rengj\u00f8ringssystemer og en automatisert sylindermonteringslinje. I tillegg har vi en helautomatisert produksjonslinje for lakkering.<\/p>\n<p>Med over 300 deler kritisk utstyr sikrer v\u00e5r optimale ressursallokering at vi oppfyller de strenge n\u00f8yaktighets- og kvalitetsstandardene som kundene v\u00e5re krever. Denne forpliktelsen til effektivitet og presisjon posisjonerer oss som en leder i bransjen for hydrauliske sylindere.<\/p>\n<p><img loading=\"lazy\" decoding=\"async\" class=\"aligncenter wp-image-627\" src=\"https:\/\/hydraulic-cylinders.net\/wp-content\/uploads\/2023\/08\/hydraulic-cylinder-product-2-300x189.webp\" alt=\"\" width=\"500\" height=\"315\" srcset=\"https:\/\/hydraulic-cylinders.net\/wp-content\/uploads\/2023\/08\/hydraulic-cylinder-product-2-300x189.webp 500w, https:\/\/hydraulic-cylinders.net\/wp-content\/uploads\/2023\/08\/hydraulic-cylinder-product-2-480x302.webp 480w\" sizes=\"(min-width: 0px) and (max-width: 480px) 480px, (min-width: 481px) 500px, 100vw\" \/><\/p>\n<h3><strong>(2) Maskinering<\/strong><\/h3>\n<p>V\u00e5rt maskineringsverksted har toppmoderne utstyr, inkludert et spesialtilpasset dreiesenter for skr\u00e5 skinner, et presisjonsmaskineringssenter, en h\u00f8yhastighets honemaskin og avanserte sveiseroboter. Dette sofistikerte oppsettet gj\u00f8r det mulig for oss \u00e5 effektivt bearbeide sylinderr\u00f8r med en maksimal indre diameter p\u00e5 400 mm og en lengde p\u00e5 opptil 6 meter.<\/p>\n<p><img loading=\"lazy\" decoding=\"async\" class=\"wp-image-628 size-large aligncenter\" src=\"https:\/\/hydraulic-cylinders.net\/wp-content\/uploads\/2023\/08\/hydraulic-cylinder-product-3-1024x391.webp\" alt=\"\" width=\"1024\" height=\"391\" srcset=\"https:\/\/hydraulic-cylinders.net\/wp-content\/uploads\/2023\/08\/hydraulic-cylinder-product-3-980x374.webp 980w, https:\/\/hydraulic-cylinders.net\/wp-content\/uploads\/2023\/08\/hydraulic-cylinder-product-3-480x183.webp 480w\" sizes=\"(min-width: 0px) and (max-width: 480px) 480px, (min-width: 481px) and (max-width: 980px) 980px, (min-width: 981px) 1024px, 100vw\" \/><\/p>\n<p>Med v\u00e5r banebrytende teknologi sikrer vi h\u00f8ykvalitetsmaskinering som oppfyller de ulike behovene innen produksjon av hydrauliske sylindere.<\/p>\n<h3><strong>(3) Sveising<\/strong><\/h3>\n<p><img loading=\"lazy\" decoding=\"async\" class=\"wp-image-629 size-large aligncenter\" src=\"https:\/\/hydraulic-cylinders.net\/wp-content\/uploads\/2023\/08\/hydraulic-cylinder-product-4-1024x510.webp\" alt=\"\" width=\"1024\" height=\"510\" srcset=\"https:\/\/hydraulic-cylinders.net\/wp-content\/uploads\/2023\/08\/hydraulic-cylinder-product-4-980x488.webp 980w, https:\/\/hydraulic-cylinders.net\/wp-content\/uploads\/2023\/08\/hydraulic-cylinder-product-4-480x239.webp 480w\" sizes=\"(min-width: 0px) and (max-width: 480px) 480px, (min-width: 481px) and (max-width: 980px) 980px, (min-width: 981px) 1024px, 100vw\" \/><\/p>\n<h3><strong>(4) Maling og belegg<\/strong><\/h3>\n<p><img loading=\"lazy\" decoding=\"async\" class=\"wp-image-630 aligncenter\" src=\"https:\/\/hydraulic-cylinders.net\/wp-content\/uploads\/2023\/08\/hydraulic-cylinder-product-5-300x213.webp\" alt=\"\" width=\"500\" height=\"355\" \/><\/p>\n<p>Anlegget v\u00e5rt har avanserte automatiske vannbaserte malingslinjer som er spesielt utviklet for sm\u00e5 og mellomstore sylindere. Disse linjene bruker robotteknologi for effektiv lasting, lossing og spr\u00f8yting, og oppn\u00e5r en bemerkelsesverdig produksjonskapasitet p\u00e5 4000 enheter per skift.<\/p>\n<p><img loading=\"lazy\" decoding=\"async\" class=\"wp-image-631 aligncenter\" src=\"https:\/\/hydraulic-cylinders.net\/wp-content\/uploads\/2023\/08\/hydraulic-cylinder-product-6-300x225.webp\" alt=\"\" width=\"500\" height=\"375\" srcset=\"https:\/\/hydraulic-cylinders.net\/wp-content\/uploads\/2023\/08\/hydraulic-cylinder-product-6-300x225.webp 500w, https:\/\/hydraulic-cylinders.net\/wp-content\/uploads\/2023\/08\/hydraulic-cylinder-product-6-480x360.webp 480w\" sizes=\"(min-width: 0px) and (max-width: 480px) 480px, (min-width: 481px) 500px, 100vw\" \/><\/p>\n<p>I tillegg driver vi en halvautomatisk produksjonslinje for maling av store sylindere, drevet av en robust kraftkjede, med en konstruert kapasitet p\u00e5 60 kasser per skift. Denne kombinasjonen av automatisering og effektivitet sikrer h\u00f8ykvalitets finish for alle v\u00e5re hydrauliske sylindere.<\/p>\n<h3><strong>(5) Testing<\/strong><\/h3>\n<p>Vi har f\u00f8rsteklasses inspeksjonsfasiliteter og testbenker for \u00e5 sikre at sylinderens ytelse oppfyller kravene.<\/p>\n<p><img loading=\"lazy\" decoding=\"async\" class=\"wp-image-632 aligncenter\" src=\"https:\/\/hydraulic-cylinders.net\/wp-content\/uploads\/2023\/08\/hydraulic-cylinder-product-8-300x200.webp\" alt=\"\" width=\"389\" height=\"260\" \/><\/p>\n<p>Vi er en anerkjent produsent av <a href=\"https:\/\/hzpt.com\/mobile-machinery-hydraulic-cylinder\/\" target=\"_blank\" rel=\"noopener\">hydrauliske sylindere<\/a>, anerkjent som en av de beste i bransjen. V\u00e5rt omfattende produktsortiment inkluderer et bredt utvalg av hydrauliske sylindere skreddersydd for \u00e5 dekke ulike bruksomr\u00e5der. I tillegg til hydrauliske sylindere tilbyr vi ogs\u00e5 landbruksgirkasser av h\u00f8y kvalitet, noe som sikrer at kundene v\u00e5re har tilgang til omfattende l\u00f8sninger for sine maskinbehov.<\/p>\n<p>Med en forpliktelse til kvalitet har vi med suksess eksportert produktene v\u00e5re til kunder over hele verden, og opparbeidet oss et sterkt rykte for overlegen produktkvalitet og eksepsjonell ettersalgsservice. V\u00e5r dedikasjon til kundetilfredshet har posisjonert oss som en p\u00e5litelig partner i b\u00e5de innenlandske og internasjonale markeder.<\/p>\n<h2><strong>Hvorfor velge oss?<\/strong><\/h2>\n<p><img loading=\"lazy\" decoding=\"async\" class=\"size-full wp-image-7201 aligncenter\" src=\"https:\/\/www.hydraulic-cylinders.net\/wp-content\/uploads\/2024\/09\/mining-dump-steering-cylinder-hydraulics-on-trucks-8.webp\" alt=\"\" width=\"1110\" height=\"735\" srcset=\"https:\/\/www.hydraulic-cylinders.net\/wp-content\/uploads\/2024\/09\/mining-dump-steering-cylinder-hydraulics-on-trucks-8.webp 1110w, https:\/\/www.hydraulic-cylinders.net\/wp-content\/uploads\/2024\/09\/mining-dump-steering-cylinder-hydraulics-on-trucks-8-980x649.webp 980w, https:\/\/www.hydraulic-cylinders.net\/wp-content\/uploads\/2024\/09\/mining-dump-steering-cylinder-hydraulics-on-trucks-8-480x318.webp 480w\" sizes=\"(min-width: 0px) and (max-width: 480px) 480px, (min-width: 481px) and (max-width: 980px) 980px, (min-width: 981px) 1110px, 100vw\" \/><\/p>\n<p><strong>Faglig ekspertise:<\/strong> Teamet v\u00e5rt best\u00e5r av bransjefolk med omfattende kunnskap og erfaring innen hydrauliske systemer, noe som sikrer at vi leverer produkter og tjenester av ypperste klasse.<\/p>\n<p><strong>Internasjonale sertifiseringer:<\/strong> Vi overholder strenge kvalitetsstandarder og har diverse internasjonale sertifiseringer, noe som viser v\u00e5r forpliktelse til \u00e5 levere p\u00e5litelige og trygge hydrauliske l\u00f8sninger.<\/p>\n<p><strong>Tilpassede l\u00f8sninger:<\/strong> Vi forst\u00e5r at hver kundes behov er unike. Derfor tilbyr vi tilpassede hydrauliske sylindere og girkasser som er skreddersydd for \u00e5 m\u00f8te spesifikke krav.<\/p>\n<p><strong>Avansert produksjonsutstyr:<\/strong> V\u00e5re toppmoderne produksjonsanlegg bruker den nyeste teknologien og utstyret, slik at vi kan produsere produkter av h\u00f8y kvalitet effektivt.<\/p>\n<p><strong>Omfattende kundest\u00f8tte etter salg:<\/strong> V\u00e5r forpliktelse overfor kundene v\u00e5re strekker seg utover salget. Vi tilbyr kontinuerlig st\u00f8tte og vedlikeholdstjenester for \u00e5 sikre optimal ytelse for produktene v\u00e5re.<\/p>\n<p>Vi inviterer kunder fra hele verden til \u00e5 kontakte oss for forretningsforhandlinger, informasjonsutveksling og samarbeidsmuligheter. Sammen kan vi oppn\u00e5 st\u00f8rre suksess i hydraulikkbransjen!<\/p>","protected":false},"excerpt":{"rendered":"<p>Forklift Short Lifting Hydraulic Cylinder The Short Forklift Lift Cylinder is designed to tackle short lifting tasks effortlessly, delivering the power and precision needed to optimize your material handling operations. Featuring a robust design, this hydraulic cylinder can withstand heavy loads, frequent use, and challenging operating conditions. Built for durability, it ensures reliable performance while [&hellip;]<\/p>","protected":false},"featured_media":658,"comment_status":"open","ping_status":"closed","template":"","meta":{"_et_pb_use_builder":"","_et_pb_old_content":"","_et_gb_content_width":""},"product_brand":[],"product_cat":[1484,1549],"product_tag":[1380],"class_list":{"0":"post-652","1":"product","2":"type-product","3":"status-publish","4":"has-post-thumbnail","6":"product_cat-forklift-hydraulic-cylinders","7":"product_cat-single-acting-hydraulic-cylinder","8":"product_tag-hydraulic-cylinder","10":"first","11":"instock","12":"shipping-taxable","13":"product-type-simple"},"amp_enabled":true,"_links":{"self":[{"href":"https:\/\/www.hydraulic-cylinders.net\/nb\/wp-json\/wp\/v2\/product\/652","targetHints":{"allow":["GET"]}}],"collection":[{"href":"https:\/\/www.hydraulic-cylinders.net\/nb\/wp-json\/wp\/v2\/product"}],"about":[{"href":"https:\/\/www.hydraulic-cylinders.net\/nb\/wp-json\/wp\/v2\/types\/product"}],"replies":[{"embeddable":true,"href":"https:\/\/www.hydraulic-cylinders.net\/nb\/wp-json\/wp\/v2\/comments?post=652"}],"wp:featuredmedia":[{"embeddable":true,"href":"https:\/\/www.hydraulic-cylinders.net\/nb\/wp-json\/wp\/v2\/media\/658"}],"wp:attachment":[{"href":"https:\/\/www.hydraulic-cylinders.net\/nb\/wp-json\/wp\/v2\/media?parent=652"}],"wp:term":[{"taxonomy":"product_brand","embeddable":true,"href":"https:\/\/www.hydraulic-cylinders.net\/nb\/wp-json\/wp\/v2\/product_brand?post=652"},{"taxonomy":"product_cat","embeddable":true,"href":"https:\/\/www.hydraulic-cylinders.net\/nb\/wp-json\/wp\/v2\/product_cat?post=652"},{"taxonomy":"product_tag","embeddable":true,"href":"https:\/\/www.hydraulic-cylinders.net\/nb\/wp-json\/wp\/v2\/product_tag?post=652"}],"curies":[{"name":"wp","href":"https:\/\/api.w.org\/{rel}","templated":true}]}}