{"id":7690,"date":"2024-09-26T11:14:33","date_gmt":"2024-09-26T11:14:33","guid":{"rendered":"https:\/\/www.hydraulic-cylinders.net\/?post_type=product&#038;p=7690"},"modified":"2025-04-14T01:17:34","modified_gmt":"2025-04-14T01:17:34","slug":"mining-dump-lifting-cylinder-hydraulic-on-trucks","status":"publish","type":"product","link":"https:\/\/www.hydraulic-cylinders.net\/nb\/produkt\/mining-dump-lifting-cylinder-hydraulic-on-trucks\/","title":{"rendered":"Hydraulisk l\u00f8ftesylinder for gruvedrift p\u00e5 lastebiler"},"content":{"rendered":"<h1 style=\"text-align: center;\"><strong>Hydraulisk l\u00f8ftesylinder for gruvedrift p\u00e5 lastebiler<\/strong><\/h1>\n<p><img loading=\"lazy\" decoding=\"async\" class=\"aligncenter wp-image-1608\" src=\"https:\/\/hydraulic-cylinders.net\/wp-content\/uploads\/2023\/10\/lifting-cylinder-1-300x300.webp\" alt=\"\" width=\"400\" height=\"400\" \/><\/p>\n<p>L\u00f8ftesylinderen p\u00e5 en gruvebil er en viktig komponent som er spesielt konstruert for disse kj\u00f8ret\u00f8yene. Denne kraftige hydrauliske sylinderen er ansvarlig for \u00e5 heve og senke lastebilens tippplan, noe som muliggj\u00f8r effektiv lasting og lossing av materialer under gruvedrift.<\/p>\n<p>L\u00f8ftesylinderen for gruvedrift er konstruert for robusthet og h\u00f8y l\u00f8ftekapasitet, og spiller en avgj\u00f8rende rolle i \u00e5 forbedre effektiviteten og produktiviteten i gruvedriften. Den presise kontrollen muliggj\u00f8r s\u00f8ml\u00f8s materialh\u00e5ndtering, noe som reduserer nedetid og maksimerer produksjonen.<\/p>\n<p>For \u00e5 sikre lang levetid og p\u00e5litelig ytelse for denne hydrauliske sylinderen, b\u00f8r operat\u00f8rer f\u00f8lge riktige bruksretningslinjer og overholde anbefalte vedlikeholdspraksiser. Velg denne h\u00f8ytytende l\u00f8ftesylinderen for \u00e5 \u00f8ke gruvedumperens kapasitet og optimalisere gruvedriften.<\/p>\n<h2><strong>Hydraulisk l\u00f8ftesylinder for gruvedrift p\u00e5 lastebiler Parameter:<\/strong><\/h2>\n<table border=\"1\" cellspacing=\"0\" cellpadding=\"0\">\n<tbody>\n<tr>\n<td>Produktnavn<\/td>\n<td>Hydraulisk l\u00f8ftesylinder for gruvedrift p\u00e5 lastebiler<\/td>\n<\/tr>\n<tr>\n<td>Funksjoner:<\/td>\n<td>L\u00f8ft\/senk karosseriet for lossing av last<\/td>\n<\/tr>\n<tr>\n<td>Borediameter:<\/td>\n<td>120 mm \uff5e380 mm<\/td>\n<\/tr>\n<tr>\n<td>Stangdiameter:<\/td>\n<td>90 mm \uff5e350 mm<\/td>\n<\/tr>\n<tr>\n<td>Generelt:<\/td>\n<td>To-trinns eller tre-trinns sylinder<\/td>\n<\/tr>\n<tr>\n<td>L\u00f8ftesylinderapplikasjoner:<\/td>\n<td>Gruvedriftsdumper<\/td>\n<\/tr>\n<\/tbody>\n<\/table>\n<h2><strong>Viktige egenskaper ved l\u00f8ftesylinder for gruvedrift:<\/strong><\/h2>\n<h3><strong>Robust og p\u00e5litelig konstruksjon<\/strong><\/h3>\n<p>L\u00f8ftesylinderen for gruvedrift er designet for holdbarhet, laget av materialer av h\u00f8y kvalitet og presisjonsteknikk for \u00e5 t\u00e5le de t\u00f8ffe forholdene i gruvedrift. Den tilbyr eksepsjonell styrke og p\u00e5litelighet, slik at den kan h\u00e5ndtere tunge belastninger og levere jevn ytelse selv i t\u00f8ffe milj\u00f8er.<\/p>\n<h3><strong>H\u00f8y l\u00f8ftekapasitet<\/strong><\/h3>\n<p>Denne sylinderen er konstruert for \u00e5 gi betydelig l\u00f8ftekapasitet, slik at gruvedumperen effektivt kan h\u00e5ndtere store mengder materialer. Med imponerende l\u00f8ftekraft muliggj\u00f8r den rask og p\u00e5litelig t\u00f8mming, minimerer nedetid og maksimerer produktiviteten p\u00e5 arbeidsplassen.<\/p>\n<h3><strong>Presis kontroll og jevn drift<\/strong><\/h3>\n<p>L\u00f8ftesylinderen for gruvedriftsdumpere gir presis kontroll over heving og senking av tippplanet, noe som sikrer jevn og n\u00f8yaktig bevegelse. Denne funksjonen lar operat\u00f8rene posisjonere tippplanet n\u00f8yaktig, noe som effektiviserer b\u00e5de laste- og losseoperasjoner.<\/p>\n<h2><strong>Identifikasjonsdiagram for hydraulisk l\u00f8ftesylinder for gruvedrift p\u00e5 lastebiler:<\/strong><\/h2>\n<p><img loading=\"lazy\" decoding=\"async\" class=\"wp-image-7200 aligncenter\" src=\"https:\/\/www.hydraulic-cylinders.net\/wp-content\/uploads\/2024\/09\/mining-dump-steering-cylinder-hydraulics-on-trucks-7.webp\" alt=\"\" width=\"1200\" height=\"801\" srcset=\"https:\/\/www.hydraulic-cylinders.net\/wp-content\/uploads\/2024\/09\/mining-dump-steering-cylinder-hydraulics-on-trucks-7-980x654.webp 980w, https:\/\/www.hydraulic-cylinders.net\/wp-content\/uploads\/2024\/09\/mining-dump-steering-cylinder-hydraulics-on-trucks-7-480x320.webp 480w\" sizes=\"(min-width: 0px) and (max-width: 480px) 480px, (min-width: 481px) and (max-width: 980px) 980px, (min-width: 981px) 1200px, 100vw\" \/><\/p>\n<h2><strong>Hvordan installere hydraulikk p\u00e5 en lastebil?<\/strong><\/h2>\n<h2><img loading=\"lazy\" decoding=\"async\" class=\"size-full wp-image-7691 aligncenter\" src=\"https:\/\/www.hydraulic-cylinders.net\/wp-content\/uploads\/2024\/09\/mining-dump-lifting-cylinder-hydraulic-on-trucks-2.webp\" alt=\"\" width=\"1600\" height=\"900\" srcset=\"https:\/\/www.hydraulic-cylinders.net\/wp-content\/uploads\/2024\/09\/mining-dump-lifting-cylinder-hydraulic-on-trucks-2.webp 1600w, https:\/\/www.hydraulic-cylinders.net\/wp-content\/uploads\/2024\/09\/mining-dump-lifting-cylinder-hydraulic-on-trucks-2-1280x720.webp 1280w, https:\/\/www.hydraulic-cylinders.net\/wp-content\/uploads\/2024\/09\/mining-dump-lifting-cylinder-hydraulic-on-trucks-2-980x551.webp 980w, https:\/\/www.hydraulic-cylinders.net\/wp-content\/uploads\/2024\/09\/mining-dump-lifting-cylinder-hydraulic-on-trucks-2-480x270.webp 480w\" sizes=\"(min-width: 0px) and (max-width: 480px) 480px, (min-width: 481px) and (max-width: 980px) 980px, (min-width: 981px) and (max-width: 1280px) 1280px, (min-width: 1281px) 1600px, 100vw\" \/><\/h2>\n<h3><strong>1. Samle materialene og verkt\u00f8yene dine<\/strong><\/h3>\n<h4><strong>Hydrauliske komponenter:<\/strong><\/h4>\n<p>Pumpe: Hjertet i ditt hydrauliske system.<br \/>\nSylinder: Omdanner hydraulisk energi til mekanisk kraft.<br \/>\nSlanger og r\u00f8rdeler: Viktig for v\u00e6skeoverf\u00f8ring og tilkoblinger.<br \/>\nReservoar: Holder hydraulisk v\u00e6ske.<\/p>\n<h4><strong>Verkt\u00f8y du trenger:<\/strong><\/h4>\n<p>Skiften\u00f8kler: For \u00e5 stramme forbindelser.<br \/>\nSkrutrekkere: For \u00e5 feste komponenter.<br \/>\nBor: Hvis det er n\u00f8dvendig med ytterligere monteringshull.<br \/>\nSag: For eventuelle justeringer eller modifikasjoner.<br \/>\nHydraulisk v\u00e6ske: Livsnerven i ditt hydrauliske system.<\/p>\n<h3><strong>2. Planlegg installasjonen<\/strong><\/h3>\n<p><strong>Velg steder med omhu:<\/strong> Identifiser og merk ideelle monteringssteder for pumpe, reservoar og sylinder, slik at du sikrer enkel tilgang og optimal funksjonalitet.<\/p>\n<p><strong>Gjennomg\u00e5 skjemaer:<\/strong> Studer systemoppsettet og koblingsskjemaene som er spesifikke for din lastebil for \u00e5 unng\u00e5 forvirring under installasjonen.<\/p>\n<h3><strong>3. Installer den hydrauliske pumpen<\/strong><\/h3>\n<h3><strong><img loading=\"lazy\" decoding=\"async\" class=\"alignnone wp-image-7197\" src=\"https:\/\/www.hydraulic-cylinders.net\/wp-content\/uploads\/2024\/09\/mining-dump-steering-cylinder-hydraulics-on-trucks-4.webp\" alt=\"\" width=\"500\" height=\"319\" \/><\/strong><\/h3>\n<p><strong>Monter pumpen sikkert: <\/strong>Fest pumpen til lastebilrammen eller motoren med passende braketter, og s\u00f8rg for at den er stabil og sikker.<\/p>\n<p><strong>Juster med kraftuttak:<\/strong> Hvis aktuelt, koble pumpen til kraftuttaket (PTO) for s\u00f8ml\u00f8s kraftoverf\u00f8ring fra motoren.<\/p>\n<h3><strong>4. Installer hydraulikktanken<\/strong><\/h3>\n<h3><strong><img loading=\"lazy\" decoding=\"async\" class=\"alignnone size-full wp-image-7198\" src=\"https:\/\/www.hydraulic-cylinders.net\/wp-content\/uploads\/2024\/09\/mining-dump-steering-cylinder-hydraulics-on-trucks-5.webp\" alt=\"\" width=\"500\" height=\"304\" srcset=\"https:\/\/www.hydraulic-cylinders.net\/wp-content\/uploads\/2024\/09\/mining-dump-steering-cylinder-hydraulics-on-trucks-5.webp 500w, https:\/\/www.hydraulic-cylinders.net\/wp-content\/uploads\/2024\/09\/mining-dump-steering-cylinder-hydraulics-on-trucks-5-480x292.webp 480w\" sizes=\"(min-width: 0px) and (max-width: 480px) 480px, (min-width: 481px) 500px, 100vw\" \/><\/strong><\/h3>\n<p><strong>Strategisk posisjonering:<\/strong>Plasser beholderen i n\u00e6rheten av pumpen for enkel tilgang under vedlikehold og v\u00e6skekontroller.<\/p>\n<p><strong>Sikre det godt:<\/strong> Bruk solide braketter eller bolter for \u00e5 feste tanken godt til lastebilrammen, slik at den ikke beveger seg under drift.<\/p>\n<h3><strong>5. Installer den hydrauliske sylinderen<\/strong><\/h3>\n<p><strong>Monter sylinderen:<\/strong> Fest den hydrauliske sylinderen p\u00e5 \u00f8nsket sted, for eksempel p\u00e5 tippplanet eller andre driftsomr\u00e5der.<\/p>\n<p><strong>S\u00f8rg for stabilitet: <\/strong>Sjekk at den er godt festet til rammen eller sengen for \u00e5 t\u00e5le belastningene ved bruk uten \u00e5 forskyve seg.<\/p>\n<h3><strong>6. Trekk hydrauliske slanger<\/strong><\/h3>\n<p><strong>Koble til slanger:<\/strong> Fest slanger fra pumpen til sylinderen og reservoaret, og s\u00f8rg for at de er f\u00f8rt bort fra bevegelige deler og varmekilder.<\/p>\n<p><strong>Bruk riktige beslag:<\/strong> Dobbeltsjekk alle tilkoblinger for \u00e5 sikre at de er tette og lekkasjefrie, bruk gjengetetningsmiddel om n\u00f8dvendig.<\/p>\n<h3><strong>7. Koble til kontrollventiler<\/strong><\/h3>\n<p><strong>Installer kontrollventiler praktisk:<\/strong> Plasser kontrollventilene i f\u00f8rerhuset eller i n\u00e6rheten av f\u00f8rersetet for enkel tilgang under kj\u00f8ring.<\/p>\n<p><strong>Koble til hydrauliske ledninger:<\/strong> Fest ventilene til slangene som f\u00f8rer til sylinderen, og s\u00f8rg for klare og uhindrede veier for v\u00e6skestr\u00f8mmen.<\/p>\n<h3><strong>8. Fyll det hydrauliske systemet<\/strong><\/h3>\n<p><strong>Tilsett hydraulisk v\u00e6ske:<\/strong> Fyll beholderen forsiktig med riktig hydraulikkv\u00e6ske, i henhold til produsentens spesifikasjoner.<\/p>\n<p><strong>Sjekk for lekkasjer:<\/strong> Inspiser alle tilkoblinger og beslag grundig for tegn p\u00e5 lekkasje, og stram til etter behov.<\/p>\n<h3><strong>9. Test systemet<\/strong><\/h3>\n<p><strong>Bruk kontrollene:<\/strong> Koble til det hydrauliske systemet for \u00e5 teste funksjonaliteten, slik at du sikrer problemfri drift uten problemer.<\/p>\n<p><strong>Overv\u00e5k ytelse:<\/strong> Se etter lekkasjer og lytt etter uvanlige lyder under drift. Gj\u00f8r n\u00f8dvendige justeringer for optimal ytelse.<\/p>\n<h2><strong>10. Sluttjusteringer<\/strong><\/h2>\n<p><strong>Sikre alle komponenter:<\/strong> G\u00e5 gjennom hver komponent for \u00e5 sikre at alt er godt festet og sikkert.<\/p>\n<p><strong>Gj\u00f8r n\u00f8dvendige justeringer:<\/strong> Finjuster alle deler for forbedret ytelse, slik at det hydrauliske systemet er klart til bruk.<\/p>\n<h2><strong>Hvordan sjekke hydraulikkv\u00e6sken p\u00e5 en dumper?<\/strong><\/h2>\n<h3><strong>1. Sikkerhet f\u00f8rst<\/strong><\/h3>\n<p><strong>Parker dumperen:<\/strong> S\u00f8rg for at lastebilen st\u00e5r p\u00e5 et flatt og stabilt underlag.<br \/>\n<strong>Sett p\u00e5 parkeringsbremsen:<\/strong> Aktiver parkeringsbremsen og sl\u00e5 av motoren.<\/p>\n<p><img loading=\"lazy\" decoding=\"async\" class=\"aligncenter wp-image-7202\" src=\"https:\/\/www.hydraulic-cylinders.net\/wp-content\/uploads\/2024\/09\/mining-dump-steering-cylinder-hydraulics-on-trucks-9.webp\" alt=\"\" width=\"800\" height=\"370\" srcset=\"https:\/\/www.hydraulic-cylinders.net\/wp-content\/uploads\/2024\/09\/mining-dump-steering-cylinder-hydraulics-on-trucks-9.webp 800w, https:\/\/www.hydraulic-cylinders.net\/wp-content\/uploads\/2024\/09\/mining-dump-steering-cylinder-hydraulics-on-trucks-9-480x222.webp 480w\" sizes=\"(min-width: 0px) and (max-width: 480px) 480px, (min-width: 481px) 800px, 100vw\" \/><\/p>\n<h3><strong>2. Finn det hydrauliske reservoaret<\/strong><\/h3>\n<p>Finn hydraulikkv\u00e6skebeholderen, vanligvis merket og plassert i n\u00e6rheten av komponentene i det hydrauliske systemet.<\/p>\n<h3><strong>3. Kontroller v\u00e6skeniv\u00e5et<\/strong><\/h3>\n<p><strong>Bruk av peilepinne:<\/strong> Hvis det er en peilepinne, ta den ut, t\u00f8rk den ren med en klut og sett den inn igjen for \u00e5 sjekke niv\u00e5et.<br \/>\n<strong>Bruk av et siktglass:<\/strong> Hvis beholderen har et seglass, m\u00e5 du bare observere v\u00e6skeniv\u00e5et direkte.<\/p>\n<h3><strong>4. Sjekk v\u00e6sketilstanden<\/strong><\/h3>\n<h3><strong><img loading=\"lazy\" decoding=\"async\" class=\"size-full wp-image-7204 aligncenter\" style=\"color: #666666; font-size: 14px; font-weight: 500;\" src=\"https:\/\/www.hydraulic-cylinders.net\/wp-content\/uploads\/2024\/09\/mining-dump-steering-cylinder-hydraulics-on-trucks-11.webp\" alt=\"\" width=\"640\" height=\"426\" srcset=\"https:\/\/www.hydraulic-cylinders.net\/wp-content\/uploads\/2024\/09\/mining-dump-steering-cylinder-hydraulics-on-trucks-11.webp 640w, https:\/\/www.hydraulic-cylinders.net\/wp-content\/uploads\/2024\/09\/mining-dump-steering-cylinder-hydraulics-on-trucks-11-480x320.webp 480w\" sizes=\"(min-width: 0px) and (max-width: 480px) 480px, (min-width: 481px) 640px, 100vw\" \/><\/strong><\/h3>\n<p>Vurder v\u00e6skens farge og klarhet. Hydraulikkv\u00e6sken skal v\u00e6re ren og klar. Hvis den ser m\u00f8rk ut eller inneholder rusk, m\u00e5 den kanskje byttes ut.<\/p>\n<h3><strong>5. Tilsett hydraulisk v\u00e6ske om n\u00f8dvendig<\/strong><\/h3>\n<p>Hvis v\u00e6skeniv\u00e5et er lavt, tilsett produsentens anbefalte hydrauliske v\u00e6ske til riktig niv\u00e5 n\u00e5s.<\/p>\n<h3><strong>6. Sjekk for lekkasjer<\/strong><\/h3>\n<p>Inspiser omr\u00e5det rundt reservoaret og slangene for tegn p\u00e5 lekkasjer eller skader.<\/p>\n<h3><strong>7. Lukk reservoaret<\/strong><\/h3>\n<p>Hvis du har fylt p\u00e5 v\u00e6ske, m\u00e5 du s\u00f8rge for at beholderlokket er ordentlig satt p\u00e5.<\/p>\n<h3><strong>8. Test systemet<\/strong><\/h3>\n<p>Start lastebilen og bruk hydraulikksystemet kort for \u00e5 sirkulere v\u00e6sken. Kontroller deretter v\u00e6skeniv\u00e5et p\u00e5 nytt for \u00e5 sikre at det forblir p\u00e5 riktig niv\u00e5.<\/p>\n<h2><strong>Fabrikkens kapasitet og kapasitet:<\/strong><\/h2>\n<h3><strong>(1) Montering<\/strong><\/h3>\n<p>Anlegget v\u00e5rt kan skryte av en uavhengig forsknings- og utviklingsplattform i toppklasse dedikert til produksjon av hydrauliske sylindere. Vi driver fire halvautomatiske monteringslinjer for l\u00f8ftesylindere og \u00e9n helautomatisk monteringslinje for vippesylindere, med en imponerende \u00e5rlig produksjonskapasitet p\u00e5 1 million sylindere.<img loading=\"lazy\" decoding=\"async\" class=\"aligncenter wp-image-626\" src=\"https:\/\/hydraulic-cylinders.net\/wp-content\/uploads\/2023\/08\/hydraulic-cylinder-product-1-300x158.webp\" alt=\"\" width=\"500\" height=\"263\" srcset=\"https:\/\/hydraulic-cylinders.net\/wp-content\/uploads\/2023\/08\/hydraulic-cylinder-product-1-300x158.webp 500w, https:\/\/hydraulic-cylinders.net\/wp-content\/uploads\/2023\/08\/hydraulic-cylinder-product-1-480x252.webp 480w\" sizes=\"(min-width: 0px) and (max-width: 480px) 480px, (min-width: 481px) 500px, 100vw\" \/><\/p>\n<p>I v\u00e5rt spesialiserte sylinderverksted bruker vi et halvautomatisk rengj\u00f8ringssystem designet for ulike spesifikasjoner, og som kan produsere 200 000 sylindere \u00e5rlig. Verkstedet v\u00e5rt er utstyrt med avansert CNC-maskineringsutstyr, et maskineringssenter, h\u00f8ypresisjonsverkt\u00f8y for sylinderbehandling, robotsveisemaskiner, automatiske rengj\u00f8ringssystemer og en automatisert sylindermonteringslinje. I tillegg har vi en helautomatisert produksjonslinje for lakkering.<\/p>\n<p>Med over 300 deler kritisk utstyr sikrer v\u00e5r optimale ressursallokering at vi oppfyller de strenge n\u00f8yaktighets- og kvalitetsstandardene som kundene v\u00e5re krever. Denne forpliktelsen til effektivitet og presisjon posisjonerer oss som en leder i bransjen for hydrauliske sylindere.<\/p>\n<p><img loading=\"lazy\" decoding=\"async\" class=\"aligncenter wp-image-627\" src=\"https:\/\/hydraulic-cylinders.net\/wp-content\/uploads\/2023\/08\/hydraulic-cylinder-product-2-300x189.webp\" alt=\"\" width=\"500\" height=\"315\" srcset=\"https:\/\/hydraulic-cylinders.net\/wp-content\/uploads\/2023\/08\/hydraulic-cylinder-product-2-300x189.webp 500w, https:\/\/hydraulic-cylinders.net\/wp-content\/uploads\/2023\/08\/hydraulic-cylinder-product-2-480x302.webp 480w\" sizes=\"(min-width: 0px) and (max-width: 480px) 480px, (min-width: 481px) 500px, 100vw\" \/><\/p>\n<h3><strong>(2) Maskinering<\/strong><\/h3>\n<p>V\u00e5rt maskineringsverksted har toppmoderne utstyr, inkludert et spesialtilpasset dreiesenter for skr\u00e5 skinner, et presisjonsmaskineringssenter, en h\u00f8yhastighets honemaskin og avanserte sveiseroboter. Dette sofistikerte oppsettet gj\u00f8r det mulig for oss \u00e5 effektivt bearbeide sylinderr\u00f8r med en maksimal indre diameter p\u00e5 400 mm og en lengde p\u00e5 opptil 6 meter.<\/p>\n<p><img loading=\"lazy\" decoding=\"async\" class=\"wp-image-628 size-large aligncenter\" src=\"https:\/\/hydraulic-cylinders.net\/wp-content\/uploads\/2023\/08\/hydraulic-cylinder-product-3-1024x391.webp\" alt=\"\" width=\"1024\" height=\"391\" srcset=\"https:\/\/hydraulic-cylinders.net\/wp-content\/uploads\/2023\/08\/hydraulic-cylinder-product-3-980x374.webp 980w, https:\/\/hydraulic-cylinders.net\/wp-content\/uploads\/2023\/08\/hydraulic-cylinder-product-3-480x183.webp 480w\" sizes=\"(min-width: 0px) and (max-width: 480px) 480px, (min-width: 481px) and (max-width: 980px) 980px, (min-width: 981px) 1024px, 100vw\" \/><\/p>\n<p>Med v\u00e5r banebrytende teknologi sikrer vi h\u00f8ykvalitetsmaskinering som oppfyller de ulike behovene innen produksjon av hydrauliske sylindere.<\/p>\n<h3><strong>(3) Sveising<\/strong><\/h3>\n<p><img loading=\"lazy\" decoding=\"async\" class=\"wp-image-629 size-large aligncenter\" src=\"https:\/\/hydraulic-cylinders.net\/wp-content\/uploads\/2023\/08\/hydraulic-cylinder-product-4-1024x510.webp\" alt=\"\" width=\"1024\" height=\"510\" srcset=\"https:\/\/hydraulic-cylinders.net\/wp-content\/uploads\/2023\/08\/hydraulic-cylinder-product-4-980x488.webp 980w, https:\/\/hydraulic-cylinders.net\/wp-content\/uploads\/2023\/08\/hydraulic-cylinder-product-4-480x239.webp 480w\" sizes=\"(min-width: 0px) and (max-width: 480px) 480px, (min-width: 481px) and (max-width: 980px) 980px, (min-width: 981px) 1024px, 100vw\" \/><\/p>\n<h3><strong>(4) Maling og belegg<\/strong><\/h3>\n<p><img loading=\"lazy\" decoding=\"async\" class=\"wp-image-630 aligncenter\" src=\"https:\/\/hydraulic-cylinders.net\/wp-content\/uploads\/2023\/08\/hydraulic-cylinder-product-5-300x213.webp\" alt=\"\" width=\"500\" height=\"355\" \/><\/p>\n<p>Anlegget v\u00e5rt har avanserte automatiske vannbaserte malingslinjer som er spesielt utviklet for sm\u00e5 og mellomstore sylindere. Disse linjene bruker robotteknologi for effektiv lasting, lossing og spr\u00f8yting, og oppn\u00e5r en bemerkelsesverdig produksjonskapasitet p\u00e5 4000 enheter per skift.<\/p>\n<p><img loading=\"lazy\" decoding=\"async\" class=\"wp-image-631 aligncenter\" src=\"https:\/\/hydraulic-cylinders.net\/wp-content\/uploads\/2023\/08\/hydraulic-cylinder-product-6-300x225.webp\" alt=\"\" width=\"500\" height=\"375\" srcset=\"https:\/\/hydraulic-cylinders.net\/wp-content\/uploads\/2023\/08\/hydraulic-cylinder-product-6-300x225.webp 500w, https:\/\/hydraulic-cylinders.net\/wp-content\/uploads\/2023\/08\/hydraulic-cylinder-product-6-480x360.webp 480w\" sizes=\"(min-width: 0px) and (max-width: 480px) 480px, (min-width: 481px) 500px, 100vw\" \/><\/p>\n<p>I tillegg driver vi en halvautomatisk produksjonslinje for maling av store sylindere, drevet av en robust kraftkjede, med en konstruert kapasitet p\u00e5 60 kasser per skift. Denne kombinasjonen av automatisering og effektivitet sikrer h\u00f8ykvalitets finish for alle v\u00e5re hydrauliske sylindere.<\/p>\n<h3><strong>(5) Testing<\/strong><\/h3>\n<p>Vi har f\u00f8rsteklasses inspeksjonsfasiliteter og testbenker for \u00e5 sikre at sylinderens ytelse oppfyller kravene.<\/p>\n<p><img loading=\"lazy\" decoding=\"async\" class=\"wp-image-632 aligncenter\" src=\"https:\/\/hydraulic-cylinders.net\/wp-content\/uploads\/2023\/08\/hydraulic-cylinder-product-8-300x200.webp\" alt=\"\" width=\"389\" height=\"260\" \/><\/p>\n<p>Vi er en anerkjent produsent av <a href=\"https:\/\/hzpt.com\/mobile-machinery-hydraulic-cylinder\/\" target=\"_blank\" rel=\"noopener\">hydrauliske sylindere<\/a>, anerkjent som en av de beste i bransjen. V\u00e5rt omfattende produktsortiment inkluderer et bredt utvalg av hydrauliske sylindere skreddersydd for \u00e5 dekke ulike bruksomr\u00e5der. I tillegg til hydrauliske sylindere tilbyr vi ogs\u00e5 landbruksgirkasser av h\u00f8y kvalitet, noe som sikrer at kundene v\u00e5re har tilgang til omfattende l\u00f8sninger for sine maskinbehov.<\/p>\n<p>Med en forpliktelse til kvalitet har vi med suksess eksportert produktene v\u00e5re til kunder over hele verden, og opparbeidet oss et sterkt rykte for overlegen produktkvalitet og eksepsjonell ettersalgsservice. V\u00e5r dedikasjon til kundetilfredshet har posisjonert oss som en p\u00e5litelig partner i b\u00e5de innenlandske og internasjonale markeder.<\/p>\n<h2><strong>Hvorfor velge oss?<\/strong><\/h2>\n<p><img loading=\"lazy\" decoding=\"async\" class=\"size-full wp-image-7201 aligncenter\" src=\"https:\/\/www.hydraulic-cylinders.net\/wp-content\/uploads\/2024\/09\/mining-dump-steering-cylinder-hydraulics-on-trucks-8.webp\" alt=\"\" width=\"1110\" height=\"735\" srcset=\"https:\/\/www.hydraulic-cylinders.net\/wp-content\/uploads\/2024\/09\/mining-dump-steering-cylinder-hydraulics-on-trucks-8.webp 1110w, https:\/\/www.hydraulic-cylinders.net\/wp-content\/uploads\/2024\/09\/mining-dump-steering-cylinder-hydraulics-on-trucks-8-980x649.webp 980w, https:\/\/www.hydraulic-cylinders.net\/wp-content\/uploads\/2024\/09\/mining-dump-steering-cylinder-hydraulics-on-trucks-8-480x318.webp 480w\" sizes=\"(min-width: 0px) and (max-width: 480px) 480px, (min-width: 481px) and (max-width: 980px) 980px, (min-width: 981px) 1110px, 100vw\" \/><\/p>\n<p><strong>Faglig ekspertise:<\/strong> Teamet v\u00e5rt best\u00e5r av bransjefolk med omfattende kunnskap og erfaring innen hydrauliske systemer, noe som sikrer at vi leverer produkter og tjenester av ypperste klasse.<\/p>\n<p><strong>Internasjonale sertifiseringer:<\/strong> Vi overholder strenge kvalitetsstandarder og har diverse internasjonale sertifiseringer, noe som viser v\u00e5r forpliktelse til \u00e5 levere p\u00e5litelige og trygge hydrauliske l\u00f8sninger.<\/p>\n<p><strong>Tilpassede l\u00f8sninger:<\/strong> Vi forst\u00e5r at hver kundes behov er unike. Derfor tilbyr vi tilpassede hydrauliske sylindere og girkasser som er skreddersydd for \u00e5 m\u00f8te spesifikke krav.<\/p>\n<p><strong>Avansert produksjonsutstyr:<\/strong> V\u00e5re toppmoderne produksjonsanlegg bruker den nyeste teknologien og utstyret, slik at vi kan produsere produkter av h\u00f8y kvalitet effektivt.<\/p>\n<p><strong>Omfattende kundest\u00f8tte etter salg:<\/strong> V\u00e5r forpliktelse overfor kundene v\u00e5re strekker seg utover salget. Vi tilbyr kontinuerlig st\u00f8tte og vedlikeholdstjenester for \u00e5 sikre optimal ytelse for produktene v\u00e5re.<\/p>\n<p>Vi inviterer kunder fra hele verden til \u00e5 kontakte oss for forretningsforhandlinger, informasjonsutveksling og samarbeidsmuligheter. Sammen kan vi oppn\u00e5 st\u00f8rre suksess i hydraulikkbransjen!<\/p>","protected":false},"excerpt":{"rendered":"<p>Mining Dump Lifting Cylinder Hydraulic On Trucks The lifting cylinder of a mining dump truck is a vital component specifically engineered for these vehicles. This powerful hydraulic cylinder is responsible for raising and lowering the truck&#8217;s dump bed, facilitating efficient loading and unloading of materials during mining operations. Designed for robustness and high lifting capacity, [&hellip;]<\/p>","protected":false},"featured_media":7205,"comment_status":"open","ping_status":"closed","template":"","meta":{"_et_pb_use_builder":"","_et_pb_old_content":"","_et_gb_content_width":""},"product_brand":[],"product_cat":[1517,1532,1549,1376,1393],"product_tag":[],"class_list":{"0":"post-7690","1":"product","2":"type-product","3":"status-publish","4":"has-post-thumbnail","6":"product_cat-dump-truck-hydraulic-cylinders","7":"product_cat-mining-dump-truck-hydraulic-cylinders","8":"product_cat-single-acting-hydraulic-cylinder","9":"product_cat-hydraulic-cylinder","10":"product_cat-telescopic-hydraulic-cylinder","12":"first","13":"instock","14":"shipping-taxable","15":"product-type-simple"},"amp_enabled":true,"_links":{"self":[{"href":"https:\/\/www.hydraulic-cylinders.net\/nb\/wp-json\/wp\/v2\/product\/7690","targetHints":{"allow":["GET"]}}],"collection":[{"href":"https:\/\/www.hydraulic-cylinders.net\/nb\/wp-json\/wp\/v2\/product"}],"about":[{"href":"https:\/\/www.hydraulic-cylinders.net\/nb\/wp-json\/wp\/v2\/types\/product"}],"replies":[{"embeddable":true,"href":"https:\/\/www.hydraulic-cylinders.net\/nb\/wp-json\/wp\/v2\/comments?post=7690"}],"wp:featuredmedia":[{"embeddable":true,"href":"https:\/\/www.hydraulic-cylinders.net\/nb\/wp-json\/wp\/v2\/media\/7205"}],"wp:attachment":[{"href":"https:\/\/www.hydraulic-cylinders.net\/nb\/wp-json\/wp\/v2\/media?parent=7690"}],"wp:term":[{"taxonomy":"product_brand","embeddable":true,"href":"https:\/\/www.hydraulic-cylinders.net\/nb\/wp-json\/wp\/v2\/product_brand?post=7690"},{"taxonomy":"product_cat","embeddable":true,"href":"https:\/\/www.hydraulic-cylinders.net\/nb\/wp-json\/wp\/v2\/product_cat?post=7690"},{"taxonomy":"product_tag","embeddable":true,"href":"https:\/\/www.hydraulic-cylinders.net\/nb\/wp-json\/wp\/v2\/product_tag?post=7690"}],"curies":[{"name":"wp","href":"https:\/\/api.w.org\/{rel}","templated":true}]}}