{"id":773,"date":"2023-08-23T02:33:49","date_gmt":"2023-08-23T02:33:49","guid":{"rendered":"https:\/\/hydraulic-cylinders.net\/?post_type=product&#038;p=773"},"modified":"2025-03-27T01:12:58","modified_gmt":"2025-03-27T01:12:58","slug":"low-pressure-hydraulic-cylinder-intermediate-pin","status":"publish","type":"product","link":"https:\/\/www.hydraulic-cylinders.net\/nb\/produkt\/low-pressure-hydraulic-cylinder-intermediate-pin\/","title":{"rendered":"Mellomtapp for lavtrykkshydraulikksylinderen"},"content":{"rendered":"<h1 style=\"text-align: center;\"><strong>Mellomtapp for lavtrykkshydraulikksylinderen<\/strong><\/h1>\n<p><img loading=\"lazy\" decoding=\"async\" class=\"aligncenter wp-image-774 size-full\" src=\"https:\/\/hydraulic-cylinders.net\/wp-content\/uploads\/2023\/08\/low-pressure-pull-rod-hydraulic-cylinder-middle-hinge-pin-1.webp\" alt=\"\" width=\"375\" height=\"175\" srcset=\"https:\/\/www.hydraulic-cylinders.net\/wp-content\/uploads\/2023\/08\/low-pressure-pull-rod-hydraulic-cylinder-middle-hinge-pin-1.webp 375w, https:\/\/www.hydraulic-cylinders.net\/wp-content\/uploads\/2023\/08\/low-pressure-pull-rod-hydraulic-cylinder-middle-hinge-pin-1-300x140.webp 300w\" sizes=\"(max-width: 375px) 100vw, 375px\" \/><\/p>\n<p>I en lavtrykks hydraulisk sylinder refererer mellompinnen til spikeren eller akselen mellom stempelet og stempelstangen. Et forbindelseselement overf\u00f8rer kraft fra stempelet til stangen, noe som muliggj\u00f8r line\u00e6r bevegelse.<\/p>\n<p>Design og konstruksjon av lavtrykkshydraulisk sylinder<\/p>\n<p>Mellomliggende pinner er vanligvis solide metallpinner eller aksler inne i sylinderen.<br \/>\nDen forbinder de to delene mellom stempelet og forbindelsesstangen.<br \/>\nMellomstiftens rolle er \u00e5 overf\u00f8re v\u00e6sketrykket som genereres av stempelet til stempelstangen, og dermed oppn\u00e5 den line\u00e6re bevegelsen som sylinderen krever.<\/p>\n<h2><strong>Parameter for mellomliggende pin for lavtrykkshydraulisk sylinder:<\/strong><\/h2>\n<p><img loading=\"lazy\" decoding=\"async\" class=\"alignnone wp-image-775 size-full\" src=\"https:\/\/hydraulic-cylinders.net\/wp-content\/uploads\/2023\/08\/low-pressure-pull-rod-hydraulic-cylinder-intermediate-pin-2.webp\" alt=\"\" width=\"690\" height=\"315\" srcset=\"https:\/\/hydraulic-cylinders.net\/wp-content\/uploads\/2023\/08\/low-pressure-pull-rod-hydraulic-cylinder-intermediate-pin-2.webp 690w, https:\/\/hydraulic-cylinders.net\/wp-content\/uploads\/2023\/08\/low-pressure-pull-rod-hydraulic-cylinder-intermediate-pin-2-480x219.webp 480w\" sizes=\"(min-width: 0px) and (max-width: 480px) 480px, (min-width: 481px) 690px, 100vw\" \/><\/p>\n<h2><strong>Funksjon og drift av <\/strong><strong>Mellomtapp for lavtrykkshydraulikksylinderen<\/strong><strong>:<\/strong><\/h2>\n<ul>\n<li>N\u00e5r stempelet ut\u00f8ves hydraulisk trykk, ut\u00f8ver det en kraft p\u00e5 den midterste pinnen, noe som f\u00e5r den til \u00e5 bevege seg.<\/li>\n<li>Bevegelsen til mellompinnen overf\u00f8rer kraft til stempelstangen, noe som f\u00e5r den hydrauliske sylinderen til \u00e5 strekke seg eller trekke seg sammen.<\/li>\n<li>Mellomstiften s\u00f8rger for at den hydraulisk genererte kraften overf\u00f8res effektivt til stempelstangen, og dermed oppn\u00e5s den \u00f8nskede bevegelsen av sylinderen.<\/li>\n<\/ul>\n<h2><strong>Vedlikehold og utskifting av mellomliggende pinner for lavtrykkshydraulisk sylinder<\/strong><strong>:<\/strong><\/h2>\n<ul>\n<li>Ved reparasjon eller modifisering av lavtrykkshydraulikksylinderen b\u00f8r tilstanden til den midterste pinnen kontrolleres.<\/li>\n<li>Hvis det er tegn p\u00e5 slitasje, skade eller overspill, b\u00f8r en ny mellompinne byttes ut for \u00e5 sikre normal drift av sylinderen.<\/li>\n<li>N\u00e5r du bytter ut midtpinnen, m\u00e5 produsentens retningslinjer og spesifikasjoner f\u00f8lges for \u00e5 sikre kompatibilitet og optimal ytelse.<\/li>\n<\/ul>\n<h2><strong>Hvordan m\u00e5le en hydraulisk sylinder?<\/strong><\/h2>\n<ol>\n<li><strong>Boringsdiameter<\/strong>:\n<ul>\n<li>M\u00e5l den indre diameteren p\u00e5 sylindersylinderen. Dette kalles \u00abboringsdiameteren\u00bb.<\/li>\n<li>Plasser bremsekaliperne inne i sylinderr\u00f8ret og forleng kjevene til de ber\u00f8rer innerveggene.<\/li>\n<li>Legg merke til m\u00e5lingen som vises p\u00e5 skyvel\u00e6rene.<\/li>\n<\/ul>\n<\/li>\n<li><strong>Stangdiameter<\/strong>:\n<ul>\n<li>M\u00e5l den ytre diameteren p\u00e5 stempelstangen. Dette kalles \u00abstangdiameteren\u00bb.<\/li>\n<li>Plasser bremseklavene rundt stempelstangen og juster kjevene til de griper lett inn i stangoverflaten.<\/li>\n<li>Legg merke til m\u00e5lingen som vises p\u00e5 skyvel\u00e6rene.<\/li>\n<\/ul>\n<\/li>\n<li><strong>Slaglengde<\/strong>:\n<ul>\n<li>Bestem slaglengden, som er den maksimale avstanden stempelet kan bevege seg inne i sylinderen.<\/li>\n<li>Trekk stempelstangen helt utstrakt og m\u00e5l avstanden fra sylinderens forside til enden av stempelstangen.<\/li>\n<li>Legg merke til m\u00e5lingen som slaglengde.<\/li>\n<\/ul>\n<\/li>\n<li><strong>Monteringsm\u00e5l<\/strong>:\n<ul>\n<li>M\u00e5l monteringsm\u00e5lene for \u00e5 bestemme hvordan den hydrauliske sylinderen skal festes til utstyret eller konstruksjonen.<\/li>\n<li>M\u00e5l avstanden mellom monteringshullene eller brakettene p\u00e5 sylinderens monteringsflens.<\/li>\n<li>M\u00e5l hulldiameteren, hvis aktuelt.<\/li>\n<\/ul>\n<\/li>\n<li><strong>Total lengde<\/strong>:\n<ul>\n<li>M\u00e5l den totale lengden p\u00e5 den hydrauliske sylinderen, som inkluderer lengden p\u00e5 sylindersylinderen, stempelstangen og eventuelle andre utstikkende komponenter.<\/li>\n<li>Plasser en linjal over forsiden av sylinderen og m\u00e5l avstanden fra forsiden til det fjerneste punktet i motsatt ende.<\/li>\n<\/ul>\n<\/li>\n<li><strong>Ytterligere m\u00e5linger<\/strong>:\n<ul>\n<li>Avhengig av de spesifikke kravene til applikasjonen din, kan det hende du m\u00e5 m\u00e5le ytterligere detaljer, for eksempel lengden p\u00e5 stempelet, tykkelsen p\u00e5 endehettene eller dimensjonene til eventuelle porter eller beslag.<\/li>\n<\/ul>\n<\/li>\n<\/ol>\n<h2><strong>Fabrikkens kapasitet og kapasitet:<\/strong><\/h2>\n<h3>(1) Montering<\/h3>\n<p>Vi har en f\u00f8rsteklasses uavhengig forsknings- og utviklingsplattform for montering. Produksjonsverkstedet for gaffeltrucksylindere har fire halvautomatiske monteringslinjer for l\u00f8ftesylindere og \u00e9n automatisk monteringslinje for tiltsylindere, med en \u00e5rlig produksjonskapasitet p\u00e5 1 million enheter. Det spesielle sylinderverkstedet er utstyrt med et halvautomatisk rengj\u00f8ringsmonteringssystem med ulike spesifikasjoner, med en \u00e5rlig produksjonskapasitet p\u00e5 200 000 enheter. Vi er utstyrt med kjent CNC-maskineringsutstyr, maskineringssenter, spesialutstyr for h\u00f8ypresisjons sylinderbehandling, robotsveisemaskin, automatisk rengj\u00f8ringsmaskin, automatisk sylindermonteringsmaskin og automatisk lakkeringsproduksjonslinje. Vi har over 300 n\u00f8kkelutstyr. Optimal allokering og effektiv bruk av utstyrsressurser sikrer n\u00f8yaktighetskravene til produktene og oppfyller de h\u00f8ye kvalitetskravene.<\/p>\n<p><img loading=\"lazy\" decoding=\"async\" class=\"alignnone wp-image-626\" src=\"https:\/\/hydraulic-cylinders.net\/wp-content\/uploads\/2023\/08\/hydraulic-cylinder-product-1-300x158.webp\" alt=\"\" width=\"495\" height=\"260\" srcset=\"https:\/\/hydraulic-cylinders.net\/wp-content\/uploads\/2023\/08\/hydraulic-cylinder-product-1-300x158.webp 495w, https:\/\/hydraulic-cylinders.net\/wp-content\/uploads\/2023\/08\/hydraulic-cylinder-product-1-480x252.webp 480w\" sizes=\"(min-width: 0px) and (max-width: 480px) 480px, (min-width: 481px) 495px, 100vw\" \/> <img loading=\"lazy\" decoding=\"async\" class=\"alignnone wp-image-627\" src=\"https:\/\/hydraulic-cylinders.net\/wp-content\/uploads\/2023\/08\/hydraulic-cylinder-product-2-300x189.webp\" alt=\"\" width=\"413\" height=\"260\" \/><\/p>\n<h3>(2) Maskinering<\/h3>\n<p>Maskineringsverkstedet er utstyrt med et spesialtilpasset dreiesenter for skr\u00e5 skinner, maskineringssenter, h\u00f8yhastighets honemaskin, sveiserobot og annet relatert utstyr, som kan h\u00e5ndtere bearbeiding av sylinderr\u00f8r med en maksimal indre diameter p\u00e5 400 mm og en maksimal lengde p\u00e5 6 meter.<\/p>\n<p><img loading=\"lazy\" decoding=\"async\" class=\"alignnone wp-image-628 size-large\" src=\"https:\/\/hydraulic-cylinders.net\/wp-content\/uploads\/2023\/08\/hydraulic-cylinder-product-3-1024x391.webp\" alt=\"\" width=\"1024\" height=\"391\" srcset=\"https:\/\/hydraulic-cylinders.net\/wp-content\/uploads\/2023\/08\/hydraulic-cylinder-product-3-980x374.webp 980w, https:\/\/hydraulic-cylinders.net\/wp-content\/uploads\/2023\/08\/hydraulic-cylinder-product-3-480x183.webp 480w\" sizes=\"(min-width: 0px) and (max-width: 480px) 480px, (min-width: 481px) and (max-width: 980px) 980px, (min-width: 981px) 1024px, 100vw\" \/><\/p>\n<h3>(3) Sveising<\/h3>\n<p><img loading=\"lazy\" decoding=\"async\" class=\"alignnone wp-image-629 size-large\" src=\"https:\/\/hydraulic-cylinders.net\/wp-content\/uploads\/2023\/08\/hydraulic-cylinder-product-4-1024x510.webp\" alt=\"\" width=\"1024\" height=\"510\" srcset=\"https:\/\/hydraulic-cylinders.net\/wp-content\/uploads\/2023\/08\/hydraulic-cylinder-product-4-980x488.webp 980w, https:\/\/hydraulic-cylinders.net\/wp-content\/uploads\/2023\/08\/hydraulic-cylinder-product-4-480x239.webp 480w\" sizes=\"(min-width: 0px) and (max-width: 480px) 480px, (min-width: 481px) and (max-width: 980px) 980px, (min-width: 981px) 1024px, 100vw\" \/><\/p>\n<h3>(4) Maling og belegg<\/h3>\n<p>Med sm\u00e5 og mellomstore sylinderautomatiske vannbaserte malingsbeleggslinjer, for \u00e5 oppn\u00e5 automatisk robotlasting og -lossing og automatisk spr\u00f8yting, er den designede kapasiteten 4000 stykker per skift;<br \/>\nVi har ogs\u00e5 en halvautomatisk produksjonslinje for maling for store sylindere, drevet av en kabelkjede, med en designkapasitet p\u00e5 60 kasser per skift.<\/p>\n<p><img loading=\"lazy\" decoding=\"async\" class=\"alignnone wp-image-630\" src=\"https:\/\/hydraulic-cylinders.net\/wp-content\/uploads\/2023\/08\/hydraulic-cylinder-product-5-300x213.webp\" alt=\"\" width=\"366\" height=\"260\" \/> <img loading=\"lazy\" decoding=\"async\" class=\"alignnone wp-image-631\" src=\"https:\/\/hydraulic-cylinders.net\/wp-content\/uploads\/2023\/08\/hydraulic-cylinder-product-6-300x225.webp\" alt=\"\" width=\"347\" height=\"260\" \/><\/p>\n<h3>(5) Testing<\/h3>\n<p>Vi har f\u00f8rsteklasses inspeksjonsfasiliteter og testbenker for \u00e5 sikre at sylinderens ytelse oppfyller kravene.<\/p>\n<p><img loading=\"lazy\" decoding=\"async\" class=\"alignnone wp-image-632\" src=\"https:\/\/hydraulic-cylinders.net\/wp-content\/uploads\/2023\/08\/hydraulic-cylinder-product-8-300x200.webp\" alt=\"\" width=\"389\" height=\"260\" \/><\/p>\n<p>&nbsp;<\/p>\n<p>&nbsp;<\/p>\n<p>Vi er en av de beste produsentene av hydrauliske lavtrykkssylindere. Vi kan tilby et bredt lager av hydrauliske lavtrykkssylindere. Vi tilbyr ogs\u00e5 tilsvarende <a href=\"https:\/\/hzpt.com\/agricultural-pto-gearbox\/\" target=\"_blank\" rel=\"noopener\">landbruksgirkasser<\/a>Vi har eksportert produktene v\u00e5re til kunder over hele verden og opparbeidet oss et godt rykte p\u00e5 grunn av v\u00e5r overlegne produktkvalitet og ettersalgsservice. Vi \u00f8nsker kunder i b\u00e5de inn- og utland hjertelig velkommen til \u00e5 kontakte oss for \u00e5 forhandle om forretninger, utveksle informasjon og\u00a0<a href=\"https:\/\/www.hydraulic-cylinders.net\/nb\/contact-us\/\">samarbeide med oss<\/a>!<\/p>\n<p>&nbsp;<\/p>","protected":false},"excerpt":{"rendered":"<p>Low-Pressure Hydraulic Cylinder Intermediate Pin In a low-pressure hydraulic cylinder, the intermediate pin refers to the nail or shaft between the piston and the piston rod. A connecting element transfers force from the piston to the rod, allowing for linear motion. Design and construction of the low-pressure hydraulic cylinder Intermediate pins are usually solid metal [&hellip;]<\/p>","protected":false},"featured_media":776,"comment_status":"open","ping_status":"closed","template":"","meta":{"_et_pb_use_builder":"","_et_pb_old_content":"","_et_gb_content_width":""},"product_brand":[],"product_cat":[1376,1388],"product_tag":[1380],"class_list":{"0":"post-773","1":"product","2":"type-product","3":"status-publish","4":"has-post-thumbnail","6":"product_cat-hydraulic-cylinder","7":"product_cat-low-pressure-hydraulic-cylinder","8":"product_tag-hydraulic-cylinder","10":"first","11":"instock","12":"shipping-taxable","13":"product-type-simple"},"amp_enabled":true,"_links":{"self":[{"href":"https:\/\/www.hydraulic-cylinders.net\/nb\/wp-json\/wp\/v2\/product\/773","targetHints":{"allow":["GET"]}}],"collection":[{"href":"https:\/\/www.hydraulic-cylinders.net\/nb\/wp-json\/wp\/v2\/product"}],"about":[{"href":"https:\/\/www.hydraulic-cylinders.net\/nb\/wp-json\/wp\/v2\/types\/product"}],"replies":[{"embeddable":true,"href":"https:\/\/www.hydraulic-cylinders.net\/nb\/wp-json\/wp\/v2\/comments?post=773"}],"wp:featuredmedia":[{"embeddable":true,"href":"https:\/\/www.hydraulic-cylinders.net\/nb\/wp-json\/wp\/v2\/media\/776"}],"wp:attachment":[{"href":"https:\/\/www.hydraulic-cylinders.net\/nb\/wp-json\/wp\/v2\/media?parent=773"}],"wp:term":[{"taxonomy":"product_brand","embeddable":true,"href":"https:\/\/www.hydraulic-cylinders.net\/nb\/wp-json\/wp\/v2\/product_brand?post=773"},{"taxonomy":"product_cat","embeddable":true,"href":"https:\/\/www.hydraulic-cylinders.net\/nb\/wp-json\/wp\/v2\/product_cat?post=773"},{"taxonomy":"product_tag","embeddable":true,"href":"https:\/\/www.hydraulic-cylinders.net\/nb\/wp-json\/wp\/v2\/product_tag?post=773"}],"curies":[{"name":"wp","href":"https:\/\/api.w.org\/{rel}","templated":true}]}}