{"id":782,"date":"2023-08-23T03:36:50","date_gmt":"2023-08-23T03:36:50","guid":{"rendered":"https:\/\/hydraulic-cylinders.net\/?post_type=product&#038;p=782"},"modified":"2025-04-16T02:23:02","modified_gmt":"2025-04-16T02:23:02","slug":"machine-tool-low-pressure-hydraulic-cylinder","status":"publish","type":"product","link":"https:\/\/www.hydraulic-cylinders.net\/nb\/produkt\/machine-tool-low-pressure-hydraulic-cylinder\/","title":{"rendered":"Hydraulisk sylinder med lavt trykk for maskinverkt\u00f8y"},"content":{"rendered":"<h1 style=\"text-align: center;\"><strong>Hydraulisk sylinder med lavt trykk for maskinverkt\u00f8y<\/strong><\/h1>\n<p><img loading=\"lazy\" decoding=\"async\" class=\"aligncenter wp-image-785 size-full\" src=\"https:\/\/hydraulic-cylinders.net\/wp-content\/uploads\/2023\/08\/low-pressure-hydraulic-cylinder-2.webp\" alt=\"\" width=\"300\" height=\"300\" srcset=\"https:\/\/www.hydraulic-cylinders.net\/wp-content\/uploads\/2023\/08\/low-pressure-hydraulic-cylinder-2.webp 300w, https:\/\/www.hydraulic-cylinders.net\/wp-content\/uploads\/2023\/08\/low-pressure-hydraulic-cylinder-2-100x100.webp 100w, https:\/\/www.hydraulic-cylinders.net\/wp-content\/uploads\/2023\/08\/low-pressure-hydraulic-cylinder-2-150x150.webp 150w\" sizes=\"(max-width: 300px) 100vw, 300px\" \/><\/p>\n<p>Lavtrykks hydrauliske sylindere er selskapets fordel innen produkter, produksjonserfaring, moden teknologi, kostnadseffektivitet og kan erstatte hydrauliske sylindere.<\/p>\n<p>Kombinert med markedets ettersp\u00f8rsel, sorter ut parameterne for lavtrykks hydrauliske sylindere for maskinverkt\u00f8yindustrien, for eksempel hydrauliske sylindere for b\u00e5ndsagmaskiner.<\/p>\n<p>Kunder kan bestille i henhold til f\u00f8lgende parametere, bekvemmelighet og rask leveringstid.<\/p>\n<p>Lav kostnad: Hydrauliske sylindere med lavt trykk er vanligvis billigere enn andre sylindere.<br \/>\nEnkel design: Design og produksjon av lavtrykkshydrauliske sylindere er relativt enkel.<br \/>\nEnkelt vedlikehold: Lavtrykkshydrauliske sylindere er relativt enkle \u00e5 vedlikeholde.<\/p>\n<h2><strong>Parameter for lavtrykks hydraulisk sylinder:<\/strong><\/h2>\n<h3>(1) Hydraulisk sylinder med lavt trykk, frontflens:<\/h3>\n<h3><img loading=\"lazy\" decoding=\"async\" class=\"alignnone wp-image-786 size-full\" src=\"https:\/\/hydraulic-cylinders.net\/wp-content\/uploads\/2023\/08\/low-pressure-pull-rod-hydraulic-cylinder-front-flange-2-2.webp\" alt=\"\" width=\"690\" height=\"397\" srcset=\"https:\/\/hydraulic-cylinders.net\/wp-content\/uploads\/2023\/08\/low-pressure-pull-rod-hydraulic-cylinder-front-flange-2-2.webp 690w, https:\/\/hydraulic-cylinders.net\/wp-content\/uploads\/2023\/08\/low-pressure-pull-rod-hydraulic-cylinder-front-flange-2-2-480x276.webp 480w\" sizes=\"(min-width: 0px) and (max-width: 480px) 480px, (min-width: 481px) 690px, 100vw\" \/><\/h3>\n<h3>(2) Bakflens for lavtrykks hydraulisk sylinder:<\/h3>\n<h3><img loading=\"lazy\" decoding=\"async\" class=\"alignnone wp-image-787\" src=\"https:\/\/hydraulic-cylinders.net\/wp-content\/uploads\/2023\/08\/low-pressure-pull-rod-hydraulic-cylinder-back-flange-2-2-1024x556.webp\" alt=\"\" width=\"800\" height=\"434\" \/><\/h3>\n<h3>(3) Lavtrykks hydraulisk sylinder fremre pinne:<\/h3>\n<p><img loading=\"lazy\" decoding=\"async\" class=\"alignnone wp-image-788 size-full\" src=\"https:\/\/hydraulic-cylinders.net\/wp-content\/uploads\/2023\/08\/low-pressure-pull-rod-hydraulic-cylinder-front-hinge-pin-2-1.webp\" alt=\"\" width=\"660\" height=\"289\" srcset=\"https:\/\/hydraulic-cylinders.net\/wp-content\/uploads\/2023\/08\/low-pressure-pull-rod-hydraulic-cylinder-front-hinge-pin-2-1.webp 660w, https:\/\/hydraulic-cylinders.net\/wp-content\/uploads\/2023\/08\/low-pressure-pull-rod-hydraulic-cylinder-front-hinge-pin-2-1-480x210.webp 480w\" sizes=\"(min-width: 0px) and (max-width: 480px) 480px, (min-width: 481px) 660px, 100vw\" \/><\/p>\n<h3>(4) Mellomliggende pinne for lavtrykkshydraulisk sylinder:<\/h3>\n<p><img loading=\"lazy\" decoding=\"async\" class=\"alignnone wp-image-789 size-full\" src=\"https:\/\/hydraulic-cylinders.net\/wp-content\/uploads\/2023\/08\/low-pressure-pull-rod-hydraulic-cylinder-intermediate-pin-2-1.webp\" alt=\"\" width=\"690\" height=\"315\" srcset=\"https:\/\/hydraulic-cylinders.net\/wp-content\/uploads\/2023\/08\/low-pressure-pull-rod-hydraulic-cylinder-intermediate-pin-2-1.webp 690w, https:\/\/hydraulic-cylinders.net\/wp-content\/uploads\/2023\/08\/low-pressure-pull-rod-hydraulic-cylinder-intermediate-pin-2-1-480x219.webp 480w\" sizes=\"(min-width: 0px) and (max-width: 480px) 480px, (min-width: 481px) 690px, 100vw\" \/><\/p>\n<h3>(5) Bakre pinne p\u00e5 lavtrykkshydraulikksylinder:<\/h3>\n<p><img loading=\"lazy\" decoding=\"async\" class=\"alignnone wp-image-790 size-full\" src=\"https:\/\/hydraulic-cylinders.net\/wp-content\/uploads\/2023\/08\/low-pressure-pull-rod-hydraulic-cylinder-rear-pin-hole-2-1.webp\" alt=\"\" width=\"690\" height=\"333\" srcset=\"https:\/\/hydraulic-cylinders.net\/wp-content\/uploads\/2023\/08\/low-pressure-pull-rod-hydraulic-cylinder-rear-pin-hole-2-1.webp 690w, https:\/\/hydraulic-cylinders.net\/wp-content\/uploads\/2023\/08\/low-pressure-pull-rod-hydraulic-cylinder-rear-pin-hole-2-1-480x232.webp 480w\" sizes=\"(min-width: 0px) and (max-width: 480px) 480px, (min-width: 481px) 690px, 100vw\" \/><\/p>\n<h3>(6) Parameter for fotst\u00f8tte for lavtrykks hydraulisk sylinder:<\/h3>\n<p><img loading=\"lazy\" decoding=\"async\" class=\"alignnone wp-image-791 size-full\" src=\"https:\/\/hydraulic-cylinders.net\/wp-content\/uploads\/2023\/08\/low-pressure-pull-rod-hydraulic-cylinder-footstand-2-1.webp\" alt=\"\" width=\"703\" height=\"314\" srcset=\"https:\/\/hydraulic-cylinders.net\/wp-content\/uploads\/2023\/08\/low-pressure-pull-rod-hydraulic-cylinder-footstand-2-1.webp 703w, https:\/\/hydraulic-cylinders.net\/wp-content\/uploads\/2023\/08\/low-pressure-pull-rod-hydraulic-cylinder-footstand-2-1-480x214.webp 480w\" sizes=\"(min-width: 0px) and (max-width: 480px) 480px, (min-width: 481px) 703px, 100vw\" \/><\/p>\n<h2><strong>Teknisk parameter for <\/strong><strong>Lavtrykks hydraulisk sylinder:<\/strong><\/h2>\n<p>Installasjonsmodusen kan velges fra f\u00f8lgende alternativer<br \/>\n1) Gjengest\u00f8rrelse p\u00e5 stempelstangenden: innvendig gjenge eller utvendig gjenge, gjengest\u00f8rrelse og lengde<br \/>\n2) oljeportposisjon;<br \/>\n3) \u00abTotal lengde\u00bb i parametertabellen, det vil si sylinderens lengde n\u00e5r slaglengden er 0, for eksempel n\u00e5r slaglengden er 100 mm, sylinderens totale lengde = \u00abtotal lengde\u00bb-verdien +100<\/p>\n<h2><strong>Anvendelsesomr\u00e5de for <\/strong><strong>Lavtrykks hydraulisk sylinder:<\/strong><\/h2>\n<p>1) Bruken av trykkomr\u00e5det er under 5MPA;<br \/>\n2) Frontdekselet, bakdekselet og stempelet er st\u00f8pt, sylinderen er st\u00e5l nr. 20, og stempelstangen er forkrommet st\u00e5l nr. 45;<br \/>\n3) Standardsylinderen p\u00e5virkes hovedsakelig av skyvekraft; hvis det hovedsakelig skyldes spenning, m\u00e5 kunden gi spesielle instruksjoner;<br \/>\n4) Indre diameteromr\u00e5de for denne produktserien er 63~125 mm, maksimal skyvekraft er 4,8 tonn;<br \/>\n5) Ingen buffer som standard; Hvis buffering er n\u00f8dvendig, trenger kunden spesielle instruksjoner.<\/p>\n<p><img loading=\"lazy\" decoding=\"async\" class=\"size-full wp-image-316728 aligncenter\" src=\"https:\/\/hzpt.com\/wp-content\/uploads\/2023\/08\/low-pressure-hydraulic-cylinder-1.webp\" alt=\"\" width=\"540\" height=\"1015\" \/><\/p>\n<h2><strong>Hvordan m\u00e5le en hydraulisk sylinder?<\/strong><\/h2>\n<p>For \u00e5 m\u00e5le en hydraulisk sylinder trenger du noen grunnleggende verkt\u00f8y som et m\u00e5leb\u00e5nd eller en linjal, en skyvel\u00e6re og muligens en dybdem\u00e5ler. Her er en trinnvis veiledning om hvordan du m\u00e5ler en hydraulisk sylinder:<\/p>\n<ol>\n<li><strong>Utvidet lengde<\/strong>:\n<ul>\n<li>S\u00f8rg for at den hydrauliske sylinderen er helt utstrakt.<\/li>\n<li>M\u00e5l avstanden fra midten av monteringshullet i den ene enden av sylinderen til midten av monteringshullet i den andre enden. Denne m\u00e5lingen representerer den utstrakte lengden eller den totale lengden p\u00e5 sylinderen.<\/li>\n<\/ul>\n<\/li>\n<li><strong>Tilbaketrukket lengde<\/strong>:\n<ul>\n<li>Trekk den hydrauliske sylinderen helt inn.<\/li>\n<li>M\u00e5l avstanden fra midten av monteringshullet i den ene enden av sylinderen til midten av monteringshullet i den andre enden. Denne m\u00e5lingen representerer sylinderens inntrukne lengde.<\/li>\n<\/ul>\n<\/li>\n<li><strong>Boringsdiameter<\/strong>:\n<ul>\n<li>M\u00e5l den indre diameteren p\u00e5 sylinderr\u00f8ret, som kalles boringsdiameteren. Dette gj\u00f8res vanligvis ved hjelp av en skyvel\u00e6r.<\/li>\n<li>Plasser kaliperkjevene inni sylinderr\u00f8ret og m\u00e5l avstanden mellom de indre overflatene av sylinderr\u00f8rets vegger.<\/li>\n<\/ul>\n<\/li>\n<li><strong>Stangdiameter<\/strong>:\n<ul>\n<li>M\u00e5l diameteren p\u00e5 stempelstangen. Dette gj\u00f8res vanligvis med en skyvel\u00e6r.<\/li>\n<li>Plasser kaliperkjevene rundt stempelstangen og m\u00e5l avstanden mellom stangens ytre overflater.<\/li>\n<\/ul>\n<\/li>\n<li><strong>Slaglengde<\/strong>:\n<ul>\n<li>Slaglengden refererer til avstanden stempelstangen kan bevege seg mellom helt utstrakt og helt inntrukket posisjon.<\/li>\n<li>Trekk den tilbaketrukne lengdem\u00e5let fra den utstrakte lengdem\u00e5let for \u00e5 f\u00e5 slaglengden.<\/li>\n<\/ul>\n<\/li>\n<li><strong>Dimensjoner for tetning og lager<\/strong>:\n<ul>\n<li>Om n\u00f8dvendig, m\u00e5l dimensjonene til eventuelle tetninger eller lagre som er en del av den hydrauliske sylinderen. Dette kan inkludere m\u00e5linger av ytre diameter, indre diameter og tykkelse.<\/li>\n<\/ul>\n<\/li>\n<\/ol>\n<h2><strong>Fabrikkens kapasitet og kapasitet:<\/strong><\/h2>\n<h3>(1) Montering<\/h3>\n<p>Vi har en f\u00f8rsteklasses uavhengig forsknings- og utviklingsplattform for montering. Produksjonsverkstedet for gaffeltrucksylindere har fire halvautomatiske monteringslinjer for l\u00f8ftesylindere og \u00e9n automatisk monteringslinje for tiltsylindere, med en \u00e5rlig produksjonskapasitet p\u00e5 1 million enheter. Det spesielle sylinderverkstedet er utstyrt med et halvautomatisk rengj\u00f8ringsmonteringssystem med ulike spesifikasjoner, med en \u00e5rlig produksjonskapasitet p\u00e5 200 000 enheter. Vi er utstyrt med kjent CNC-maskineringsutstyr, maskineringssenter, spesialutstyr for h\u00f8ypresisjons sylinderbehandling, robotsveisemaskin, automatisk rengj\u00f8ringsmaskin, automatisk sylindermonteringsmaskin og automatisk lakkeringsproduksjonslinje. Vi har over 300 n\u00f8kkelutstyr. Optimal allokering og effektiv bruk av utstyrsressurser sikrer n\u00f8yaktighetskravene til produktene og oppfyller de h\u00f8ye kvalitetskravene.<\/p>\n<p><img loading=\"lazy\" decoding=\"async\" class=\"alignnone wp-image-626\" src=\"https:\/\/hydraulic-cylinders.net\/wp-content\/uploads\/2023\/08\/hydraulic-cylinder-product-1-300x158.webp\" alt=\"\" width=\"495\" height=\"260\" srcset=\"https:\/\/hydraulic-cylinders.net\/wp-content\/uploads\/2023\/08\/hydraulic-cylinder-product-1-300x158.webp 495w, https:\/\/hydraulic-cylinders.net\/wp-content\/uploads\/2023\/08\/hydraulic-cylinder-product-1-480x252.webp 480w\" sizes=\"(min-width: 0px) and (max-width: 480px) 480px, (min-width: 481px) 495px, 100vw\" \/> <img loading=\"lazy\" decoding=\"async\" class=\"alignnone wp-image-627\" src=\"https:\/\/hydraulic-cylinders.net\/wp-content\/uploads\/2023\/08\/hydraulic-cylinder-product-2-300x189.webp\" alt=\"\" width=\"413\" height=\"260\" \/><\/p>\n<h3>(2) Maskinering<\/h3>\n<p>Maskineringsverkstedet er utstyrt med et spesialtilpasset dreiesenter for skr\u00e5 skinner, maskineringssenter, h\u00f8yhastighets honemaskin, sveiserobot og annet relatert utstyr, som kan h\u00e5ndtere bearbeiding av sylinderr\u00f8r med en maksimal indre diameter p\u00e5 400 mm og en maksimal lengde p\u00e5 6 meter.<\/p>\n<p><img loading=\"lazy\" decoding=\"async\" class=\"alignnone wp-image-628 size-large\" src=\"https:\/\/hydraulic-cylinders.net\/wp-content\/uploads\/2023\/08\/hydraulic-cylinder-product-3-1024x391.webp\" alt=\"\" width=\"1024\" height=\"391\" srcset=\"https:\/\/hydraulic-cylinders.net\/wp-content\/uploads\/2023\/08\/hydraulic-cylinder-product-3-980x374.webp 980w, https:\/\/hydraulic-cylinders.net\/wp-content\/uploads\/2023\/08\/hydraulic-cylinder-product-3-480x183.webp 480w\" sizes=\"(min-width: 0px) and (max-width: 480px) 480px, (min-width: 481px) and (max-width: 980px) 980px, (min-width: 981px) 1024px, 100vw\" \/><\/p>\n<h3>(3) Sveising<\/h3>\n<p><img loading=\"lazy\" decoding=\"async\" class=\"alignnone wp-image-629 size-large\" src=\"https:\/\/hydraulic-cylinders.net\/wp-content\/uploads\/2023\/08\/hydraulic-cylinder-product-4-1024x510.webp\" alt=\"\" width=\"1024\" height=\"510\" srcset=\"https:\/\/hydraulic-cylinders.net\/wp-content\/uploads\/2023\/08\/hydraulic-cylinder-product-4-980x488.webp 980w, https:\/\/hydraulic-cylinders.net\/wp-content\/uploads\/2023\/08\/hydraulic-cylinder-product-4-480x239.webp 480w\" sizes=\"(min-width: 0px) and (max-width: 480px) 480px, (min-width: 481px) and (max-width: 980px) 980px, (min-width: 981px) 1024px, 100vw\" \/><\/p>\n<h3>(4) Maling og belegg<\/h3>\n<p>Med sm\u00e5 og mellomstore sylinderautomatiske vannbaserte malingsbeleggslinjer, for \u00e5 oppn\u00e5 automatisk robotlasting og -lossing og automatisk spr\u00f8yting, er den designede kapasiteten 4000 stykker per skift;<br \/>\nVi har ogs\u00e5 en halvautomatisk produksjonslinje for maling for store sylindere drevet av en kabelkjede, med en designkapasitet p\u00e5 60 kasser per skift.<\/p>\n<p><img loading=\"lazy\" decoding=\"async\" class=\"alignnone wp-image-630\" src=\"https:\/\/hydraulic-cylinders.net\/wp-content\/uploads\/2023\/08\/hydraulic-cylinder-product-5-300x213.webp\" alt=\"\" width=\"408\" height=\"290\" \/> <img loading=\"lazy\" decoding=\"async\" class=\"alignnone wp-image-631\" src=\"https:\/\/hydraulic-cylinders.net\/wp-content\/uploads\/2023\/08\/hydraulic-cylinder-product-6-300x225.webp\" alt=\"\" width=\"387\" height=\"290\" \/><\/p>\n<h3>(5) Testing<\/h3>\n<p>Vi har f\u00f8rsteklasses inspeksjonsfasiliteter og testbenker for \u00e5 sikre at sylinderens ytelse oppfyller kravene.<\/p>\n<p><img loading=\"lazy\" decoding=\"async\" class=\"alignnone wp-image-632\" src=\"https:\/\/hydraulic-cylinders.net\/wp-content\/uploads\/2023\/08\/hydraulic-cylinder-product-8-300x200.webp\" alt=\"\" width=\"389\" height=\"260\" \/><\/p>\n<p>&nbsp;<\/p>\n<p>&nbsp;<\/p>\n<p>Vi er en av de beste produsentene av hydrauliske lavtrykkssylindere. Vi kan tilby et bredt lager av hydrauliske lavtrykkssylindere. Vi tilbyr ogs\u00e5 tilsvarende <a href=\"https:\/\/hzpt.com\/agricultural-pto-gearbox\/\" target=\"_blank\" rel=\"noopener\">landbruksgirkasser<\/a>Vi har eksportert produktene v\u00e5re til kunder over hele verden og opparbeidet oss et godt rykte p\u00e5 grunn av v\u00e5r overlegne produktkvalitet og ettersalgsservice. Vi \u00f8nsker kunder i b\u00e5de inn- og utland hjertelig velkommen til \u00e5 kontakte oss for \u00e5 forhandle om forretninger, utveksle informasjon og\u00a0<a href=\"https:\/\/www.hydraulic-cylinders.net\/nb\/contact-us\/\">samarbeide med oss<\/a>!<\/p>\n<p>&nbsp;<\/p>\n<h2><\/h2>","protected":false},"excerpt":{"rendered":"<p>Machine Tool Low-Pressure Hydraulic Cylinder Low-pressure hydraulic cylinder is the company&#8217;s advantage in products, manufacturing experience, mature technology, cost-effectiveness, and can replace the hydraulic cylinder. Combined with the market demand, sort out the machine tool industry low-pressure hydraulic cylinder parameters, such as band saw machine hydraulic cylinder. Customers can order according to the following parameters, [&hellip;]<\/p>","protected":false},"featured_media":792,"comment_status":"open","ping_status":"closed","template":"","meta":{"_et_pb_use_builder":"","_et_pb_old_content":"","_et_gb_content_width":""},"product_brand":[],"product_cat":[1550,1525,1509,1376,1388],"product_tag":[],"class_list":{"0":"post-782","1":"product","2":"type-product","3":"status-publish","4":"has-post-thumbnail","6":"product_cat-double-acting-hydraulic-cylinder","7":"product_cat-machine-tool-hydraulic-cylinders","8":"product_cat-tie-rod-hydraulic-cylinder","9":"product_cat-hydraulic-cylinder","10":"product_cat-low-pressure-hydraulic-cylinder","12":"first","13":"instock","14":"shipping-taxable","15":"product-type-simple"},"amp_enabled":true,"_links":{"self":[{"href":"https:\/\/www.hydraulic-cylinders.net\/nb\/wp-json\/wp\/v2\/product\/782","targetHints":{"allow":["GET"]}}],"collection":[{"href":"https:\/\/www.hydraulic-cylinders.net\/nb\/wp-json\/wp\/v2\/product"}],"about":[{"href":"https:\/\/www.hydraulic-cylinders.net\/nb\/wp-json\/wp\/v2\/types\/product"}],"replies":[{"embeddable":true,"href":"https:\/\/www.hydraulic-cylinders.net\/nb\/wp-json\/wp\/v2\/comments?post=782"}],"wp:featuredmedia":[{"embeddable":true,"href":"https:\/\/www.hydraulic-cylinders.net\/nb\/wp-json\/wp\/v2\/media\/792"}],"wp:attachment":[{"href":"https:\/\/www.hydraulic-cylinders.net\/nb\/wp-json\/wp\/v2\/media?parent=782"}],"wp:term":[{"taxonomy":"product_brand","embeddable":true,"href":"https:\/\/www.hydraulic-cylinders.net\/nb\/wp-json\/wp\/v2\/product_brand?post=782"},{"taxonomy":"product_cat","embeddable":true,"href":"https:\/\/www.hydraulic-cylinders.net\/nb\/wp-json\/wp\/v2\/product_cat?post=782"},{"taxonomy":"product_tag","embeddable":true,"href":"https:\/\/www.hydraulic-cylinders.net\/nb\/wp-json\/wp\/v2\/product_tag?post=782"}],"curies":[{"name":"wp","href":"https:\/\/api.w.org\/{rel}","templated":true}]}}