{"id":794,"date":"2023-08-23T08:00:52","date_gmt":"2023-08-23T08:00:52","guid":{"rendered":"https:\/\/hydraulic-cylinders.net\/?post_type=product&#038;p=794"},"modified":"2025-04-16T02:22:59","modified_gmt":"2025-04-16T02:22:59","slug":"standard-mob-light-rod-hydraulic-cylinder","status":"publish","type":"product","link":"https:\/\/www.hydraulic-cylinders.net\/nb\/produkt\/standard-mob-light-rod-hydraulic-cylinder\/","title":{"rendered":"Standard MOB-hydraulikksylinder med lett stang"},"content":{"rendered":"<h1 style=\"text-align: center;\"><strong>Standard MOB-hydraulikksylinder med lett stang<\/strong><\/h1>\n<p>MOB lettstangs hydrauliske sylinder best\u00e5r av et fremre sylinderhode, bakre sylinderhode, stempel, sylinder, stempelstang, fire skruestenger, \u00e5tte l\u00e5semuttere og pakninger, en stempell\u00e5semutter, med pakning, en stempelstangsendematchende l\u00e5semutter, et sett med tetninger, stangendebeskyttelseshylse og oljeplugg. Siden sylinderen i denne serien bare er 7 MPa, er front- og bakdekslene st\u00f8pt HT200, stempelstangen er nr. 45 forkrommet med tykkelse p\u00e5 2-3 tr\u00e5der, sylindersylinderen er nr. 20 ruller\u00f8r, og stangmaterialet er A3.<\/p>\n<p>\u00abHydraulisk sylinder for lampestang\u00bb refererer vanligvis til en spesiell type hydraulisk sylinder som er designet for \u00e5 v\u00e6re lett og kompakt. Disse sylindrene brukes ofte i applikasjoner der plassen er begrenset, eller vekten er begrenset.<\/p>\n<p><img loading=\"lazy\" decoding=\"async\" class=\"wp-image-795 size-full aligncenter\" src=\"https:\/\/hydraulic-cylinders.net\/wp-content\/uploads\/2023\/08\/standard-mob-light-pull-rod-hydraulic-cylinder-1.webp\" alt=\"\" width=\"790\" height=\"200\" srcset=\"https:\/\/hydraulic-cylinders.net\/wp-content\/uploads\/2023\/08\/standard-mob-light-pull-rod-hydraulic-cylinder-1.webp 790w, https:\/\/hydraulic-cylinders.net\/wp-content\/uploads\/2023\/08\/standard-mob-light-pull-rod-hydraulic-cylinder-1-480x122.webp 480w\" sizes=\"(min-width: 0px) and (max-width: 480px) 480px, (min-width: 481px) 790px, 100vw\" \/><\/p>\n<h2><strong>Standard MOB lettstang hydraulisk sylinderparameter:<\/strong><\/h2>\n<p><img loading=\"lazy\" decoding=\"async\" class=\"alignnone wp-image-796 size-full\" src=\"https:\/\/hydraulic-cylinders.net\/wp-content\/uploads\/2023\/08\/standard-mob-light-pull-rod-hydraulic-cylinder-2.webp\" alt=\"\" width=\"790\" height=\"369\" srcset=\"https:\/\/hydraulic-cylinders.net\/wp-content\/uploads\/2023\/08\/standard-mob-light-pull-rod-hydraulic-cylinder-2.webp 790w, https:\/\/hydraulic-cylinders.net\/wp-content\/uploads\/2023\/08\/standard-mob-light-pull-rod-hydraulic-cylinder-2-480x224.webp 480w\" sizes=\"(min-width: 0px) and (max-width: 480px) 480px, (min-width: 481px) 790px, 100vw\" \/><\/p>\n<h2><strong>Hydraulisk sylinder med lett stang <\/strong><strong>Kjennetegn<\/strong><strong>:<\/strong><\/h2>\n<p>Hovedtrekkene og egenskapene til en hydraulisk sylinder for lyktestolpe kan omfatte f\u00f8lgende:<\/p>\n<p><strong>Kompakt design<\/strong>Den lette hydrauliske sylinderen har et lite fotavtrykk og slank form, noe som gj\u00f8r den egnet for trange rom eller applikasjoner med begrenset plass.<\/p>\n<p><strong>Lett konstruksjon<\/strong>Disse sylinderene er laget av lette materialer som aluminium eller komposittmaterialer for \u00e5 redusere totalvekten. Dette gj\u00f8r dem egnet for applikasjoner der vekt er en n\u00f8kkelfaktor, for eksempel mobile enheter eller luftfartsapplikasjoner.<\/p>\n<p><strong>H\u00f8yt styrke-til-vekt-forhold<\/strong>Til tross for lett konstruksjon er hydrauliske sylindere med lett stang konstruert for h\u00f8y styrke og holdbarhet. De er konstruert for \u00e5 motst\u00e5 kreftene og trykket forbundet med hydraulisk drift, samtidig som de opprettholder den strukturelle integriteten.<\/p>\n<p><strong>Jevn drift<\/strong>Disse sylindrene bruker vanligvis avansert tetningsteknologi og presisjonsbearbeiding for \u00e5 sikre jevn og p\u00e5litelig drift. Dette bidrar til \u00e5 redusere friksjon og \u00f8ke effektiviteten.<\/p>\n<p><strong>Tilpassede alternativer<\/strong>Hydrauliske sylindere med lette stangsylindere kan ofte tilpasses for \u00e5 m\u00f8te spesifikke applikasjonskrav. Dette inkluderer alternativer for slaglengde, monteringskonfigurasjon og hydrauliske tilkoblinger.<\/p>\n<h2><strong>Hvordan demontere en hydraulisk sylinder?<\/strong><\/h2>\n<p>Demontering av en hydraulisk sylinder krever forsiktighet og overholdelse av riktige sikkerhetsprosedyrer. Her er en generell trinnvis veiledning for hvordan du demonterer en hydraulisk sylinder:<\/p>\n<ol>\n<li><strong>Sikkerhetsregler<\/strong>:\n<ul>\n<li>S\u00f8rg for at det hydrauliske systemet er trykkl\u00f8st og at sylinderen ikke er belastet.<\/li>\n<li>Ta p\u00e5 personlig verneutstyr som hansker og vernebriller.<\/li>\n<li>Ha en ren arbeidsplass og n\u00f8dvendige verkt\u00f8y lett tilgjengelig.<\/li>\n<\/ul>\n<\/li>\n<li><strong>Fjerning fra systemet<\/strong>:\n<ul>\n<li>Koble fra hydraulikkslangene eller -koblingene fra sylinderen, og s\u00f8rg for at systemet er trykkavlastet og at det ikke er noe resttrykk.<\/li>\n<li>Fjern eventuelle monteringsbraketter eller maskinvare som fester sylinderen til utstyret eller maskineriet.<\/li>\n<\/ul>\n<\/li>\n<li><strong>Fest sylinderen<\/strong>:\n<ul>\n<li>Plasser den hydrauliske sylinderen i en sikker posisjon, for eksempel en skrustikke eller et sylinderfeste, for \u00e5 hindre at den ruller eller beveger seg under demontering.<\/li>\n<\/ul>\n<\/li>\n<li><strong>Fjern stangendehetten<\/strong>:\n<ul>\n<li>Finn stangendehetten, som vanligvis er plassert p\u00e5 den motsatte enden av stempelstangen.<\/li>\n<li>Hvis det finnes bolter eller festemidler, fjern dem forsiktig med riktig verkt\u00f8y.<\/li>\n<li>Bank forsiktig p\u00e5 endehetten med en myk klubbe eller bruk en gummiklubbe for \u00e5 l\u00f8sne den. Unng\u00e5 \u00e5 bruke for mye kraft for \u00e5 forhindre skade.<\/li>\n<\/ul>\n<\/li>\n<li><strong>Uttrekking av stempelenheten<\/strong>:\n<ul>\n<li>N\u00e5r stangendehetten er fjernet, skal stempelenheten v\u00e6re tilgjengelig.<\/li>\n<li>Skyv eller bank forsiktig stempelenheten ut av sylindersylinderen med en treplugg eller en myk klubbe. V\u00e6r forsiktig s\u00e5 du ikke skader stempel- eller sylinderoverflatene.<\/li>\n<\/ul>\n<\/li>\n<li><strong>Fjerning av stempelstangen<\/strong>:\n<ul>\n<li>N\u00e5r stempelenheten er trukket ut, vil stempelstangen bli eksponert.<\/li>\n<li>Unders\u00f8k stempelstangen for eventuelle festeklips, l\u00e5seringer eller andre festemekanismer som kan holde den p\u00e5 plass.<\/li>\n<li>Fjern forsiktig festeutstyret med egnede verkt\u00f8y, hvis det finnes.<\/li>\n<li>Skyv eller bank forsiktig stempelstangen ut av sylindersylinderen. V\u00e6r forsiktig s\u00e5 du ikke b\u00f8yer eller skader stangen under fjerning.<\/li>\n<\/ul>\n<\/li>\n<li><strong>Demontering av tilleggskomponenter<\/strong>:\n<ul>\n<li>Avhengig av den spesifikke utformingen av den hydrauliske sylinderen, kan det v\u00e6re tilleggskomponenter som tetninger, lagre eller slitasjeringer.<\/li>\n<li>Fjern disse komponentene etter behov for inspeksjon, utskifting eller vedlikehold. Se produsentens dokumentasjon eller spesifikasjoner for veiledning om demontering av spesifikke deler.<\/li>\n<\/ul>\n<\/li>\n<\/ol>\n<h2><strong>Fabrikkens kapasitet og kapasitet:<\/strong><\/h2>\n<h3>(1) Montering<\/h3>\n<p>Vi har en f\u00f8rsteklasses uavhengig forsknings- og utviklingsplattform for montering. Produksjonsverkstedet for gaffeltrucksylindere har fire halvautomatiske monteringslinjer for l\u00f8ftesylindere og \u00e9n automatisk monteringslinje for tiltsylindere, med en \u00e5rlig produksjonskapasitet p\u00e5 1 million enheter. Det spesielle sylinderverkstedet er utstyrt med et halvautomatisk rengj\u00f8ringsmonteringssystem med ulike spesifikasjoner, med en \u00e5rlig produksjonskapasitet p\u00e5 200 000 enheter. Vi er utstyrt med kjent CNC-maskineringsutstyr, maskineringssenter, spesialutstyr for h\u00f8ypresisjons sylinderbehandling, robotsveisemaskin, automatisk rengj\u00f8ringsmaskin, automatisk sylindermonteringsmaskin og automatisk lakkeringsproduksjonslinje. Vi har over 300 n\u00f8kkelutstyr. Optimal allokering og effektiv bruk av utstyrsressurser sikrer n\u00f8yaktighetskravene til produktene og oppfyller de h\u00f8ye kvalitetskravene.<\/p>\n<p><img loading=\"lazy\" decoding=\"async\" class=\"alignnone wp-image-626\" src=\"https:\/\/hydraulic-cylinders.net\/wp-content\/uploads\/2023\/08\/hydraulic-cylinder-product-1-300x158.webp\" alt=\"\" width=\"495\" height=\"260\" srcset=\"https:\/\/hydraulic-cylinders.net\/wp-content\/uploads\/2023\/08\/hydraulic-cylinder-product-1-300x158.webp 495w, https:\/\/hydraulic-cylinders.net\/wp-content\/uploads\/2023\/08\/hydraulic-cylinder-product-1-480x252.webp 480w\" sizes=\"(min-width: 0px) and (max-width: 480px) 480px, (min-width: 481px) 495px, 100vw\" \/> <img loading=\"lazy\" decoding=\"async\" class=\"alignnone wp-image-627\" src=\"https:\/\/hydraulic-cylinders.net\/wp-content\/uploads\/2023\/08\/hydraulic-cylinder-product-2-300x189.webp\" alt=\"\" width=\"413\" height=\"260\" \/><\/p>\n<h3>(2) Maskinering<\/h3>\n<p>Maskineringsverkstedet er utstyrt med et spesialtilpasset dreiesenter for skr\u00e5 skinner, maskineringssenter, h\u00f8yhastighets honemaskin, sveiserobot og annet relatert utstyr, som kan h\u00e5ndtere bearbeiding av sylinderr\u00f8r med en maksimal indre diameter p\u00e5 400 mm og en maksimal lengde p\u00e5 6 meter.<\/p>\n<p><img loading=\"lazy\" decoding=\"async\" class=\"alignnone wp-image-628 size-large\" src=\"https:\/\/hydraulic-cylinders.net\/wp-content\/uploads\/2023\/08\/hydraulic-cylinder-product-3-1024x391.webp\" alt=\"\" width=\"1024\" height=\"391\" srcset=\"https:\/\/hydraulic-cylinders.net\/wp-content\/uploads\/2023\/08\/hydraulic-cylinder-product-3-980x374.webp 980w, https:\/\/hydraulic-cylinders.net\/wp-content\/uploads\/2023\/08\/hydraulic-cylinder-product-3-480x183.webp 480w\" sizes=\"(min-width: 0px) and (max-width: 480px) 480px, (min-width: 481px) and (max-width: 980px) 980px, (min-width: 981px) 1024px, 100vw\" \/><\/p>\n<h3>(3) Sveising<\/h3>\n<p><img loading=\"lazy\" decoding=\"async\" class=\"alignnone wp-image-629 size-large\" src=\"https:\/\/hydraulic-cylinders.net\/wp-content\/uploads\/2023\/08\/hydraulic-cylinder-product-4-1024x510.webp\" alt=\"\" width=\"1024\" height=\"510\" srcset=\"https:\/\/hydraulic-cylinders.net\/wp-content\/uploads\/2023\/08\/hydraulic-cylinder-product-4-980x488.webp 980w, https:\/\/hydraulic-cylinders.net\/wp-content\/uploads\/2023\/08\/hydraulic-cylinder-product-4-480x239.webp 480w\" sizes=\"(min-width: 0px) and (max-width: 480px) 480px, (min-width: 481px) and (max-width: 980px) 980px, (min-width: 981px) 1024px, 100vw\" \/><\/p>\n<h3>(4) Maling og belegg<\/h3>\n<p>Med sm\u00e5 og mellomstore sylinderautomatiske vannbaserte malingsbeleggslinjer, for \u00e5 oppn\u00e5 automatisk robotlasting og -lossing og automatisk spr\u00f8yting, er den designede kapasiteten 4000 stykker per skift;<br \/>\nVi har ogs\u00e5 en halvautomatisk produksjonslinje for maling for store sylindere, drevet av en kabelkjede, med en designkapasitet p\u00e5 60 kasser per skift.<\/p>\n<p><img loading=\"lazy\" decoding=\"async\" class=\"alignnone wp-image-630\" src=\"https:\/\/hydraulic-cylinders.net\/wp-content\/uploads\/2023\/08\/hydraulic-cylinder-product-5-300x213.webp\" alt=\"\" width=\"366\" height=\"260\" \/> <img loading=\"lazy\" decoding=\"async\" class=\"alignnone wp-image-631\" src=\"https:\/\/hydraulic-cylinders.net\/wp-content\/uploads\/2023\/08\/hydraulic-cylinder-product-6-300x225.webp\" alt=\"\" width=\"347\" height=\"260\" \/><\/p>\n<h3>(5) Testing<\/h3>\n<p>Vi har f\u00f8rsteklasses inspeksjonsfasiliteter og testbenker for \u00e5 sikre at sylinderens ytelse oppfyller kravene.<\/p>\n<p><img loading=\"lazy\" decoding=\"async\" class=\"alignnone wp-image-632\" src=\"https:\/\/hydraulic-cylinders.net\/wp-content\/uploads\/2023\/08\/hydraulic-cylinder-product-8-300x200.webp\" alt=\"\" width=\"389\" height=\"260\" \/><\/p>\n<p>&nbsp;<\/p>\n<p>&nbsp;<\/p>\n<p>Vi er en av de beste produsentene av hydrauliske lavtrykkssylindere. Vi kan tilby et bredt lager av hydrauliske lavtrykkssylindere. Vi tilbyr ogs\u00e5 tilsvarende <a href=\"https:\/\/hzpt.com\/agricultural-pto-gearbox\/\" target=\"_blank\" rel=\"noopener\">landbruksgirkasser<\/a>Vi har eksportert produktene v\u00e5re til kunder over hele verden og opparbeidet oss et godt rykte p\u00e5 grunn av v\u00e5r overlegne produktkvalitet og ettersalgsservice. Vi \u00f8nsker kunder i b\u00e5de inn- og utland hjertelig velkommen til \u00e5 kontakte oss for \u00e5 forhandle om forretninger, utveksle informasjon og\u00a0<a href=\"https:\/\/www.hydraulic-cylinders.net\/nb\/contact-us\/\">samarbeide med oss<\/a>!<\/p>\n<p>&nbsp;<\/p>","protected":false},"excerpt":{"rendered":"<p>Standard MOB Light Rod Hydraulic Cylinder MOB light rod hydraulic cylinder is composed of a front cylinder head, rear cylinder head, piston, cylinder, piston rod, four screw rods, eight locking nuts and gaskets, a piston locking nut, with the gasket, a piston rod end matching locking nut, a set of seals, rod end protective sleeve, [&hellip;]<\/p>","protected":false},"featured_media":888,"comment_status":"open","ping_status":"closed","template":"","meta":{"_et_pb_use_builder":"","_et_pb_old_content":"","_et_gb_content_width":""},"product_brand":[],"product_cat":[1550,1525,1509,1376,1387],"product_tag":[1380],"class_list":{"0":"post-794","1":"product","2":"type-product","3":"status-publish","4":"has-post-thumbnail","6":"product_cat-double-acting-hydraulic-cylinder","7":"product_cat-machine-tool-hydraulic-cylinders","8":"product_cat-tie-rod-hydraulic-cylinder","9":"product_cat-hydraulic-cylinder","10":"product_cat-light-rod-hydraulic-cylinder","11":"product_tag-hydraulic-cylinder","13":"first","14":"instock","15":"shipping-taxable","16":"product-type-simple"},"amp_enabled":true,"_links":{"self":[{"href":"https:\/\/www.hydraulic-cylinders.net\/nb\/wp-json\/wp\/v2\/product\/794","targetHints":{"allow":["GET"]}}],"collection":[{"href":"https:\/\/www.hydraulic-cylinders.net\/nb\/wp-json\/wp\/v2\/product"}],"about":[{"href":"https:\/\/www.hydraulic-cylinders.net\/nb\/wp-json\/wp\/v2\/types\/product"}],"replies":[{"embeddable":true,"href":"https:\/\/www.hydraulic-cylinders.net\/nb\/wp-json\/wp\/v2\/comments?post=794"}],"wp:featuredmedia":[{"embeddable":true,"href":"https:\/\/www.hydraulic-cylinders.net\/nb\/wp-json\/wp\/v2\/media\/888"}],"wp:attachment":[{"href":"https:\/\/www.hydraulic-cylinders.net\/nb\/wp-json\/wp\/v2\/media?parent=794"}],"wp:term":[{"taxonomy":"product_brand","embeddable":true,"href":"https:\/\/www.hydraulic-cylinders.net\/nb\/wp-json\/wp\/v2\/product_brand?post=794"},{"taxonomy":"product_cat","embeddable":true,"href":"https:\/\/www.hydraulic-cylinders.net\/nb\/wp-json\/wp\/v2\/product_cat?post=794"},{"taxonomy":"product_tag","embeddable":true,"href":"https:\/\/www.hydraulic-cylinders.net\/nb\/wp-json\/wp\/v2\/product_tag?post=794"}],"curies":[{"name":"wp","href":"https:\/\/api.w.org\/{rel}","templated":true}]}}