{"id":1920,"date":"2023-10-20T02:38:46","date_gmt":"2023-10-20T02:38:46","guid":{"rendered":"https:\/\/hydraulic-cylinders.net\/?post_type=product&#038;p=1920"},"modified":"2023-10-20T06:00:33","modified_gmt":"2023-10-20T06:00:33","slug":"hp3v-series-axial-piston-variable-displacement-hydraulic-pump","status":"publish","type":"product","link":"https:\/\/www.hydraulic-cylinders.net\/nl\/product\/hp3v-series-axial-piston-variable-displacement-hydraulic-pump\/","title":{"rendered":"HP3V-serie axiale zuigerpomp met variabele cilinderinhoud"},"content":{"rendered":"<h1 style=\"text-align: center;\"><strong>HP3V-serie axiale zuigerpomp met variabele cilinderinhoud<\/strong><\/h1>\n<p><img loading=\"lazy\" decoding=\"async\" class=\"aligncenter wp-image-1931\" src=\"https:\/\/hydraulic-cylinders.net\/wp-content\/uploads\/2023\/10\/hp3v-series-axial-piston-variable-displacement-hydraulic-pump-1-300x300.webp\" alt=\"\" width=\"400\" height=\"400\" \/><\/p>\n<p>De HP3V-serie axiale plunjerpompen met variabele cilinderinhoud is een baanbrekende innovatie in hydraulische systemen. Deze pomp is ontworpen met precisietechniek en geavanceerde technologie en levert superieure effici\u00ebntie en prestaties, waardoor het een onmisbaar onderdeel is voor diverse industri\u00eble toepassingen. Dit uitgebreide artikel behandelt de belangrijkste kenmerken, gebruiksmethoden en onderhoudsrichtlijnen voor de HP3V axiale plunjerpomp met variabele cilinderinhoud.<\/p>\n<p>De HP3V-serie axiale plunjerpomp met variabele cilinderinhoud is een krachtpatser die onge\u00ebvenaarde effici\u00ebntie en prestaties levert in hydraulische systemen. Dankzij de technologie voor variabele cilinderinhoud, het compacte ontwerp en de stille werking is deze pomp een betrouwbare en nauwkeurige oplossing voor diverse industri\u00eble toepassingen. Door de aanbevolen gebruikswijzen te volgen en regelmatig onderhoud uit te voeren, blijft de HP3V-serie pomp uitzonderlijke prestaties leveren en draagt \u200b\u200bdeze bij aan het succes van diverse hydraulische systemen. Ervaar de kracht van effici\u00ebntie en prestaties met de HP3V-serie axiale plunjerpomp met variabele cilinderinhoud en ontgrendel het volledige potentieel van uw hydraulisch systeem.<\/p>\n<p>Belangrijkste kenmerken van de HP3V-serie axiale zuigerpomp met variabele cilinderinhoud:<\/p>\n<ul>\n<li>Variabele-verplaatsingstechnologie: De HP3V-serie pompen zijn voorzien van geavanceerde variabele-verplaatsingstechnologie, waardoor het debiet kan worden aangepast aan de systeemvereisten. Deze functie maximaliseert de energie-effici\u00ebntie, vermindert warmteontwikkeling en optimaliseert de algehele systeemprestaties.<\/li>\n<li>Onge\u00ebvenaarde effici\u00ebntie: De HP3V-serie pompen bereiken een uitzonderlijke effici\u00ebntie dankzij het innovatieve axiale zuigerontwerp. Ze leveren nauwkeurige hydraulische kracht, garanderen een soepele werking en maken het mogelijk om hogedruktoepassingen eenvoudig te verwerken.<\/li>\n<li>Compact Design: The pump&#8217;s compact design optimizes space utilization in hydraulic systems. Its small footprint enables easy integration, even in tight spaces, without compromising performance or functionality.<\/li>\n<li>Stille werking: De geluidsreducerende eigenschappen van de HP3V-serie pompen zorgen voor een stille werking in diverse industri\u00eble omgevingen. Deze eigenschap is van onschatbare waarde in toepassingen waar een laag geluidsniveau vereist is, wat bijdraagt \u200b\u200baan een comfortabele en productieve werkomgeving.<\/li>\n<\/ul>\n<h2><strong>Parameters van de HP3V-serie axiale zuigerpomp met variabele cilinderinhoud:<\/strong><\/h2>\n<table class=\"table table-bordered table-hover table-colored\" data-sort=\"sortDisabled\">\n<tbody>\n<tr class=\"firstRow\">\n<td colspan=\"1\" rowspan=\"2\" align=\"center\" valign=\"middle\">Maat<\/td>\n<td rowspan=\"2\" align=\"center\" valign=\"middle\">Verplaatsing cc\/rev<\/td>\n<td colspan=\"2\" rowspan=\"1\" align=\"center\" valign=\"middle\">Drukbalk<\/td>\n<td colspan=\"2\" rowspan=\"1\" align=\"center\" valign=\"middle\">Rotatiesnelheid t\/min<\/td>\n<\/tr>\n<tr>\n<td align=\"center\" valign=\"middle\">Beoordeeld<\/td>\n<td align=\"center\" valign=\"middle\">Piek<\/td>\n<td align=\"center\" valign=\"middle\">Max voor zelf-aanzuigend<sup>*1<\/sup><\/td>\n<td align=\"center\" valign=\"middle\">Maximaal<sup>*2<\/sup><\/td>\n<\/tr>\n<tr>\n<td align=\"center\" valign=\"middle\">HP3V80<\/td>\n<td align=\"center\" valign=\"middle\">80<\/td>\n<td align=\"center\" valign=\"middle\">320<\/td>\n<td align=\"center\" valign=\"middle\">350<\/td>\n<td align=\"center\" valign=\"middle\">2400<\/td>\n<td align=\"center\" valign=\"middle\">3000<\/td>\n<\/tr>\n<tr>\n<td align=\"center\" valign=\"middle\">HP3V140<\/td>\n<td align=\"center\" valign=\"middle\">140<\/td>\n<td align=\"center\" valign=\"middle\">350<\/td>\n<td align=\"center\" valign=\"middle\">400<\/td>\n<td align=\"center\" valign=\"middle\">2150<\/td>\n<td align=\"center\" valign=\"middle\">2500<\/td>\n<\/tr>\n<\/tbody>\n<\/table>\n<h2><strong>Voordelen van de HP3V-serie axiale zuigerpompen met variabele cilinderinhoud:<\/strong><\/h2>\n<p>\u2022 Toegepast in open circuits met middelhoge en hoge druk.<br \/>\n\u2022 Hoge continue druk<br \/>\n\u2022 Goede zelfaanzuigende eigenschappen<br \/>\n\u2022 Hoge betrouwbaarheid<br \/>\n\u2022 Hoge vermogen-gewichtsverhouding<br \/>\n\u2022 Meerdere controlemethoden<br \/>\n\u2022 Snelle reactie<br \/>\n\u2022 Lage drukpuls<\/p>\n<h2><strong>HP3V-serie axiale zuigerpomp met variabele cilinderinhoud <\/strong><strong>Sollicitatie:<\/strong><\/h2>\n<p><img loading=\"lazy\" decoding=\"async\" class=\"alignnone wp-image-1934 size-full\" src=\"https:\/\/hydraulic-cylinders.net\/wp-content\/uploads\/2023\/10\/hp3v-series-axial-piston-variable-displacement-hydraulic-pump-2.webp\" alt=\"\" width=\"1156\" height=\"405\" srcset=\"https:\/\/hydraulic-cylinders.net\/wp-content\/uploads\/2023\/10\/hp3v-series-axial-piston-variable-displacement-hydraulic-pump-2.webp 1156w, https:\/\/hydraulic-cylinders.net\/wp-content\/uploads\/2023\/10\/hp3v-series-axial-piston-variable-displacement-hydraulic-pump-2-980x343.webp 980w, https:\/\/hydraulic-cylinders.net\/wp-content\/uploads\/2023\/10\/hp3v-series-axial-piston-variable-displacement-hydraulic-pump-2-480x168.webp 480w\" sizes=\"(min-width: 0px) and (max-width: 480px) 480px, (min-width: 481px) and (max-width: 980px) 980px, (min-width: 981px) 1156px, 100vw\" \/><\/p>\n<h2><strong>Gebruiksmethode van HP3V-serie axiale zuiger hydraulische pomp met variabele verplaatsing<\/strong><strong>:<\/strong><\/h2>\n<ul>\n<li><strong>Pompinstallatie:<\/strong> Install the HP3V series axial piston variable displacement hydraulic pump in the designated location within the hydraulic system. Refer to the manufacturer&#8217;s guidelines and specifications for proper alignment and secure attachment to the system&#8217;s structure using suitable mounting brackets or accessories.<\/li>\n<li><strong>Integratie van hydraulische systemen:<\/strong> Sluit de pomp aan op het hydraulische systeem met behulp van compatibele slangen, koppelingen en afsluiters. Zorg ervoor dat alle aansluitingen goed vastzitten, lekvrij zijn en correct zijn aangedraaid om optimale hydraulische prestaties te garanderen.<\/li>\n<li><strong>Vloeistofcompatibiliteit:<\/strong> Verify that the hydraulic fluid used in the system is compatible with the HP3V series pump. Refer to the manufacturer&#8217;s recommendations for the appropriate fluid type, viscosity, and temperature range. Regularly monitor and maintain the hydraulic fluid to ensure proper pump operation and longevity.<\/li>\n<li><strong>Operationele parameters:<\/strong> Maak uzelf vertrouwd met de regelmogelijkheden van de pomp en pas de bedrijfsparameters aan op basis van de specifieke vereisten van het hydraulische systeem. Controleer en wijzig de slagvolume-instellingen van de pomp om de prestaties en energie-effici\u00ebntie te optimaliseren.<\/li>\n<\/ul>\n<h2><strong>Hoe verwijder ik de eindkap van een hydraulische cilinder?<\/strong><\/h2>\n<p>Om de eindkap van een hydraulische cilinder te verwijderen, volgt u deze stappen:<\/p>\n<ol>\n<li><strong>Bereid je voor op de taak:<\/strong>\n<ul>\n<li>Zorg ervoor dat het hydraulische systeem drukloos is en losgekoppeld.<\/li>\n<li>Reinig de buitenkant van de cilinder om te voorkomen dat er tijdens het proces vuil in terechtkomt.<\/li>\n<li>Plaats de cilinder op een stabiel werkoppervlak en zet hem vast met klemmen of een bankschroef.<\/li>\n<\/ul>\n<\/li>\n<li><strong>Identificeer de retentiemechanismen:<\/strong>\n<ul>\n<li>Inspecteer de cilinder om te bepalen welk bevestigingsmechanisme er gebruikt is voor de eindkap. Dit kunnen bouten, schroefverbindingen, borgringen of borgringen zijn.<\/li>\n<\/ul>\n<\/li>\n<li><strong>Verwijder bouten of bevestigingsmiddelen:<\/strong>\n<ul>\n<li>Als de eindkap met bouten is bevestigd, gebruik dan een geschikte sleutel of dop om deze los te draaien en te verwijderen.<\/li>\n<li>Zorg ervoor dat u goed bij alle bouten kunt komen en verwijder ze gelijkmatig, zonder de cilinder of de eindkap te beschadigen.<\/li>\n<\/ul>\n<\/li>\n<li><strong>Maak de schroefverbindingen los:<\/strong>\n<ul>\n<li>Bij schroefverbindingen gebruikt u een steeksleutel om de verbinding tussen de eindkap en het cilinderlichaam los te draaien.<\/li>\n<li>Oefen zachte maar constante kracht uit in een tegen de klok in draaiende richting om de schroefdraad los te maken.<\/li>\n<li>Draai de dop na het losmaken met de hand verder totdat deze volledig verwijderd kan worden.<\/li>\n<\/ul>\n<\/li>\n<li><strong>Verwijder de borgringen of terugslagringen:<\/strong>\n<ul>\n<li>Als de eindkap vastzit met borgringen, gebruik dan een borgringtang of een borgringtang om de ringen voorzichtig te verwijderen.<\/li>\n<li>Insert the pliers into the ring&#8217;s ends and squeeze the handles to compress the ring, allowing it to be pulled out of its groove.<\/li>\n<li>Zorg ervoor dat u de cilinder of de eindkap tijdens dit proces niet beschadigt.<\/li>\n<\/ul>\n<\/li>\n<li><strong>Maak de eindkap los:<\/strong>\n<ul>\n<li>Nadat alle bevestigingsmechanismen zijn verwijderd, tikt u voorzichtig met een rubberen hamer of een hamer met een zachte kop op de eindkap om deze los te maken van de cilinderbehuizing.<\/li>\n<li>Oefen gelijkmatige druk uit rondom de omtrek van de eindkap om te voorkomen dat deze vastloopt of klemt.<\/li>\n<\/ul>\n<\/li>\n<li><strong>Inspecteren en reinigen:<\/strong>\n<ul>\n<li>Nadat de eindkap is verwijderd, dient u de afdichtingsvlakken, O-ringen en interne onderdelen te controleren op beschadigingen of slijtage.<\/li>\n<li>Reinig de eindkap, de cilinderbehuizing en alle bijbehorende onderdelen met een pluisvrije doek of een geschikt oplosmiddel om eventuele verontreinigingen of vuil te verwijderen.<\/li>\n<\/ul>\n<\/li>\n<\/ol>\n<h2><strong>Vermogen en capaciteit van de fabriek:<\/strong><\/h2>\n<h3>(1) Montage<\/h3>\n<p>We beschikken over een eersteklas, onafhankelijk R&amp;D-platform voor assemblage. De productiewerkplaats voor hydraulische cilinders beschikt over vier semi-automatische hefcilinderassemblagelijnen en \u00e9\u00e9n automatische kantelcilinderassemblagelijn, met een geplande jaarlijkse productiecapaciteit van 1 miljoen stuks. De speciale cilinderwerkplaats is uitgerust met diverse specificaties van een semi-automatisch reinigingsassemblagesysteem met een geplande jaarlijkse productiecapaciteit van 200.000 stuks en is uitgerust met gerenommeerde CNC-bewerkingsapparatuur, een bewerkingscentrum, een zeer nauwkeurige cilinderbewerkingsapparatuur, een robotlasmachine, een automatische reinigingsmachine, een automatische cilinderassemblagemachine en een automatische verfproductielijn. De bestaande kritische apparatuur bestaat uit meer dan 300 sets. De optimale toewijzing en het effici\u00ebnte gebruik van apparatuur garanderen de nauwkeurigheidseisen van producten en voldoen aan de hoge kwaliteitseisen.<\/p>\n<p><img loading=\"lazy\" decoding=\"async\" class=\"alignnone wp-image-626\" src=\"https:\/\/hydraulic-cylinders.net\/wp-content\/uploads\/2023\/08\/hydraulic-cylinder-product-1-300x158.webp\" alt=\"\" width=\"495\" height=\"260\" srcset=\"https:\/\/hydraulic-cylinders.net\/wp-content\/uploads\/2023\/08\/hydraulic-cylinder-product-1-300x158.webp 495w, https:\/\/hydraulic-cylinders.net\/wp-content\/uploads\/2023\/08\/hydraulic-cylinder-product-1-480x252.webp 480w\" sizes=\"(min-width: 0px) and (max-width: 480px) 480px, (min-width: 481px) 495px, 100vw\" \/> <img loading=\"lazy\" decoding=\"async\" class=\"alignnone wp-image-627\" src=\"https:\/\/hydraulic-cylinders.net\/wp-content\/uploads\/2023\/08\/hydraulic-cylinder-product-2-300x189.webp\" alt=\"\" width=\"413\" height=\"260\" \/><\/p>\n<h3>(2) Bewerking<\/h3>\n<p>De bewerkingsruimte is uitgerust met een op maat gemaakt schuin rails draaicentrum, bewerkingscentrum, hogesnelheids hoonmachine, lasrobot en andere bijbehorende apparatuur, die de bewerking van cilinderbuizen met een maximale binnendiameter van 400 mm en een maximale lengte van 6 meter aankan.<\/p>\n<p><img loading=\"lazy\" decoding=\"async\" class=\"alignnone wp-image-628 size-large\" src=\"https:\/\/hydraulic-cylinders.net\/wp-content\/uploads\/2023\/08\/hydraulic-cylinder-product-3-1024x391.webp\" alt=\"\" width=\"1024\" height=\"391\" srcset=\"https:\/\/hydraulic-cylinders.net\/wp-content\/uploads\/2023\/08\/hydraulic-cylinder-product-3-980x374.webp 980w, https:\/\/hydraulic-cylinders.net\/wp-content\/uploads\/2023\/08\/hydraulic-cylinder-product-3-480x183.webp 480w\" sizes=\"(min-width: 0px) and (max-width: 480px) 480px, (min-width: 481px) and (max-width: 980px) 980px, (min-width: 981px) 1024px, 100vw\" \/><\/p>\n<h3>(3) Lassen<\/h3>\n<p><img loading=\"lazy\" decoding=\"async\" class=\"alignnone wp-image-629 size-large\" src=\"https:\/\/hydraulic-cylinders.net\/wp-content\/uploads\/2023\/08\/hydraulic-cylinder-product-4-1024x510.webp\" alt=\"\" width=\"1024\" height=\"510\" srcset=\"https:\/\/hydraulic-cylinders.net\/wp-content\/uploads\/2023\/08\/hydraulic-cylinder-product-4-980x488.webp 980w, https:\/\/hydraulic-cylinders.net\/wp-content\/uploads\/2023\/08\/hydraulic-cylinder-product-4-480x239.webp 480w\" sizes=\"(min-width: 0px) and (max-width: 480px) 480px, (min-width: 481px) and (max-width: 980px) 980px, (min-width: 981px) 1024px, 100vw\" \/><\/p>\n<h3>(4) Schilderen en coaten<\/h3>\n<p>Met kleine en middelgrote automatische cilindercoatinglijnen voor watergedragen verf, om automatisch laden en lossen door robots en automatisch spuiten te bereiken, is de ontwerpcapaciteit 4000 stuks per ploegendienst;<br \/>\nOok beschikken wij over een semi-automatische verfproductielijn voor grote cilinders, aangedreven door een kabelrups, met een ontwerpcapaciteit van 60 dozen per ploeg.<\/p>\n<p><img loading=\"lazy\" decoding=\"async\" class=\"alignnone wp-image-630\" src=\"https:\/\/hydraulic-cylinders.net\/wp-content\/uploads\/2023\/08\/hydraulic-cylinder-product-5-300x213.webp\" alt=\"\" width=\"366\" height=\"260\" \/> <img loading=\"lazy\" decoding=\"async\" class=\"alignnone wp-image-631\" src=\"https:\/\/hydraulic-cylinders.net\/wp-content\/uploads\/2023\/08\/hydraulic-cylinder-product-6-300x225.webp\" alt=\"\" width=\"347\" height=\"260\" \/><\/p>\n<h3>(5) Testen<\/h3>\n<p>Wij beschikken over eersteklas inspectiefaciliteiten en testbanken om te garanderen dat de prestaties van de cilinder aan de eisen voldoen.<\/p>\n<p><img loading=\"lazy\" decoding=\"async\" class=\"alignnone wp-image-632\" src=\"https:\/\/hydraulic-cylinders.net\/wp-content\/uploads\/2023\/08\/hydraulic-cylinder-product-8-300x200.webp\" alt=\"\" width=\"389\" height=\"260\" \/><\/p>\n<p>&nbsp;<\/p>\n<p>&nbsp;<\/p>\n<p>Wij zijn een van de beste fabrikanten van hydraulische cilinders. We bieden een compleet assortiment hydraulische cilinders. Ook leveren we bijbehorende onderdelen. <a href=\"https:\/\/hzpt.com\/agricultural-pto-gearbox\/\" target=\"_blank\" rel=\"noopener\">landbouwversnellingsbakken<\/a>We hebben onze producten wereldwijd ge\u00ebxporteerd en een goede reputatie opgebouwd dankzij onze superieure productkwaliteit en aftersalesservice. We nodigen klanten in binnen- en buitenland uit om contact met ons op te nemen om zaken te doen, informatie uit te wisselen en <a href=\"https:\/\/www.hydraulic-cylinders.net\/nl\/contact-us\/\">werk met ons samen<\/a>!<\/p>\n<p>&nbsp;<\/p>","protected":false},"excerpt":{"rendered":"<p>HP3V Series Axial Piston Variable Displacement Hydraulic Pump The HP3V series axial piston variable displacement hydraulic pump is a game-changer in hydraulic systems. This pump is designed with precision engineering and cutting-edge technology and delivers superior efficiency and performance, making it an indispensable component for various industrial applications. This comprehensive article will explore the key [&hellip;]<\/p>","protected":false},"featured_media":1932,"comment_status":"open","ping_status":"closed","template":"","meta":{"_et_pb_use_builder":"","_et_pb_old_content":"","_et_gb_content_width":""},"product_brand":[],"product_cat":[1425],"product_tag":[1380],"class_list":{"0":"post-1920","1":"product","2":"type-product","3":"status-publish","4":"has-post-thumbnail","6":"product_cat-piston-pump","7":"product_tag-hydraulic-cylinder","9":"first","10":"instock","11":"shipping-taxable","12":"product-type-simple"},"amp_enabled":true,"_links":{"self":[{"href":"https:\/\/www.hydraulic-cylinders.net\/nl\/wp-json\/wp\/v2\/product\/1920","targetHints":{"allow":["GET"]}}],"collection":[{"href":"https:\/\/www.hydraulic-cylinders.net\/nl\/wp-json\/wp\/v2\/product"}],"about":[{"href":"https:\/\/www.hydraulic-cylinders.net\/nl\/wp-json\/wp\/v2\/types\/product"}],"replies":[{"embeddable":true,"href":"https:\/\/www.hydraulic-cylinders.net\/nl\/wp-json\/wp\/v2\/comments?post=1920"}],"wp:featuredmedia":[{"embeddable":true,"href":"https:\/\/www.hydraulic-cylinders.net\/nl\/wp-json\/wp\/v2\/media\/1932"}],"wp:attachment":[{"href":"https:\/\/www.hydraulic-cylinders.net\/nl\/wp-json\/wp\/v2\/media?parent=1920"}],"wp:term":[{"taxonomy":"product_brand","embeddable":true,"href":"https:\/\/www.hydraulic-cylinders.net\/nl\/wp-json\/wp\/v2\/product_brand?post=1920"},{"taxonomy":"product_cat","embeddable":true,"href":"https:\/\/www.hydraulic-cylinders.net\/nl\/wp-json\/wp\/v2\/product_cat?post=1920"},{"taxonomy":"product_tag","embeddable":true,"href":"https:\/\/www.hydraulic-cylinders.net\/nl\/wp-json\/wp\/v2\/product_tag?post=1920"}],"curies":[{"name":"wp","href":"https:\/\/api.w.org\/{rel}","templated":true}]}}