{"id":1921,"date":"2023-10-20T03:13:13","date_gmt":"2023-10-20T03:13:13","guid":{"rendered":"https:\/\/hydraulic-cylinders.net\/?post_type=product&#038;p=1921"},"modified":"2023-10-20T03:55:31","modified_gmt":"2023-10-20T03:55:31","slug":"hp3v-s-series-axial-piston-variable-displacement-hydraulic-pump","status":"publish","type":"product","link":"https:\/\/www.hydraulic-cylinders.net\/nl\/product\/hp3v-s-series-axial-piston-variable-displacement-hydraulic-pump\/","title":{"rendered":"HP3V-S-serie axiale zuigerpomp met variabele cilinderinhoud"},"content":{"rendered":"<h1 style=\"text-align: center;\"><strong>HP3V-S-serie axiale zuigerpomp met variabele cilinderinhoud<\/strong><\/h1>\n<p><img loading=\"lazy\" decoding=\"async\" class=\"aligncenter wp-image-1935\" src=\"https:\/\/hydraulic-cylinders.net\/wp-content\/uploads\/2023\/10\/hp3v-s-series-axial-piston-variable-displacement-hydraulic-pump-1-300x300.webp\" alt=\"\" width=\"400\" height=\"400\" \/><\/p>\n<p>De HP3V-S serie axiale plunjerpomp met variabele cilinderinhoud is een baanbrekende oplossing die een revolutie teweegbrengt in hydraulische systemen. Dankzij de uitzonderlijke effici\u00ebntie en uitstekende prestaties is deze pomp onmisbaar in diverse industri\u00eble toepassingen. Dit uitgebreide artikel behandelt de belangrijkste kenmerken, gebruikswijzen en onderhoudsrichtlijnen voor de HP3V-S serie axiale plunjerpomp met variabele cilinderinhoud.<\/p>\n<p>De HP3V-S serie axiale plunjerpomp met variabele cilinderinhoud is een krachtige en effici\u00ebnte oplossing voor hydraulische systemen. Dankzij de technologie voor variabele cilinderinhoud, het compacte ontwerp en de stille werking levert deze pomp uitzonderlijke prestaties in diverse industri\u00eble toepassingen. Door de aanbevolen gebruikswijzen te volgen en regelmatig onderhoud uit te voeren, blijft de HP3V-S serie pomp uitstekende prestaties leveren en draagt \u200b\u200bdeze bij aan het succes van uw hydraulische systeem. Ervaar de kracht van effici\u00ebntie en prestaties met de HP3V-S serie axiale plunjerpomp met variabele cilinderinhoud en benut het volledige potentieel van uw hydraulische systeem.<\/p>\n<p>Belangrijkste kenmerken van de HP3V-S-serie axiale zuigerpomp met variabele cilinderinhoud:<\/p>\n<ul>\n<li>Variabele-verplaatsingstechnologie: De HP3V-S-serie pomp is uitgerust met geavanceerde variabele-verplaatsingstechnologie, waardoor het debiet nauwkeurig kan worden aangepast aan de specifieke systeemvereisten. Deze functie maximaliseert de energie-effici\u00ebntie, vermindert warmteontwikkeling en optimaliseert de algehele systeemprestaties.<\/li>\n<li>Onge\u00ebvenaarde effici\u00ebntie: De HP3V-S serie pomp maakt gebruik van een innovatief axiaal zuigerontwerp dat een uitzonderlijke effici\u00ebntie levert. Nauwkeurige hydraulische kracht zorgt voor een soepele werking en kan moeiteloos hogedruktoepassingen aan.<\/li>\n<li>Compact en veelzijdig: het compacte ontwerp van de pomp maakt eenvoudige integratie in hydraulische systemen met beperkte ruimte mogelijk. Dankzij de veelzijdigheid kan de pomp in diverse toepassingen worden gebruikt zonder dat dit ten koste gaat van de prestaties of functionaliteit.<\/li>\n<li>Stille en betrouwbare werking: De geluidsreducerende eigenschappen van de HP3V-S-serie pompen zorgen voor een stille werking in diverse industri\u00eble omgevingen. Deze eigenschap is van onschatbare waarde in toepassingen waar een laag geluidsniveau vereist is, wat bijdraagt \u200b\u200baan een comfortabele en productieve werkomgeving. Bovendien garandeert de robuuste constructie van de pomp een lange levensduur en betrouwbaarheid.<\/li>\n<\/ul>\n<h2><strong>Parameters van de HP3V-S-serie axiale zuigerpomp met variabele cilinderinhoud:<\/strong><\/h2>\n<table class=\"table table-bordered table-hover table-colored\" data-sort=\"sortDisabled\">\n<tbody>\n<tr class=\"firstRow\">\n<td colspan=\"2\" align=\"left\" valign=\"middle\">Maat<\/td>\n<td align=\"center\" valign=\"middle\">HP5VS28<\/td>\n<td align=\"center\" valign=\"middle\">HP5V28<\/td>\n<td align=\"center\" valign=\"middle\">HP5V45<\/td>\n<td align=\"center\" valign=\"middle\">HP5V60<\/td>\n<td align=\"center\" valign=\"middle\">HP5V76<\/td>\n<td align=\"center\" valign=\"middle\">HP5V85<\/td>\n<td align=\"center\" valign=\"middle\">HP5V105<\/td>\n<\/tr>\n<tr>\n<td colspan=\"2\" align=\"left\" valign=\"middle\">Cilinderinhoud (cc\/omw)<\/td>\n<td align=\"center\" valign=\"middle\">28<\/td>\n<td align=\"center\" valign=\"middle\">28<\/td>\n<td align=\"center\" valign=\"middle\">45<\/td>\n<td align=\"center\" valign=\"middle\">60<\/td>\n<td align=\"center\" valign=\"middle\">76<\/td>\n<td align=\"center\" valign=\"middle\">85<\/td>\n<td align=\"center\" valign=\"middle\">104.3<\/td>\n<\/tr>\n<tr>\n<td rowspan=\"2\" align=\"left\" valign=\"middle\">Druk<\/td>\n<td align=\"center\" valign=\"middle\">Nominale druk (bar)<\/td>\n<td align=\"center\" valign=\"middle\">250<\/td>\n<td align=\"center\" valign=\"middle\">320<\/td>\n<td align=\"center\" valign=\"middle\">320<\/td>\n<td align=\"center\" valign=\"middle\">250<\/td>\n<td align=\"center\" valign=\"middle\">320<\/td>\n<td align=\"center\" valign=\"middle\">280<\/td>\n<td align=\"center\" valign=\"middle\">350<\/td>\n<\/tr>\n<tr>\n<td align=\"left\" valign=\"middle\">Maximale druk (bar)<\/td>\n<td align=\"center\" valign=\"middle\">315<\/td>\n<td align=\"center\" valign=\"middle\">350<\/td>\n<td align=\"center\" valign=\"middle\">350<\/td>\n<td align=\"center\" valign=\"middle\">280<\/td>\n<td align=\"center\" valign=\"middle\">350<\/td>\n<td align=\"center\" valign=\"middle\">320<\/td>\n<td align=\"center\" valign=\"middle\">400<\/td>\n<\/tr>\n<tr>\n<td rowspan=\"2\" align=\"left\" valign=\"middle\">Rotatiesnelheid t\/min<\/td>\n<td align=\"center\" valign=\"middle\">Max voor zelf-aanzuigend\u00a0<sup>*1<\/sup>\u00a0(bar)<\/td>\n<td align=\"center\" valign=\"middle\">3000<\/td>\n<td align=\"center\" valign=\"middle\">3000<\/td>\n<td align=\"center\" valign=\"middle\">2700<\/td>\n<td align=\"center\" valign=\"middle\">2400<\/td>\n<td align=\"center\" valign=\"middle\">2400<\/td>\n<td align=\"center\" valign=\"middle\">2400<\/td>\n<td align=\"center\" valign=\"middle\">2200<\/td>\n<\/tr>\n<tr>\n<td align=\"center\" valign=\"middle\">Maximaal<sup>*2\u00a0<\/sup>\u00a0(bar)<\/td>\n<td align=\"center\" valign=\"middle\">3600<\/td>\n<td align=\"center\" valign=\"middle\">3600<\/td>\n<td align=\"center\" valign=\"middle\">3250<\/td>\n<td align=\"center\" valign=\"middle\">3000<\/td>\n<td align=\"center\" valign=\"middle\">3000<\/td>\n<td align=\"center\" valign=\"middle\">3000<\/td>\n<td align=\"center\" valign=\"middle\">2600<\/td>\n<\/tr>\n<tr>\n<td colspan=\"2\" align=\"left\" valign=\"middle\">Gewicht (kg)<\/td>\n<td align=\"center\" valign=\"middle\">17.2<\/td>\n<td align=\"center\" valign=\"middle\">20<\/td>\n<td align=\"center\" valign=\"middle\">24<\/td>\n<td align=\"center\" valign=\"middle\">24<\/td>\n<td align=\"center\" valign=\"middle\">28<\/td>\n<td align=\"center\" valign=\"middle\">28<\/td>\n<td align=\"center\" valign=\"middle\">45<\/td>\n<\/tr>\n<tr>\n<td colspan=\"2\" align=\"left\" valign=\"middle\">Hoeveelheid olie om het pomphuis te vullen (L)<\/td>\n<td align=\"center\" valign=\"middle\">0.55<\/td>\n<td align=\"center\" valign=\"middle\">0.6<\/td>\n<td align=\"center\" valign=\"middle\">0.6<\/td>\n<td align=\"center\" valign=\"middle\">0.6<\/td>\n<td align=\"center\" valign=\"middle\">0.8<\/td>\n<td align=\"center\" valign=\"middle\">0.8<\/td>\n<td align=\"center\" valign=\"middle\">1<\/td>\n<\/tr>\n<tr>\n<td colspan=\"2\" align=\"left\" valign=\"middle\">Temperatuurbereik (\u2103)<\/td>\n<td colspan=\"7\" align=\"center\" valign=\"middle\">-20~95<\/td>\n<\/tr>\n<tr>\n<td colspan=\"2\" rowspan=\"1\" align=\"left\" valign=\"middle\">Temperatuurbereik (mm)<sup>2<\/sup>\/S)<\/td>\n<td colspan=\"7\" align=\"center\" valign=\"middle\">10-1000<sup>*3<\/sup>(Het optimale gebruik van het viscositeitsbereik is 16~36 mm)<sup>2<\/sup>\/S)<\/td>\n<\/tr>\n<\/tbody>\n<\/table>\n<h2><strong>Voordelen van de HP3V-S serie axiale zuiger hydraulische pomp met variabele cilinderinhoud:<\/strong><\/h2>\n<p>\u2022 Variabele pomp in tuimelschijfuitvoering voor open circuit.<br \/>\n\u2022 In vergelijking met producten op de bestaande markt worden een versterkte aandrijfas en een cilinder van zeer sterk materiaal gebruikt, waardoor een continue druk van meer dan 320 bar mogelijk is.<br \/>\n\u2022 Er worden zware lagers zoals cilindrische rollagers gebruikt om het draagvermogen te verhogen en de levensduur te verlengen.<br \/>\n\u2022 Hoge vermogen-gewichtsverhouding.<br \/>\n\u2022 Beschikbaar met Amerikaanse (SAE) en Japanse (JIS) montageflenzen en -assen.<br \/>\n\u2022 Uitstekende betrouwbaarheid en lange levensduur.<br \/>\n\u2022 Diverse bedieningsopties.<br \/>\n\u2022 Optionele doorrijmogelijkheid.<br \/>\n\u2022 Snelle reactie van de besturing.<br \/>\n\u2022 Lage drukpulsatie en weinig geluid.<br \/>\n\u2022 Ontwikkeld voor machinebouw, mobiele voertuigen, industri\u00eble toepassingen, andere industri\u00eble toepassingen en landbouwmachines.<\/p>\n<h2><strong>HP3V-S-serie axiale zuigerpomp met variabele cilinderinhoud <\/strong><strong>Sollicitatie:<\/strong><\/h2>\n<p><img loading=\"lazy\" decoding=\"async\" class=\"alignnone wp-image-1938 size-full\" src=\"https:\/\/hydraulic-cylinders.net\/wp-content\/uploads\/2023\/10\/hp3v-s-series-axial-piston-variable-displacement-hydraulic-pump-2.jpg\" alt=\"\" width=\"1145\" height=\"234\" srcset=\"https:\/\/hydraulic-cylinders.net\/wp-content\/uploads\/2023\/10\/hp3v-s-series-axial-piston-variable-displacement-hydraulic-pump-2.jpg 1145w, https:\/\/hydraulic-cylinders.net\/wp-content\/uploads\/2023\/10\/hp3v-s-series-axial-piston-variable-displacement-hydraulic-pump-2-980x200.jpg 980w, https:\/\/hydraulic-cylinders.net\/wp-content\/uploads\/2023\/10\/hp3v-s-series-axial-piston-variable-displacement-hydraulic-pump-2-480x98.jpg 480w\" sizes=\"(min-width: 0px) and (max-width: 480px) 480px, (min-width: 481px) and (max-width: 980px) 980px, (min-width: 981px) 1145px, 100vw\" \/><\/p>\n<h2><strong>Gebruiksmethode van HP3V-serie axiale zuiger hydraulische pomp met variabele verplaatsing<\/strong><strong>:<\/strong><\/h2>\n<ul>\n<li><strong>Installatie:<\/strong> Kies een geschikte locatie binnen het hydraulische systeem voor de installatie van de HP3V-S serie axiale plunjerpomp met variabele cilinderinhoud. Zorg voor een correcte uitlijning en een veilige bevestiging aan de systeemstructuur met behulp van geschikte montagebeugels of accessoires.<\/li>\n<li><strong>Integratie met hydraulisch systeem:<\/strong> Sluit de pomp aan op het hydraulische systeem met behulp van compatibele slangen, koppelingen en afsluiters. Zorg ervoor dat alle aansluitingen goed vastzitten, lekvrij zijn en correct zijn aangedraaid om optimale hydraulische prestaties te garanderen.<\/li>\n<li><strong>Vloeistofcompatibiliteit:<\/strong> Controleer of de hydraulische vloeistof die in het systeem wordt gebruikt, compatibel is met de HP3V-S-serie pomp. Raadpleeg de aanbevelingen van de fabrikant voor het juiste vloeistoftype, de juiste viscositeit en het juiste temperatuurbereik. Controleer en onderhoud de hydraulische vloeistof regelmatig om een \u200b\u200bgoede werking en een lange levensduur van de pomp te garanderen.<\/li>\n<li><strong>Operationele parameters:<\/strong> Maak uzelf vertrouwd met de regelmogelijkheden van de pomp en pas de bedrijfsparameters aan op basis van de specifieke vereisten van het hydraulische systeem. Controleer en wijzig de slagvolume-instellingen van de pomp om de prestaties en energie-effici\u00ebntie te optimaliseren.<\/li>\n<\/ul>\n<h2><strong>Hoe reviseer je een hydraulische cilinder?<\/strong><\/h2>\n<p>Het reviseren van een hydraulische cilinder houdt in dat de cilinder wordt gedemonteerd, ge\u00efnspecteerd, versleten of beschadigde onderdelen worden vervangen en vervolgens weer in elkaar wordt gezet. Hier volgt een stapsgewijze handleiding voor het reviseren van een hydraulische cilinder:<\/p>\n<ol>\n<li><strong>Voorbereiding:<\/strong>\n<ul>\n<li>Zorg ervoor dat het hydraulische systeem drukloos is en losgekoppeld.<\/li>\n<li>Reinig de buitenkant van de cilinder om vervuiling tijdens het revisieproces te voorkomen.<\/li>\n<li>Plaats de cilinder op een stabiel werkoppervlak en zet hem vast met klemmen of een bankschroef.<\/li>\n<\/ul>\n<\/li>\n<li><strong>Demontage:<\/strong>\n<ul>\n<li>Verwijder de eindkappen van de cilinder met behulp van het daarvoor bestemde gereedschap en de door de fabrikant aangegeven methode.<\/li>\n<li>Verwijder voorzichtig de zuiger en drijfstang uit de cilinder.<\/li>\n<li>Let goed op in welke volgorde de onderdelen worden verwijderd om een \u200b\u200bcorrecte montage te garanderen.<\/li>\n<\/ul>\n<\/li>\n<li><strong>Inspectie:<\/strong>\n<ul>\n<li>Controleer alle onderdelen grondig op tekenen van slijtage, beschadiging of vervuiling.<\/li>\n<li>Controleer de cilinderloop op krassen, putjes of roest. Als er aanzienlijke schade is, moet de loop mogelijk worden vervangen.<\/li>\n<li>Controleer de zuiger, drijfstang en afdichtingen op slijtage, inkepingen of krassen. Vervang alle beschadigde onderdelen.<\/li>\n<\/ul>\n<\/li>\n<li><strong>Vervanging van componenten:<\/strong>\n<ul>\n<li>Vervang de zuigerafdichtingen, drijfstangafdichtingen en alle O-ringen of pakkingen die tekenen van slijtage of beschadiging vertonen.<\/li>\n<li>Zorg ervoor dat de vervangende onderdelen compatibel zijn met het specifieke model hydraulische cilinder.<\/li>\n<li>Smeer de nieuwe afdichtingen en O-ringen v\u00f3\u00f3r installatie in met hydraulische olie.<\/li>\n<\/ul>\n<\/li>\n<li><strong>Hermontage:<\/strong>\n<ul>\n<li>Begin met de montage door de zuiger en drijfstang terug in de cilinder te plaatsen.<\/li>\n<li>Breng een dun laagje hydraulische olie aan op de cilinderwand en de afdichtingen om een \u200b\u200bsoepele montage te vergemakkelijken.<\/li>\n<li>Lijn de onderdelen zorgvuldig uit en schuif de zuigerconstructie in de cilinder.<\/li>\n<li>Bevestig de eindkappen en zorg daarbij voor een juiste uitlijning en vastheid volgens de specificaties van de fabrikant.<\/li>\n<\/ul>\n<\/li>\n<li><strong>Testen en installatie:<\/strong>\n<ul>\n<li>Nadat de cilinder weer in elkaar is gezet, moet een druktest worden uitgevoerd om te controleren of deze naar behoren functioneert.<\/li>\n<li>Sluit het hydraulische systeem aan en verhoog de druk geleidelijk, terwijl u controleert op lekkages of afwijkend gedrag.<\/li>\n<li>Als de cilinder de druktest doorstaat, kan deze weer in het hydraulische systeem worden ge\u00efnstalleerd.<\/li>\n<\/ul>\n<\/li>\n<li><strong>Regelmatig onderhoud:<\/strong>\n<ul>\n<li>Voer een regelmatig onderhoudsschema in om de levensduur van de gereviseerde hydraulische cilinder te verlengen.<\/li>\n<li>Controleer de cilinder op tekenen van lekkage, overmatige slijtage of andere problemen.<\/li>\n<li>Reinig de buitenkant regelmatig en zorg ervoor dat het hydraulische vloeistofpeil op peil blijft.<\/li>\n<\/ul>\n<\/li>\n<\/ol>\n<h2><strong>Vermogen en capaciteit van de fabriek:<\/strong><\/h2>\n<h3>(1) Montage<\/h3>\n<p>We beschikken over een eersteklas, onafhankelijk R&amp;D-platform voor assemblage. De productiewerkplaats voor hydraulische cilinders beschikt over vier semi-automatische hefcilinderassemblagelijnen en \u00e9\u00e9n automatische kantelcilinderassemblagelijn, met een geplande jaarlijkse productiecapaciteit van 1 miljoen stuks. De speciale cilinderwerkplaats is uitgerust met diverse specificaties van een semi-automatisch reinigingsassemblagesysteem met een geplande jaarlijkse productiecapaciteit van 200.000 stuks en is uitgerust met gerenommeerde CNC-bewerkingsapparatuur, een bewerkingscentrum, een zeer nauwkeurige cilinderbewerkingsapparatuur, een robotlasmachine, een automatische reinigingsmachine, een automatische cilinderassemblagemachine en een automatische verfproductielijn. De bestaande kritische apparatuur bestaat uit meer dan 300 sets. De optimale toewijzing en het effici\u00ebnte gebruik van apparatuur garanderen de nauwkeurigheidseisen van producten en voldoen aan de hoge kwaliteitseisen.<\/p>\n<p><img loading=\"lazy\" decoding=\"async\" class=\"alignnone wp-image-626\" src=\"https:\/\/hydraulic-cylinders.net\/wp-content\/uploads\/2023\/08\/hydraulic-cylinder-product-1-300x158.webp\" alt=\"\" width=\"495\" height=\"260\" srcset=\"https:\/\/hydraulic-cylinders.net\/wp-content\/uploads\/2023\/08\/hydraulic-cylinder-product-1-300x158.webp 495w, https:\/\/hydraulic-cylinders.net\/wp-content\/uploads\/2023\/08\/hydraulic-cylinder-product-1-480x252.webp 480w\" sizes=\"(min-width: 0px) and (max-width: 480px) 480px, (min-width: 481px) 495px, 100vw\" \/> <img loading=\"lazy\" decoding=\"async\" class=\"alignnone wp-image-627\" src=\"https:\/\/hydraulic-cylinders.net\/wp-content\/uploads\/2023\/08\/hydraulic-cylinder-product-2-300x189.webp\" alt=\"\" width=\"413\" height=\"260\" \/><\/p>\n<h3>(2) Bewerking<\/h3>\n<p>De bewerkingsruimte is uitgerust met een op maat gemaakt schuin rails draaicentrum, bewerkingscentrum, hogesnelheids hoonmachine, lasrobot en andere bijbehorende apparatuur, die de bewerking van cilinderbuizen met een maximale binnendiameter van 400 mm en een maximale lengte van 6 meter aankan.<\/p>\n<p><img loading=\"lazy\" decoding=\"async\" class=\"alignnone wp-image-628 size-large\" src=\"https:\/\/hydraulic-cylinders.net\/wp-content\/uploads\/2023\/08\/hydraulic-cylinder-product-3-1024x391.webp\" alt=\"\" width=\"1024\" height=\"391\" srcset=\"https:\/\/hydraulic-cylinders.net\/wp-content\/uploads\/2023\/08\/hydraulic-cylinder-product-3-980x374.webp 980w, https:\/\/hydraulic-cylinders.net\/wp-content\/uploads\/2023\/08\/hydraulic-cylinder-product-3-480x183.webp 480w\" sizes=\"(min-width: 0px) and (max-width: 480px) 480px, (min-width: 481px) and (max-width: 980px) 980px, (min-width: 981px) 1024px, 100vw\" \/><\/p>\n<h3>(3) Lassen<\/h3>\n<p><img loading=\"lazy\" decoding=\"async\" class=\"alignnone wp-image-629 size-large\" src=\"https:\/\/hydraulic-cylinders.net\/wp-content\/uploads\/2023\/08\/hydraulic-cylinder-product-4-1024x510.webp\" alt=\"\" width=\"1024\" height=\"510\" srcset=\"https:\/\/hydraulic-cylinders.net\/wp-content\/uploads\/2023\/08\/hydraulic-cylinder-product-4-980x488.webp 980w, https:\/\/hydraulic-cylinders.net\/wp-content\/uploads\/2023\/08\/hydraulic-cylinder-product-4-480x239.webp 480w\" sizes=\"(min-width: 0px) and (max-width: 480px) 480px, (min-width: 481px) and (max-width: 980px) 980px, (min-width: 981px) 1024px, 100vw\" \/><\/p>\n<h3>(4) Schilderen en coaten<\/h3>\n<p>Met kleine en middelgrote automatische cilindercoatinglijnen voor watergedragen verf, om automatisch laden en lossen door robots en automatisch spuiten te bereiken, is de ontwerpcapaciteit 4000 stuks per ploegendienst;<br \/>\nOok beschikken wij over een semi-automatische verfproductielijn voor grote cilinders, aangedreven door een kabelrups, met een ontwerpcapaciteit van 60 dozen per ploeg.<\/p>\n<p><img loading=\"lazy\" decoding=\"async\" class=\"alignnone wp-image-630\" src=\"https:\/\/hydraulic-cylinders.net\/wp-content\/uploads\/2023\/08\/hydraulic-cylinder-product-5-300x213.webp\" alt=\"\" width=\"366\" height=\"260\" \/> <img loading=\"lazy\" decoding=\"async\" class=\"alignnone wp-image-631\" src=\"https:\/\/hydraulic-cylinders.net\/wp-content\/uploads\/2023\/08\/hydraulic-cylinder-product-6-300x225.webp\" alt=\"\" width=\"347\" height=\"260\" \/><\/p>\n<h3>(5) Testen<\/h3>\n<p>Wij beschikken over eersteklas inspectiefaciliteiten en testbanken om te garanderen dat de prestaties van de cilinder aan de eisen voldoen.<\/p>\n<p><img loading=\"lazy\" decoding=\"async\" class=\"alignnone wp-image-632\" src=\"https:\/\/hydraulic-cylinders.net\/wp-content\/uploads\/2023\/08\/hydraulic-cylinder-product-8-300x200.webp\" alt=\"\" width=\"389\" height=\"260\" \/><\/p>\n<p>&nbsp;<\/p>\n<p>&nbsp;<\/p>\n<p>Wij zijn een van de beste fabrikanten van hydraulische cilinders. We bieden een compleet assortiment hydraulische cilinders. Ook leveren we bijbehorende onderdelen. <a href=\"https:\/\/hzpt.com\/agricultural-pto-gearbox\/\" target=\"_blank\" rel=\"noopener\">landbouwversnellingsbakken<\/a>We hebben onze producten wereldwijd ge\u00ebxporteerd en een goede reputatie opgebouwd dankzij onze superieure productkwaliteit en aftersalesservice. We nodigen klanten in binnen- en buitenland uit om contact met ons op te nemen om zaken te doen, informatie uit te wisselen en <a href=\"https:\/\/www.hydraulic-cylinders.net\/nl\/contact-us\/\">werk met ons samen<\/a>!<\/p>\n<p>&nbsp;<\/p>","protected":false},"excerpt":{"rendered":"<p>HP3V-S Series Axial Piston Variable Displacement Hydraulic Pump The HP3V-S series axial piston variable displacement hydraulic pump is a cutting-edge solution that revolutionizes hydraulic systems. With its exceptional efficiency and outstanding performance, this pump is indispensable in various industrial applications. This comprehensive article will explore the key characteristics, usage methods, and maintenance guidelines for the [&hellip;]<\/p>","protected":false},"featured_media":1936,"comment_status":"open","ping_status":"closed","template":"","meta":{"_et_pb_use_builder":"","_et_pb_old_content":"","_et_gb_content_width":""},"product_brand":[],"product_cat":[1425],"product_tag":[1380],"class_list":{"0":"post-1921","1":"product","2":"type-product","3":"status-publish","4":"has-post-thumbnail","6":"product_cat-piston-pump","7":"product_tag-hydraulic-cylinder","9":"first","10":"instock","11":"shipping-taxable","12":"product-type-simple"},"amp_enabled":true,"_links":{"self":[{"href":"https:\/\/www.hydraulic-cylinders.net\/nl\/wp-json\/wp\/v2\/product\/1921","targetHints":{"allow":["GET"]}}],"collection":[{"href":"https:\/\/www.hydraulic-cylinders.net\/nl\/wp-json\/wp\/v2\/product"}],"about":[{"href":"https:\/\/www.hydraulic-cylinders.net\/nl\/wp-json\/wp\/v2\/types\/product"}],"replies":[{"embeddable":true,"href":"https:\/\/www.hydraulic-cylinders.net\/nl\/wp-json\/wp\/v2\/comments?post=1921"}],"wp:featuredmedia":[{"embeddable":true,"href":"https:\/\/www.hydraulic-cylinders.net\/nl\/wp-json\/wp\/v2\/media\/1936"}],"wp:attachment":[{"href":"https:\/\/www.hydraulic-cylinders.net\/nl\/wp-json\/wp\/v2\/media?parent=1921"}],"wp:term":[{"taxonomy":"product_brand","embeddable":true,"href":"https:\/\/www.hydraulic-cylinders.net\/nl\/wp-json\/wp\/v2\/product_brand?post=1921"},{"taxonomy":"product_cat","embeddable":true,"href":"https:\/\/www.hydraulic-cylinders.net\/nl\/wp-json\/wp\/v2\/product_cat?post=1921"},{"taxonomy":"product_tag","embeddable":true,"href":"https:\/\/www.hydraulic-cylinders.net\/nl\/wp-json\/wp\/v2\/product_tag?post=1921"}],"curies":[{"name":"wp","href":"https:\/\/api.w.org\/{rel}","templated":true}]}}