{"id":1008,"date":"2023-09-07T01:23:43","date_gmt":"2023-09-07T01:23:43","guid":{"rendered":"https:\/\/hydraulic-cylinders.net\/?post_type=product&#038;p=1008"},"modified":"2023-09-19T01:36:54","modified_gmt":"2023-09-19T01:36:54","slug":"front-cover-trunnion-four-rod-hydraulic-cylinder","status":"publish","type":"product","link":"https:\/\/www.hydraulic-cylinders.net\/pl\/produkt\/front-cover-trunnion-four-rod-hydraulic-cylinder\/","title":{"rendered":"Czteropr\u0119towy si\u0142ownik hydrauliczny przedniej pokrywy"},"content":{"rendered":"<h1 style=\"text-align: center;\"><strong>Czteropr\u0119towy si\u0142ownik hydrauliczny przedniej pokrywy<\/strong><\/h1>\n<p><img loading=\"lazy\" decoding=\"async\" class=\"size-full wp-image-1009 aligncenter\" src=\"https:\/\/hydraulic-cylinders.net\/wp-content\/uploads\/2023\/09\/front-cover-rectangular-flange-four-rod-hydraulic-cylinder-1-2.webp\" alt=\"\" width=\"224\" height=\"224\" srcset=\"https:\/\/www.hydraulic-cylinders.net\/wp-content\/uploads\/2023\/09\/front-cover-rectangular-flange-four-rod-hydraulic-cylinder-1-2.webp 224w, https:\/\/www.hydraulic-cylinders.net\/wp-content\/uploads\/2023\/09\/front-cover-rectangular-flange-four-rod-hydraulic-cylinder-1-2-100x100.webp 100w, https:\/\/www.hydraulic-cylinders.net\/wp-content\/uploads\/2023\/09\/front-cover-rectangular-flange-four-rod-hydraulic-cylinder-1-2-150x150.webp 150w, https:\/\/www.hydraulic-cylinders.net\/wp-content\/uploads\/2023\/09\/front-cover-rectangular-flange-four-rod-hydraulic-cylinder-1-2-12x12.webp 12w\" sizes=\"(max-width: 224px) 100vw, 224px\" \/><\/p>\n<p>Czterot\u0142oczkowy si\u0142ownik hydrauliczny z przednim czopem to wysokowydajny element hydrauliczny, kt\u00f3ry zapewnia doskona\u0142\u0105 moc, precyzyjn\u0105 kontrol\u0119 i niezr\u00f3wnan\u0105 wszechstronno\u015b\u0107 w r\u00f3\u017cnych zastosowaniach przemys\u0142owych. Dzi\u0119ki innowacyjnej konstrukcji czop\u00f3w z przedni\u0105 pokryw\u0105 i konfiguracji z czterema t\u0142oczyskami, ten czterot\u0142oczkowy si\u0142ownik hydrauliczny oferuje zwi\u0119kszon\u0105 stabilno\u015b\u0107, trwa\u0142o\u015b\u0107 i no\u015bno\u015b\u0107, co czyni go niezast\u0105pionym elementem w wymagaj\u0105cych uk\u0142adach hydraulicznych.<\/p>\n<p>Podstawowe cechy cylindra hydraulicznego czterot\u0142oczkowego:<\/p>\n<p><strong>Konstrukcja czopu przedniej pokrywy:<\/strong><\/p>\n<ol>\n<li style=\"list-style-type: none;\">\n<ul>\n<li>Konstrukcja czopa pokrywy przedniej stanowi bezpieczne i wydajne rozwi\u0105zanie monta\u017cowe, gwarantuj\u0105ce niezawodn\u0105 prac\u0119 nawet przy du\u017cych obci\u0105\u017ceniach i ekstremalnych warunkach.<\/li>\n<li>U\u0142atwia instalacj\u0119 i umo\u017cliwia \u0142atw\u0105 integracj\u0119 z r\u00f3\u017cnymi uk\u0142adami i urz\u0105dzeniami hydraulicznymi.<\/li>\n<\/ul>\n<\/li>\n<\/ol>\n<p><strong>Konfiguracja czterech pr\u0119t\u00f3w:<\/strong><\/p>\n<ol>\n<li style=\"list-style-type: none;\">\n<ul>\n<li>Konfiguracja z czterema t\u0142oczyskami zwi\u0119ksza no\u015bno\u015b\u0107 czterot\u0142oczkowego cylindra hydraulicznego i gwarantuje optymaln\u0105 stabilno\u015b\u0107 oraz precyzyjne pozycjonowanie.<\/li>\n<li>Umo\u017cliwia czterot\u0142oczkowemu si\u0142ownikowi hydraulicznemu skuteczne przeciwstawianie si\u0119 obci\u0105\u017ceniom bocznym, zapewniaj\u0105c wyj\u0105tkow\u0105 odporno\u015b\u0107 na skr\u0119canie i si\u0142y boczne.<\/li>\n<\/ul>\n<\/li>\n<\/ol>\n<p><strong>Wysoka moc wyj\u015bciowa:<\/strong><\/p>\n<ol>\n<li style=\"list-style-type: none;\">\n<ul>\n<li>Ten czterot\u0142oczkowy si\u0142ownik hydrauliczny charakteryzuje si\u0119 imponuj\u0105c\u0105 moc\u0105 wyj\u015bciow\u0105, co pozwala mu na wydajne radzenie sobie z du\u017cymi obci\u0105\u017ceniami.<\/li>\n<li>Zapewnia doskona\u0142\u0105 moc i si\u0142\u0119 ci\u0105gu, dzi\u0119ki czemu nadaje si\u0119 do zastosowa\u0144 wymagaj\u0105cych du\u017cej si\u0142y i ud\u017awigu.<\/li>\n<\/ul>\n<\/li>\n<\/ol>\n<p><strong>Precyzyjna kontrola:<\/strong><\/p>\n<ul>\n<li style=\"list-style-type: none;\">\n<ul>\n<li>Czteropunktowy si\u0142ownik hydrauliczny z czopem umieszczonym z przodu pokrywy zapewnia precyzyjn\u0105 kontrol\u0119 ruchu liniowego, gwarantuj\u0105c dok\u0142adne pozycjonowanie i p\u0142ynn\u0105 prac\u0119.<\/li>\n<li>Zapewnia doskona\u0142\u0105 kontrol\u0119 skoku, umo\u017cliwiaj\u0105c operatorom osi\u0105gni\u0119cie szybko\u015bci i precyzji niezb\u0119dnej do realizacji konkretnych zada\u0144.<\/li>\n<\/ul>\n<\/li>\n<\/ul>\n<h2><strong>Parametry si\u0142ownika hydraulicznego z czterema t\u0142oczyskami i czterema czopami pokrywy przedniej:<\/strong><\/h2>\n<p><img loading=\"lazy\" decoding=\"async\" class=\"alignnone wp-image-1032 size-full\" src=\"https:\/\/hydraulic-cylinders.net\/wp-content\/uploads\/2023\/09\/front-cover-trunnion-four-rod-hydraulic-cylinder.webp\" alt=\"\" width=\"655\" height=\"186\" srcset=\"https:\/\/hydraulic-cylinders.net\/wp-content\/uploads\/2023\/09\/front-cover-trunnion-four-rod-hydraulic-cylinder.webp 655w, https:\/\/hydraulic-cylinders.net\/wp-content\/uploads\/2023\/09\/front-cover-trunnion-four-rod-hydraulic-cylinder-480x136.webp 480w\" sizes=\"(min-width: 0px) and (max-width: 480px) 480px, (min-width: 481px) 655px, 100vw\" \/><\/p>\n<p><img loading=\"lazy\" decoding=\"async\" class=\"alignnone wp-image-1033 size-full\" src=\"https:\/\/hydraulic-cylinders.net\/wp-content\/uploads\/2023\/09\/d-db-dd-four-rod-hydraulic-cylinder.webp\" alt=\"\" width=\"655\" height=\"249\" srcset=\"https:\/\/hydraulic-cylinders.net\/wp-content\/uploads\/2023\/09\/d-db-dd-four-rod-hydraulic-cylinder.webp 655w, https:\/\/hydraulic-cylinders.net\/wp-content\/uploads\/2023\/09\/d-db-dd-four-rod-hydraulic-cylinder-480x182.webp 480w\" sizes=\"(min-width: 0px) and (max-width: 480px) 480px, (min-width: 481px) 655px, 100vw\" \/><\/p>\n<h2><strong>Spos\u00f3b u\u017cycia przedniej os\u0142ony z czopem si\u0142ownika hydraulicznego z czterema t\u0142oczyskami<\/strong><strong>:<\/strong><\/h2>\n<p><strong>Monta\u017c i instalacja:<\/strong><\/p>\n<ol>\n<li style=\"list-style-type: none;\">\n<ul>\n<li>Nale\u017cy wzi\u0105\u0107 pod uwag\u0119 wymagania dotycz\u0105ce obci\u0105\u017cenia i ograniczenia przestrzenne, aby okre\u015bli\u0107 odpowiednie miejsce monta\u017cu czterot\u0142oczkowego si\u0142ownika hydraulicznego w systemie lub urz\u0105dzeniu.<\/li>\n<li>Upewnij si\u0119, \u017ce powierzchnia monta\u017cowa jest czysta, r\u00f3wna i mo\u017ce utrzyma\u0107 ci\u0119\u017car cylindra.<\/li>\n<li>Umie\u015b\u0107 czopy przedniej pokrywy na r\u00f3wni z powierzchni\u0105 monta\u017cow\u0105 i zabezpiecz je za pomoc\u0105 zalecanych \u015brub lub element\u00f3w z\u0142\u0105cznych.<\/li>\n<\/ul>\n<\/li>\n<\/ol>\n<p><strong>Po\u0142\u0105czenia hydrauliczne:<\/strong><\/p>\n<ol>\n<li style=\"list-style-type: none;\">\n<ul>\n<li>Pod\u0142\u0105cz przew\u00f3d zasilaj\u0105cy uk\u0142ad hydrauliczny do portu cylindra, zapewniaj\u0105c odpowiednie uszczelnienie w celu zapobie\u017cenia wyciekom.<\/li>\n<li>Post\u0119puj zgodnie z zaleceniami producenta odno\u015bnie rodzaju oleju hydraulicznego i nape\u0142nij uk\u0142ad do zalecanego poziomu.<\/li>\n<\/ul>\n<\/li>\n<\/ol>\n<p><strong>Dzia\u0142anie:<\/strong><\/p>\n<ul>\n<li style=\"list-style-type: none;\">\n<ul>\n<li>Uruchom uk\u0142ad hydrauliczny i kontroluj ruch cylindra za pomoc\u0105 zaworu steruj\u0105cego hydraulicznego lub innego odpowiedniego mechanizmu steruj\u0105cego.<\/li>\n<li>Dostosuj ustawienia przep\u0142ywu i ci\u015bnienia, aby uzyska\u0107 \u017c\u0105dan\u0105 pr\u0119dko\u015b\u0107 i si\u0142\u0119 wyj\u015bciow\u0105.<\/li>\n<li>Regularnie monitoruj dzia\u0142anie czterot\u0142oczkowego cylindra hydraulicznego pod k\u0105tem nieprawid\u0142owego zachowania, takiego jak wycieki, przegrzanie lub nietypowe ha\u0142asy.<\/li>\n<\/ul>\n<\/li>\n<\/ul>\n<h2><strong>Konserwacja przedniej pokrywy, czopu, si\u0142ownika hydraulicznego z czterema t\u0142oczyskami<\/strong><strong>:<\/strong><\/h2>\n<p><strong>Regularna kontrola:<\/strong><\/p>\n<ol>\n<li style=\"list-style-type: none;\">\n<ul>\n<li>Przeprowadzaj rutynowe kontrole wizualne, aby sprawdzi\u0107, czy nie ma \u015blad\u00f3w zu\u017cycia, wyciek\u00f3w lub uszkodze\u0144.<\/li>\n<li>Sprawd\u017a powierzchnie dr\u0105\u017ck\u00f3w kierowniczych, uszczelki i po\u0142\u0105czenia mocuj\u0105ce pod k\u0105tem nieprawid\u0142owo\u015bci i rozwi\u0105\u017c wszelkie problemy w odpowiednim czasie.<\/li>\n<\/ul>\n<\/li>\n<\/ol>\n<p><strong>Smarowanie:<\/strong><\/p>\n<ol>\n<li style=\"list-style-type: none;\">\n<ul>\n<li>Nale\u017cy przestrzega\u0107 zalece\u0144 producenta dotycz\u0105cych cz\u0119stotliwo\u015bci smarowania i stosowa\u0107 zalecane przez niego \u015brodki smarne, aby zapewni\u0107 p\u0142ynn\u0105 prac\u0119 urz\u0105dzenia.<\/li>\n<li>Nasmaruj pr\u0119ty, uszczelki i inne ruchome cz\u0119\u015bci, aby zmniejszy\u0107 tarcie i wyd\u0142u\u017cy\u0107 \u017cywotno\u015b\u0107 cylindra.<\/li>\n<\/ul>\n<\/li>\n<\/ol>\n<p><strong>Wymiana uszczelki:<\/strong><\/p>\n<ul>\n<li style=\"list-style-type: none;\">\n<ul>\n<li>Z biegiem czasu uszczelki mog\u0105 si\u0119 zu\u017cywa\u0107 i wymaga\u0107 wymiany. W przypadku wykrycia nieszczelno\u015bci nale\u017cy ostro\u017cnie usun\u0105\u0107 star\u0105 uszczelk\u0119 i zamontowa\u0107 now\u0105 zgodnie ze specyfikacj\u0105 producenta.<\/li>\n<\/ul>\n<\/li>\n<\/ul>\n<h2><strong>Jak zmierzy\u0107 cylinder hydrauliczny?<\/strong><\/h2>\n<p>Do pomiaru cylindra hydraulicznego potrzebne b\u0119d\u0105 podstawowe narz\u0119dzia, takie jak miarka, suwmiarka lub mikrometr. Oto przewodnik krok po kroku, jak zmierzy\u0107 cylinder hydrauliczny:<\/p>\n<ol>\n<li><strong>Okre\u015bl cel pomiaru:<\/strong>\n<ul>\n<li>Zdecyduj, czy chcesz zmierzy\u0107 ca\u0142\u0105 d\u0142ugo\u015b\u0107 cylindra, czy te\u017c konkretne wymiary, takie jak \u015brednica t\u0142oczyska lub d\u0142ugo\u015b\u0107 skoku.<\/li>\n<\/ul>\n<\/li>\n<li><strong>Zmierz ca\u0142kowit\u0105 d\u0142ugo\u015b\u0107 cylindra:<\/strong>\n<ul>\n<li>Aby uzyska\u0107 dok\u0142adny pomiar, nale\u017cy rozsun\u0105\u0107 si\u0142ownik hydrauliczny do maksymalnej d\u0142ugo\u015bci.<\/li>\n<li>Za pomoc\u0105 miarki krawieckiej lub linijki zmierz odleg\u0142o\u015b\u0107 od jednego ko\u0144ca cylindra do drugiego, uwzgl\u0119dniaj\u0105c wszelkie wsporniki monta\u017cowe lub wide\u0142ki.<\/li>\n<\/ul>\n<\/li>\n<li><strong>Zmierz \u015brednic\u0119 pr\u0119ta:<\/strong>\n<ul>\n<li>Je\u017celi zachodzi konieczno\u015b\u0107 pomiaru \u015brednicy pr\u0119ta, nale\u017cy ca\u0142kowicie cofn\u0105\u0107 cylinder, tak aby pr\u0119t by\u0142 ca\u0142kowicie ods\u0142oni\u0119ty.<\/li>\n<li>U\u017cyj suwmiarki lub mikrometru, aby zmierzy\u0107 \u015brednic\u0119 pr\u0119ta. Ustaw narz\u0119dzie pomiarowe prostopadle do osi pr\u0119ta i zmierz kilka punkt\u00f3w, aby zapewni\u0107 dok\u0142adno\u015b\u0107. Zanotuj najwi\u0119ksz\u0105 zmierzon\u0105 \u015brednic\u0119.<\/li>\n<\/ul>\n<\/li>\n<li><strong>Zmierz d\u0142ugo\u015b\u0107 skoku:<\/strong>\n<ul>\n<li>D\u0142ugo\u015b\u0107 skoku odnosi si\u0119 do odleg\u0142o\u015bci, jak\u0105 pr\u0119t mo\u017ce pokona\u0107 od ca\u0142kowitego schowania do ca\u0142kowitego wysuni\u0119cia.<\/li>\n<li>Ca\u0142kowicie wycofaj cylinder i zmierz odleg\u0142o\u015b\u0107 od podstawy lub powierzchni monta\u017cowej do ko\u0144ca pr\u0119ta.<\/li>\n<\/ul>\n<\/li>\n<li><strong>Zmierz \u015brednic\u0119 otworu:<\/strong>\n<ul>\n<li>\u015arednica otworu odnosi si\u0119 do wewn\u0119trznej \u015brednicy cylindra.<\/li>\n<li>Je\u015bli zachodzi potrzeba zmierzenia \u015brednicy otworu, nale\u017cy wyj\u0105\u0107 cylinder ze sprz\u0119tu (je\u015bli to mo\u017cliwe) i sprawdzi\u0107 otwarty koniec lufy.<\/li>\n<li>Za pomoc\u0105 suwmiarki lub mikrometru zmierz \u015brednic\u0119 wewn\u0119trzn\u0105 lufy w kilku punktach. Zanotuj najwi\u0119ksz\u0105 zmierzon\u0105 \u015brednic\u0119.<\/li>\n<\/ul>\n<\/li>\n<li><strong>Rejestrowanie i weryfikacja pomiar\u00f3w:<\/strong>\n<ul>\n<li>Po wykonaniu pomiar\u00f3w zapisz je dok\u0142adnie, aby m\u00f3c do nich wr\u00f3ci\u0107 w przysz\u0142o\u015bci.<\/li>\n<li>Sprawd\u017a dok\u0142adnie pomiary, aby mie\u0107 pewno\u015b\u0107, \u017ce s\u0105 poprawne i sp\u00f3jne.<\/li>\n<\/ul>\n<\/li>\n<\/ol>\n<h2><strong>Mo\u017cliwo\u015bci i pojemno\u015b\u0107 fabryki:<\/strong><\/h2>\n<h3>(1) Monta\u017c<\/h3>\n<p>Dysponujemy najwy\u017cszej klasy niezale\u017cn\u0105 platform\u0105 badawczo-rozwojow\u0105. Warsztat produkcji si\u0142ownik\u00f3w hydraulicznych posiada cztery p\u00f3\u0142automatyczne linie monta\u017cowe si\u0142ownik\u00f3w podnosz\u0105cych i jedn\u0105 automatyczn\u0105 lini\u0119 monta\u017cow\u0105 si\u0142ownik\u00f3w przechy\u0142u, o projektowanej rocznej zdolno\u015bci produkcyjnej 1 miliona sztuk. Specjalny warsztat cylindr\u00f3w jest wyposa\u017cony w r\u00f3\u017cne specyfikacje p\u00f3\u0142automatycznego systemu monta\u017cu czyszcz\u0105cego o projektowanej rocznej zdolno\u015bci produkcyjnej 200 000 i wyposa\u017cony w s\u0142ynny sprz\u0119t do obr\u00f3bki CNC, centrum obr\u00f3bcze, specjalny sprz\u0119t do precyzyjnej obr\u00f3bki cylindr\u00f3w, robot spawalniczy, automatyczna maszyna czyszcz\u0105ca, automatyczna maszyna do monta\u017cu cylindr\u00f3w i automatyczna linia produkcyjna do malowania. Istniej\u0105cy krytyczny sprz\u0119t sk\u0142ada si\u0119 z ponad 300 zestaw\u00f3w. Optymalna alokacja i efektywne wykorzystanie zasob\u00f3w sprz\u0119towych zapewniaj\u0105 wymagania dotycz\u0105ce dok\u0142adno\u015bci produkt\u00f3w i spe\u0142niaj\u0105 potrzeby wysokiej jako\u015bci produkt\u00f3w.<\/p>\n<p><img loading=\"lazy\" decoding=\"async\" class=\"alignnone wp-image-626\" src=\"https:\/\/hydraulic-cylinders.net\/wp-content\/uploads\/2023\/08\/hydraulic-cylinder-product-1-300x158.webp\" alt=\"\" width=\"495\" height=\"260\" srcset=\"https:\/\/hydraulic-cylinders.net\/wp-content\/uploads\/2023\/08\/hydraulic-cylinder-product-1-300x158.webp 495w, https:\/\/hydraulic-cylinders.net\/wp-content\/uploads\/2023\/08\/hydraulic-cylinder-product-1-480x252.webp 480w\" sizes=\"(min-width: 0px) and (max-width: 480px) 480px, (min-width: 481px) 495px, 100vw\" \/> <img loading=\"lazy\" decoding=\"async\" class=\"alignnone wp-image-627\" src=\"https:\/\/hydraulic-cylinders.net\/wp-content\/uploads\/2023\/08\/hydraulic-cylinder-product-2-300x189.webp\" alt=\"\" width=\"413\" height=\"260\" \/><\/p>\n<h3>(2) Obr\u00f3bka<\/h3>\n<p>Warsztat obr\u00f3bki skrawaniem jest wyposa\u017cony w niestandardowe centrum tokarskie z pochylon\u0105 szyn\u0105, centrum obr\u00f3bcze, szybkobie\u017cn\u0105 honownic\u0119, robota spawalniczego i inny powi\u0105zany sprz\u0119t, kt\u00f3ry mo\u017ce obs\u0142ugiwa\u0107 przetwarzanie rur cylindrycznych o maksymalnej \u015brednicy wewn\u0119trznej 400 mm i maksymalnej d\u0142ugo\u015bci 6 metr\u00f3w.<\/p>\n<p><img loading=\"lazy\" decoding=\"async\" class=\"alignnone wp-image-628 size-large\" src=\"https:\/\/hydraulic-cylinders.net\/wp-content\/uploads\/2023\/08\/hydraulic-cylinder-product-3-1024x391.webp\" alt=\"\" width=\"1024\" height=\"391\" srcset=\"https:\/\/hydraulic-cylinders.net\/wp-content\/uploads\/2023\/08\/hydraulic-cylinder-product-3-980x374.webp 980w, https:\/\/hydraulic-cylinders.net\/wp-content\/uploads\/2023\/08\/hydraulic-cylinder-product-3-480x183.webp 480w\" sizes=\"(min-width: 0px) and (max-width: 480px) 480px, (min-width: 481px) and (max-width: 980px) 980px, (min-width: 981px) 1024px, 100vw\" \/><\/p>\n<h3>(3) Spawanie<\/h3>\n<p><img loading=\"lazy\" decoding=\"async\" class=\"alignnone wp-image-629 size-large\" src=\"https:\/\/hydraulic-cylinders.net\/wp-content\/uploads\/2023\/08\/hydraulic-cylinder-product-4-1024x510.webp\" alt=\"\" width=\"1024\" height=\"510\" srcset=\"https:\/\/hydraulic-cylinders.net\/wp-content\/uploads\/2023\/08\/hydraulic-cylinder-product-4-980x488.webp 980w, https:\/\/hydraulic-cylinders.net\/wp-content\/uploads\/2023\/08\/hydraulic-cylinder-product-4-480x239.webp 480w\" sizes=\"(min-width: 0px) and (max-width: 480px) 480px, (min-width: 481px) and (max-width: 980px) 980px, (min-width: 981px) 1024px, 100vw\" \/><\/p>\n<h3>(4) Malowanie i powlekanie<\/h3>\n<p>Z ma\u0142ymi i \u015brednimi automatycznymi liniami do powlekania farbami na bazie wody, w celu osi\u0105gni\u0119cia automatycznego za\u0142adunku i roz\u0142adunku robota oraz automatycznego natryskiwania, wydajno\u015b\u0107 projektowa 4000 sztuk na zmian\u0119;<br \/>\nPosiadamy r\u00f3wnie\u017c p\u00f3\u0142automatyczn\u0105 lini\u0119 do produkcji farb do du\u017cych cylindr\u00f3w nap\u0119dzan\u0105 \u0142a\u0144cuchem nap\u0119dowym, o wydajno\u015bci 60 skrzy\u0144 na zmian\u0119.<\/p>\n<p><img loading=\"lazy\" decoding=\"async\" class=\"alignnone wp-image-630\" src=\"https:\/\/hydraulic-cylinders.net\/wp-content\/uploads\/2023\/08\/hydraulic-cylinder-product-5-300x213.webp\" alt=\"\" width=\"366\" height=\"260\" \/> <img loading=\"lazy\" decoding=\"async\" class=\"alignnone wp-image-631\" src=\"https:\/\/hydraulic-cylinders.net\/wp-content\/uploads\/2023\/08\/hydraulic-cylinder-product-6-300x225.webp\" alt=\"\" width=\"347\" height=\"260\" \/><\/p>\n<h3>(5) Testowanie<\/h3>\n<p>Dysponujemy najwy\u017cszej klasy urz\u0105dzeniami kontrolnymi i stanowiskami testowymi, aby zapewni\u0107, \u017ce wydajno\u015b\u0107 cylindra spe\u0142nia wymagania.<\/p>\n<p><img loading=\"lazy\" decoding=\"async\" class=\"alignnone wp-image-632\" src=\"https:\/\/hydraulic-cylinders.net\/wp-content\/uploads\/2023\/08\/hydraulic-cylinder-product-8-300x200.webp\" alt=\"\" width=\"389\" height=\"260\" \/><\/p>\n<p>&nbsp;<\/p>\n<p>&nbsp;<\/p>\n<p>Jeste\u015bmy jednym z najlepszych producent\u00f3w lekkich si\u0142ownik\u00f3w hydraulicznych z czterema t\u0142oczyskami. Oferujemy kompleksow\u0105 ofert\u0119 lekkich si\u0142ownik\u00f3w hydraulicznych z czterema t\u0142oczyskami. Dostarczamy r\u00f3wnie\u017c\u2026 <a href=\"https:\/\/hzpt.com\/agricultural-pto-gearbox\/\" target=\"_blank\" rel=\"noopener\">przek\u0142adnie rolnicze<\/a>Eksportowali\u015bmy nasze produkty do klient\u00f3w na ca\u0142ym \u015bwiecie i zyskali\u015bmy dobr\u0105 reputacj\u0119 dzi\u0119ki doskona\u0142ej jako\u015bci produkt\u00f3w i obs\u0142udze posprzeda\u017cowej. Serdecznie zapraszamy klient\u00f3w zar\u00f3wno z kraju, jak i z zagranicy do kontaktu z nami w celu negocjacji biznesowych, wymiany informacji i\u2026\u00a0<a href=\"https:\/\/www.hydraulic-cylinders.net\/pl\/contact-us\/\">wsp\u00f3\u0142pracowa\u0107 z nami<\/a>!<\/p>\n<h2><\/h2>\n<h2><\/h2>\n<h2><\/h2>","protected":false},"excerpt":{"rendered":"<p>Front Cover Trunnion Four Rod Hydraulic Cylinder The front trunnion four rod hydraulic cylinder is a high-performance hydraulic element that provides superior power, precise control, and unmatched versatility in various industrial applications. With its innovative front cover trunnion design and four-bar configuration, this four rod hydraulic cylinder offers increased stability, durability, and load-carrying capacity, making [&hellip;]<\/p>","protected":false},"featured_media":1011,"comment_status":"open","ping_status":"closed","template":"","meta":{"_et_pb_use_builder":"","_et_pb_old_content":"","_et_gb_content_width":""},"product_brand":[],"product_cat":[1376,1386],"product_tag":[1380],"class_list":{"0":"post-1008","1":"product","2":"type-product","3":"status-publish","4":"has-post-thumbnail","6":"product_cat-hydraulic-cylinder","7":"product_cat-four-rod-hydraulic-cylinder","8":"product_tag-hydraulic-cylinder","10":"first","11":"instock","12":"shipping-taxable","13":"product-type-simple"},"amp_enabled":true,"_links":{"self":[{"href":"https:\/\/www.hydraulic-cylinders.net\/pl\/wp-json\/wp\/v2\/product\/1008","targetHints":{"allow":["GET"]}}],"collection":[{"href":"https:\/\/www.hydraulic-cylinders.net\/pl\/wp-json\/wp\/v2\/product"}],"about":[{"href":"https:\/\/www.hydraulic-cylinders.net\/pl\/wp-json\/wp\/v2\/types\/product"}],"replies":[{"embeddable":true,"href":"https:\/\/www.hydraulic-cylinders.net\/pl\/wp-json\/wp\/v2\/comments?post=1008"}],"wp:featuredmedia":[{"embeddable":true,"href":"https:\/\/www.hydraulic-cylinders.net\/pl\/wp-json\/wp\/v2\/media\/1011"}],"wp:attachment":[{"href":"https:\/\/www.hydraulic-cylinders.net\/pl\/wp-json\/wp\/v2\/media?parent=1008"}],"wp:term":[{"taxonomy":"product_brand","embeddable":true,"href":"https:\/\/www.hydraulic-cylinders.net\/pl\/wp-json\/wp\/v2\/product_brand?post=1008"},{"taxonomy":"product_cat","embeddable":true,"href":"https:\/\/www.hydraulic-cylinders.net\/pl\/wp-json\/wp\/v2\/product_cat?post=1008"},{"taxonomy":"product_tag","embeddable":true,"href":"https:\/\/www.hydraulic-cylinders.net\/pl\/wp-json\/wp\/v2\/product_tag?post=1008"}],"curies":[{"name":"wp","href":"https:\/\/api.w.org\/{rel}","templated":true}]}}