{"id":1012,"date":"2023-09-07T02:00:53","date_gmt":"2023-09-07T02:00:53","guid":{"rendered":"https:\/\/hydraulic-cylinders.net\/?post_type=product&#038;p=1012"},"modified":"2023-09-19T01:36:49","modified_gmt":"2023-09-19T01:36:49","slug":"rear-cover-trunnion-four-rod-hydraulic-cylinder","status":"publish","type":"product","link":"https:\/\/www.hydraulic-cylinders.net\/pl\/produkt\/rear-cover-trunnion-four-rod-hydraulic-cylinder\/","title":{"rendered":"Tylna pokrywa Si\u0142ownik hydrauliczny z czterema t\u0142oczyskami"},"content":{"rendered":"<h1 style=\"text-align: center;\"><strong>Tylna pokrywa Si\u0142ownik hydrauliczny z czterema t\u0142oczyskami<\/strong><\/h1>\n<p><img loading=\"lazy\" decoding=\"async\" class=\"size-full wp-image-1013 aligncenter\" src=\"https:\/\/hydraulic-cylinders.net\/wp-content\/uploads\/2023\/09\/rear-cover-trunnion-four-rod-hydraulic-cylinder-1-1.webp\" alt=\"\" width=\"231\" height=\"231\" srcset=\"https:\/\/www.hydraulic-cylinders.net\/wp-content\/uploads\/2023\/09\/rear-cover-trunnion-four-rod-hydraulic-cylinder-1-1.webp 231w, https:\/\/www.hydraulic-cylinders.net\/wp-content\/uploads\/2023\/09\/rear-cover-trunnion-four-rod-hydraulic-cylinder-1-1-100x100.webp 100w, https:\/\/www.hydraulic-cylinders.net\/wp-content\/uploads\/2023\/09\/rear-cover-trunnion-four-rod-hydraulic-cylinder-1-1-150x150.webp 150w, https:\/\/www.hydraulic-cylinders.net\/wp-content\/uploads\/2023\/09\/rear-cover-trunnion-four-rod-hydraulic-cylinder-1-1-12x12.webp 12w\" sizes=\"(max-width: 231px) 100vw, 231px\" \/><\/p>\n<p>Czterot\u0142oczkowy si\u0142ownik hydrauliczny z czopem tylnej pokrywy to najnowocze\u015bniejszy komponent zaprojektowany z my\u015bl\u0105 o zapewnieniu wyj\u0105tkowej mocy, precyzyjnej kontroli i niezr\u00f3wnanej wydajno\u015bci w r\u00f3\u017cnorodnych zastosowaniach przemys\u0142owych. Dzi\u0119ki innowacyjnej konstrukcji czop\u00f3w tylnej pokrywy i konfiguracji czterech t\u0142oczysk, ten czterot\u0142oczkowy si\u0142ownik hydrauliczny oferuje zwi\u0119kszon\u0105 stabilno\u015b\u0107, trwa\u0142o\u015b\u0107 i no\u015bno\u015b\u0107, co czyni go niezast\u0105pionym elementem w wymagaj\u0105cych uk\u0142adach hydraulicznych.<\/p>\n<p>Podstawowe cechy cylindra hydraulicznego czterot\u0142oczkowego:<\/p>\n<p><strong>Konstrukcja czopu tylnej os\u0142ony:<\/strong><\/p>\n<ol>\n<li style=\"list-style-type: none;\">\n<ul>\n<li>Konstrukcja czopu tylnej pokrywy to bezpieczne i wydajne rozwi\u0105zanie monta\u017cowe gwarantuj\u0105ce niezawodn\u0105 prac\u0119 nawet przy du\u017cych obci\u0105\u017ceniach i ekstremalnych warunkach.<\/li>\n<li>U\u0142atwia instalacj\u0119 i umo\u017cliwia \u0142atw\u0105 integracj\u0119 z r\u00f3\u017cnymi uk\u0142adami i urz\u0105dzeniami hydraulicznymi.<\/li>\n<\/ul>\n<\/li>\n<\/ol>\n<p><strong>Konfiguracja czterech pr\u0119t\u00f3w:<\/strong><\/p>\n<ol>\n<li style=\"list-style-type: none;\">\n<ul>\n<li>Konfiguracja z czterema t\u0142oczyskami zwi\u0119ksza no\u015bno\u015b\u0107 czterot\u0142oczkowego cylindra hydraulicznego i gwarantuje optymaln\u0105 stabilno\u015b\u0107 oraz precyzyjne pozycjonowanie.<\/li>\n<li>Umo\u017cliwia czterot\u0142oczkowemu si\u0142ownikowi hydraulicznemu skuteczne przeciwstawianie si\u0119 obci\u0105\u017ceniom bocznym, zapewniaj\u0105c wyj\u0105tkow\u0105 odporno\u015b\u0107 na skr\u0119canie i si\u0142y boczne.<\/li>\n<\/ul>\n<\/li>\n<\/ol>\n<p><strong>Wysoka moc wyj\u015bciowa:<\/strong><\/p>\n<ol>\n<li style=\"list-style-type: none;\">\n<ul>\n<li>Ten czterot\u0142oczkowy si\u0142ownik hydrauliczny charakteryzuje si\u0119 imponuj\u0105c\u0105 moc\u0105 wyj\u015bciow\u0105, co pozwala mu z \u0142atwo\u015bci\u0105 radzi\u0107 sobie z du\u017cymi obci\u0105\u017ceniami.<\/li>\n<li>Zapewnia du\u017c\u0105 moc i si\u0142\u0119 ci\u0105gu, dzi\u0119ki czemu nadaje si\u0119 do zastosowa\u0144 wymagaj\u0105cych du\u017cej si\u0142y i ud\u017awigu.<\/li>\n<\/ul>\n<\/li>\n<\/ol>\n<p><strong>Precyzyjna kontrola:<\/strong><\/p>\n<ul>\n<li style=\"list-style-type: none;\">\n<ul>\n<li>Czterot\u0142oczkowy si\u0142ownik hydrauliczny z czopem tylnej pokrywy zapewnia precyzyjn\u0105 kontrol\u0119 ruchu liniowego, gwarantuj\u0105c dok\u0142adne pozycjonowanie i p\u0142ynn\u0105 prac\u0119.<\/li>\n<li>Zapewnia doskona\u0142\u0105 kontrol\u0119 skoku, umo\u017cliwiaj\u0105c operatorom osi\u0105gni\u0119cie szybko\u015bci i precyzji niezb\u0119dnej do realizacji konkretnych zada\u0144.<\/li>\n<\/ul>\n<\/li>\n<\/ul>\n<h2><strong>Parametry si\u0142ownika hydraulicznego z czterema t\u0142oczyskami i czterema czopami tylnej pokrywy:<\/strong><\/h2>\n<p><img loading=\"lazy\" decoding=\"async\" class=\"alignnone wp-image-1010 size-full\" src=\"https:\/\/hydraulic-cylinders.net\/wp-content\/uploads\/2023\/09\/rear-cover-rectangular-flange-four-rod-hydraulic-cylinder-2.webp\" alt=\"\" width=\"655\" height=\"197\" srcset=\"https:\/\/hydraulic-cylinders.net\/wp-content\/uploads\/2023\/09\/rear-cover-rectangular-flange-four-rod-hydraulic-cylinder-2.webp 655w, https:\/\/hydraulic-cylinders.net\/wp-content\/uploads\/2023\/09\/rear-cover-rectangular-flange-four-rod-hydraulic-cylinder-2-480x144.webp 480w\" sizes=\"(min-width: 0px) and (max-width: 480px) 480px, (min-width: 481px) 655px, 100vw\" \/><\/p>\n<p><img loading=\"lazy\" decoding=\"async\" class=\"alignnone wp-image-1033 size-full\" src=\"https:\/\/hydraulic-cylinders.net\/wp-content\/uploads\/2023\/09\/d-db-dd-four-rod-hydraulic-cylinder.webp\" alt=\"\" width=\"655\" height=\"249\" srcset=\"https:\/\/hydraulic-cylinders.net\/wp-content\/uploads\/2023\/09\/d-db-dd-four-rod-hydraulic-cylinder.webp 655w, https:\/\/hydraulic-cylinders.net\/wp-content\/uploads\/2023\/09\/d-db-dd-four-rod-hydraulic-cylinder-480x182.webp 480w\" sizes=\"(min-width: 0px) and (max-width: 480px) 480px, (min-width: 481px) 655px, 100vw\" \/><\/p>\n<h2><strong>Tylna pokrywa Si\u0142ownik hydrauliczny z czterema t\u0142oczyskami <\/strong><strong>Metoda u\u017cycia<\/strong><strong>:<\/strong><\/h2>\n<p><strong>Monta\u017c i instalacja:<\/strong><\/p>\n<ol>\n<li style=\"list-style-type: none;\">\n<ul>\n<li>Nale\u017cy wzi\u0105\u0107 pod uwag\u0119 wymagania dotycz\u0105ce obci\u0105\u017cenia i ograniczenia przestrzenne, aby okre\u015bli\u0107 odpowiednie miejsce monta\u017cu si\u0142ownika hydraulicznego w systemie lub urz\u0105dzeniu.<\/li>\n<li>Upewnij si\u0119, \u017ce powierzchnia monta\u017cowa jest czysta, r\u00f3wna i mo\u017ce utrzyma\u0107 ci\u0119\u017car cylindra.<\/li>\n<li>Umie\u015b\u0107 czopy tylnej pokrywy na r\u00f3wni z powierzchni\u0105 monta\u017cow\u0105 i przymocuj je za pomoc\u0105 zalecanych \u015brub lub element\u00f3w mocuj\u0105cych.<\/li>\n<\/ul>\n<\/li>\n<\/ol>\n<p><strong>Po\u0142\u0105czenia hydrauliczne:<\/strong><\/p>\n<ol>\n<li style=\"list-style-type: none;\">\n<ul>\n<li>Pod\u0142\u0105cz przew\u00f3d zasilaj\u0105cy si\u0142ownik hydrauliczny z czterema t\u0142oczyskami do portu si\u0142ownika, aby zapewni\u0107 odpowiednie uszczelnienie i zapobiec wyciekom.<\/li>\n<li>Post\u0119puj zgodnie z zaleceniami producenta odno\u015bnie rodzaju oleju hydraulicznego i nape\u0142nij uk\u0142ad do zalecanego poziomu.<\/li>\n<\/ul>\n<\/li>\n<\/ol>\n<p><strong>Dzia\u0142anie:<\/strong><\/p>\n<ul>\n<li style=\"list-style-type: none;\">\n<ul>\n<li>Uruchom uk\u0142ad hydrauliczny i kontroluj ruch cylindra za pomoc\u0105 zaworu steruj\u0105cego hydraulicznego lub innego odpowiedniego mechanizmu steruj\u0105cego.<\/li>\n<li>Dostosuj ustawienia przep\u0142ywu i ci\u015bnienia, aby uzyska\u0107 \u017c\u0105dan\u0105 pr\u0119dko\u015b\u0107 i si\u0142\u0119 wyj\u015bciow\u0105.<\/li>\n<li>Regularnie sprawdzaj prac\u0119 cylindra, zwracaj\u0105c uwag\u0119 na oznaki nieprawid\u0142owego zachowania, takie jak wycieki, przegrzanie lub nietypowe ha\u0142asy.<\/li>\n<\/ul>\n<\/li>\n<\/ul>\n<h2><strong>Konserwacja tylnej pokrywy, czopu, si\u0142ownika hydraulicznego z czterema t\u0142oczyskami<\/strong><strong>:<\/strong><\/h2>\n<ol>\n<li><strong>Regularna kontrola:<\/strong>\n<ul>\n<li>Przeprowadzaj rutynowe kontrole wizualne, aby sprawdzi\u0107, czy nie ma \u015blad\u00f3w zu\u017cycia, przeciek\u00f3w lub uszkodze\u0144.<\/li>\n<li>Sprawd\u017a powierzchni\u0119 pr\u0119ta, uszczelki i po\u0142\u0105czenia monta\u017cowe pod k\u0105tem wszelkich nieprawid\u0142owo\u015bci i niezw\u0142ocznie zajmij si\u0119 wszelkimi problemami.<\/li>\n<\/ul>\n<\/li>\n<li><strong>Smarowanie:<\/strong>\n<ul>\n<li>Nale\u017cy przestrzega\u0107 zalece\u0144 producenta dotycz\u0105cych cz\u0119stotliwo\u015bci smarowania i stosowa\u0107 zalecane \u015brodki smarne, aby zapewni\u0107 p\u0142ynn\u0105 prac\u0119 urz\u0105dzenia.<\/li>\n<li>Nasmaruj pr\u0119t, uszczelki i inne ruchome cz\u0119\u015bci, aby zminimalizowa\u0107 tarcie i wyd\u0142u\u017cy\u0107 \u017cywotno\u015b\u0107 cylindra.<\/li>\n<\/ul>\n<\/li>\n<li><strong>Wymiana uszczelki:<\/strong>\n<ul>\n<li>Z biegiem czasu uszczelki mog\u0105 si\u0119 zu\u017cywa\u0107 i wymaga\u0107 wymiany. W przypadku stwierdzenia nieszczelno\u015bci nale\u017cy ostro\u017cnie usun\u0105\u0107 stare uszczelki i zamontowa\u0107 nowe, zgodnie ze specyfikacj\u0105 producenta.<\/li>\n<\/ul>\n<\/li>\n<\/ol>\n<h2><strong>Jak odbudowa\u0107 cylinder hydrauliczny?<\/strong><\/h2>\n<p>Regeneracja cylindra hydraulicznego polega na jego rozmontowaniu, sprawdzeniu jego podzespo\u0142\u00f3w, wymianie zu\u017cytych lub uszkodzonych cz\u0119\u015bci oraz ponownym monta\u017cu w celu przywr\u00f3cenia jego funkcjonalno\u015bci. Oto og\u00f3lny przewodnik krok po kroku, jak odbudowa\u0107 cylindra hydraulicznego:<\/p>\n<ol>\n<li><strong>Zbierz niezb\u0119dne narz\u0119dzia i sprz\u0119t:<\/strong>\n<ul>\n<li>Przed rozpocz\u0119ciem procesu odbudowy zbierz niezb\u0119dne narz\u0119dzia, takie jak klucze, szczypce, gumowy m\u0142otek, honownic\u0119 do cylindr\u00f3w, nowe uszczelki i pier\u015bcienie uszczelniaj\u0105ce, narz\u0119dzie do monta\u017cu uszczelek oraz zestaw naprawczy do cylindr\u00f3w hydraulicznych.<\/li>\n<\/ul>\n<\/li>\n<li><strong>\u015arodki ostro\u017cno\u015bci:<\/strong>\n<ul>\n<li>Upewnij si\u0119, \u017ce uk\u0142ad hydrauliczny jest rozhermetyzowany i cylinder jest od\u0142\u0105czony od \u017ar\u00f3d\u0142a zasilania.<\/li>\n<li>Aby zapewni\u0107 sobie bezpiecze\u0144stwo podczas odbudowy, nale\u017cy u\u017cywa\u0107 odpowiedniego sprz\u0119tu ochronnego (PPE), takiego jak r\u0119kawice i okulary ochronne.<\/li>\n<\/ul>\n<\/li>\n<li><strong>Demonta\u017c cylindra:<\/strong>\n<ul>\n<li>Wyj\u0105\u0107 si\u0142ownik hydrauliczny z urz\u0105dzenia lub systemu.<\/li>\n<li>Ostro\u017cnie rozmontuj cylinder, zaczynaj\u0105c od zdj\u0119cia za\u015blepek lub pier\u015bcieni ustalaj\u0105cych.<\/li>\n<li>Aby uwolni\u0107 ci\u015bnienie wewn\u0105trz cylindra, nale\u017cy ca\u0142kowicie wycofa\u0107 pr\u0119t.<\/li>\n<li>Zwr\u00f3\u0107 uwag\u0119 na kolejno\u015b\u0107 wyjmowania komponent\u00f3w, aby umo\u017cliwi\u0107 ich prawid\u0142owy ponowny monta\u017c.<\/li>\n<\/ul>\n<\/li>\n<li><strong>Kontrola komponent\u00f3w:<\/strong>\n<ul>\n<li>Sprawd\u017a wszystkie elementy cylindra, \u0142\u0105cznie z pr\u0119tem, t\u0142okiem, uszczelkami i \u0142o\u017cyskami, pod k\u0105tem oznak zu\u017cycia, uszkodze\u0144 lub korozji.<\/li>\n<li>Zmierz wymiary najwa\u017cniejszych element\u00f3w, takich jak \u015brednica pr\u0119ta i otworu, aby mie\u0107 pewno\u015b\u0107, \u017ce mieszcz\u0105 si\u0119 one w granicach specyfikacji.<\/li>\n<li>Nale\u017cy zwr\u00f3ci\u0107 szczeg\u00f3ln\u0105 uwag\u0119 na stan uszczelek i pier\u015bcieni uszczelniaj\u0105cych, gdy\u017c s\u0105 one cz\u0119st\u0105 przyczyn\u0105 usterek si\u0142ownik\u00f3w hydraulicznych.<\/li>\n<\/ul>\n<\/li>\n<li><strong>Wymiana zu\u017cytych lub uszkodzonych cz\u0119\u015bci:<\/strong>\n<ul>\n<li>Wymie\u0144 wszystkie uszczelki, pier\u015bcienie uszczelniaj\u0105ce i inne uszkodzone elementy zidentyfikowane podczas kontroli.<\/li>\n<li>Upewnij si\u0119, \u017ce cz\u0119\u015bci zamienne s\u0105 kompatybilne z modelem cylindra i spe\u0142niaj\u0105 wymagane specyfikacje.<\/li>\n<li>Przed monta\u017cem nale\u017cy nasmarowa\u0107 nowe uszczelki lub pier\u015bcienie uszczelniaj\u0105ce olejem hydraulicznym.<\/li>\n<\/ul>\n<\/li>\n<li><strong>Ponowny monta\u017c cylindra:<\/strong>\n<ul>\n<li>Dok\u0142adnie wyczy\u015b\u0107 wszystkie rozmontowane elementy, aby usun\u0105\u0107 wszelkie zabrudzenia i zanieczyszczenia.<\/li>\n<li>Podczas ponownego monta\u017cu nanie\u015b\u0107 na komponenty cienk\u0105 warstw\u0119 oleju hydraulicznego, aby zapewni\u0107 smarowanie.<\/li>\n<li>Post\u0119puj zgodnie ze wskaz\u00f3wkami producenta lub podr\u0119cznikiem naprawy, aby mie\u0107 pewno\u015b\u0107, \u017ce elementy z\u0142\u0105czne zostan\u0105 ponownie prawid\u0142owo zmontowane i dokr\u0119cone zgodnie ze specyfikacjami momentu obrotowego.<\/li>\n<\/ul>\n<\/li>\n<li><strong>Testowanie i instalacja:<\/strong>\n<ul>\n<li>Po ponownym z\u0142o\u017ceniu cylindra nale\u017cy sprawdzi\u0107 jego dzia\u0142anie, stosuj\u0105c ci\u015bnienie hydrauliczne.<\/li>\n<li>Sprawd\u017a, czy podczas test\u00f3w nie ma wyciek\u00f3w, nietypowych d\u017awi\u0119k\u00f3w lub nieregularnych ruch\u00f3w.<\/li>\n<li>Je\u017celi cylinder dzia\u0142a prawid\u0142owo i nie stwarza \u017cadnych problem\u00f3w, mo\u017cna go ponownie zamontowa\u0107 w urz\u0105dzeniu lub systemie.<\/li>\n<\/ul>\n<\/li>\n<\/ol>\n<h2><strong>Mo\u017cliwo\u015bci i pojemno\u015b\u0107 fabryki:<\/strong><\/h2>\n<h3>(1) Monta\u017c<\/h3>\n<p>Dysponujemy najwy\u017cszej klasy niezale\u017cn\u0105 platform\u0105 badawczo-rozwojow\u0105. Warsztat produkcji si\u0142ownik\u00f3w hydraulicznych posiada cztery p\u00f3\u0142automatyczne linie monta\u017cowe si\u0142ownik\u00f3w podnosz\u0105cych i jedn\u0105 automatyczn\u0105 lini\u0119 monta\u017cow\u0105 si\u0142ownik\u00f3w przechy\u0142u, o projektowanej rocznej zdolno\u015bci produkcyjnej 1 miliona sztuk. Specjalny warsztat cylindr\u00f3w jest wyposa\u017cony w r\u00f3\u017cne specyfikacje p\u00f3\u0142automatycznego systemu monta\u017cu czyszcz\u0105cego o projektowanej rocznej zdolno\u015bci produkcyjnej 200 000 i wyposa\u017cony w s\u0142ynny sprz\u0119t do obr\u00f3bki CNC, centrum obr\u00f3bcze, specjalny sprz\u0119t do precyzyjnej obr\u00f3bki cylindr\u00f3w, robot spawalniczy, automatyczna maszyna czyszcz\u0105ca, automatyczna maszyna do monta\u017cu cylindr\u00f3w i automatyczna linia produkcyjna do malowania. Istniej\u0105cy krytyczny sprz\u0119t sk\u0142ada si\u0119 z ponad 300 zestaw\u00f3w. Optymalna alokacja i efektywne wykorzystanie zasob\u00f3w sprz\u0119towych zapewniaj\u0105 wymagania dotycz\u0105ce dok\u0142adno\u015bci produkt\u00f3w i spe\u0142niaj\u0105 potrzeby wysokiej jako\u015bci produkt\u00f3w.<\/p>\n<p><img loading=\"lazy\" decoding=\"async\" class=\"alignnone wp-image-626\" src=\"https:\/\/hydraulic-cylinders.net\/wp-content\/uploads\/2023\/08\/hydraulic-cylinder-product-1-300x158.webp\" alt=\"\" width=\"495\" height=\"260\" srcset=\"https:\/\/hydraulic-cylinders.net\/wp-content\/uploads\/2023\/08\/hydraulic-cylinder-product-1-300x158.webp 495w, https:\/\/hydraulic-cylinders.net\/wp-content\/uploads\/2023\/08\/hydraulic-cylinder-product-1-480x252.webp 480w\" sizes=\"(min-width: 0px) and (max-width: 480px) 480px, (min-width: 481px) 495px, 100vw\" \/> <img loading=\"lazy\" decoding=\"async\" class=\"alignnone wp-image-627\" src=\"https:\/\/hydraulic-cylinders.net\/wp-content\/uploads\/2023\/08\/hydraulic-cylinder-product-2-300x189.webp\" alt=\"\" width=\"413\" height=\"260\" \/><\/p>\n<h3>(2) Obr\u00f3bka<\/h3>\n<p>Warsztat obr\u00f3bki skrawaniem jest wyposa\u017cony w niestandardowe centrum tokarskie z pochylon\u0105 szyn\u0105, centrum obr\u00f3bcze, szybkobie\u017cn\u0105 honownic\u0119, robota spawalniczego i inny powi\u0105zany sprz\u0119t, kt\u00f3ry mo\u017ce obs\u0142ugiwa\u0107 przetwarzanie rur cylindrycznych o maksymalnej \u015brednicy wewn\u0119trznej 400 mm i maksymalnej d\u0142ugo\u015bci 6 metr\u00f3w.<\/p>\n<p><img loading=\"lazy\" decoding=\"async\" class=\"alignnone wp-image-628 size-large\" src=\"https:\/\/hydraulic-cylinders.net\/wp-content\/uploads\/2023\/08\/hydraulic-cylinder-product-3-1024x391.webp\" alt=\"\" width=\"1024\" height=\"391\" srcset=\"https:\/\/hydraulic-cylinders.net\/wp-content\/uploads\/2023\/08\/hydraulic-cylinder-product-3-980x374.webp 980w, https:\/\/hydraulic-cylinders.net\/wp-content\/uploads\/2023\/08\/hydraulic-cylinder-product-3-480x183.webp 480w\" sizes=\"(min-width: 0px) and (max-width: 480px) 480px, (min-width: 481px) and (max-width: 980px) 980px, (min-width: 981px) 1024px, 100vw\" \/><\/p>\n<h3>(3) Spawanie<\/h3>\n<p><img loading=\"lazy\" decoding=\"async\" class=\"alignnone wp-image-629 size-large\" src=\"https:\/\/hydraulic-cylinders.net\/wp-content\/uploads\/2023\/08\/hydraulic-cylinder-product-4-1024x510.webp\" alt=\"\" width=\"1024\" height=\"510\" srcset=\"https:\/\/hydraulic-cylinders.net\/wp-content\/uploads\/2023\/08\/hydraulic-cylinder-product-4-980x488.webp 980w, https:\/\/hydraulic-cylinders.net\/wp-content\/uploads\/2023\/08\/hydraulic-cylinder-product-4-480x239.webp 480w\" sizes=\"(min-width: 0px) and (max-width: 480px) 480px, (min-width: 481px) and (max-width: 980px) 980px, (min-width: 981px) 1024px, 100vw\" \/><\/p>\n<h3>(4) Malowanie i powlekanie<\/h3>\n<p>Z ma\u0142ymi i \u015brednimi automatycznymi liniami do powlekania farbami na bazie wody, w celu osi\u0105gni\u0119cia automatycznego za\u0142adunku i roz\u0142adunku robota oraz automatycznego natryskiwania, wydajno\u015b\u0107 projektowa 4000 sztuk na zmian\u0119;<br \/>\nPosiadamy r\u00f3wnie\u017c p\u00f3\u0142automatyczn\u0105 lini\u0119 do produkcji farb do du\u017cych cylindr\u00f3w nap\u0119dzan\u0105 \u0142a\u0144cuchem nap\u0119dowym, o wydajno\u015bci 60 skrzy\u0144 na zmian\u0119.<\/p>\n<p><img loading=\"lazy\" decoding=\"async\" class=\"alignnone wp-image-630\" src=\"https:\/\/hydraulic-cylinders.net\/wp-content\/uploads\/2023\/08\/hydraulic-cylinder-product-5-300x213.webp\" alt=\"\" width=\"366\" height=\"260\" \/> <img loading=\"lazy\" decoding=\"async\" class=\"alignnone wp-image-631\" src=\"https:\/\/hydraulic-cylinders.net\/wp-content\/uploads\/2023\/08\/hydraulic-cylinder-product-6-300x225.webp\" alt=\"\" width=\"347\" height=\"260\" \/><\/p>\n<h3>(5) Testowanie<\/h3>\n<p>Dysponujemy najwy\u017cszej klasy urz\u0105dzeniami kontrolnymi i stanowiskami testowymi, aby zapewni\u0107, \u017ce wydajno\u015b\u0107 cylindra spe\u0142nia wymagania.<\/p>\n<p><img loading=\"lazy\" decoding=\"async\" class=\"alignnone wp-image-632\" src=\"https:\/\/hydraulic-cylinders.net\/wp-content\/uploads\/2023\/08\/hydraulic-cylinder-product-8-300x200.webp\" alt=\"\" width=\"389\" height=\"260\" \/><\/p>\n<p>&nbsp;<\/p>\n<p>&nbsp;<\/p>\n<p>Jeste\u015bmy jednym z najlepszych producent\u00f3w lekkich si\u0142ownik\u00f3w hydraulicznych z czterema t\u0142oczyskami. Oferujemy kompleksow\u0105 ofert\u0119 lekkich si\u0142ownik\u00f3w hydraulicznych z czterema t\u0142oczyskami. Dostarczamy r\u00f3wnie\u017c\u2026 <a href=\"https:\/\/hzpt.com\/agricultural-pto-gearbox\/\" target=\"_blank\" rel=\"noopener\">przek\u0142adnie rolnicze<\/a>Eksportowali\u015bmy nasze produkty do klient\u00f3w na ca\u0142ym \u015bwiecie i zyskali\u015bmy dobr\u0105 reputacj\u0119 dzi\u0119ki doskona\u0142ej jako\u015bci produkt\u00f3w i obs\u0142udze posprzeda\u017cowej. Serdecznie zapraszamy klient\u00f3w zar\u00f3wno z kraju, jak i z zagranicy do kontaktu z nami w celu negocjacji biznesowych, wymiany informacji i\u2026\u00a0<a href=\"https:\/\/www.hydraulic-cylinders.net\/pl\/contact-us\/\">wsp\u00f3\u0142pracowa\u0107 z nami<\/a>!<\/p>\n<h2><\/h2>\n<h2><\/h2>\n<h2><\/h2>","protected":false},"excerpt":{"rendered":"<p>Rear Cover Trunnion Four Rod Hydraulic Cylinder The rear cover trunnion four rod hydraulic cylinder is a cutting-edge component designed to provide exceptional power, precise control, and unmatched performance in various industrial applications. With its innovative rear cover trunnion design and four rod configuration, this four rod hydraulic cylinder offers enhanced stability, durability, and load-bearing [&hellip;]<\/p>","protected":false},"featured_media":1039,"comment_status":"open","ping_status":"closed","template":"","meta":{"_et_pb_use_builder":"","_et_pb_old_content":"","_et_gb_content_width":""},"product_brand":[],"product_cat":[1376,1386],"product_tag":[1380],"class_list":{"0":"post-1012","1":"product","2":"type-product","3":"status-publish","4":"has-post-thumbnail","6":"product_cat-hydraulic-cylinder","7":"product_cat-four-rod-hydraulic-cylinder","8":"product_tag-hydraulic-cylinder","10":"first","11":"instock","12":"shipping-taxable","13":"product-type-simple"},"amp_enabled":true,"_links":{"self":[{"href":"https:\/\/www.hydraulic-cylinders.net\/pl\/wp-json\/wp\/v2\/product\/1012","targetHints":{"allow":["GET"]}}],"collection":[{"href":"https:\/\/www.hydraulic-cylinders.net\/pl\/wp-json\/wp\/v2\/product"}],"about":[{"href":"https:\/\/www.hydraulic-cylinders.net\/pl\/wp-json\/wp\/v2\/types\/product"}],"replies":[{"embeddable":true,"href":"https:\/\/www.hydraulic-cylinders.net\/pl\/wp-json\/wp\/v2\/comments?post=1012"}],"wp:featuredmedia":[{"embeddable":true,"href":"https:\/\/www.hydraulic-cylinders.net\/pl\/wp-json\/wp\/v2\/media\/1039"}],"wp:attachment":[{"href":"https:\/\/www.hydraulic-cylinders.net\/pl\/wp-json\/wp\/v2\/media?parent=1012"}],"wp:term":[{"taxonomy":"product_brand","embeddable":true,"href":"https:\/\/www.hydraulic-cylinders.net\/pl\/wp-json\/wp\/v2\/product_brand?post=1012"},{"taxonomy":"product_cat","embeddable":true,"href":"https:\/\/www.hydraulic-cylinders.net\/pl\/wp-json\/wp\/v2\/product_cat?post=1012"},{"taxonomy":"product_tag","embeddable":true,"href":"https:\/\/www.hydraulic-cylinders.net\/pl\/wp-json\/wp\/v2\/product_tag?post=1012"}],"curies":[{"name":"wp","href":"https:\/\/api.w.org\/{rel}","templated":true}]}}