{"id":1019,"date":"2023-09-07T03:16:54","date_gmt":"2023-09-07T03:16:54","guid":{"rendered":"https:\/\/hydraulic-cylinders.net\/?post_type=product&#038;p=1019"},"modified":"2023-09-19T01:36:32","modified_gmt":"2023-09-19T01:36:32","slug":"double-pistion-rod-hydraulic-cylinder","status":"publish","type":"product","link":"https:\/\/www.hydraulic-cylinders.net\/pl\/produkt\/double-pistion-rod-hydraulic-cylinder\/","title":{"rendered":"Si\u0142ownik hydrauliczny z podw\u00f3jnym t\u0142oczyskiem"},"content":{"rendered":"<h1 style=\"text-align: center;\"><strong>Si\u0142ownik hydrauliczny z podw\u00f3jnym t\u0142oczyskiem<\/strong><\/h1>\n<p><img loading=\"lazy\" decoding=\"async\" class=\"size-full wp-image-1022 aligncenter\" src=\"https:\/\/hydraulic-cylinders.net\/wp-content\/uploads\/2023\/09\/double-piston-rod-hydraulic-cylinder-1-1.webp\" alt=\"\" width=\"281\" height=\"281\" srcset=\"https:\/\/www.hydraulic-cylinders.net\/wp-content\/uploads\/2023\/09\/double-piston-rod-hydraulic-cylinder-1-1.webp 281w, https:\/\/www.hydraulic-cylinders.net\/wp-content\/uploads\/2023\/09\/double-piston-rod-hydraulic-cylinder-1-1-100x100.webp 100w, https:\/\/www.hydraulic-cylinders.net\/wp-content\/uploads\/2023\/09\/double-piston-rod-hydraulic-cylinder-1-1-150x150.webp 150w, https:\/\/www.hydraulic-cylinders.net\/wp-content\/uploads\/2023\/09\/double-piston-rod-hydraulic-cylinder-1-1-12x12.webp 12w\" sizes=\"(max-width: 281px) 100vw, 281px\" \/><\/p>\n<p>Si\u0142ownik hydrauliczny z podw\u00f3jnym t\u0142oczyskiem to najnowocze\u015bniejszy element hydrauliczny zaprojektowany z my\u015bl\u0105 o zapewnieniu doskona\u0142ej mocy, stabilno\u015bci i wszechstronno\u015bci w szerokim zakresie zastosowa\u0144 przemys\u0142owych. Dzi\u0119ki unikalnej konfiguracji z podw\u00f3jnym t\u0142oczyskiem, ten si\u0142ownik hydrauliczny oferuje zwi\u0119kszon\u0105 no\u015bno\u015b\u0107, precyzyjn\u0105 kontrol\u0119 i niezawodn\u0105 prac\u0119, co czyni go niezast\u0105pionym elementem w wymagaj\u0105cych uk\u0142adach hydraulicznych.<\/p>\n<p>Podstawowe cechy cylindra hydraulicznego czterot\u0142oczkowego:<\/p>\n<p><strong>Konfiguracja z podw\u00f3jnym t\u0142oczyskiem:<\/strong><\/p>\n<ol>\n<li style=\"list-style-type: none;\">\n<ul>\n<li>Dzi\u0119ki konfiguracji z podw\u00f3jnym t\u0142oczyskiem si\u0142ownik hydrauliczny r\u00f3\u017cni si\u0119 od tradycyjnej konstrukcji wi\u0119ksz\u0105 stabilno\u015bci\u0105, no\u015bno\u015bci\u0105 i odporno\u015bci\u0105 na obci\u0105\u017cenia boczne.<\/li>\n<li>Zapewnia symetryczny rozk\u0142ad si\u0142, gwarantuj\u0105c zr\u00f3wnowa\u017cony i precyzyjny ruch podczas pracy.<\/li>\n<\/ul>\n<\/li>\n<\/ol>\n<p><strong>Wysoka moc wyj\u015bciowa:<\/strong><\/p>\n<ol>\n<li style=\"list-style-type: none;\">\n<ul>\n<li>Ten si\u0142ownik hydrauliczny charakteryzuje si\u0119 imponuj\u0105c\u0105 moc\u0105 wyj\u015bciow\u0105, dzi\u0119ki czemu nadaje si\u0119 do zastosowa\u0144 wymagaj\u0105cych du\u017cej mocy i ud\u017awigu.<\/li>\n<li>Zapewnia specjalny ci\u0105g, kt\u00f3ry umo\u017cliwia \u0142atwe przenoszenie du\u017cych ci\u0119\u017car\u00f3w.<\/li>\n<\/ul>\n<\/li>\n<\/ol>\n<p><strong>Precyzyjna kontrola i pozycjonowanie:<\/strong><\/p>\n<ol>\n<li style=\"list-style-type: none;\">\n<ul>\n<li>Podw\u00f3jne si\u0142owniki hydrauliczne zapewniaj\u0105 precyzyjn\u0105 kontrol\u0119 ruchu liniowego, gwarantuj\u0105c dok\u0142adne pozycjonowanie i p\u0142ynn\u0105 prac\u0119.<\/li>\n<li>Zapewnia doskona\u0142\u0105 kontrol\u0119 skoku, umo\u017cliwiaj\u0105c operatorom osi\u0105gni\u0119cie szybko\u015bci i precyzji niezb\u0119dnej do realizacji konkretnych zada\u0144.<\/li>\n<\/ul>\n<\/li>\n<\/ol>\n<p><strong>Wszechstronne zastosowanie:<\/strong><\/p>\n<ul>\n<li style=\"list-style-type: none;\">\n<ul>\n<li>Solidna konstrukcja i uniwersalny design sprawiaj\u0105, \u017ce ten si\u0142ownik hydrauliczny nadaje si\u0119 do stosowania w r\u00f3\u017cnych ga\u0142\u0119ziach przemys\u0142u i zastosowaniach.<\/li>\n<li>Mo\u017cna go stosowa\u0107 w ci\u0119\u017ckich maszynach, sprz\u0119cie budowlanym, systemach transportu materia\u0142\u00f3w, maszynach rolniczych itp.<\/li>\n<\/ul>\n<\/li>\n<\/ul>\n<h2><strong>Parametry si\u0142ownika hydraulicznego z podw\u00f3jnym t\u0142oczyskiem:<\/strong><\/h2>\n<p><img loading=\"lazy\" decoding=\"async\" class=\"alignnone wp-image-1023 size-full\" src=\"https:\/\/hydraulic-cylinders.net\/wp-content\/uploads\/2023\/09\/double-piston-rod-hydraulic-cylinder-2.webp\" alt=\"\" width=\"654\" height=\"388\" srcset=\"https:\/\/hydraulic-cylinders.net\/wp-content\/uploads\/2023\/09\/double-piston-rod-hydraulic-cylinder-2.webp 654w, https:\/\/hydraulic-cylinders.net\/wp-content\/uploads\/2023\/09\/double-piston-rod-hydraulic-cylinder-2-480x285.webp 480w\" sizes=\"(min-width: 0px) and (max-width: 480px) 480px, (min-width: 481px) 654px, 100vw\" \/><\/p>\n<h2><strong>Si\u0142ownik hydrauliczny z podw\u00f3jnym t\u0142oczyskiem <\/strong><strong>Metoda u\u017cycia<\/strong><strong>:<\/strong><\/h2>\n<p><strong>Monta\u017c i instalacja:<\/strong><\/p>\n<ol>\n<li style=\"list-style-type: none;\">\n<ul>\n<li>Nale\u017cy wzi\u0105\u0107 pod uwag\u0119 wymagania dotycz\u0105ce obci\u0105\u017cenia i ograniczenia przestrzenne, aby okre\u015bli\u0107 odpowiednie miejsce monta\u017cu si\u0142ownika hydraulicznego w systemie lub urz\u0105dzeniu.<\/li>\n<li>Upewnij si\u0119, \u017ce powierzchnia monta\u017cowa jest czysta, r\u00f3wna i mo\u017ce utrzyma\u0107 ci\u0119\u017car cylindra.<\/li>\n<li>Zabezpiecz cylindry, stosuj\u0105c zalecane \u015bruby lub elementy mocuj\u0105ce, zgodnie z wytycznymi producenta.<\/li>\n<\/ul>\n<\/li>\n<\/ol>\n<p><strong>Po\u0142\u0105czenia hydrauliczne:<\/strong><\/p>\n<ol>\n<li style=\"list-style-type: none;\">\n<ul>\n<li>Pod\u0142\u0105cz przew\u00f3d zasilaj\u0105cy uk\u0142ad hydrauliczny do portu cylindra, zapewniaj\u0105c odpowiednie uszczelnienie w celu zapobie\u017cenia wyciekom.<\/li>\n<li>Post\u0119puj zgodnie z zaleceniami producenta odno\u015bnie rodzaju oleju hydraulicznego i nape\u0142nij uk\u0142ad do zalecanego poziomu.<\/li>\n<\/ul>\n<\/li>\n<\/ol>\n<p><strong>Dzia\u0142anie:<\/strong><\/p>\n<ul>\n<li style=\"list-style-type: none;\">\n<ul>\n<li>Uruchom uk\u0142ad hydrauliczny i kontroluj ruch cylindra za pomoc\u0105 zaworu steruj\u0105cego hydraulicznego lub innego odpowiedniego mechanizmu steruj\u0105cego.<\/li>\n<li>Dostosuj ustawienia przep\u0142ywu i ci\u015bnienia, aby uzyska\u0107 \u017c\u0105dan\u0105 pr\u0119dko\u015b\u0107 i si\u0142\u0119 wyj\u015bciow\u0105.<\/li>\n<li>Regularnie monitoruj prac\u0119 cylindra pod k\u0105tem nieprawid\u0142owego zachowania, takiego jak wycieki, przegrzewanie lub nietypowe d\u017awi\u0119ki.<\/li>\n<\/ul>\n<\/li>\n<\/ul>\n<h2><strong>Si\u0142ownik hydrauliczny z podw\u00f3jnym t\u0142oczyskiem <\/strong><strong>Konserwacja<\/strong><strong>:<\/strong><\/h2>\n<p><strong>Regularna kontrola:<\/strong><\/p>\n<ol>\n<li style=\"list-style-type: none;\">\n<ul>\n<li>Przeprowadzaj rutynowe kontrole wizualne, aby sprawdzi\u0107, czy nie ma \u015blad\u00f3w zu\u017cycia, wyciek\u00f3w lub uszkodze\u0144.<\/li>\n<li>Sprawd\u017a t\u0142oczysko, uszczelki i po\u0142\u0105czenia monta\u017cowe pod k\u0105tem nieprawid\u0142owo\u015bci i niezw\u0142ocznie rozwi\u0105\u017c wszelkie problemy.<\/li>\n<\/ul>\n<\/li>\n<\/ol>\n<p><strong>Smarowanie:<\/strong><\/p>\n<ol>\n<li style=\"list-style-type: none;\">\n<ul>\n<li>Nale\u017cy przestrzega\u0107 zalece\u0144 producenta dotycz\u0105cych cz\u0119stotliwo\u015bci smarowania i stosowa\u0107 zalecane przez producenta \u015brodki smarne, aby zapewni\u0107 p\u0142ynn\u0105 prac\u0119 urz\u0105dzenia.<\/li>\n<li>Nasmaruj t\u0142oczyska, uszczelki i inne ruchome cz\u0119\u015bci, aby zminimalizowa\u0107 tarcie i wyd\u0142u\u017cy\u0107 \u017cywotno\u015b\u0107 cylindra.<\/li>\n<\/ul>\n<\/li>\n<\/ol>\n<p><strong>Wymiana uszczelki:<\/strong><\/p>\n<ul>\n<li style=\"list-style-type: none;\">\n<ul>\n<li>Z biegiem czasu uszczelki mog\u0105 si\u0119 zu\u017cywa\u0107 i wymaga\u0107 wymiany. W przypadku wykrycia nieszczelno\u015bci nale\u017cy ostro\u017cnie usun\u0105\u0107 star\u0105 uszczelk\u0119 i zamontowa\u0107 now\u0105 zgodnie ze specyfikacj\u0105 producenta.<\/li>\n<\/ul>\n<\/li>\n<\/ul>\n<h2><strong>Si\u0142ownik hydrauliczny czteropr\u0119towy typu TB <\/strong><strong>Konserwacja<\/strong><strong>:<\/strong><\/h2>\n<ol>\n<li><strong>Regularna kontrola:<\/strong><\/li>\n<\/ol>\n<ul>\n<li>Okresowo sprawdzaj cylinder pod k\u0105tem ewentualnych wyciek\u00f3w, uszkodze\u0144 lub nadmiernego zu\u017cycia.<\/li>\n<li>Sprawd\u017a stan uszczelek, pr\u0119t\u00f3w i element\u00f3w mocuj\u0105cych, wymie\u0144 wszystkie zu\u017cyte lub uszkodzone cz\u0119\u015bci.<\/li>\n<\/ul>\n<ol start=\"2\">\n<li><strong>Smarowanie:<\/strong><\/li>\n<\/ol>\n<ul>\n<li>Nale\u017cy przestrzega\u0107 zalece\u0144 producenta dotycz\u0105cych cz\u0119stotliwo\u015bci smarowania i stosowa\u0107 wysokiej jako\u015bci olej hydrauliczny lub smar odpowiedni do specyfikacji cylindra.<\/li>\n<li>Nasmaruj pr\u0119t, uszczelki i inne ruchome cz\u0119\u015bci, aby zminimalizowa\u0107 tarcie i zapewni\u0107 p\u0142ynn\u0105 prac\u0119.<\/li>\n<\/ul>\n<ol start=\"3\">\n<li><strong>Czyszczenie:<\/strong><\/li>\n<\/ol>\n<ul>\n<li>Utrzymuj cylinder i jego otoczenie w czysto\u015bci, bez zanieczyszcze\u0144, kurzu i zanieczyszcze\u0144 mog\u0105cych mie\u0107 wp\u0142yw na jego dzia\u0142anie.<\/li>\n<li>Do przecierania zewn\u0119trznych powierzchni cylindra nale\u017cy u\u017cywa\u0107 \u0142agodnego \u015brodka czyszcz\u0105cego i mi\u0119kkiej \u015bciereczki.<\/li>\n<\/ul>\n<h2><strong>Mo\u017cliwo\u015bci i pojemno\u015b\u0107 fabryki:<\/strong><\/h2>\n<h3>(1) Monta\u017c<\/h3>\n<p>Dysponujemy najwy\u017cszej klasy niezale\u017cn\u0105 platform\u0105 badawczo-rozwojow\u0105. Warsztat produkcji si\u0142ownik\u00f3w hydraulicznych posiada cztery p\u00f3\u0142automatyczne linie monta\u017cowe si\u0142ownik\u00f3w podnosz\u0105cych i jedn\u0105 automatyczn\u0105 lini\u0119 monta\u017cow\u0105 si\u0142ownik\u00f3w przechy\u0142u, o projektowanej rocznej zdolno\u015bci produkcyjnej 1 miliona sztuk. Specjalny warsztat cylindr\u00f3w jest wyposa\u017cony w r\u00f3\u017cne specyfikacje p\u00f3\u0142automatycznego systemu monta\u017cu czyszcz\u0105cego o projektowanej rocznej zdolno\u015bci produkcyjnej 200 000 i wyposa\u017cony w s\u0142ynny sprz\u0119t do obr\u00f3bki CNC, centrum obr\u00f3bcze, specjalny sprz\u0119t do precyzyjnej obr\u00f3bki cylindr\u00f3w, robot spawalniczy, automatyczna maszyna czyszcz\u0105ca, automatyczna maszyna do monta\u017cu cylindr\u00f3w i automatyczna linia produkcyjna do malowania. Istniej\u0105cy krytyczny sprz\u0119t sk\u0142ada si\u0119 z ponad 300 zestaw\u00f3w. Optymalna alokacja i efektywne wykorzystanie zasob\u00f3w sprz\u0119towych zapewniaj\u0105 wymagania dotycz\u0105ce dok\u0142adno\u015bci produkt\u00f3w i spe\u0142niaj\u0105 potrzeby wysokiej jako\u015bci produkt\u00f3w.<\/p>\n<p><img loading=\"lazy\" decoding=\"async\" class=\"alignnone wp-image-626\" src=\"https:\/\/hydraulic-cylinders.net\/wp-content\/uploads\/2023\/08\/hydraulic-cylinder-product-1-300x158.webp\" alt=\"\" width=\"495\" height=\"260\" srcset=\"https:\/\/hydraulic-cylinders.net\/wp-content\/uploads\/2023\/08\/hydraulic-cylinder-product-1-300x158.webp 495w, https:\/\/hydraulic-cylinders.net\/wp-content\/uploads\/2023\/08\/hydraulic-cylinder-product-1-480x252.webp 480w\" sizes=\"(min-width: 0px) and (max-width: 480px) 480px, (min-width: 481px) 495px, 100vw\" \/> <img loading=\"lazy\" decoding=\"async\" class=\"alignnone wp-image-627\" src=\"https:\/\/hydraulic-cylinders.net\/wp-content\/uploads\/2023\/08\/hydraulic-cylinder-product-2-300x189.webp\" alt=\"\" width=\"413\" height=\"260\" \/><\/p>\n<h3>(2) Obr\u00f3bka<\/h3>\n<p>Warsztat obr\u00f3bki skrawaniem jest wyposa\u017cony w niestandardowe centrum tokarskie z pochylon\u0105 szyn\u0105, centrum obr\u00f3bcze, szybkobie\u017cn\u0105 honownic\u0119, robota spawalniczego i inny powi\u0105zany sprz\u0119t, kt\u00f3ry mo\u017ce obs\u0142ugiwa\u0107 przetwarzanie rur cylindrycznych o maksymalnej \u015brednicy wewn\u0119trznej 400 mm i maksymalnej d\u0142ugo\u015bci 6 metr\u00f3w.<\/p>\n<p><img loading=\"lazy\" decoding=\"async\" class=\"alignnone wp-image-628 size-large\" src=\"https:\/\/hydraulic-cylinders.net\/wp-content\/uploads\/2023\/08\/hydraulic-cylinder-product-3-1024x391.webp\" alt=\"\" width=\"1024\" height=\"391\" srcset=\"https:\/\/hydraulic-cylinders.net\/wp-content\/uploads\/2023\/08\/hydraulic-cylinder-product-3-980x374.webp 980w, https:\/\/hydraulic-cylinders.net\/wp-content\/uploads\/2023\/08\/hydraulic-cylinder-product-3-480x183.webp 480w\" sizes=\"(min-width: 0px) and (max-width: 480px) 480px, (min-width: 481px) and (max-width: 980px) 980px, (min-width: 981px) 1024px, 100vw\" \/><\/p>\n<h3>(3) Spawanie<\/h3>\n<p><img loading=\"lazy\" decoding=\"async\" class=\"alignnone wp-image-629 size-large\" src=\"https:\/\/hydraulic-cylinders.net\/wp-content\/uploads\/2023\/08\/hydraulic-cylinder-product-4-1024x510.webp\" alt=\"\" width=\"1024\" height=\"510\" srcset=\"https:\/\/hydraulic-cylinders.net\/wp-content\/uploads\/2023\/08\/hydraulic-cylinder-product-4-980x488.webp 980w, https:\/\/hydraulic-cylinders.net\/wp-content\/uploads\/2023\/08\/hydraulic-cylinder-product-4-480x239.webp 480w\" sizes=\"(min-width: 0px) and (max-width: 480px) 480px, (min-width: 481px) and (max-width: 980px) 980px, (min-width: 981px) 1024px, 100vw\" \/><\/p>\n<h3>(4) Malowanie i powlekanie<\/h3>\n<p>Z ma\u0142ymi i \u015brednimi automatycznymi liniami do powlekania farbami na bazie wody, w celu osi\u0105gni\u0119cia automatycznego za\u0142adunku i roz\u0142adunku robota oraz automatycznego natryskiwania, wydajno\u015b\u0107 projektowa 4000 sztuk na zmian\u0119;<br \/>\nPosiadamy r\u00f3wnie\u017c p\u00f3\u0142automatyczn\u0105 lini\u0119 do produkcji farb do du\u017cych cylindr\u00f3w nap\u0119dzan\u0105 \u0142a\u0144cuchem nap\u0119dowym, o wydajno\u015bci 60 skrzy\u0144 na zmian\u0119.<\/p>\n<p><img loading=\"lazy\" decoding=\"async\" class=\"alignnone wp-image-630\" src=\"https:\/\/hydraulic-cylinders.net\/wp-content\/uploads\/2023\/08\/hydraulic-cylinder-product-5-300x213.webp\" alt=\"\" width=\"366\" height=\"260\" \/> <img loading=\"lazy\" decoding=\"async\" class=\"alignnone wp-image-631\" src=\"https:\/\/hydraulic-cylinders.net\/wp-content\/uploads\/2023\/08\/hydraulic-cylinder-product-6-300x225.webp\" alt=\"\" width=\"347\" height=\"260\" \/><\/p>\n<h3>(5) Testowanie<\/h3>\n<p>Dysponujemy najwy\u017cszej klasy urz\u0105dzeniami kontrolnymi i stanowiskami testowymi, aby zapewni\u0107, \u017ce wydajno\u015b\u0107 cylindra spe\u0142nia wymagania.<\/p>\n<p><img loading=\"lazy\" decoding=\"async\" class=\"alignnone wp-image-632\" src=\"https:\/\/hydraulic-cylinders.net\/wp-content\/uploads\/2023\/08\/hydraulic-cylinder-product-8-300x200.webp\" alt=\"\" width=\"389\" height=\"260\" \/><\/p>\n<p>&nbsp;<\/p>\n<p>&nbsp;<\/p>\n<p>Jeste\u015bmy jednym z najlepszych producent\u00f3w lekkich si\u0142ownik\u00f3w hydraulicznych z czterema t\u0142oczyskami. Oferujemy kompleksow\u0105 ofert\u0119 lekkich si\u0142ownik\u00f3w hydraulicznych z czterema t\u0142oczyskami. Dostarczamy r\u00f3wnie\u017c\u2026 <a href=\"https:\/\/hzpt.com\/agricultural-pto-gearbox\/\" target=\"_blank\" rel=\"noopener\">przek\u0142adnie rolnicze<\/a>Eksportowali\u015bmy nasze produkty do klient\u00f3w na ca\u0142ym \u015bwiecie i zyskali\u015bmy dobr\u0105 reputacj\u0119 dzi\u0119ki doskona\u0142ej jako\u015bci produkt\u00f3w i obs\u0142udze posprzeda\u017cowej. Serdecznie zapraszamy klient\u00f3w zar\u00f3wno z kraju, jak i z zagranicy do kontaktu z nami w celu negocjacji biznesowych, wymiany informacji i\u2026\u00a0<a href=\"https:\/\/www.hydraulic-cylinders.net\/pl\/contact-us\/\">wsp\u00f3\u0142pracowa\u0107 z nami<\/a>!<\/p>\n<h2><\/h2>\n<h2><\/h2>","protected":false},"excerpt":{"rendered":"<p>Double Piston Rod Hydraulic Cylinder The double piston rod hydraulic cylinder is a cutting-edge hydraulic element designed to provide superior power, stability, and versatility for a wide range of industrial applications. With its unique dual piston rod configuration, this hydraulic cylinder offers enhanced load-carrying capacity, precise control, and reliable performance, making it an indispensable asset [&hellip;]<\/p>","protected":false},"featured_media":1024,"comment_status":"open","ping_status":"closed","template":"","meta":{"_et_pb_use_builder":"","_et_pb_old_content":"","_et_gb_content_width":""},"product_brand":[],"product_cat":[1376,1386],"product_tag":[1380],"class_list":{"0":"post-1019","1":"product","2":"type-product","3":"status-publish","4":"has-post-thumbnail","6":"product_cat-hydraulic-cylinder","7":"product_cat-four-rod-hydraulic-cylinder","8":"product_tag-hydraulic-cylinder","10":"first","11":"instock","12":"shipping-taxable","13":"product-type-simple"},"amp_enabled":true,"_links":{"self":[{"href":"https:\/\/www.hydraulic-cylinders.net\/pl\/wp-json\/wp\/v2\/product\/1019","targetHints":{"allow":["GET"]}}],"collection":[{"href":"https:\/\/www.hydraulic-cylinders.net\/pl\/wp-json\/wp\/v2\/product"}],"about":[{"href":"https:\/\/www.hydraulic-cylinders.net\/pl\/wp-json\/wp\/v2\/types\/product"}],"replies":[{"embeddable":true,"href":"https:\/\/www.hydraulic-cylinders.net\/pl\/wp-json\/wp\/v2\/comments?post=1019"}],"wp:featuredmedia":[{"embeddable":true,"href":"https:\/\/www.hydraulic-cylinders.net\/pl\/wp-json\/wp\/v2\/media\/1024"}],"wp:attachment":[{"href":"https:\/\/www.hydraulic-cylinders.net\/pl\/wp-json\/wp\/v2\/media?parent=1019"}],"wp:term":[{"taxonomy":"product_brand","embeddable":true,"href":"https:\/\/www.hydraulic-cylinders.net\/pl\/wp-json\/wp\/v2\/product_brand?post=1019"},{"taxonomy":"product_cat","embeddable":true,"href":"https:\/\/www.hydraulic-cylinders.net\/pl\/wp-json\/wp\/v2\/product_cat?post=1019"},{"taxonomy":"product_tag","embeddable":true,"href":"https:\/\/www.hydraulic-cylinders.net\/pl\/wp-json\/wp\/v2\/product_tag?post=1019"}],"curies":[{"name":"wp","href":"https:\/\/api.w.org\/{rel}","templated":true}]}}