{"id":1105,"date":"2023-09-11T07:55:14","date_gmt":"2023-09-11T07:55:14","guid":{"rendered":"https:\/\/hydraulic-cylinders.net\/?post_type=product&#038;p=1105"},"modified":"2023-09-19T02:17:30","modified_gmt":"2023-09-19T02:17:30","slug":"piston-rod-end-with-external-thread-connection-engineering-hydraulic-cylinder","status":"publish","type":"product","link":"https:\/\/www.hydraulic-cylinders.net\/pl\/produkt\/piston-rod-end-with-external-thread-connection-engineering-hydraulic-cylinder\/","title":{"rendered":"Ko\u0144c\u00f3wka t\u0142oczyska z gwintem zewn\u0119trznym In\u017cynieryjny si\u0142ownik hydrauliczny"},"content":{"rendered":"<h1 style=\"text-align: center;\"><strong>Ko\u0144c\u00f3wka t\u0142oczyska z gwintem zewn\u0119trznym In\u017cynieryjny si\u0142ownik hydrauliczny<\/strong><\/h1>\n<p>Ko\u0144c\u00f3wka t\u0142oczyska z gwintem zewn\u0119trznym znajduje si\u0119 na ko\u0144cu t\u0142oczyska cylindra hydraulicznego. Zazwyczaj posiada ona gwintowane sekcje, kt\u00f3re umo\u017cliwiaj\u0105 bezpieczne mocowanie r\u00f3\u017cnych element\u00f3w, takich jak wsporniki monta\u017cowe, szczeliny lub inne konstrukcje no\u015bne.<\/p>\n<p>Si\u0142ownik hydrauliczny in\u017cynieryjny serii HSG to si\u0142ownik hydrauliczny dwustronnego dzia\u0142ania z t\u0142oczyskiem. Spos\u00f3b monta\u017cu: typ kolczykowy. W zale\u017cno\u015bci od po\u0142\u0105czenia g\u0142owicy cylindra z blokiem cylindra, dost\u0119pne s\u0105 trzy rodzaje po\u0142\u0105czenia: z gwintem zewn\u0119trznym, wewn\u0119trznym po\u0142\u0105czeniem z gwintem krytycznym oraz po\u0142\u0105czeniem ko\u0142nierzowym. Si\u0142ownik hydrauliczny in\u017cynieryjny jest stosowany g\u0142\u00f3wnie w budownictwie, d\u017awigach, g\u00f3rnictwie i innych uk\u0142adach hydraulicznych.<\/p>\n<p><img loading=\"lazy\" decoding=\"async\" class=\"aligncenter wp-image-1106\" src=\"https:\/\/hydraulic-cylinders.net\/wp-content\/uploads\/2023\/09\/hsg-hydraulic-cylinder-3-1-300x300.webp\" alt=\"\" width=\"400\" height=\"400\" \/><\/p>\n<h2><strong>Parametry cylindra hydraulicznego HSG Engineering<\/strong><strong>:<\/strong><\/h2>\n<p><img loading=\"lazy\" decoding=\"async\" class=\"alignnone wp-image-1107 size-full\" src=\"https:\/\/hydraulic-cylinders.net\/wp-content\/uploads\/2023\/09\/hsg-engineering-hydraulic-cylinder-parameter-1-scaled.webp\" alt=\"\" width=\"2560\" height=\"1848\" srcset=\"https:\/\/hydraulic-cylinders.net\/wp-content\/uploads\/2023\/09\/hsg-engineering-hydraulic-cylinder-parameter-1-scaled.webp 2560w, https:\/\/hydraulic-cylinders.net\/wp-content\/uploads\/2023\/09\/hsg-engineering-hydraulic-cylinder-parameter-1-1280x924.webp 1280w, https:\/\/hydraulic-cylinders.net\/wp-content\/uploads\/2023\/09\/hsg-engineering-hydraulic-cylinder-parameter-1-980x707.webp 980w, https:\/\/hydraulic-cylinders.net\/wp-content\/uploads\/2023\/09\/hsg-engineering-hydraulic-cylinder-parameter-1-480x347.webp 480w\" sizes=\"(min-width: 0px) and (max-width: 480px) 480px, (min-width: 481px) and (max-width: 980px) 980px, (min-width: 981px) and (max-width: 1280px) 1280px, (min-width: 1281px) 2560px, 100vw\" \/> <img loading=\"lazy\" decoding=\"async\" class=\"alignnone wp-image-1108 size-full\" src=\"https:\/\/hydraulic-cylinders.net\/wp-content\/uploads\/2023\/09\/hsg-engineering-hydraulic-cylinder-parameter-2-scaled.webp\" alt=\"\" width=\"2269\" height=\"2560\" srcset=\"https:\/\/hydraulic-cylinders.net\/wp-content\/uploads\/2023\/09\/hsg-engineering-hydraulic-cylinder-parameter-2-scaled.webp 2269w, https:\/\/hydraulic-cylinders.net\/wp-content\/uploads\/2023\/09\/hsg-engineering-hydraulic-cylinder-parameter-2-1280x1444.webp 1280w, https:\/\/hydraulic-cylinders.net\/wp-content\/uploads\/2023\/09\/hsg-engineering-hydraulic-cylinder-parameter-2-980x1106.webp 980w, https:\/\/hydraulic-cylinders.net\/wp-content\/uploads\/2023\/09\/hsg-engineering-hydraulic-cylinder-parameter-2-480x542.webp 480w\" sizes=\"(min-width: 0px) and (max-width: 480px) 480px, (min-width: 481px) and (max-width: 980px) 980px, (min-width: 981px) and (max-width: 1280px) 1280px, (min-width: 1281px) 2269px, 100vw\" \/> <img loading=\"lazy\" decoding=\"async\" class=\"alignnone wp-image-1109 size-full\" src=\"https:\/\/hydraulic-cylinders.net\/wp-content\/uploads\/2023\/09\/hsg-engineering-hydraulic-cylinder-parameter-3-scaled.webp\" alt=\"\" width=\"2112\" height=\"2560\" srcset=\"https:\/\/hydraulic-cylinders.net\/wp-content\/uploads\/2023\/09\/hsg-engineering-hydraulic-cylinder-parameter-3-scaled.webp 2112w, https:\/\/hydraulic-cylinders.net\/wp-content\/uploads\/2023\/09\/hsg-engineering-hydraulic-cylinder-parameter-3-1280x1552.webp 1280w, https:\/\/hydraulic-cylinders.net\/wp-content\/uploads\/2023\/09\/hsg-engineering-hydraulic-cylinder-parameter-3-980x1188.webp 980w, https:\/\/hydraulic-cylinders.net\/wp-content\/uploads\/2023\/09\/hsg-engineering-hydraulic-cylinder-parameter-3-480x582.webp 480w\" sizes=\"(min-width: 0px) and (max-width: 480px) 480px, (min-width: 481px) and (max-width: 980px) 980px, (min-width: 981px) and (max-width: 1280px) 1280px, (min-width: 1281px) 2112px, 100vw\" \/><\/p>\n<h2><strong>Si\u0142ownik hydrauliczny HSG Engineering <\/strong><strong>Zalety<\/strong><strong>:<\/strong><\/h2>\n<p>Ko\u0144c\u00f3wka t\u0142oczyska z przy\u0142\u0105czem gwintowanym zewn\u0119trznym oferuje szereg zalet w in\u017cynierii cylindr\u00f3w hydraulicznych:<\/p>\n<ol>\n<li>Wszechstronno\u015b\u0107:\n<ul>\n<li>Po\u0142\u0105czenia gwintowane zapewniaj\u0105 elastyczno\u015b\u0107 \u0142\u0105czenia r\u00f3\u017cnych komponent\u00f3w lub konstrukcji no\u015bnych, umo\u017cliwiaj\u0105c dostosowanie do r\u00f3\u017cnych wymaga\u0144 danego zastosowania.<\/li>\n<\/ul>\n<\/li>\n<li>Bezpieczne mocowanie:\n<ul>\n<li>Zewn\u0119trzne gwinty gwarantuj\u0105 bezpieczne i niezawodne po\u0142\u0105czenie, minimalizuj\u0105c ryzyko poluzowania si\u0119 lub od\u0142\u0105czenia podczas pracy.<\/li>\n<li>Zwi\u0119ksza to bezpiecze\u0144stwo i stabilno\u015b\u0107 zespo\u0142\u00f3w cylindr\u00f3w hydraulicznych, zw\u0142aszcza w wymagaj\u0105cych zastosowaniach lub w zastosowaniach o du\u017cej wytrzyma\u0142o\u015bci.<\/li>\n<\/ul>\n<\/li>\n<li>\u0141atwo\u015b\u0107 konserwacji i wymiany:\n<ul>\n<li>Zewn\u0119trzne po\u0142\u0105czenia gwintowane u\u0142atwiaj\u0105 konserwacj\u0119 i wymian\u0119 cz\u0119\u015bci, umo\u017cliwiaj\u0105c szybki demonta\u017c i ponowny monta\u017c.<\/li>\n<li>Pomaga to w przeprowadzaniu inspekcji, naprawie lub wymianie uszkodzonych lub zu\u017cytych cz\u0119\u015bci, co pozwala ograniczy\u0107 przestoje i poprawi\u0107 og\u00f3ln\u0105 wydajno\u015b\u0107 systemu.<\/li>\n<\/ul>\n<\/li>\n<\/ol>\n<h2><strong>Si\u0142ownik hydrauliczny HSG Engineering<\/strong><strong> Zastosowania:<\/strong><\/h2>\n<p>Zewn\u0119trzne po\u0142\u0105czenie gwintowane na ko\u0144cu t\u0142oczyska zapewnia wszechstronno\u015b\u0107 i wygod\u0119 w r\u00f3\u017cnych zastosowaniach in\u017cynieryjnych, w tym:<\/p>\n<ol>\n<li><strong>Uchwyty monta\u017cowe i podpory:<\/strong>\n<ul>\n<li>Po\u0142\u0105czenie gwintowane umo\u017cliwia przymocowanie wspornik\u00f3w monta\u017cowych lub podp\u00f3r do si\u0142ownika hydraulicznego.<\/li>\n<li>Te wsporniki lub podpory zapewniaj\u0105 dodatkow\u0105 stabilno\u015b\u0107 i wsparcie konstrukcyjne zespo\u0142u cylindra, gwarantuj\u0105c w\u0142a\u015bciwe wyr\u00f3wnanie i roz\u0142o\u017cenie obci\u0105\u017cenia.<\/li>\n<\/ul>\n<\/li>\n<li><strong>Mechanizmy \u0142\u0105cz\u0105ce:<\/strong>\n<ul>\n<li>Gwinty zewn\u0119trzne umo\u017cliwiaj\u0105 pod\u0142\u0105czenie do ko\u0144ca korbowodu mechanizm\u00f3w korbowodowych, takich jak rowki lub sworznie kulowe.<\/li>\n<li>Po\u0142\u0105czenia te umo\u017cliwiaj\u0105 przenoszenie si\u0142y i ruchu mi\u0119dzy cylindrami hydraulicznymi i innymi elementami mechanicznymi, umo\u017cliwiaj\u0105c kontrolowany ruch i precyzyjne pozycjonowanie.<\/li>\n<\/ul>\n<\/li>\n<li><strong>Konstrukcje no\u015bne:<\/strong>\n<ul>\n<li>Po\u0142\u0105czenie gwintowane mocuje konstrukcj\u0119 no\u015bn\u0105 lub urz\u0105dzenie bezpo\u015brednio do ko\u0144ca t\u0142oczyska.<\/li>\n<li>Dzi\u0119ki temu si\u0142ownik hydrauliczny mo\u017ce wywiera\u0107 si\u0142\u0119 i podtrzymywa\u0107 ci\u0119\u017car zewn\u0119trznych obiekt\u00f3w lub maszyn, dzi\u0119ki czemu nadaje si\u0119 do podnoszenia, pchania lub ci\u0105gni\u0119cia ci\u0119\u017ckich przedmiot\u00f3w.<\/li>\n<\/ul>\n<\/li>\n<\/ol>\n<h2><strong>Jak ponownie zapakowa\u0107 cylinder hydrauliczny?<\/strong><\/h2>\n<p>Repacking a hydraulic cylinder involves replacing the seals and other components that may have worn out or damaged over time. Here&#8217;s a general step-by-step guide on how to repack a hydraulic cylinder:<\/p>\n<ol>\n<li><strong>Przygotowanie:<\/strong>\n<ul>\n<li>Upewnij si\u0119, \u017ce uk\u0142ad hydrauliczny jest rozhermetyzowany i cylinder jest ca\u0142kowicie schowany.<\/li>\n<li>Zbierz niezb\u0119dne narz\u0119dzia i uszczelki zamienne lub zestawy uszczelek odpowiednie do Twojego modelu cylindra.<\/li>\n<li>Consult the manufacturer&#8217;s documentation or service manual for specific instructions or precautions.<\/li>\n<\/ul>\n<\/li>\n<li><strong>Wyjmij cylinder:<\/strong>\n<ul>\n<li>Od\u0142\u0105cz wszystkie przewody i z\u0142\u0105czki hydrauliczne pod\u0142\u0105czone do cylindra.<\/li>\n<li>Zdejmij wszystkie wsporniki monta\u017cowe lub elementy, kt\u00f3re mog\u0105 by\u0107 przymocowane do cylindra.<\/li>\n<li>Ostro\u017cnie od\u0142\u0105cz cylinder od urz\u0105dzenia lub maszyny, na kt\u00f3rej jest zainstalowany.<\/li>\n<\/ul>\n<\/li>\n<li><strong>Demonta\u017c cylindra:<\/strong>\n<ul>\n<li>Mocno przytrzymaj cylinder i zdejmij ko\u0144c\u00f3wk\u0119 t\u0142oczyska lub g\u0142owic\u0119, u\u017cywaj\u0105c odpowiednich narz\u0119dzi.<\/li>\n<li>Wyjmij t\u0142ok, t\u0142oczysko i powi\u0105zane elementy z cylindra.<\/li>\n<li>Sprawd\u017a, czy na podzespo\u0142ach nie wida\u0107 \u015blad\u00f3w zu\u017cycia, uszkodze\u0144 lub korozji.<\/li>\n<\/ul>\n<\/li>\n<li><strong>Usu\u0144 stare uszczelki:<\/strong>\n<ul>\n<li>Zlokalizuj i usu\u0144 stare uszczelki, w tym uszczelki t\u0142oka, uszczelki t\u0142oczyska i wszelkie inne uszczelki w cylindrze.<\/li>\n<li>Dok\u0142adnie oczy\u015b\u0107 rowki uszczelniaj\u0105ce i wewn\u0119trzne powierzchnie cylindra i t\u0142oczyska.<\/li>\n<\/ul>\n<\/li>\n<li><strong>Zamontuj nowe uszczelki:<\/strong>\n<ul>\n<li>Nasmaruj nowe uszczelki odpowiednim p\u0142ynem hydraulicznym lub uszczelniaczem, zgodnie z zaleceniami producenta.<\/li>\n<li>Zamontuj nowe uszczelki w rowkach, zwracaj\u0105c uwag\u0119 na ich w\u0142a\u015bciwe u\u0142o\u017cenie i wyr\u00f3wnanie.<\/li>\n<li>Aby zapobiec uszkodzeniu uszczelki podczas monta\u017cu, nale\u017cy stosowa\u0107 narz\u0119dzia do monta\u017cu uszczelek lub odpowiednie improwizowane metody.<\/li>\n<\/ul>\n<\/li>\n<li><strong>Ponowny monta\u017c cylindra:<\/strong>\n<ul>\n<li>Zamontuj ponownie t\u0142ok, t\u0142oczysko i powi\u0105zane elementy w cylindrze.<\/li>\n<li>Nanie\u015b\u0107 cienk\u0105 warstw\u0119 p\u0142ynu hydraulicznego lub \u015brodka smarnego na wewn\u0119trzne powierzchnie cylindra i t\u0142oczyska.<\/li>\n<li>Carefully reattach the piston rod end cap or head, ensuring proper alignment and tightening to the manufacturer&#8217;s specifications.<\/li>\n<\/ul>\n<\/li>\n<li><strong>Przetestuj i zamontuj ponownie cylinder:<\/strong>\n<ul>\n<li>Pod\u0142\u0105cz ponownie wszystkie przewody hydrauliczne i z\u0142\u0105czki do cylindra.<\/li>\n<li>Ostro\u017cnie zamontuj cylinder ponownie w urz\u0105dzeniu lub maszynie, zwracaj\u0105c uwag\u0119 na w\u0142a\u015bciwe wyr\u00f3wnanie i mocowanie.<\/li>\n<li>Powoli zwi\u0119kszaj ci\u015bnienie w uk\u0142adzie hydraulicznym i sprawd\u017a, czy nie ma wyciek\u00f3w lub czy nie wyst\u0119puje nieprawid\u0142owe dzia\u0142anie.<\/li>\n<li>Aby upewni\u0107 si\u0119 co do prawid\u0142owego dzia\u0142ania, nale\u017cy ca\u0142kowicie wysun\u0105\u0107 i schowa\u0107 cylinder.<\/li>\n<\/ul>\n<\/li>\n<li><strong>Konserwacja i testowanie:<\/strong>\n<ul>\n<li>Regularnie sprawdzaj i konserwuj si\u0142ownik hydrauliczny, aby zapewni\u0107 optymaln\u0105 wydajno\u015b\u0107 i zapobiec przedwczesnemu uszkodzeniu uszczelnienia.<\/li>\n<li>Monitoruj wszelkie oznaki przeciek\u00f3w, nadmiernego zu\u017cycia lub innych problem\u00f3w i niezw\u0142ocznie je rozwi\u0105zuj.<\/li>\n<li>Przeprowadzaj okresowe testy i regulacje zgodnie z zaleceniami producenta lub na podstawie konkretnych wymaga\u0144 danego zastosowania.<\/li>\n<\/ul>\n<\/li>\n<\/ol>\n<h2><strong>Mo\u017cliwo\u015bci i pojemno\u015b\u0107 fabryki:<\/strong><\/h2>\n<h3>(1) Monta\u017c<\/h3>\n<p>Dysponujemy najwy\u017cszej klasy niezale\u017cn\u0105 platform\u0105 badawczo-rozwojow\u0105. Warsztat produkcji si\u0142ownik\u00f3w hydraulicznych posiada cztery p\u00f3\u0142automatyczne linie monta\u017cowe si\u0142ownik\u00f3w podnosz\u0105cych i jedn\u0105 automatyczn\u0105 lini\u0119 monta\u017cow\u0105 si\u0142ownik\u00f3w przechy\u0142u, o projektowanej rocznej zdolno\u015bci produkcyjnej 1 miliona sztuk. Specjalny warsztat cylindr\u00f3w jest wyposa\u017cony w r\u00f3\u017cne specyfikacje p\u00f3\u0142automatycznego systemu monta\u017cu czyszcz\u0105cego o projektowanej rocznej zdolno\u015bci produkcyjnej 200 000 i wyposa\u017cony w s\u0142ynny sprz\u0119t do obr\u00f3bki CNC, centrum obr\u00f3bcze, specjalny sprz\u0119t do precyzyjnej obr\u00f3bki cylindr\u00f3w, robot spawalniczy, automatyczna maszyna czyszcz\u0105ca, automatyczna maszyna do monta\u017cu cylindr\u00f3w i automatyczna linia produkcyjna do malowania. Istniej\u0105cy krytyczny sprz\u0119t sk\u0142ada si\u0119 z ponad 300 zestaw\u00f3w. Optymalna alokacja i efektywne wykorzystanie zasob\u00f3w sprz\u0119towych zapewniaj\u0105 wymagania dotycz\u0105ce dok\u0142adno\u015bci produkt\u00f3w i spe\u0142niaj\u0105 potrzeby wysokiej jako\u015bci produkt\u00f3w.<\/p>\n<p><img loading=\"lazy\" decoding=\"async\" class=\"alignnone wp-image-626\" src=\"https:\/\/hydraulic-cylinders.net\/wp-content\/uploads\/2023\/08\/hydraulic-cylinder-product-1-300x158.webp\" alt=\"\" width=\"495\" height=\"260\" srcset=\"https:\/\/hydraulic-cylinders.net\/wp-content\/uploads\/2023\/08\/hydraulic-cylinder-product-1-300x158.webp 495w, https:\/\/hydraulic-cylinders.net\/wp-content\/uploads\/2023\/08\/hydraulic-cylinder-product-1-480x252.webp 480w\" sizes=\"(min-width: 0px) and (max-width: 480px) 480px, (min-width: 481px) 495px, 100vw\" \/> <img loading=\"lazy\" decoding=\"async\" class=\"alignnone wp-image-627\" src=\"https:\/\/hydraulic-cylinders.net\/wp-content\/uploads\/2023\/08\/hydraulic-cylinder-product-2-300x189.webp\" alt=\"\" width=\"413\" height=\"260\" \/><\/p>\n<h3>(2) Obr\u00f3bka<\/h3>\n<p>Warsztat obr\u00f3bki skrawaniem jest wyposa\u017cony w niestandardowe centrum tokarskie z pochylon\u0105 szyn\u0105, centrum obr\u00f3bcze, szybkobie\u017cn\u0105 honownic\u0119, robota spawalniczego i inny powi\u0105zany sprz\u0119t, kt\u00f3ry mo\u017ce obs\u0142ugiwa\u0107 przetwarzanie rur cylindrycznych o maksymalnej \u015brednicy wewn\u0119trznej 400 mm i maksymalnej d\u0142ugo\u015bci 6 metr\u00f3w.<\/p>\n<p><img loading=\"lazy\" decoding=\"async\" class=\"alignnone wp-image-628 size-large\" src=\"https:\/\/hydraulic-cylinders.net\/wp-content\/uploads\/2023\/08\/hydraulic-cylinder-product-3-1024x391.webp\" alt=\"\" width=\"1024\" height=\"391\" srcset=\"https:\/\/hydraulic-cylinders.net\/wp-content\/uploads\/2023\/08\/hydraulic-cylinder-product-3-980x374.webp 980w, https:\/\/hydraulic-cylinders.net\/wp-content\/uploads\/2023\/08\/hydraulic-cylinder-product-3-480x183.webp 480w\" sizes=\"(min-width: 0px) and (max-width: 480px) 480px, (min-width: 481px) and (max-width: 980px) 980px, (min-width: 981px) 1024px, 100vw\" \/><\/p>\n<h3>(3) Spawanie<\/h3>\n<p><img loading=\"lazy\" decoding=\"async\" class=\"alignnone wp-image-629 size-large\" src=\"https:\/\/hydraulic-cylinders.net\/wp-content\/uploads\/2023\/08\/hydraulic-cylinder-product-4-1024x510.webp\" alt=\"\" width=\"1024\" height=\"510\" srcset=\"https:\/\/hydraulic-cylinders.net\/wp-content\/uploads\/2023\/08\/hydraulic-cylinder-product-4-980x488.webp 980w, https:\/\/hydraulic-cylinders.net\/wp-content\/uploads\/2023\/08\/hydraulic-cylinder-product-4-480x239.webp 480w\" sizes=\"(min-width: 0px) and (max-width: 480px) 480px, (min-width: 481px) and (max-width: 980px) 980px, (min-width: 981px) 1024px, 100vw\" \/><\/p>\n<h3>(4) Malowanie i powlekanie<\/h3>\n<p>Z ma\u0142ymi i \u015brednimi automatycznymi liniami do powlekania farbami na bazie wody, w celu osi\u0105gni\u0119cia automatycznego za\u0142adunku i roz\u0142adunku robota oraz automatycznego natryskiwania, wydajno\u015b\u0107 projektowa 4000 sztuk na zmian\u0119;<br \/>\nPosiadamy r\u00f3wnie\u017c p\u00f3\u0142automatyczn\u0105 lini\u0119 do produkcji farb do du\u017cych cylindr\u00f3w nap\u0119dzan\u0105 \u0142a\u0144cuchem nap\u0119dowym, o wydajno\u015bci 60 skrzy\u0144 na zmian\u0119.<\/p>\n<p><img loading=\"lazy\" decoding=\"async\" class=\"alignnone wp-image-630\" src=\"https:\/\/hydraulic-cylinders.net\/wp-content\/uploads\/2023\/08\/hydraulic-cylinder-product-5-300x213.webp\" alt=\"\" width=\"366\" height=\"260\" \/> <img loading=\"lazy\" decoding=\"async\" class=\"alignnone wp-image-631\" src=\"https:\/\/hydraulic-cylinders.net\/wp-content\/uploads\/2023\/08\/hydraulic-cylinder-product-6-300x225.webp\" alt=\"\" width=\"347\" height=\"260\" \/><\/p>\n<h3>(5) Testowanie<\/h3>\n<p>Dysponujemy najwy\u017cszej klasy urz\u0105dzeniami kontrolnymi i stanowiskami testowymi, aby zapewni\u0107, \u017ce wydajno\u015b\u0107 cylindra spe\u0142nia wymagania.<\/p>\n<p><img loading=\"lazy\" decoding=\"async\" class=\"alignnone wp-image-632\" src=\"https:\/\/hydraulic-cylinders.net\/wp-content\/uploads\/2023\/08\/hydraulic-cylinder-product-8-300x200.webp\" alt=\"\" width=\"389\" height=\"260\" \/><\/p>\n<p>&nbsp;<\/p>\n<p>&nbsp;<\/p>\n<p>Jeste\u015bmy jednym z najlepszych producent\u00f3w cylindr\u00f3w hydraulicznych do zastosowa\u0144 in\u017cynieryjnych. Oferujemy kompleksow\u0105 ofert\u0119 cylindr\u00f3w hydraulicznych do zastosowa\u0144 in\u017cynieryjnych. Dostarczamy r\u00f3wnie\u017c\u2026 <a href=\"https:\/\/hzpt.com\/agricultural-pto-gearbox\/\" target=\"_blank\" rel=\"noopener\">przek\u0142adnie rolnicze<\/a>Eksportowali\u015bmy nasze produkty do klient\u00f3w na ca\u0142ym \u015bwiecie i zyskali\u015bmy dobr\u0105 reputacj\u0119 dzi\u0119ki doskona\u0142ej jako\u015bci produkt\u00f3w i obs\u0142udze posprzeda\u017cowej. Serdecznie zapraszamy klient\u00f3w zar\u00f3wno z kraju, jak i z zagranicy do kontaktu z nami w celu negocjacji biznesowych, wymiany informacji i\u2026\u00a0<a href=\"https:\/\/www.hydraulic-cylinders.net\/pl\/contact-us\/\">wsp\u00f3\u0142pracowa\u0107 z nami<\/a>!<\/p>\n<h2><\/h2>\n<h2><\/h2>","protected":false},"excerpt":{"rendered":"<p>Piston Rod End With External Thread Connection Engineering Hydraulic Cylinder The piston rod end with an external thread connection is located at the end of the engineering hydraulic cylinder piston rod. It usually has threaded sections that allow for the safe fastening of various components, such as mounting brackets, cracks, or other load-bearing structures. HSG [&hellip;]<\/p>","protected":false},"featured_media":1110,"comment_status":"open","ping_status":"closed","template":"","meta":{"_et_pb_use_builder":"","_et_pb_old_content":"","_et_gb_content_width":""},"product_brand":[],"product_cat":[1376],"product_tag":[1380],"class_list":{"0":"post-1105","1":"product","2":"type-product","3":"status-publish","4":"has-post-thumbnail","6":"product_cat-hydraulic-cylinder","7":"product_tag-hydraulic-cylinder","9":"first","10":"instock","11":"shipping-taxable","12":"product-type-simple"},"amp_enabled":true,"_links":{"self":[{"href":"https:\/\/www.hydraulic-cylinders.net\/pl\/wp-json\/wp\/v2\/product\/1105","targetHints":{"allow":["GET"]}}],"collection":[{"href":"https:\/\/www.hydraulic-cylinders.net\/pl\/wp-json\/wp\/v2\/product"}],"about":[{"href":"https:\/\/www.hydraulic-cylinders.net\/pl\/wp-json\/wp\/v2\/types\/product"}],"replies":[{"embeddable":true,"href":"https:\/\/www.hydraulic-cylinders.net\/pl\/wp-json\/wp\/v2\/comments?post=1105"}],"wp:featuredmedia":[{"embeddable":true,"href":"https:\/\/www.hydraulic-cylinders.net\/pl\/wp-json\/wp\/v2\/media\/1110"}],"wp:attachment":[{"href":"https:\/\/www.hydraulic-cylinders.net\/pl\/wp-json\/wp\/v2\/media?parent=1105"}],"wp:term":[{"taxonomy":"product_brand","embeddable":true,"href":"https:\/\/www.hydraulic-cylinders.net\/pl\/wp-json\/wp\/v2\/product_brand?post=1105"},{"taxonomy":"product_cat","embeddable":true,"href":"https:\/\/www.hydraulic-cylinders.net\/pl\/wp-json\/wp\/v2\/product_cat?post=1105"},{"taxonomy":"product_tag","embeddable":true,"href":"https:\/\/www.hydraulic-cylinders.net\/pl\/wp-json\/wp\/v2\/product_tag?post=1105"}],"curies":[{"name":"wp","href":"https:\/\/api.w.org\/{rel}","templated":true}]}}