{"id":1213,"date":"2023-09-13T07:59:01","date_gmt":"2023-09-13T07:59:01","guid":{"rendered":"https:\/\/hydraulic-cylinders.net\/?post_type=product&#038;p=1213"},"modified":"2025-04-11T05:06:52","modified_gmt":"2025-04-11T05:06:52","slug":"y-hg1-noraml-metallurgical-hydraulic-cylinder","status":"publish","type":"product","link":"https:\/\/www.hydraulic-cylinders.net\/pl\/produkt\/y-hg1-noraml-metallurgical-hydraulic-cylinder\/","title":{"rendered":"Cylinder hydrauliczny Y-HG1 Noraml Metallurgical"},"content":{"rendered":"<h1 style=\"text-align: center;\"><strong>Cylinder hydrauliczny Y-HG1 Noraml Metallurgical<\/strong><\/h1>\n<p>Si\u0142ownik hydrauliczny metalurgiczny Y-HG1 to najnowocze\u015bniejszy element hydrauliczny, zaprojektowany specjalnie z my\u015bl\u0105 o spe\u0142nieniu wysokich wymaga\u0144 zastosowa\u0144 metalurgicznych. Dzi\u0119ki zaawansowanym funkcjom, solidnej konstrukcji i wyj\u0105tkowej wydajno\u015bci, si\u0142ownik hydrauliczny metalurgiczny Y-HG1 oferuje precyzyjn\u0105 kontrol\u0119, trwa\u0142o\u015b\u0107 i niezawodno\u015b\u0107 w trudnych warunkach panuj\u0105cych w hutach stali, odlewniach i innych procesach metalurgicznych. Niezale\u017cnie od tego, czy chodzi o podnoszenie, prasowanie, czy pozycjonowanie ci\u0119\u017ckich element\u00f3w, si\u0142ownik Y-HG1 wyznacza nowe standardy w technologii hydraulicznej, czyni\u0105c go idealnym wyborem dla przemys\u0142u metalurgicznego.<\/p>\n<p>Seria Y-HG1 si\u0142ownik\u00f3w hydraulicznych do urz\u0105dze\u0144 metalurgicznych do cylindr\u00f3w t\u0142okowych dwustronnego dzia\u0142ania, \u015brednica cylindra mie\u015bci si\u0119 na og\u00f3\u0142 w zakresie 40~320 mm, ci\u015bnienie robocze &lt;= 16 MPA, mechaniczny uk\u0142ad oleju hydraulicznego mo\u017ce by\u0107 u\u017cywany do gubienia emulsji i innych medi\u00f3w roboczych, monta\u017c ko\u0142nierza, kolczyk\u00f3w, sworzni, wyzwalaczy (podstawy) i r\u00f3\u017cnych typ\u00f3w.<\/p>\n<p>Wysokiej precyzji maszyna do honowania CNC, automatyczna spawarka, pionowe i poziome centrum obr\u00f3bcze, bramowe centrum obr\u00f3bcze, tokarka CNC i inny sprz\u0119t przetw\u00f3rczy. Jako\u015b\u0107 produktu jest stabilna i gwarantowana.<\/p>\n<p><img loading=\"lazy\" decoding=\"async\" class=\"aligncenter wp-image-1214\" src=\"https:\/\/hydraulic-cylinders.net\/wp-content\/uploads\/2023\/09\/y-hg-1-noraml-metallurgical-hydraulic-cylinder-3-300x300.webp\" alt=\"\" width=\"400\" height=\"400\" \/><\/p>\n<h2><strong>Parametry cylindra hydraulicznego metalurgicznego Y-HG1 Noraml:<img loading=\"lazy\" decoding=\"async\" class=\"alignnone wp-image-1215 size-large\" src=\"https:\/\/hydraulic-cylinders.net\/wp-content\/uploads\/2023\/09\/y-hg-1-noraml-metallurgical-hydraulic-cylinder-1-1024x307.webp\" alt=\"\" width=\"1024\" height=\"307\" srcset=\"https:\/\/hydraulic-cylinders.net\/wp-content\/uploads\/2023\/09\/y-hg-1-noraml-metallurgical-hydraulic-cylinder-1-980x293.webp 980w, https:\/\/hydraulic-cylinders.net\/wp-content\/uploads\/2023\/09\/y-hg-1-noraml-metallurgical-hydraulic-cylinder-1-480x144.webp 480w\" sizes=\"(min-width: 0px) and (max-width: 480px) 480px, (min-width: 481px) and (max-width: 980px) 980px, (min-width: 981px) 1024px, 100vw\" \/> <img loading=\"lazy\" decoding=\"async\" class=\"alignnone wp-image-1216 size-large\" src=\"https:\/\/hydraulic-cylinders.net\/wp-content\/uploads\/2023\/09\/y-hg-1-noraml-metallurgical-hydraulic-cylinder-2-1024x553.webp\" alt=\"\" width=\"1024\" height=\"553\" srcset=\"https:\/\/hydraulic-cylinders.net\/wp-content\/uploads\/2023\/09\/y-hg-1-noraml-metallurgical-hydraulic-cylinder-2-980x530.webp 980w, https:\/\/hydraulic-cylinders.net\/wp-content\/uploads\/2023\/09\/y-hg-1-noraml-metallurgical-hydraulic-cylinder-2-480x259.webp 480w\" sizes=\"(min-width: 0px) and (max-width: 480px) 480px, (min-width: 481px) and (max-width: 980px) 980px, (min-width: 981px) 1024px, 100vw\" \/><\/strong><\/h2>\n<h2><strong>Cylinder hydrauliczny Y-HG1 Noraml Metallurgical <\/strong><strong>Metoda u\u017cycia<\/strong><strong>:<\/strong><\/h2>\n<ol>\n<li><strong>Monta\u017c i instalacja:<\/strong>\n<ul>\n<li>Okre\u015bl odpowiednie miejsce monta\u017cu cylindr\u00f3w Y-HG1 na podstawie konkretnych wymaga\u0144 Twojego sprz\u0119tu metalurgicznego.<\/li>\n<li>Upewnij si\u0119, \u017ce powierzchnia monta\u017cowa jest czysta, r\u00f3wna i wytrzyma ci\u0119\u017car i obci\u0105\u017cenie cylindra.<\/li>\n<\/ul>\n<\/li>\n<li><strong>Pod\u0142\u0105czenie do uk\u0142adu hydraulicznego:<\/strong>\n<ul>\n<li>Pod\u0142\u0105cz si\u0142ownik hydrauliczny metalurgiczny Y-HG1 do uk\u0142adu hydraulicznego za pomoc\u0105 kompatybilnego w\u0119\u017ca lub rury hydraulicznej.<\/li>\n<li>Nale\u017cy zadba\u0107 o w\u0142a\u015bciwe ustawienie i solidne po\u0142\u0105czenia, aby zapobiec wyciekom i uzyska\u0107 optymaln\u0105 wydajno\u015b\u0107.<\/li>\n<\/ul>\n<\/li>\n<li><strong>Integracja i kalibracja systemu:<\/strong>\n<ul>\n<li>Zintegruj si\u0142owniki hydrauliczne metalurgiczne Y-HG1 ze sprz\u0119tem lub systemami metalurgicznymi zgodnie z wytycznymi producenta.<\/li>\n<li>Skalibruj system, aby osi\u0105gn\u0105\u0107 wymagane parametry robocze i zapewni\u0107 precyzyjn\u0105 kontrol\u0119 ruchu cylindra.<\/li>\n<\/ul>\n<\/li>\n<li><strong>Obs\u0142uga cylindra:<\/strong>\n<ul>\n<li>Uruchom uk\u0142ad hydrauliczny, aby poda\u0107 ci\u015bnienie i zainicjowa\u0107 ruch cylindra Y-HG1.<\/li>\n<li>Uk\u0142ad sterowania hydraulicznego precyzyjnie kontroluje wyd\u0142u\u017canie, kurczenie i pozycjonowanie cylindra, zapewniaj\u0105c wydajno\u015b\u0107 operacji metalurgicznych.<\/li>\n<\/ul>\n<\/li>\n<\/ol>\n<h2><strong>Cylinder hydrauliczny Y-HG1 Noraml Metallurgical <\/strong><strong>Charakterystyka<\/strong><strong>:<\/strong><\/h2>\n<ul>\n<li><strong>Solidna konstrukcja:<\/strong> Cylinder Y-HG1 wykonany jest z materia\u0142\u00f3w najwy\u017cszej jako\u015bci, co gwarantuje trwa\u0142o\u015b\u0107 i d\u0142ugowieczno\u015b\u0107 w wymagaj\u0105cym \u015brodowisku metalurgicznym.<\/li>\n<li><strong>Precyzyjna kontrola:<\/strong>\u00a0 Hydrauliczny si\u0142ownik metalurgiczny zapewnia doskona\u0142\u0105 kontrol\u0119 i dok\u0142adno\u015b\u0107 pozycjonowania, umo\u017cliwiaj\u0105c operatorom uzyskanie precyzyjnych ruch\u00f3w w celu optymalizacji proces\u00f3w metalurgicznych.<\/li>\n<li><strong>Wysoka \u0142adowno\u015b\u0107:<\/strong>\u00a0 Si\u0142owniki hydrauliczne metalurgiczne Y-HG1 zaprojektowano do podnoszenia du\u017cych obci\u0105\u017ce\u0144 powszechnie spotykanych w zastosowaniach metalurgicznych. Zapewniaj\u0105 one niezawodne podnoszenie i prasowanie.<\/li>\n<li><strong>Odporno\u015b\u0107 na korozj\u0119:<\/strong>\u00a0 Pow\u0142oka antykorozyjna cylindra chroni go przed agresywnymi substancjami chemicznymi i ekstremalnymi temperaturami, cz\u0119sto wyst\u0119puj\u0105cymi w \u015brodowiskach metalurgicznych.<\/li>\n<li><strong>Wszechstronne opcje monta\u017cu:<\/strong> Cylindry Y-HG1 s\u0105 dost\u0119pne w r\u00f3\u017cnych opcjach monta\u017cu i mo\u017cna je \u0142atwo zintegrowa\u0107 z wieloma urz\u0105dzeniami i systemami metalurgicznymi.<\/li>\n<\/ul>\n<h2><strong>Jak dzia\u0142a jednokierunkowy si\u0142ownik hydrauliczny?<\/strong><\/h2>\n<p>Jednokierunkowy si\u0142ownik hydrauliczny jednostronnego dzia\u0142ania wykorzystuje uk\u0142ad hydrauliczny do generowania ruchu liniowego w jednym kierunku. Sk\u0142ada si\u0119 z cylindra, t\u0142oka, t\u0142oczyska i p\u0142ynu hydraulicznego. Oto jak dzia\u0142a:<\/p>\n<ol>\n<li><strong>Dop\u0142yw p\u0142ynu hydraulicznego:<\/strong>\n<ul>\n<li>Uk\u0142ad hydrauliczny dostarcza do cylindra p\u0142yn pod ci\u015bnieniem, zazwyczaj olej, za pomoc\u0105 pompy hydraulicznej lub \u017ar\u00f3d\u0142a zasilania.<\/li>\n<\/ul>\n<\/li>\n<li><strong>Przed\u0142u\u017cenie cylindra:<\/strong>\n<ul>\n<li>Gdy p\u0142yn hydrauliczny jest dostarczany do cylindra, dostaje si\u0119 on do wn\u0119trza cylindra przez otw\u00f3r wlotowy.<\/li>\n<li>P\u0142yn pod ci\u015bnieniem naciska na t\u0142ok, powoduj\u0105c jego ruch w po\u017c\u0105danym kierunku (zwykle wysuwaj\u0105c t\u0142oczysko).<\/li>\n<li>W miar\u0119 jak ci\u015bnienie p\u0142ynu wzrasta, pokonuje ono op\u00f3r lub obci\u0105\u017cenie t\u0142oka, co powoduje wysuni\u0119cie t\u0142oczyska.<\/li>\n<\/ul>\n<\/li>\n<li><strong>Mechanizm uszczelniaj\u0105cy:<\/strong>\n<ul>\n<li>Cylinder jest uszczelniony, aby zapobiec wyciekom p\u0142ynu. Zazwyczaj zawiera uszczelki wok\u00f3\u0142 t\u0142oka i t\u0142oczyska, takie jak pier\u015bcienie uszczelniaj\u0105ce lub uszczelki wargowe.<\/li>\n<li>Uszczelnienia te gwarantuj\u0105, \u017ce p\u0142yn pod ci\u015bnieniem oddzia\u0142uje tylko na jedn\u0105 stron\u0119 t\u0142oka, wytwarzaj\u0105c nier\u00f3wnowag\u0119 ci\u015bnie\u0144, kt\u00f3ra powoduje ruch t\u0142oka w po\u017c\u0105danym kierunku.<\/li>\n<\/ul>\n<\/li>\n<li><strong>Skok powrotny:<\/strong>\n<ul>\n<li>Po zako\u0144czeniu suwu rozpr\u0119\u017cania p\u0142yn hydrauliczny zostaje uwolniony z cylindra.<\/li>\n<li>Uk\u0142ad hydrauliczny mo\u017ce wykorzystywa\u0107 grawitacj\u0119, spr\u0119\u017cyn\u0119 lub si\u0142\u0119 zewn\u0119trzn\u0105, aby cofn\u0105\u0107 t\u0142ok i t\u0142oczysko do ich pocz\u0105tkowego po\u0142o\u017cenia.<\/li>\n<li>Podczas suwu powrotnego p\u0142yn hydrauliczny wyp\u0142ywa z cylindra przez otw\u00f3r wylotowy.<\/li>\n<\/ul>\n<\/li>\n<li><strong>Wsparcie obci\u0105\u017cenia:<\/strong>\n<ul>\n<li>T\u0142oczysko cylindra hydraulicznego jest cz\u0119sto po\u0142\u0105czone z obci\u0105\u017ceniem lub mechanizmem wymagaj\u0105cym ruchu liniowego lub si\u0142y.<\/li>\n<li>Gdy t\u0142ok si\u0119 wysuwa lub wsuwa, wytwarza si\u0142\u0119 niezb\u0119dn\u0105 do przesuni\u0119cia lub podtrzymania \u0142adunku.<\/li>\n<\/ul>\n<\/li>\n<li><strong>Sterowanie i zawory:<\/strong>\n<ul>\n<li>Aby sterowa\u0107 wysuwaniem i wsuwaniem jednokierunkowego cylindra hydraulicznego, uk\u0142ad hydrauliczny zawiera zawory, takie jak zawory zwrotne lub zawory steruj\u0105ce kierunkiem przep\u0142ywu.<\/li>\n<li>Zawory te reguluj\u0105 przep\u0142yw p\u0142ynu hydraulicznego, umo\u017cliwiaj\u0105c mu wp\u0142ywanie do cylindra i wyp\u0142ywanie z niego w po\u017c\u0105danym kierunku.<\/li>\n<\/ul>\n<\/li>\n<li><strong>Szczeg\u00f3\u0142y zastosowania:<\/strong>\n<ul>\n<li>Jednokierunkowe si\u0142owniki hydrauliczne s\u0105 powszechnie stosowane w zastosowaniach, w kt\u00f3rych si\u0142a lub ruch wymagane s\u0105 tylko w jednym kierunku, np. przy podnoszeniu, pchaniu lub zaciskaniu.<\/li>\n<li>Cz\u0119sto mo\u017cna je znale\u017a\u0107 w podno\u015bnikach hydraulicznych, prasach hydraulicznych, wywrotkach i innym sprz\u0119cie przemys\u0142owym i mobilnym.<\/li>\n<\/ul>\n<\/li>\n<\/ol>\n<h2><strong>Mo\u017cliwo\u015bci i pojemno\u015b\u0107 fabryki:<\/strong><\/h2>\n<h3>(1) Monta\u017c<\/h3>\n<p>Dysponujemy najwy\u017cszej klasy niezale\u017cn\u0105 platform\u0105 badawczo-rozwojow\u0105. Warsztat produkcji si\u0142ownik\u00f3w hydraulicznych posiada cztery p\u00f3\u0142automatyczne linie monta\u017cowe si\u0142ownik\u00f3w podnosz\u0105cych i jedn\u0105 automatyczn\u0105 lini\u0119 monta\u017cow\u0105 si\u0142ownik\u00f3w przechy\u0142u, o projektowanej rocznej zdolno\u015bci produkcyjnej 1 miliona sztuk. Specjalny warsztat cylindr\u00f3w jest wyposa\u017cony w r\u00f3\u017cne specyfikacje p\u00f3\u0142automatycznego systemu monta\u017cu czyszcz\u0105cego o projektowanej rocznej zdolno\u015bci produkcyjnej 200 000 i wyposa\u017cony w s\u0142ynny sprz\u0119t do obr\u00f3bki CNC, centrum obr\u00f3bcze, specjalny sprz\u0119t do precyzyjnej obr\u00f3bki cylindr\u00f3w, robot spawalniczy, automatyczna maszyna czyszcz\u0105ca, automatyczna maszyna do monta\u017cu cylindr\u00f3w i automatyczna linia produkcyjna do malowania. Istniej\u0105cy krytyczny sprz\u0119t sk\u0142ada si\u0119 z ponad 300 zestaw\u00f3w. Optymalna alokacja i efektywne wykorzystanie zasob\u00f3w sprz\u0119towych zapewniaj\u0105 wymagania dotycz\u0105ce dok\u0142adno\u015bci produkt\u00f3w i spe\u0142niaj\u0105 potrzeby wysokiej jako\u015bci produkt\u00f3w.<\/p>\n<p><img loading=\"lazy\" decoding=\"async\" class=\"alignnone wp-image-626\" src=\"https:\/\/hydraulic-cylinders.net\/wp-content\/uploads\/2023\/08\/hydraulic-cylinder-product-1-300x158.webp\" alt=\"\" width=\"495\" height=\"260\" srcset=\"https:\/\/hydraulic-cylinders.net\/wp-content\/uploads\/2023\/08\/hydraulic-cylinder-product-1-300x158.webp 495w, https:\/\/hydraulic-cylinders.net\/wp-content\/uploads\/2023\/08\/hydraulic-cylinder-product-1-480x252.webp 480w\" sizes=\"(min-width: 0px) and (max-width: 480px) 480px, (min-width: 481px) 495px, 100vw\" \/> <img loading=\"lazy\" decoding=\"async\" class=\"alignnone wp-image-627\" src=\"https:\/\/hydraulic-cylinders.net\/wp-content\/uploads\/2023\/08\/hydraulic-cylinder-product-2-300x189.webp\" alt=\"\" width=\"413\" height=\"260\" \/><\/p>\n<h3>(2) Obr\u00f3bka<\/h3>\n<p>Warsztat obr\u00f3bki skrawaniem jest wyposa\u017cony w niestandardowe centrum tokarskie z pochylon\u0105 szyn\u0105, centrum obr\u00f3bcze, szybkobie\u017cn\u0105 honownic\u0119, robota spawalniczego i inny powi\u0105zany sprz\u0119t, kt\u00f3ry mo\u017ce obs\u0142ugiwa\u0107 przetwarzanie rur cylindrycznych o maksymalnej \u015brednicy wewn\u0119trznej 400 mm i maksymalnej d\u0142ugo\u015bci 6 metr\u00f3w.<\/p>\n<p><img loading=\"lazy\" decoding=\"async\" class=\"alignnone wp-image-628 size-large\" src=\"https:\/\/hydraulic-cylinders.net\/wp-content\/uploads\/2023\/08\/hydraulic-cylinder-product-3-1024x391.webp\" alt=\"\" width=\"1024\" height=\"391\" srcset=\"https:\/\/hydraulic-cylinders.net\/wp-content\/uploads\/2023\/08\/hydraulic-cylinder-product-3-980x374.webp 980w, https:\/\/hydraulic-cylinders.net\/wp-content\/uploads\/2023\/08\/hydraulic-cylinder-product-3-480x183.webp 480w\" sizes=\"(min-width: 0px) and (max-width: 480px) 480px, (min-width: 481px) and (max-width: 980px) 980px, (min-width: 981px) 1024px, 100vw\" \/><\/p>\n<h3>(3) Spawanie<\/h3>\n<p><img loading=\"lazy\" decoding=\"async\" class=\"alignnone wp-image-629 size-large\" src=\"https:\/\/hydraulic-cylinders.net\/wp-content\/uploads\/2023\/08\/hydraulic-cylinder-product-4-1024x510.webp\" alt=\"\" width=\"1024\" height=\"510\" srcset=\"https:\/\/hydraulic-cylinders.net\/wp-content\/uploads\/2023\/08\/hydraulic-cylinder-product-4-980x488.webp 980w, https:\/\/hydraulic-cylinders.net\/wp-content\/uploads\/2023\/08\/hydraulic-cylinder-product-4-480x239.webp 480w\" sizes=\"(min-width: 0px) and (max-width: 480px) 480px, (min-width: 481px) and (max-width: 980px) 980px, (min-width: 981px) 1024px, 100vw\" \/><\/p>\n<h3>(4) Malowanie i powlekanie<\/h3>\n<p>Z ma\u0142ymi i \u015brednimi automatycznymi liniami do powlekania farbami na bazie wody, w celu osi\u0105gni\u0119cia automatycznego za\u0142adunku i roz\u0142adunku robota oraz automatycznego natryskiwania, wydajno\u015b\u0107 projektowa 4000 sztuk na zmian\u0119;<br \/>\nPosiadamy r\u00f3wnie\u017c p\u00f3\u0142automatyczn\u0105 lini\u0119 do produkcji farb do du\u017cych cylindr\u00f3w nap\u0119dzan\u0105 \u0142a\u0144cuchem nap\u0119dowym, o wydajno\u015bci 60 skrzy\u0144 na zmian\u0119.<\/p>\n<p><img loading=\"lazy\" decoding=\"async\" class=\"alignnone wp-image-630\" src=\"https:\/\/hydraulic-cylinders.net\/wp-content\/uploads\/2023\/08\/hydraulic-cylinder-product-5-300x213.webp\" alt=\"\" width=\"366\" height=\"260\" \/> <img loading=\"lazy\" decoding=\"async\" class=\"alignnone wp-image-631\" src=\"https:\/\/hydraulic-cylinders.net\/wp-content\/uploads\/2023\/08\/hydraulic-cylinder-product-6-300x225.webp\" alt=\"\" width=\"347\" height=\"260\" \/><\/p>\n<h3>(5) Testowanie<\/h3>\n<p>Dysponujemy najwy\u017cszej klasy urz\u0105dzeniami kontrolnymi i stanowiskami testowymi, aby zapewni\u0107, \u017ce wydajno\u015b\u0107 cylindra spe\u0142nia wymagania.<\/p>\n<p><img loading=\"lazy\" decoding=\"async\" class=\"alignnone wp-image-632\" src=\"https:\/\/hydraulic-cylinders.net\/wp-content\/uploads\/2023\/08\/hydraulic-cylinder-product-8-300x200.webp\" alt=\"\" width=\"389\" height=\"260\" \/><\/p>\n<p>&nbsp;<\/p>\n<p>&nbsp;<\/p>\n<p>Jeste\u015bmy jednym z najlepszych producent\u00f3w metalurgicznych si\u0142ownik\u00f3w hydraulicznych. Mo\u017cemy zaoferowa\u0107 kompleksowe zapasy metalurgicznych si\u0142ownik\u00f3w hydraulicznych. Zapewniamy r\u00f3wnie\u017c odpowiednie <a href=\"https:\/\/hzpt.com\/agricultural-pto-gearbox\/\" target=\"_blank\" rel=\"noopener\">przek\u0142adnie rolnicze<\/a>. Eksportowali\u015bmy nasze produkty do klient\u00f3w na ca\u0142ym \u015bwiecie i zdobyli\u015bmy dobr\u0105 reputacj\u0119 dzi\u0119ki najwy\u017cszej jako\u015bci produkt\u00f3w i us\u0142ug posprzeda\u017cnych. Zapraszamy klient\u00f3w w kraju i za granic\u0105 do kontaktu z nami w celu negocjacji biznesowych, wymiany informacji i <a href=\"https:\/\/www.hydraulic-cylinders.net\/pl\/contact-us\/\">wsp\u00f3\u0142pracowa\u0107 z nami<\/a>!<\/p>\n<h2><\/h2>\n<h2><\/h2>","protected":false},"excerpt":{"rendered":"<p>Y-HG1 Noraml Metallurgical Hydraulic Cylinder The Y-HG1 metallurgical hydraulic cylinder is a state-of-the-art hydraulic component specifically designed to meet the demanding requirements of metallurgical applications. With its advanced features, robust construction, and exceptional performance, the Y-HG1 metallurgical hydraulic cylinder offers precise control, durability, and reliability in the rigorous environments of steel mills, foundries, and other [&hellip;]<\/p>","protected":false},"featured_media":1217,"comment_status":"open","ping_status":"closed","template":"","meta":{"_et_pb_use_builder":"","_et_pb_old_content":"","_et_gb_content_width":""},"product_brand":[],"product_cat":[1376,1550,1524],"product_tag":[1380],"class_list":{"0":"post-1213","1":"product","2":"type-product","3":"status-publish","4":"has-post-thumbnail","6":"product_cat-hydraulic-cylinder","7":"product_cat-double-acting-hydraulic-cylinder","8":"product_cat-steel-mill-hydraulic-cylinders","9":"product_tag-hydraulic-cylinder","11":"first","12":"instock","13":"shipping-taxable","14":"product-type-simple"},"amp_enabled":true,"_links":{"self":[{"href":"https:\/\/www.hydraulic-cylinders.net\/pl\/wp-json\/wp\/v2\/product\/1213","targetHints":{"allow":["GET"]}}],"collection":[{"href":"https:\/\/www.hydraulic-cylinders.net\/pl\/wp-json\/wp\/v2\/product"}],"about":[{"href":"https:\/\/www.hydraulic-cylinders.net\/pl\/wp-json\/wp\/v2\/types\/product"}],"replies":[{"embeddable":true,"href":"https:\/\/www.hydraulic-cylinders.net\/pl\/wp-json\/wp\/v2\/comments?post=1213"}],"wp:featuredmedia":[{"embeddable":true,"href":"https:\/\/www.hydraulic-cylinders.net\/pl\/wp-json\/wp\/v2\/media\/1217"}],"wp:attachment":[{"href":"https:\/\/www.hydraulic-cylinders.net\/pl\/wp-json\/wp\/v2\/media?parent=1213"}],"wp:term":[{"taxonomy":"product_brand","embeddable":true,"href":"https:\/\/www.hydraulic-cylinders.net\/pl\/wp-json\/wp\/v2\/product_brand?post=1213"},{"taxonomy":"product_cat","embeddable":true,"href":"https:\/\/www.hydraulic-cylinders.net\/pl\/wp-json\/wp\/v2\/product_cat?post=1213"},{"taxonomy":"product_tag","embeddable":true,"href":"https:\/\/www.hydraulic-cylinders.net\/pl\/wp-json\/wp\/v2\/product_tag?post=1213"}],"curies":[{"name":"wp","href":"https:\/\/api.w.org\/{rel}","templated":true}]}}