{"id":1266,"date":"2023-09-15T07:54:55","date_gmt":"2023-09-15T07:54:55","guid":{"rendered":"https:\/\/hydraulic-cylinders.net\/?post_type=product&#038;p=1266"},"modified":"2025-04-11T05:25:56","modified_gmt":"2025-04-11T05:25:56","slug":"cx-series-homotaxial-compact-hydraulic-cylinder","status":"publish","type":"product","link":"https:\/\/www.hydraulic-cylinders.net\/pl\/produkt\/cx-series-homotaxial-compact-hydraulic-cylinder\/","title":{"rendered":"Kompaktowy si\u0142ownik hydrauliczny homotaksjalny serii CX"},"content":{"rendered":"<h1 style=\"text-align: center;\"><strong>Kompaktowy si\u0142ownik hydrauliczny homotaksjalny serii CX<\/strong><\/h1>\n<p>Kompaktowy si\u0142ownik hydrauliczny homotaksjalny serii CX to najnowocze\u015bniejszy komponent hydrauliczny zaprojektowany z my\u015bl\u0105 o zapewnieniu wydajnego i niezawodnego przenoszenia mocy w szerokim zakresie zastosowa\u0144 przemys\u0142owych. Dzi\u0119ki kompaktowej konstrukcji, doskona\u0142ej wydajno\u015bci i trwa\u0142o\u015bci, ten si\u0142ownik hydrauliczny oferuje precyzyjn\u0105 kontrol\u0119 i wszechstronno\u015b\u0107. Niezale\u017cnie od tego, czy jest stosowany w produkcji, transporcie materia\u0142\u00f3w, czy budownictwie, kompaktowy si\u0142ownik hydrauliczny homotaksjalny serii CX zosta\u0142 zaprojektowany z my\u015bl\u0105 o optymalizacji operacji hydraulicznych i zwi\u0119kszeniu wydajno\u015bci.<\/p>\n<p>Kompaktowe si\u0142owniki serii CX s\u0142u\u017c\u0105 do mocowania cylindr\u00f3w. Ich instalacja jest niewielka. Nasza fabryka dysponuje zaawansowanym sprz\u0119tem hydraulicznym, w tym pionowym, poziomym centrum obr\u00f3bczym oraz \u015brednimi i du\u017cymi si\u0142ownikami hydraulicznymi. Technologia produkcji cienkich si\u0142ownik\u00f3w jest doskona\u0142a.<\/p>\n<p><img loading=\"lazy\" decoding=\"async\" class=\"size-full wp-image-1267 aligncenter\" src=\"https:\/\/hydraulic-cylinders.net\/wp-content\/uploads\/2023\/09\/cx-compact-hydraulic-cylinder-6.webp\" alt=\"\" width=\"245\" height=\"245\" srcset=\"https:\/\/www.hydraulic-cylinders.net\/wp-content\/uploads\/2023\/09\/cx-compact-hydraulic-cylinder-6.webp 245w, https:\/\/www.hydraulic-cylinders.net\/wp-content\/uploads\/2023\/09\/cx-compact-hydraulic-cylinder-6-100x100.webp 100w, https:\/\/www.hydraulic-cylinders.net\/wp-content\/uploads\/2023\/09\/cx-compact-hydraulic-cylinder-6-150x150.webp 150w, https:\/\/www.hydraulic-cylinders.net\/wp-content\/uploads\/2023\/09\/cx-compact-hydraulic-cylinder-6-12x12.webp 12w\" sizes=\"(max-width: 245px) 100vw, 245px\" \/><\/p>\n<h2><strong>Opis modelu homoaksjalnego kompaktowego cylindra hydraulicznego serii CX:<img loading=\"lazy\" decoding=\"async\" class=\"alignnone wp-image-1269 size-full\" src=\"https:\/\/hydraulic-cylinders.net\/wp-content\/uploads\/2023\/09\/cx-compact-hydraulic-cylinder-2.webp\" alt=\"\" width=\"730\" height=\"119\" srcset=\"https:\/\/hydraulic-cylinders.net\/wp-content\/uploads\/2023\/09\/cx-compact-hydraulic-cylinder-2.webp 730w, https:\/\/hydraulic-cylinders.net\/wp-content\/uploads\/2023\/09\/cx-compact-hydraulic-cylinder-2-480x78.webp 480w\" sizes=\"(min-width: 0px) and (max-width: 480px) 480px, (min-width: 481px) 730px, 100vw\" \/>\u00a0<\/strong><\/h2>\n<h2><strong>Kompaktowy si\u0142ownik hydrauliczny homotaksjalny serii CX <\/strong><strong>Cechy<\/strong>:<\/h2>\n<h2><strong><img loading=\"lazy\" decoding=\"async\" class=\"alignnone wp-image-1270 size-full\" src=\"https:\/\/hydraulic-cylinders.net\/wp-content\/uploads\/2023\/09\/cx-compact-hydraulic-cylinder-3.webp\" alt=\"\" width=\"730\" height=\"87\" srcset=\"https:\/\/hydraulic-cylinders.net\/wp-content\/uploads\/2023\/09\/cx-compact-hydraulic-cylinder-3.webp 730w, https:\/\/hydraulic-cylinders.net\/wp-content\/uploads\/2023\/09\/cx-compact-hydraulic-cylinder-3-480x57.webp 480w\" sizes=\"(min-width: 0px) and (max-width: 480px) 480px, (min-width: 481px) 730px, 100vw\" \/>\u00a0<\/strong><\/h2>\n<h2><strong>Parametry homotaksjalnego kompaktowego cylindra hydraulicznego serii CX:<\/strong><\/h2>\n<h2><strong><img loading=\"lazy\" decoding=\"async\" class=\"alignnone wp-image-1271 size-full\" src=\"https:\/\/hydraulic-cylinders.net\/wp-content\/uploads\/2023\/09\/cx-compact-hydraulic-cylinder-4.webp\" alt=\"\" width=\"730\" height=\"878\" srcset=\"https:\/\/hydraulic-cylinders.net\/wp-content\/uploads\/2023\/09\/cx-compact-hydraulic-cylinder-4.webp 730w, https:\/\/hydraulic-cylinders.net\/wp-content\/uploads\/2023\/09\/cx-compact-hydraulic-cylinder-4-480x577.webp 480w\" sizes=\"(min-width: 0px) and (max-width: 480px) 480px, (min-width: 481px) 730px, 100vw\" \/><\/strong><\/h2>\n<h2><strong>Kompaktowy si\u0142ownik hydrauliczny homotaksjalny serii CX <\/strong><strong>G\u0142\u00f3wne cechy i korzy\u015bci<\/strong><strong>:<\/strong><\/h2>\n<ol>\n<li><strong>Kompaktowa konstrukcja:<\/strong>\n<ul>\n<li>Kompaktowe, wsp\u00f3\u0142osiowe si\u0142owniki hydrauliczne serii CX zaprojektowano tak, aby zajmowa\u0142y jak najmniej miejsca, dzi\u0119ki czemu idealnie nadaj\u0105 si\u0119 do zastosowa\u0144, w kt\u00f3rych przestrze\u0144 monta\u017cowa jest ograniczona.<\/li>\n<li>Kompaktowe rozmiary pozwalaj\u0105 na bezproblemow\u0105 integracj\u0119 z r\u00f3\u017cnymi urz\u0105dzeniami i ustawieniami mechanicznymi.<\/li>\n<\/ul>\n<\/li>\n<li><strong>Precyzyjna kontrola:<\/strong>\n<ul>\n<li>Ten si\u0142ownik hydrauliczny zapewnia doskona\u0142\u0105 kontrol\u0119 ruchu i pozycjonowania, umo\u017cliwiaj\u0105c dok\u0142adn\u0105 i wydajn\u0105 prac\u0119.<\/li>\n<li>Precyzyjny mechanizm sterowania zapewnia p\u0142ynny i kontrolowany ruch oraz podnosi og\u00f3ln\u0105 wydajno\u015b\u0107 produkcji.<\/li>\n<\/ul>\n<\/li>\n<li><strong>Wysoka wydajno\u015b\u0107:<\/strong>\n<ul>\n<li>Kompaktowa, wsp\u00f3\u0142osiowa konstrukcja cylindra hydraulicznego serii CX zapewnia wysok\u0105 wydajno\u015b\u0107 przenoszenia mocy.<\/li>\n<li>Mo\u017ce obs\u0142ugiwa\u0107 du\u017ce obci\u0105\u017cenia i wymagaj\u0105ce zastosowania przemys\u0142owe, gwarantuj\u0105c niezawodn\u0105 i stabiln\u0105 wydajno\u015b\u0107.<\/li>\n<\/ul>\n<\/li>\n<li><strong>Wszechstronne zastosowania:<\/strong>\n<ul>\n<li>Seria CX to kompaktowe, wsp\u00f3\u0142osiowe si\u0142owniki hydrauliczne przeznaczone do r\u00f3\u017cnorodnych zastosowa\u0144 w przemy\u015ble wytw\u00f3rczym, transporcie materia\u0142\u00f3w, budownictwie i innych ga\u0142\u0119ziach przemys\u0142u.<\/li>\n<li>Mo\u017cna go stosowa\u0107 w r\u00f3\u017cnych urz\u0105dzeniach, takich jak prasy, zag\u0119szczarki, \u0142adowarki itp.<\/li>\n<\/ul>\n<\/li>\n<\/ol>\n<h2><strong>Kompaktowy si\u0142ownik hydrauliczny homotaksjalny serii CX <\/strong><strong>Metoda u\u017cycia<\/strong><strong>:<\/strong><\/h2>\n<ol>\n<li><strong>Monta\u017c i instalacja:<\/strong>\n<ul>\n<li>Okre\u015bl odpowiednie miejsce instalacji kompaktowych, wsp\u00f3\u0142osiowych cylindr\u00f3w hydraulicznych serii CX, bior\u0105c pod uwag\u0119 konkretne wymagania swojego sprz\u0119tu lub maszyny.<\/li>\n<li>Upewnij si\u0119, \u017ce powierzchnia monta\u017cowa jest stabilna i wypoziomowana oraz \u017ce mo\u017ce bezpiecznie utrzyma\u0107 ci\u0119\u017car i obci\u0105\u017cenie cylindra.<\/li>\n<\/ul>\n<\/li>\n<li><strong>Pod\u0142\u0105czenie uk\u0142adu hydraulicznego:<\/strong>\n<ul>\n<li>Pod\u0142\u0105cz si\u0142ownik hydrauliczny do uk\u0142adu hydraulicznego za pomoc\u0105 kompatybilnego w\u0119\u017ca lub rury hydraulicznej.<\/li>\n<li>Prawid\u0142owe ustawienie i szczelne po\u0142\u0105czenia zapobiegaj\u0105 wyciekom i gwarantuj\u0105 optymaln\u0105 wydajno\u015b\u0107.<\/li>\n<\/ul>\n<\/li>\n<li><strong>Obs\u0142uga cylindra:<\/strong>\n<ul>\n<li>Uruchom uk\u0142ad hydrauliczny i w\u0142\u0105cz ruch wsp\u00f3\u0142osiowego kompaktowego cylindra hydraulicznego serii CX.<\/li>\n<li>Uk\u0142ad sterowania hydraulicznego s\u0142u\u017cy do precyzyjnego sterowania wysuwaniem, wsuwaniem i pozycjonowaniem cylindra w celu uzyskania wydajnej pracy.<\/li>\n<\/ul>\n<\/li>\n<\/ol>\n<h2><strong>Jak zdemontowa\u0107 si\u0142ownik hydrauliczny z \u0142adowarki czo\u0142owej?<\/strong><\/h2>\n<p>Demonta\u017c si\u0142ownika hydraulicznego z \u0142adowacza czo\u0142owego wymaga odpowiedniego przygotowania i ostro\u017cno\u015bci. Oto przewodnik krok po kroku, kt\u00f3ry pomo\u017ce Ci w tym procesie:<\/p>\n<ol>\n<li><strong>Zapewnij bezpiecze\u0144stwo:<\/strong>\n<ul>\n<li>Przed rozpocz\u0119ciem pracy nale\u017cy ustawi\u0107 \u0142adowark\u0119 czo\u0142ow\u0105 na p\u0142askiej i stabilnej powierzchni.<\/li>\n<li>Zaci\u0105gnij hamulec postojowy i wy\u0142\u0105cz silnik, aby zapobiec przypadkowemu ruszeniu.<\/li>\n<\/ul>\n<\/li>\n<li><strong>Zidentyfikuj cylinder:<\/strong>\n<ul>\n<li>Zlokalizuj si\u0142ownik hydrauliczny, kt\u00f3ry nale\u017cy zdemontowa\u0107. W zale\u017cno\u015bci od konstrukcji \u0142adowarki, mo\u017ce by\u0107 w niej kilka si\u0142ownik\u00f3w.<\/li>\n<\/ul>\n<\/li>\n<li><strong>Uwolnij ci\u015bnienie hydrauliczne:<\/strong>\n<ul>\n<li>Aby unikn\u0105\u0107 nag\u0142ego spadku ci\u015bnienia, nale\u017cy zredukowa\u0107 ci\u015bnienie hydrauliczne w uk\u0142adzie. Ten krok jest kluczowy dla bezpiecze\u0144stwa.<\/li>\n<li>Uruchom silnik \u0142adowarki i u\u017cyj element\u00f3w steruj\u0105cych hydraulik\u0105, aby ca\u0142kowicie przesun\u0105\u0107 t\u0142ok cylindra w jednym kierunku.<\/li>\n<li>Wy\u0142\u0105cz silnik i usu\u0144 resztkowe ci\u015bnienie, ponownie korzystaj\u0105c z element\u00f3w steruj\u0105cych.<\/li>\n<\/ul>\n<\/li>\n<li><strong>Od\u0142\u0105cz przewody hydrauliczne:<\/strong>\n<ul>\n<li>Zlokalizuj przewody hydrauliczne pod\u0142\u0105czone do cylindra. Zazwyczaj b\u0119dzie to przew\u00f3d zasilaj\u0105cy i przew\u00f3d powrotny.<\/li>\n<li>Umie\u015b\u0107 misk\u0119 spustow\u0105 pod cylindrem, aby wychwyci\u0107 ewentualny wyciek p\u0142ynu hydraulicznego podczas roz\u0142\u0105czania.<\/li>\n<li>Ostro\u017cnie od\u0142\u0105cz przewody hydrauliczne od cylindra za pomoc\u0105 odpowiednich kluczy lub z\u0142\u0105czek. Przygotuj si\u0119 na wyciek p\u0142ynu.<\/li>\n<\/ul>\n<\/li>\n<li><strong>Wsparcie cylindra:<\/strong>\n<ul>\n<li>Poniewa\u017c cylindry hydrauliczne mog\u0105 by\u0107 ci\u0119\u017ckie, konieczne jest zapewnienie im wsparcia przed ich demonta\u017cem.<\/li>\n<li>U\u017cyj podno\u015bnika, klock\u00f3w lub innej stabilnej konstrukcji wsporczej, aby bezpiecznie utrzyma\u0107 ci\u0119\u017car cylindra.<\/li>\n<\/ul>\n<\/li>\n<li><strong>Wyjmij \u015bruby mocuj\u0105ce:<\/strong>\n<ul>\n<li>Zidentyfikuj punkty mocowania, w kt\u00f3rych cylinder jest przymocowany do ramy \u0142adowarki lub innych podzespo\u0142\u00f3w.<\/li>\n<li>U\u017cywaj\u0105c odpowiednich narz\u0119dzi, np. kluczy lub nasadek, wykr\u0119\u0107 \u015bruby mocuj\u0105ce lub ko\u0142ki, kt\u00f3re zabezpieczaj\u0105 cylinder.<\/li>\n<li>Zachowaj informacje o \u015brubach i wszelkich elementach monta\u017cowych, kt\u00f3re nale\u017cy ponownie zamontowa\u0107.<\/li>\n<\/ul>\n<\/li>\n<li><strong>Ostro\u017cnie wyjmij cylinder:<\/strong>\n<ul>\n<li>Po od\u0142\u0105czeniu przewod\u00f3w hydraulicznych i wyj\u0119ciu \u015brub mocuj\u0105cych powoli i ostro\u017cnie wysu\u0144 lub unie\u015b cylinder z pozycji monta\u017cowej.<\/li>\n<li>Nale\u017cy pami\u0119ta\u0107 o wadze i rozmiarze cylindra, aby zapobiec wypadkom lub obra\u017ceniom podczas jego wyjmowania.<\/li>\n<\/ul>\n<\/li>\n<li><strong>Kontrola i przechowywanie:<\/strong>\n<ul>\n<li>Po wyj\u0119ciu cylindra nale\u017cy sprawdzi\u0107 go pod k\u0105tem uszkodze\u0144, nieszczelno\u015bci lub nadmiernego zu\u017cycia. Ta ocena pomo\u017ce ustali\u0107, czy cylinder wymaga naprawy, czy wymiany.<\/li>\n<li>Wyczy\u015b\u0107 cylinder i przechowuj go w czystym i suchym miejscu, aby zapobiec zanieczyszczeniu lub dalszym uszkodzeniom.<\/li>\n<\/ul>\n<\/li>\n<\/ol>\n<h2><strong>Chi\u0144scy producenci cylindr\u00f3w hydraulicznych:<\/strong><\/h2>\n<p>HZPT to firma zajmuj\u0105ca si\u0119 badaniami i rozwojem oraz produkcj\u0105 kompaktowych cylindr\u00f3w hydraulicznych. Utrzymuje wiod\u0105c\u0105 pozycj\u0119 na chi\u0144skim rynku cylindr\u00f3w hydraulicznych. W 2020 roku jej udzia\u0142 w rynku krajowym wyni\u00f3s\u0142 oko\u0142o 291 TP3T. Produkujemy kompaktowe cylindry hydrauliczne do pojazd\u00f3w przemys\u0142owych, kompaktowe cylindry hydrauliczne do podest\u00f3w ruchomych, cylindry hydrauliczne do maszyn rolniczych oraz cylindry hydrauliczne do maszyn sanitarnych.<\/p>\n<p>Dysponujemy najwy\u017cszej klasy, niezale\u017cn\u0105 platform\u0105 badawczo-rozwojow\u0105 do monta\u017cu. Kompaktowy warsztat produkcji cylindr\u00f3w hydraulicznych posiada cztery p\u00f3\u0142automatyczne linie monta\u017cowe do cylindr\u00f3w podnosz\u0105cych oraz jedn\u0105 w pe\u0142ni automatyczn\u0105 lini\u0119 monta\u017cow\u0105 do cylindr\u00f3w przechylnych, o projektowanej rocznej zdolno\u015bci produkcyjnej 1 miliona sztuk. Specjalny warsztat produkcji cylindr\u00f3w jest wyposa\u017cony w p\u00f3\u0142automatyczne systemy czyszczenia i monta\u017cu o r\u00f3\u017cnych specyfikacjach, o projektowanej rocznej zdolno\u015bci produkcyjnej 200 000 esej\u00f3w. Dysponujemy renomowanymi maszynami do obr\u00f3bki CNC, centrami obr\u00f3bczymi, specjalistycznym sprz\u0119tem do precyzyjnej obr\u00f3bki cylindr\u00f3w, robotami spawalniczymi, automatycznymi urz\u0105dzeniami czyszcz\u0105cymi, automatycznymi maszynami do monta\u017cu cylindr\u00f3w oraz automatycznymi liniami do lakierowania. Posiadamy ponad 300 zestaw\u00f3w sprz\u0119tu o kluczowym znaczeniu. Zoptymalizowana alokacja i efektywne wykorzystanie zasob\u00f3w sprz\u0119towych zapewniaj\u0105 precyzj\u0119 produkt\u00f3w i spe\u0142niaj\u0105 wysokie standardy jako\u015bci.<\/p>\n<table>\n<tbody>\n<tr>\n<td><img loading=\"lazy\" decoding=\"async\" class=\"size-large wp-image-315926 aligncenter\" src=\"https:\/\/hzpt.com\/wp-content\/uploads\/2023\/08\/China-Hydraulic-Cylinder-Manufacturers-1-1024x768.webp\" sizes=\"(min-width: 0px) and (max-width: 480px) 480px, (min-width: 481px) and (max-width: 980px) 980px, (min-width: 981px) 1024px, 100vw\" srcset=\"https:\/\/hzpt.com\/wp-content\/uploads\/2023\/08\/China-Hydraulic-Cylinder-Manufacturers-1-1024x768.webp 1024w, https:\/\/hzpt.com\/wp-content\/uploads\/2023\/08\/China-Hydraulic-Cylinder-Manufacturers-1-980x735.webp 980w, https:\/\/hzpt.com\/wp-content\/uploads\/2023\/08\/China-Hydraulic-Cylinder-Manufacturers-1-480x360.webp 480w\" alt=\"Chi\u0144scy producenci cylindr\u00f3w hydraulicznych\" width=\"1024\" height=\"768\" \/><\/td>\n<td><img loading=\"lazy\" decoding=\"async\" class=\"size-large wp-image-315927 aligncenter\" src=\"https:\/\/hzpt.com\/wp-content\/uploads\/2023\/08\/China-Hydraulic-Cylinder-Manufacturers-2-1024x768.webp\" sizes=\"(min-width: 0px) and (max-width: 480px) 480px, (min-width: 481px) and (max-width: 980px) 980px, (min-width: 981px) 1024px, 100vw\" srcset=\"https:\/\/hzpt.com\/wp-content\/uploads\/2023\/08\/China-Hydraulic-Cylinder-Manufacturers-2-1024x768.webp 1024w, https:\/\/hzpt.com\/wp-content\/uploads\/2023\/08\/China-Hydraulic-Cylinder-Manufacturers-2-980x735.webp 980w, https:\/\/hzpt.com\/wp-content\/uploads\/2023\/08\/China-Hydraulic-Cylinder-Manufacturers-2-480x360.webp 480w\" alt=\"Chi\u0144scy producenci cylindr\u00f3w hydraulicznych\" width=\"1024\" height=\"768\" \/><\/td>\n<\/tr>\n<\/tbody>\n<\/table>\n<p>&nbsp;<\/p>\n<p>&nbsp;<\/p>","protected":false},"excerpt":{"rendered":"<p>CX Series Homotaxial Compact Hydraulic Cylinder The CX series homotaxial compact hydraulic cylinder is a cutting-edge hydraulic component designed to provide efficient and reliable power transmission in a wide range of industrial applications. With its compact design, superior performance, and durability, this hydraulic cylinder offers precise control and versatility. Whether used in manufacturing, material handling, [&hellip;]<\/p>","protected":false},"featured_media":1268,"comment_status":"open","ping_status":"closed","template":"","meta":{"_et_pb_use_builder":"","_et_pb_old_content":"","_et_gb_content_width":""},"product_brand":[],"product_cat":[1526,1550,1376],"product_tag":[1380],"class_list":{"0":"post-1266","1":"product","2":"type-product","3":"status-publish","4":"has-post-thumbnail","6":"product_cat-assembly-line-hydraulic-cylinders","7":"product_cat-double-acting-hydraulic-cylinder","8":"product_cat-hydraulic-cylinder","9":"product_tag-hydraulic-cylinder","11":"first","12":"instock","13":"shipping-taxable","14":"product-type-simple"},"amp_enabled":true,"_links":{"self":[{"href":"https:\/\/www.hydraulic-cylinders.net\/pl\/wp-json\/wp\/v2\/product\/1266","targetHints":{"allow":["GET"]}}],"collection":[{"href":"https:\/\/www.hydraulic-cylinders.net\/pl\/wp-json\/wp\/v2\/product"}],"about":[{"href":"https:\/\/www.hydraulic-cylinders.net\/pl\/wp-json\/wp\/v2\/types\/product"}],"replies":[{"embeddable":true,"href":"https:\/\/www.hydraulic-cylinders.net\/pl\/wp-json\/wp\/v2\/comments?post=1266"}],"wp:featuredmedia":[{"embeddable":true,"href":"https:\/\/www.hydraulic-cylinders.net\/pl\/wp-json\/wp\/v2\/media\/1268"}],"wp:attachment":[{"href":"https:\/\/www.hydraulic-cylinders.net\/pl\/wp-json\/wp\/v2\/media?parent=1266"}],"wp:term":[{"taxonomy":"product_brand","embeddable":true,"href":"https:\/\/www.hydraulic-cylinders.net\/pl\/wp-json\/wp\/v2\/product_brand?post=1266"},{"taxonomy":"product_cat","embeddable":true,"href":"https:\/\/www.hydraulic-cylinders.net\/pl\/wp-json\/wp\/v2\/product_cat?post=1266"},{"taxonomy":"product_tag","embeddable":true,"href":"https:\/\/www.hydraulic-cylinders.net\/pl\/wp-json\/wp\/v2\/product_tag?post=1266"}],"curies":[{"name":"wp","href":"https:\/\/api.w.org\/{rel}","templated":true}]}}