{"id":14176,"date":"2024-12-12T08:25:11","date_gmt":"2024-12-12T08:25:11","guid":{"rendered":"https:\/\/www.hydraulic-cylinders.net\/product\/replacement-of-ahc18726-hydraulic-cylinder\/"},"modified":"2024-12-12T08:25:14","modified_gmt":"2024-12-12T08:25:14","slug":"replacement-of-ahc18726-hydraulic-cylinder","status":"publish","type":"product","link":"https:\/\/www.hydraulic-cylinders.net\/pl\/produkt\/replacement-of-ahc18726-hydraulic-cylinder\/","title":{"rendered":"Wymiana cylindra hydraulicznego AHC18726"},"content":{"rendered":"<h1>Wymiana cylindra hydraulicznego AHC18726<\/h1>\n<p>Najpierw przedstawmy produkt i zdefiniujmy, czym jest ten si\u0142ownik hydrauliczny oraz jakie jest jego przeznaczenie. Zamiennik si\u0142ownika hydraulicznego AHC18726 to kluczowy element stosowany w r\u00f3\u017cnych modelach, w tym 6080A E-CUT, 6080A PRECISIONCUT, 6700A PRECISIONCUT, 7500A E-CUT, 7500A PRECISIONCUT, 7700A PRECISIONCUT, 8000A E-CUT, 8700A PRECISIONCUT, 8800A i 8900A. Wa\u017cy on 7,02 funta (3,5 cala) i ma wymiary 3,5 cala (wysoko\u015b\u0107), 4 cale (szeroko\u015b\u0107) i 12 cali (d\u0142ugo\u015b\u0107).<\/p>\n<h2>Specyfikacje i modele<\/h2>\n<p>Zamiennik cylindra hydraulicznego AHC18726 ma nast\u0119puj\u0105ce parametry:<\/p>\n<ul>\n<li>Waga: 7,02 funta<\/li>\n<li>Wysoko\u015b\u0107: 3,5 cala<\/li>\n<li>Szeroko\u015b\u0107: 4 cale<\/li>\n<li>D\u0142ugo\u015b\u0107: 12 cali<\/li>\n<\/ul>\n<p>Ten si\u0142ownik hydrauliczny jest kompatybilny z nast\u0119puj\u0105cymi modelami:<\/p>\n<ul>\n<li>6080A E-CUT<\/li>\n<li>6080A PRECISIONCUT<\/li>\n<li>6700A PRECISIONCUT<\/li>\n<li>7500A E-CUT<\/li>\n<li>7500A PRECISIONCUT<\/li>\n<li>7700A PRECISIONCUT<\/li>\n<li>8000A E-CUT<\/li>\n<li>8700A PRECISIONCUT<\/li>\n<li>8800A<\/li>\n<li>8900A<\/li>\n<\/ul>\n<h2>G\u0142\u00f3wne cechy<\/h2>\n<p>Zamiennik cylindra hydraulicznego AHC18726 oferuje nast\u0119puj\u0105ce kluczowe cechy:<\/p>\n<ol>\n<li>Poprawa wydajno\u015bci sprz\u0119tu: Wymiana uszkodzonych lub zu\u017cytych cylindr\u00f3w hydraulicznych pozwala przywr\u00f3ci\u0107 normaln\u0105 zdolno\u015b\u0107 operacyjn\u0105 sprz\u0119tu i zapewni\u0107 jego wydajno\u015b\u0107 w r\u00f3\u017cnych zastosowaniach.<\/li>\n<li>Wi\u0119ksze bezpiecze\u0144stwo: Regularna wymiana cylindr\u00f3w hydraulicznych mo\u017ce zmniejszy\u0107 zagro\u017cenia bezpiecze\u0144stwa spowodowane awariami cylindr\u00f3w, zapewniaj\u0105c bezpiecze\u0144stwo operator\u00f3w i sprz\u0119tu.<\/li>\n<li>Zabezpieczenie przed przeci\u0105\u017ceniem: Nowe konstrukcje cylindr\u00f3w cz\u0119sto zawieraj\u0105 lepsze mechanizmy zabezpieczaj\u0105ce przed przeci\u0105\u017ceniem, co poprawia bezpiecze\u0144stwo.<\/li>\n<li>Szybka instalacja: Nowoczesne si\u0142owniki hydrauliczne s\u0105 zaprojektowane tak, aby ich instalacja i wymiana by\u0142y \u0142atwe, co redukuje przestoje.<\/li>\n<li>Standaryzowane komponenty: Wiele si\u0142ownik\u00f3w hydraulicznych to produkty standaryzowane, co u\u0142atwia dost\u0119p do cz\u0119\u015bci zamiennych na rynku.<\/li>\n<\/ol>\n<p>Jeste\u015bmy w stanie wyprodukowa\u0107 ten produkt i zaoferowa\u0107 idealny zamiennik dla tych cylindr\u00f3w hydraulicznych.<\/p>\n<h2>Aplikacje<\/h2>\n<p>Zamiennik cylindra hydraulicznego AHC18726 znajduje zastosowanie w r\u00f3\u017cnych scenariuszach, w tym:<\/p>\n<ol>\n<li>Koparki: Si\u0142owniki hydrauliczne na ramionach lub \u0142y\u017ckach koparki mog\u0105 ulec uszkodzeniu na skutek d\u0142ugotrwa\u0142ego u\u017cytkowania lub przeci\u0105\u017cenia. W takim przypadku konieczna mo\u017ce by\u0107 wymiana w celu przywr\u00f3cenia normalnej pracy.<\/li>\n<li>D\u017awigi: Si\u0142owniki hydrauliczne na wysi\u0119gnikach d\u017awig\u00f3w ulegaj\u0105 zu\u017cyciu podczas cz\u0119stego podnoszenia i opuszczania, co sprawia, \u017ce \u200b\u200bkonieczna jest ich regularna wymiana ze wzgl\u0119d\u00f3w bezpiecze\u0144stwa.<\/li>\n<li>Ci\u0105gniki: Si\u0142owniki hydrauliczne w \u0142adowarkach czo\u0142owych ci\u0105gnik\u00f3w mog\u0105 wykazywa\u0107 nieszczelno\u015bci lub ich wydajno\u015b\u0107 mo\u017ce si\u0119 pogorszy\u0107 podczas ci\u0105g\u0142ych operacji podnoszenia i przechylania, co mo\u017ce wymaga\u0107 wymiany.<\/li>\n<li>Kombajny: Si\u0142owniki hydrauliczne w procesach zbior\u00f3w s\u0105 poddawane dzia\u0142aniu wysokiego ci\u015bnienia, co mo\u017ce powodowa\u0107 uszkodzenia zm\u0119czeniowe, dlatego szybka wymiana zapewnia wydajno\u015b\u0107 pracy.<\/li>\n<li>Zautomatyzowane linie produkcyjne: Si\u0142owniki hydrauliczne s\u0142u\u017c\u0105 do sterowania ramionami robot\u00f3w i innymi urz\u0105dzeniami zautomatyzowanymi. Awaria si\u0142ownika mo\u017ce wp\u0142yn\u0105\u0107 na wydajno\u015b\u0107 produkcji i wymaga\u0107 natychmiastowej wymiany.<\/li>\n<li>Maszyny odlewnicze: Cylindry hydrauliczne w maszynach odlewniczych mog\u0105 ulec pogorszeniu wydajno\u015bci w warunkach wysokiego ci\u015bnienia i temperatury. Regularna wymiana zapewnia jako\u015b\u0107 produktu.<\/li>\n<li>Sprz\u0119t g\u00f3rniczy: Cylindry hydrauliczne s\u0142u\u017c\u0105 do podnoszenia i przenoszenia ci\u0119\u017ckich \u0142adunk\u00f3w w sprz\u0119cie g\u00f3rniczym. Ze wzgl\u0119du na trudne warunki pracy, regularne przegl\u0105dy i wymiana s\u0105 niezb\u0119dne, aby unikn\u0105\u0107 awarii sprz\u0119tu.<\/li>\n<li>Spycharki: Zu\u017cycie cylindr\u00f3w hydraulicznych w ramionach pchaj\u0105cych spycharki mo\u017ce prowadzi\u0107 do zmniejszenia wydajno\u015bci pchania, co wymaga terminowej wymiany w celu utrzymania wydajno\u015bci operacyjnej.<\/li>\n<\/ol>\n<h2>Zadania konserwacyjne<\/h2>\n<p>Regularne zadania konserwacyjne zwi\u0105zane z wymian\u0105 cylindra hydraulicznego AHC18726 obejmuj\u0105:<\/p>\n<ol>\n<li>Kontrole okresowe: Regularne sprawdzanie cylindra hydraulicznego pod k\u0105tem oznak zu\u017cycia, wyciek\u00f3w lub innych problem\u00f3w.<\/li>\n<li>W\u0142a\u015bciwe smarowanie: nale\u017cy zadba\u0107 o odpowiednie smarowanie cylindra hydraulicznego w\u0142a\u015bciwym olejem hydraulicznym.<\/li>\n<li>Wymiana uszczelek i kontrola kalibracji: wymiana zu\u017cytych uszczelek i przeprowadzanie kontroli kalibracji w celu utrzymania optymalnej wydajno\u015bci.<\/li>\n<\/ol>\n<p>Podczas procesu instalacji wa\u017cne jest zapewnienie odpowiednich wskaz\u00f3wek dotycz\u0105cych ustawienia cylindra i zalecenie u\u017cycia odpowiednich wspornik\u00f3w monta\u017cowych w celu jego zabezpieczenia. Oferujemy r\u00f3wnie\u017c procedury kontroli, naprawy i wymiany, a tak\u017ce us\u0142ugi wymiany i regeneracji podzespo\u0142\u00f3w, aby wyd\u0142u\u017cy\u0107 \u017cywotno\u015b\u0107 cylindra hydraulicznego.<\/p>\n<h2>Zagadnienia bezpiecze\u0144stwa i czynniki \u015brodowiskowe<\/h2>\n<p>Podczas korzystania z zamiennika cylindra hydraulicznego AHC18726, priorytetem jest zapewnienie bezpiecze\u0144stwa. Prawid\u0142owa obs\u0142uga i u\u017cytkowanie cylindra hydraulicznego mo\u017ce zapobiec wypadkom i zapewni\u0107 bezpiecze\u0144stwo operatorom. Ponadto, uwzgl\u0119dnienie czynnik\u00f3w \u015brodowiskowych podczas u\u017cytkowania cylindra mo\u017ce przyczyni\u0107 si\u0119 do zr\u00f3wnowa\u017conego rozwoju i zminimalizowa\u0107 negatywny wp\u0142yw na \u015brodowisko.<\/p>\n<h2>Rozwi\u0105zywanie problem\u00f3w i typowe problemy<\/h2>\n<p>Poni\u017cej przedstawiono potencjalne scenariusze rozwi\u0105zywania problem\u00f3w i typowe problemy zwi\u0105zane z wymian\u0105 cylindra hydraulicznego AHC18726:<\/p>\n<ol>\n<li>Wyciek: Je\u017celi w cylindrze hydraulicznym wyst\u0119puje nieszczelno\u015b\u0107, mo\u017ce to oznacza\u0107 uszkodzenie uszczelki lub innych element\u00f3w wewn\u0119trznych.<\/li>\n<li>Brak mocy: Niedostateczna moc podczas pracy mo\u017ce by\u0107 wynikiem zu\u017cycia lub uszkodzenia cylindra hydraulicznego.<\/li>\n<li>Wolna praca: Je\u015bli si\u0142ownik hydrauliczny pracuje wolniej ni\u017c zwykle, mo\u017ce to by\u0107 spowodowane brakiem odpowiedniego smarowania lub uszkodzeniem wewn\u0119trznym.<\/li>\n<li>Nietypowe ha\u0142asy: Nietypowe ha\u0142asy dochodz\u0105ce podczas pracy cylindra mog\u0105 wskazywa\u0107 na wewn\u0119trzne uszkodzenie lub niewsp\u00f3\u0142osiowo\u015b\u0107.<\/li>\n<li>Nier\u00f3wnomierny ruch: Je\u017celi ruch cylindra hydraulicznego jest nier\u00f3wnomierny lub szarpany, przyczyn\u0105 mo\u017ce by\u0107 niesprawne dzia\u0142anie zaworu lub t\u0142oka.<\/li>\n<\/ol>\n<p>W celu rozwi\u0105zania problemu zaleca si\u0119 sprawdzenie uk\u0142adu hydraulicznego, uszczelek i po\u0142\u0105cze\u0144. Prawid\u0142owa konserwacja i terminowe naprawy mog\u0105 pom\u00f3c w rozwi\u0105zaniu tych problem\u00f3w i zapewnieniu optymalnej wydajno\u015bci.<\/p>\n<p><img decoding=\"async\" src=\"https:\/\/www.hydraulic-cylinders.net\/wp-content\/uploads\/2024\/12\/Replacement-Of-John-Deere-Hydraulic-Cylinder-7.webp\" alt=\"Obraz cylindra hydraulicznego\"\/><\/p>\n<h2>Zagadnienia projektowe i kryteria wyboru<\/h2>\n<p>Przy rozwa\u017caniu projektu zamiennika cylindra hydraulicznego AHC18726 nale\u017cy wzi\u0105\u0107 pod uwag\u0119 kilka czynnik\u00f3w:<\/p>\n<ol>\n<li>No\u015bno\u015b\u0107: Si\u0142ownik hydrauliczny powinien by\u0107 w stanie wytrzyma\u0107 przewidywane obci\u0105\u017cenia bez ryzyka awarii.<\/li>\n<li>Uszczelnienie: Aby zagwarantowa\u0107 w\u0142a\u015bciwe uszczelnienie i zapobiec wyciekom, nale\u017cy stosowa\u0107 wysokiej jako\u015bci uszczelki, takie jak uszczelki t\u0142okowe i uszczelki t\u0142oczyskowe.<\/li>\n<li>Trwa\u0142o\u015b\u0107: Cylinder powinien by\u0107 zaprojektowany w taki spos\u00f3b, aby wytrzyma\u0142 przewidywane warunki pracy i zapewnia\u0142 d\u0142ugotrwa\u0142\u0105 wydajno\u015b\u0107.<\/li>\n<li>Bezpiecze\u0144stwo: w\u0142\u0105czanie<br \/>","protected":false},"excerpt":{"rendered":"<p>Replacement Of AHC18726 Hydraulic Cylinder First, let&#8217;s introduce the product and define what this hydraulic cylinder is and its purpose. The Replacement Of AHC18726 Hydraulic Cylinder is a crucial component used in various models, including 6080A E-CUT, 6080A PRECISIONCUT, 6700A PRECISIONCUT, 7500A E-CUT, 7500A PRECISIONCUT, 7700A PRECISIONCUT, 8000A E-CUT, 8700A PRECISIONCUT, 8800A, and 8900A. It [&hellip;]<\/p>","protected":false},"featured_media":11584,"comment_status":"open","ping_status":"closed","template":"","meta":{"_et_pb_use_builder":"","_et_pb_old_content":"","_et_gb_content_width":""},"product_brand":[],"product_cat":[1489],"product_tag":[1380,1490,1491],"class_list":{"0":"post-14176","1":"product","2":"type-product","3":"status-publish","4":"has-post-thumbnail","6":"product_cat-replacement-of-john-deere-hydraulic-cylinder","7":"product_tag-hydraulic-cylinder","8":"product_tag-replacement-of-hydraulic-cylinder","9":"product_tag-replacemet-of-john-deere-hydraulic-cylinder","11":"first","12":"instock","13":"shipping-taxable","14":"product-type-simple"},"amp_enabled":true,"_links":{"self":[{"href":"https:\/\/www.hydraulic-cylinders.net\/pl\/wp-json\/wp\/v2\/product\/14176","targetHints":{"allow":["GET"]}}],"collection":[{"href":"https:\/\/www.hydraulic-cylinders.net\/pl\/wp-json\/wp\/v2\/product"}],"about":[{"href":"https:\/\/www.hydraulic-cylinders.net\/pl\/wp-json\/wp\/v2\/types\/product"}],"replies":[{"embeddable":true,"href":"https:\/\/www.hydraulic-cylinders.net\/pl\/wp-json\/wp\/v2\/comments?post=14176"}],"wp:featuredmedia":[{"embeddable":true,"href":"https:\/\/www.hydraulic-cylinders.net\/pl\/wp-json\/wp\/v2\/media\/11584"}],"wp:attachment":[{"href":"https:\/\/www.hydraulic-cylinders.net\/pl\/wp-json\/wp\/v2\/media?parent=14176"}],"wp:term":[{"taxonomy":"product_brand","embeddable":true,"href":"https:\/\/www.hydraulic-cylinders.net\/pl\/wp-json\/wp\/v2\/product_brand?post=14176"},{"taxonomy":"product_cat","embeddable":true,"href":"https:\/\/www.hydraulic-cylinders.net\/pl\/wp-json\/wp\/v2\/product_cat?post=14176"},{"taxonomy":"product_tag","embeddable":true,"href":"https:\/\/www.hydraulic-cylinders.net\/pl\/wp-json\/wp\/v2\/product_tag?post=14176"}],"curies":[{"name":"wp","href":"https:\/\/api.w.org\/{rel}","templated":true}]}}