{"id":1419,"date":"2023-09-18T08:45:51","date_gmt":"2023-09-18T08:45:51","guid":{"rendered":"https:\/\/hydraulic-cylinders.net\/?post_type=product&#038;p=1419"},"modified":"2025-04-11T02:57:05","modified_gmt":"2025-04-11T02:57:05","slug":"40-mdc-series-compact-mold-cylinder","status":"publish","type":"product","link":"https:\/\/www.hydraulic-cylinders.net\/pl\/produkt\/40-mdc-series-compact-mold-cylinder\/","title":{"rendered":"Kompaktowy cylinder formy serii 40 MDC"},"content":{"rendered":"<h1 style=\"text-align: center;\"><strong>Kompaktowy cylinder formy serii 40 MDC<\/strong><\/h1>\n<p>Kompaktowy si\u0142ownik formuj\u0105cy serii 40 MDC to wydajny i wszechstronny si\u0142ownik hydrauliczny zaprojektowany specjalnie do zastosowa\u0144 w t\u0142ocznikach. Dzi\u0119ki kompaktowej konstrukcji, doskona\u0142ej wydajno\u015bci i trwa\u0142ej konstrukcji, si\u0142ownik ten zapewnia niezawodn\u0105 i precyzyjn\u0105 prac\u0119 w r\u00f3\u017cnorodnych \u015brodowiskach przemys\u0142owych. Niezale\u017cnie od tego, czy jest stosowany we wtryskarkach, urz\u0105dzeniach do odlewania ci\u015bnieniowego, czy innych zastosowaniach zwi\u0105zanych z t\u0142ocznikami, kompaktowy si\u0142ownik formuj\u0105cy 40 MDC oferuje wyj\u0105tkow\u0105 funkcjonalno\u015b\u0107 i wydajno\u015b\u0107.<\/p>\n<p>\u00b7 MDC to kompaktowy si\u0142ownik hydrauliczny (cx) ze skrzynk\u0105 elektryczn\u0105 i pr\u0119tem centruj\u0105cym, s\u0142u\u017c\u0105cy do dok\u0142adnego kontrolowania po\u0142o\u017cenia neutron\u00f3w w formie.<br \/>\n\u00b7 Si\u0142ownik hydrauliczny przeznaczony do stosowania w formach do tworzyw sztucznych.<\/p>\n<p><img loading=\"lazy\" decoding=\"async\" class=\"aligncenter wp-image-323230\" src=\"https:\/\/hzpt.com\/wp-content\/uploads\/2023\/09\/mdc-compact-hydraulic-cylinder-7.webp\" alt=\"40-kompaktowy-cylinder-formy-parametr-1 \" width=\"400\" height=\"400\" \/><\/p>\n<h2><strong>Opis modelu cylindra formy kompaktowej:<\/strong><\/h2>\n<p><img loading=\"lazy\" decoding=\"async\" class=\"alignnone size-full wp-image-323234\" src=\"https:\/\/hzpt.com\/wp-content\/uploads\/2023\/09\/mdc-compact-hydraulic-cylinder-2.webp\" alt=\"\" width=\"966\" height=\"882\" \/><\/p>\n<h2><strong>Dane charakterystyczne cylindra formy kompaktowej:<\/strong><\/h2>\n<p><img loading=\"lazy\" decoding=\"async\" class=\"alignnone size-full wp-image-323236\" src=\"https:\/\/hzpt.com\/wp-content\/uploads\/2023\/09\/mdc-compact-hydraulic-cylinder-3-1.webp\" alt=\"\" width=\"899\" height=\"262\" \/><\/p>\n<h2><strong>Schemat struktury cylindra formy kompaktowej:<\/strong><\/h2>\n<p><img loading=\"lazy\" decoding=\"async\" class=\"alignnone size-full wp-image-323250\" src=\"https:\/\/hzpt.com\/wp-content\/uploads\/2023\/09\/mdc-compact-hydraulic-cylinder-4-1.webp\" alt=\"\" width=\"737\" height=\"808\" \/><\/p>\n<h2><strong>Diagram rozmiar\u00f3w po\u0142\u0105cze\u0144 t\u0142oczysk:<\/strong><\/h2>\n<p><img loading=\"lazy\" decoding=\"async\" class=\"alignnone size-large wp-image-323239\" src=\"https:\/\/hzpt.com\/wp-content\/uploads\/2023\/09\/mdc-compact-hydraulic-cylinder-5-787x1024.webp\" alt=\"\" width=\"787\" height=\"1024\" \/><\/p>\n<h2><strong>Pozycja klamry skrzynki elektrycznej, pozycja portu olejowego i pozycja wyj\u015bcia rozdzielczego:<\/strong><\/h2>\n<p><img loading=\"lazy\" decoding=\"async\" class=\"alignnone size-large wp-image-323241\" src=\"https:\/\/hzpt.com\/wp-content\/uploads\/2023\/09\/mdc-compact-hydraulic-cylinder-6-616x1024.webp\" alt=\"\" width=\"616\" height=\"1024\" \/><\/p>\n<h2><strong>Parametry kompaktowego cylindra formy serii 40 MDC:<\/strong><\/h2>\n<p><img loading=\"lazy\" decoding=\"async\" class=\"alignnone size-large wp-image-323251\" src=\"https:\/\/hzpt.com\/wp-content\/uploads\/2023\/09\/mdc-compact-hydraulic-cylinder-8-1-941x1024.webp\" alt=\"\" width=\"941\" height=\"1024\" \/><\/p>\n<h2><strong>Kompaktowy cylinder formy serii 40 MDC <\/strong><strong>Metoda u\u017cycia<\/strong><strong>:<\/strong><\/h2>\n<ol>\n<li><strong>Monta\u017c i instalacja:<\/strong>\n<ul>\n<li>Okre\u015bl odpowiedni\u0105 pozycj\u0119 monta\u017cow\u0105 dla kompaktowych cylindr\u00f3w formuj\u0105cych serii 32 MDC zgodnie z wymaganiami konkretnego zastosowania formy.<\/li>\n<li>Upewnij si\u0119, \u017ce cylinder jest solidnie zamontowany, stabilny i wytrzyma\u0142y, aby zapobiec wibracjom lub przemieszczeniom podczas pracy.<\/li>\n<\/ul>\n<\/li>\n<li><strong>Pod\u0142\u0105czenie do uk\u0142adu hydraulicznego:<\/strong>\n<ul>\n<li>Pod\u0142\u0105cz si\u0142ownik hydrauliczny do uk\u0142adu hydraulicznego za pomoc\u0105 kompatybilnego w\u0119\u017ca lub rury hydraulicznej.<\/li>\n<li>Aby zapobiec wyciekom i zagwarantowa\u0107 optymaln\u0105 wydajno\u015b\u0107, nale\u017cy zadba\u0107 o prawid\u0142owe ustawienie, szczelne po\u0142\u0105czenia i odpowiednie okucia.<\/li>\n<\/ul>\n<\/li>\n<li><strong>Operacje formowania:<\/strong>\n<ul>\n<li>Aktywuj uk\u0142ad hydrauliczny, aby rozpocz\u0105\u0107 ruch kompaktowego cylindra serii 32 MDC.<\/li>\n<li>Do sterowania precyzyjnymi czynno\u015bciami formy, w tym otwieraniem, zamykaniem i zaciskaniem, nale\u017cy u\u017cywa\u0107 hydraulicznych uk\u0142ad\u00f3w sterowania, takich jak zawory lub prze\u0142\u0105czniki.<\/li>\n<\/ul>\n<\/li>\n<\/ol>\n<h2><strong>Jak odpowietrzy\u0107 si\u0142ownik hydrauliczny w wywrotce?<\/strong><\/h2>\n<p>Aby zdemontowa\u0107 cylinder hydrauliczny, nale\u017cy wykona\u0107 nast\u0119puj\u0105ce og\u00f3lne czynno\u015bci:<\/p>\n<ol>\n<li><strong>\u015arodki ostro\u017cno\u015bci:<\/strong>\n<ul>\n<li>Przed rozpocz\u0119ciem pracy nale\u017cy upewni\u0107 si\u0119, \u017ce uk\u0142ad hydrauliczny jest rozhermetyzowany i od\u0142\u0105czony od \u017ar\u00f3d\u0142a zasilania.<\/li>\n<li>Aby zabezpieczy\u0107 si\u0119 przed potencjalnymi zagro\u017ceniami, nale\u017cy stosowa\u0107 odpowiedni sprz\u0119t ochrony osobistej, taki jak r\u0119kawice i okulary ochronne.<\/li>\n<\/ul>\n<\/li>\n<li><strong>Pozycjonowanie i wsparcie:<\/strong>\n<ul>\n<li>Umie\u015b\u0107 si\u0142ownik hydrauliczny na stabilnej powierzchni roboczej, upewniaj\u0105c si\u0119, \u017ce jest odpowiednio podparty, aby zapobiec przypadkowemu ruchowi lub uszkodzeniu.<\/li>\n<\/ul>\n<\/li>\n<li><strong>Usu\u0144 komponenty zewn\u0119trzne:<\/strong>\n<ul>\n<li>Od\u0142\u0105cz wszystkie zewn\u0119trzne elementy przymocowane do cylindra, takie jak w\u0119\u017ce, z\u0142\u0105czki lub wsporniki monta\u017cowe.<\/li>\n<li>Do delikatnego odkr\u0119cania i wyjmowania tych element\u00f3w nale\u017cy u\u017cywa\u0107 odpowiednich narz\u0119dzi, np. kluczy lub szczypiec.<\/li>\n<\/ul>\n<\/li>\n<li><strong>Spuszczanie p\u0142ynu hydraulicznego:<\/strong>\n<ul>\n<li>Znajd\u017a korek spustowy lub zaw\u00f3r na cylindrze i wyjmij go, aby umo\u017cliwi\u0107 spuszczenie p\u0142ynu hydraulicznego do odpowiedniego pojemnika.<\/li>\n<li>Umie\u015bci\u0107 cylinder w spos\u00f3b umo\u017cliwiaj\u0105cy ca\u0142kowite opr\u00f3\u017cnienie.<\/li>\n<\/ul>\n<\/li>\n<li><strong>Demonta\u017c za\u015blepek:<\/strong>\n<ul>\n<li>Zidentyfikuj za\u015blepki cylindra hydraulicznego. Zazwyczaj znajduj\u0105 si\u0119 one na obu ko\u0144cach korpusu cylindra.<\/li>\n<li>Wyjmij \u015bruby, wkr\u0119ty lub elementy mocuj\u0105ce, zabezpieczaj\u0105c za\u015blepki za pomoc\u0105 odpowiednich narz\u0119dzi.<\/li>\n<li>W razie konieczno\u015bci delikatnie uderz w za\u015blepki gumowym m\u0142otkiem, aby usun\u0105\u0107 wszelkie uszczelnienia lub po\u0142\u0105czenia klejowe.<\/li>\n<\/ul>\n<\/li>\n<li><strong>Oddzielne elementy cylindra:<\/strong>\n<ul>\n<li>Po zdj\u0119ciu za\u015blepek ostro\u017cnie wysu\u0144 t\u0142ok i t\u0142oczysko z cylindra.<\/li>\n<li>Nale\u017cy zwr\u00f3ci\u0107 uwag\u0119 na wszelkie uszczelki, \u0142o\u017cyska lub tuleje i w razie potrzeby je usun\u0105\u0107.<\/li>\n<li>Zwr\u00f3\u0107 uwag\u0119 na kolejno\u015b\u0107 i orientacj\u0119 komponent\u00f3w, aby u\u0142atwi\u0107 ponowny monta\u017c.<\/li>\n<\/ul>\n<\/li>\n<li><strong>Kontrola i czyszczenie komponent\u00f3w:<\/strong>\n<ul>\n<li>Sprawd\u017a ka\u017cdy zdemontowany element pod k\u0105tem \u015blad\u00f3w zu\u017cycia, uszkodzenia lub zanieczyszczenia.<\/li>\n<li>Wyczy\u015b\u0107 wszystkie elementy za pomoc\u0105 odpowiedniego rozpuszczalnika lub \u015brodka czyszcz\u0105cego, aby usun\u0105\u0107 brud, zanieczyszczenia i stary \u015brodek smarny.<\/li>\n<li>Delikatnie wyczy\u015b\u0107 powierzchnie mi\u0119kk\u0105 \u015bciereczk\u0105 lub szczotk\u0105, nie powoduj\u0105c przy tym \u017cadnych uszkodze\u0144.<\/li>\n<\/ul>\n<\/li>\n<li><strong>Wymie\u0144 lub napraw komponenty:<\/strong>\n<ul>\n<li>Je\u015bli jakiekolwiek podzespo\u0142y wykazuj\u0105 znaczne zu\u017cycie lub uszkodzenie, nale\u017cy rozwa\u017cy\u0107 ich wymian\u0119 na nowe.<\/li>\n<li>Naprawa lub odbudowa podzespo\u0142\u00f3w, np. wymiana uszczelek lub regeneracja t\u0142oczyska.<\/li>\n<\/ul>\n<\/li>\n<li><strong>Ponowny monta\u017c:<\/strong>\n<ul>\n<li>Aby ponownie z\u0142o\u017cy\u0107 cylinder hydrauliczny, nale\u017cy wykona\u0107 czynno\u015bci demonta\u017cu w odwrotnej kolejno\u015bci, zwracaj\u0105c uwag\u0119 na w\u0142a\u015bciwe wyr\u00f3wnanie i orientacj\u0119 podzespo\u0142\u00f3w.<\/li>\n<li>Podczas ponownego monta\u017cu nale\u017cy nasmarowa\u0107 odpowiednie cz\u0119\u015bci zalecanym p\u0142ynem hydraulicznym lub \u015brodkiem smarnym.<\/li>\n<li>Dokr\u0119\u0107 wszystkie elementy mocuj\u0105ce zgodnie ze specyfikacj\u0105 producenta, w razie potrzeby u\u017cywaj\u0105c klucza dynamometrycznego.<\/li>\n<\/ul>\n<\/li>\n<li><strong>Testowanie i kontrola:<\/strong><\/li>\n<\/ol>\n<ul>\n<li>Po ponownym z\u0142o\u017ceniu nale\u017cy przeprowadzi\u0107 dok\u0142adn\u0105 kontrol\u0119, aby mie\u0107 pewno\u015b\u0107, \u017ce wszystkie elementy s\u0105 prawid\u0142owo wyr\u00f3wnane i zabezpieczone.<\/li>\n<li>Przeprowad\u017a kontrolowany test si\u0142ownika hydraulicznego, aby zweryfikowa\u0107 jego funkcjonalno\u015b\u0107 i sprawdzi\u0107, czy nie ma wyciek\u00f3w lub nieprawid\u0142owego dzia\u0142ania.<\/li>\n<\/ul>\n<h2><strong>Mo\u017cliwo\u015bci i pojemno\u015b\u0107 fabryki:<\/strong><\/h2>\n<h3>(1) Monta\u017c<\/h3>\n<p>Dysponujemy najwy\u017cszej klasy niezale\u017cn\u0105 platform\u0105 badawczo-rozwojow\u0105. Warsztat produkcji si\u0142ownik\u00f3w hydraulicznych posiada cztery p\u00f3\u0142automatyczne linie monta\u017cowe si\u0142ownik\u00f3w podnosz\u0105cych i jedn\u0105 automatyczn\u0105 lini\u0119 monta\u017cow\u0105 si\u0142ownik\u00f3w przechy\u0142u, o projektowanej rocznej zdolno\u015bci produkcyjnej 1 miliona sztuk. Specjalny warsztat cylindr\u00f3w jest wyposa\u017cony w r\u00f3\u017cne specyfikacje p\u00f3\u0142automatycznego systemu monta\u017cu czyszcz\u0105cego o projektowanej rocznej zdolno\u015bci produkcyjnej 200 000 i wyposa\u017cony w s\u0142ynny sprz\u0119t do obr\u00f3bki CNC, centrum obr\u00f3bcze, specjalny sprz\u0119t do precyzyjnej obr\u00f3bki cylindr\u00f3w, robot spawalniczy, automatyczna maszyna czyszcz\u0105ca, automatyczna maszyna do monta\u017cu cylindr\u00f3w i automatyczna linia produkcyjna do malowania. Istniej\u0105cy krytyczny sprz\u0119t sk\u0142ada si\u0119 z ponad 300 zestaw\u00f3w. Optymalna alokacja i efektywne wykorzystanie zasob\u00f3w sprz\u0119towych zapewniaj\u0105 wymagania dotycz\u0105ce dok\u0142adno\u015bci produkt\u00f3w i spe\u0142niaj\u0105 potrzeby wysokiej jako\u015bci produkt\u00f3w.<\/p>\n<p><img loading=\"lazy\" decoding=\"async\" class=\"alignnone wp-image-626\" src=\"https:\/\/hydraulic-cylinders.net\/wp-content\/uploads\/2023\/08\/hydraulic-cylinder-product-1-300x158.webp\" alt=\"\" width=\"495\" height=\"260\" srcset=\"https:\/\/hydraulic-cylinders.net\/wp-content\/uploads\/2023\/08\/hydraulic-cylinder-product-1-300x158.webp 495w, https:\/\/hydraulic-cylinders.net\/wp-content\/uploads\/2023\/08\/hydraulic-cylinder-product-1-480x252.webp 480w\" sizes=\"(min-width: 0px) and (max-width: 480px) 480px, (min-width: 481px) 495px, 100vw\" \/> <img loading=\"lazy\" decoding=\"async\" class=\"alignnone wp-image-627\" src=\"https:\/\/hydraulic-cylinders.net\/wp-content\/uploads\/2023\/08\/hydraulic-cylinder-product-2-300x189.webp\" alt=\"\" width=\"413\" height=\"260\" \/><\/p>\n<h3>(2) Obr\u00f3bka<\/h3>\n<p>Warsztat obr\u00f3bki skrawaniem jest wyposa\u017cony w niestandardowe centrum tokarskie z pochylon\u0105 szyn\u0105, centrum obr\u00f3bcze, szybkobie\u017cn\u0105 honownic\u0119, robota spawalniczego i inny powi\u0105zany sprz\u0119t, kt\u00f3ry mo\u017ce obs\u0142ugiwa\u0107 przetwarzanie rur cylindrycznych o maksymalnej \u015brednicy wewn\u0119trznej 400 mm i maksymalnej d\u0142ugo\u015bci 6 metr\u00f3w.<\/p>\n<p><img loading=\"lazy\" decoding=\"async\" class=\"alignnone wp-image-628 size-large\" src=\"https:\/\/hydraulic-cylinders.net\/wp-content\/uploads\/2023\/08\/hydraulic-cylinder-product-3-1024x391.webp\" alt=\"\" width=\"1024\" height=\"391\" srcset=\"https:\/\/hydraulic-cylinders.net\/wp-content\/uploads\/2023\/08\/hydraulic-cylinder-product-3-980x374.webp 980w, https:\/\/hydraulic-cylinders.net\/wp-content\/uploads\/2023\/08\/hydraulic-cylinder-product-3-480x183.webp 480w\" sizes=\"(min-width: 0px) and (max-width: 480px) 480px, (min-width: 481px) and (max-width: 980px) 980px, (min-width: 981px) 1024px, 100vw\" \/><\/p>\n<h3>(3) Spawanie<\/h3>\n<p><img loading=\"lazy\" decoding=\"async\" class=\"alignnone wp-image-629 size-large\" src=\"https:\/\/hydraulic-cylinders.net\/wp-content\/uploads\/2023\/08\/hydraulic-cylinder-product-4-1024x510.webp\" alt=\"\" width=\"1024\" height=\"510\" srcset=\"https:\/\/hydraulic-cylinders.net\/wp-content\/uploads\/2023\/08\/hydraulic-cylinder-product-4-980x488.webp 980w, https:\/\/hydraulic-cylinders.net\/wp-content\/uploads\/2023\/08\/hydraulic-cylinder-product-4-480x239.webp 480w\" sizes=\"(min-width: 0px) and (max-width: 480px) 480px, (min-width: 481px) and (max-width: 980px) 980px, (min-width: 981px) 1024px, 100vw\" \/><\/p>\n<h3>(4) Malowanie i powlekanie<\/h3>\n<p>Z ma\u0142ymi i \u015brednimi automatycznymi liniami do powlekania farbami na bazie wody, w celu osi\u0105gni\u0119cia automatycznego za\u0142adunku i roz\u0142adunku robota oraz automatycznego natryskiwania, wydajno\u015b\u0107 projektowa 4000 sztuk na zmian\u0119;<br \/>\nPosiadamy r\u00f3wnie\u017c p\u00f3\u0142automatyczn\u0105 lini\u0119 do produkcji farb do du\u017cych cylindr\u00f3w nap\u0119dzan\u0105 \u0142a\u0144cuchem nap\u0119dowym, o wydajno\u015bci 60 skrzy\u0144 na zmian\u0119.<\/p>\n<p><img loading=\"lazy\" decoding=\"async\" class=\"alignnone wp-image-630\" src=\"https:\/\/hydraulic-cylinders.net\/wp-content\/uploads\/2023\/08\/hydraulic-cylinder-product-5-300x213.webp\" alt=\"\" width=\"366\" height=\"260\" \/> <img loading=\"lazy\" decoding=\"async\" class=\"alignnone wp-image-631\" src=\"https:\/\/hydraulic-cylinders.net\/wp-content\/uploads\/2023\/08\/hydraulic-cylinder-product-6-300x225.webp\" alt=\"\" width=\"347\" height=\"260\" \/><\/p>\n<h3>(5) Testowanie<\/h3>\n<p>Dysponujemy najwy\u017cszej klasy urz\u0105dzeniami kontrolnymi i stanowiskami testowymi, aby zapewni\u0107, \u017ce wydajno\u015b\u0107 cylindra spe\u0142nia wymagania.<\/p>\n<p><img loading=\"lazy\" decoding=\"async\" class=\"alignnone wp-image-632\" src=\"https:\/\/hydraulic-cylinders.net\/wp-content\/uploads\/2023\/08\/hydraulic-cylinder-product-8-300x200.webp\" alt=\"\" width=\"389\" height=\"260\" \/><\/p>\n<p>&nbsp;<\/p>\n<p>&nbsp;<\/p>\n<p>Jeste\u015bmy jednym z najlepszych producent\u00f3w kompaktowych si\u0142ownik\u00f3w hydraulicznych. Oferujemy kompleksow\u0105 ofert\u0119 kompaktowych si\u0142ownik\u00f3w hydraulicznych. Dostarczamy r\u00f3wnie\u017c\u2026 <a href=\"https:\/\/hzpt.com\/agricultural-pto-gearbox\/\" target=\"_blank\" rel=\"noopener\">przek\u0142adnie rolnicze<\/a>. Eksportowali\u015bmy nasze produkty do klient\u00f3w na ca\u0142ym \u015bwiecie i zdobyli\u015bmy dobr\u0105 reputacj\u0119 dzi\u0119ki najwy\u017cszej jako\u015bci produkt\u00f3w i us\u0142ug posprzeda\u017cnych. Zapraszamy klient\u00f3w w kraju i za granic\u0105 do kontaktu z nami w celu negocjacji biznesowych, wymiany informacji i <a href=\"https:\/\/www.hydraulic-cylinders.net\/pl\/contact-us\/\">wsp\u00f3\u0142pracowa\u0107 z nami<\/a>!<\/p>\n<h2><\/h2>","protected":false},"excerpt":{"rendered":"<p>40 MDC Series Compact Mold Cylinder The 40 MDC Series compact mold cylinder is an efficient and versatile hydraulic cylinder designed specifically for die applications. With its compact design, superior performance, and durable construction, this cylinder provides reliable and precise operation in a variety of industrial environments. Whether used in injection molding machines, die-casting equipment, [&hellip;]<\/p>","protected":false},"featured_media":1422,"comment_status":"open","ping_status":"closed","template":"","meta":{"_et_pb_use_builder":"","_et_pb_old_content":"","_et_gb_content_width":""},"product_brand":[],"product_cat":[1523,1549,1376],"product_tag":[1380],"class_list":{"0":"post-1419","1":"product","2":"type-product","3":"status-publish","4":"has-post-thumbnail","6":"product_cat-injection-molding-hydraulic-cylinders","7":"product_cat-single-acting-hydraulic-cylinder","8":"product_cat-hydraulic-cylinder","9":"product_tag-hydraulic-cylinder","11":"first","12":"instock","13":"shipping-taxable","14":"product-type-simple"},"amp_enabled":true,"_links":{"self":[{"href":"https:\/\/www.hydraulic-cylinders.net\/pl\/wp-json\/wp\/v2\/product\/1419","targetHints":{"allow":["GET"]}}],"collection":[{"href":"https:\/\/www.hydraulic-cylinders.net\/pl\/wp-json\/wp\/v2\/product"}],"about":[{"href":"https:\/\/www.hydraulic-cylinders.net\/pl\/wp-json\/wp\/v2\/types\/product"}],"replies":[{"embeddable":true,"href":"https:\/\/www.hydraulic-cylinders.net\/pl\/wp-json\/wp\/v2\/comments?post=1419"}],"wp:featuredmedia":[{"embeddable":true,"href":"https:\/\/www.hydraulic-cylinders.net\/pl\/wp-json\/wp\/v2\/media\/1422"}],"wp:attachment":[{"href":"https:\/\/www.hydraulic-cylinders.net\/pl\/wp-json\/wp\/v2\/media?parent=1419"}],"wp:term":[{"taxonomy":"product_brand","embeddable":true,"href":"https:\/\/www.hydraulic-cylinders.net\/pl\/wp-json\/wp\/v2\/product_brand?post=1419"},{"taxonomy":"product_cat","embeddable":true,"href":"https:\/\/www.hydraulic-cylinders.net\/pl\/wp-json\/wp\/v2\/product_cat?post=1419"},{"taxonomy":"product_tag","embeddable":true,"href":"https:\/\/www.hydraulic-cylinders.net\/pl\/wp-json\/wp\/v2\/product_tag?post=1419"}],"curies":[{"name":"wp","href":"https:\/\/api.w.org\/{rel}","templated":true}]}}