{"id":14435,"date":"2024-12-12T08:44:09","date_gmt":"2024-12-12T08:44:09","guid":{"rendered":"https:\/\/www.hydraulic-cylinders.net\/product\/replacement-of-ahc21335-steering-hydraulic-cylinder\/"},"modified":"2024-12-12T08:44:11","modified_gmt":"2024-12-12T08:44:11","slug":"replacement-of-ahc21335-steering-hydraulic-cylinder","status":"publish","type":"product","link":"https:\/\/www.hydraulic-cylinders.net\/pl\/produkt\/replacement-of-ahc21335-steering-hydraulic-cylinder\/","title":{"rendered":"Wymiana si\u0142ownika hydraulicznego uk\u0142adu kierowniczego AHC21335"},"content":{"rendered":"<h1>Wymiana si\u0142ownika hydraulicznego uk\u0142adu kierowniczego AHC21335<\/h1>\n<p>Zamiennik si\u0142ownika hydraulicznego uk\u0142adu kierowniczego AHC21335 to si\u0142ownik hydrauliczny zaprojektowany jako zamiennik oryginalnego modelu AHC21335. Wa\u017cy 35,074 funta, ma wysoko\u015b\u0107 3,3 cala i d\u0142ugo\u015b\u0107 29,4 cala. Si\u0142ownik jest kompatybilny z modelem R4023.<\/p>\n<h2>Specyfikacja produktu<\/h2>\n<p>Zamiennik hydraulicznego cylindra uk\u0142adu kierowniczego AHC21335 ma nast\u0119puj\u0105ce dane techniczne:<\/p>\n<ul>\n<li>Waga: 35,074 funta<\/li>\n<li>Wysoko\u015b\u0107: 3,3 cala<\/li>\n<li>D\u0142ugo\u015b\u0107: 29,4 cala<\/li>\n<li>Model: R4023<\/li>\n<\/ul>\n<h2>Cechy<\/h2>\n<p>Zamiennik hydraulicznego cylindra uk\u0142adu kierowniczego AHC21335 charakteryzuje si\u0119 nast\u0119puj\u0105cymi cechami:<\/p>\n<ul>\n<li>Poprawa wydajno\u015bci sprz\u0119tu: Wymiana uszkodzonych lub zu\u017cytych cylindr\u00f3w hydraulicznych pozwala przywr\u00f3ci\u0107 normaln\u0105 zdolno\u015b\u0107 operacyjn\u0105 sprz\u0119tu, zapewniaj\u0105c jego wydajno\u015b\u0107 w r\u00f3\u017cnych zastosowaniach.<\/li>\n<li>Wi\u0119ksze bezpiecze\u0144stwo: Regularna wymiana cylindr\u00f3w hydraulicznych mo\u017ce ograniczy\u0107 zagro\u017cenia bezpiecze\u0144stwa spowodowane awariami cylindr\u00f3w, zapewniaj\u0105c bezpiecze\u0144stwo operator\u00f3w i sprz\u0119tu.<\/li>\n<li>Zabezpieczenie przed przeci\u0105\u017ceniem: Nowe konstrukcje cylindr\u00f3w cz\u0119sto uwzgl\u0119dniaj\u0105 lepsze mechanizmy zabezpieczaj\u0105ce przed przeci\u0105\u017ceniem, co poprawia bezpiecze\u0144stwo.<\/li>\n<li>Szybka instalacja: Nowoczesne konstrukcje cylindr\u00f3w hydraulicznych zwykle uwzgl\u0119dniaj\u0105 \u0142atwo\u015b\u0107 instalacji i wymiany, co pozwala ograniczy\u0107 przestoje.<\/li>\n<li>Standaryzowane komponenty: Wiele si\u0142ownik\u00f3w hydraulicznych to produkty standaryzowane, co u\u0142atwia uzyskanie cz\u0119\u015bci zamiennych na rynku.<\/li>\n<\/ul>\n<p>Opr\u00f3cz tych cech nasz produkt doskonale mo\u017ce zast\u0105pi\u0107 tego typu si\u0142owniki hydrauliczne.<\/p>\n<h2>Aplikacje<\/h2>\n<p>Zamiennik hydraulicznego cylindra uk\u0142adu kierowniczego AHC21335 mo\u017ce by\u0107 stosowany w r\u00f3\u017cnych zastosowaniach, takich jak:<\/p>\n<ul>\n<li>Koparki: Si\u0142ownik hydrauliczny w ramieniu lub \u0142y\u017cce koparki mo\u017ce ulec uszkodzeniu na skutek d\u0142ugotrwa\u0142ego u\u017cytkowania lub przeci\u0105\u017cenia i nale\u017cy go wymieni\u0107, aby przywr\u00f3ci\u0107 normalne dzia\u0142anie.<\/li>\n<li>D\u017awigi: Si\u0142ownik hydrauliczny wysi\u0119gnika d\u017awigu ulega zu\u017cyciu podczas cz\u0119stego podnoszenia i opuszczania, dlatego nale\u017cy go regularnie wymienia\u0107 w celu zapewnienia bezpiecze\u0144stwa.<\/li>\n<li>Ci\u0105gniki: Si\u0142ownik hydrauliczny w \u0142adowaczu czo\u0142owym ci\u0105gnika mo\u017ce przecieka\u0107 lub dzia\u0142a\u0107 nieprawid\u0142owo z powodu ci\u0105g\u0142ego podnoszenia i przechylania, co mo\u017ce wymaga\u0107 wymiany.<\/li>\n<li>Kombajny: Podczas procesu zbior\u00f3w uk\u0142ad hydrauliczny znajduje si\u0119 pod wysokim ci\u015bnieniem, a cylindry mog\u0105 ulec uszkodzeniu z powodu zm\u0119czenia materia\u0142u. W zwi\u0105zku z tym konieczna mo\u017ce by\u0107 terminowa wymiana w celu utrzymania wydajno\u015bci pracy.<\/li>\n<li>Zautomatyzowane linie produkcyjne: Si\u0142owniki hydrauliczne s\u0142u\u017c\u0105 do sterowania ramionami robot\u00f3w i innymi urz\u0105dzeniami zautomatyzowanymi. Awaria si\u0142ownika wp\u0142ynie na wydajno\u015b\u0107 produkcji i b\u0119dzie wymaga\u0142a natychmiastowej wymiany.<\/li>\n<li>Maszyny odlewnicze: W \u015brodowiskach o wysokim ci\u015bnieniu i wysokiej temperaturze wydajno\u015b\u0107 cylindr\u00f3w hydraulicznych mo\u017ce ulec pogorszeniu, dlatego regularna wymiana mo\u017ce zapewni\u0107 jako\u015b\u0107 produktu.<\/li>\n<li>Sprz\u0119t g\u00f3rniczy: Cylindry hydrauliczne s\u0142u\u017c\u0105 do podnoszenia i przenoszenia ci\u0119\u017ckich przedmiot\u00f3w w sprz\u0119cie g\u00f3rniczym. Ze wzgl\u0119du na trudne warunki pracy, regularne przegl\u0105dy i wymiany s\u0105 niezb\u0119dne, aby unikn\u0105\u0107 awarii sprz\u0119tu.<\/li>\n<li>Spycharki: Zu\u017cycie si\u0142ownika hydraulicznego ramienia pchaj\u0105cego spycharki mo\u017ce prowadzi\u0107 do zmniejszenia wydajno\u015bci pchania i konieczno\u015bci jego terminowej wymiany w celu utrzymania wydajno\u015bci pracy.<\/li>\n<\/ul>\n<h2>Konserwacja<\/h2>\n<p>Regularna konserwacja jest niezb\u0119dna dla zapewnienia trwa\u0142o\u015bci i wydajno\u015bci si\u0142ownika hydraulicznego uk\u0142adu kierowniczego AHC21335. Poni\u017cej przedstawiono niekt\u00f3re czynno\u015bci konserwacyjne, kt\u00f3re mo\u017cna wykona\u0107:<\/p>\n<h3>Regularna kontrola<\/h3>\n<p>Okresowa kontrola si\u0142ownika hydraulicznego mo\u017ce pom\u00f3c we wczesnym wykryciu problem\u00f3w. Zaleca si\u0119 sprawdzenie si\u0142ownika pod k\u0105tem wyciek\u00f3w, p\u0119kni\u0119\u0107 lub innych uszkodze\u0144 oraz natychmiastow\u0105 wymian\u0119 uszkodzonych cz\u0119\u015bci.<\/p>\n<h3>Smarowanie<\/h3>\n<p>Prawid\u0142owe smarowanie jest niezb\u0119dne do prawid\u0142owego dzia\u0142ania si\u0142ownika hydraulicznego. Aby zapewni\u0107 p\u0142ynn\u0105 prac\u0119, wa\u017cne jest stosowanie odpowiedniego \u015brodka smarnego i jego nak\u0142adanie w odpowiedniej ilo\u015bci.<\/p>\n<h3>Wymiana uszczelki i kontrola kalibracji<\/h3>\n<p>Uszczelnienia odgrywaj\u0105 wa\u017cn\u0105 rol\u0119 w zapewnieniu wydajno\u015bci i bezpiecze\u0144stwa si\u0142ownika hydraulicznego. Wymiana uszczelnie\u0144 powinna by\u0107 przeprowadzana regularnie, a kontrole kalibracji powinny by\u0107 przeprowadzane w celu zapewnienia prawid\u0142owego ci\u015bnienia w si\u0142owniku.<\/p>\n<p>Podczas monta\u017cu wa\u017cne jest zapewnienie prawid\u0142owego wyosiowania cylindra oraz zalecenie u\u017cycia odpowiednich wspornik\u00f3w monta\u017cowych do zabezpieczenia cylindra. Oferujemy zalecane procedury kontroli, naprawy i wymiany, cz\u0119\u015bci zamienne oraz us\u0142ugi regeneracji, aby wyd\u0142u\u017cy\u0107 \u017cywotno\u015b\u0107 cylindra hydraulicznego.<\/p>\n<h2>Bezpiecze\u0144stwo i wzgl\u0119dy \u015brodowiskowe<\/h2>\n<p>Podczas korzystania z zamiennika si\u0142ownika hydraulicznego uk\u0142adu kierowniczego AHC21335 nale\u017cy przestrzega\u0107 \u015brodk\u00f3w ostro\u017cno\u015bci, aby zapobiec wypadkom. Stosowanie odpowiedniego sprz\u0119tu ochronnego, prawid\u0142owe procedury instalacji i konserwacji oraz przestrzeganie obowi\u0105zuj\u0105cych norm bezpiecze\u0144stwa mog\u0105 pom\u00f3c w zapewnieniu bezpiecznej eksploatacji.<\/p>\n<h2>Rozwi\u0105zywanie problem\u00f3w i typowe problemy<\/h2>\n<p>Niekt\u00f3re typowe problemy, kt\u00f3re mog\u0105 wyst\u0105pi\u0107 podczas korzystania z zamiennika cylindra hydraulicznego uk\u0142adu kierowniczego AHC21335, obejmuj\u0105:<\/p>\n<ul>\n<li>Nieszczelno\u015b\u0107 cylindra spowodowana zu\u017cytymi uszczelkami lub uszkodzonymi podzespo\u0142ami<\/li>\n<li>Cylinder nie dzia\u0142a z powodu niskiego ci\u015bnienia oleju lub zablokowanych przewod\u00f3w hydraulicznych<\/li>\n<li>Cylinder nie trzyma ci\u015bnienia z powodu zu\u017cytych lub uszkodzonych uszczelek<\/li>\n<\/ul>\n<p>Aby zdiagnozowa\u0107 te problemy, zaleca si\u0119 przeprowadzenie kontroli wizualnej i pr\u00f3by ci\u015bnieniowej cylindra. Oferujemy wskaz\u00f3wki i rozwi\u0105zania u\u0142atwiaj\u0105ce diagnoz\u0119 i rozwi\u0105zywanie problem\u00f3w oraz sugerujemy \u015brodki zapobiegawcze w celu zminimalizowania potencjalnych problem\u00f3w.<\/p>\n<p><img decoding=\"async\" src=\"https:\/\/www.hydraulic-cylinders.net\/wp-content\/uploads\/2024\/12\/Replacement-Of-John-Deere-Hydraulic-Cylinder-7.webp\"><\/p>\n<h2>Zagadnienia projektowe i kryteria wyboru<\/h2>\n<p>Zamiennik si\u0142ownika hydraulicznego uk\u0142adu kierowniczego AHC21335 zosta\u0142 zaprojektowany z my\u015bl\u0105 o zapewnieniu doskona\u0142ej wydajno\u015bci i trwa\u0142o\u015bci. Wybieraj\u0105c odpowiedni si\u0142ownik hydrauliczny do danego zastosowania, nale\u017cy wzi\u0105\u0107 pod uwag\u0119 jego no\u015bno\u015b\u0107, szczelno\u015b\u0107, trwa\u0142o\u015b\u0107, bezpiecze\u0144stwo i \u0142atwo\u015b\u0107 konserwacji.<\/p>\n<h2>Uszczelnianie i smarowanie<\/h2>\n<p>Zamiennik hydraulicznego si\u0142ownika uk\u0142adu kierowniczego AHC21335 zosta\u0142 zaprojektowany z my\u015bl\u0105 o zastosowaniu r\u00f3\u017cnych element\u00f3w uszczelniaj\u0105cych, takich jak uszczelnienia t\u0142oka i t\u0142oczyska, wykonanych z materia\u0142\u00f3w odpornych na zu\u017cycie, takich jak poliuretan i kauczuk nitrylowy. Korpus si\u0142ownika i gwintowane powierzchnie ko\u0144cowe zosta\u0142y wyko\u0144czone w celu zwi\u0119kszenia odporno\u015bci na zu\u017cycie. Regularne smarowanie jest niezb\u0119dne dla zapewnienia p\u0142ynnej pracy si\u0142ownika.<\/p>\n<h2>Regularne kontrole i konserwacja zapobiegawcza<\/h2>\n<p>Aby zapewni\u0107 d\u0142ugowieczno\u015b\u0107 i wydajno\u015b\u0107 si\u0142ownika hydraulicznego uk\u0142adu kierowniczego AHC21335, konieczne jest regularne przeprowadzanie przegl\u0105d\u00f3w i prac konserwacyjnych. Obejmuj\u0105 one sprawdzenie si\u0142ownika pod k\u0105tem nieszczelno\u015bci, zu\u017cycia lub innych uszkodze\u0144, smarowanie cz\u0119\u015bci ruchomych, wymian\u0119 uszczelek oraz kalibracj\u0119 ci\u015bnienia w si\u0142owniku. Prawid\u0142owy monta\u017c, smarowanie i regulacja s\u0105 niezb\u0119dne do zapewnienia optymalnej pracy si\u0142ownika.<\/p>\n<p><img decoding=\"async\" src=\"https:\/\/www.hydraulic-cylinders.net\/wp-content\/uploads\/2024\/12\/Replacement-Of-John-Deere-Hydraulic-Cylinder-8.webp\"><\/p>\n<h2>O nas<\/h2>\n<p>Jeste\u015bmy wiod\u0105cym producentem i hurtowym dystrybutorem si\u0142ownik\u00f3w hydraulicznych, oferuj\u0105cym szerok\u0105 gam\u0119 produkt\u00f3w, spe\u0142niaj\u0105cych zr\u00f3\u017cnicowane potrzeby klient\u00f3w. Nasze do\u015bwiadczenie, mi\u0119dzynarodowe certyfikaty, us\u0142ugi niestandardowe, sprz\u0119t produkcyjny i serwis posprzeda\u017cowy sprawiaj\u0105, \u017ce jeste\u015bmy preferowanym wyborem dla klient\u00f3w na ca\u0142ym \u015bwiecie.<\/p>\n<p><img decoding=\"async\" src=\"https:\/\/www.hydraulic-cylinders.net\/wp-content\/uploads\/2024\/12\/hydraulic-cylinder-factory.webp\"><\/p>\n<p>Autor: lyl<\/p>","protected":false},"excerpt":{"rendered":"<p>Replacement Of AHC21335 Steering Hydraulic Cylinder Replacement Of AHC21335 Steering Hydraulic Cylinder is a hydraulic cylinder designed to replace the original AHC21335 model. It has a weight of 35.074 lb, a height of 3.3 in, and a length of 29.4 in. The cylinder is compatible with the R4023 model. Product Specifications The Replacement Of AHC21335 [&hellip;]<\/p>","protected":false},"featured_media":11773,"comment_status":"open","ping_status":"closed","template":"","meta":{"_et_pb_use_builder":"","_et_pb_old_content":"","_et_gb_content_width":""},"product_brand":[],"product_cat":[1489],"product_tag":[1380,1490,1491],"class_list":{"0":"post-14435","1":"product","2":"type-product","3":"status-publish","4":"has-post-thumbnail","6":"product_cat-replacement-of-john-deere-hydraulic-cylinder","7":"product_tag-hydraulic-cylinder","8":"product_tag-replacement-of-hydraulic-cylinder","9":"product_tag-replacemet-of-john-deere-hydraulic-cylinder","11":"first","12":"instock","13":"shipping-taxable","14":"product-type-simple"},"amp_enabled":true,"_links":{"self":[{"href":"https:\/\/www.hydraulic-cylinders.net\/pl\/wp-json\/wp\/v2\/product\/14435","targetHints":{"allow":["GET"]}}],"collection":[{"href":"https:\/\/www.hydraulic-cylinders.net\/pl\/wp-json\/wp\/v2\/product"}],"about":[{"href":"https:\/\/www.hydraulic-cylinders.net\/pl\/wp-json\/wp\/v2\/types\/product"}],"replies":[{"embeddable":true,"href":"https:\/\/www.hydraulic-cylinders.net\/pl\/wp-json\/wp\/v2\/comments?post=14435"}],"wp:featuredmedia":[{"embeddable":true,"href":"https:\/\/www.hydraulic-cylinders.net\/pl\/wp-json\/wp\/v2\/media\/11773"}],"wp:attachment":[{"href":"https:\/\/www.hydraulic-cylinders.net\/pl\/wp-json\/wp\/v2\/media?parent=14435"}],"wp:term":[{"taxonomy":"product_brand","embeddable":true,"href":"https:\/\/www.hydraulic-cylinders.net\/pl\/wp-json\/wp\/v2\/product_brand?post=14435"},{"taxonomy":"product_cat","embeddable":true,"href":"https:\/\/www.hydraulic-cylinders.net\/pl\/wp-json\/wp\/v2\/product_cat?post=14435"},{"taxonomy":"product_tag","embeddable":true,"href":"https:\/\/www.hydraulic-cylinders.net\/pl\/wp-json\/wp\/v2\/product_tag?post=14435"}],"curies":[{"name":"wp","href":"https:\/\/api.w.org\/{rel}","templated":true}]}}