{"id":14443,"date":"2024-12-12T08:44:48","date_gmt":"2024-12-12T08:44:48","guid":{"rendered":"https:\/\/www.hydraulic-cylinders.net\/product\/replacement-of-re245519-hydraulic-steering-cylinder\/"},"modified":"2024-12-12T08:44:50","modified_gmt":"2024-12-12T08:44:50","slug":"replacement-of-re245519-hydraulic-steering-cylinder","status":"publish","type":"product","link":"https:\/\/www.hydraulic-cylinders.net\/pl\/produkt\/replacement-of-re245519-hydraulic-steering-cylinder\/","title":{"rendered":"Wymiana si\u0142ownika hydraulicznego uk\u0142adu kierowniczego RE245519"},"content":{"rendered":"<p>Wymiana si\u0142ownika hydraulicznego uk\u0142adu kierowniczego RE245519<\/p>\n<h2>Wst\u0119p<\/h2>\n<p>Zamiennik hydraulicznego si\u0142ownika uk\u0142adu kierowniczego RE245519 to si\u0142ownik hydrauliczny stosowany w niekt\u00f3rych modelach John Deere, w tym 9230, 9330, 9360R, 9370R, 9410R, 9420R, 9430, 9460R i 9470R. Si\u0142ownik wa\u017cy 63 funty (ok. 28 kg), ma wysoko\u015b\u0107 4,5 cala (ok. 12,5 cm), szeroko\u015b\u0107 6 cali (ok. 15 cm) i d\u0142ugo\u015b\u0107 33 cali (ok. 84 cm). Si\u0142ownik hydrauliczny jest niezb\u0119dnym elementem, kt\u00f3ry pomaga kontrolowa\u0107 uk\u0142ad kierowniczy i inne funkcje pojazdu.<\/p>\n<h2>Specyfikacje i typy modeli<\/h2>\n<p>Zamiennik hydraulicznego si\u0142ownika uk\u0142adu kierowniczego RE245519 jest kompatybilny z kilkoma modelami John Deere, w tym 9230, 9330, 9360R, 9370R, 9410R, 9420R, 9430, 9460R i 9470R. Si\u0142ownik wa\u017cy 63 funty (ok. 28 kg), ma wysoko\u015b\u0107 4,5 cala (ok. 12,5 cm), szeroko\u015b\u0107 6 cali (ok. 15 cm) i d\u0142ugo\u015b\u0107 33 cali (ok. 84 cm). Dzi\u0119ki tym parametrom nadaje si\u0119 do stosowania w trudnych warunkach wymagaj\u0105cych wysokowydajnych uk\u0142ad\u00f3w hydraulicznych.<\/p>\n<h2>Cechy<\/h2>\n<h3>Poprawiona wydajno\u015b\u0107 sprz\u0119tu<\/h3>\n<p>Replacing damaged or worn-out hydraulic cylinders can restore a vehicle&#8217;s normal operating capability, ensuring its performance in a variety of applications.<\/p>\n<h3>Zwi\u0119kszone bezpiecze\u0144stwo<\/h3>\n<p>Regularna wymiana cylindr\u00f3w hydraulicznych mo\u017ce ograniczy\u0107 ryzyko zagro\u017ce\u0144 bezpiecze\u0144stwa spowodowanych awari\u0105 cylindra, zapewniaj\u0105c bezpiecze\u0144stwo zar\u00f3wno operator\u00f3w, jak i sprz\u0119tu.<\/p>\n<h3>Zabezpieczenie przed przeci\u0105\u017ceniem<\/h3>\n<p>W nowych konstrukcjach cylindr\u00f3w zwykle uwzgl\u0119dniane s\u0105 lepsze mechanizmy zabezpieczaj\u0105ce przed przeci\u0105\u017ceniem, co poprawia bezpiecze\u0144stwo.<\/p>\n<h3>Szybka instalacja<\/h3>\n<p>Nowoczesne si\u0142owniki hydrauliczne s\u0105 zazwyczaj projektowane z my\u015bl\u0105 o \u0142atwo\u015bci monta\u017cu i wymiany, co pozwala na ograniczenie przestoj\u00f3w.<\/p>\n<h3>Cz\u0119\u015bci znormalizowane<\/h3>\n<p>Wiele si\u0142ownik\u00f3w hydraulicznych to produkty standaryzowane, co u\u0142atwia dost\u0119p do cz\u0119\u015bci zamiennych na rynku.<\/p>\n<h2>Aplikacje<\/h2>\n<p>Zamiennik hydraulicznego cylindra kierowniczego RE245519 mo\u017ce by\u0107 stosowany w r\u00f3\u017cnych zastosowaniach, w tym:<\/p>\n<h3>Koparka<\/h3>\n<p>W przypadku koparki, wskutek d\u0142ugotrwa\u0142ego u\u017cytkowania lub przeci\u0105\u017cenia, si\u0142ownik hydrauliczny w ramieniu lub \u0142y\u017cce mo\u017ce ulec uszkodzeniu. W takim przypadku konieczna mo\u017ce by\u0107 wymiana w celu przywr\u00f3cenia normalnej pracy.<\/p>\n<h3>D\u017awig<\/h3>\n<p>The crane&#8217;s boom hydraulic cylinder is prone to wear and tear during frequent lifting and lowering and requires regular replacement to ensure safety.<\/p>\n<h3>Ci\u0105gnik<\/h3>\n<p>Si\u0142ownik hydrauliczny \u0142adowarki czo\u0142owej w ci\u0105gniku mo\u017ce przecieka\u0107 lub jego wydajno\u015b\u0107 mo\u017ce ulec pogorszeniu podczas ci\u0105g\u0142ych operacji podnoszenia i przechylania. W takiej sytuacji konieczna mo\u017ce by\u0107 wymiana.<\/p>\n<p><img decoding=\"async\" src=\"https:\/\/www.hydraulic-cylinders.net\/wp-content\/uploads\/2024\/12\/Replacement-Of-John-Deere-Hydraulic-Cylinder-7.webp\"><\/p>\n<h2>Konserwacja<\/h2>\n<p>Regularna konserwacja jest niezb\u0119dna dla zapewnienia optymalnej wydajno\u015bci i trwa\u0142o\u015bci si\u0142ownika hydraulicznego uk\u0142adu kierowniczego RE245519. Poni\u017cej przedstawiono typowe czynno\u015bci konserwacyjne:<\/p>\n<h3>Regularna kontrola<\/h3>\n<p>Regularnie sprawdzaj cylinder hydrauliczny pod k\u0105tem oznak zu\u017cycia, uszkodze\u0144 lub wyciek\u00f3w.<\/p>\n<h3>Smarowanie<\/h3>\n<p>Stosuj odpowiedni olej hydrauliczny i regularnie smaruj cylinder, aby zapobiec uszkodzeniom spowodowanym tarciem i zu\u017cyciem.<\/p>\n<h3>Wymiana uszczelki i kontrola kalibracji<\/h3>\n<p>Wymie\u0144 uszczelki, gdy tylko zaczn\u0105 pojawia\u0107 si\u0119 na nich oznaki zu\u017cycia i okresowo sprawdzaj kalibracj\u0119, aby zapewni\u0107 optymaln\u0105 wydajno\u015b\u0107.<\/p>\n<p><img decoding=\"async\" src=\"https:\/\/www.hydraulic-cylinders.net\/wp-content\/uploads\/2024\/12\/Replacement-Of-John-Deere-Hydraulic-Cylinder-8.webp\"><\/p>\n<h2>Zagadnienia bezpiecze\u0144stwa i czynniki \u015brodowiskowe<\/h2>\n<p>Podczas u\u017cytkowania cylindr\u00f3w hydraulicznych nale\u017cy bezwzgl\u0119dnie przestrzega\u0107 \u015brodk\u00f3w bezpiecze\u0144stwa, aby zapobiec wypadkom. Nale\u017cy r\u00f3wnie\u017c wzi\u0105\u0107 pod uwag\u0119 czynniki \u015brodowiskowe i upewni\u0107 si\u0119, \u017ce cylinder zostanie bezpiecznie zutylizowany po wymianie.<\/p>\n<h2>Zagadnienia projektowe i kryteria wyboru<\/h2>\n<p>Wybieraj\u0105c zamiennik hydraulicznego si\u0142ownika uk\u0142adu kierowniczego RE245519, nale\u017cy wzi\u0105\u0107 pod uwag\u0119 takie aspekty konstrukcyjne, jak no\u015bno\u015b\u0107, uszczelnienie, trwa\u0142o\u015b\u0107, bezpiecze\u0144stwo i \u0142atwo\u015b\u0107 konserwacji. Zaleca si\u0119 stosowanie r\u00f3\u017cnych uszczelnie\u0144, takich jak uszczelnienia t\u0142oka i t\u0142oczyska, wykonanych z materia\u0142\u00f3w odpornych na zu\u017cycie, takich jak poliuretan i kauczuk nitrylowy, aby zapobiec ich zu\u017cyciu. Korpus si\u0142ownika i powierzchnie gwintowane s\u0105 precyzyjnie obrobione, aby zwi\u0119kszy\u0107 odporno\u015b\u0107 na zu\u017cycie, a regularne smarowanie jest wymagane dla zapewnienia p\u0142ynnej pracy. <\/p>\n<h2>Przewodnik instalacji<\/h2>\n<p>The correct installation of the Replacement Of RE245519 Hydraulic Steering Cylinder is crucial to ensure optimal performance and longevity. Proper guidance on aligning the cylinder, using appropriate installation support to secure the cylinder, and recommended inspection, repair, and replacement procedures will help enhance the cylinder&#8217;s durability.<\/p>\n<h2>Rozwi\u0105zywanie problem\u00f3w i typowe problemy<\/h2>\n<p>Common issues with hydraulic cylinders include leaks, damage, and wear and tear. Prompt diagnosis and repair of these issues are crucial to prevent accidents and ensure the cylinder&#8217;s longevity. Regular maintenance, proper lubrication, and seal replacement can help prevent these issues.<\/p>\n<h2>Wprowadzenie do firmy<\/h2>\n<p>We are a manufacturer of replacement hydraulic cylinders, offering a wide range of products and becoming one of the leading manufacturers and wholesale distributors of hydraulic cylinders on the domestic and international markets. Our company is dedicated to providing high-quality products and services, and we are committed to meeting and exceeding our customers&#8217; expectations.<\/p>\n<p><img decoding=\"async\" src=\"https:\/\/www.hydraulic-cylinders.net\/wp-content\/uploads\/2024\/12\/hydraulic-cylinder-factory.webp\"><\/p>\n<p>Autor: lyl<\/p>","protected":false},"excerpt":{"rendered":"<p>Replacement Of RE245519 Hydraulic Steering Cylinder Introduction The Replacement Of RE245519 Hydraulic Steering Cylinder is a hydraulic cylinder used for certain John Deere models, including the 9230, 9330, 9360R, 9370R, 9410R, 9420R, 9430, 9460R, and 9470R. The cylinder has a weight of 63 lb, a height of 4.5 in, a width of 6 in, and [&hellip;]<\/p>","protected":false},"featured_media":12392,"comment_status":"open","ping_status":"closed","template":"","meta":{"_et_pb_use_builder":"","_et_pb_old_content":"","_et_gb_content_width":""},"product_brand":[],"product_cat":[1489],"product_tag":[1380,1490,1491],"class_list":{"0":"post-14443","1":"product","2":"type-product","3":"status-publish","4":"has-post-thumbnail","6":"product_cat-replacement-of-john-deere-hydraulic-cylinder","7":"product_tag-hydraulic-cylinder","8":"product_tag-replacement-of-hydraulic-cylinder","9":"product_tag-replacemet-of-john-deere-hydraulic-cylinder","11":"first","12":"instock","13":"shipping-taxable","14":"product-type-simple"},"amp_enabled":true,"_links":{"self":[{"href":"https:\/\/www.hydraulic-cylinders.net\/pl\/wp-json\/wp\/v2\/product\/14443","targetHints":{"allow":["GET"]}}],"collection":[{"href":"https:\/\/www.hydraulic-cylinders.net\/pl\/wp-json\/wp\/v2\/product"}],"about":[{"href":"https:\/\/www.hydraulic-cylinders.net\/pl\/wp-json\/wp\/v2\/types\/product"}],"replies":[{"embeddable":true,"href":"https:\/\/www.hydraulic-cylinders.net\/pl\/wp-json\/wp\/v2\/comments?post=14443"}],"wp:featuredmedia":[{"embeddable":true,"href":"https:\/\/www.hydraulic-cylinders.net\/pl\/wp-json\/wp\/v2\/media\/12392"}],"wp:attachment":[{"href":"https:\/\/www.hydraulic-cylinders.net\/pl\/wp-json\/wp\/v2\/media?parent=14443"}],"wp:term":[{"taxonomy":"product_brand","embeddable":true,"href":"https:\/\/www.hydraulic-cylinders.net\/pl\/wp-json\/wp\/v2\/product_brand?post=14443"},{"taxonomy":"product_cat","embeddable":true,"href":"https:\/\/www.hydraulic-cylinders.net\/pl\/wp-json\/wp\/v2\/product_cat?post=14443"},{"taxonomy":"product_tag","embeddable":true,"href":"https:\/\/www.hydraulic-cylinders.net\/pl\/wp-json\/wp\/v2\/product_tag?post=14443"}],"curies":[{"name":"wp","href":"https:\/\/api.w.org\/{rel}","templated":true}]}}