{"id":14448,"date":"2024-12-12T08:45:11","date_gmt":"2024-12-12T08:45:11","guid":{"rendered":"https:\/\/www.hydraulic-cylinders.net\/product\/replacement-of-tca26135-steering-hydraulic-cylinder\/"},"modified":"2024-12-12T08:45:13","modified_gmt":"2024-12-12T08:45:13","slug":"replacement-of-tca26135-steering-hydraulic-cylinder","status":"publish","type":"product","link":"https:\/\/www.hydraulic-cylinders.net\/pl\/produkt\/replacement-of-tca26135-steering-hydraulic-cylinder\/","title":{"rendered":"Wymiana si\u0142ownika hydraulicznego uk\u0142adu kierowniczego TCA26135"},"content":{"rendered":"<h2>Wst\u0119p<\/h2>\n<p>Zamiennik si\u0142ownika hydraulicznego uk\u0142adu kierowniczego TCA26135 to si\u0142ownik hydrauliczny, kt\u00f3ry mo\u017ce zast\u0105pi\u0107 uszkodzone lub zu\u017cyte si\u0142owniki w r\u00f3\u017cnych zastosowaniach, takich jak koparki, d\u017awigi, traktory, kombajny, zautomatyzowane linie produkcyjne i sprz\u0119t g\u00f3rniczy. Zosta\u0142 zaprojektowany w celu przywr\u00f3cenia prawid\u0142owej pracy sprz\u0119tu, zapewnienia bezpiecze\u0144stwa operatora i sprz\u0119tu oraz poprawy jego wydajno\u015bci.<\/p>\n<h2>Specyfikacje i modele<\/h2>\n<p>Zamiennik hydraulicznego cylindra uk\u0142adu kierowniczego TCA26135 wa\u017cy 10,87 funta, ma wysoko\u015b\u0107 3,5 cala i d\u0142ugo\u015b\u0107 25,6 cala. Jest kompatybilny z modelami 2020, 2020A, 2030 i 2030A.<\/p>\n<h2>Cechy<\/h2>\n<h3>Poprawiona wydajno\u015b\u0107 sprz\u0119tu<\/h3>\n<p>Wymiana uszkodzonych lub zu\u017cytych cylindr\u00f3w hydraulicznych pozwala przywr\u00f3ci\u0107 wydajno\u015b\u0107 sprz\u0119tu w r\u00f3\u017cnych zastosowaniach.<\/p>\n<h3>Zwi\u0119kszone bezpiecze\u0144stwo<\/h3>\n<p>Regularna wymiana cylindr\u00f3w hydraulicznych mo\u017ce ograniczy\u0107 zagro\u017cenia bezpiecze\u0144stwa spowodowane awari\u0105 cylindra i zapewni\u0107 bezpiecze\u0144stwo operator\u00f3w i sprz\u0119tu.<\/p>\n<h3>Zabezpieczenie przed przeci\u0105\u017ceniem<\/h3>\n<p>W nowych konstrukcjach cylindr\u00f3w zwykle uwzgl\u0119dniane s\u0105 lepsze mechanizmy zabezpieczaj\u0105ce przed przeci\u0105\u017ceniem, co poprawia bezpiecze\u0144stwo.<\/p>\n<h3>Szybka instalacja<\/h3>\n<p>Nowoczesne konstrukcje cylindr\u00f3w hydraulicznych zwykle uwzgl\u0119dniaj\u0105 \u0142atwo\u015b\u0107 monta\u017cu i wymiany, co pozwala ograniczy\u0107 przestoje.<\/p>\n<h3>Standaryzowane komponenty<\/h3>\n<p>Wiele si\u0142ownik\u00f3w hydraulicznych to produkty standaryzowane, co u\u0142atwia dost\u0119p do cz\u0119\u015bci zamiennych na rynku.<\/p>\n<h2>Aplikacje<\/h2>\n<p>Zamiennik hydraulicznego cylindra uk\u0142adu kierowniczego TCA26135 mo\u017ce by\u0107 stosowany w r\u00f3\u017cnych zastosowaniach, takich jak:<\/p>\n<ul>\n<li>Koparki: Wymiana zu\u017cytych lub uszkodzonych cylindr\u00f3w hydraulicznych w wysi\u0119gniku lub \u0142y\u017cce koparki mo\u017ce przywr\u00f3ci\u0107 jej normaln\u0105 prac\u0119.<\/li>\n<li>D\u017awigi: Si\u0142owniki hydrauliczne ramienia podnosz\u0105cego d\u017awigu mog\u0105 ulec zu\u017cyciu na skutek cz\u0119stego podnoszenia i opuszczania, dlatego konieczna jest regularna wymiana w celu zapewnienia bezpiecze\u0144stwa.<\/li>\n<li>Ci\u0105gniki: Si\u0142owniki hydrauliczne \u0142adowarki czo\u0142owej ci\u0105gnika mog\u0105 przecieka\u0107 lub ich wydajno\u015b\u0107 mo\u017ce ulec pogorszeniu na skutek ci\u0105g\u0142ego podnoszenia i przechylania, co mo\u017ce wymaga\u0107 wymiany.<\/li>\n<li>Kombajny: Podczas pracy uk\u0142ad hydrauliczny kombajn\u00f3w jest poddawany dzia\u0142aniu wysokiego ci\u015bnienia, a cylindry mog\u0105 ulec uszkodzeniu z powodu zm\u0119czenia materia\u0142u. W takim przypadku konieczna mo\u017ce by\u0107 terminowa wymiana w celu utrzymania wydajno\u015bci pracy.<\/li>\n<li>Zautomatyzowane linie produkcyjne: Si\u0142owniki hydrauliczne s\u0142u\u017c\u0105 do sterowania ramionami robot\u00f3w i innymi urz\u0105dzeniami automatyki. Awaria si\u0142ownika mo\u017ce wp\u0142yn\u0105\u0107 na wydajno\u015b\u0107 produkcji i nale\u017cy go natychmiast wymieni\u0107.<\/li>\n<li>Maszyny odlewnicze: Cylindry hydrauliczne mog\u0105 ulec pogorszeniu w warunkach wysokiego ci\u015bnienia i wysokiej temperatury. Regularna wymiana mo\u017ce zapewni\u0107 jako\u015b\u0107 produktu.<\/li>\n<li>Sprz\u0119t g\u00f3rniczy: Cylindry hydrauliczne s\u0105 stosowane w sprz\u0119cie g\u00f3rniczym do podnoszenia i przemieszczania ci\u0119\u017ckich \u0142adunk\u00f3w. Ze wzgl\u0119du na trudne warunki pracy, wymagaj\u0105 one regularnych przegl\u0105d\u00f3w i wymiany, aby unikn\u0105\u0107 awarii sprz\u0119tu.<\/li>\n<li>Spycharki: Zu\u017cyte si\u0142owniki hydrauliczne w ramieniu pchaj\u0105cym spycharki mog\u0105 spowodowa\u0107 zmniejszenie jej wydajno\u015bci pchania, co wymaga terminowej wymiany w celu utrzymania wydajno\u015bci pracy.<\/li>\n<\/ul>\n<h2>Konserwacja<\/h2>\n<p>Regularna konserwacja si\u0142ownika hydraulicznego uk\u0142adu kierowniczego TCA26135 zapewnia jego optymaln\u0105 wydajno\u015b\u0107 i wyd\u0142u\u017ca jego \u017cywotno\u015b\u0107. Czynno\u015bci konserwacyjne obejmuj\u0105:<\/p>\n<h3>Regularna kontrola<\/h3>\n<p>Regularna kontrola stanu cylindra hydraulicznego oraz wszelkich oznak zu\u017cycia lub uszkodze\u0144 mo\u017ce pom\u00f3c wykry\u0107 potencjalne problemy i zapobiec awariom sprz\u0119tu.<\/p>\n<h3>Odpowiednie smarowanie<\/h3>\n<p>W\u0142a\u015bciwe smarowanie zapobiega tarciu i zu\u017cyciu, a regularne smarowanie wyd\u0142u\u017ca \u017cywotno\u015b\u0107 cylindra.<\/p>\n<h3>Wymiana uszczelki<\/h3>\n<p>Wymiana zu\u017cytych lub uszkodzonych uszczelek mo\u017ce zapobiec wyciekom p\u0142ynu hydraulicznego i zapewni\u0107 optymaln\u0105 wydajno\u015b\u0107.<\/p>\n<h3>Kontrola kalibracji<\/h3>\n<p>Regularne kontrole kalibracji zapewniaj\u0105 dok\u0142adno\u015b\u0107 cylindra i jego optymaln\u0105 wydajno\u015b\u0107.<\/p>\n<h2>Zagadnienia bezpiecze\u0144stwa i czynniki \u015brodowiskowe<\/h2>\n<p>Nale\u017cy podj\u0105\u0107 odpowiednie \u015brodki bezpiecze\u0144stwa, aby zapobiec obra\u017ceniom podczas obs\u0142ugi zamiennego si\u0142ownika hydraulicznego uk\u0142adu kierowniczego TCA26135. Czynniki \u015brodowiskowe, takie jak temperatura i wilgotno\u015b\u0107, mog\u0105 wp\u0142ywa\u0107 na wydajno\u015b\u0107 si\u0142ownika hydraulicznego i nale\u017cy je uwzgl\u0119dni\u0107 podczas instalacji i konserwacji.<\/p>\n<h2>Diagnostyka awarii i typowe problemy<\/h2>\n<p>Do typowych problem\u00f3w z si\u0142ownikami hydraulicznymi nale\u017c\u0105 nieszczelno\u015bci, uszkodzone uszczelki i zu\u017cycie. Aby skutecznie zdiagnozowa\u0107 i rozwi\u0105za\u0107 problemy, nale\u017cy post\u0119powa\u0107 zgodnie z wytycznymi producenta i w razie potrzeby zwr\u00f3ci\u0107 si\u0119 o pomoc do specjalisty.<\/p>\n<h2>Rozwa\u017cania dotycz\u0105ce projektowania produktu i kryteria wyboru<\/h2>\n<p>Zamiennik si\u0142ownika hydraulicznego uk\u0142adu kierowniczego TCA26135 zosta\u0142 zaprojektowany z my\u015bl\u0105 o wysokiej no\u015bno\u015bci, doskona\u0142ej szczelno\u015bci, trwa\u0142o\u015bci, bezpiecze\u0144stwie i \u0142atwo\u015bci konserwacji. Zastosowano w nim r\u00f3\u017cnorodne elementy uszczelniaj\u0105ce, takie jak uszczelnienia t\u0142oka i t\u0142oczyska, wykonane z materia\u0142\u00f3w odpornych na zu\u017cycie, takich jak poliuretan i kauczuk nitrylowy. Korpus si\u0142ownika i powierzchnia gwintu s\u0105 precyzyjnie obrobione, aby zwi\u0119kszy\u0107 odporno\u015b\u0107 na zu\u017cycie. Regularne smarowanie jest niezb\u0119dne dla zapewnienia optymalnej wydajno\u015bci i wyd\u0142u\u017cenia \u017cywotno\u015bci.<\/p>\n<h2>Wprowadzenie do firmy<\/h2>\n<p>Jeste\u015bmy wiod\u0105cym producentem i hurtownikiem si\u0142ownik\u00f3w hydraulicznych na rynku krajowym i mi\u0119dzynarodowym, oferuj\u0105c szerok\u0105 gam\u0119 produkt\u00f3w. Nasza firma szczyci si\u0119 profesjonalizmem, mi\u0119dzynarodowymi certyfikatami, spersonalizowanymi us\u0142ugami, zaawansowanym sprz\u0119tem produkcyjnym i doskona\u0142\u0105 obs\u0142ug\u0105 posprzeda\u017cow\u0105. Nasi klienci mog\u0105 polega\u0107 na wysokiej jako\u015bci produktach i us\u0142ugach.<\/p>\n<p><img decoding=\"async\" src=\"https:\/\/www.hydraulic-cylinders.net\/wp-content\/uploads\/2024\/12\/hydraulic-cylinder-factory.webp\"<\/p>\n<p>Autor: lyl<\/p>","protected":false},"excerpt":{"rendered":"<p>Introduction The Replacement Of TCA26135 Steering Hydraulic Cylinder is a hydraulic cylinder that can replace damaged or worn cylinders in various applications such as excavators, cranes, tractors, harvesters, automated production lines, and mining equipment. It is designed to restore the normal operation of equipment, ensure operator and equipment safety, and improve equipment performance. Specifications and [&hellip;]<\/p>","protected":false},"featured_media":12463,"comment_status":"open","ping_status":"closed","template":"","meta":{"_et_pb_use_builder":"","_et_pb_old_content":"","_et_gb_content_width":""},"product_brand":[],"product_cat":[1489],"product_tag":[1380,1490,1491],"class_list":{"0":"post-14448","1":"product","2":"type-product","3":"status-publish","4":"has-post-thumbnail","6":"product_cat-replacement-of-john-deere-hydraulic-cylinder","7":"product_tag-hydraulic-cylinder","8":"product_tag-replacement-of-hydraulic-cylinder","9":"product_tag-replacemet-of-john-deere-hydraulic-cylinder","11":"first","12":"instock","13":"shipping-taxable","14":"product-type-simple"},"amp_enabled":true,"_links":{"self":[{"href":"https:\/\/www.hydraulic-cylinders.net\/pl\/wp-json\/wp\/v2\/product\/14448","targetHints":{"allow":["GET"]}}],"collection":[{"href":"https:\/\/www.hydraulic-cylinders.net\/pl\/wp-json\/wp\/v2\/product"}],"about":[{"href":"https:\/\/www.hydraulic-cylinders.net\/pl\/wp-json\/wp\/v2\/types\/product"}],"replies":[{"embeddable":true,"href":"https:\/\/www.hydraulic-cylinders.net\/pl\/wp-json\/wp\/v2\/comments?post=14448"}],"wp:featuredmedia":[{"embeddable":true,"href":"https:\/\/www.hydraulic-cylinders.net\/pl\/wp-json\/wp\/v2\/media\/12463"}],"wp:attachment":[{"href":"https:\/\/www.hydraulic-cylinders.net\/pl\/wp-json\/wp\/v2\/media?parent=14448"}],"wp:term":[{"taxonomy":"product_brand","embeddable":true,"href":"https:\/\/www.hydraulic-cylinders.net\/pl\/wp-json\/wp\/v2\/product_brand?post=14448"},{"taxonomy":"product_cat","embeddable":true,"href":"https:\/\/www.hydraulic-cylinders.net\/pl\/wp-json\/wp\/v2\/product_cat?post=14448"},{"taxonomy":"product_tag","embeddable":true,"href":"https:\/\/www.hydraulic-cylinders.net\/pl\/wp-json\/wp\/v2\/product_tag?post=14448"}],"curies":[{"name":"wp","href":"https:\/\/api.w.org\/{rel}","templated":true}]}}