{"id":14469,"date":"2024-12-12T08:46:49","date_gmt":"2024-12-12T08:46:49","guid":{"rendered":"https:\/\/www.hydraulic-cylinders.net\/product\/replacement-of-aa76325-steering-hydraulic-cylinder\/"},"modified":"2024-12-12T08:46:52","modified_gmt":"2024-12-12T08:46:52","slug":"replacement-of-aa76325-steering-hydraulic-cylinder","status":"publish","type":"product","link":"https:\/\/www.hydraulic-cylinders.net\/pl\/produkt\/replacement-of-aa76325-steering-hydraulic-cylinder\/","title":{"rendered":"Wymiana si\u0142ownika hydraulicznego uk\u0142adu kierowniczego AA76325"},"content":{"rendered":"<p>Wymiana si\u0142ownika hydraulicznego uk\u0142adu kierowniczego AA76325<\/p>\n<h2>Wst\u0119p<\/h2>\n<p>Zamiennik si\u0142ownika hydraulicznego uk\u0142adu kierowniczego AA76325 to niezwykle wytrzyma\u0142y i niezawodny si\u0142ownik hydrauliczny, zaprojektowany w celu zast\u0105pienia istniej\u0105cego si\u0142ownika w modelu 1720 CCS 1725T. Si\u0142ownik jest kluczowym elementem uk\u0142adu kierowniczego i odpowiada za zapewnienie si\u0142y niezb\u0119dnej do skr\u0119tu pojazdu. <\/p>\n<h2>Specyfikacje i model<\/h2>\n<p>Cylinder wa\u017cy 55 funt\u00f3w (24,7 kg), ma wysoko\u015b\u0107 8,4 cala (23,7 cm), szeroko\u015b\u0107 9,7 cala (24,7 cm) i d\u0142ugo\u015b\u0107 39,8 cala (99,8 cm). Zosta\u0142 zaprojektowany specjalnie do u\u017cytku z modelem 1720 CCS 1725T. <\/p>\n<h2>Cechy<\/h2>\n<h3>Poprawiona wydajno\u015b\u0107 sprz\u0119tu<\/h3>\n<p>Wymiana uszkodzonego lub zu\u017cytego cylindra hydraulicznego pozwala przywr\u00f3ci\u0107 normaln\u0105 zdolno\u015b\u0107 operacyjn\u0105 sprz\u0119tu i zagwarantowa\u0107 jego wydajno\u015b\u0107 w r\u00f3\u017cnych zastosowaniach.<\/p>\n<h3>Zwi\u0119kszone bezpiecze\u0144stwo<\/h3>\n<p>Regularna wymiana cylindr\u00f3w hydraulicznych mo\u017ce ograniczy\u0107 zagro\u017cenia bezpiecze\u0144stwa spowodowane awari\u0105 cylindra, zapewniaj\u0105c bezpiecze\u0144stwo operator\u00f3w i sprz\u0119tu.<\/p>\n<h3>Zabezpieczenie przed przeci\u0105\u017ceniem<\/h3>\n<p>Nowe konstrukcje cylindr\u00f3w zazwyczaj obejmuj\u0105 lepsze mechanizmy zabezpieczaj\u0105ce przed przeci\u0105\u017ceniem, co zwi\u0119ksza bezpiecze\u0144stwo.<\/p>\n<h3>Szybka instalacja<\/h3>\n<p>Nowoczesne konstrukcje cylindr\u00f3w hydraulicznych zwykle uwzgl\u0119dniaj\u0105 \u0142atwo\u015b\u0107 monta\u017cu i wymiany, co pozwala ograniczy\u0107 przestoje.<\/p>\n<h3>Standaryzowane komponenty<\/h3>\n<p>Wiele si\u0142ownik\u00f3w hydraulicznych to produkty standaryzowane, dzi\u0119ki czemu cz\u0119\u015bci zamienne s\u0105 \u0142atwo dost\u0119pne na rynku.<\/p>\n<h2>Aplikacje<\/h2>\n<p>Zamiennik si\u0142ownika hydraulicznego uk\u0142adu kierowniczego AA76325 ma szeroki zakres zastosowa\u0144. Oto kilka przyk\u0142ad\u00f3w:<\/p>\n<ul>\n<li>Koparki: Si\u0142ownik hydrauliczny na ramieniu lub \u0142y\u017cce koparki mo\u017ce ulec uszkodzeniu na skutek d\u0142ugotrwa\u0142ego u\u017cytkowania lub przeci\u0105\u017cenia i wymaga wymiany w celu przywr\u00f3cenia normalnej pracy.<\/li>\n<li>D\u017awigi: Si\u0142ownik hydrauliczny wysi\u0119gnika d\u017awigu mo\u017ce ulec \u0142atwemu zu\u017cyciu podczas cz\u0119stego podnoszenia i opuszczania, co wymaga okresowej wymiany w celu zapewnienia bezpiecze\u0144stwa.<\/li>\n<li>Ci\u0105gniki: Si\u0142ownik hydrauliczny w \u0142adowarce czo\u0142owej ci\u0105gnika mo\u017ce przecieka\u0107 lub jego wydajno\u015b\u0107 mo\u017ce ulec pogorszeniu podczas ci\u0105g\u0142ych operacji podnoszenia i przechylania, co mo\u017ce wymaga\u0107 wymiany.<\/li>\n<li>Kombajny: Podczas zbior\u00f3w uk\u0142ad hydrauliczny jest poddawany dzia\u0142aniu wysokiego ci\u015bnienia, a cylindry mog\u0105 ulec uszkodzeniu z powodu zm\u0119czenia materia\u0142u. W zwi\u0105zku z tym konieczna mo\u017ce by\u0107 terminowa wymiana w celu utrzymania wydajno\u015bci pracy.<\/li>\n<li>Zautomatyzowana linia produkcyjna: Si\u0142owniki hydrauliczne s\u0142u\u017c\u0105 do sterowania ramionami robot\u00f3w i innymi urz\u0105dzeniami zautomatyzowanymi. Awaria si\u0142ownika mo\u017ce wp\u0142yn\u0105\u0107 na wydajno\u015b\u0107 produkcji i wymaga natychmiastowej wymiany.<\/li>\n<li>Maszyna odlewnicza: W \u015brodowiskach o wysokim ci\u015bnieniu i wysokiej temperaturze wydajno\u015b\u0107 cylindr\u00f3w hydraulicznych mo\u017ce ulec pogorszeniu, dlatego regularna wymiana mo\u017ce zapewni\u0107 jako\u015b\u0107 produktu.<\/li>\n<li>Sprz\u0119t g\u00f3rniczy: Cylindry hydrauliczne s\u0105 stosowane w sprz\u0119cie g\u00f3rniczym do podnoszenia i przenoszenia ci\u0119\u017ckich przedmiot\u00f3w. Ze wzgl\u0119du na trudne warunki pracy, regularne przegl\u0105dy i wymiany s\u0105 niezb\u0119dne, aby unikn\u0105\u0107 awarii sprz\u0119tu.<\/li>\n<li>Spycharki: Zu\u017cycie si\u0142ownika hydraulicznego na ramieniu pchaj\u0105cym spychacza mo\u017ce spowodowa\u0107 zmniejszenie jego zdolno\u015bci do zag\u0119szczania, co wymaga natychmiastowej wymiany w celu utrzymania wydajno\u015bci roboczej.<\/li>\n<\/ul>\n<h2>Konserwacja<\/h2>\n<p>Oto kilka typowych zada\u0144 konserwacyjnych:<\/p>\n<h3>Regularna kontrola<\/h3>\n<p>Regularna kontrola si\u0142ownika hydraulicznego mo\u017ce pom\u00f3c zapobiec potencjalnym problemom i zapewni\u0107 jego p\u0142ynn\u0105 prac\u0119.<\/p>\n<h3>Prawid\u0142owe smarowanie<\/h3>\n<p>Regularne uzupe\u0142nianie odpowiedniego oleju hydraulicznego mo\u017ce zmniejszy\u0107 tarcie i zu\u017cycie, wyd\u0142u\u017caj\u0105c \u017cywotno\u015b\u0107 cylindra.<\/p>\n<h3>Wymiana uszczelki i kontrola kalibracji<\/h3>\n<p>Wymiana element\u00f3w uszczelniaj\u0105cych i sprawdzenie kalibracji mo\u017ce zapewni\u0107 prawid\u0142ow\u0105 prac\u0119 si\u0142ownika hydraulicznego.<\/p>\n<h2>Bezpiecze\u0144stwo i wzgl\u0119dy \u015brodowiskowe<\/h2>\n<p>Stosowanie odpowiednich \u015brodk\u00f3w bezpiecze\u0144stwa podczas obs\u0142ugi cylindr\u00f3w hydraulicznych jest istotne, aby zapobiec obra\u017ceniom cia\u0142a lub uszkodzeniom sprz\u0119tu. Ponadto kluczowe jest, aby utylizowa\u0107 zu\u017cyte cylindry hydrauliczne w spos\u00f3b przyjazny dla \u015brodowiska.<\/p>\n<h2>Rozwi\u0105zywanie problem\u00f3w i typowe problemy<\/h2>\n<p>Do typowych problem\u00f3w z cylindrami hydraulicznymi nale\u017c\u0105 nieszczelno\u015bci, niedostateczne ci\u015bnienie oraz problemy z t\u0142okiem lub t\u0142oczyskiem. Metody rozwi\u0105zywania problem\u00f3w obejmuj\u0105 sprawdzenie szczelno\u015bci zewn\u0119trznej, inspekcj\u0119 cylindra pod k\u0105tem uszkodze\u0144 oraz badanie ci\u015bnienia w uk\u0142adzie hydraulicznym.<\/p>\n<h2>Zagadnienia projektowe i kryteria wyboru<\/h2>\n<p>Si\u0142owniki hydrauliczne musz\u0105 wytrzymywa\u0107 przewidywane obci\u0105\u017cenie, by\u0107 szczelne, trwa\u0142e, bezpieczne i \u0142atwe w konserwacji. Prawid\u0142owe uszczelnienie i smarowanie mo\u017ce zapewni\u0107 wydajno\u015b\u0107 i trwa\u0142o\u015b\u0107 si\u0142ownika.<\/p>\n<h2>Wprowadzenie do firmy<\/h2>\n<p>Jeste\u015bmy wiod\u0105cym producentem i hurtownikiem si\u0142ownik\u00f3w hydraulicznych, w tym zamiennika si\u0142ownika hydraulicznego uk\u0142adu kierowniczego AA76325. Oferujemy szerok\u0105 gam\u0119 si\u0142ownik\u00f3w hydraulicznych i dbamy o dostarczanie wysokiej jako\u015bci produkt\u00f3w oraz doskona\u0142\u0105 obs\u0142ug\u0119 klienta.<\/p>\n<p>Nasza firma charakteryzuje si\u0119 wysokim profesjonalizmem i posiada liczne mi\u0119dzynarodowe certyfikaty. Oferujemy r\u00f3wnie\u017c us\u0142ugi dostosowane do indywidualnych potrzeb i wykorzystujemy zaawansowany sprz\u0119t produkcyjny, aby zagwarantowa\u0107 jako\u015b\u0107 naszych produkt\u00f3w. Dodatkowo, oferujemy naszym klientom kompleksow\u0105 obs\u0142ug\u0119 posprzeda\u017cow\u0105.<\/p>\n<p><img src='https:\/\/www.hydraulic-cylinders.net\/wp-content\/uploads\/2024\/12\/hydraulic-cylinder-factory.webp' alt='Fabryka cylindr\u00f3w hydraulicznych'><\/p>\n<p>Autor: lyl<\/p>","protected":false},"excerpt":{"rendered":"<p>Replacement Of AA76325 Steering Hydraulic Cylinder Introduction The Replacement Of AA76325 Steering Hydraulic Cylinder is a highly durable and reliable hydraulic cylinder designed to replace the existing cylinder in a 1720 CCS 1725T model. The cylinder is an essential component of the steering system and is responsible for providing the necessary force to turn the [&hellip;]<\/p>","protected":false},"featured_media":10713,"comment_status":"open","ping_status":"closed","template":"","meta":{"_et_pb_use_builder":"","_et_pb_old_content":"","_et_gb_content_width":""},"product_brand":[],"product_cat":[1489],"product_tag":[1380,1490,1491],"class_list":{"0":"post-14469","1":"product","2":"type-product","3":"status-publish","4":"has-post-thumbnail","6":"product_cat-replacement-of-john-deere-hydraulic-cylinder","7":"product_tag-hydraulic-cylinder","8":"product_tag-replacement-of-hydraulic-cylinder","9":"product_tag-replacemet-of-john-deere-hydraulic-cylinder","11":"first","12":"instock","13":"shipping-taxable","14":"product-type-simple"},"amp_enabled":true,"_links":{"self":[{"href":"https:\/\/www.hydraulic-cylinders.net\/pl\/wp-json\/wp\/v2\/product\/14469","targetHints":{"allow":["GET"]}}],"collection":[{"href":"https:\/\/www.hydraulic-cylinders.net\/pl\/wp-json\/wp\/v2\/product"}],"about":[{"href":"https:\/\/www.hydraulic-cylinders.net\/pl\/wp-json\/wp\/v2\/types\/product"}],"replies":[{"embeddable":true,"href":"https:\/\/www.hydraulic-cylinders.net\/pl\/wp-json\/wp\/v2\/comments?post=14469"}],"wp:featuredmedia":[{"embeddable":true,"href":"https:\/\/www.hydraulic-cylinders.net\/pl\/wp-json\/wp\/v2\/media\/10713"}],"wp:attachment":[{"href":"https:\/\/www.hydraulic-cylinders.net\/pl\/wp-json\/wp\/v2\/media?parent=14469"}],"wp:term":[{"taxonomy":"product_brand","embeddable":true,"href":"https:\/\/www.hydraulic-cylinders.net\/pl\/wp-json\/wp\/v2\/product_brand?post=14469"},{"taxonomy":"product_cat","embeddable":true,"href":"https:\/\/www.hydraulic-cylinders.net\/pl\/wp-json\/wp\/v2\/product_cat?post=14469"},{"taxonomy":"product_tag","embeddable":true,"href":"https:\/\/www.hydraulic-cylinders.net\/pl\/wp-json\/wp\/v2\/product_tag?post=14469"}],"curies":[{"name":"wp","href":"https:\/\/api.w.org\/{rel}","templated":true}]}}