{"id":14471,"date":"2024-12-12T08:46:58","date_gmt":"2024-12-12T08:46:58","guid":{"rendered":"https:\/\/www.hydraulic-cylinders.net\/product\/replacement-of-tca22838-real-lift-cylinder\/"},"modified":"2024-12-12T08:47:00","modified_gmt":"2024-12-12T08:47:00","slug":"replacement-of-tca22838-real-lift-cylinder","status":"publish","type":"product","link":"https:\/\/www.hydraulic-cylinders.net\/pl\/produkt\/replacement-of-tca22838-real-lift-cylinder\/","title":{"rendered":"Wymiana cylindra podnosz\u0105cego TCA22838"},"content":{"rendered":"<h1>Wymiana cylindra podnosz\u0105cego TCA22838<\/h1>\n<p>Zamiennik si\u0142ownika podnosz\u0105cego TCA22838 to si\u0142ownik hydrauliczny przeznaczony do wymiany oryginalnego si\u0142ownika podnosz\u0105cego w modelach 2653, 2653A i 2653B. Si\u0142ownik ten wa\u017cy 5,58 funta (2,6 kg), ma wysoko\u015b\u0107 2,75 cala (7,9 cm) i d\u0142ugo\u015b\u0107 9 cali (23,7 cm).<\/p>\n<h2>Specyfikacja i zgodno\u015b\u0107 produktu<\/h2>\n<p>Zamiennik prawdziwego cylindra podnosz\u0105cego TCA22838 zosta\u0142 zaprojektowany tak, aby dor\u00f3wnywa\u0107 lub przewy\u017csza\u0107 wydajno\u015b\u0107 oryginalnego cylindra podnosz\u0105cego w modelach 2653, 2653A i 2653B. Wykonany jest z wysokiej jako\u015bci materia\u0142\u00f3w i precyzyjnie zaprojektowany, aby zapewni\u0107 idealne dopasowanie. <\/p>\n<h3>Cechy produktu<\/h3>\n<ul>\n<li>Poprawa wydajno\u015bci sprz\u0119tu: Wymiana uszkodzonych lub zu\u017cytych cylindr\u00f3w hydraulicznych pozwala przywr\u00f3ci\u0107 normaln\u0105 zdolno\u015b\u0107 operacyjn\u0105 sprz\u0119tu, zapewniaj\u0105c jego wydajno\u015b\u0107 w r\u00f3\u017cnych zastosowaniach.<\/li>\n<li>Wi\u0119ksze bezpiecze\u0144stwo: Regularna wymiana cylindr\u00f3w hydraulicznych mo\u017ce zmniejszy\u0107 zagro\u017cenia bezpiecze\u0144stwa spowodowane awariami cylindr\u00f3w, zapewniaj\u0105c bezpiecze\u0144stwo operator\u00f3w i sprz\u0119tu.<\/li>\n<li>Zabezpieczenie przed przeci\u0105\u017ceniem: Nowe konstrukcje cylindr\u00f3w cz\u0119sto zawieraj\u0105 lepsze mechanizmy zabezpieczaj\u0105ce przed przeci\u0105\u017ceniem, co zwi\u0119ksza bezpiecze\u0144stwo.<\/li>\n<li>Szybka instalacja: Nowoczesne si\u0142owniki hydrauliczne s\u0105 projektowane z my\u015bl\u0105 o \u0142atwo\u015bci instalacji i wymiany, co pozwala ograniczy\u0107 przestoje.<\/li>\n<li>Standaryzowane komponenty: Wiele si\u0142ownik\u00f3w hydraulicznych to produkty standaryzowane, co u\u0142atwia uzyskanie cz\u0119\u015bci zamiennych na rynku.<\/li>\n<\/ul>\n<p>Nasza firma jest w stanie wyprodukowa\u0107 ten produkt, a nasze zamienne cylindry hydrauliczne s\u0105 idealnym uzupe\u0142nieniem oryginalnych cylindr\u00f3w.<\/p>\n<h3>Aplikacje<\/h3>\n<p>Zamiennik cylindra podnosz\u0105cego TCA22838 nadaje si\u0119 do stosowania w r\u00f3\u017cnych urz\u0105dzeniach, w tym:<\/p>\n<ul>\n<li>Koparki: Si\u0142owniki hydrauliczne w ramieniu lub \u0142y\u017cce koparki mog\u0105 ulec uszkodzeniu na skutek d\u0142ugotrwa\u0142ego u\u017cytkowania lub przeci\u0105\u017cenia i musz\u0105 zosta\u0107 wymienione w celu przywr\u00f3cenia normalnej pracy.<\/li>\n<li>D\u017awigi: Si\u0142owniki hydrauliczne na wysi\u0119gniku d\u017awigu ulegaj\u0105 zu\u017cyciu podczas cz\u0119stego podnoszenia i opuszczania, dlatego nale\u017cy je regularnie wymienia\u0107 w celu zapewnienia bezpiecze\u0144stwa.<\/li>\n<li>Ci\u0105gniki: Si\u0142owniki hydrauliczne w \u0142adowarce czo\u0142owej ci\u0105gnika mog\u0105 przecieka\u0107 lub ich wydajno\u015b\u0107 mo\u017ce si\u0119 zmniejszy\u0107 podczas ci\u0105g\u0142ych operacji podnoszenia i przechylania, w zwi\u0105zku z czym konieczna mo\u017ce by\u0107 ich wymiana.<\/li>\n<li>Kombajny: Podczas zbior\u00f3w uk\u0142ad hydrauliczny w kombajnach jest nara\u017cony na dzia\u0142anie wysokiego ci\u015bnienia, a cylindry mog\u0105 ulec uszkodzeniu z powodu zm\u0119czenia materia\u0142u. W takim przypadku konieczna mo\u017ce by\u0107 terminowa wymiana w celu utrzymania wydajno\u015bci pracy.<\/li>\n<li>Zautomatyzowane linie produkcyjne: Si\u0142owniki hydrauliczne s\u0142u\u017c\u0105 do sterowania ramionami robot\u00f3w i innym sprz\u0119tem zautomatyzowanym. Awaria cylindra mo\u017ce mie\u0107 wp\u0142yw na wydajno\u015b\u0107 produkcji, co mo\u017ce wymaga\u0107 natychmiastowej wymiany.<\/li>\n<li>Maszyny odlewnicze: W \u015brodowiskach o wysokim ci\u015bnieniu i wysokiej temperaturze wydajno\u015b\u0107 cylindr\u00f3w hydraulicznych mo\u017ce ulec pogorszeniu, dlatego regularna wymiana mo\u017ce zapewni\u0107 jako\u015b\u0107 produktu.<\/li>\n<li>Sprz\u0119t g\u00f3rniczy: Cylindry hydrauliczne s\u0105 stosowane w sprz\u0119cie g\u00f3rniczym do podnoszenia i przenoszenia ci\u0119\u017ckich \u0142adunk\u00f3w. Ze wzgl\u0119du na trudne warunki pracy, regularne kontrole i wymiana s\u0105 niezb\u0119dne, aby unikn\u0105\u0107 awarii sprz\u0119tu.<\/li>\n<li>Spycharki: Zu\u017cycie si\u0142ownik\u00f3w hydraulicznych na lemieszach spycharki mo\u017ce spowodowa\u0107 zmniejszenie wydajno\u015bci pchania, co wymaga okresowej wymiany w celu utrzymania wydajno\u015bci operacyjnej.<\/li>\n<\/ul>\n<h3>Konserwacja<\/h3>\n<p>Regularna konserwacja jest kluczowa dla zapewnienia trwa\u0142o\u015bci i wydajno\u015bci si\u0142ownika podnosz\u0105cego TCA22838. Poni\u017cej przedstawiono kilka typowych czynno\u015bci konserwacyjnych:<\/p>\n<ul>\n<li>Regularne kontrole: Regularne kontrole si\u0142ownika hydraulicznego pozwalaj\u0105 wykry\u0107 potencjalne problemy zanim przekszta\u0142c\u0105 si\u0119 w powa\u017cniejsze problemy.<\/li>\n<li>Smarowanie: Prawid\u0142owe smarowanie mo\u017ce ograniczy\u0107 zu\u017cycie cylindra i wyd\u0142u\u017cy\u0107 jego \u017cywotno\u015b\u0107.<\/li>\n<li>Wymiana uszczelek: Zu\u017cyte lub uszkodzone uszczelki mog\u0105 by\u0107 przyczyn\u0105 przeciek\u00f3w i pogorszenia wydajno\u015bci, dlatego wa\u017cne jest, aby wymieni\u0107 je bezzw\u0142ocznie.<\/li>\n<li>Kontrola kalibracji: Sprawdzenie kalibracji si\u0142ownika hydraulicznego mo\u017ce pom\u00f3c w upewnieniu si\u0119, \u017ce dzia\u0142a on zgodnie z przeznaczeniem.<\/li>\n<\/ul>\n<p>Podczas instalacji wa\u017cne jest zapewnienie odpowiednich wskaz\u00f3wek dotycz\u0105cych ustawienia cylindra, u\u017cycie odpowiednich wspornik\u00f3w monta\u017cowych do zabezpieczenia cylindra oraz przestrzeganie zalecanych procedur kontroli, naprawy i wymiany. Oferujemy cz\u0119\u015bci zamienne i us\u0142ugi regeneracji, aby wyd\u0142u\u017cy\u0107 \u017cywotno\u015b\u0107 cylindra.<\/p>\n<h3>Zagadnienia bezpiecze\u0144stwa<\/h3>\n<p>Podczas u\u017cytkowania i monta\u017cu zamiennego si\u0142ownika podnosz\u0105cego TCA22838 nale\u017cy bezwzgl\u0119dnie zachowa\u0107 \u015brodki bezpiecze\u0144stwa. Prawid\u0142owy monta\u017c, smarowanie i regulacja s\u0105 niezb\u0119dne dla bezpiecznej eksploatacji. Zaleca si\u0119 r\u00f3wnie\u017c stosowanie odpowiedniego sprz\u0119tu bezpiecze\u0144stwa, w tym \u015brodk\u00f3w ochrony osobistej.<\/p>\n<h3>Diagnostyka usterek i typowe problemy<\/h3>\n<p>Do typowych usterek i problem\u00f3w, kt\u00f3re mog\u0105 wyst\u0105pi\u0107 przy wymianie cylindra podnosz\u0105cego TCA22838 nale\u017c\u0105:<\/p>\n<ul>\n<li>Nieszczelne uszczelki<\/li>\n<li>Zmniejszona wydajno\u015b\u0107 podnoszenia<\/li>\n<li>Powolna praca<\/li>\n<li>Niesp\u00f3jne dzia\u0142anie<\/li>\n<li>Uszkodzenia spowodowane przeci\u0105\u017ceniem lub zu\u017cyciem<\/li>\n<\/ul>\n<p>Aby zdiagnozowa\u0107 i rozwi\u0105za\u0107 te problemy, konieczna jest dok\u0142adna inspekcja i ocena si\u0142ownika hydraulicznego. Regularne kontrole i konserwacja mog\u0105 pom\u00f3c zapobiec wyst\u0105pieniu tych problem\u00f3w.<\/p>\n<h3>Zagadnienia projektowe i kryteria wyboru<\/h3>\n<p>Konstrukcja si\u0142ownika TCA22838 Real Lift Cylinder uwzgl\u0119dnia kluczowe czynniki, takie jak no\u015bno\u015b\u0107, uszczelnienie, trwa\u0142o\u015b\u0107, bezpiecze\u0144stwo i \u0142atwo\u015b\u0107 konserwacji. Si\u0142ownik jest wykonany z wysokiej jako\u015bci materia\u0142\u00f3w i zosta\u0142 zaprojektowany tak, aby spe\u0142nia\u0107 lub przewy\u017csza\u0107 parametry oryginalnego sprz\u0119tu. Si\u0142ownik posiada r\u00f3\u017cnorodne elementy uszczelniaj\u0105ce, w tym uszczelnienia t\u0142oka i t\u0142oczyska, wykonane z materia\u0142\u00f3w odpornych na zu\u017cycie, takich jak poliuretan i kauczuk nitrylowy. Korpus si\u0142ownika i gwintowana powierzchnia ko\u0144cowa s\u0105 poddawane starannej obr\u00f3bce w celu zwi\u0119kszenia odporno\u015bci na zu\u017cycie. Prawid\u0142owe smarowanie i regularna konserwacja maj\u0105 kluczowe znaczenie dla zapewnienia trwa\u0142o\u015bci i wydajno\u015bci si\u0142ownika.<\/p>\n<p>Nasza firma jest producentem zamiennych cylindr\u00f3w hydraulicznych oraz wiod\u0105cym producentem i hurtowym dystrybutorem cylindr\u00f3w hydraulicznych na rynku krajowym i mi\u0119dzynarodowym. Oferujemy us\u0142ugi dostosowane do indywidualnych potrzeb, a nasz sprz\u0119t i procesy produkcyjne spe\u0142niaj\u0105 mi\u0119dzynarodowe standardy certyfikacji. Dysponujemy profesjonalnym zespo\u0142em technicznym i zapewniamy naszym klientom wysokiej jako\u015bci obs\u0142ug\u0119 posprzeda\u017cow\u0105.<\/p>\n<p><img decoding=\"async\" src=\"https:\/\/www.hydraulic-cylinders.net\/wp-content\/uploads\/2024\/12\/Replacement-Of-John-Deere-Hydraulic-Cylinder-7.webp\" alt=\"Wymiana cylindra podnosz\u0105cego TCA22838\"><\/p>\n<p>Autor: lyl<\/p>\n<p><img decoding=\"async\" src=\"https:\/\/www.hydraulic-cylinders.net\/wp-content\/uploads\/2024\/12\/Replacement-Of-John-Deere-Hydraulic-Cylinder-8.webp\" alt=\"Wymiana cylindra podnosz\u0105cego TCA22838\"><\/p>\n<p>Autor: lyl<\/p>","protected":false},"excerpt":{"rendered":"<p>Replacement Of TCA22838 Real Lift Cylinder The Replacement Of TCA22838 Real Lift Cylinder is a hydraulic cylinder that is designed to replace the original lift cylinder in the 2653, 2653A, and 2653B models. This cylinder has a weight of 5.58 lb, a height of 2.75 in, and a length of 9 in. Product Specification and [&hellip;]<\/p>","protected":false},"featured_media":12455,"comment_status":"open","ping_status":"closed","template":"","meta":{"_et_pb_use_builder":"","_et_pb_old_content":"","_et_gb_content_width":""},"product_brand":[],"product_cat":[1489],"product_tag":[1380,1490,1491],"class_list":{"0":"post-14471","1":"product","2":"type-product","3":"status-publish","4":"has-post-thumbnail","6":"product_cat-replacement-of-john-deere-hydraulic-cylinder","7":"product_tag-hydraulic-cylinder","8":"product_tag-replacement-of-hydraulic-cylinder","9":"product_tag-replacemet-of-john-deere-hydraulic-cylinder","11":"first","12":"instock","13":"shipping-taxable","14":"product-type-simple"},"amp_enabled":true,"_links":{"self":[{"href":"https:\/\/www.hydraulic-cylinders.net\/pl\/wp-json\/wp\/v2\/product\/14471","targetHints":{"allow":["GET"]}}],"collection":[{"href":"https:\/\/www.hydraulic-cylinders.net\/pl\/wp-json\/wp\/v2\/product"}],"about":[{"href":"https:\/\/www.hydraulic-cylinders.net\/pl\/wp-json\/wp\/v2\/types\/product"}],"replies":[{"embeddable":true,"href":"https:\/\/www.hydraulic-cylinders.net\/pl\/wp-json\/wp\/v2\/comments?post=14471"}],"wp:featuredmedia":[{"embeddable":true,"href":"https:\/\/www.hydraulic-cylinders.net\/pl\/wp-json\/wp\/v2\/media\/12455"}],"wp:attachment":[{"href":"https:\/\/www.hydraulic-cylinders.net\/pl\/wp-json\/wp\/v2\/media?parent=14471"}],"wp:term":[{"taxonomy":"product_brand","embeddable":true,"href":"https:\/\/www.hydraulic-cylinders.net\/pl\/wp-json\/wp\/v2\/product_brand?post=14471"},{"taxonomy":"product_cat","embeddable":true,"href":"https:\/\/www.hydraulic-cylinders.net\/pl\/wp-json\/wp\/v2\/product_cat?post=14471"},{"taxonomy":"product_tag","embeddable":true,"href":"https:\/\/www.hydraulic-cylinders.net\/pl\/wp-json\/wp\/v2\/product_tag?post=14471"}],"curies":[{"name":"wp","href":"https:\/\/api.w.org\/{rel}","templated":true}]}}