{"id":14502,"date":"2024-12-12T08:49:15","date_gmt":"2024-12-12T08:49:15","guid":{"rendered":"https:\/\/www.hydraulic-cylinders.net\/product\/replacement-of-fxb00010183-bucket-cylinder-jointer\/"},"modified":"2024-12-12T08:49:17","modified_gmt":"2024-12-12T08:49:17","slug":"replacement-of-fxb00010183-bucket-cylinder-jointer","status":"publish","type":"product","link":"https:\/\/www.hydraulic-cylinders.net\/pl\/produkt\/replacement-of-fxb00010183-bucket-cylinder-jointer\/","title":{"rendered":"Wymiana \u0142\u0105cznika cylindra \u0142y\u017cki FXB00010183"},"content":{"rendered":"<h2>Wymiana \u0142\u0105cznika cylindra \u0142y\u017cki FXB00010183<\/h2>\n<p>W tym artykule przedstawiono zamiennik z\u0142\u0105czki hydraulicznej FXB00010183, jej specyfikacj\u0119 oraz kompatybilne modele. Si\u0142ownik hydrauliczny to niezb\u0119dny element, kt\u00f3ry odgrywa kluczow\u0105 rol\u0119 w r\u00f3\u017cnych zastosowaniach. <\/p>\n<h3>Dane techniczne:<\/h3>\n<ul>\n<li>Waga: 3,698 funta<\/li>\n<li>Wysoko\u015b\u0107: 3,2 cala<\/li>\n<li>Szeroko\u015b\u0107: 3,3 cala<\/li>\n<li>D\u0142ugo\u015b\u0107: 7,5 cala<\/li>\n<\/ul>\n<h3>Kompatybilne modele:<\/h3>\n<ul>\n<li>450C<\/li>\n<li>450D<\/li>\n<li>470 P<\/li>\n<li>470G<\/li>\n<\/ul>\n<h2>Cechy produktu<\/h2>\n<p>Wymiana cylindrycznej z\u0142\u0105czki kube\u0142kowej FXB00010183 zapewnia szereg korzy\u015bci:<\/p>\n<ol>\n<li>Lepsza wydajno\u015b\u0107 sprz\u0119tu: Wymiana uszkodzonych lub zu\u017cytych cylindr\u00f3w hydraulicznych przywraca normaln\u0105 zdolno\u015b\u0107 operacyjn\u0105 sprz\u0119tu, gwarantuj\u0105c optymaln\u0105 wydajno\u015b\u0107 w r\u00f3\u017cnych zastosowaniach.<\/li>\n<li>Wi\u0119ksze bezpiecze\u0144stwo: Regularna wymiana cylindr\u00f3w hydraulicznych zmniejsza zagro\u017cenia bezpiecze\u0144stwa spowodowane awariami cylindr\u00f3w, zapewniaj\u0105c bezpiecze\u0144stwo operator\u00f3w i sprz\u0119tu.<\/li>\n<li>Zabezpieczenie przed przeci\u0105\u017ceniem: Konstrukcja nowych cylindr\u00f3w cz\u0119sto obejmuje lepsze mechanizmy zabezpieczaj\u0105ce przed przeci\u0105\u017ceniem, co poprawia bezpiecze\u0144stwo w trakcie pracy.<\/li>\n<li>Szybka instalacja: Nowoczesne si\u0142owniki hydrauliczne s\u0105 zaprojektowane tak, aby ich instalacja i wymiana by\u0142y \u0142atwe, co minimalizuje przestoje.<\/li>\n<li>Standaryzowane komponenty: Wiele si\u0142ownik\u00f3w hydraulicznych to produkty standaryzowane, co u\u0142atwia dost\u0119p do cz\u0119\u015bci zamiennych na rynku.<\/li>\n<\/ol>\n<p>Specjalizujemy si\u0119 w produkcji tego produktu, oferuj\u0105c doskona\u0142y zamiennik tych cylindr\u00f3w hydraulicznych. <\/p>\n<h2>Aplikacje<\/h2>\n<p>Zamiennik z\u0142\u0105czki cylindrycznej FXB00010183 jest powszechnie stosowany w nast\u0119puj\u0105cych zastosowaniach:<\/p>\n<ol>\n<li>Koparki: Si\u0142owniki hydrauliczne w ramionach lub \u0142y\u017ckach koparki mog\u0105 ulec uszkodzeniu na skutek d\u0142ugotrwa\u0142ego u\u017cytkowania lub przeci\u0105\u017cenia. W takim przypadku konieczna mo\u017ce by\u0107 wymiana w celu przywr\u00f3cenia normalnej pracy.<\/li>\n<li>D\u017awigi: Si\u0142owniki hydrauliczne w ramionach wysi\u0119gnika d\u017awigu ulegaj\u0105 zu\u017cyciu podczas cz\u0119stego podnoszenia i opuszczania, co powoduje konieczno\u015b\u0107 ich regularnej wymiany w celu zapewnienia bezpiecze\u0144stwa.<\/li>\n<li>Ci\u0105gniki: Si\u0142owniki hydrauliczne w \u0142adowarkach czo\u0142owych ci\u0105gnik\u00f3w mog\u0105 wykazywa\u0107 nieszczelno\u015bci lub mog\u0105 ulec pogorszeniu wydajno\u015bci podczas ci\u0105g\u0142ych operacji podnoszenia i przechylania, co mo\u017ce wymaga\u0107 wymiany.<\/li>\n<li>Kombajny: Uk\u0142ad hydrauliczny jest poddawany dzia\u0142aniu wysokiego ci\u015bnienia podczas zbioru, a cylindry mog\u0105 ulec uszkodzeniu z powodu zm\u0119czenia materia\u0142u. Terminowa wymiana jest kluczowa dla utrzymania wydajno\u015bci pracy.<\/li>\n<li>Zautomatyzowane linie produkcyjne: Si\u0142owniki hydrauliczne s\u0142u\u017c\u0105 do sterowania ramionami robot\u00f3w i innymi urz\u0105dzeniami zautomatyzowanymi. Awarie si\u0142ownik\u00f3w mog\u0105 znacz\u0105co wp\u0142yn\u0105\u0107 na wydajno\u015b\u0107 produkcji, co wymaga natychmiastowej wymiany.<\/li>\n<\/ol>\n<p><!-- Insert Image --><br \/>\n<img decoding=\"async\" src=\"https:\/\/www.hydraulic-cylinders.net\/wp-content\/uploads\/2024\/12\/Replacement-Of-John-Deere-Hydraulic-Cylinder-7.webp\" alt=\"Si\u0142ownik hydrauliczny\" \/><\/p>\n<h2>Zadania konserwacyjne<\/h2>\n<p>Regularne zadania konserwacyjne w ramach wymiany z\u0142\u0105czki cylindrycznej FXB00010183 obejmuj\u0105:<\/p>\n<ol>\n<li>Regularne kontrole: Okresowe kontrole pozwalaj\u0105 zidentyfikowa\u0107 wszelkie problemy lub oznaki zu\u017cycia si\u0142ownika hydraulicznego, zapewniaj\u0105c optymaln\u0105 wydajno\u015b\u0107.<\/li>\n<li>W\u0142a\u015bciwe smarowanie: W\u0142a\u015bciwe smarowanie element\u00f3w cylindra zmniejsza tarcie i wyd\u0142u\u017ca \u017cywotno\u015b\u0107 cylindra hydraulicznego.<\/li>\n<li>Wymiana uszczelek i kontrola kalibracji: Terminowa wymiana uszczelek i kontrola kalibracji zapewniaj\u0105 wydajn\u0105 i szczeln\u0105 prac\u0119 cylindra.<\/li>\n<\/ol>\n<p>Podczas monta\u017cu nale\u017cy zapewni\u0107 odpowiednie wskaz\u00f3wki dotycz\u0105ce ustawienia cylindra, zaleci\u0107 u\u017cycie odpowiednich wspornik\u00f3w monta\u017cowych w celu zapewnienia bezpiecznego mocowania oraz przestrzega\u0107 zalecanych procedur kontroli, naprawy i wymiany. Oferujemy cz\u0119\u015bci zamienne i us\u0142ugi regeneracji, aby wyd\u0142u\u017cy\u0107 \u017cywotno\u015b\u0107 cylindra hydraulicznego.<\/p>\n<h2>Zagadnienia bezpiecze\u0144stwa i czynniki \u015brodowiskowe<\/h2>\n<p>Podczas u\u017cytkowania \u0142\u0105cznika cylindr\u00f3w hydraulicznych FXB00010183 \u015brodki bezpiecze\u0144stwa maj\u0105 kluczowe znaczenie. Przestrzeganie zasad bezpiecze\u0144stwa jest niezb\u0119dne, aby zapobiega\u0107 wypadkom i zapewni\u0107 bezpiecze\u0144stwo operatorom i personelowi. Ponadto, uwzgl\u0119dnienie czynnik\u00f3w \u015brodowiskowych podczas u\u017cytkowania cylindr\u00f3w hydraulicznych pomaga zminimalizowa\u0107 wp\u0142yw na \u015brodowisko.<\/p>\n<h2>Rozwi\u0105zywanie problem\u00f3w i typowe problemy<\/h2>\n<p>Poni\u017cej przedstawiono kilka typowych wskaz\u00f3wek dotycz\u0105cych rozwi\u0105zywania problem\u00f3w i rozwi\u0105za\u0144 typowych problem\u00f3w z wymian\u0105 z\u0142\u0105czki cylindrycznej \u0142y\u017cki FXB00010183:<\/p>\n<ul>\n<li>Problem 1: Cylinder nie wysuwa si\u0119 lub nie chowa prawid\u0142owo.<\/li>\n<li>Rozwi\u0105zanie: Sprawd\u017a szczelno\u015b\u0107 uk\u0142adu hydraulicznego, sprawd\u017a uszczelki i upewnij si\u0119, \u017ce s\u0105 prawid\u0142owo smarowane. W razie potrzeby wymie\u0144 uszkodzone cz\u0119\u015bci.<\/li>\n<li>Problem 2: Cylinder wydaje dziwne d\u017awi\u0119ki podczas pracy.<\/li>\n<li>Rozwi\u0105zanie: Sprawd\u017a, czy po\u0142\u0105czenia nie s\u0105 lu\u017ane, czy elementy nie s\u0105 uszkodzone lub czy nie wyst\u0119puje niedostateczne smarowanie. Dokr\u0119\u0107 po\u0142\u0105czenia, wymie\u0144 uszkodzone cz\u0119\u015bci i nasmaruj w razie potrzeby.<\/li>\n<li>Problem 3: Wyciek p\u0142ynu z cylindra.<\/li>\n<li>Rozwi\u0105zanie: Sprawd\u017a szczelno\u015b\u0107 uszczelek, po\u0142\u0105cze\u0144 i przewod\u00f3w hydraulicznych. Wymie\u0144 uszkodzone uszczelki lub napraw po\u0142\u0105czenia, aby rozwi\u0105za\u0107 problem.<\/li>\n<\/ul>\n<p>Stosuj\u0105c si\u0119 do tych wskaz\u00f3wek dotycz\u0105cych rozwi\u0105zywania problem\u00f3w, czytelnicy mog\u0105 skutecznie diagnozowa\u0107 i rozwi\u0105zywa\u0107 problemy z si\u0142ownikiem hydraulicznym. Ponadto, wdro\u017cenie \u015brodk\u00f3w zapobiegawczych mo\u017ce pom\u00f3c zminimalizowa\u0107 potencjalne problemy.<\/p>\n<p><!-- Insert Image --><br \/>\n<img decoding=\"async\" src=\"https:\/\/www.hydraulic-cylinders.net\/wp-content\/uploads\/2024\/12\/Replacement-Of-John-Deere-Hydraulic-Cylinder-8.webp\" alt=\"Si\u0142ownik hydrauliczny\" \/><\/p>\n<h2>Zagadnienia projektowe i kryteria wyboru<\/h2>\n<p>Przy wyborze zamiennika z\u0142\u0105czki cylindrycznej FXB00010183, nale\u017cy wzi\u0105\u0107 pod uwag\u0119 nast\u0119puj\u0105ce aspekty konstrukcyjne:<\/p>\n<ol>\n<li>No\u015bno\u015b\u0107: Si\u0142ownik hydrauliczny powinien mie\u0107 no\u015bno\u015b\u0107 wymagan\u0105 do obs\u0142ugi zamierzonych zastosowa\u0144.<\/li>\n<li>Uszczelnienie i trwa\u0142o\u015b\u0107: Wysokiej jako\u015bci uszczelki i trwa\u0142a konstrukcja gwarantuj\u0105 niezawodn\u0105 prac\u0119 cylindra i odporno\u015b\u0107 na trudne warunki.<\/li>\n<li>Bezpiecze\u0144stwo: Konstrukcja powinna uwzgl\u0119dnia\u0107 zabezpieczenia zapobiegaj\u0105ce wypadkom i zapewniaj\u0105ce ochron\u0119 operatora.<\/li>\n<li>\u0141atwo\u015b\u0107 konserwacji: \u0141atwo\u015b\u0107 konserwacji i naprawy to wa\u017cne czynniki wp\u0142ywaj\u0105ce na ograniczenie przestoj\u00f3w i wyd\u0142u\u017cenie \u017cywotno\u015bci cylindra.<\/li>\n<\/ol>\n<p>Co wi\u0119cej, zamiennik \u0142\u0105cznika cylindra czerpakowego FXB00010183 wykorzystuje r\u00f3\u017cnorodne elementy uszczelniaj\u0105ce, takie jak uszczelki t\u0142oka i t\u0142oczyska, wykonane z materia\u0142\u00f3w odpornych na zu\u017cycie, takich jak poliuretan i kauczuk nitrylowy. Korpus cylindra i gwintowane ko\u0144c\u00f3wki s\u0105 precyzyjnie obrabiane w celu zwi\u0119kszenia odporno\u015bci na zu\u017cycie. Regularne smarowanie odpowiedni\u0105 ilo\u015bci\u0105 oleju hydraulicznego jest niezb\u0119dne dla optymalnej wydajno\u015bci.<\/p>\n<h2>Regularne kontrole i konserwacja zapobiegawcza<\/h2>\n<p>Aby zapewni\u0107 d\u0142ug\u0105 \u017cywotno\u015b\u0107 \u0142\u0105cznika cylindra \u0142y\u017cki FXB00010183, zaleca si\u0119 wykonywanie nast\u0119puj\u0105cych czynno\u015bci konserwacyjnych:<\/p>\n<ol>\n<li>Regularne kontrole: Przeprowadzaj regularne kontrole w celu wykrycia wszelkich oznak zu\u017cycia, wyciek\u00f3w lub innych problem\u00f3w.<\/li>\n<li>Prawid\u0142owe smarowanie: Nale\u017cy stosowa\u0107 si\u0119 do zalece\u0144 producenta dotycz\u0105cych smarowania, aby zmniejszy\u0107 tarcie i wyd\u0142u\u017cy\u0107 \u017cywotno\u015b\u0107 cylindra.<\/li>\n<li>Wymiana uszczelek: Regularna wymiana uszczelek pozwala zachowa\u0107 wydajno\u015b\u0107 cylindra i zapobiega wyciekom.<\/li>\n<\/ol>\n<p>Dok\u0142adne wskaz\u00f3wki dotycz\u0105ce instalacji, prawid\u0142owe ustawienie cylindra podczas monta\u017cu oraz zasugerowanie u\u017cycia odpowiednich uchwyt\u00f3w monta\u017cowych w celu zapewnienia bezpiecznego mocowania s\u0105 niezb\u0119dne do prawid\u0142owego monta\u017cu. Oferujemy r\u00f3wnie\u017c zalecenia dotycz\u0105ce procedur kontroli, naprawy i wymiany, a tak\u017ce wskaz\u00f3wki dotycz\u0105ce wyd\u0142u\u017cenia \u017cywotno\u015bci cylindra hydraulicznego.<\/p>\n<h2>O naszej firmie<\/h2>\n<p>Jeste\u015bmy wiod\u0105cym producentem i hurtowym dystrybutorem zamiennych si\u0142ownik\u00f3w hydraulicznych. Nasza firma<\/p>","protected":false},"excerpt":{"rendered":"<p>Replacement Of FXB00010183 Bucket Cylinder Jointer This article introduces the Replacement Of FXB00010183 Bucket Cylinder Jointer, its specifications, and compatible models. The hydraulic cylinder is an essential component that plays a crucial role in various applications. Specifications: Weight: 3.698 lb Height: 3.2 in Width: 3.3 in Length: 7.5 in Compatible Models: 450C 450D 470 P [&hellip;]<\/p>","protected":false},"featured_media":12281,"comment_status":"open","ping_status":"closed","template":"","meta":{"_et_pb_use_builder":"","_et_pb_old_content":"","_et_gb_content_width":""},"product_brand":[],"product_cat":[1489],"product_tag":[1380,1490,1491],"class_list":{"0":"post-14502","1":"product","2":"type-product","3":"status-publish","4":"has-post-thumbnail","6":"product_cat-replacement-of-john-deere-hydraulic-cylinder","7":"product_tag-hydraulic-cylinder","8":"product_tag-replacement-of-hydraulic-cylinder","9":"product_tag-replacemet-of-john-deere-hydraulic-cylinder","11":"first","12":"instock","13":"shipping-taxable","14":"product-type-simple"},"amp_enabled":true,"_links":{"self":[{"href":"https:\/\/www.hydraulic-cylinders.net\/pl\/wp-json\/wp\/v2\/product\/14502","targetHints":{"allow":["GET"]}}],"collection":[{"href":"https:\/\/www.hydraulic-cylinders.net\/pl\/wp-json\/wp\/v2\/product"}],"about":[{"href":"https:\/\/www.hydraulic-cylinders.net\/pl\/wp-json\/wp\/v2\/types\/product"}],"replies":[{"embeddable":true,"href":"https:\/\/www.hydraulic-cylinders.net\/pl\/wp-json\/wp\/v2\/comments?post=14502"}],"wp:featuredmedia":[{"embeddable":true,"href":"https:\/\/www.hydraulic-cylinders.net\/pl\/wp-json\/wp\/v2\/media\/12281"}],"wp:attachment":[{"href":"https:\/\/www.hydraulic-cylinders.net\/pl\/wp-json\/wp\/v2\/media?parent=14502"}],"wp:term":[{"taxonomy":"product_brand","embeddable":true,"href":"https:\/\/www.hydraulic-cylinders.net\/pl\/wp-json\/wp\/v2\/product_brand?post=14502"},{"taxonomy":"product_cat","embeddable":true,"href":"https:\/\/www.hydraulic-cylinders.net\/pl\/wp-json\/wp\/v2\/product_cat?post=14502"},{"taxonomy":"product_tag","embeddable":true,"href":"https:\/\/www.hydraulic-cylinders.net\/pl\/wp-json\/wp\/v2\/product_tag?post=14502"}],"curies":[{"name":"wp","href":"https:\/\/api.w.org\/{rel}","templated":true}]}}