{"id":14703,"date":"2025-01-18T08:02:09","date_gmt":"2025-01-18T08:02:09","guid":{"rendered":"https:\/\/www.hydraulic-cylinders.net\/product\/replacement-of-wzw0010709-hydraulic-cylinder-3\/"},"modified":"2025-01-18T08:02:11","modified_gmt":"2025-01-18T08:02:11","slug":"replacement-of-wzw0010709-hydraulic-cylinder-3","status":"publish","type":"product","link":"https:\/\/www.hydraulic-cylinders.net\/pl\/produkt\/replacement-of-wzw0010709-hydraulic-cylinder-3\/","title":{"rendered":"Wymiana cylindra hydraulicznego WZW0010709"},"content":{"rendered":"<p>Wymiana cylindra hydraulicznego WZW0010709<\/p>\n<p>Najpierw zdefiniujmy produkt. Zamiennik si\u0142ownika hydraulicznego WZW0010709 to urz\u0105dzenie mechaniczne s\u0142u\u017c\u0105ce do wytwarzania si\u0142y jednokierunkowej poprzez jednokierunkowy skok. Jego celem jest przekszta\u0142cenie energii hydrostatycznej w energi\u0119 mechaniczn\u0105 i wykonanie pracy w ruchu liniowym.<\/p>\n<p>Specyfikacje i modele<\/p>\n<p>Zamiennik si\u0142ownika hydraulicznego WZW0010709 wyst\u0119puje w r\u00f3\u017cnych specyfikacjach i modelach, obejmuj\u0105cych \u015brednic\u0119 cylindra, d\u0142ugo\u015b\u0107 skoku t\u0142oka i maksymalne ci\u015bnienie robocze. Te specyfikacje i modele zosta\u0142y zaprojektowane tak, aby sprosta\u0107 wymaganiom r\u00f3\u017cnych zastosowa\u0144, takich jak sprz\u0119t budowlany, produkcja, transport i lotnictwo.<\/p>\n<p>Cechy<\/p>\n<p>Zamiennik si\u0142ownika hydraulicznego WZW0010709 ma kilka cech, kt\u00f3re wyr\u00f3\u017cniaj\u0105 go na tle innych si\u0142ownik\u00f3w hydraulicznych. Jest trwa\u0142y, niezawodny i odporny na wysokie ci\u015bnienia i temperatury. Ponadto jest wysoce wydajny i mo\u017cna go dostosowa\u0107 do indywidualnych wymaga\u0144. Oto kilka przyk\u0142ad\u00f3w jego kluczowych cech:<\/p>\n<p>\u2013 Wysoka no\u015bno\u015b\u0107<br \/>\n\u2013 Doskona\u0142a skuteczno\u015b\u0107 uszczelniania<br \/>\n\u2013 D\u0142uga \u017cywotno\u015b\u0107<br \/>\n\u2013 \u0141atwa konserwacja<br \/>\n\u2013 Mo\u017cliwo\u015b\u0107 zamiany z innymi si\u0142ownikami hydraulicznymi<\/p>\n<p>Aplikacje<\/p>\n<p>Zamiennik si\u0142ownika hydraulicznego WZW0010709 jest stosowany w r\u00f3\u017cnych ga\u0142\u0119ziach przemys\u0142u i zastosowaniach. W sprz\u0119cie budowlanym jest powszechnie stosowany w d\u017awigach, podno\u015bnikach i windach do bezpiecznego utrzymywania du\u017cych ci\u0119\u017car\u00f3w. W produkcji jest u\u017cywany w prasach do formowania materia\u0142\u00f3w pod wysokim ci\u015bnieniem, co wymaga zamocowania si\u0142ownika. W transporcie jest stosowany w stabilizatorach pojazd\u00f3w i podno\u015bnikach, aby zapewni\u0107 bezpiecze\u0144stwo podczas konserwacji lub transportu. W lotnictwie jest stosowany w systemach podwozi samolot\u00f3w, aby utrzyma\u0107 je we w\u0142a\u015bciwej pozycji podczas startu i l\u0105dowania.<\/p>\n<p>Zagadnienia projektowe i standardy wyboru<\/p>\n<p>Projektuj\u0105c zamiennik si\u0142ownika hydraulicznego WZW0010709, bierze si\u0119 pod uwag\u0119 kilka czynnik\u00f3w, takich jak no\u015bno\u015b\u0107, uszczelnienie, trwa\u0142o\u015b\u0107, bezpiecze\u0144stwo i \u0142atwo\u015b\u0107 konserwacji. Aby zapewni\u0107 odpowiedni\u0105 no\u015bno\u015b\u0107 si\u0142ownika, zosta\u0142 on zaprojektowany z materia\u0142\u00f3w o wysokiej wytrzyma\u0142o\u015bci i wyprodukowany przy u\u017cyciu precyzyjnych technik obr\u00f3bki. Uszczelnienie uzyskano dzi\u0119ki zastosowaniu r\u00f3\u017cnych element\u00f3w uszczelniaj\u0105cych, w tym uszczelnie\u0144 t\u0142oka i t\u0142oczyska, wykonanych z materia\u0142\u00f3w odpornych na zu\u017cycie, takich jak poliuretan i kauczuk nitrylowy. Trwa\u0142o\u015b\u0107 si\u0142ownika zosta\u0142a zwi\u0119kszona dzi\u0119ki zastosowaniu precyzyjnie obrobionych korpus\u00f3w si\u0142ownik\u00f3w i gwintowanych ko\u0144c\u00f3wek, kt\u00f3re zwi\u0119kszaj\u0105 odporno\u015b\u0107 na zu\u017cycie. Prawid\u0142owe smarowanie jest r\u00f3wnie\u017c niezb\u0119dne, a si\u0142ownik wymaga okresowego smarowania olejem hydraulicznym.<\/p>\n<p>Konserwacja i naprawa<\/p>\n<p>Rutynowa konserwacja i naprawy s\u0105 niezb\u0119dne dla zapewnienia d\u0142ugotrwa\u0142ej \u017cywotno\u015bci i prawid\u0142owego dzia\u0142ania si\u0142ownika hydraulicznego WZW0010709. Typowe czynno\u015bci konserwacyjne obejmuj\u0105 regularne kontrole, odpowiednie smarowanie oraz wymian\u0119 uszczelnie\u0144 i kalibracj\u0119. Prawid\u0142owy monta\u017c, smarowanie i regulacja s\u0105 r\u00f3wnie\u017c niezb\u0119dne i powinny by\u0107 wykonywane zgodnie z instrukcj\u0105 monta\u017cu. Zaleca si\u0119 stosowanie odpowiednich wspornik\u00f3w monta\u017cowych do zabezpieczenia si\u0142ownika podczas monta\u017cu. Zalecane procedury kontroli, naprawy i wymiany pomog\u0105 wyd\u0142u\u017cy\u0107 \u017cywotno\u015b\u0107 si\u0142ownika.<\/p>\n<p>Zagadnienia bezpiecze\u0144stwa i czynniki \u015brodowiskowe<\/p>\n<p>Wymiana si\u0142ownika hydraulicznego WZW0010709 powinna odbywa\u0107 si\u0119 z zachowaniem \u015brodk\u00f3w bezpiecze\u0144stwa, aby zapewni\u0107 bezpieczne u\u017cytkowanie i zapobiec wypadkom. Nale\u017cy przestrzega\u0107 wytycznych bezpiecze\u0144stwa oraz zapewni\u0107 prawid\u0142ow\u0105 instalacj\u0119 i konserwacj\u0119, aby zapobiec szkodom dla \u015brodowiska.<\/p>\n<p>Rozwi\u0105zywanie problem\u00f3w i typowe problemy<\/p>\n<p>Nieuchronnie, wymiana si\u0142ownika hydraulicznego WZW0010709 mo\u017ce powodowa\u0107 problemy, takie jak wycieki, nietypowy ha\u0142as lub brak mocy. Aby rozwi\u0105za\u0107 te problemy, nale\u017cy regularnie sprawdza\u0107 si\u0142ownik, a problem nale\u017cy szybko zdiagnozowa\u0107 i rozwi\u0105za\u0107. \u015arodki zapobiegawcze, takie jak prawid\u0142owa instalacja, rutynowa konserwacja i modernizacja, mog\u0105 ograniczy\u0107 potencjalne problemy.<\/p>\n<p>O naszej firmie<\/p>\n<p>Nasza firma jest wiod\u0105cym producentem i hurtowym dystrybutorem cylindr\u00f3w hydraulicznych, w tym zamiennika cylindra hydraulicznego WZW0010709. Oferujemy szerok\u0105 gam\u0119 produkt\u00f3w, mi\u0119dzynarodowe certyfikaty, us\u0142ugi dostosowane do indywidualnych potrzeb oraz doskona\u0142e wsparcie posprzeda\u017cowe. Nasz sprz\u0119t produkcyjny jest najnowocze\u015bniejszy, a wykwalifikowani technicy dbaj\u0105 o to, aby nasze produkty spe\u0142nia\u0142y najwy\u017csze standardy jako\u015bci.<\/p>\n<p>Podsumowuj\u0105c, si\u0142ownik hydrauliczny WZW0010709 to wysokowydajne urz\u0105dzenie mechaniczne, szeroko stosowane w r\u00f3\u017cnych zastosowaniach i bran\u017cach. Jest trwa\u0142y, niezawodny i wydajny, a tak\u017ce mo\u017cna go dostosowa\u0107 do indywidualnych wymaga\u0144. Dzi\u0119ki przestrzeganiu prawid\u0142owych procedur instalacji, konserwacji i napraw, zapewnia niezawodn\u0105 i d\u0142ugotrwa\u0142\u0105 prac\u0119.<\/p>","protected":false},"excerpt":{"rendered":"<p>Replacement Of WZW0010709 Hydraulic Cylinder Firstly, let&#8217;s define the product. The Replacement Of WZW0010709 Hydraulic Cylinder is a mechanical device that is used to produce unidirectional force through a unidirectional stroke. Its purpose is to convert hydrostatic energy into mechanical energy and to perform work in a linear motion. Specifications and Models The Replacement Of [&hellip;]<\/p>","protected":false},"featured_media":14680,"comment_status":"open","ping_status":"closed","template":"","meta":{"_et_pb_use_builder":"","_et_pb_old_content":"","_et_gb_content_width":""},"product_brand":[],"product_cat":[1489],"product_tag":[1490,1492],"class_list":{"0":"post-14703","1":"product","2":"type-product","3":"status-publish","4":"has-post-thumbnail","6":"product_cat-replacement-of-john-deere-hydraulic-cylinder","7":"product_tag-replacement-of-hydraulic-cylinder","8":"product_tag-replacement-of-john-deere-hydraulic-cylinder","10":"first","11":"instock","12":"shipping-taxable","13":"product-type-simple"},"amp_enabled":true,"_links":{"self":[{"href":"https:\/\/www.hydraulic-cylinders.net\/pl\/wp-json\/wp\/v2\/product\/14703","targetHints":{"allow":["GET"]}}],"collection":[{"href":"https:\/\/www.hydraulic-cylinders.net\/pl\/wp-json\/wp\/v2\/product"}],"about":[{"href":"https:\/\/www.hydraulic-cylinders.net\/pl\/wp-json\/wp\/v2\/types\/product"}],"replies":[{"embeddable":true,"href":"https:\/\/www.hydraulic-cylinders.net\/pl\/wp-json\/wp\/v2\/comments?post=14703"}],"wp:featuredmedia":[{"embeddable":true,"href":"https:\/\/www.hydraulic-cylinders.net\/pl\/wp-json\/wp\/v2\/media\/14680"}],"wp:attachment":[{"href":"https:\/\/www.hydraulic-cylinders.net\/pl\/wp-json\/wp\/v2\/media?parent=14703"}],"wp:term":[{"taxonomy":"product_brand","embeddable":true,"href":"https:\/\/www.hydraulic-cylinders.net\/pl\/wp-json\/wp\/v2\/product_brand?post=14703"},{"taxonomy":"product_cat","embeddable":true,"href":"https:\/\/www.hydraulic-cylinders.net\/pl\/wp-json\/wp\/v2\/product_cat?post=14703"},{"taxonomy":"product_tag","embeddable":true,"href":"https:\/\/www.hydraulic-cylinders.net\/pl\/wp-json\/wp\/v2\/product_tag?post=14703"}],"curies":[{"name":"wp","href":"https:\/\/api.w.org\/{rel}","templated":true}]}}