{"id":1483,"date":"2023-09-26T06:49:38","date_gmt":"2023-09-26T06:49:38","guid":{"rendered":"https:\/\/hydraulic-cylinders.net\/?post_type=product&#038;p=1483"},"modified":"2025-04-11T03:41:32","modified_gmt":"2025-04-11T03:41:32","slug":"small-excavator-boom-cylinder","status":"publish","type":"product","link":"https:\/\/www.hydraulic-cylinders.net\/pl\/produkt\/small-excavator-boom-cylinder\/","title":{"rendered":"Ma\u0142y si\u0142ownik wysi\u0119gnika koparki"},"content":{"rendered":"<h1 style=\"text-align: center;\"><strong>Ma\u0142y si\u0142ownik wysi\u0119gnika koparki<\/strong><\/h1>\n<p><img loading=\"lazy\" decoding=\"async\" class=\"aligncenter wp-image-1484\" src=\"https:\/\/hydraulic-cylinders.net\/wp-content\/uploads\/2023\/09\/boom-cylinder-1-300x300.webp\" alt=\"\" width=\"400\" height=\"400\" \/><\/p>\n<p>Si\u0142ownik wysi\u0119gnika ma\u0142ej koparki to wydajny element hydrauliczny, kt\u00f3ry optymalizuje mo\u017cliwo\u015bci podnoszenia i zasi\u0119g ma\u0142ych koparek. Ten si\u0142ownik zosta\u0142 specjalnie zaprojektowany, aby zapewni\u0107 wyj\u0105tkow\u0105 wytrzyma\u0142o\u015b\u0107, trwa\u0142o\u015b\u0107 i precyzj\u0119 w kompaktowych maszynach budowlanych.<\/p>\n<p>Si\u0142ownik wysi\u0119gnika ma\u0142ej koparki to niezb\u0119dny element hydrauliczny, kt\u00f3ry zwi\u0119ksza wydajno\u015b\u0107 i osi\u0105gi ma\u0142ych koparek. Dzi\u0119ki kompaktowej konstrukcji, wysokiemu ud\u017awigowi i precyzyjnemu sterowaniu, si\u0142ownik ten umo\u017cliwia operatorom \u0142atwe i precyzyjne wykonywanie r\u00f3\u017cnych zada\u0144 wykopaliskowych. Przestrzegaj\u0105c zalecanych metod u\u017cytkowania i konserwacji, operatorzy mog\u0105 zapewni\u0107 optymaln\u0105 wydajno\u015b\u0107 i trwa\u0142o\u015b\u0107 si\u0142ownika wysi\u0119gnika ma\u0142ej koparki, co przek\u0142ada si\u0119 na zwi\u0119kszon\u0105 wydajno\u015b\u0107 i pomy\u015blne uko\u0144czenie projekt\u00f3w budowlanych i wykopaliskowych. Zainwestuj w ten wyj\u0105tkowy si\u0142ownik hydrauliczny, aby zwi\u0119kszy\u0107 mo\u017cliwo\u015bci swojej ma\u0142ej koparki i osi\u0105gn\u0105\u0107 doskona\u0142e rezultaty w zakresie podnoszenia i si\u0119gania.<\/p>\n<p>G\u0142\u00f3wne cechy si\u0142ownika wysi\u0119gnika ma\u0142ej koparki:<\/p>\n<ol>\n<li>Kompaktowa konstrukcja i solidna konstrukcja<\/li>\n<\/ol>\n<ul>\n<li>Ma\u0142y si\u0142ownik wysi\u0119gnika koparki zosta\u0142 specjalnie zaprojektowany do ma\u0142ych koparek, zapewniaj\u0105c idealne dopasowanie i optymaln\u0105 wydajno\u015b\u0107.<\/li>\n<li>Kompaktowa i solidna konstrukcja pozwala na prac\u0119 w trudnych warunkach, zapewniaj\u0105c d\u0142ugotrwa\u0142\u0105 wytrzyma\u0142o\u015b\u0107.<\/li>\n<\/ul>\n<ol start=\"2\">\n<li>Du\u017ca \u0142adowno\u015b\u0107 i zasi\u0119g<\/li>\n<\/ol>\n<ul>\n<li>Pomimo niewielkich rozmiar\u00f3w, cylinder charakteryzuje si\u0119 imponuj\u0105cym ud\u017awigiem i zasi\u0119giem, co umo\u017cliwia wydajne przenoszenie materia\u0142\u00f3w i wykonywanie prac ziemnych.<\/li>\n<li>Zapewnia niezb\u0119dn\u0105 moc i zasi\u0119g, aby manewrowa\u0107 w ciasnych przestrzeniach i dotrze\u0107 do trudno dost\u0119pnych miejsc.<\/li>\n<\/ul>\n<ol start=\"3\">\n<li>Precyzyjna kontrola i p\u0142ynna praca<\/li>\n<\/ol>\n<ul>\n<li>Zaawansowany uk\u0142ad hydrauliczny cylindra gwarantuje precyzyjn\u0105 kontrol\u0119 i p\u0142ynn\u0105 prac\u0119, umo\u017cliwiaj\u0105c operatorom wykonywanie zada\u0144 z dok\u0142adno\u015bci\u0105 i wydajno\u015bci\u0105.<\/li>\n<li>Zapewnia doskona\u0142\u0105 responsywno\u015b\u0107 i zwrotno\u015b\u0107, u\u0142atwiaj\u0105c precyzyjne pozycjonowanie i zwi\u0119kszaj\u0105c produktywno\u015b\u0107 na miejscu pracy.<\/li>\n<\/ul>\n<ol start=\"4\">\n<li>Niezawodna wydajno\u015b\u0107 i bezpiecze\u0144stwo<\/li>\n<\/ol>\n<ul>\n<li>Zbudowany z wysokiej jako\u015bci materia\u0142\u00f3w i spe\u0142niaj\u0105cy rygorystyczne standardy produkcyjne, ma\u0142y si\u0142ownik wysi\u0119gnika koparki gwarantuje niezawodn\u0105 wydajno\u015b\u0107 w wymagaj\u0105cych warunkach.<\/li>\n<li>Posiada funkcje bezpiecze\u0144stwa, kt\u00f3re zapobiegaj\u0105 nag\u0142ym upadkom lub nieoczekiwanym ruchom, gwarantuj\u0105c bezpiecze\u0144stwo operatora i sprz\u0119tu w trakcie pracy.<\/li>\n<\/ul>\n<h2><strong>Parametry cylindra wysi\u0119gnika ma\u0142ej koparki:<\/strong><\/h2>\n<table border=\"1\" cellspacing=\"0\" cellpadding=\"0\">\n<tbody>\n<tr>\n<td>Nazwa produktu<\/td>\n<td>Ma\u0142y si\u0142ownik wysi\u0119gnika koparki<\/td>\n<\/tr>\n<tr>\n<td>Cechy:<\/td>\n<td>Kontroluj ruch podnoszenia du\u017cego ramienia<\/td>\n<\/tr>\n<tr>\n<td>\u015arednica otworu:<\/td>\n<td>50 mm\uff5e125 mm<\/td>\n<\/tr>\n<tr>\n<td>\u015arednica pr\u0119ta:<\/td>\n<td>25 mm\uff5e75 mm<br \/>\nSkok \u22641000 mm<\/td>\n<\/tr>\n<tr>\n<td>Si\u0142a ci\u0105gu:<\/td>\n<td>Maksymalnie 361 kN<\/td>\n<\/tr>\n<tr>\n<td>\u015arednica otworu:<\/td>\n<td>125 mm\/ci\u015bnienie 29,4 MPa<\/td>\n<\/tr>\n<\/tbody>\n<\/table>\n<h2><strong>Schemat identyfikacji cylindra wysi\u0119gnika ma\u0142ej koparki:<\/strong><\/h2>\n<p><img loading=\"lazy\" decoding=\"async\" class=\"alignnone wp-image-1486 size-full\" src=\"https:\/\/hydraulic-cylinders.net\/wp-content\/uploads\/2023\/09\/boom-cylinder-construction.webp\" alt=\"\" width=\"1481\" height=\"988\" srcset=\"https:\/\/hydraulic-cylinders.net\/wp-content\/uploads\/2023\/09\/boom-cylinder-construction.webp 1481w, https:\/\/hydraulic-cylinders.net\/wp-content\/uploads\/2023\/09\/boom-cylinder-construction-1280x854.webp 1280w, https:\/\/hydraulic-cylinders.net\/wp-content\/uploads\/2023\/09\/boom-cylinder-construction-980x654.webp 980w, https:\/\/hydraulic-cylinders.net\/wp-content\/uploads\/2023\/09\/boom-cylinder-construction-480x320.webp 480w\" sizes=\"(min-width: 0px) and (max-width: 480px) 480px, (min-width: 481px) and (max-width: 980px) 980px, (min-width: 981px) and (max-width: 1280px) 1280px, (min-width: 1281px) 1481px, 100vw\" \/><\/p>\n<h2><strong>Spos\u00f3b u\u017cycia ma\u0142ego cylindra wysi\u0119gnika koparki:<\/strong><\/h2>\n<ol>\n<li>Instalacja i integracja<\/li>\n<\/ol>\n<ul>\n<li>W celu prawid\u0142owego monta\u017cu si\u0142ownika wysi\u0119gnika ma\u0142ej koparki nale\u017cy zapozna\u0107 si\u0119 z instrukcj\u0105 producenta.<\/li>\n<li>Zapewnij kompatybilno\u015b\u0107 i bezpiecze\u0144stwo mocowania do wysi\u0119gnika koparki.<\/li>\n<li>Nale\u017cy przestrzega\u0107 zalecanych parametr\u00f3w momentu obrotowego i stosowa\u0107 odpowiednie elementy monta\u017cowe.<\/li>\n<\/ul>\n<ol start=\"2\">\n<li>Rozwa\u017cania operacyjne<\/li>\n<\/ol>\n<ul>\n<li>Zapoznaj si\u0119 z elementami steruj\u0105cymi i obs\u0142ug\u0105 koparki, w tym z si\u0142ownikiem wysi\u0119gnika.<\/li>\n<li>Przed rozpocz\u0119ciem faktycznej pracy nale\u017cy prze\u0107wiczy\u0107 obs\u0142ug\u0119 koparki i si\u0142ownika wysi\u0119gnika w kontrolowanym \u015brodowisku.<\/li>\n<li>Stosuj si\u0119 do wytycznych bezpiecze\u0144stwa, pracuj zgodnie z obci\u0105\u017ceniem koparki i si\u0119gaj poza swoje mo\u017cliwo\u015bci, aby zapobiega\u0107 wypadkom i uszkodzeniom sprz\u0119tu.<\/li>\n<\/ul>\n<ol start=\"3\">\n<li>Efektywne techniki podnoszenia i si\u0119gania<\/li>\n<\/ol>\n<ul>\n<li>Wykorzystaj precyzyjn\u0105 kontrol\u0119 cylindra wysi\u0119gnika ma\u0142ej koparki, aby zoptymalizowa\u0107 techniki podnoszenia i si\u0119gania.<\/li>\n<li>Podczas podnoszenia lub wysuwania wysi\u0119gnika nale\u017cy zachowa\u0107 stabiln\u0105 pozycj\u0119, unikaj\u0105c nag\u0142ych lub szarpanych ruch\u00f3w, kt\u00f3re mog\u0105 nadwyr\u0119\u017cy\u0107 si\u0142ownik.<\/li>\n<li>Zapewnij w\u0142a\u015bciwe ustawienie \u0142adunku i zachowaj r\u00f3wnowag\u0119, aby zapewni\u0107 bezpieczne i wydajne przenoszenie materia\u0142\u00f3w.<\/li>\n<\/ul>\n<h2><strong>Jak zdemontowa\u0107 si\u0142ownik hydrauliczny z koparki?<\/strong><\/h2>\n<p>Demonta\u017c si\u0142ownika hydraulicznego z koparki wymaga szczeg\u00f3lnej uwagi i przestrzegania odpowiednich procedur, aby zapewni\u0107 bezpiecze\u0144stwo i zapobiec uszkodzeniu sprz\u0119tu. Oto og\u00f3lne kroki, kt\u00f3re pomog\u0105 Ci w tym procesie:<\/p>\n<ol>\n<li><strong>Przygotowanie:<\/strong><\/li>\n<\/ol>\n<ul>\n<li>Upewnij si\u0119, \u017ce koparka jest wy\u0142\u0105czona i zaparkowana na r\u00f3wnej powierzchni.<\/li>\n<li>W\u0142\u0105cz blokad\u0119 bezpiecze\u0144stwa i zabezpiecz wysi\u0119gnik oraz rami\u0119 w stabilnej pozycji.<\/li>\n<li>Za\u0142\u00f3\u017c odpowiedni sprz\u0119t ochrony osobistej, taki jak r\u0119kawice i okulary ochronne.<\/li>\n<\/ul>\n<ol start=\"2\">\n<li><strong>Zidentyfikuj cylinder:<\/strong><\/li>\n<\/ol>\n<ul>\n<li>Znajd\u017a si\u0142ownik hydrauliczny, kt\u00f3ry chcesz zdemontowa\u0107. Mo\u017ce by\u0107 przymocowany do wysi\u0119gnika, ramienia lub innych element\u00f3w koparki.<\/li>\n<\/ul>\n<ol start=\"3\">\n<li><strong>Uwolnij ci\u015bnienie hydrauliczne:<\/strong><\/li>\n<\/ol>\n<ul>\n<li>Przed od\u0142\u0105czeniem jakichkolwiek przewod\u00f3w lub przy\u0142\u0105czy hydraulicznych konieczne jest uwolnienie ci\u015bnienia w uk\u0142adzie, aby zapobiec nag\u0142ym ruchom lub rozpryskiwaniu si\u0119 p\u0142ynu.<\/li>\n<li>Zacznij od zlokalizowania zaworu bezpiecze\u0144stwa lub procedury uwalniania ci\u015bnienia w Twoim modelu koparki.<\/li>\n<li>Post\u0119puj zgodnie z wytycznymi producenta, aby prawid\u0142owo rozhermetyzowa\u0107 uk\u0142ad hydrauliczny.<\/li>\n<\/ul>\n<ol start=\"4\">\n<li><strong>Od\u0142\u0105cz przewody hydrauliczne:<\/strong><\/li>\n<\/ol>\n<ul>\n<li>Zidentyfikuj przewody hydrauliczne pod\u0142\u0105czone do cylindra. Przewody te transportuj\u0105 p\u0142yn hydrauliczny do i z cylindra.<\/li>\n<li>Do luzowania i od\u0142\u0105czania przewod\u00f3w hydraulicznych od cylindra nale\u017cy u\u017cywa\u0107 odpowiednich kluczy lub z\u0142\u0105czek.<\/li>\n<li>Umie\u015bci\u0107 pojemnik lub materia\u0142 ch\u0142onny pod od\u0142\u0105czonymi przewodami w celu wychwycenia resztek p\u0142ynu hydraulicznego.<\/li>\n<\/ul>\n<ol start=\"5\">\n<li><strong>Usu\u0144 elementy monta\u017cowe:<\/strong><\/li>\n<\/ol>\n<ul>\n<li>Zlokalizuj punkty mocowania cylindra. Mog\u0105 to by\u0107 \u015bruby lub sworznie mocuj\u0105ce cylinder do konstrukcji koparki.<\/li>\n<li>Zale\u017cnie od konkretnego projektu, do demonta\u017cu element\u00f3w monta\u017cowych nale\u017cy u\u017cy\u0107 odpowiednich narz\u0119dzi.<\/li>\n<li>Podczas wyjmowania nale\u017cy zadba\u0107 o odpowiednie podparcie cylindra, aby zapobiec jego upadkowi lub uszkodzeniu.<\/li>\n<\/ul>\n<ol start=\"6\">\n<li><strong>Od\u0142\u0105czanie cylindra:<\/strong><\/li>\n<\/ol>\n<ul>\n<li>Ostro\u017cnie wysu\u0144 lub manewruj cylindrem, aby wyj\u0105\u0107 go z pozycji monta\u017cowej. Je\u015bli jest ciasno osadzony, mo\u017ce by\u0107 konieczne delikatne stukni\u0119cie go gumowym m\u0142otkiem lub u\u017cycie hydraulicznego \u015bci\u0105gacza cylindr\u00f3w.<\/li>\n<li>Upewnij si\u0119, \u017ce \u017cadne inne elementy lub struktury nie utrudniaj\u0105 wyj\u0119cia cylindra.<\/li>\n<\/ul>\n<ol start=\"7\">\n<li><strong>Kontrola i konserwacja:<\/strong><\/li>\n<\/ol>\n<ul>\n<li>Po wyj\u0119ciu cylindra nale\u017cy sprawdzi\u0107, czy nie ma na nim \u015blad\u00f3w uszkodze\u0144, nieszczelno\u015bci lub zu\u017cycia.<\/li>\n<li>Wyczy\u015b\u0107 cylinder i sprawd\u017a, czy na pr\u0119tach, uszczelkach i innych elementach nie ma \u015blad\u00f3w korozji, zadrapa\u0144 lub nadmiernego zu\u017cycia.<\/li>\n<li>Przed ponownym zamontowaniem cylindra nale\u017cy wykona\u0107 wszelkie niezb\u0119dne prace konserwacyjne i naprawy.<\/li>\n<\/ul>\n<ol start=\"8\">\n<li><strong>Ponowna instalacja lub wymiana:<\/strong><\/li>\n<\/ol>\n<ul>\n<li>Aby ponownie zamontowa\u0107 si\u0142ownik hydrauliczny, nale\u017cy wykona\u0107 czynno\u015bci w odwrotnej kolejno\u015bci ni\u017c przy demonta\u017cu, zwracaj\u0105c uwag\u0119 na prawid\u0142owe ustawienie i moment obrotowy.<\/li>\n<li>Je\u015bli wymieniasz cylinder, ostro\u017cnie zamontuj nowy cylinder zgodnie z instrukcjami i wytycznymi producenta.<\/li>\n<\/ul>\n<h2><strong>Mo\u017cliwo\u015bci i pojemno\u015b\u0107 fabryki:<\/strong><\/h2>\n<h3>(1) Monta\u017c<\/h3>\n<p>Dysponujemy najwy\u017cszej klasy niezale\u017cn\u0105 platform\u0105 badawczo-rozwojow\u0105. Warsztat produkcji si\u0142ownik\u00f3w hydraulicznych posiada cztery p\u00f3\u0142automatyczne linie monta\u017cowe si\u0142ownik\u00f3w podnosz\u0105cych i jedn\u0105 automatyczn\u0105 lini\u0119 monta\u017cow\u0105 si\u0142ownik\u00f3w przechy\u0142u, o projektowanej rocznej zdolno\u015bci produkcyjnej 1 miliona sztuk. Specjalny warsztat cylindr\u00f3w jest wyposa\u017cony w r\u00f3\u017cne specyfikacje p\u00f3\u0142automatycznego systemu monta\u017cu czyszcz\u0105cego o projektowanej rocznej zdolno\u015bci produkcyjnej 200 000 i wyposa\u017cony w s\u0142ynny sprz\u0119t do obr\u00f3bki CNC, centrum obr\u00f3bcze, specjalny sprz\u0119t do precyzyjnej obr\u00f3bki cylindr\u00f3w, robot spawalniczy, automatyczna maszyna czyszcz\u0105ca, automatyczna maszyna do monta\u017cu cylindr\u00f3w i automatyczna linia produkcyjna do malowania. Istniej\u0105cy krytyczny sprz\u0119t sk\u0142ada si\u0119 z ponad 300 zestaw\u00f3w. Optymalna alokacja i efektywne wykorzystanie zasob\u00f3w sprz\u0119towych zapewniaj\u0105 wymagania dotycz\u0105ce dok\u0142adno\u015bci produkt\u00f3w i spe\u0142niaj\u0105 potrzeby wysokiej jako\u015bci produkt\u00f3w.<\/p>\n<p><img loading=\"lazy\" decoding=\"async\" class=\"alignnone wp-image-626\" src=\"https:\/\/hydraulic-cylinders.net\/wp-content\/uploads\/2023\/08\/hydraulic-cylinder-product-1-300x158.webp\" alt=\"\" width=\"495\" height=\"260\" srcset=\"https:\/\/hydraulic-cylinders.net\/wp-content\/uploads\/2023\/08\/hydraulic-cylinder-product-1-300x158.webp 495w, https:\/\/hydraulic-cylinders.net\/wp-content\/uploads\/2023\/08\/hydraulic-cylinder-product-1-480x252.webp 480w\" sizes=\"(min-width: 0px) and (max-width: 480px) 480px, (min-width: 481px) 495px, 100vw\" \/> <img loading=\"lazy\" decoding=\"async\" class=\"alignnone wp-image-627\" src=\"https:\/\/hydraulic-cylinders.net\/wp-content\/uploads\/2023\/08\/hydraulic-cylinder-product-2-300x189.webp\" alt=\"\" width=\"413\" height=\"260\" \/><\/p>\n<h3>(2) Obr\u00f3bka<\/h3>\n<p>Warsztat obr\u00f3bki skrawaniem jest wyposa\u017cony w niestandardowe centrum tokarskie z pochylon\u0105 szyn\u0105, centrum obr\u00f3bcze, szybkobie\u017cn\u0105 honownic\u0119, robota spawalniczego i inny powi\u0105zany sprz\u0119t, kt\u00f3ry mo\u017ce obs\u0142ugiwa\u0107 przetwarzanie rur cylindrycznych o maksymalnej \u015brednicy wewn\u0119trznej 400 mm i maksymalnej d\u0142ugo\u015bci 6 metr\u00f3w.<\/p>\n<p><img loading=\"lazy\" decoding=\"async\" class=\"alignnone wp-image-628 size-large\" src=\"https:\/\/hydraulic-cylinders.net\/wp-content\/uploads\/2023\/08\/hydraulic-cylinder-product-3-1024x391.webp\" alt=\"\" width=\"1024\" height=\"391\" srcset=\"https:\/\/hydraulic-cylinders.net\/wp-content\/uploads\/2023\/08\/hydraulic-cylinder-product-3-980x374.webp 980w, https:\/\/hydraulic-cylinders.net\/wp-content\/uploads\/2023\/08\/hydraulic-cylinder-product-3-480x183.webp 480w\" sizes=\"(min-width: 0px) and (max-width: 480px) 480px, (min-width: 481px) and (max-width: 980px) 980px, (min-width: 981px) 1024px, 100vw\" \/><\/p>\n<h3>(3) Spawanie<\/h3>\n<p><img loading=\"lazy\" decoding=\"async\" class=\"alignnone wp-image-629 size-large\" src=\"https:\/\/hydraulic-cylinders.net\/wp-content\/uploads\/2023\/08\/hydraulic-cylinder-product-4-1024x510.webp\" alt=\"\" width=\"1024\" height=\"510\" srcset=\"https:\/\/hydraulic-cylinders.net\/wp-content\/uploads\/2023\/08\/hydraulic-cylinder-product-4-980x488.webp 980w, https:\/\/hydraulic-cylinders.net\/wp-content\/uploads\/2023\/08\/hydraulic-cylinder-product-4-480x239.webp 480w\" sizes=\"(min-width: 0px) and (max-width: 480px) 480px, (min-width: 481px) and (max-width: 980px) 980px, (min-width: 981px) 1024px, 100vw\" \/><\/p>\n<h3>(4) Malowanie i powlekanie<\/h3>\n<p>Z ma\u0142ymi i \u015brednimi automatycznymi liniami do powlekania farbami na bazie wody, w celu osi\u0105gni\u0119cia automatycznego za\u0142adunku i roz\u0142adunku robota oraz automatycznego natryskiwania, wydajno\u015b\u0107 projektowa 4000 sztuk na zmian\u0119;<br \/>\nPosiadamy r\u00f3wnie\u017c p\u00f3\u0142automatyczn\u0105 lini\u0119 do produkcji farb do du\u017cych cylindr\u00f3w nap\u0119dzan\u0105 \u0142a\u0144cuchem nap\u0119dowym, o wydajno\u015bci 60 skrzy\u0144 na zmian\u0119.<\/p>\n<p><img loading=\"lazy\" decoding=\"async\" class=\"alignnone wp-image-630\" src=\"https:\/\/hydraulic-cylinders.net\/wp-content\/uploads\/2023\/08\/hydraulic-cylinder-product-5-300x213.webp\" alt=\"\" width=\"366\" height=\"260\" \/> <img loading=\"lazy\" decoding=\"async\" class=\"alignnone wp-image-631\" src=\"https:\/\/hydraulic-cylinders.net\/wp-content\/uploads\/2023\/08\/hydraulic-cylinder-product-6-300x225.webp\" alt=\"\" width=\"347\" height=\"260\" \/><\/p>\n<h3>(5) Testowanie<\/h3>\n<p>Dysponujemy najwy\u017cszej klasy urz\u0105dzeniami kontrolnymi i stanowiskami testowymi, aby zapewni\u0107, \u017ce wydajno\u015b\u0107 cylindra spe\u0142nia wymagania.<\/p>\n<p><img loading=\"lazy\" decoding=\"async\" class=\"alignnone wp-image-632\" src=\"https:\/\/hydraulic-cylinders.net\/wp-content\/uploads\/2023\/08\/hydraulic-cylinder-product-8-300x200.webp\" alt=\"\" width=\"389\" height=\"260\" \/><\/p>\n<p>&nbsp;<\/p>\n<p>&nbsp;<\/p>\n<p>Jeste\u015bmy jednym z najlepszych producent\u00f3w cylindr\u00f3w hydraulicznych. Oferujemy kompleksow\u0105 ofert\u0119 cylindr\u00f3w hydraulicznych. Dostarczamy r\u00f3wnie\u017c\u2026 <a href=\"https:\/\/hzpt.com\/agricultural-pto-gearbox\/\" target=\"_blank\" rel=\"noopener\">przek\u0142adnie rolnicze<\/a>. Eksportowali\u015bmy nasze produkty do klient\u00f3w na ca\u0142ym \u015bwiecie i zdobyli\u015bmy dobr\u0105 reputacj\u0119 dzi\u0119ki najwy\u017cszej jako\u015bci produkt\u00f3w i us\u0142ug posprzeda\u017cnych. Zapraszamy klient\u00f3w w kraju i za granic\u0105 do kontaktu z nami w celu negocjacji biznesowych, wymiany informacji i <a href=\"https:\/\/www.hydraulic-cylinders.net\/pl\/contact-us\/\">wsp\u00f3\u0142pracowa\u0107 z nami<\/a>!<\/p>","protected":false},"excerpt":{"rendered":"<p>Small Excavator Boom Cylinder The Small Excavator Boom Cylinder is a powerful hydraulic component that optimizes small excavators&#8217; lifting and reaching capabilities. This cylinder is specifically engineered to deliver exceptional strength, durability, and precision in compact construction machinery. The Small Excavator Boom Cylinder is a vital hydraulic component that enhances the efficiency and performance of [&hellip;]<\/p>","protected":false},"featured_media":1485,"comment_status":"open","ping_status":"closed","template":"","meta":{"_et_pb_use_builder":"","_et_pb_old_content":"","_et_gb_content_width":""},"product_brand":[],"product_cat":[1550,1503,1376],"product_tag":[1380],"class_list":{"0":"post-1483","1":"product","2":"type-product","3":"status-publish","4":"has-post-thumbnail","6":"product_cat-double-acting-hydraulic-cylinder","7":"product_cat-excavator-hydraulic-cylinders","8":"product_cat-hydraulic-cylinder","9":"product_tag-hydraulic-cylinder","11":"first","12":"instock","13":"shipping-taxable","14":"product-type-simple"},"amp_enabled":true,"_links":{"self":[{"href":"https:\/\/www.hydraulic-cylinders.net\/pl\/wp-json\/wp\/v2\/product\/1483","targetHints":{"allow":["GET"]}}],"collection":[{"href":"https:\/\/www.hydraulic-cylinders.net\/pl\/wp-json\/wp\/v2\/product"}],"about":[{"href":"https:\/\/www.hydraulic-cylinders.net\/pl\/wp-json\/wp\/v2\/types\/product"}],"replies":[{"embeddable":true,"href":"https:\/\/www.hydraulic-cylinders.net\/pl\/wp-json\/wp\/v2\/comments?post=1483"}],"wp:featuredmedia":[{"embeddable":true,"href":"https:\/\/www.hydraulic-cylinders.net\/pl\/wp-json\/wp\/v2\/media\/1485"}],"wp:attachment":[{"href":"https:\/\/www.hydraulic-cylinders.net\/pl\/wp-json\/wp\/v2\/media?parent=1483"}],"wp:term":[{"taxonomy":"product_brand","embeddable":true,"href":"https:\/\/www.hydraulic-cylinders.net\/pl\/wp-json\/wp\/v2\/product_brand?post=1483"},{"taxonomy":"product_cat","embeddable":true,"href":"https:\/\/www.hydraulic-cylinders.net\/pl\/wp-json\/wp\/v2\/product_cat?post=1483"},{"taxonomy":"product_tag","embeddable":true,"href":"https:\/\/www.hydraulic-cylinders.net\/pl\/wp-json\/wp\/v2\/product_tag?post=1483"}],"curies":[{"name":"wp","href":"https:\/\/api.w.org\/{rel}","templated":true}]}}