{"id":1487,"date":"2023-09-26T06:55:27","date_gmt":"2023-09-26T06:55:27","guid":{"rendered":"https:\/\/hydraulic-cylinders.net\/?post_type=product&#038;p=1487"},"modified":"2025-04-11T03:41:29","modified_gmt":"2025-04-11T03:41:29","slug":"small-excavator-stick-cylinder","status":"publish","type":"product","link":"https:\/\/www.hydraulic-cylinders.net\/pl\/produkt\/small-excavator-stick-cylinder\/","title":{"rendered":"Ma\u0142y cylinder koparki"},"content":{"rendered":"<h1 style=\"text-align: center;\"><strong>Ma\u0142y cylinder koparki<\/strong><\/h1>\n<p><img loading=\"lazy\" decoding=\"async\" class=\"aligncenter wp-image-1488\" src=\"https:\/\/hydraulic-cylinders.net\/wp-content\/uploads\/2023\/09\/stick-cylinder-1-300x300.webp\" alt=\"\" width=\"400\" height=\"400\" \/><\/p>\n<p>Si\u0142ownik ramienia ma\u0142ej koparki to niezwykle niezawodny i wytrzyma\u0142y element hydrauliczny zaprojektowany w celu zwi\u0119kszenia wydajno\u015bci i efektywno\u015bci ma\u0142ych koparek. Si\u0142ownik ten zosta\u0142 specjalnie zaprojektowany, aby zapewni\u0107 wyj\u0105tkow\u0105 moc, precyzj\u0119 i trwa\u0142o\u015b\u0107 w kompaktowych maszynach budowlanych.<\/p>\n<p>Si\u0142ownik ramienia ma\u0142ej koparki to niezb\u0119dny element hydrauliczny, kt\u00f3ry znacz\u0105co zwi\u0119ksza wydajno\u015b\u0107 i efektywno\u015b\u0107 ma\u0142ych koparek. Dzi\u0119ki kompaktowej konstrukcji, imponuj\u0105cemu zasi\u0119gowi i g\u0142\u0119boko\u015bci kopania, zwi\u0119kszonej sile kopania oraz precyzyjnej kontroli, si\u0142ownik ten umo\u017cliwia operatorom \u0142atwe i precyzyjne wykonywanie prac wykopaliskowych. Przestrzegaj\u0105c zalecanych metod u\u017cytkowania i konserwacji, operatorzy mog\u0105 zapewni\u0107 optymaln\u0105 wydajno\u015b\u0107 i trwa\u0142o\u015b\u0107 si\u0142ownika ramienia ma\u0142ej koparki, co przek\u0142ada si\u0119 na zwi\u0119kszon\u0105 wydajno\u015b\u0107 i pomy\u015blne uko\u0144czenie projekt\u00f3w budowlanych i wykopaliskowych. Zainwestuj w ten wyj\u0105tkowy si\u0142ownik hydrauliczny, aby zwi\u0119kszy\u0107 mo\u017cliwo\u015bci swojej ma\u0142ej koparki i osi\u0105gn\u0105\u0107 doskona\u0142e rezultaty w pracach wykopaliskowych.<\/p>\n<p>G\u0142\u00f3wne cechy cylindra ramienia ma\u0142ej koparki:<\/p>\n<ol>\n<li>Kompaktowa konstrukcja i solidna konstrukcja<\/li>\n<\/ol>\n<ul>\n<li>Ma\u0142y si\u0142ownik ramienia koparki zosta\u0142 specjalnie zaprojektowany do ma\u0142ych koparek, zapewniaj\u0105c idealne dopasowanie i optymaln\u0105 wydajno\u015b\u0107.<\/li>\n<li>Kompaktowa konstrukcja i solidne wykonanie umo\u017cliwiaj\u0105 mu wytrzymanie trudnych warunk\u00f3w pracy, zapewniaj\u0105c d\u0142ugotrwa\u0142\u0105 trwa\u0142o\u015b\u0107.<\/li>\n<\/ul>\n<ol start=\"2\">\n<li>Imponuj\u0105cy zasi\u0119g i g\u0142\u0119boko\u015b\u0107 kopania<\/li>\n<\/ol>\n<ul>\n<li>Pomimo niewielkich rozmiar\u00f3w, cylinder oferuje imponuj\u0105cy zasi\u0119g i g\u0142\u0119boko\u015b\u0107 kopania, maksymalizuj\u0105c zasi\u0119g roboczy koparki.<\/li>\n<li>Umo\u017cliwia operatorom dost\u0119p do przestrzeni zamkni\u0119tych i efektywne kopanie w ciasnych przestrzeniach, precyzyjnie i \u0142atwo.<\/li>\n<\/ul>\n<ol start=\"3\">\n<li>Zwi\u0119kszona si\u0142a i wydajno\u015b\u0107 kopania<\/li>\n<\/ol>\n<ul>\n<li>Si\u0142ownik zapewnia wi\u0119ksz\u0105 si\u0142\u0119 kopania, umo\u017cliwiaj\u0105c wydajne wykopywanie r\u00f3\u017cnych materia\u0142\u00f3w, w tym gleby, ska\u0142 i gruzu.<\/li>\n<li>Optymalizuje wydajno\u015b\u0107 kopania koparki, zwi\u0119kszaj\u0105c produktywno\u015b\u0107 i skracaj\u0105c czas realizacji projektu.<\/li>\n<\/ul>\n<ol start=\"4\">\n<li>P\u0142ynna praca i precyzyjna kontrola<\/li>\n<\/ol>\n<ul>\n<li>Ma\u0142y si\u0142ownik koparki wykorzystuje zaawansowane technologie hydrauliczne, zapewniaj\u0105ce p\u0142ynn\u0105 prac\u0119 i precyzyjn\u0105 kontrol\u0119.<\/li>\n<li>Zapewnia doskona\u0142\u0105 responsywno\u015b\u0107, umo\u017cliwiaj\u0105c operatorom wykonywanie delikatnych operacji z dok\u0142adno\u015bci\u0105 i wydajno\u015bci\u0105.<\/li>\n<\/ul>\n<h2><strong>Parametry ma\u0142ego cylindra koparki:<\/strong><\/h2>\n<table border=\"1\" cellspacing=\"0\" cellpadding=\"0\">\n<tbody>\n<tr>\n<td>Nazwa produktu<\/td>\n<td>Ma\u0142y cylinder koparki<\/td>\n<\/tr>\n<tr>\n<td>Cechy:<\/td>\n<td>Kontroluj ruch przedramienia<\/td>\n<\/tr>\n<tr>\n<td>\u015arednica otworu:<\/td>\n<td>50 mm\uff5e115 mm<\/td>\n<\/tr>\n<tr>\n<td>\u015arednica pr\u0119ta:<\/td>\n<td>25 mm\uff5e70 mm<br \/>\nSkok \u22641000 mm<\/td>\n<\/tr>\n<tr>\n<td>Si\u0142a ci\u0105gu:<\/td>\n<td>Maksymalnie 305 kN<\/td>\n<\/tr>\n<tr>\n<td>\u015arednica otworu:<\/td>\n<td>115 mm\/ci\u015bnienie 29,4 MPa)<\/td>\n<\/tr>\n<\/tbody>\n<\/table>\n<h2><strong>Schemat identyfikacji cylindra ramienia ma\u0142ej koparki:<\/strong><\/h2>\n<p><img loading=\"lazy\" decoding=\"async\" class=\"alignnone wp-image-1490 size-full\" src=\"https:\/\/hydraulic-cylinders.net\/wp-content\/uploads\/2023\/09\/stick-cylinder-construction.webp\" alt=\"\" width=\"1481\" height=\"988\" srcset=\"https:\/\/hydraulic-cylinders.net\/wp-content\/uploads\/2023\/09\/stick-cylinder-construction.webp 1481w, https:\/\/hydraulic-cylinders.net\/wp-content\/uploads\/2023\/09\/stick-cylinder-construction-1280x854.webp 1280w, https:\/\/hydraulic-cylinders.net\/wp-content\/uploads\/2023\/09\/stick-cylinder-construction-980x654.webp 980w, https:\/\/hydraulic-cylinders.net\/wp-content\/uploads\/2023\/09\/stick-cylinder-construction-480x320.webp 480w\" sizes=\"(min-width: 0px) and (max-width: 480px) 480px, (min-width: 481px) and (max-width: 980px) 980px, (min-width: 981px) and (max-width: 1280px) 1280px, (min-width: 1281px) 1481px, 100vw\" \/><\/p>\n<h2><strong>Spos\u00f3b u\u017cycia ma\u0142ego cylindra koparki:<\/strong><\/h2>\n<ol>\n<li>Instalacja i integracja<\/li>\n<\/ol>\n<ul>\n<li>W celu prawid\u0142owego monta\u017cu cylindra ma\u0142ej koparki nale\u017cy zapozna\u0107 si\u0119 z instrukcj\u0105 producenta.<\/li>\n<li>Sprawd\u017a kompatybilno\u015b\u0107 i pewnie zamocuj cylinder do ramienia koparki.<\/li>\n<li>Nale\u017cy przestrzega\u0107 zalecanych parametr\u00f3w momentu obrotowego i stosowa\u0107 odpowiednie elementy monta\u017cowe.<\/li>\n<\/ul>\n<ol start=\"2\">\n<li>Rozwa\u017cania operacyjne<\/li>\n<\/ol>\n<ul>\n<li>Zapoznaj si\u0119 z elementami steruj\u0105cymi i obs\u0142ug\u0105 koparki, w tym z cylindrem ramienia.<\/li>\n<li>Przed rozpocz\u0119ciem faktycznej pracy nale\u017cy prze\u0107wiczy\u0107 obs\u0142ug\u0119 koparki i cylindra ramienia w kontrolowanym \u015brodowisku.<\/li>\n<li>Stosuj si\u0119 do wytycznych bezpiecze\u0144stwa i pracuj zgodnie z ograniczeniami obci\u0105\u017cenia i zasi\u0119gu koparki, aby zapobiec wypadkom i uszkodzeniom sprz\u0119tu.<\/li>\n<\/ul>\n<ol start=\"3\">\n<li>Optymalizacja wydajno\u015bci kopania<\/li>\n<\/ol>\n<ul>\n<li>Wykorzystaj precyzyjn\u0105 kontrol\u0119 cylindra ma\u0142ej koparki, aby zoptymalizowa\u0107 wydajno\u015b\u0107 kopania.<\/li>\n<li>Podczas kopania nale\u017cy zachowa\u0107 stabiln\u0105 pozycj\u0119, unika\u0107 nag\u0142ych lub szarpanych ruch\u00f3w, kt\u00f3re mog\u0105 nadwyr\u0119\u017cy\u0107 cylinder.<\/li>\n<li>Zapewnij prawid\u0142owe ustawienie \u0142y\u017cki i zaz\u0119bienie z\u0119b\u00f3w, aby zapewni\u0107 wydajne wykopy.<\/li>\n<\/ul>\n<h2><strong>Jaki rozmiar cylindra do koparki?<\/strong><\/h2>\n<p>Rozmiar cylindra dla kciuka koparki mo\u017ce si\u0119 r\u00f3\u017cni\u0107 w zale\u017cno\u015bci od konkretnych wymaga\u0144 koparki i przeznaczenia uchwytu kciuka. Odpowiedni rozmiar cylindra jest zazwyczaj okre\u015blany na podstawie takich czynnik\u00f3w, jak masa robocza koparki, po\u017c\u0105dany ud\u017awig kciuka oraz kompatybilno\u015b\u0107 z uk\u0142adem hydraulicznym koparki.<\/p>\n<p>Aby okre\u015bli\u0107 odpowiedni rozmiar cylindra dla kciuka koparki, zaleca si\u0119 konsultacj\u0119 z producentem lub dostawc\u0105 nasadki kciuka. Mog\u0105 oni udzieli\u0107 wskaz\u00f3wek na podstawie specyfikacji koparki i planowanego zastosowania kciuka.<\/p>\n<p>Warto zauwa\u017cy\u0107, \u017ce chwytaki do koparek s\u0105 dost\u0119pne w r\u00f3\u017cnych rozmiarach i konfiguracjach, aby pasowa\u0107 do r\u00f3\u017cnych modeli i rozmiar\u00f3w koparek. Uchwyt chwytaka zazwyczaj sk\u0142ada si\u0119 z centralnej konstrukcji lub ramy, kt\u00f3ra jest montowana do wysi\u0119gnika koparki, oraz si\u0142ownika hydraulicznego, kt\u00f3ry zapewnia chwytanie lub zaciskanie. Rozmiar si\u0142ownika nale\u017cy dobra\u0107 tak, aby zapewni\u0107 kompatybilno\u015b\u0107 z uchwytem chwytaka i wymagan\u0105 si\u0142\u0119 chwytania do zamierzonych zada\u0144.<\/p>\n<p>Rozwa\u017caj\u0105c rozmiar cylindra dla kciuka koparki, nale\u017cy zachowa\u0107 r\u00f3wnowag\u0119 mi\u0119dzy wystarczaj\u0105c\u0105 no\u015bno\u015bci\u0105 a zapewnieniem, \u017ce uk\u0142ad hydrauliczny koparki b\u0119dzie w stanie odpowiednio wspiera\u0107 dzia\u0142anie kciuka. Zbyt du\u017cy cylinder mo\u017ce nadmiernie obci\u0105\u017cy\u0107 uk\u0142ad hydrauliczny koparki, a zbyt ma\u0142y \u2013 ograniczy\u0107 no\u015bno\u015b\u0107 i obni\u017cy\u0107 wydajno\u015b\u0107.<\/p>\n<p>Podsumowuj\u0105c, rozmiar cylindra dla kciuka koparki nale\u017cy dobra\u0107 na podstawie takich czynnik\u00f3w, jak masa robocza koparki, po\u017c\u0105dany ud\u017awig oraz kompatybilno\u015b\u0107 z osprz\u0119tem kciukowym i uk\u0142adem hydraulicznym. Zaleca si\u0119 konsultacj\u0119 z producentem lub dostawc\u0105 osprz\u0119tu kciukowego, aby zapewni\u0107 w\u0142a\u015bciwy rozmiar i optymaln\u0105 wydajno\u015b\u0107.<\/p>\n<h2><strong>Mo\u017cliwo\u015bci i pojemno\u015b\u0107 fabryki:<\/strong><\/h2>\n<h3>(1) Monta\u017c<\/h3>\n<p>Dysponujemy najwy\u017cszej klasy niezale\u017cn\u0105 platform\u0105 badawczo-rozwojow\u0105. Warsztat produkcji si\u0142ownik\u00f3w hydraulicznych posiada cztery p\u00f3\u0142automatyczne linie monta\u017cowe si\u0142ownik\u00f3w podnosz\u0105cych i jedn\u0105 automatyczn\u0105 lini\u0119 monta\u017cow\u0105 si\u0142ownik\u00f3w przechy\u0142u, o projektowanej rocznej zdolno\u015bci produkcyjnej 1 miliona sztuk. Specjalny warsztat cylindr\u00f3w jest wyposa\u017cony w r\u00f3\u017cne specyfikacje p\u00f3\u0142automatycznego systemu monta\u017cu czyszcz\u0105cego o projektowanej rocznej zdolno\u015bci produkcyjnej 200 000 i wyposa\u017cony w s\u0142ynny sprz\u0119t do obr\u00f3bki CNC, centrum obr\u00f3bcze, specjalny sprz\u0119t do precyzyjnej obr\u00f3bki cylindr\u00f3w, robot spawalniczy, automatyczna maszyna czyszcz\u0105ca, automatyczna maszyna do monta\u017cu cylindr\u00f3w i automatyczna linia produkcyjna do malowania. Istniej\u0105cy krytyczny sprz\u0119t sk\u0142ada si\u0119 z ponad 300 zestaw\u00f3w. Optymalna alokacja i efektywne wykorzystanie zasob\u00f3w sprz\u0119towych zapewniaj\u0105 wymagania dotycz\u0105ce dok\u0142adno\u015bci produkt\u00f3w i spe\u0142niaj\u0105 potrzeby wysokiej jako\u015bci produkt\u00f3w.<\/p>\n<p><img loading=\"lazy\" decoding=\"async\" class=\"alignnone wp-image-626\" src=\"https:\/\/hydraulic-cylinders.net\/wp-content\/uploads\/2023\/08\/hydraulic-cylinder-product-1-300x158.webp\" alt=\"\" width=\"495\" height=\"260\" srcset=\"https:\/\/hydraulic-cylinders.net\/wp-content\/uploads\/2023\/08\/hydraulic-cylinder-product-1-300x158.webp 495w, https:\/\/hydraulic-cylinders.net\/wp-content\/uploads\/2023\/08\/hydraulic-cylinder-product-1-480x252.webp 480w\" sizes=\"(min-width: 0px) and (max-width: 480px) 480px, (min-width: 481px) 495px, 100vw\" \/> <img loading=\"lazy\" decoding=\"async\" class=\"alignnone wp-image-627\" src=\"https:\/\/hydraulic-cylinders.net\/wp-content\/uploads\/2023\/08\/hydraulic-cylinder-product-2-300x189.webp\" alt=\"\" width=\"413\" height=\"260\" \/><\/p>\n<h3>(2) Obr\u00f3bka<\/h3>\n<p>Warsztat obr\u00f3bki skrawaniem jest wyposa\u017cony w niestandardowe centrum tokarskie z pochylon\u0105 szyn\u0105, centrum obr\u00f3bcze, szybkobie\u017cn\u0105 honownic\u0119, robota spawalniczego i inny powi\u0105zany sprz\u0119t, kt\u00f3ry mo\u017ce obs\u0142ugiwa\u0107 przetwarzanie rur cylindrycznych o maksymalnej \u015brednicy wewn\u0119trznej 400 mm i maksymalnej d\u0142ugo\u015bci 6 metr\u00f3w.<\/p>\n<p><img loading=\"lazy\" decoding=\"async\" class=\"alignnone wp-image-628 size-large\" src=\"https:\/\/hydraulic-cylinders.net\/wp-content\/uploads\/2023\/08\/hydraulic-cylinder-product-3-1024x391.webp\" alt=\"\" width=\"1024\" height=\"391\" srcset=\"https:\/\/hydraulic-cylinders.net\/wp-content\/uploads\/2023\/08\/hydraulic-cylinder-product-3-980x374.webp 980w, https:\/\/hydraulic-cylinders.net\/wp-content\/uploads\/2023\/08\/hydraulic-cylinder-product-3-480x183.webp 480w\" sizes=\"(min-width: 0px) and (max-width: 480px) 480px, (min-width: 481px) and (max-width: 980px) 980px, (min-width: 981px) 1024px, 100vw\" \/><\/p>\n<h3>(3) Spawanie<\/h3>\n<p><img loading=\"lazy\" decoding=\"async\" class=\"alignnone wp-image-629 size-large\" src=\"https:\/\/hydraulic-cylinders.net\/wp-content\/uploads\/2023\/08\/hydraulic-cylinder-product-4-1024x510.webp\" alt=\"\" width=\"1024\" height=\"510\" srcset=\"https:\/\/hydraulic-cylinders.net\/wp-content\/uploads\/2023\/08\/hydraulic-cylinder-product-4-980x488.webp 980w, https:\/\/hydraulic-cylinders.net\/wp-content\/uploads\/2023\/08\/hydraulic-cylinder-product-4-480x239.webp 480w\" sizes=\"(min-width: 0px) and (max-width: 480px) 480px, (min-width: 481px) and (max-width: 980px) 980px, (min-width: 981px) 1024px, 100vw\" \/><\/p>\n<h3>(4) Malowanie i powlekanie<\/h3>\n<p>Z ma\u0142ymi i \u015brednimi automatycznymi liniami do powlekania farbami na bazie wody, w celu osi\u0105gni\u0119cia automatycznego za\u0142adunku i roz\u0142adunku robota oraz automatycznego natryskiwania, wydajno\u015b\u0107 projektowa 4000 sztuk na zmian\u0119;<br \/>\nPosiadamy r\u00f3wnie\u017c p\u00f3\u0142automatyczn\u0105 lini\u0119 do produkcji farb do du\u017cych cylindr\u00f3w nap\u0119dzan\u0105 \u0142a\u0144cuchem nap\u0119dowym, o wydajno\u015bci 60 skrzy\u0144 na zmian\u0119.<\/p>\n<p><img loading=\"lazy\" decoding=\"async\" class=\"alignnone wp-image-630\" src=\"https:\/\/hydraulic-cylinders.net\/wp-content\/uploads\/2023\/08\/hydraulic-cylinder-product-5-300x213.webp\" alt=\"\" width=\"366\" height=\"260\" \/> <img loading=\"lazy\" decoding=\"async\" class=\"alignnone wp-image-631\" src=\"https:\/\/hydraulic-cylinders.net\/wp-content\/uploads\/2023\/08\/hydraulic-cylinder-product-6-300x225.webp\" alt=\"\" width=\"347\" height=\"260\" \/><\/p>\n<h3>(5) Testowanie<\/h3>\n<p>Dysponujemy najwy\u017cszej klasy urz\u0105dzeniami kontrolnymi i stanowiskami testowymi, aby zapewni\u0107, \u017ce wydajno\u015b\u0107 cylindra spe\u0142nia wymagania.<\/p>\n<p><img loading=\"lazy\" decoding=\"async\" class=\"alignnone wp-image-632\" src=\"https:\/\/hydraulic-cylinders.net\/wp-content\/uploads\/2023\/08\/hydraulic-cylinder-product-8-300x200.webp\" alt=\"\" width=\"389\" height=\"260\" \/><\/p>\n<p>&nbsp;<\/p>\n<p>&nbsp;<\/p>\n<p>Jeste\u015bmy jednym z najlepszych producent\u00f3w cylindr\u00f3w hydraulicznych. Oferujemy kompleksow\u0105 ofert\u0119 cylindr\u00f3w hydraulicznych. Dostarczamy r\u00f3wnie\u017c\u2026 <a href=\"https:\/\/hzpt.com\/agricultural-pto-gearbox\/\" target=\"_blank\" rel=\"noopener\">przek\u0142adnie rolnicze<\/a>. Eksportowali\u015bmy nasze produkty do klient\u00f3w na ca\u0142ym \u015bwiecie i zdobyli\u015bmy dobr\u0105 reputacj\u0119 dzi\u0119ki najwy\u017cszej jako\u015bci produkt\u00f3w i us\u0142ug posprzeda\u017cnych. Zapraszamy klient\u00f3w w kraju i za granic\u0105 do kontaktu z nami w celu negocjacji biznesowych, wymiany informacji i <a href=\"https:\/\/www.hydraulic-cylinders.net\/pl\/contact-us\/\">wsp\u00f3\u0142pracowa\u0107 z nami<\/a>!<\/p>","protected":false},"excerpt":{"rendered":"<p>Small Excavator Stick Cylinder The Small Excavator Stick Cylinder is a highly reliable and robust hydraulic component designed to enhance the performance and efficiency of small excavators. This cylinder is specifically engineered to deliver exceptional power, precision, and durability in compact construction machinery. The Small Excavator Stick Cylinder is a vital hydraulic component that significantly [&hellip;]<\/p>","protected":false},"featured_media":1489,"comment_status":"open","ping_status":"closed","template":"","meta":{"_et_pb_use_builder":"","_et_pb_old_content":"","_et_gb_content_width":""},"product_brand":[],"product_cat":[1550,1503,1376],"product_tag":[1380],"class_list":{"0":"post-1487","1":"product","2":"type-product","3":"status-publish","4":"has-post-thumbnail","6":"product_cat-double-acting-hydraulic-cylinder","7":"product_cat-excavator-hydraulic-cylinders","8":"product_cat-hydraulic-cylinder","9":"product_tag-hydraulic-cylinder","11":"first","12":"instock","13":"shipping-taxable","14":"product-type-simple"},"amp_enabled":true,"_links":{"self":[{"href":"https:\/\/www.hydraulic-cylinders.net\/pl\/wp-json\/wp\/v2\/product\/1487","targetHints":{"allow":["GET"]}}],"collection":[{"href":"https:\/\/www.hydraulic-cylinders.net\/pl\/wp-json\/wp\/v2\/product"}],"about":[{"href":"https:\/\/www.hydraulic-cylinders.net\/pl\/wp-json\/wp\/v2\/types\/product"}],"replies":[{"embeddable":true,"href":"https:\/\/www.hydraulic-cylinders.net\/pl\/wp-json\/wp\/v2\/comments?post=1487"}],"wp:featuredmedia":[{"embeddable":true,"href":"https:\/\/www.hydraulic-cylinders.net\/pl\/wp-json\/wp\/v2\/media\/1489"}],"wp:attachment":[{"href":"https:\/\/www.hydraulic-cylinders.net\/pl\/wp-json\/wp\/v2\/media?parent=1487"}],"wp:term":[{"taxonomy":"product_brand","embeddable":true,"href":"https:\/\/www.hydraulic-cylinders.net\/pl\/wp-json\/wp\/v2\/product_brand?post=1487"},{"taxonomy":"product_cat","embeddable":true,"href":"https:\/\/www.hydraulic-cylinders.net\/pl\/wp-json\/wp\/v2\/product_cat?post=1487"},{"taxonomy":"product_tag","embeddable":true,"href":"https:\/\/www.hydraulic-cylinders.net\/pl\/wp-json\/wp\/v2\/product_tag?post=1487"}],"curies":[{"name":"wp","href":"https:\/\/api.w.org\/{rel}","templated":true}]}}