{"id":1498,"date":"2023-09-27T06:51:49","date_gmt":"2023-09-27T06:51:49","guid":{"rendered":"https:\/\/hydraulic-cylinders.net\/?post_type=product&#038;p=1498"},"modified":"2025-04-11T03:41:19","modified_gmt":"2025-04-11T03:41:19","slug":"large-excavator-bucket-cylinder","status":"publish","type":"product","link":"https:\/\/www.hydraulic-cylinders.net\/pl\/produkt\/large-excavator-bucket-cylinder\/","title":{"rendered":"Du\u017cy cylinder \u0142y\u017cki koparki"},"content":{"rendered":"<h1 style=\"text-align: center;\"><strong>Du\u017cy cylinder \u0142y\u017cki koparki<\/strong><\/h1>\n<p><img loading=\"lazy\" decoding=\"async\" class=\"wp-image-1499 aligncenter\" src=\"https:\/\/hydraulic-cylinders.net\/wp-content\/uploads\/2023\/09\/bucket-cylinder-1-2-300x300.webp\" alt=\"\" width=\"400\" height=\"400\" \/><\/p>\n<p>Du\u017cy si\u0142ownik \u0142y\u017cki koparki to solidny element hydrauliczny zaprojektowany w celu maksymalizacji mo\u017cliwo\u015bci du\u017cych koparek w zakresie rob\u00f3t ziemnych. Ten si\u0142ownik zosta\u0142 precyzyjnie zaprojektowany, aby zapewni\u0107 wyj\u0105tkow\u0105 moc, trwa\u0142o\u015b\u0107 i precyzj\u0119 podczas ci\u0119\u017ckich prac budowlanych i wykopaliskowych.<\/p>\n<p>Du\u017cy si\u0142ownik \u0142y\u017cki koparki to solidny i niezawodny element hydrauliczny, kt\u00f3ry zwi\u0119ksza mo\u017cliwo\u015bci du\u017cych koparek w zakresie rob\u00f3t ziemnych. Dzi\u0119ki du\u017cej mocy i wytrzyma\u0142o\u015bci, precyzyjnemu sterowaniu i zwrotno\u015bci, a tak\u017ce trwa\u0142o\u015bci i kompatybilno\u015bci, si\u0142ownik ten umo\u017cliwia operatorom \u0142atwe wykonywanie ci\u0119\u017ckich zada\u0144 budowlanych i wykopaliskowych. Przestrzegaj\u0105c zalecanych metod u\u017cytkowania i konserwacji, operatorzy mog\u0105 zapewni\u0107 optymaln\u0105 wydajno\u015b\u0107 i trwa\u0142o\u015b\u0107 du\u017cego si\u0142ownika \u0142y\u017cki koparki, co przek\u0142ada si\u0119 na zwi\u0119kszon\u0105 wydajno\u015b\u0107 i pomy\u015blne uko\u0144czenie du\u017cych projekt\u00f3w rob\u00f3t ziemnych. Zainwestuj w ten wyj\u0105tkowy si\u0142ownik hydrauliczny, aby w pe\u0142ni wykorzysta\u0107 potencja\u0142 swojej du\u017cej koparki i osi\u0105gn\u0105\u0107 doskona\u0142e rezultaty w pracach ziemnych.<\/p>\n<p>G\u0142\u00f3wne cechy cylindra du\u017cej \u0142y\u017cki koparki:<\/p>\n<ol>\n<li>Du\u017ca moc i wytrzyma\u0142o\u015b\u0107<\/li>\n<\/ol>\n<ul>\n<li>Du\u017cy cylinder \u0142y\u017cki koparki zaprojektowano tak, aby radzi\u0142 sobie z du\u017cymi obci\u0105\u017ceniami i wytrzymywa\u0142 trudne zadania zwi\u0105zane z pracami ziemnymi.<\/li>\n<li>Jego du\u017ca moc zapewnia znaczn\u0105 si\u0142\u0119, umo\u017cliwiaj\u0105c wydajne wykopy i przenoszenie materia\u0142\u00f3w.<\/li>\n<\/ul>\n<ol start=\"2\">\n<li>Precyzyjna kontrola i zwrotno\u015b\u0107<\/li>\n<\/ol>\n<ul>\n<li>Si\u0142ownik ten umo\u017cliwia precyzyjn\u0105 kontrol\u0119 \u0142y\u017cki koparki, umo\u017cliwiaj\u0105c operatorom dok\u0142adne pozycjonowanie i manipulowanie materia\u0142ami.<\/li>\n<li>Zapewnia p\u0142ynny i responsywny ruch, zwi\u0119kszaj\u0105c zwrotno\u015b\u0107 i wydajno\u015b\u0107 na placu budowy.<\/li>\n<\/ul>\n<ol start=\"3\">\n<li>Trwa\u0142o\u015b\u0107 i d\u0142ugowieczno\u015b\u0107<\/li>\n<\/ol>\n<ul>\n<li>Du\u017cy cylinder \u0142y\u017cki koparki zosta\u0142 wykonany z wysokiej jako\u015bci materia\u0142\u00f3w i przy u\u017cyciu zaawansowanej in\u017cynierii, co gwarantuje d\u0142ugotrwa\u0142\u0105 wytrzyma\u0142o\u015b\u0107.<\/li>\n<li>Urz\u0105dzenie zosta\u0142o zaprojektowane tak, aby wytrzyma\u0107 trudne warunki pracy, minimalizuj\u0105c przestoje i redukuj\u0105c koszty konserwacji.<\/li>\n<\/ul>\n<ol start=\"4\">\n<li>Kompatybilno\u015b\u0107 i wszechstronno\u015b\u0107<\/li>\n<\/ol>\n<ul>\n<li>Si\u0142ownik jest kompatybilny z wieloma du\u017cymi modelami koparek, oferuj\u0105c wszechstronno\u015b\u0107 w przypadku r\u00f3\u017cnych projekt\u00f3w budowlanych.<\/li>\n<li>Mo\u017cna go \u0142atwo zintegrowa\u0107 z istniej\u0105cymi systemami koparek, co czyni go praktycznym wyborem dla wykonawc\u00f3w i operator\u00f3w.<\/li>\n<\/ul>\n<h2><strong>Parametry cylindra du\u017cej \u0142y\u017cki koparki:<\/strong><\/h2>\n<table border=\"1\" cellspacing=\"0\" cellpadding=\"0\">\n<tbody>\n<tr>\n<td>Nazwa produktu<\/td>\n<td>Du\u017cy cylinder \u0142y\u017cki koparki<\/td>\n<\/tr>\n<tr>\n<td>Cechy:<\/td>\n<td>Kontroluj dzia\u0142anie wiadra<\/td>\n<\/tr>\n<tr>\n<td>\u015arednica otworu:<\/td>\n<td>200 mm\uff5e360 mm<\/td>\n<\/tr>\n<tr>\n<td>\u015arednica pr\u0119ta:<\/td>\n<td>140 mm\uff5e260 mm<br \/>\nSkok \u22642500 mm<\/td>\n<\/tr>\n<tr>\n<td>Si\u0142a ci\u0105gu:<\/td>\n<td>Maksymalnie 3560,8 kN<\/td>\n<\/tr>\n<tr>\n<td>\u015arednica otworu:<\/td>\n<td>420 mm\/ci\u015bnienie 35 MPa<\/td>\n<\/tr>\n<\/tbody>\n<\/table>\n<h2><strong>Schemat identyfikacji cylindra du\u017cej \u0142y\u017cki koparki:<\/strong><\/h2>\n<p><img loading=\"lazy\" decoding=\"async\" class=\"alignnone wp-image-1500 size-full\" src=\"https:\/\/hydraulic-cylinders.net\/wp-content\/uploads\/2023\/09\/bucket-cylinder-2.webp\" alt=\"\" width=\"1418\" height=\"946\" srcset=\"https:\/\/hydraulic-cylinders.net\/wp-content\/uploads\/2023\/09\/bucket-cylinder-2.webp 1418w, https:\/\/hydraulic-cylinders.net\/wp-content\/uploads\/2023\/09\/bucket-cylinder-2-1280x854.webp 1280w, https:\/\/hydraulic-cylinders.net\/wp-content\/uploads\/2023\/09\/bucket-cylinder-2-980x654.webp 980w, https:\/\/hydraulic-cylinders.net\/wp-content\/uploads\/2023\/09\/bucket-cylinder-2-480x320.webp 480w\" sizes=\"(min-width: 0px) and (max-width: 480px) 480px, (min-width: 481px) and (max-width: 980px) 980px, (min-width: 981px) and (max-width: 1280px) 1280px, (min-width: 1281px) 1418px, 100vw\" \/><\/p>\n<h2><strong>Spos\u00f3b u\u017cycia du\u017cego cylindra \u0142y\u017cki koparki:<\/strong><\/h2>\n<ol>\n<li>Instalacja i konfiguracja<\/li>\n<\/ol>\n<ul>\n<li>Aby prawid\u0142owo zamontowa\u0107 si\u0142ownik du\u017cej \u0142y\u017cki koparki, nale\u017cy zapozna\u0107 si\u0119 z instrukcj\u0105 producenta.<\/li>\n<li>Sprawd\u017a kompatybilno\u015b\u0107 i pewnie zamocuj cylinder do \u0142y\u017cki koparki.<\/li>\n<li>Aby uzyska\u0107 bezpieczne i niezawodne po\u0142\u0105czenie, nale\u017cy przestrzega\u0107 zalecanych warto\u015bci momentu dokr\u0119cania i u\u017cywa\u0107 odpowiedniego sprz\u0119tu monta\u017cowego.<\/li>\n<\/ul>\n<ol start=\"2\">\n<li>Rozwa\u017cania operacyjne<\/li>\n<\/ol>\n<ul>\n<li>Zapoznaj si\u0119 z elementami steruj\u0105cymi i obs\u0142ug\u0105 du\u017cej koparki, w tym z cylindrem \u0142y\u017cki.<\/li>\n<li>Przed przyst\u0105pieniem do faktycznych prac ziemnych nale\u017cy prze\u0107wiczy\u0107 obs\u0142ug\u0119 koparki i cylindra w kontrolowanym \u015brodowisku.<\/li>\n<li>Stosuj si\u0119 do wytycznych bezpiecze\u0144stwa i nie przekraczaj dopuszczalnego obci\u0105\u017cenia koparki, aby zapobiec wypadkom i uszkodzeniom sprz\u0119tu.<\/li>\n<\/ul>\n<ol start=\"3\">\n<li>Optymalizacja wydajno\u015bci rob\u00f3t ziemnych<\/li>\n<\/ol>\n<ul>\n<li>Wykorzystaj precyzyjn\u0105 kontrol\u0119 du\u017cego cylindra \u0142y\u017cki koparki, aby zoptymalizowa\u0107 wydajno\u015b\u0107 rob\u00f3t ziemnych.<\/li>\n<li>Podczas kopania nale\u017cy utrzymywa\u0107 sta\u0142\u0105 i kontrolowan\u0105 pr\u0119dko\u015b\u0107, co umo\u017cliwi cylindrowi wywieranie sta\u0142ej si\u0142y.<\/li>\n<li>Dostosuj k\u0105t i wysoko\u015b\u0107 \u0142y\u017cki do konkretnych wymaga\u0144 wykopu, zapewniaj\u0105c wydajn\u0105 obs\u0142ug\u0119 materia\u0142u.<\/li>\n<\/ul>\n<h2><strong>Jak zdemontowa\u0107 si\u0142ownik hydrauliczny z koparki?<\/strong><\/h2>\n<p>Demonta\u017c si\u0142ownika hydraulicznego z koparki wymaga szczeg\u00f3lnej uwagi i przestrzegania odpowiednich procedur, aby zapewni\u0107 bezpiecze\u0144stwo i zapobiec uszkodzeniu sprz\u0119tu. Oto og\u00f3lne kroki, kt\u00f3re pomog\u0105 Ci w tym procesie:<\/p>\n<ol>\n<li><strong>Przygotowanie:<\/strong><\/li>\n<\/ol>\n<ul>\n<li>Upewnij si\u0119, \u017ce koparka jest wy\u0142\u0105czona i zaparkowana na r\u00f3wnej powierzchni.<\/li>\n<li>W\u0142\u0105cz blokad\u0119 bezpiecze\u0144stwa i zabezpiecz wysi\u0119gnik oraz rami\u0119 w stabilnej pozycji.<\/li>\n<li>Za\u0142\u00f3\u017c odpowiedni sprz\u0119t ochrony osobistej, taki jak r\u0119kawice i okulary ochronne.<\/li>\n<\/ul>\n<ol start=\"2\">\n<li><strong>Zidentyfikuj cylinder:<\/strong><\/li>\n<\/ol>\n<ul>\n<li>Znajd\u017a si\u0142ownik hydrauliczny, kt\u00f3ry chcesz zdemontowa\u0107. Mo\u017ce by\u0107 przymocowany do wysi\u0119gnika, ramienia lub innych element\u00f3w koparki.<\/li>\n<\/ul>\n<ol start=\"3\">\n<li><strong>Uwolnij ci\u015bnienie hydrauliczne:<\/strong><\/li>\n<\/ol>\n<ul>\n<li>Przed od\u0142\u0105czeniem jakichkolwiek przewod\u00f3w lub przy\u0142\u0105czy hydraulicznych konieczne jest uwolnienie ci\u015bnienia w uk\u0142adzie, aby zapobiec nag\u0142ym ruchom lub rozpryskiwaniu si\u0119 p\u0142ynu.<\/li>\n<li>Zacznij od zlokalizowania zaworu bezpiecze\u0144stwa lub procedury uwalniania ci\u015bnienia w Twoim modelu koparki.<\/li>\n<li>Post\u0119puj zgodnie z wytycznymi producenta, aby prawid\u0142owo rozhermetyzowa\u0107 uk\u0142ad hydrauliczny.<\/li>\n<\/ul>\n<ol start=\"4\">\n<li><strong>Od\u0142\u0105cz przewody hydrauliczne:<\/strong><\/li>\n<\/ol>\n<ul>\n<li>Zidentyfikuj przewody hydrauliczne pod\u0142\u0105czone do cylindra. Przewody te transportuj\u0105 p\u0142yn hydrauliczny do i z cylindra.<\/li>\n<li>Do luzowania i od\u0142\u0105czania przewod\u00f3w hydraulicznych od cylindra nale\u017cy u\u017cywa\u0107 odpowiednich kluczy lub z\u0142\u0105czek.<\/li>\n<li>Umie\u015bci\u0107 pojemnik lub materia\u0142 ch\u0142onny pod od\u0142\u0105czonymi przewodami w celu wychwycenia resztek p\u0142ynu hydraulicznego.<\/li>\n<\/ul>\n<ol start=\"5\">\n<li><strong>Usu\u0144 elementy monta\u017cowe:<\/strong><\/li>\n<\/ol>\n<ul>\n<li>Zlokalizuj punkty mocowania cylindra. Mog\u0105 to by\u0107 \u015bruby lub sworznie mocuj\u0105ce cylinder do konstrukcji koparki.<\/li>\n<li>Zale\u017cnie od konkretnego projektu, do demonta\u017cu element\u00f3w monta\u017cowych nale\u017cy u\u017cy\u0107 odpowiednich narz\u0119dzi.<\/li>\n<li>Podczas wyjmowania nale\u017cy zadba\u0107 o odpowiednie podparcie cylindra, aby zapobiec jego upadkowi lub uszkodzeniu.<\/li>\n<\/ul>\n<ol start=\"6\">\n<li><strong>Od\u0142\u0105czanie cylindra:<\/strong><\/li>\n<\/ol>\n<ul>\n<li>Ostro\u017cnie wysu\u0144 lub manewruj cylindrem, aby wyj\u0105\u0107 go z pozycji monta\u017cowej. Je\u015bli jest ciasno osadzony, mo\u017ce by\u0107 konieczne delikatne stukni\u0119cie go gumowym m\u0142otkiem lub u\u017cycie hydraulicznego \u015bci\u0105gacza cylindr\u00f3w.<\/li>\n<li>Upewnij si\u0119, \u017ce \u017cadne inne elementy lub struktury nie utrudniaj\u0105 wyj\u0119cia cylindra.<\/li>\n<\/ul>\n<ol start=\"7\">\n<li><strong>Kontrola i konserwacja:<\/strong><\/li>\n<\/ol>\n<ul>\n<li>Po wyj\u0119ciu cylindra nale\u017cy sprawdzi\u0107, czy nie ma na nim \u015blad\u00f3w uszkodze\u0144, nieszczelno\u015bci lub zu\u017cycia.<\/li>\n<li>Wyczy\u015b\u0107 cylinder i sprawd\u017a, czy na pr\u0119tach, uszczelkach i innych elementach nie ma \u015blad\u00f3w korozji, zadrapa\u0144 lub nadmiernego zu\u017cycia.<\/li>\n<li>Przed ponownym zamontowaniem cylindra nale\u017cy wykona\u0107 wszelkie niezb\u0119dne prace konserwacyjne i naprawy.<\/li>\n<\/ul>\n<ol start=\"8\">\n<li><strong>Ponowna instalacja lub wymiana:<\/strong><\/li>\n<\/ol>\n<ul>\n<li>Aby ponownie zamontowa\u0107 si\u0142ownik hydrauliczny, nale\u017cy wykona\u0107 czynno\u015bci w odwrotnej kolejno\u015bci ni\u017c przy demonta\u017cu, zwracaj\u0105c uwag\u0119 na prawid\u0142owe ustawienie i moment obrotowy.<\/li>\n<li>Je\u015bli wymieniasz cylinder, ostro\u017cnie zamontuj nowy cylinder zgodnie z instrukcjami i wytycznymi producenta.<\/li>\n<\/ul>\n<h2><strong>Mo\u017cliwo\u015bci i pojemno\u015b\u0107 fabryki:<\/strong><\/h2>\n<h3>(1) Monta\u017c<\/h3>\n<p>Dysponujemy najwy\u017cszej klasy niezale\u017cn\u0105 platform\u0105 badawczo-rozwojow\u0105. Warsztat produkcji si\u0142ownik\u00f3w hydraulicznych posiada cztery p\u00f3\u0142automatyczne linie monta\u017cowe si\u0142ownik\u00f3w podnosz\u0105cych i jedn\u0105 automatyczn\u0105 lini\u0119 monta\u017cow\u0105 si\u0142ownik\u00f3w przechy\u0142u, o projektowanej rocznej zdolno\u015bci produkcyjnej 1 miliona sztuk. Specjalny warsztat cylindr\u00f3w jest wyposa\u017cony w r\u00f3\u017cne specyfikacje p\u00f3\u0142automatycznego systemu monta\u017cu czyszcz\u0105cego o projektowanej rocznej zdolno\u015bci produkcyjnej 200 000 i wyposa\u017cony w s\u0142ynny sprz\u0119t do obr\u00f3bki CNC, centrum obr\u00f3bcze, specjalny sprz\u0119t do precyzyjnej obr\u00f3bki cylindr\u00f3w, robot spawalniczy, automatyczna maszyna czyszcz\u0105ca, automatyczna maszyna do monta\u017cu cylindr\u00f3w i automatyczna linia produkcyjna do malowania. Istniej\u0105cy krytyczny sprz\u0119t sk\u0142ada si\u0119 z ponad 300 zestaw\u00f3w. Optymalna alokacja i efektywne wykorzystanie zasob\u00f3w sprz\u0119towych zapewniaj\u0105 wymagania dotycz\u0105ce dok\u0142adno\u015bci produkt\u00f3w i spe\u0142niaj\u0105 potrzeby wysokiej jako\u015bci produkt\u00f3w.<\/p>\n<p><img loading=\"lazy\" decoding=\"async\" class=\"alignnone wp-image-626\" src=\"https:\/\/hydraulic-cylinders.net\/wp-content\/uploads\/2023\/08\/hydraulic-cylinder-product-1-300x158.webp\" alt=\"\" width=\"495\" height=\"260\" srcset=\"https:\/\/hydraulic-cylinders.net\/wp-content\/uploads\/2023\/08\/hydraulic-cylinder-product-1-300x158.webp 495w, https:\/\/hydraulic-cylinders.net\/wp-content\/uploads\/2023\/08\/hydraulic-cylinder-product-1-480x252.webp 480w\" sizes=\"(min-width: 0px) and (max-width: 480px) 480px, (min-width: 481px) 495px, 100vw\" \/> <img loading=\"lazy\" decoding=\"async\" class=\"alignnone wp-image-627\" src=\"https:\/\/hydraulic-cylinders.net\/wp-content\/uploads\/2023\/08\/hydraulic-cylinder-product-2-300x189.webp\" alt=\"\" width=\"413\" height=\"260\" \/><\/p>\n<h3>(2) Obr\u00f3bka<\/h3>\n<p>Warsztat obr\u00f3bki skrawaniem jest wyposa\u017cony w niestandardowe centrum tokarskie z pochylon\u0105 szyn\u0105, centrum obr\u00f3bcze, szybkobie\u017cn\u0105 honownic\u0119, robota spawalniczego i inny powi\u0105zany sprz\u0119t, kt\u00f3ry mo\u017ce obs\u0142ugiwa\u0107 przetwarzanie rur cylindrycznych o maksymalnej \u015brednicy wewn\u0119trznej 400 mm i maksymalnej d\u0142ugo\u015bci 6 metr\u00f3w.<\/p>\n<p><img loading=\"lazy\" decoding=\"async\" class=\"alignnone wp-image-628 size-large\" src=\"https:\/\/hydraulic-cylinders.net\/wp-content\/uploads\/2023\/08\/hydraulic-cylinder-product-3-1024x391.webp\" alt=\"\" width=\"1024\" height=\"391\" srcset=\"https:\/\/hydraulic-cylinders.net\/wp-content\/uploads\/2023\/08\/hydraulic-cylinder-product-3-980x374.webp 980w, https:\/\/hydraulic-cylinders.net\/wp-content\/uploads\/2023\/08\/hydraulic-cylinder-product-3-480x183.webp 480w\" sizes=\"(min-width: 0px) and (max-width: 480px) 480px, (min-width: 481px) and (max-width: 980px) 980px, (min-width: 981px) 1024px, 100vw\" \/><\/p>\n<h3>(3) Spawanie<\/h3>\n<p><img loading=\"lazy\" decoding=\"async\" class=\"alignnone wp-image-629 size-large\" src=\"https:\/\/hydraulic-cylinders.net\/wp-content\/uploads\/2023\/08\/hydraulic-cylinder-product-4-1024x510.webp\" alt=\"\" width=\"1024\" height=\"510\" srcset=\"https:\/\/hydraulic-cylinders.net\/wp-content\/uploads\/2023\/08\/hydraulic-cylinder-product-4-980x488.webp 980w, https:\/\/hydraulic-cylinders.net\/wp-content\/uploads\/2023\/08\/hydraulic-cylinder-product-4-480x239.webp 480w\" sizes=\"(min-width: 0px) and (max-width: 480px) 480px, (min-width: 481px) and (max-width: 980px) 980px, (min-width: 981px) 1024px, 100vw\" \/><\/p>\n<h3>(4) Malowanie i powlekanie<\/h3>\n<p>Z ma\u0142ymi i \u015brednimi automatycznymi liniami do powlekania farbami na bazie wody, w celu osi\u0105gni\u0119cia automatycznego za\u0142adunku i roz\u0142adunku robota oraz automatycznego natryskiwania, wydajno\u015b\u0107 projektowa 4000 sztuk na zmian\u0119;<br \/>\nPosiadamy r\u00f3wnie\u017c p\u00f3\u0142automatyczn\u0105 lini\u0119 do produkcji farb do du\u017cych cylindr\u00f3w nap\u0119dzan\u0105 \u0142a\u0144cuchem nap\u0119dowym, o wydajno\u015bci 60 skrzy\u0144 na zmian\u0119.<\/p>\n<p><img loading=\"lazy\" decoding=\"async\" class=\"alignnone wp-image-630\" src=\"https:\/\/hydraulic-cylinders.net\/wp-content\/uploads\/2023\/08\/hydraulic-cylinder-product-5-300x213.webp\" alt=\"\" width=\"366\" height=\"260\" \/> <img loading=\"lazy\" decoding=\"async\" class=\"alignnone wp-image-631\" src=\"https:\/\/hydraulic-cylinders.net\/wp-content\/uploads\/2023\/08\/hydraulic-cylinder-product-6-300x225.webp\" alt=\"\" width=\"347\" height=\"260\" \/><\/p>\n<h3>(5) Testowanie<\/h3>\n<p>Dysponujemy najwy\u017cszej klasy urz\u0105dzeniami kontrolnymi i stanowiskami testowymi, aby zapewni\u0107, \u017ce wydajno\u015b\u0107 cylindra spe\u0142nia wymagania.<\/p>\n<p><img loading=\"lazy\" decoding=\"async\" class=\"alignnone wp-image-632\" src=\"https:\/\/hydraulic-cylinders.net\/wp-content\/uploads\/2023\/08\/hydraulic-cylinder-product-8-300x200.webp\" alt=\"\" width=\"389\" height=\"260\" \/><\/p>\n<p>&nbsp;<\/p>\n<p>&nbsp;<\/p>\n<p>Jeste\u015bmy jednym z najlepszych producent\u00f3w cylindr\u00f3w hydraulicznych. Oferujemy kompleksow\u0105 ofert\u0119 cylindr\u00f3w hydraulicznych. Dostarczamy r\u00f3wnie\u017c\u2026 <a href=\"https:\/\/hzpt.com\/agricultural-pto-gearbox\/\" target=\"_blank\" rel=\"noopener\">przek\u0142adnie rolnicze<\/a>. Eksportowali\u015bmy nasze produkty do klient\u00f3w na ca\u0142ym \u015bwiecie i zdobyli\u015bmy dobr\u0105 reputacj\u0119 dzi\u0119ki najwy\u017cszej jako\u015bci produkt\u00f3w i us\u0142ug posprzeda\u017cnych. Zapraszamy klient\u00f3w w kraju i za granic\u0105 do kontaktu z nami w celu negocjacji biznesowych, wymiany informacji i <a href=\"https:\/\/www.hydraulic-cylinders.net\/pl\/contact-us\/\">wsp\u00f3\u0142pracowa\u0107 z nami<\/a>!<\/p>","protected":false},"excerpt":{"rendered":"<p>Large Excavator Bucket Cylinder The large excavator bucket cylinder is a robust hydraulic component designed to maximize the earthmoving capabilities of large excavators. This cylinder is precisely engineered to deliver exceptional power, durability, and precision in heavy-duty construction and excavation tasks. The large excavator bucket cylinder is a robust and reliable hydraulic component that enhances [&hellip;]<\/p>","protected":false},"featured_media":1501,"comment_status":"open","ping_status":"closed","template":"","meta":{"_et_pb_use_builder":"","_et_pb_old_content":"","_et_gb_content_width":""},"product_brand":[],"product_cat":[1550,1503,1376],"product_tag":[1380],"class_list":{"0":"post-1498","1":"product","2":"type-product","3":"status-publish","4":"has-post-thumbnail","6":"product_cat-double-acting-hydraulic-cylinder","7":"product_cat-excavator-hydraulic-cylinders","8":"product_cat-hydraulic-cylinder","9":"product_tag-hydraulic-cylinder","11":"first","12":"instock","13":"shipping-taxable","14":"product-type-simple"},"amp_enabled":true,"_links":{"self":[{"href":"https:\/\/www.hydraulic-cylinders.net\/pl\/wp-json\/wp\/v2\/product\/1498","targetHints":{"allow":["GET"]}}],"collection":[{"href":"https:\/\/www.hydraulic-cylinders.net\/pl\/wp-json\/wp\/v2\/product"}],"about":[{"href":"https:\/\/www.hydraulic-cylinders.net\/pl\/wp-json\/wp\/v2\/types\/product"}],"replies":[{"embeddable":true,"href":"https:\/\/www.hydraulic-cylinders.net\/pl\/wp-json\/wp\/v2\/comments?post=1498"}],"wp:featuredmedia":[{"embeddable":true,"href":"https:\/\/www.hydraulic-cylinders.net\/pl\/wp-json\/wp\/v2\/media\/1501"}],"wp:attachment":[{"href":"https:\/\/www.hydraulic-cylinders.net\/pl\/wp-json\/wp\/v2\/media?parent=1498"}],"wp:term":[{"taxonomy":"product_brand","embeddable":true,"href":"https:\/\/www.hydraulic-cylinders.net\/pl\/wp-json\/wp\/v2\/product_brand?post=1498"},{"taxonomy":"product_cat","embeddable":true,"href":"https:\/\/www.hydraulic-cylinders.net\/pl\/wp-json\/wp\/v2\/product_cat?post=1498"},{"taxonomy":"product_tag","embeddable":true,"href":"https:\/\/www.hydraulic-cylinders.net\/pl\/wp-json\/wp\/v2\/product_tag?post=1498"}],"curies":[{"name":"wp","href":"https:\/\/api.w.org\/{rel}","templated":true}]}}