{"id":1502,"date":"2023-09-27T07:01:44","date_gmt":"2023-09-27T07:01:44","guid":{"rendered":"https:\/\/hydraulic-cylinders.net\/?post_type=product&#038;p=1502"},"modified":"2025-04-11T03:41:16","modified_gmt":"2025-04-11T03:41:16","slug":"large-excavator-boom-cylinder","status":"publish","type":"product","link":"https:\/\/www.hydraulic-cylinders.net\/pl\/produkt\/large-excavator-boom-cylinder\/","title":{"rendered":"Du\u017cy cylinder wysi\u0119gnika koparki"},"content":{"rendered":"<h1 style=\"text-align: center;\"><strong>Du\u017cy cylinder wysi\u0119gnika koparki<\/strong><\/h1>\n<p><img loading=\"lazy\" decoding=\"async\" class=\"aligncenter wp-image-1503\" src=\"https:\/\/hydraulic-cylinders.net\/wp-content\/uploads\/2023\/09\/boom-cylinder-1-2-300x300.webp\" alt=\"\" width=\"400\" height=\"400\" \/><\/p>\n<p>Du\u017cy si\u0142ownik wysi\u0119gnika koparki to kluczowy element hydrauliczny, kt\u00f3ry odgrywa kluczow\u0105 rol\u0119 w wydajnej obs\u0142udze du\u017cych koparek. Si\u0142ownik ten zosta\u0142 specjalnie zaprojektowany, aby zapewni\u0107 mocne wysuwanie i wsuwanie wysi\u0119gnika, umo\u017cliwiaj\u0105c precyzyjn\u0105 kontrol\u0119 i zwi\u0119kszon\u0105 wydajno\u015b\u0107 podczas ci\u0119\u017ckich projekt\u00f3w budowlanych.<\/p>\n<p>Du\u017cy si\u0142ownik wysi\u0119gnika koparki to mocny element hydrauliczny, niezb\u0119dny do efektywnej obs\u0142ugi du\u017cych koparek. Dzi\u0119ki solidnej konstrukcji, precyzyjnemu sterowaniu, zwi\u0119kszonemu zasi\u0119gowi i ud\u017awigowi, si\u0142ownik ten pozwala operatorom osi\u0105gn\u0105\u0107 lepsz\u0105 wydajno\u015b\u0107 i produktywno\u015b\u0107 podczas ci\u0119\u017ckich projekt\u00f3w budowlanych. Przestrzegaj\u0105c zalecanych metod u\u017cytkowania i konserwacji, operatorzy mog\u0105 zapewni\u0107 optymaln\u0105 wydajno\u015b\u0107 i trwa\u0142o\u015b\u0107 du\u017cego si\u0142ownika wysi\u0119gnika koparki, co przek\u0142ada si\u0119 na zwi\u0119kszon\u0105 wydajno\u015b\u0107 i pomy\u015blne uko\u0144czenie prac budowlanych. Zainwestuj w ten wyj\u0105tkowy si\u0142ownik hydrauliczny, aby w pe\u0142ni wykorzysta\u0107 potencja\u0142 swojej du\u017cej koparki i wznie\u015b\u0107 swoje mo\u017cliwo\u015bci budowlane na nowy poziom.<\/p>\n<p>G\u0142\u00f3wne cechy cylindra du\u017cej \u0142y\u017cki koparki:<\/p>\n<ol>\n<li>Solidna konstrukcja i wysoka wytrzyma\u0142o\u015b\u0107<\/li>\n<\/ol>\n<ul>\n<li>Du\u017cy si\u0142ownik wysi\u0119gnika koparki wykonany jest z trwa\u0142ych materia\u0142\u00f3w i charakteryzuje si\u0119 solidn\u0105 konstrukcj\u0105, kt\u00f3ra gwarantuje optymaln\u0105 wydajno\u015b\u0107 nawet w trudnych warunkach.<\/li>\n<li>Posiada du\u017c\u0105 wytrzyma\u0142o\u015b\u0107, co pozwala mu wytrzymywa\u0107 du\u017ce obci\u0105\u017cenia i wywiera\u0107 znaczn\u0105 si\u0142\u0119 podczas pracy.<\/li>\n<\/ul>\n<ol start=\"2\">\n<li>Precyzyjna kontrola i p\u0142ynna praca<\/li>\n<\/ol>\n<ul>\n<li>Si\u0142ownik ten umo\u017cliwia precyzyjn\u0105 kontrol\u0119 wysuwania i wsuwania wysi\u0119gnika, dzi\u0119ki czemu operatorzy mog\u0105 precyzyjnie ustawi\u0107 po\u0142o\u017cenie i manewrowa\u0107 maszyn\u0105.<\/li>\n<li>Zapewnia p\u0142ynn\u0105 i bezproblemow\u0105 prac\u0119, minimalizuj\u0105c szarpane ruchy i optymalizuj\u0105c wydajno\u015b\u0107 podczas prac budowlanych.<\/li>\n<\/ul>\n<ol start=\"3\">\n<li>Wi\u0119kszy zasi\u0119g i ud\u017awig<\/li>\n<\/ol>\n<ul>\n<li>Dzi\u0119ki imponuj\u0105cym mo\u017cliwo\u015bciom wysuwania, du\u017cy si\u0142ownik wysi\u0119gnika koparki umo\u017cliwia jej zasi\u0119g na wi\u0119ksze odleg\u0142o\u015bci, zwi\u0119kszaj\u0105c tym samym zasi\u0119g jej pracy.<\/li>\n<li>Zwi\u0119ksza ud\u017awig koparki, umo\u017cliwiaj\u0105c sprawne przenoszenie ci\u0119\u017ckich materia\u0142\u00f3w i wy\u017csz\u0105 wydajno\u015b\u0107 na placu budowy.<\/li>\n<\/ul>\n<ol start=\"4\">\n<li>Zgodno\u015b\u0107 i adaptowalno\u015b\u0107<\/li>\n<\/ol>\n<ul>\n<li>Du\u017cy si\u0142ownik wysi\u0119gnika koparki zaprojektowano tak, aby by\u0142 kompatybilny z szerok\u0105 gam\u0105 du\u017cych modeli koparek, zapewniaj\u0105c wszechstronno\u015b\u0107 i \u0142atwo\u015b\u0107 integracji.<\/li>\n<li>Mo\u017cna go \u0142atwo dostosowa\u0107 do r\u00f3\u017cnych konfiguracji wysi\u0119gnika, co czyni go wszechstronnym elementem hydraulicznym do r\u00f3\u017cnych zastosowa\u0144 budowlanych.<\/li>\n<\/ul>\n<h2><strong>Parametry du\u017cego cylindra wysi\u0119gnika koparki:<\/strong><\/h2>\n<table border=\"1\" cellspacing=\"0\" cellpadding=\"0\">\n<tbody>\n<tr>\n<td>Nazwa produktu<\/td>\n<td>Du\u017cy cylinder wysi\u0119gnika koparki<\/td>\n<\/tr>\n<tr>\n<td>Cechy:<\/td>\n<td>Kontroluj ruch podnoszenia du\u017cego ramienia<\/td>\n<\/tr>\n<tr>\n<td>\u015arednica otworu:<\/td>\n<td>200mm\uff5e420mm<\/td>\n<\/tr>\n<tr>\n<td>\u015arednica pr\u0119ta:<\/td>\n<td>140 mm\uff5e300 mm<br \/>\nSkok \u22643500 mm<\/td>\n<\/tr>\n<tr>\n<td>Si\u0142a ci\u0105gu:<\/td>\n<td>Maksymalnie 4846,6 kN<\/td>\n<\/tr>\n<tr>\n<td>\u015arednica otworu:<\/td>\n<td>420 mm\/ci\u015bnienie 35 MPa<\/td>\n<\/tr>\n<\/tbody>\n<\/table>\n<h2><strong>Schemat identyfikacji cylindra wysi\u0119gnika du\u017cej koparki:<\/strong><\/h2>\n<p><img loading=\"lazy\" decoding=\"async\" class=\"alignnone wp-image-1504 size-full\" src=\"https:\/\/hydraulic-cylinders.net\/wp-content\/uploads\/2023\/09\/boom-cylinder-2.webp\" alt=\"\" width=\"1418\" height=\"946\" srcset=\"https:\/\/hydraulic-cylinders.net\/wp-content\/uploads\/2023\/09\/boom-cylinder-2.webp 1418w, https:\/\/hydraulic-cylinders.net\/wp-content\/uploads\/2023\/09\/boom-cylinder-2-1280x854.webp 1280w, https:\/\/hydraulic-cylinders.net\/wp-content\/uploads\/2023\/09\/boom-cylinder-2-980x654.webp 980w, https:\/\/hydraulic-cylinders.net\/wp-content\/uploads\/2023\/09\/boom-cylinder-2-480x320.webp 480w\" sizes=\"(min-width: 0px) and (max-width: 480px) 480px, (min-width: 481px) and (max-width: 980px) 980px, (min-width: 981px) and (max-width: 1280px) 1280px, (min-width: 1281px) 1418px, 100vw\" \/><\/p>\n<h2><strong>Spos\u00f3b u\u017cycia du\u017cego cylindra wysi\u0119gnika koparki:<\/strong><\/h2>\n<ol>\n<li>Instalacja i konfiguracja<\/li>\n<\/ol>\n<ul>\n<li>W celu prawid\u0142owego monta\u017cu si\u0142ownika wysi\u0119gnika du\u017cej koparki nale\u017cy post\u0119powa\u0107 zgodnie ze wskaz\u00f3wkami producenta.<\/li>\n<li>Sprawd\u017a kompatybilno\u015b\u0107 i pewnie zamocuj si\u0142ownik do zespo\u0142u wysi\u0119gnika koparki.<\/li>\n<li>Aby uzyska\u0107 niezawodne po\u0142\u0105czenie, nale\u017cy zastosowa\u0107 zalecane parametry momentu obrotowego i w\u0142a\u015bciwy sprz\u0119t monta\u017cowy.<\/li>\n<\/ul>\n<ol start=\"2\">\n<li>Rozwa\u017cania operacyjne<\/li>\n<\/ol>\n<ul>\n<li>Zapoznaj si\u0119 z elementami sterowania i obs\u0142ug\u0105 du\u017cej koparki, w tym z si\u0142ownikiem wysi\u0119gnika.<\/li>\n<li>Przed przyst\u0105pieniem do prac budowlanych nale\u017cy prze\u0107wiczy\u0107 obs\u0142ug\u0119 koparki i cylindra w kontrolowanym \u015brodowisku.<\/li>\n<li>Stosuj si\u0119 do wytycznych bezpiecze\u0144stwa i pracuj zgodnie z ograniczeniami obci\u0105\u017cenia koparki, aby zapewni\u0107 bezpiecze\u0144stwo i zapobiec uszkodzeniom sprz\u0119tu.<\/li>\n<\/ul>\n<ol start=\"3\">\n<li>Optymalizacja wydajno\u015bci<\/li>\n<\/ol>\n<ul>\n<li>Wykorzystaj precyzyjn\u0105 kontrol\u0119, jak\u0105 oferuje du\u017cy si\u0142ownik wysi\u0119gnika koparki, aby zoptymalizowa\u0107 wydajno\u015b\u0107 podczas projekt\u00f3w budowlanych.<\/li>\n<li>Wysuwaj i wsuwaj wysi\u0119gnik zale\u017cnie od potrzeb, aby wykonywa\u0107 konkretne zadania. Zapewnia to precyzyjne rozmieszczanie materia\u0142\u00f3w i wydajne kopanie lub podnoszenie.<\/li>\n<li>Dostosuj k\u0105t i wysoko\u015b\u0107 wysi\u0119gnika do wymaga\u0144 projektu, maksymalizuj\u0105c zasi\u0119g i wydajno\u015b\u0107 na miejscu pracy.<\/li>\n<\/ul>\n<h2><strong>Jaki rozmiar cylindra do koparki?<\/strong><\/h2>\n<p>Rozmiar cylindra dla kciuka koparki mo\u017ce si\u0119 r\u00f3\u017cni\u0107 w zale\u017cno\u015bci od konkretnych wymaga\u0144 koparki i przeznaczenia uchwytu kciuka. Odpowiedni rozmiar cylindra jest zazwyczaj okre\u015blany na podstawie takich czynnik\u00f3w, jak masa robocza koparki, po\u017c\u0105dany ud\u017awig kciuka oraz kompatybilno\u015b\u0107 z uk\u0142adem hydraulicznym koparki.<\/p>\n<p>Aby okre\u015bli\u0107 odpowiedni rozmiar cylindra dla kciuka koparki, zaleca si\u0119 konsultacj\u0119 z producentem lub dostawc\u0105 nasadki kciuka. Mog\u0105 oni udzieli\u0107 wskaz\u00f3wek na podstawie specyfikacji koparki i planowanego zastosowania kciuka.<\/p>\n<p>Warto zauwa\u017cy\u0107, \u017ce chwytaki do koparek s\u0105 dost\u0119pne w r\u00f3\u017cnych rozmiarach i konfiguracjach, aby pasowa\u0107 do r\u00f3\u017cnych modeli i rozmiar\u00f3w koparek. Uchwyt chwytaka zazwyczaj sk\u0142ada si\u0119 z centralnej konstrukcji lub ramy, kt\u00f3ra jest montowana do wysi\u0119gnika koparki, oraz si\u0142ownika hydraulicznego, kt\u00f3ry zapewnia chwytanie lub zaciskanie. Rozmiar si\u0142ownika nale\u017cy dobra\u0107 tak, aby zapewni\u0107 kompatybilno\u015b\u0107 z uchwytem chwytaka i wymagan\u0105 si\u0142\u0119 chwytania do zamierzonych zada\u0144.<\/p>\n<p>Rozwa\u017caj\u0105c rozmiar cylindra dla kciuka koparki, nale\u017cy zachowa\u0107 r\u00f3wnowag\u0119 mi\u0119dzy wystarczaj\u0105c\u0105 no\u015bno\u015bci\u0105 a zapewnieniem, \u017ce uk\u0142ad hydrauliczny koparki b\u0119dzie w stanie odpowiednio wspiera\u0107 dzia\u0142anie kciuka. Zbyt du\u017cy cylinder mo\u017ce nadmiernie obci\u0105\u017cy\u0107 uk\u0142ad hydrauliczny koparki, a zbyt ma\u0142y \u2013 ograniczy\u0107 no\u015bno\u015b\u0107 i obni\u017cy\u0107 wydajno\u015b\u0107.<\/p>\n<p>Podsumowuj\u0105c, rozmiar cylindra dla kciuka koparki nale\u017cy dobra\u0107 na podstawie takich czynnik\u00f3w, jak masa robocza koparki, po\u017c\u0105dany ud\u017awig oraz kompatybilno\u015b\u0107 z osprz\u0119tem kciukowym i uk\u0142adem hydraulicznym. Zaleca si\u0119 konsultacj\u0119 z producentem lub dostawc\u0105 osprz\u0119tu kciukowego, aby zapewni\u0107 w\u0142a\u015bciwy rozmiar i optymaln\u0105 wydajno\u015b\u0107.<\/p>\n<h2><strong>Mo\u017cliwo\u015bci i pojemno\u015b\u0107 fabryki:<\/strong><\/h2>\n<h3>(1) Monta\u017c<\/h3>\n<p>Dysponujemy najwy\u017cszej klasy niezale\u017cn\u0105 platform\u0105 badawczo-rozwojow\u0105. Warsztat produkcji si\u0142ownik\u00f3w hydraulicznych posiada cztery p\u00f3\u0142automatyczne linie monta\u017cowe si\u0142ownik\u00f3w podnosz\u0105cych i jedn\u0105 automatyczn\u0105 lini\u0119 monta\u017cow\u0105 si\u0142ownik\u00f3w przechy\u0142u, o projektowanej rocznej zdolno\u015bci produkcyjnej 1 miliona sztuk. Specjalny warsztat cylindr\u00f3w jest wyposa\u017cony w r\u00f3\u017cne specyfikacje p\u00f3\u0142automatycznego systemu monta\u017cu czyszcz\u0105cego o projektowanej rocznej zdolno\u015bci produkcyjnej 200 000 i wyposa\u017cony w s\u0142ynny sprz\u0119t do obr\u00f3bki CNC, centrum obr\u00f3bcze, specjalny sprz\u0119t do precyzyjnej obr\u00f3bki cylindr\u00f3w, robot spawalniczy, automatyczna maszyna czyszcz\u0105ca, automatyczna maszyna do monta\u017cu cylindr\u00f3w i automatyczna linia produkcyjna do malowania. Istniej\u0105cy krytyczny sprz\u0119t sk\u0142ada si\u0119 z ponad 300 zestaw\u00f3w. Optymalna alokacja i efektywne wykorzystanie zasob\u00f3w sprz\u0119towych zapewniaj\u0105 wymagania dotycz\u0105ce dok\u0142adno\u015bci produkt\u00f3w i spe\u0142niaj\u0105 potrzeby wysokiej jako\u015bci produkt\u00f3w.<\/p>\n<p><img loading=\"lazy\" decoding=\"async\" class=\"alignnone wp-image-626\" src=\"https:\/\/hydraulic-cylinders.net\/wp-content\/uploads\/2023\/08\/hydraulic-cylinder-product-1-300x158.webp\" alt=\"\" width=\"495\" height=\"260\" srcset=\"https:\/\/hydraulic-cylinders.net\/wp-content\/uploads\/2023\/08\/hydraulic-cylinder-product-1-300x158.webp 495w, https:\/\/hydraulic-cylinders.net\/wp-content\/uploads\/2023\/08\/hydraulic-cylinder-product-1-480x252.webp 480w\" sizes=\"(min-width: 0px) and (max-width: 480px) 480px, (min-width: 481px) 495px, 100vw\" \/> <img loading=\"lazy\" decoding=\"async\" class=\"alignnone wp-image-627\" src=\"https:\/\/hydraulic-cylinders.net\/wp-content\/uploads\/2023\/08\/hydraulic-cylinder-product-2-300x189.webp\" alt=\"\" width=\"413\" height=\"260\" \/><\/p>\n<h3>(2) Obr\u00f3bka<\/h3>\n<p>Warsztat obr\u00f3bki skrawaniem jest wyposa\u017cony w niestandardowe centrum tokarskie z pochylon\u0105 szyn\u0105, centrum obr\u00f3bcze, szybkobie\u017cn\u0105 honownic\u0119, robota spawalniczego i inny powi\u0105zany sprz\u0119t, kt\u00f3ry mo\u017ce obs\u0142ugiwa\u0107 przetwarzanie rur cylindrycznych o maksymalnej \u015brednicy wewn\u0119trznej 400 mm i maksymalnej d\u0142ugo\u015bci 6 metr\u00f3w.<\/p>\n<p><img loading=\"lazy\" decoding=\"async\" class=\"alignnone wp-image-628 size-large\" src=\"https:\/\/hydraulic-cylinders.net\/wp-content\/uploads\/2023\/08\/hydraulic-cylinder-product-3-1024x391.webp\" alt=\"\" width=\"1024\" height=\"391\" srcset=\"https:\/\/hydraulic-cylinders.net\/wp-content\/uploads\/2023\/08\/hydraulic-cylinder-product-3-980x374.webp 980w, https:\/\/hydraulic-cylinders.net\/wp-content\/uploads\/2023\/08\/hydraulic-cylinder-product-3-480x183.webp 480w\" sizes=\"(min-width: 0px) and (max-width: 480px) 480px, (min-width: 481px) and (max-width: 980px) 980px, (min-width: 981px) 1024px, 100vw\" \/><\/p>\n<h3>(3) Spawanie<\/h3>\n<p><img loading=\"lazy\" decoding=\"async\" class=\"alignnone wp-image-629 size-large\" src=\"https:\/\/hydraulic-cylinders.net\/wp-content\/uploads\/2023\/08\/hydraulic-cylinder-product-4-1024x510.webp\" alt=\"\" width=\"1024\" height=\"510\" srcset=\"https:\/\/hydraulic-cylinders.net\/wp-content\/uploads\/2023\/08\/hydraulic-cylinder-product-4-980x488.webp 980w, https:\/\/hydraulic-cylinders.net\/wp-content\/uploads\/2023\/08\/hydraulic-cylinder-product-4-480x239.webp 480w\" sizes=\"(min-width: 0px) and (max-width: 480px) 480px, (min-width: 481px) and (max-width: 980px) 980px, (min-width: 981px) 1024px, 100vw\" \/><\/p>\n<h3>(4) Malowanie i powlekanie<\/h3>\n<p>Z ma\u0142ymi i \u015brednimi automatycznymi liniami do powlekania farbami na bazie wody, w celu osi\u0105gni\u0119cia automatycznego za\u0142adunku i roz\u0142adunku robota oraz automatycznego natryskiwania, wydajno\u015b\u0107 projektowa 4000 sztuk na zmian\u0119;<br \/>\nPosiadamy r\u00f3wnie\u017c p\u00f3\u0142automatyczn\u0105 lini\u0119 do produkcji farb do du\u017cych cylindr\u00f3w nap\u0119dzan\u0105 \u0142a\u0144cuchem nap\u0119dowym, o wydajno\u015bci 60 skrzy\u0144 na zmian\u0119.<\/p>\n<p><img loading=\"lazy\" decoding=\"async\" class=\"alignnone wp-image-630\" src=\"https:\/\/hydraulic-cylinders.net\/wp-content\/uploads\/2023\/08\/hydraulic-cylinder-product-5-300x213.webp\" alt=\"\" width=\"366\" height=\"260\" \/> <img loading=\"lazy\" decoding=\"async\" class=\"alignnone wp-image-631\" src=\"https:\/\/hydraulic-cylinders.net\/wp-content\/uploads\/2023\/08\/hydraulic-cylinder-product-6-300x225.webp\" alt=\"\" width=\"347\" height=\"260\" \/><\/p>\n<h3>(5) Testowanie<\/h3>\n<p>Dysponujemy najwy\u017cszej klasy urz\u0105dzeniami kontrolnymi i stanowiskami testowymi, aby zapewni\u0107, \u017ce wydajno\u015b\u0107 cylindra spe\u0142nia wymagania.<\/p>\n<p><img loading=\"lazy\" decoding=\"async\" class=\"alignnone wp-image-632\" src=\"https:\/\/hydraulic-cylinders.net\/wp-content\/uploads\/2023\/08\/hydraulic-cylinder-product-8-300x200.webp\" alt=\"\" width=\"389\" height=\"260\" \/><\/p>\n<p>&nbsp;<\/p>\n<p>&nbsp;<\/p>\n<p>Jeste\u015bmy jednym z najlepszych producent\u00f3w cylindr\u00f3w hydraulicznych. Oferujemy kompleksow\u0105 ofert\u0119 cylindr\u00f3w hydraulicznych. Dostarczamy r\u00f3wnie\u017c\u2026 <a href=\"https:\/\/hzpt.com\/agricultural-pto-gearbox\/\" target=\"_blank\" rel=\"noopener\">przek\u0142adnie rolnicze<\/a>. Eksportowali\u015bmy nasze produkty do klient\u00f3w na ca\u0142ym \u015bwiecie i zdobyli\u015bmy dobr\u0105 reputacj\u0119 dzi\u0119ki najwy\u017cszej jako\u015bci produkt\u00f3w i us\u0142ug posprzeda\u017cnych. Zapraszamy klient\u00f3w w kraju i za granic\u0105 do kontaktu z nami w celu negocjacji biznesowych, wymiany informacji i <a href=\"https:\/\/www.hydraulic-cylinders.net\/pl\/contact-us\/\">wsp\u00f3\u0142pracowa\u0107 z nami<\/a>!<\/p>","protected":false},"excerpt":{"rendered":"<p>Large Excavator Boom Cylinder The large excavator boom cylinder is a vital hydraulic component that plays a crucial role in efficiently operating large excavators. This cylinder is specifically designed to provide powerful extension and retraction of the boom, enabling precise control and enhanced performance in heavy construction projects. The large excavator boom cylinder is a [&hellip;]<\/p>","protected":false},"featured_media":1505,"comment_status":"open","ping_status":"closed","template":"","meta":{"_et_pb_use_builder":"","_et_pb_old_content":"","_et_gb_content_width":""},"product_brand":[],"product_cat":[1550,1503,1376],"product_tag":[1380],"class_list":{"0":"post-1502","1":"product","2":"type-product","3":"status-publish","4":"has-post-thumbnail","6":"product_cat-double-acting-hydraulic-cylinder","7":"product_cat-excavator-hydraulic-cylinders","8":"product_cat-hydraulic-cylinder","9":"product_tag-hydraulic-cylinder","11":"first","12":"instock","13":"shipping-taxable","14":"product-type-simple"},"amp_enabled":true,"_links":{"self":[{"href":"https:\/\/www.hydraulic-cylinders.net\/pl\/wp-json\/wp\/v2\/product\/1502","targetHints":{"allow":["GET"]}}],"collection":[{"href":"https:\/\/www.hydraulic-cylinders.net\/pl\/wp-json\/wp\/v2\/product"}],"about":[{"href":"https:\/\/www.hydraulic-cylinders.net\/pl\/wp-json\/wp\/v2\/types\/product"}],"replies":[{"embeddable":true,"href":"https:\/\/www.hydraulic-cylinders.net\/pl\/wp-json\/wp\/v2\/comments?post=1502"}],"wp:featuredmedia":[{"embeddable":true,"href":"https:\/\/www.hydraulic-cylinders.net\/pl\/wp-json\/wp\/v2\/media\/1505"}],"wp:attachment":[{"href":"https:\/\/www.hydraulic-cylinders.net\/pl\/wp-json\/wp\/v2\/media?parent=1502"}],"wp:term":[{"taxonomy":"product_brand","embeddable":true,"href":"https:\/\/www.hydraulic-cylinders.net\/pl\/wp-json\/wp\/v2\/product_brand?post=1502"},{"taxonomy":"product_cat","embeddable":true,"href":"https:\/\/www.hydraulic-cylinders.net\/pl\/wp-json\/wp\/v2\/product_cat?post=1502"},{"taxonomy":"product_tag","embeddable":true,"href":"https:\/\/www.hydraulic-cylinders.net\/pl\/wp-json\/wp\/v2\/product_tag?post=1502"}],"curies":[{"name":"wp","href":"https:\/\/api.w.org\/{rel}","templated":true}]}}