{"id":1506,"date":"2023-09-27T07:59:16","date_gmt":"2023-09-27T07:59:16","guid":{"rendered":"https:\/\/hydraulic-cylinders.net\/?post_type=product&#038;p=1506"},"modified":"2025-04-11T03:41:12","modified_gmt":"2025-04-11T03:41:12","slug":"large-excavator-stick-cylinder","status":"publish","type":"product","link":"https:\/\/www.hydraulic-cylinders.net\/pl\/produkt\/large-excavator-stick-cylinder\/","title":{"rendered":"Du\u017cy cylinder ramienia koparki"},"content":{"rendered":"<h1 style=\"text-align: center;\"><strong>Du\u017cy cylinder ramienia koparki<\/strong><\/h1>\n<p><img loading=\"lazy\" decoding=\"async\" class=\"wp-image-1507 aligncenter\" src=\"https:\/\/hydraulic-cylinders.net\/wp-content\/uploads\/2023\/09\/stick-cylinder-1-2-300x300.webp\" alt=\"\" width=\"400\" height=\"400\" \/><\/p>\n<p>Du\u017cy si\u0142ownik ramienia koparki to niezb\u0119dny element hydrauliczny zaprojektowany w celu zwi\u0119kszenia mo\u017cliwo\u015bci kopania du\u017cych koparek. Si\u0142ownik ten jest niezb\u0119dny do wysuwania i chowania ramienia, zapewniaj\u0105c optymaln\u0105 kontrol\u0119 i moc podczas r\u00f3\u017cnych operacji kopania i podnoszenia.<\/p>\n<p>Du\u017cy si\u0142ownik ramienia koparki to wydajny element hydrauliczny, kt\u00f3ry znacz\u0105co zwi\u0119ksza mo\u017cliwo\u015bci kopania du\u017cych koparek. Dzi\u0119ki solidnej konstrukcji, mocnemu wysi\u0119gnikowi, precyzyjnemu sterowaniu i wszechstronno\u015bci, si\u0142ownik ten umo\u017cliwia operatorom \u0142atwe wykonywanie r\u00f3\u017cnorodnych zada\u0144 zwi\u0105zanych z wykopami. Przestrzegaj\u0105c zalecanych metod u\u017cytkowania i konserwacji, operatorzy mog\u0105 zapewni\u0107 optymaln\u0105 wydajno\u015b\u0107 i trwa\u0142o\u015b\u0107 du\u017cego si\u0142ownika ramienia koparki, co przek\u0142ada si\u0119 na zwi\u0119kszon\u0105 wydajno\u015b\u0107 i pomy\u015blne uko\u0144czenie ci\u0119\u017ckich projekt\u00f3w wykopaliskowych. Zainwestuj w ten wyj\u0105tkowy si\u0142ownik hydrauliczny, aby w pe\u0142ni wykorzysta\u0107 potencja\u0142 swojej du\u017cej koparki i do\u015bwiadczy\u0107 najwy\u017cszej wydajno\u015bci i efektywno\u015bci podczas prac wykopaliskowych.<\/p>\n<p>G\u0142\u00f3wne cechy cylindra du\u017cej \u0142y\u017cki koparki:<\/p>\n<ol>\n<li>Solidna konstrukcja i trwa\u0142o\u015b\u0107:<\/li>\n<\/ol>\n<ul>\n<li>Du\u017cy cylinder ramienia koparki jest wykonany z solidnych materia\u0142\u00f3w, co umo\u017cliwia mu wytrzymanie trudnych prac wykopaliskowych.<\/li>\n<li>Trwa\u0142a konstrukcja zapewnia d\u0142u\u017csz\u0105 \u017cywotno\u015b\u0107, redukuj\u0105c przestoje i koszty konserwacji.<\/li>\n<\/ul>\n<ol start=\"2\">\n<li>Mocne rozci\u0105ganie i cofanie:<\/li>\n<\/ol>\n<ul>\n<li>Si\u0142ownik ten zapewnia du\u017c\u0105 mo\u017cliwo\u015b\u0107 wysuwania i wsuwania, dzi\u0119ki czemu koparko-\u0142adowarka mo\u017ce pracowa\u0107 na wi\u0119kszych g\u0142\u0119boko\u015bciach i wykonywa\u0107 precyzyjne manewry.<\/li>\n<li>Zapewnia niezb\u0119dn\u0105 si\u0142\u0119 do efektywnego kopania w r\u00f3\u017cnych rodzajach gleby, zwi\u0119kszaj\u0105c wydajno\u015b\u0107 pracy.<\/li>\n<\/ul>\n<ol start=\"3\">\n<li>Lepsza kontrola i dok\u0142adno\u015b\u0107:<\/li>\n<\/ol>\n<ul>\n<li>Du\u017cy si\u0142ownik ramienia koparki umo\u017cliwia precyzyjn\u0105 kontrol\u0119 nad jego ruchem, umo\u017cliwiaj\u0105c operatorom dok\u0142adne pozycjonowanie i manipulowanie materia\u0142ami.<\/li>\n<li>Zapewnia p\u0142ynn\u0105 i responsywn\u0105 prac\u0119, gwarantuj\u0105c bezproblemowe kopanie i podnoszenie.<\/li>\n<\/ul>\n<ol start=\"4\">\n<li>Adaptowalno\u015b\u0107 i kompatybilno\u015b\u0107:<\/li>\n<\/ol>\n<ul>\n<li>Si\u0142ownik zaprojektowano tak, aby by\u0142 kompatybilny z szerok\u0105 gam\u0105 du\u017cych modeli koparek, dzi\u0119ki czemu jest uniwersalnym wyborem dla wykonawc\u00f3w i operator\u00f3w.<\/li>\n<li>Mo\u017cna go \u0142atwo zintegrowa\u0107 z istniej\u0105cymi systemami koparek, oszcz\u0119dzaj\u0105c czas i wysi\u0142ek podczas instalacji.<\/li>\n<\/ul>\n<h2><strong>Parametry du\u017cego cylindra koparki:<\/strong><\/h2>\n<table border=\"1\" cellspacing=\"0\" cellpadding=\"0\">\n<tbody>\n<tr>\n<td>Nazwa produktu<\/td>\n<td>Du\u017cy cylinder ramienia koparki<\/td>\n<\/tr>\n<tr>\n<td>Cechy:<\/td>\n<td>Kontroluj ruch przedramienia<\/td>\n<\/tr>\n<tr>\n<td>\u015arednica otworu:<\/td>\n<td>210 mm\uff5e360 mm<\/td>\n<\/tr>\n<tr>\n<td>\u015arednica pr\u0119ta:<\/td>\n<td>145 mm\uff5e260 mm<br \/>\nSkok \u22642600 mm<\/td>\n<\/tr>\n<tr>\n<td>Si\u0142a ci\u0105gu:<\/td>\n<td>Maksymalnie 3560,8 kN<\/td>\n<\/tr>\n<tr>\n<td>\u015arednica otworu:<\/td>\n<td>360 mm\/ci\u015bnienie 35 MPa<\/td>\n<\/tr>\n<\/tbody>\n<\/table>\n<h2><strong>Schemat identyfikacji du\u017cego cylindra ramienia koparki:<\/strong><\/h2>\n<p><img loading=\"lazy\" decoding=\"async\" class=\"alignnone wp-image-1509 size-full\" src=\"https:\/\/hydraulic-cylinders.net\/wp-content\/uploads\/2023\/09\/stick-cylinder-2.webp\" alt=\"\" width=\"1418\" height=\"946\" srcset=\"https:\/\/hydraulic-cylinders.net\/wp-content\/uploads\/2023\/09\/stick-cylinder-2.webp 1418w, https:\/\/hydraulic-cylinders.net\/wp-content\/uploads\/2023\/09\/stick-cylinder-2-1280x854.webp 1280w, https:\/\/hydraulic-cylinders.net\/wp-content\/uploads\/2023\/09\/stick-cylinder-2-980x654.webp 980w, https:\/\/hydraulic-cylinders.net\/wp-content\/uploads\/2023\/09\/stick-cylinder-2-480x320.webp 480w\" sizes=\"(min-width: 0px) and (max-width: 480px) 480px, (min-width: 481px) and (max-width: 980px) 980px, (min-width: 981px) and (max-width: 1280px) 1280px, (min-width: 1281px) 1418px, 100vw\" \/><\/p>\n<h2><strong>Spos\u00f3b u\u017cycia du\u017cego cylindra koparki:<\/strong><\/h2>\n<ol>\n<li><strong>Instalacja i konfiguracja:<\/strong><\/li>\n<\/ol>\n<ul>\n<li>W celu prawid\u0142owego monta\u017cu du\u017cego cylindra ramienia koparki nale\u017cy post\u0119powa\u0107 zgodnie ze wskaz\u00f3wkami producenta.<\/li>\n<li>Sprawd\u017a kompatybilno\u015b\u0107 i pewnie zamocuj cylinder do ramienia koparki.<\/li>\n<li>Aby uzyska\u0107 niezawodne po\u0142\u0105czenie, nale\u017cy zastosowa\u0107 zalecane parametry momentu obrotowego i w\u0142a\u015bciwy sprz\u0119t monta\u017cowy.<\/li>\n<\/ul>\n<ol start=\"2\">\n<li><strong>Rozwa\u017cania operacyjne:<\/strong><\/li>\n<\/ol>\n<ul>\n<li>Zapoznaj si\u0119 z elementami steruj\u0105cymi i obs\u0142ug\u0105 du\u017cej koparki, w tym z cylindrem ramienia.<\/li>\n<li>Przed rozpocz\u0119ciem kopania nale\u017cy prze\u0107wiczy\u0107 obs\u0142ug\u0119 koparki i cylindra w kontrolowanym \u015brodowisku.<\/li>\n<li>Stosuj si\u0119 do wytycznych bezpiecze\u0144stwa i nie przekraczaj dopuszczalnego obci\u0105\u017cenia koparki, aby zapobiec wypadkom i uszkodzeniom sprz\u0119tu.<\/li>\n<\/ul>\n<ol start=\"3\">\n<li><strong>Optymalne techniki wykop\u00f3w:<\/strong><\/li>\n<\/ol>\n<ul>\n<li>Wykorzystaj precyzyjn\u0105 kontrol\u0119, jak\u0105 oferuje du\u017cy si\u0142ownik koparki, aby zoptymalizowa\u0107 wydajno\u015b\u0107 wykop\u00f3w.<\/li>\n<li>Rozsuwaj i chowaj dr\u0105\u017cek zgodnie ze szczeg\u00f3lnymi wymaganiami kopania, zapewniaj\u0105c skuteczn\u0105 penetracj\u0119 gleby i przenoszenie materia\u0142u.<\/li>\n<li>Dostosuj k\u0105t i wysoko\u015b\u0107 kija, aby uzyska\u0107 optymalny zasi\u0119g, zachowuj\u0105c jednocze\u015bnie stabilno\u015b\u0107 i r\u00f3wnowag\u0119.<\/li>\n<\/ul>\n<h2><strong>Jak zdemontowa\u0107 si\u0142ownik hydrauliczny z koparki?<\/strong><\/h2>\n<p>Demonta\u017c si\u0142ownika hydraulicznego z koparki wymaga szczeg\u00f3lnej uwagi i przestrzegania odpowiednich procedur, aby zapewni\u0107 bezpiecze\u0144stwo i zapobiec uszkodzeniu sprz\u0119tu. Oto og\u00f3lne kroki, kt\u00f3re pomog\u0105 Ci w tym procesie:<\/p>\n<ol>\n<li><strong>Przygotowanie:<\/strong><\/li>\n<\/ol>\n<ul>\n<li>Upewnij si\u0119, \u017ce koparka jest wy\u0142\u0105czona i zaparkowana na r\u00f3wnej powierzchni.<\/li>\n<li>W\u0142\u0105cz blokad\u0119 bezpiecze\u0144stwa i zabezpiecz wysi\u0119gnik oraz rami\u0119 w stabilnej pozycji.<\/li>\n<li>Za\u0142\u00f3\u017c odpowiedni sprz\u0119t ochrony osobistej, taki jak r\u0119kawice i okulary ochronne.<\/li>\n<\/ul>\n<ol start=\"2\">\n<li><strong>Zidentyfikuj cylinder:<\/strong><\/li>\n<\/ol>\n<ul>\n<li>Znajd\u017a si\u0142ownik hydrauliczny, kt\u00f3ry chcesz zdemontowa\u0107. Mo\u017ce by\u0107 przymocowany do wysi\u0119gnika, ramienia lub innych element\u00f3w koparki.<\/li>\n<\/ul>\n<ol start=\"3\">\n<li><strong>Uwolnij ci\u015bnienie hydrauliczne:<\/strong><\/li>\n<\/ol>\n<ul>\n<li>Przed od\u0142\u0105czeniem jakichkolwiek przewod\u00f3w lub przy\u0142\u0105czy hydraulicznych konieczne jest uwolnienie ci\u015bnienia w uk\u0142adzie, aby zapobiec nag\u0142ym ruchom lub rozpryskiwaniu si\u0119 p\u0142ynu.<\/li>\n<li>Zacznij od zlokalizowania zaworu bezpiecze\u0144stwa lub procedury uwalniania ci\u015bnienia w Twoim modelu koparki.<\/li>\n<li>Post\u0119puj zgodnie z wytycznymi producenta, aby prawid\u0142owo rozhermetyzowa\u0107 uk\u0142ad hydrauliczny.<\/li>\n<\/ul>\n<ol start=\"4\">\n<li><strong>Od\u0142\u0105cz przewody hydrauliczne:<\/strong><\/li>\n<\/ol>\n<ul>\n<li>Zidentyfikuj przewody hydrauliczne pod\u0142\u0105czone do cylindra. Przewody te transportuj\u0105 p\u0142yn hydrauliczny do i z cylindra.<\/li>\n<li>Do luzowania i od\u0142\u0105czania przewod\u00f3w hydraulicznych od cylindra nale\u017cy u\u017cywa\u0107 odpowiednich kluczy lub z\u0142\u0105czek.<\/li>\n<li>Umie\u015bci\u0107 pojemnik lub materia\u0142 ch\u0142onny pod od\u0142\u0105czonymi przewodami w celu wychwycenia resztek p\u0142ynu hydraulicznego.<\/li>\n<\/ul>\n<ol start=\"5\">\n<li><strong>Usu\u0144 elementy monta\u017cowe:<\/strong><\/li>\n<\/ol>\n<ul>\n<li>Zlokalizuj punkty mocowania cylindra. Mog\u0105 to by\u0107 \u015bruby lub sworznie mocuj\u0105ce cylinder do konstrukcji koparki.<\/li>\n<li>Zale\u017cnie od konkretnego projektu, do demonta\u017cu element\u00f3w monta\u017cowych nale\u017cy u\u017cy\u0107 odpowiednich narz\u0119dzi.<\/li>\n<li>Podczas wyjmowania nale\u017cy zadba\u0107 o odpowiednie podparcie cylindra, aby zapobiec jego upadkowi lub uszkodzeniu.<\/li>\n<\/ul>\n<ol start=\"6\">\n<li><strong>Od\u0142\u0105czanie cylindra:<\/strong><\/li>\n<\/ol>\n<ul>\n<li>Ostro\u017cnie wysu\u0144 lub manewruj cylindrem, aby wyj\u0105\u0107 go z pozycji monta\u017cowej. Je\u015bli jest ciasno osadzony, mo\u017ce by\u0107 konieczne delikatne stukni\u0119cie go gumowym m\u0142otkiem lub u\u017cycie hydraulicznego \u015bci\u0105gacza cylindr\u00f3w.<\/li>\n<li>Upewnij si\u0119, \u017ce \u017cadne inne elementy lub struktury nie utrudniaj\u0105 wyj\u0119cia cylindra.<\/li>\n<\/ul>\n<ol start=\"7\">\n<li><strong>Kontrola i konserwacja:<\/strong><\/li>\n<\/ol>\n<ul>\n<li>Po wyj\u0119ciu cylindra nale\u017cy sprawdzi\u0107, czy nie ma na nim \u015blad\u00f3w uszkodze\u0144, nieszczelno\u015bci lub zu\u017cycia.<\/li>\n<li>Wyczy\u015b\u0107 cylinder i sprawd\u017a, czy na pr\u0119tach, uszczelkach i innych elementach nie ma \u015blad\u00f3w korozji, zadrapa\u0144 lub nadmiernego zu\u017cycia.<\/li>\n<li>Przed ponownym zamontowaniem cylindra nale\u017cy wykona\u0107 wszelkie niezb\u0119dne prace konserwacyjne i naprawy.<\/li>\n<\/ul>\n<ol start=\"8\">\n<li><strong>Ponowna instalacja lub wymiana:<\/strong><\/li>\n<\/ol>\n<ul>\n<li>Aby ponownie zamontowa\u0107 si\u0142ownik hydrauliczny, nale\u017cy wykona\u0107 czynno\u015bci w odwrotnej kolejno\u015bci ni\u017c przy demonta\u017cu, zwracaj\u0105c uwag\u0119 na prawid\u0142owe ustawienie i moment obrotowy.<\/li>\n<li>Je\u015bli wymieniasz cylinder, ostro\u017cnie zamontuj nowy cylinder zgodnie z instrukcjami i wytycznymi producenta.<\/li>\n<\/ul>\n<h2><strong>Mo\u017cliwo\u015bci i pojemno\u015b\u0107 fabryki:<\/strong><\/h2>\n<h3>(1) Monta\u017c<\/h3>\n<p>Dysponujemy najwy\u017cszej klasy niezale\u017cn\u0105 platform\u0105 badawczo-rozwojow\u0105. Warsztat produkcji si\u0142ownik\u00f3w hydraulicznych posiada cztery p\u00f3\u0142automatyczne linie monta\u017cowe si\u0142ownik\u00f3w podnosz\u0105cych i jedn\u0105 automatyczn\u0105 lini\u0119 monta\u017cow\u0105 si\u0142ownik\u00f3w przechy\u0142u, o projektowanej rocznej zdolno\u015bci produkcyjnej 1 miliona sztuk. Specjalny warsztat cylindr\u00f3w jest wyposa\u017cony w r\u00f3\u017cne specyfikacje p\u00f3\u0142automatycznego systemu monta\u017cu czyszcz\u0105cego o projektowanej rocznej zdolno\u015bci produkcyjnej 200 000 i wyposa\u017cony w s\u0142ynny sprz\u0119t do obr\u00f3bki CNC, centrum obr\u00f3bcze, specjalny sprz\u0119t do precyzyjnej obr\u00f3bki cylindr\u00f3w, robot spawalniczy, automatyczna maszyna czyszcz\u0105ca, automatyczna maszyna do monta\u017cu cylindr\u00f3w i automatyczna linia produkcyjna do malowania. Istniej\u0105cy krytyczny sprz\u0119t sk\u0142ada si\u0119 z ponad 300 zestaw\u00f3w. Optymalna alokacja i efektywne wykorzystanie zasob\u00f3w sprz\u0119towych zapewniaj\u0105 wymagania dotycz\u0105ce dok\u0142adno\u015bci produkt\u00f3w i spe\u0142niaj\u0105 potrzeby wysokiej jako\u015bci produkt\u00f3w.<\/p>\n<p><img loading=\"lazy\" decoding=\"async\" class=\"alignnone wp-image-626\" src=\"https:\/\/hydraulic-cylinders.net\/wp-content\/uploads\/2023\/08\/hydraulic-cylinder-product-1-300x158.webp\" alt=\"\" width=\"495\" height=\"260\" srcset=\"https:\/\/hydraulic-cylinders.net\/wp-content\/uploads\/2023\/08\/hydraulic-cylinder-product-1-300x158.webp 495w, https:\/\/hydraulic-cylinders.net\/wp-content\/uploads\/2023\/08\/hydraulic-cylinder-product-1-480x252.webp 480w\" sizes=\"(min-width: 0px) and (max-width: 480px) 480px, (min-width: 481px) 495px, 100vw\" \/> <img loading=\"lazy\" decoding=\"async\" class=\"alignnone wp-image-627\" src=\"https:\/\/hydraulic-cylinders.net\/wp-content\/uploads\/2023\/08\/hydraulic-cylinder-product-2-300x189.webp\" alt=\"\" width=\"413\" height=\"260\" \/><\/p>\n<h3>(2) Obr\u00f3bka<\/h3>\n<p>Warsztat obr\u00f3bki skrawaniem jest wyposa\u017cony w niestandardowe centrum tokarskie z pochylon\u0105 szyn\u0105, centrum obr\u00f3bcze, szybkobie\u017cn\u0105 honownic\u0119, robota spawalniczego i inny powi\u0105zany sprz\u0119t, kt\u00f3ry mo\u017ce obs\u0142ugiwa\u0107 przetwarzanie rur cylindrycznych o maksymalnej \u015brednicy wewn\u0119trznej 400 mm i maksymalnej d\u0142ugo\u015bci 6 metr\u00f3w.<\/p>\n<p><img loading=\"lazy\" decoding=\"async\" class=\"alignnone wp-image-628 size-large\" src=\"https:\/\/hydraulic-cylinders.net\/wp-content\/uploads\/2023\/08\/hydraulic-cylinder-product-3-1024x391.webp\" alt=\"\" width=\"1024\" height=\"391\" srcset=\"https:\/\/hydraulic-cylinders.net\/wp-content\/uploads\/2023\/08\/hydraulic-cylinder-product-3-980x374.webp 980w, https:\/\/hydraulic-cylinders.net\/wp-content\/uploads\/2023\/08\/hydraulic-cylinder-product-3-480x183.webp 480w\" sizes=\"(min-width: 0px) and (max-width: 480px) 480px, (min-width: 481px) and (max-width: 980px) 980px, (min-width: 981px) 1024px, 100vw\" \/><\/p>\n<h3>(3) Spawanie<\/h3>\n<p><img loading=\"lazy\" decoding=\"async\" class=\"alignnone wp-image-629 size-large\" src=\"https:\/\/hydraulic-cylinders.net\/wp-content\/uploads\/2023\/08\/hydraulic-cylinder-product-4-1024x510.webp\" alt=\"\" width=\"1024\" height=\"510\" srcset=\"https:\/\/hydraulic-cylinders.net\/wp-content\/uploads\/2023\/08\/hydraulic-cylinder-product-4-980x488.webp 980w, https:\/\/hydraulic-cylinders.net\/wp-content\/uploads\/2023\/08\/hydraulic-cylinder-product-4-480x239.webp 480w\" sizes=\"(min-width: 0px) and (max-width: 480px) 480px, (min-width: 481px) and (max-width: 980px) 980px, (min-width: 981px) 1024px, 100vw\" \/><\/p>\n<h3>(4) Malowanie i powlekanie<\/h3>\n<p>Z ma\u0142ymi i \u015brednimi automatycznymi liniami do powlekania farbami na bazie wody, w celu osi\u0105gni\u0119cia automatycznego za\u0142adunku i roz\u0142adunku robota oraz automatycznego natryskiwania, wydajno\u015b\u0107 projektowa 4000 sztuk na zmian\u0119;<br \/>\nPosiadamy r\u00f3wnie\u017c p\u00f3\u0142automatyczn\u0105 lini\u0119 do produkcji farb do du\u017cych cylindr\u00f3w nap\u0119dzan\u0105 \u0142a\u0144cuchem nap\u0119dowym, o wydajno\u015bci 60 skrzy\u0144 na zmian\u0119.<\/p>\n<p><img loading=\"lazy\" decoding=\"async\" class=\"alignnone wp-image-630\" src=\"https:\/\/hydraulic-cylinders.net\/wp-content\/uploads\/2023\/08\/hydraulic-cylinder-product-5-300x213.webp\" alt=\"\" width=\"366\" height=\"260\" \/> <img loading=\"lazy\" decoding=\"async\" class=\"alignnone wp-image-631\" src=\"https:\/\/hydraulic-cylinders.net\/wp-content\/uploads\/2023\/08\/hydraulic-cylinder-product-6-300x225.webp\" alt=\"\" width=\"347\" height=\"260\" \/><\/p>\n<h3>(5) Testowanie<\/h3>\n<p>Dysponujemy najwy\u017cszej klasy urz\u0105dzeniami kontrolnymi i stanowiskami testowymi, aby zapewni\u0107, \u017ce wydajno\u015b\u0107 cylindra spe\u0142nia wymagania.<\/p>\n<p><img loading=\"lazy\" decoding=\"async\" class=\"alignnone wp-image-632\" src=\"https:\/\/hydraulic-cylinders.net\/wp-content\/uploads\/2023\/08\/hydraulic-cylinder-product-8-300x200.webp\" alt=\"\" width=\"389\" height=\"260\" \/><\/p>\n<p>&nbsp;<\/p>\n<p>&nbsp;<\/p>\n<p>Jeste\u015bmy jednym z najlepszych producent\u00f3w cylindr\u00f3w hydraulicznych. Oferujemy kompleksow\u0105 ofert\u0119 cylindr\u00f3w hydraulicznych. Dostarczamy r\u00f3wnie\u017c\u2026 <a href=\"https:\/\/hzpt.com\/agricultural-pto-gearbox\/\" target=\"_blank\" rel=\"noopener\">przek\u0142adnie rolnicze<\/a>. Eksportowali\u015bmy nasze produkty do klient\u00f3w na ca\u0142ym \u015bwiecie i zdobyli\u015bmy dobr\u0105 reputacj\u0119 dzi\u0119ki najwy\u017cszej jako\u015bci produkt\u00f3w i us\u0142ug posprzeda\u017cnych. Zapraszamy klient\u00f3w w kraju i za granic\u0105 do kontaktu z nami w celu negocjacji biznesowych, wymiany informacji i <a href=\"https:\/\/www.hydraulic-cylinders.net\/pl\/contact-us\/\">wsp\u00f3\u0142pracowa\u0107 z nami<\/a>!<\/p>","protected":false},"excerpt":{"rendered":"<p>Large Excavator Stick Cylinder The large excavator stick cylinder is an essential hydraulic component designed to enhance the excavation capabilities of large excavators. This cylinder is vital in extending and retracting the stick, providing optimal control and power for various digging and lifting operations. The large excavator stick cylinder is a powerful hydraulic component that [&hellip;]<\/p>","protected":false},"featured_media":1508,"comment_status":"open","ping_status":"closed","template":"","meta":{"_et_pb_use_builder":"","_et_pb_old_content":"","_et_gb_content_width":""},"product_brand":[],"product_cat":[1550,1503,1376],"product_tag":[1380],"class_list":{"0":"post-1506","1":"product","2":"type-product","3":"status-publish","4":"has-post-thumbnail","6":"product_cat-double-acting-hydraulic-cylinder","7":"product_cat-excavator-hydraulic-cylinders","8":"product_cat-hydraulic-cylinder","9":"product_tag-hydraulic-cylinder","11":"first","12":"instock","13":"shipping-taxable","14":"product-type-simple"},"amp_enabled":true,"_links":{"self":[{"href":"https:\/\/www.hydraulic-cylinders.net\/pl\/wp-json\/wp\/v2\/product\/1506","targetHints":{"allow":["GET"]}}],"collection":[{"href":"https:\/\/www.hydraulic-cylinders.net\/pl\/wp-json\/wp\/v2\/product"}],"about":[{"href":"https:\/\/www.hydraulic-cylinders.net\/pl\/wp-json\/wp\/v2\/types\/product"}],"replies":[{"embeddable":true,"href":"https:\/\/www.hydraulic-cylinders.net\/pl\/wp-json\/wp\/v2\/comments?post=1506"}],"wp:featuredmedia":[{"embeddable":true,"href":"https:\/\/www.hydraulic-cylinders.net\/pl\/wp-json\/wp\/v2\/media\/1508"}],"wp:attachment":[{"href":"https:\/\/www.hydraulic-cylinders.net\/pl\/wp-json\/wp\/v2\/media?parent=1506"}],"wp:term":[{"taxonomy":"product_brand","embeddable":true,"href":"https:\/\/www.hydraulic-cylinders.net\/pl\/wp-json\/wp\/v2\/product_brand?post=1506"},{"taxonomy":"product_cat","embeddable":true,"href":"https:\/\/www.hydraulic-cylinders.net\/pl\/wp-json\/wp\/v2\/product_cat?post=1506"},{"taxonomy":"product_tag","embeddable":true,"href":"https:\/\/www.hydraulic-cylinders.net\/pl\/wp-json\/wp\/v2\/product_tag?post=1506"}],"curies":[{"name":"wp","href":"https:\/\/api.w.org\/{rel}","templated":true}]}}