{"id":1510,"date":"2023-09-27T08:21:25","date_gmt":"2023-09-27T08:21:25","guid":{"rendered":"https:\/\/hydraulic-cylinders.net\/?post_type=product&#038;p=1510"},"modified":"2025-04-11T02:28:21","modified_gmt":"2025-04-11T02:28:21","slug":"large-excavator-tightening-cylinder","status":"publish","type":"product","link":"https:\/\/www.hydraulic-cylinders.net\/pl\/produkt\/large-excavator-tightening-cylinder\/","title":{"rendered":"Du\u017cy si\u0142ownik dociskowy koparki"},"content":{"rendered":"<h1 style=\"text-align: center;\"><strong>Du\u017cy si\u0142ownik dociskowy koparki<\/strong><\/h1>\n<h1 style=\"text-align: center;\"><img loading=\"lazy\" decoding=\"async\" class=\"alignnone wp-image-1511\" src=\"https:\/\/hydraulic-cylinders.net\/wp-content\/uploads\/2023\/09\/tightening-cylinder-1-300x300.webp\" alt=\"\" width=\"400\" height=\"400\" \/><\/h1>\n<p>Du\u017cy si\u0142ownik dociskowy koparki to mocny element hydrauliczny zaprojektowany w celu zapewnienia precyzyjnej i kontrolowanej si\u0142y docisku w ci\u0119\u017ckim sprz\u0119cie budowlanym. Si\u0142ownik ten ma kluczowe znaczenie dla zapewnienia stabilno\u015bci i bezpiecze\u0144stwa r\u00f3\u017cnych element\u00f3w, takich jak g\u0105sienice, ramiona i wysi\u0119gniki, w du\u017cych koparkach.<\/p>\n<p>Du\u017cy si\u0142ownik hydrauliczny do koparki to niezb\u0119dny element hydrauliczny, kt\u00f3ry zwi\u0119ksza wydajno\u015b\u0107 i niezawodno\u015b\u0107 podczas ci\u0119\u017ckich projekt\u00f3w budowlanych. Dzi\u0119ki solidnej konstrukcji, precyzyjnej sile dokr\u0119cania, szybkiemu dzia\u0142aniu i kompatybilno\u015bci z r\u00f3\u017cnymi modelami koparek, si\u0142ownik ten pozwala operatorom osi\u0105gn\u0105\u0107 optymaln\u0105 stabilno\u015b\u0107 i bezpiecze\u0144stwo sprz\u0119tu budowlanego. Przestrzegaj\u0105c zalecanych metod u\u017cytkowania i konserwacji, operatorzy mog\u0105 zmaksymalizowa\u0107 wydajno\u015b\u0107 i \u017cywotno\u015b\u0107 du\u017cego si\u0142ownika hydraulicznego do koparki, co przek\u0142ada si\u0119 na wzrost wydajno\u015bci i pomy\u015blne uko\u0144czenie prac budowlanych. Zainwestuj w ten wyj\u0105tkowy si\u0142ownik hydrauliczny, aby w pe\u0142ni wykorzysta\u0107 potencja\u0142 swojej du\u017cej koparki i wznie\u015b\u0107 swoje mo\u017cliwo\u015bci budowlane na nowy poziom.<\/p>\n<p>G\u0142\u00f3wne cechy du\u017cego cylindra napinaj\u0105cego koparki:<\/p>\n<ol>\n<li>Solidna konstrukcja i trwa\u0142o\u015b\u0107:<\/li>\n<\/ol>\n<ul>\n<li>Du\u017cy cylinder dociskowy koparki jest wykonany z materia\u0142\u00f3w najwy\u017cszej jako\u015bci, aby wytrzyma\u0107 trudy ci\u0119\u017ckich prac budowlanych.<\/li>\n<li>Solidna konstrukcja gwarantuje trwa\u0142o\u015b\u0107, zmniejsza potrzeb\u0119 cz\u0119stych napraw i minimalizuje przestoje.<\/li>\n<\/ul>\n<ol start=\"2\">\n<li>Precyzyjna si\u0142a dokr\u0119cania:<\/li>\n<\/ol>\n<ul>\n<li>Si\u0142ownik ten zapewnia precyzyjn\u0105 kontrol\u0119 si\u0142y dokr\u0119cania r\u00f3\u017cnych komponent\u00f3w, gwarantuj\u0105c optymaln\u0105 stabilno\u015b\u0107 i bezpiecze\u0144stwo.<\/li>\n<li>Umo\u017cliwia operatorom osi\u0105gni\u0119cie po\u017c\u0105danego poziomu momentu obrotowego, zapobiegaj\u0105c nadmiernemu lub niedostatecznemu dokr\u0119ceniu newralgicznych cz\u0119\u015bci.<\/li>\n<\/ul>\n<ol start=\"3\">\n<li>Szybka i wydajna praca:<\/li>\n<\/ol>\n<ul>\n<li>Du\u017cy cylinder dokr\u0119caj\u0105cy koparki umo\u017cliwia szybkie i wydajne dokr\u0119canie komponent\u00f3w, co skraca ca\u0142kowity czas budowy.<\/li>\n<li>Zwi\u0119ksza produktywno\u015b\u0107 poprzez minimalizacj\u0119 czasu po\u015bwi\u0119canego na r\u0119czne dokr\u0119canie.<\/li>\n<\/ul>\n<ol start=\"4\">\n<li>Zgodno\u015b\u0107 i adaptacyjno\u015b\u0107:<\/li>\n<\/ol>\n<ul>\n<li>Si\u0142ownik zaprojektowano tak, aby by\u0142 kompatybilny z szerok\u0105 gam\u0105 du\u017cych modeli koparek, zapewniaj\u0105c wszechstronno\u015b\u0107 i \u0142atwo\u015b\u0107 integracji.<\/li>\n<li>Mo\u017cna go \u0142atwo dostosowa\u0107 do r\u00f3\u017cnych zastosowa\u0144 wymagaj\u0105cych dokr\u0119cania, co czyni go cennym elementem hydraulicznym w r\u00f3\u017cnych zadaniach budowlanych.<\/li>\n<\/ul>\n<h2><strong>Parametry du\u017cego cylindra dociskowego koparki:<\/strong><\/h2>\n<table border=\"1\" cellspacing=\"0\" cellpadding=\"0\">\n<tbody>\n<tr>\n<td>Nazwa produktu<\/td>\n<td>Du\u017cy si\u0142ownik dociskowy koparki<\/td>\n<\/tr>\n<tr>\n<td>Cechy:<\/td>\n<td>Kontroluj dzia\u0142anie napi\u0119cia g\u0105sienicy<\/td>\n<\/tr>\n<tr>\n<td>\u015arednica otworu:<\/td>\n<td>280 mm\uff5e380 mm<\/td>\n<\/tr>\n<tr>\n<td>\u015arednica pr\u0119ta:<\/td>\n<td>170 mm\uff5e300 mm<br \/>\nSkok \u2264700 mm<\/td>\n<\/tr>\n<tr>\n<td>Si\u0142a ci\u0105gu:<\/td>\n<td>Maksymalnie 3967,4 kN<\/td>\n<\/tr>\n<tr>\n<td>\u015arednica otworu:<\/td>\n<td>380 mm\/ci\u015bnienie 35 MPa<\/td>\n<\/tr>\n<\/tbody>\n<\/table>\n<h2><strong>Schemat identyfikacji du\u017cej koparki:<\/strong><\/h2>\n<p><img loading=\"lazy\" decoding=\"async\" class=\"alignnone wp-image-1513 size-full\" src=\"https:\/\/hydraulic-cylinders.net\/wp-content\/uploads\/2023\/09\/large-excavator-cylinder-construction.webp\" alt=\"\" width=\"1418\" height=\"946\" srcset=\"https:\/\/hydraulic-cylinders.net\/wp-content\/uploads\/2023\/09\/large-excavator-cylinder-construction.webp 1418w, https:\/\/hydraulic-cylinders.net\/wp-content\/uploads\/2023\/09\/large-excavator-cylinder-construction-1280x854.webp 1280w, https:\/\/hydraulic-cylinders.net\/wp-content\/uploads\/2023\/09\/large-excavator-cylinder-construction-980x654.webp 980w, https:\/\/hydraulic-cylinders.net\/wp-content\/uploads\/2023\/09\/large-excavator-cylinder-construction-480x320.webp 480w\" sizes=\"(min-width: 0px) and (max-width: 480px) 480px, (min-width: 481px) and (max-width: 980px) 980px, (min-width: 981px) and (max-width: 1280px) 1280px, (min-width: 1281px) 1418px, 100vw\" \/><\/p>\n<h2><strong>Metoda u\u017cycia du\u017cego cylindra dociskowego koparki:<\/strong><\/h2>\n<ol>\n<li><strong>Instalacja i konfiguracja:<\/strong><\/li>\n<\/ol>\n<ul>\n<li>Aby prawid\u0142owo zamontowa\u0107 du\u017cy si\u0142ownik napinaj\u0105cy koparki, nale\u017cy post\u0119powa\u0107 zgodnie ze wskaz\u00f3wkami producenta.<\/li>\n<li>Sprawd\u017a kompatybilno\u015b\u0107 i pewnie zamocuj cylinder w wyznaczonych punktach mocowania na koparce.<\/li>\n<li>Aby uzyska\u0107 niezawodne po\u0142\u0105czenie, nale\u017cy zastosowa\u0107 zalecane parametry momentu obrotowego i w\u0142a\u015bciwy sprz\u0119t monta\u017cowy.<\/li>\n<\/ul>\n<ol start=\"2\">\n<li><strong>Proces dokr\u0119cania:<\/strong><\/li>\n<\/ol>\n<ul>\n<li>Zidentyfikuj elementy wymagaj\u0105ce dokr\u0119cenia, takie jak g\u0105sienice, ramiona lub wysi\u0119gniki, na podstawie konkretnych wymaga\u0144 konstrukcyjnych.<\/li>\n<li>Wyreguluj po\u0142o\u017cenie i wyr\u00f3wnanie cylindra, aby zapewni\u0107 optymalny kontakt i roz\u0142o\u017cenie nacisku podczas procesu dokr\u0119cania.<\/li>\n<li>Wykorzystaj dost\u0119pne mechanizmy kontrolne, aby stopniowo przyk\u0142ada\u0107 potrzebn\u0105 si\u0142\u0119, uwa\u017cnie monitoruj\u0105c poziom momentu obrotowego.<\/li>\n<\/ul>\n<ol start=\"3\">\n<li><strong>Zagadnienia bezpiecze\u0144stwa:<\/strong><\/li>\n<\/ol>\n<ul>\n<li>Podczas obs\u0142ugi du\u017cego cylindra dociskowego koparki nale\u017cy stosowa\u0107 si\u0119 do wytycznych bezpiecze\u0144stwa i najlepszych praktyk.<\/li>\n<li>Aby zapobiec wypadkom lub obra\u017ceniom, nale\u017cy upewni\u0107 si\u0119, \u017ce ca\u0142y personel znajduje si\u0119 poza obszarem roboczym podczas dokr\u0119cania.<\/li>\n<li>Regularnie sprawdzaj cylinder i wsp\u00f3\u0142pracuj\u0105ce z nim podzespo\u0142y, aby wykry\u0107 wszelkie \u015blady zu\u017cycia lub uszkodze\u0144, kt\u00f3re mog\u0105 mie\u0107 wp\u0142yw na wydajno\u015b\u0107 i bezpiecze\u0144stwo.<\/li>\n<\/ul>\n<h2><strong>Jaki rozmiar cylindra do koparki?<\/strong><\/h2>\n<p>Rozmiar cylindra dla kciuka koparki mo\u017ce si\u0119 r\u00f3\u017cni\u0107 w zale\u017cno\u015bci od konkretnych wymaga\u0144 koparki i przeznaczenia uchwytu kciuka. Odpowiedni rozmiar cylindra jest zazwyczaj okre\u015blany na podstawie takich czynnik\u00f3w, jak masa robocza koparki, po\u017c\u0105dany ud\u017awig kciuka oraz kompatybilno\u015b\u0107 z uk\u0142adem hydraulicznym koparki.<\/p>\n<p>Aby okre\u015bli\u0107 odpowiedni rozmiar cylindra dla kciuka koparki, zaleca si\u0119 konsultacj\u0119 z producentem lub dostawc\u0105 nasadki kciuka. Mog\u0105 oni udzieli\u0107 wskaz\u00f3wek na podstawie specyfikacji koparki i planowanego zastosowania kciuka.<\/p>\n<p>Warto zauwa\u017cy\u0107, \u017ce chwytaki do koparek s\u0105 dost\u0119pne w r\u00f3\u017cnych rozmiarach i konfiguracjach, aby pasowa\u0107 do r\u00f3\u017cnych modeli i rozmiar\u00f3w koparek. Uchwyt chwytaka zazwyczaj sk\u0142ada si\u0119 z centralnej konstrukcji lub ramy, kt\u00f3ra jest montowana do wysi\u0119gnika koparki, oraz si\u0142ownika hydraulicznego, kt\u00f3ry zapewnia chwytanie lub zaciskanie. Rozmiar si\u0142ownika nale\u017cy dobra\u0107 tak, aby zapewni\u0107 kompatybilno\u015b\u0107 z uchwytem chwytaka i wymagan\u0105 si\u0142\u0119 chwytania do zamierzonych zada\u0144.<\/p>\n<p>Rozwa\u017caj\u0105c rozmiar cylindra dla kciuka koparki, nale\u017cy zachowa\u0107 r\u00f3wnowag\u0119 mi\u0119dzy wystarczaj\u0105c\u0105 no\u015bno\u015bci\u0105 a zapewnieniem, \u017ce uk\u0142ad hydrauliczny koparki b\u0119dzie w stanie odpowiednio wspiera\u0107 dzia\u0142anie kciuka. Zbyt du\u017cy cylinder mo\u017ce nadmiernie obci\u0105\u017cy\u0107 uk\u0142ad hydrauliczny koparki, a zbyt ma\u0142y \u2013 ograniczy\u0107 no\u015bno\u015b\u0107 i obni\u017cy\u0107 wydajno\u015b\u0107.<\/p>\n<p>Podsumowuj\u0105c, rozmiar cylindra dla kciuka koparki nale\u017cy dobra\u0107 na podstawie takich czynnik\u00f3w, jak masa robocza koparki, po\u017c\u0105dany ud\u017awig oraz kompatybilno\u015b\u0107 z osprz\u0119tem kciukowym i uk\u0142adem hydraulicznym. Zaleca si\u0119 konsultacj\u0119 z producentem lub dostawc\u0105 osprz\u0119tu kciukowego, aby zapewni\u0107 w\u0142a\u015bciwy rozmiar i optymaln\u0105 wydajno\u015b\u0107.<\/p>\n<h2><strong>Mo\u017cliwo\u015bci i pojemno\u015b\u0107 fabryki:<\/strong><\/h2>\n<h3>(1) Monta\u017c<\/h3>\n<p>Dysponujemy najwy\u017cszej klasy niezale\u017cn\u0105 platform\u0105 badawczo-rozwojow\u0105. Warsztat produkcji si\u0142ownik\u00f3w hydraulicznych posiada cztery p\u00f3\u0142automatyczne linie monta\u017cowe si\u0142ownik\u00f3w podnosz\u0105cych i jedn\u0105 automatyczn\u0105 lini\u0119 monta\u017cow\u0105 si\u0142ownik\u00f3w przechy\u0142u, o projektowanej rocznej zdolno\u015bci produkcyjnej 1 miliona sztuk. Specjalny warsztat cylindr\u00f3w jest wyposa\u017cony w r\u00f3\u017cne specyfikacje p\u00f3\u0142automatycznego systemu monta\u017cu czyszcz\u0105cego o projektowanej rocznej zdolno\u015bci produkcyjnej 200 000 i wyposa\u017cony w s\u0142ynny sprz\u0119t do obr\u00f3bki CNC, centrum obr\u00f3bcze, specjalny sprz\u0119t do precyzyjnej obr\u00f3bki cylindr\u00f3w, robot spawalniczy, automatyczna maszyna czyszcz\u0105ca, automatyczna maszyna do monta\u017cu cylindr\u00f3w i automatyczna linia produkcyjna do malowania. Istniej\u0105cy krytyczny sprz\u0119t sk\u0142ada si\u0119 z ponad 300 zestaw\u00f3w. Optymalna alokacja i efektywne wykorzystanie zasob\u00f3w sprz\u0119towych zapewniaj\u0105 wymagania dotycz\u0105ce dok\u0142adno\u015bci produkt\u00f3w i spe\u0142niaj\u0105 potrzeby wysokiej jako\u015bci produkt\u00f3w.<\/p>\n<p><img loading=\"lazy\" decoding=\"async\" class=\"alignnone wp-image-626\" src=\"https:\/\/hydraulic-cylinders.net\/wp-content\/uploads\/2023\/08\/hydraulic-cylinder-product-1-300x158.webp\" alt=\"\" width=\"495\" height=\"260\" srcset=\"https:\/\/hydraulic-cylinders.net\/wp-content\/uploads\/2023\/08\/hydraulic-cylinder-product-1-300x158.webp 495w, https:\/\/hydraulic-cylinders.net\/wp-content\/uploads\/2023\/08\/hydraulic-cylinder-product-1-480x252.webp 480w\" sizes=\"(min-width: 0px) and (max-width: 480px) 480px, (min-width: 481px) 495px, 100vw\" \/> <img loading=\"lazy\" decoding=\"async\" class=\"alignnone wp-image-627\" src=\"https:\/\/hydraulic-cylinders.net\/wp-content\/uploads\/2023\/08\/hydraulic-cylinder-product-2-300x189.webp\" alt=\"\" width=\"413\" height=\"260\" \/><\/p>\n<h3>(2) Obr\u00f3bka<\/h3>\n<p>Warsztat obr\u00f3bki skrawaniem jest wyposa\u017cony w niestandardowe centrum tokarskie z pochylon\u0105 szyn\u0105, centrum obr\u00f3bcze, szybkobie\u017cn\u0105 honownic\u0119, robota spawalniczego i inny powi\u0105zany sprz\u0119t, kt\u00f3ry mo\u017ce obs\u0142ugiwa\u0107 przetwarzanie rur cylindrycznych o maksymalnej \u015brednicy wewn\u0119trznej 400 mm i maksymalnej d\u0142ugo\u015bci 6 metr\u00f3w.<\/p>\n<p><img loading=\"lazy\" decoding=\"async\" class=\"alignnone wp-image-628 size-large\" src=\"https:\/\/hydraulic-cylinders.net\/wp-content\/uploads\/2023\/08\/hydraulic-cylinder-product-3-1024x391.webp\" alt=\"\" width=\"1024\" height=\"391\" srcset=\"https:\/\/hydraulic-cylinders.net\/wp-content\/uploads\/2023\/08\/hydraulic-cylinder-product-3-980x374.webp 980w, https:\/\/hydraulic-cylinders.net\/wp-content\/uploads\/2023\/08\/hydraulic-cylinder-product-3-480x183.webp 480w\" sizes=\"(min-width: 0px) and (max-width: 480px) 480px, (min-width: 481px) and (max-width: 980px) 980px, (min-width: 981px) 1024px, 100vw\" \/><\/p>\n<h3>(3) Spawanie<\/h3>\n<p><img loading=\"lazy\" decoding=\"async\" class=\"alignnone wp-image-629 size-large\" src=\"https:\/\/hydraulic-cylinders.net\/wp-content\/uploads\/2023\/08\/hydraulic-cylinder-product-4-1024x510.webp\" alt=\"\" width=\"1024\" height=\"510\" srcset=\"https:\/\/hydraulic-cylinders.net\/wp-content\/uploads\/2023\/08\/hydraulic-cylinder-product-4-980x488.webp 980w, https:\/\/hydraulic-cylinders.net\/wp-content\/uploads\/2023\/08\/hydraulic-cylinder-product-4-480x239.webp 480w\" sizes=\"(min-width: 0px) and (max-width: 480px) 480px, (min-width: 481px) and (max-width: 980px) 980px, (min-width: 981px) 1024px, 100vw\" \/><\/p>\n<h3>(4) Malowanie i powlekanie<\/h3>\n<p>Z ma\u0142ymi i \u015brednimi automatycznymi liniami do powlekania farbami na bazie wody, w celu osi\u0105gni\u0119cia automatycznego za\u0142adunku i roz\u0142adunku robota oraz automatycznego natryskiwania, wydajno\u015b\u0107 projektowa 4000 sztuk na zmian\u0119;<br \/>\nPosiadamy r\u00f3wnie\u017c p\u00f3\u0142automatyczn\u0105 lini\u0119 do produkcji farb do du\u017cych cylindr\u00f3w nap\u0119dzan\u0105 \u0142a\u0144cuchem nap\u0119dowym, o wydajno\u015bci 60 skrzy\u0144 na zmian\u0119.<\/p>\n<p><img loading=\"lazy\" decoding=\"async\" class=\"alignnone wp-image-630\" src=\"https:\/\/hydraulic-cylinders.net\/wp-content\/uploads\/2023\/08\/hydraulic-cylinder-product-5-300x213.webp\" alt=\"\" width=\"366\" height=\"260\" \/> <img loading=\"lazy\" decoding=\"async\" class=\"alignnone wp-image-631\" src=\"https:\/\/hydraulic-cylinders.net\/wp-content\/uploads\/2023\/08\/hydraulic-cylinder-product-6-300x225.webp\" alt=\"\" width=\"347\" height=\"260\" \/><\/p>\n<h3>(5) Testowanie<\/h3>\n<p>Dysponujemy najwy\u017cszej klasy urz\u0105dzeniami kontrolnymi i stanowiskami testowymi, aby zapewni\u0107, \u017ce wydajno\u015b\u0107 cylindra spe\u0142nia wymagania.<\/p>\n<p><img loading=\"lazy\" decoding=\"async\" class=\"alignnone wp-image-632\" src=\"https:\/\/hydraulic-cylinders.net\/wp-content\/uploads\/2023\/08\/hydraulic-cylinder-product-8-300x200.webp\" alt=\"\" width=\"389\" height=\"260\" \/><\/p>\n<p>&nbsp;<\/p>\n<p>&nbsp;<\/p>\n<p>Jeste\u015bmy jednym z najlepszych producent\u00f3w cylindr\u00f3w hydraulicznych. Oferujemy kompleksow\u0105 ofert\u0119 cylindr\u00f3w hydraulicznych. Dostarczamy r\u00f3wnie\u017c\u2026 <a href=\"https:\/\/hzpt.com\/agricultural-pto-gearbox\/\" target=\"_blank\" rel=\"noopener\">przek\u0142adnie rolnicze<\/a>. Eksportowali\u015bmy nasze produkty do klient\u00f3w na ca\u0142ym \u015bwiecie i zdobyli\u015bmy dobr\u0105 reputacj\u0119 dzi\u0119ki najwy\u017cszej jako\u015bci produkt\u00f3w i us\u0142ug posprzeda\u017cnych. Zapraszamy klient\u00f3w w kraju i za granic\u0105 do kontaktu z nami w celu negocjacji biznesowych, wymiany informacji i <a href=\"https:\/\/www.hydraulic-cylinders.net\/pl\/contact-us\/\">wsp\u00f3\u0142pracowa\u0107 z nami<\/a>!<\/p>","protected":false},"excerpt":{"rendered":"<p>Large Excavator Tightening Cylinder The large excavator tightening cylinder is a powerful hydraulic component designed to provide precise and controlled tightening force on heavy construction equipment. This cylinder is crucial in ensuring the stability and safety of various features, such as tracks, arms, and booms, on large excavators. The large excavator tightening cylinder is an [&hellip;]<\/p>","protected":false},"featured_media":1512,"comment_status":"open","ping_status":"closed","template":"","meta":{"_et_pb_use_builder":"","_et_pb_old_content":"","_et_gb_content_width":""},"product_brand":[],"product_cat":[1503,1549,1376],"product_tag":[1380],"class_list":{"0":"post-1510","1":"product","2":"type-product","3":"status-publish","4":"has-post-thumbnail","6":"product_cat-excavator-hydraulic-cylinders","7":"product_cat-single-acting-hydraulic-cylinder","8":"product_cat-hydraulic-cylinder","9":"product_tag-hydraulic-cylinder","11":"first","12":"instock","13":"shipping-taxable","14":"product-type-simple"},"amp_enabled":true,"_links":{"self":[{"href":"https:\/\/www.hydraulic-cylinders.net\/pl\/wp-json\/wp\/v2\/product\/1510","targetHints":{"allow":["GET"]}}],"collection":[{"href":"https:\/\/www.hydraulic-cylinders.net\/pl\/wp-json\/wp\/v2\/product"}],"about":[{"href":"https:\/\/www.hydraulic-cylinders.net\/pl\/wp-json\/wp\/v2\/types\/product"}],"replies":[{"embeddable":true,"href":"https:\/\/www.hydraulic-cylinders.net\/pl\/wp-json\/wp\/v2\/comments?post=1510"}],"wp:featuredmedia":[{"embeddable":true,"href":"https:\/\/www.hydraulic-cylinders.net\/pl\/wp-json\/wp\/v2\/media\/1512"}],"wp:attachment":[{"href":"https:\/\/www.hydraulic-cylinders.net\/pl\/wp-json\/wp\/v2\/media?parent=1510"}],"wp:term":[{"taxonomy":"product_brand","embeddable":true,"href":"https:\/\/www.hydraulic-cylinders.net\/pl\/wp-json\/wp\/v2\/product_brand?post=1510"},{"taxonomy":"product_cat","embeddable":true,"href":"https:\/\/www.hydraulic-cylinders.net\/pl\/wp-json\/wp\/v2\/product_cat?post=1510"},{"taxonomy":"product_tag","embeddable":true,"href":"https:\/\/www.hydraulic-cylinders.net\/pl\/wp-json\/wp\/v2\/product_tag?post=1510"}],"curies":[{"name":"wp","href":"https:\/\/api.w.org\/{rel}","templated":true}]}}