{"id":15118,"date":"2025-01-19T14:07:43","date_gmt":"2025-01-19T14:07:43","guid":{"rendered":"https:\/\/www.hydraulic-cylinders.net\/product\/bucket-cylinder-for-komatsu-small-excavator-pc40\/"},"modified":"2025-01-19T14:07:45","modified_gmt":"2025-01-19T14:07:45","slug":"bucket-cylinder-for-komatsu-small-excavator-pc40","status":"publish","type":"product","link":"https:\/\/www.hydraulic-cylinders.net\/pl\/produkt\/bucket-cylinder-for-komatsu-small-excavator-pc40\/","title":{"rendered":"Si\u0142ownik \u0142y\u017cki do ma\u0142ej koparki Komatsu PC40"},"content":{"rendered":"<h2>Wst\u0119p<\/h2>\n<h3>Czym jest si\u0142ownik \u0142y\u017cki do ma\u0142ej koparki Komatsu PC40?<\/h3>\n<p>Si\u0142ownik \u0142y\u017cki do ma\u0142ej koparki Komatsu PC40 to specjalnie zaprojektowany si\u0142ownik hydrauliczny s\u0142u\u017c\u0105cy do sterowania ruchem \u0142y\u017cki w ci\u0119\u017ckich maszynach, takich jak koparki, koparko-\u0142adowarki i \u0142adowarki czo\u0142owe. Jego g\u0142\u00f3wn\u0105 funkcj\u0105 jest podnoszenie, opuszczanie i przechylanie \u0142y\u017cki, u\u0142atwiaj\u0105c tym samym r\u00f3\u017cnorodne zadania zwi\u0105zane z prze\u0142adunkiem materia\u0142\u00f3w. W uk\u0142adzie hydraulicznym si\u0142ownik \u0142y\u017cki zapewnia precyzyjn\u0105 kontrol\u0119 ruchu \u0142y\u017cki poprzez zmiany ci\u015bnienia oleju hydraulicznego, umo\u017cliwiaj\u0105c operatorom wydajne przenoszenie ci\u0119\u017ckich \u0142adunk\u00f3w i dostosowanie si\u0119 do z\u0142o\u017conych warunk\u00f3w pracy oraz zr\u00f3\u017cnicowanych wymaga\u0144 operacyjnych.<\/p>\n<p><img decoding=\"async\" src=\"https:\/\/www.hydraulic-cylinders.net\/wp-content\/uploads\/2025\/01\/songte-company-2.webp\" alt=\"Si\u0142ownik \u0142y\u017cki do ma\u0142ej koparki Komatsu PC40\"><\/p>\n<h2>Cechy<\/h2>\n<ul>\n<li><strong>Wysoka wytrzyma\u0142o\u015b\u0107 i trwa\u0142o\u015b\u0107:<\/strong> Zazwyczaj wykonany z wysokowytrzyma\u0142ej stali lub aluminium, wytrzymuje wysokie ci\u015bnienie i du\u017ce obci\u0105\u017cenia, dostosowuj\u0105c si\u0119 do trudnych warunk\u00f3w pracy. Jego konstrukcja uwzgl\u0119dnia odporno\u015b\u0107 na zu\u017cycie i korozj\u0119, co wyd\u0142u\u017ca jego \u017cywotno\u015b\u0107.<\/li>\n<li><strong>Wydajna praca uk\u0142adu hydraulicznego:<\/strong> P\u0142ynne dzia\u0142anie teleskopowe uzyskano dzi\u0119ki wykorzystaniu ci\u015bnienia oleju hydraulicznego, co umo\u017cliwia szybk\u0105 reakcj\u0119 na polecenia steruj\u0105ce, zapewnia du\u017c\u0105 si\u0142\u0119 pchania i ci\u0105gni\u0119cia oraz nadaje si\u0119 do obs\u0142ugi ci\u0119\u017ckich \u0142adunk\u00f3w i skomplikowanych zada\u0144 operacyjnych.<\/li>\n<li><strong>R\u00f3\u017cne typy:<\/strong> Si\u0142owniki jednostronnego dzia\u0142ania (hydrauliczne tylko w jednym kierunku) lub dwustronnego dzia\u0142ania (hydrauliczne w obu kierunkach) mo\u017cna dobra\u0107 w zale\u017cno\u015bci od wymaga\u0144 operacyjnych. Niekt\u00f3re modele s\u0105 teleskopowe, co pozwala na wi\u0119ksze wysuni\u0119cie bez zwi\u0119kszania wymiar\u00f3w zewn\u0119trznych, i nadaje si\u0119 do zastosowa\u0144 w ograniczonej przestrzeni.<\/li>\n<li><strong>Produkcja niestandardowa:<\/strong> Mo\u017cemy wyprodukowa\u0107 produkt, kt\u00f3ry doskonale zast\u0105pi te cylindry hydrauliczne.<\/li>\n<\/ul>\n<p><img decoding=\"async\" src=\"https:\/\/www.hydraulic-cylinders.net\/wp-content\/uploads\/2025\/01\/songte-cylinder-head-with-all-kinds-excavator-models.webp\" alt=\"Si\u0142ownik \u0142y\u017cki do ma\u0142ej koparki Komatsu PC40\"><\/p>\n<h2>Zastosowanie<\/h2>\n<p>Si\u0142ownik \u0142y\u017cki do ma\u0142ej koparki Komatsu PC40 jest szeroko stosowany w r\u00f3\u017cnych ga\u0142\u0119ziach przemys\u0142u, takich jak sprz\u0119t budowlany, maszyny rolnicze, koparki i \u0142adowarki. <\/p>\n<h3>Sprz\u0119t budowlany:<\/h3>\n<ul>\n<li>W przypadku koparek jest on niezb\u0119dny do wykop\u00f3w, za\u0142adunku i przemieszczania gleby lub gruzu.<\/li>\n<li> W koparko-\u0142adowarkach si\u0142ownik \u0142y\u017cki pomaga zar\u00f3wno w kopaniu, jak i podnoszeniu.<\/li>\n<li> W \u0142adowarkach czo\u0142owych pomaga w efektywnym podnoszeniu i przechylaniu towar\u00f3w.<\/li>\n<\/ul>\n<h3>Maszyny rolnicze:<\/h3>\n<p>Stosowany jest w \u0142adowarkach czo\u0142owych do nabierania, podnoszenia i transportu ziemi, siana i innych materia\u0142\u00f3w.<\/p>\n<h3>Koparki:<\/h3>\n<p>Cylinder \u0142y\u017cki umo\u017cliwia wykonywanie prac wykopowych poprzez umo\u017cliwienie \u0142y\u017cce wnikania w gleb\u0119. <\/p>\n<p><img decoding=\"async\" src=\"https:\/\/www.hydraulic-cylinders.net\/wp-content\/uploads\/2025\/01\/songte-bushings-with-all-kinds-of-excavator-models.webp\" alt=\"Si\u0142ownik \u0142y\u017cki do ma\u0142ej koparki Komatsu PC40\"><\/p>\n<h2>Zagadnienia projektowe i standardy wyboru<\/h2>\n<ul>\n<li><strong>No\u015bno\u015b\u0107:<\/strong> Cylinder czerpakowy musi wytrzymywa\u0107 obci\u0105\u017cenia wysokim ci\u015bnieniem.<\/li>\n<li><strong>Opiecz\u0119towanie:<\/strong> R\u00f3\u017cne uszczelnienia, takie jak uszczelnienia t\u0142ok\u00f3w i uszczelnienia t\u0142oczysk, powinny by\u0107 wykonane z materia\u0142\u00f3w odpornych na zu\u017cycie, takich jak poliuretan i kauczuk nitrylowy, aby zapewni\u0107 odpowiedni\u0105 szczelno\u015b\u0107.<\/li>\n<li><strong>Trwa\u0142o\u015b\u0107:<\/strong> Korpus cylindra i gwintowana powierzchnia ko\u0144cowa powinny zosta\u0107 poddane dok\u0142adnej obr\u00f3bce w celu zwi\u0119kszenia odporno\u015bci na zu\u017cycie.<\/li>\n<li><strong>Bezpiecze\u0144stwo:<\/strong> Projekt powinien uwzgl\u0119dnia\u0107 bezpiecze\u0144stwo eksploatacji cylindra.<\/li>\n<li><strong>Konserwacja:<\/strong> Cylinder powinien by\u0107 \u0142atwy w naprawie i konserwacji.<\/li>\n<\/ul>\n<p><img decoding=\"async\" src=\"https:\/\/www.hydraulic-cylinders.net\/wp-content\/uploads\/2025\/01\/songte-oil-pipes-and-spare-parts.webp\" alt=\"Si\u0142ownik \u0142y\u017cki do ma\u0142ej koparki Komatsu PC40\"><\/p>\n<h2>Uszczelnianie i smarowanie<\/h2>\n<p>R\u00f3\u017cne elementy uszczelniaj\u0105ce, takie jak uszczelnienia t\u0142ok\u00f3w i t\u0142oczysk, powinny by\u0107 wykonane z materia\u0142\u00f3w odpornych na zu\u017cycie, takich jak poliuretan i kauczuk nitrylowy, aby zapewni\u0107 skuteczne uszczelnienie. Korpus cylindra i gwintowana powierzchnia czo\u0142owa powinny by\u0107 precyzyjnie obrobione, aby zwi\u0119kszy\u0107 odporno\u015b\u0107 na zu\u017cycie. Konieczne jest regularne uzupe\u0142nianie odpowiedniego oleju hydraulicznego w celu smarowania.<\/p>\n<p><img decoding=\"async\" src=\"https:\/\/www.hydraulic-cylinders.net\/wp-content\/uploads\/2025\/01\/songte-chushion-collar.webp\" alt=\"Si\u0142ownik \u0142y\u017cki do ma\u0142ej koparki Komatsu PC40\"><\/p>\n<h2>Konserwacja i naprawa<\/h2>\n<p>Regularne przegl\u0105dy, odpowiednie smarowanie, wymiana uszczelek i kalibracja to typowe czynno\u015bci konserwacyjne. Prawid\u0142owy monta\u017c, smarowanie i regulacja s\u0105 kluczowe, a podczas monta\u017cu nale\u017cy zapewni\u0107 odpowiednie wytyczne dotycz\u0105ce ustawienia. Nale\u017cy zaleci\u0107 odpowiednie wsporniki monta\u017cowe do zamocowania cylindra oraz zapewni\u0107 procedury kontroli, naprawy i wymiany, aby wyd\u0142u\u017cy\u0107 \u017cywotno\u015b\u0107 cylindra.<\/p>\n<h2>Zagadnienia bezpiecze\u0144stwa i czynniki \u015brodowiskowe<\/h2>\n<p>Podczas u\u017cytkowania cylindr\u00f3w czerpakowych nale\u017cy bezwzgl\u0119dnie przestrzega\u0107 \u015brodk\u00f3w bezpiecze\u0144stwa, aby chroni\u0107 si\u0119 przed potencjalnymi zagro\u017ceniami. Podczas pracy z olejem hydraulicznym i innymi materia\u0142ami nale\u017cy przestrzega\u0107 przepis\u00f3w ochrony \u015brodowiska.<\/p>\n<h2>Diagnostyka usterek i typowe problemy<\/h2>\n<p>Typowe problemy z si\u0142ownikami kube\u0142kowymi obejmuj\u0105 wycieki p\u0142ynu, niewystarczaj\u0105c\u0105 si\u0142\u0119 i nietypowy ha\u0142as. Diagnostyka usterek powinna opiera\u0107 si\u0119 na dok\u0142adnej inspekcji si\u0142ownika i otaczaj\u0105cych go element\u00f3w. Prawid\u0142owa konserwacja i terminowe naprawy s\u0105 niezb\u0119dne, aby zapobiec wyst\u0105pieniu takich problem\u00f3w.<\/p>\n<h2>Wprowadzenie do firmy<\/h2>\n<p>Jeste\u015bmy producentem zamiennych cylindr\u00f3w hydraulicznych, oferuj\u0105cym pe\u0142n\u0105 gam\u0119 produkt\u00f3w. Jeste\u015bmy jednym z wiod\u0105cych producent\u00f3w i hurtowych dystrybutor\u00f3w cylindr\u00f3w hydraulicznych na rynku krajowym i mi\u0119dzynarodowym. D\u0105\u017cymy do najwy\u017cszej jako\u015bci i opieramy si\u0119 na przemys\u0142owych strategiach zarz\u0105dzania produkcj\u0105 w precyzyjnie wykonanych warsztatach, stale ulepszaj\u0105c platform\u0119 produkcyjn\u0105, doskonal\u0105c jako\u015b\u0107 linii produkcyjnej i dysponuj\u0105c du\u017cym potencja\u0142em produkcyjnym. Naszym celem jest spe\u0142nienie wymaga\u0144 klient\u00f3w poprzez wysok\u0105 wydajno\u015b\u0107, precyzj\u0119 i przestrzeganie zasad jako\u015bci.<\/p>\n<p><img decoding=\"async\" src=\"https:\/\/hzpt.com\/wp-content\/uploads\/2024\/11\/songte-company-1.webp\" alt=\"Si\u0142ownik \u0142y\u017cki do ma\u0142ej koparki Komatsu PC40\"><\/p>\n<h2>Profesjonalizm i mi\u0119dzynarodowa certyfikacja<\/h2>\n<p>Nasza firma dok\u0142ada wszelkich stara\u0144, aby wszyscy pracownicy posiadali niezb\u0119dne kwalifikacje i umiej\u0119tno\u015bci, pozwalaj\u0105ce \u015bwiadczy\u0107 naszym klientom profesjonalne us\u0142ugi. Posiadamy odpowiednie mi\u0119dzynarodowe certyfikaty, takie jak ISO i CE, co gwarantuje, \u017ce nasze produkty spe\u0142niaj\u0105 mi\u0119dzynarodowe standardy jako\u015bci.<\/p>\n<h2>Us\u0142ugi i sprz\u0119t produkcyjny dostosowane do potrzeb klienta<\/h2>\n<p>Oferujemy us\u0142ugi dostosowane do indywidualnych potrzeb ka\u017cdego klienta, dostarczaj\u0105c rozwi\u0105zania w zakresie si\u0142ownik\u00f3w hydraulicznych. Dysponujemy zaawansowanym sprz\u0119tem produkcyjnym, takim jak maszyny CNC i profesjonalne systemy testowe, co gwarantuje, \u017ce ka\u017cdy produkt jest wysokiej jako\u015bci i niezawodny.<\/p>\n<h2>Serwis posprzeda\u017cowy<\/h2>\n<p>Nasza firma oferuje pe\u0142en zakres us\u0142ug posprzeda\u017cowych, w tym napraw\u0119, wymian\u0119 i regeneracj\u0119 oferowanych przez nas produkt\u00f3w. Zale\u017cy nam na dostarczaniu naszym klientom wysokiej jako\u015bci rozwi\u0105za\u0144 technicznych i us\u0142ug, aby zapewni\u0107 im najlepsz\u0105 inwestycj\u0119.<\/p>\n<p>Autor: lyl<\/p>","protected":false},"excerpt":{"rendered":"<p>Introduction What is Bucket Cylinder for Komatsu Small Excavator PC40? Bucket Cylinder for Komatsu Small Excavator PC40 is a specially designed hydraulic cylinder used for controlling the movement of buckets in heavy machinery such as excavators, backhoe excavators, and front-end loaders. Its main function is to enable the bucket to lift, lower, and tilt, thus [&hellip;]<\/p>","protected":false},"featured_media":14788,"comment_status":"open","ping_status":"closed","template":"","meta":{"_et_pb_use_builder":"","_et_pb_old_content":"","_et_gb_content_width":""},"product_brand":[],"product_cat":[1494],"product_tag":[1495,1496],"class_list":{"0":"post-15118","1":"product","2":"type-product","3":"status-publish","4":"has-post-thumbnail","6":"product_cat-bucket-cylinders","7":"product_tag-bucket-cylinders","8":"product_tag-hydraulic-cylinders","10":"first","11":"instock","12":"shipping-taxable","13":"product-type-simple"},"amp_enabled":true,"_links":{"self":[{"href":"https:\/\/www.hydraulic-cylinders.net\/pl\/wp-json\/wp\/v2\/product\/15118","targetHints":{"allow":["GET"]}}],"collection":[{"href":"https:\/\/www.hydraulic-cylinders.net\/pl\/wp-json\/wp\/v2\/product"}],"about":[{"href":"https:\/\/www.hydraulic-cylinders.net\/pl\/wp-json\/wp\/v2\/types\/product"}],"replies":[{"embeddable":true,"href":"https:\/\/www.hydraulic-cylinders.net\/pl\/wp-json\/wp\/v2\/comments?post=15118"}],"wp:featuredmedia":[{"embeddable":true,"href":"https:\/\/www.hydraulic-cylinders.net\/pl\/wp-json\/wp\/v2\/media\/14788"}],"wp:attachment":[{"href":"https:\/\/www.hydraulic-cylinders.net\/pl\/wp-json\/wp\/v2\/media?parent=15118"}],"wp:term":[{"taxonomy":"product_brand","embeddable":true,"href":"https:\/\/www.hydraulic-cylinders.net\/pl\/wp-json\/wp\/v2\/product_brand?post=15118"},{"taxonomy":"product_cat","embeddable":true,"href":"https:\/\/www.hydraulic-cylinders.net\/pl\/wp-json\/wp\/v2\/product_cat?post=15118"},{"taxonomy":"product_tag","embeddable":true,"href":"https:\/\/www.hydraulic-cylinders.net\/pl\/wp-json\/wp\/v2\/product_tag?post=15118"}],"curies":[{"name":"wp","href":"https:\/\/api.w.org\/{rel}","templated":true}]}}