{"id":15120,"date":"2025-01-19T14:07:52","date_gmt":"2025-01-19T14:07:52","guid":{"rendered":"https:\/\/www.hydraulic-cylinders.net\/product\/bucket-cylinder-for-komatsu-small-excavator-pc75uu\/"},"modified":"2025-01-19T14:07:53","modified_gmt":"2025-01-19T14:07:53","slug":"bucket-cylinder-for-komatsu-small-excavator-pc75uu","status":"publish","type":"product","link":"https:\/\/www.hydraulic-cylinders.net\/pl\/produkt\/bucket-cylinder-for-komatsu-small-excavator-pc75uu\/","title":{"rendered":"Si\u0142ownik \u0142y\u017cki do ma\u0142ej koparki Komatsu PC75UU"},"content":{"rendered":"<h1>Si\u0142ownik \u0142y\u017cki do ma\u0142ej koparki Komatsu PC75UU<\/h1>\n<h2>Wst\u0119p<\/h2>\n<p>Si\u0142ownik \u0142y\u017cki to specjalnie zaprojektowany si\u0142ownik hydrauliczny s\u0142u\u017c\u0105cy do sterowania ruchem \u0142y\u017cki w ci\u0119\u017ckich maszynach, takich jak koparki, koparko-\u0142adowarki i \u0142adowarki czo\u0142owe. Jego g\u0142\u00f3wn\u0105 funkcj\u0105 jest podnoszenie, opuszczanie i przechylanie \u0142y\u017cki, u\u0142atwiaj\u0105c wykonywanie r\u00f3\u017cnych zada\u0144 zwi\u0105zanych z prze\u0142adunkiem materia\u0142\u00f3w. W uk\u0142adzie hydraulicznym si\u0142ownik \u0142y\u017cki zapewnia precyzyjn\u0105 kontrol\u0119 nad \u0142y\u017ck\u0105 poprzez regulacj\u0119 ci\u015bnienia oleju hydraulicznego, umo\u017cliwiaj\u0105c operatorom wydajne przenoszenie ci\u0119\u017ckich \u0142adunk\u00f3w, dostosowywanie si\u0119 do z\u0142o\u017conych warunk\u00f3w pracy i zr\u00f3\u017cnicowanych wymaga\u0144.<\/p>\n<p><img decoding=\"async\" src=\"https:\/\/www.hydraulic-cylinders.net\/wp-content\/uploads\/2025\/01\/songte-company-2.webp\"><\/p>\n<h2>Cechy<\/h2>\n<ul>\n<li>Wysoka wytrzyma\u0142o\u015b\u0107 i trwa\u0142o\u015b\u0107: zazwyczaj wykonane z wytrzyma\u0142ej stali lub aluminium, wytrzymuj\u0105 du\u017ce ci\u015bnienia i du\u017ce obci\u0105\u017cenia, a tak\u017ce s\u0105 zaprojektowane z my\u015bl\u0105 o odporno\u015bci na zu\u017cycie i korozj\u0119, co wyd\u0142u\u017ca ich \u017cywotno\u015b\u0107.<\/li>\n<li>Wydajna praca uk\u0142adu hydraulicznego: wykorzystuje ci\u015bnienie oleju hydraulicznego w celu uzyskania p\u0142ynnego rozci\u0105gania i wci\u0105gania, umo\u017cliwia szybk\u0105 reakcj\u0119 na polecenia steruj\u0105ce, zapewnia du\u017c\u0105 si\u0142\u0119 pchania i ci\u0105gni\u0119cia, nadaje si\u0119 do obs\u0142ugi ci\u0119\u017ckich \u0142adunk\u00f3w i wykonywania skomplikowanych zada\u0144.<\/li>\n<li>R\u00f3\u017cne typy cylindr\u00f3w: jednostronnego dzia\u0142ania (hydrauliczne dzia\u0142anie tylko w jednym kierunku) lub dwustronnego dzia\u0142ania (hydrauliczne dzia\u0142anie w dw\u00f3ch kierunkach) mo\u017cna dobra\u0107 w zale\u017cno\u015bci od wymaga\u0144, aby spe\u0142ni\u0107 zr\u00f3\u017cnicowane potrzeby operacyjne. Niekt\u00f3re modele s\u0105 teleskopowe, co pozwala na wi\u0119ksze wysuni\u0119cie bez zwi\u0119kszania wymiar\u00f3w zewn\u0119trznych, i nadaje si\u0119 do zastosowa\u0144 w ograniczonej przestrzeni.<\/li>\n<li>Mo\u017cliwo\u015b\u0107 dostosowania: nasz produkt doskonale nadaje si\u0119 do zast\u0105pienia tych si\u0142ownik\u00f3w hydraulicznych.<\/li>\n<\/ul>\n<p><img decoding=\"async\" src=\"https:\/\/www.hydraulic-cylinders.net\/wp-content\/uploads\/2025\/01\/songte-cylinder-head-with-all-kinds-excavator-models.webp\"><\/p>\n<h2>Aplikacje<\/h2>\n<p>Si\u0142owniki \u0142y\u017cki s\u0105 niezb\u0119dne w sprz\u0119cie budowlanym, maszynach rolniczych, koparkach i \u0142adowarkach czo\u0142owych. Pomagaj\u0105 w wykopywaniu, \u0142adowaniu i przemieszczaniu ziemi lub gruzu w koparkach, wspomagaj\u0105 kopanie i podnoszenie w koparko-\u0142adowarkach, podnoszenie i opr\u00f3\u017cnianie w \u0142adowarkach czo\u0142owych oraz s\u0105 niezb\u0119dne do pracy z gleb\u0105, siano i innymi materia\u0142ami w maszynach rolniczych.<\/p>\n<h3>Sprz\u0119t budowlany:<\/h3>\n<ul>\n<li>Koparki: cylindry \u0142y\u017cki pozwalaj\u0105 na penetracj\u0119 gleby w celu wykonania czynno\u015bci kopania.<\/li>\n<li>Koparki \u0142y\u017ckowe: cylinder \u0142y\u017cki pomaga nie tylko w kopaniu, ale tak\u017ce w podnoszeniu.<\/li>\n<li>\u0141adowarki czo\u0142owe: cylindry \u0142y\u017cki pomagaj\u0105 w efektywnym podnoszeniu i wysypywaniu towar\u00f3w.<\/li>\n<\/ul>\n<h3>Maszyny rolnicze:<\/h3>\n<ul>\n<li>\u0141adowarki czo\u0142owe: do pracy z ziemi\u0105, sianem i innymi materia\u0142ami.<\/li>\n<\/ul>\n<h3>Koparki:<\/h3>\n<ul>\n<li>Cylindry \u0142y\u017cki umo\u017cliwiaj\u0105 jej penetracj\u0119 gleby w celu umo\u017cliwienia kopania.<\/li>\n<\/ul>\n<h2>Standard rozwa\u017cenia projektu i wyboru<\/h2>\n<p>Bucket cylinder&#8217;s design consideration includes the load-carrying capacity, sealing performance, durability, safety, and maintenance. The following are key aspects of design consideration and selection standards:<\/p>\n<ul>\n<li>No\u015bno\u015b\u0107: cylinder czerpakowy jest zazwyczaj wykonany z materia\u0142\u00f3w o wysokiej wytrzyma\u0142o\u015bci, aby wytrzyma\u0107 wysokie ci\u015bnienia i du\u017ce obci\u0105\u017cenia.<\/li>\n<li>Uszczelnienie: w cylindrze zastosowano r\u00f3\u017cnego rodzaju uszczelki, takie jak uszczelki t\u0142okowe, uszczelki t\u0142oczyskowe itp. wykonane z materia\u0142\u00f3w odpornych na zu\u017cycie, takich jak poliuretan i kauczuk nitrylowy, co poprawia uszczelnienie, wyd\u0142u\u017ca \u017cywotno\u015b\u0107 i zmniejsza wycieki oleju.<\/li>\n<li>Trwa\u0142o\u015b\u0107: korpus cylindra i powierzchnia gwintu zosta\u0142y precyzyjnie obrobione w celu zwi\u0119kszenia odporno\u015bci na zu\u017cycie i wyd\u0142u\u017cenia \u017cywotno\u015bci.<\/li>\n<li>Bezpiecze\u0144stwo: konstrukcja cylindra powinna uwzgl\u0119dnia\u0107 takie elementy bezpiecze\u0144stwa, jak zawory bezpiecze\u0144stwa, aby zmniejszy\u0107 ryzyko wypadk\u00f3w.<\/li>\n<li>Konserwacja: regularna konserwacja, taka jak wymiana oleju, wymiana uszczelek i kontrola kalibracji, mo\u017ce wyd\u0142u\u017cy\u0107 \u017cywotno\u015b\u0107 cylindra i utrzyma\u0107 jego wydajno\u015b\u0107.<\/li>\n<\/ul>\n<p><img decoding=\"async\" src=\"https:\/\/www.hydraulic-cylinders.net\/wp-content\/uploads\/2025\/01\/songte-oil-pipes-and-spare-parts.webp\"><\/p>\n<h2>Uszczelnianie i smarowanie<\/h2>\n<p>The bucket cylinder uses various seals such as piston seals, rod seals, etc. made from wear-resistant materials such as polyurethane and nitrile rubber to enhance the sealing performance, extend service life, and reduce oil leaks. Regular lubrication with hydraulic oil is required to maintain the cylinder&#8217;s performance and extend its service life.<\/p>\n<h2>Konserwacja i naprawa<\/h2>\n<p>Regularna konserwacja i naprawy s\u0105 niezb\u0119dne, aby zapewni\u0107 p\u0142ynn\u0105 prac\u0119 si\u0142ownika \u0142y\u017cki i zapobiec potencjalnym problemom. Poni\u017cej przedstawiono typowe czynno\u015bci konserwacyjne:<\/p>\n<ul>\n<li>Regularna kontrola: sprawd\u017a, czy nie ma \u015blad\u00f3w zu\u017cycia, wyciek\u00f3w oleju lub innych uszkodze\u0144.<\/li>\n<li>Smarowanie: nale\u017cy smarowa\u0107 ruchome cz\u0119\u015bci i regularnie sprawdza\u0107 poziom oleju hydraulicznego.<\/li>\n<li>Wymiana uszczelek: wymie\u0144 zu\u017cyte lub uszkodzone uszczelki, aby zapobiec wyciekom oleju.<\/li>\n<li>Calibration check: check the cylinder&#8217;s pressure and stroke to ensure it meets the required specifications.<\/li>\n<\/ul>\n<p><img decoding=\"async\" src=\"https:\/\/www.hydraulic-cylinders.net\/wp-content\/uploads\/2025\/01\/songte-chushion-collar.webp\"><\/p>\n<h2>Zagadnienia bezpiecze\u0144stwa i czynniki \u015brodowiskowe<\/h2>\n<p>Podczas u\u017cytkowania si\u0142ownika czerpakowego nale\u017cy przestrzega\u0107 \u015brodk\u00f3w bezpiecze\u0144stwa, takich jak noszenie sprz\u0119tu ochronnego oraz zapewnienie prawid\u0142owego monta\u017cu i u\u017cytkowania. Ponadto nale\u017cy wzi\u0105\u0107 pod uwag\u0119 czynniki \u015brodowiskowe, takie jak wycieki lub rozlania oleju, oraz prawid\u0142ow\u0105 utylizacj\u0119 zu\u017cytego oleju hydraulicznego.<\/p>\n<h2>Rozwi\u0105zywanie problem\u00f3w i typowe problemy<\/h2>\n<p>Do typowych problem\u00f3w z si\u0142ownikiem \u0142y\u017cki nale\u017c\u0105 wycieki oleju, uszkodzenia uszczelnie\u0144 oraz problemy z wysuwaniem lub chowaniem. Czynno\u015bci rozwi\u0105zywania problem\u00f3w mog\u0105 obejmowa\u0107 sprawdzenie poziomu oleju, sprawdzenie uszczelnie\u0144 oraz sprawdzenie ewentualnych uszkodze\u0144 lub lu\u017anych po\u0142\u0105cze\u0144. Regularne prace konserwacyjne mog\u0105 zapobiec wyst\u0105pieniu potencjalnych problem\u00f3w.<\/p>\n<h2>O naszej firmie<\/h2>\n<p>Jeste\u015bmy producentem zamiennych cylindr\u00f3w hydraulicznych, oferuj\u0105cym pe\u0142n\u0105 gam\u0119 produkt\u00f3w. Stali\u015bmy si\u0119 jednym z wiod\u0105cych producent\u00f3w i hurtowych dystrybutor\u00f3w cylindr\u00f3w hydraulicznych na \u015bwiecie. Kierujemy si\u0119 zasad\u0105 doskona\u0142ej jako\u015bci i opieramy si\u0119 na zindustrializowanych strategiach zarz\u0105dzania produkcj\u0105, opartych na zaawansowanych warsztatach produkcyjnych, utalentowanych pracownikach technicznych, cyfrowym sprz\u0119cie produkcyjnym wysokiej klasy oraz profesjonalnych systemach kontroli. Stale udoskonalamy platform\u0119 produkcyjn\u0105, doskonalimy jako\u015b\u0107 linii produkcyjnej oraz wykazujemy si\u0119 kreatywno\u015bci\u0105, aby sprosta\u0107 zr\u00f3\u017cnicowanym potrzebom klient\u00f3w. Oferujemy mi\u0119dzy innymi profesjonalne, mi\u0119dzynarodowe certyfikaty, us\u0142ugi niestandardowe, sprz\u0119t produkcyjny oraz serwis posprzeda\u017cowy.<\/p>\n<p><img decoding=\"async\" src=\"https:\/\/hzpt.com\/wp-content\/uploads\/2024\/11\/songte-company-1.webp\"><\/p>\n<p>Autor: lyl<\/p>","protected":false},"excerpt":{"rendered":"<p>Bucket Cylinder For Komatsu Small Excavator PC75UU Introduction A bucket cylinder is a specially designed hydraulic cylinder used to control the movement of buckets in heavy machinery such as excavators, backhoe excavators, and front-end loaders. Its primary function is to allow the bucket to lift, lower, and tilt, making it easier to handle various material [&hellip;]<\/p>","protected":false},"featured_media":14785,"comment_status":"open","ping_status":"closed","template":"","meta":{"_et_pb_use_builder":"","_et_pb_old_content":"","_et_gb_content_width":""},"product_brand":[],"product_cat":[1494],"product_tag":[1495,1496],"class_list":{"0":"post-15120","1":"product","2":"type-product","3":"status-publish","4":"has-post-thumbnail","6":"product_cat-bucket-cylinders","7":"product_tag-bucket-cylinders","8":"product_tag-hydraulic-cylinders","10":"first","11":"instock","12":"shipping-taxable","13":"product-type-simple"},"amp_enabled":true,"_links":{"self":[{"href":"https:\/\/www.hydraulic-cylinders.net\/pl\/wp-json\/wp\/v2\/product\/15120","targetHints":{"allow":["GET"]}}],"collection":[{"href":"https:\/\/www.hydraulic-cylinders.net\/pl\/wp-json\/wp\/v2\/product"}],"about":[{"href":"https:\/\/www.hydraulic-cylinders.net\/pl\/wp-json\/wp\/v2\/types\/product"}],"replies":[{"embeddable":true,"href":"https:\/\/www.hydraulic-cylinders.net\/pl\/wp-json\/wp\/v2\/comments?post=15120"}],"wp:featuredmedia":[{"embeddable":true,"href":"https:\/\/www.hydraulic-cylinders.net\/pl\/wp-json\/wp\/v2\/media\/14785"}],"wp:attachment":[{"href":"https:\/\/www.hydraulic-cylinders.net\/pl\/wp-json\/wp\/v2\/media?parent=15120"}],"wp:term":[{"taxonomy":"product_brand","embeddable":true,"href":"https:\/\/www.hydraulic-cylinders.net\/pl\/wp-json\/wp\/v2\/product_brand?post=15120"},{"taxonomy":"product_cat","embeddable":true,"href":"https:\/\/www.hydraulic-cylinders.net\/pl\/wp-json\/wp\/v2\/product_cat?post=15120"},{"taxonomy":"product_tag","embeddable":true,"href":"https:\/\/www.hydraulic-cylinders.net\/pl\/wp-json\/wp\/v2\/product_tag?post=15120"}],"curies":[{"name":"wp","href":"https:\/\/api.w.org\/{rel}","templated":true}]}}