{"id":15121,"date":"2025-01-19T14:07:55","date_gmt":"2025-01-19T14:07:55","guid":{"rendered":"https:\/\/www.hydraulic-cylinders.net\/product\/bucket-cylinder-for-komatsu-small-excavator-pc120-3-5-6-6e-7\/"},"modified":"2025-01-19T14:07:57","modified_gmt":"2025-01-19T14:07:57","slug":"bucket-cylinder-for-komatsu-small-excavator-pc120-3-5-6-6e-7","status":"publish","type":"product","link":"https:\/\/www.hydraulic-cylinders.net\/pl\/produkt\/bucket-cylinder-for-komatsu-small-excavator-pc120-3-5-6-6e-7\/","title":{"rendered":"Si\u0142ownik \u0142y\u017cki do ma\u0142ej koparki Komatsu PC120-3-5-6-6E-7"},"content":{"rendered":"<h1>Si\u0142ownik \u0142y\u017cki do ma\u0142ej koparki Komatsu PC120-3-5-6-6E-7<\/h1>\n<h2>Wst\u0119p<\/h2>\n<p>Si\u0142ownik \u0142y\u017cki to specjalnie zaprojektowany si\u0142ownik hydrauliczny, kt\u00f3ry s\u0142u\u017cy g\u0142\u00f3wnie do sterowania ruchem \u0142y\u017cki w ci\u0119\u017ckich maszynach, takich jak koparki, koparko-\u0142adowarki i \u0142adowarki czo\u0142owe. Jego g\u0142\u00f3wn\u0105 funkcj\u0105 jest podnoszenie, opuszczanie i przechylanie \u0142y\u017cki, u\u0142atwiaj\u0105c tym samym r\u00f3\u017cnorodne zadania zwi\u0105zane z prze\u0142adunkiem materia\u0142\u00f3w. W uk\u0142adzie hydraulicznym si\u0142ownik \u0142y\u017cki zapewnia precyzyjn\u0105 kontrol\u0119 nad \u0142y\u017ck\u0105 poprzez zmiany ci\u015bnienia oleju hydraulicznego, umo\u017cliwiaj\u0105c operatorom wydajne przenoszenie ci\u0119\u017ckich \u0142adunk\u00f3w i dostosowywanie si\u0119 do z\u0142o\u017conych warunk\u00f3w pracy oraz zr\u00f3\u017cnicowanych wymaga\u0144.<\/p>\n<p><img decoding=\"async\" src=\"https:\/\/www.hydraulic-cylinders.net\/wp-content\/uploads\/2025\/01\/songte-company-2.webp\" alt=\"Obraz cylindra wiadra\"><\/p>\n<h2>Cechy<\/h2>\n<ul>\n<li>Wysoka wytrzyma\u0142o\u015b\u0107 i trwa\u0142o\u015b\u0107: Zazwyczaj wykonany z wysokowytrzyma\u0142ej stali lub aluminium, wytrzymuje wysokie ci\u015bnienie i du\u017ce obci\u0105\u017cenia, dostosowuj\u0105c si\u0119 do trudnych warunk\u00f3w pracy. Konstrukcja uwzgl\u0119dnia odporno\u015b\u0107 na zu\u017cycie i korozj\u0119, aby wyd\u0142u\u017cy\u0107 \u017cywotno\u015b\u0107.<\/li>\n<li>Wydajne dzia\u0142anie uk\u0142adu hydraulicznego: P\u0142ynne ruchy rozci\u0105gania i kurczenia uzyskuje si\u0119 dzi\u0119ki wykorzystaniu ci\u015bnienia oleju hydraulicznego, kt\u00f3re mo\u017ce szybko reagowa\u0107 na polecenia steruj\u0105ce, zapewniaj\u0105c du\u017c\u0105 si\u0142\u0119 pchania i ci\u0105gni\u0119cia, odpowiedni\u0105 do obs\u0142ugi du\u017cych obci\u0105\u017ce\u0144 i skomplikowanych zada\u0144 operacyjnych.<\/li>\n<li>R\u00f3\u017cne typy: Typy cylindr\u00f3w mo\u017cna dobiera\u0107 w zale\u017cno\u015bci od potrzeb, na przyk\u0142ad jednostronnego dzia\u0142ania (hydrauliczne dzia\u0142anie tylko w jednym kierunku) lub dwustronnego dzia\u0142ania (hydrauliczne dzia\u0142anie w dw\u00f3ch kierunkach), aby sprosta\u0107 r\u00f3\u017cnym potrzebom operacyjnym. Niekt\u00f3re modele s\u0105 teleskopowe, co pozwala na wi\u0119ksze wysuni\u0119cie bez zwi\u0119kszania wymiar\u00f3w zewn\u0119trznych, i nadaje si\u0119 do zastosowa\u0144 w ograniczonej przestrzeni.<\/li>\n<li>Idealna wymiana: Nasz produkt mo\u017ce idealnie zast\u0105pi\u0107 te cylindry hydrauliczne.<\/li>\n<\/ul>\n<p><img decoding=\"async\" src=\"https:\/\/www.hydraulic-cylinders.net\/wp-content\/uploads\/2025\/01\/songte-cylinder-head-with-all-kinds-excavator-models.webp\" alt=\"Obraz cylindra wiadra\"><\/p>\n<h2>Aplikacje<\/h2>\n<p>Cylindry kube\u0142kowe s\u0105 powszechnie stosowane w r\u00f3\u017cnych maszynach ci\u0119\u017ckich, w tym:<\/p>\n<ul>\n<li>Sprz\u0119t budowlany: W koparkach s\u0105 one niezb\u0119dne do kopania, za\u0142adunku i przemieszczania gleby lub gruzu. W koparko-\u0142adowarkach si\u0142ownik \u0142y\u017cki wspomaga zar\u00f3wno kopanie, jak i podnoszenie. <\/li>\n<li>Maszyny rolnicze: Stosowane w \u0142adowarkach czo\u0142owych do nabierania, podnoszenia i transportu gleby, siana i innych materia\u0142\u00f3w. <\/li>\n<li>Koparki: Cylinder \u0142y\u017cki umo\u017cliwia koparce kopanie poprzez zag\u0142\u0119bianie si\u0119 \u0142y\u017cki w gleb\u0119. <\/li>\n<li>\u0141adowarki: W \u0142adowarkach czo\u0142owych pomagaj\u0105 w efektywnym podnoszeniu i przechylaniu \u0142adunk\u00f3w. <\/li>\n<\/ul>\n<h2>Zagadnienia projektowe i standardy wyboru<\/h2>\n<p>Projektuj\u0105c cylinder kube\u0142kowy, nale\u017cy zwr\u00f3ci\u0107 szczeg\u00f3ln\u0105 uwag\u0119 na jego no\u015bno\u015b\u0107, uszczelnienie, trwa\u0142o\u015b\u0107, bezpiecze\u0144stwo i konserwacj\u0119. Oto niekt\u00f3re z kwestii projektowych:<\/p>\n<ul>\n<li>No\u015bno\u015b\u0107: Cylinder musi by\u0107 w stanie wytrzyma\u0107 maksymalne obci\u0105\u017cenie spodziewane podczas pracy.<\/li>\n<li>Uszczelnienie: Zastosowanie r\u00f3\u017cnych materia\u0142\u00f3w uszczelniaj\u0105cych, takich jak uszczelki t\u0142okowe, uszczelki t\u0142oczyskowe itp., wraz z materia\u0142ami odpornymi na zu\u017cycie, takimi jak poliuretan i kauczuk nitrylowy, mo\u017ce wyd\u0142u\u017cy\u0107 \u017cywotno\u015b\u0107 cylindra.<\/li>\n<li>Trwa\u0142o\u015b\u0107: Korpus cylindra i powierzchnia ko\u0144cowa gwintu powinny by\u0107 precyzyjnie obrobione, co zwi\u0119ksza odporno\u015b\u0107 cylindra na zu\u017cycie.<\/li>\n<li>Bezpiecze\u0144stwo: Butle powinny by\u0107 zaprojektowane tak, aby zapobiega\u0107 wyciekom, p\u0119kni\u0119ciom lub nag\u0142emu uwolnieniu ci\u015bnienia, zapewniaj\u0105c w ten spos\u00f3b bezpiecze\u0144stwo sprz\u0119tu i operator\u00f3w.<\/li>\n<li>Konserwacja: Regularna konserwacja, taka jak sprawdzanie i regulacja cylindra, mo\u017ce zagwarantowa\u0107 jego prawid\u0142owe dzia\u0142anie i wyd\u0142u\u017cy\u0107 jego \u017cywotno\u015b\u0107.<\/li>\n<\/ul>\n<p><img decoding=\"async\" src=\"https:\/\/www.hydraulic-cylinders.net\/wp-content\/uploads\/2025\/01\/songte-oil-pipes-and-spare-parts.webp\" alt=\"Obraz cylindra wiadra\"><\/p>\n<h2>Uszczelnianie i smarowanie<\/h2>\n<p>W si\u0142ownikach kube\u0142kowych zastosowano r\u00f3\u017cne elementy uszczelniaj\u0105ce, takie jak uszczelnienia t\u0142oka i t\u0142oczyska, aby zapobiec wyciekom oleju hydraulicznego. Stosowane materia\u0142y uszczelniaj\u0105ce to zazwyczaj poliuretan i kauczuk nitrylowy, kt\u00f3re s\u0105 odporne na zu\u017cycie i charakteryzuj\u0105 si\u0119 doskona\u0142ymi w\u0142a\u015bciwo\u015bciami uszczelniaj\u0105cymi. Prawid\u0142owe smarowanie jest r\u00f3wnie\u017c niezb\u0119dne dla zapewnienia p\u0142ynnej pracy si\u0142ownika. Zaleca si\u0119 regularne uzupe\u0142nianie odpowiedniej ilo\u015bci oleju hydraulicznego.<\/p>\n<h2>Konserwacja zapobiegawcza i rozwi\u0105zywanie problem\u00f3w<\/h2>\n<p>Konserwacja zapobiegawcza ma kluczowe znaczenie dla zapewnienia d\u0142ugowieczno\u015bci si\u0142ownika \u0142y\u017cki. Regularne kontrole, prawid\u0142owe smarowanie, wymiana uszczelnie\u0144 i kalibracja to typowe czynno\u015bci konserwacyjne. W przypadku wyst\u0105pienia problem\u00f3w, odpowiednie techniki rozwi\u0105zywania problem\u00f3w mog\u0105 pom\u00f3c w ich zdiagnozowaniu i skutecznym rozwi\u0105zaniu. Wa\u017cne jest r\u00f3wnie\u017c podj\u0119cie dzia\u0142a\u0144 zapobiegawczych w celu zminimalizowania potencjalnych problem\u00f3w.<\/p>\n<p><img decoding=\"async\" src=\"https:\/\/www.hydraulic-cylinders.net\/wp-content\/uploads\/2025\/01\/songte-chushion-collar.webp\" alt=\"Obraz cylindra wiadra\"><\/p>\n<h2>Bezpiecze\u0144stwo i wzgl\u0119dy \u015brodowiskowe<\/h2>\n<p>Podczas u\u017cytkowania cylindr\u00f3w czerpakowych nale\u017cy zachowa\u0107 \u015brodki ostro\u017cno\u015bci, aby zapobiec wypadkom i obra\u017ceniom. Nale\u017cy przestrzega\u0107 wytycznych i instrukcji bezpiecze\u0144stwa dotycz\u0105cych prawid\u0142owej instalacji i obs\u0142ugi cylindra. Z punktu widzenia ochrony \u015brodowiska, w\u0142a\u015bciwa utylizacja zu\u017cytego oleju hydraulicznego i innych element\u00f3w cylindra jest niezb\u0119dna, aby zapobiec zanieczyszczeniu \u015brodowiska.<\/p>\n<h2>Wprowadzenie do firmy<\/h2>\n<p>Jeste\u015bmy wiod\u0105cym producentem i hurtowym dystrybutorem si\u0142ownik\u00f3w hydraulicznych na rynku krajowym i mi\u0119dzynarodowym. Nasza oferta jest kompleksowa, a my d\u0105\u017cymy do doskona\u0142o\u015bci jako\u015bci. Dzi\u0119ki przemys\u0142owym strategiom zarz\u0105dzania produkcj\u0105, wspieranym przez wykwalifikowan\u0105 kadr\u0119, wysokiej klasy sprz\u0119t do produkcji cyfrowej oraz profesjonalne systemy testowe, stale udoskonalamy nasz\u0105 platform\u0119 produkcyjn\u0105, doskonalimy proces produkcyjny i dysponujemy du\u017cym potencja\u0142em innowacyjnym, aby sprosta\u0107 zr\u00f3\u017cnicowanym potrzebom naszych klient\u00f3w.<\/p>\n<ul>\n<li>Profesjonalizm: Mamy zesp\u00f3\u0142 profesjonalnych in\u017cynier\u00f3w, kt\u00f3rzy s\u0105 w stanie zapewni\u0107 us\u0142ugi dostosowane do wymaga\u0144 klienta.<\/li>\n<li>Certyfikaty mi\u0119dzynarodowe: Nasze produkty uzyska\u0142y mi\u0119dzynarodowe certyfikaty, takie jak ISO9001 i CE.<\/li>\n<li>Us\u0142uga dostosowywania: Zapewniamy us\u0142ugi dostosowywania r\u00f3\u017cnych cylindr\u00f3w hydraulicznych zgodnie z wymaganiami klienta.<\/li>\n<li>Sprz\u0119t produkcyjny: Posiadamy zaawansowany sprz\u0119t produkcyjny, taki jak tokarki CNC, centra obr\u00f3bcze i roboty spawalnicze.<\/li>\n<li>Serwis posprzeda\u017cowy: Zapewniamy wysokiej jako\u015bci serwis posprzeda\u017cowy, obejmuj\u0105cy wymian\u0119 cz\u0119\u015bci i us\u0142ugi regeneracji.<\/li>\n<\/ul>\n<p><img decoding=\"async\" src=\"https:\/\/hzpt.com\/wp-content\/uploads\/2024\/11\/songte-company-1.webp\" alt=\"Obraz cylindra wiadra\"><\/p>\n<p>Autor: lyl<\/p>","protected":false},"excerpt":{"rendered":"<p>Bucket Cylinder For Komatsu Small Excavator PC120-3-5-6-6E-7 Introduction A bucket cylinder is a specially designed hydraulic cylinder that is primarily used to control the movement of the bucket in heavy machinery, such as excavators, backhoes, and front-end loaders. Its main function is to enable the bucket to be raised, lowered, and tilted, making it easier [&hellip;]<\/p>","protected":false},"featured_media":14784,"comment_status":"open","ping_status":"closed","template":"","meta":{"_et_pb_use_builder":"","_et_pb_old_content":"","_et_gb_content_width":""},"product_brand":[],"product_cat":[1494],"product_tag":[1495,1496],"class_list":{"0":"post-15121","1":"product","2":"type-product","3":"status-publish","4":"has-post-thumbnail","6":"product_cat-bucket-cylinders","7":"product_tag-bucket-cylinders","8":"product_tag-hydraulic-cylinders","10":"first","11":"instock","12":"shipping-taxable","13":"product-type-simple"},"amp_enabled":true,"_links":{"self":[{"href":"https:\/\/www.hydraulic-cylinders.net\/pl\/wp-json\/wp\/v2\/product\/15121","targetHints":{"allow":["GET"]}}],"collection":[{"href":"https:\/\/www.hydraulic-cylinders.net\/pl\/wp-json\/wp\/v2\/product"}],"about":[{"href":"https:\/\/www.hydraulic-cylinders.net\/pl\/wp-json\/wp\/v2\/types\/product"}],"replies":[{"embeddable":true,"href":"https:\/\/www.hydraulic-cylinders.net\/pl\/wp-json\/wp\/v2\/comments?post=15121"}],"wp:featuredmedia":[{"embeddable":true,"href":"https:\/\/www.hydraulic-cylinders.net\/pl\/wp-json\/wp\/v2\/media\/14784"}],"wp:attachment":[{"href":"https:\/\/www.hydraulic-cylinders.net\/pl\/wp-json\/wp\/v2\/media?parent=15121"}],"wp:term":[{"taxonomy":"product_brand","embeddable":true,"href":"https:\/\/www.hydraulic-cylinders.net\/pl\/wp-json\/wp\/v2\/product_brand?post=15121"},{"taxonomy":"product_cat","embeddable":true,"href":"https:\/\/www.hydraulic-cylinders.net\/pl\/wp-json\/wp\/v2\/product_cat?post=15121"},{"taxonomy":"product_tag","embeddable":true,"href":"https:\/\/www.hydraulic-cylinders.net\/pl\/wp-json\/wp\/v2\/product_tag?post=15121"}],"curies":[{"name":"wp","href":"https:\/\/api.w.org\/{rel}","templated":true}]}}