{"id":15125,"date":"2025-01-19T14:08:12","date_gmt":"2025-01-19T14:08:12","guid":{"rendered":"https:\/\/www.hydraulic-cylinders.net\/product\/bucket-cylinder-for-komatsu-small-excavator-pc100-3-5-6\/"},"modified":"2025-01-19T14:08:14","modified_gmt":"2025-01-19T14:08:14","slug":"bucket-cylinder-for-komatsu-small-excavator-pc100-3-5-6","status":"publish","type":"product","link":"https:\/\/www.hydraulic-cylinders.net\/pl\/produkt\/bucket-cylinder-for-komatsu-small-excavator-pc100-3-5-6\/","title":{"rendered":"Si\u0142ownik \u0142y\u017cki do ma\u0142ej koparki Komatsu PC100-3-5-6"},"content":{"rendered":"<h2>Si\u0142ownik \u0142y\u017cki do ma\u0142ej koparki Komatsu PC100-3-5-6<\/h2>\n<h3>Wst\u0119p:<\/h3>\n<p>Si\u0142ownik \u0142y\u017cki to specjalnie zaprojektowany si\u0142ownik hydrauliczny s\u0142u\u017c\u0105cy do sterowania ruchem \u0142y\u017cki w ci\u0119\u017ckich maszynach, takich jak koparki, koparko-\u0142adowarki i \u0142adowarki czo\u0142owe. Jego g\u0142\u00f3wn\u0105 funkcj\u0105 jest umo\u017cliwienie podnoszenia, opuszczania i przechylania \u0142y\u017cki w celu \u0142atwego transportu r\u00f3\u017cnych materia\u0142\u00f3w. W uk\u0142adzie hydraulicznym si\u0142ownik \u0142y\u017cki zapewnia precyzyjn\u0105 kontrol\u0119 nad \u0142y\u017ck\u0105 poprzez zmiany ci\u015bnienia oleju hydraulicznego, umo\u017cliwiaj\u0105c operatorom wydajne przenoszenie ci\u0119\u017ckich \u0142adunk\u00f3w i dostosowywanie si\u0119 do z\u0142o\u017conych warunk\u00f3w pracy oraz zr\u00f3\u017cnicowanych wymaga\u0144.<\/p>\n<p><img decoding=\"async\" src=\"https:\/\/www.hydraulic-cylinders.net\/wp-content\/uploads\/2025\/01\/songte-company-2.webp\"><\/p>\n<h3>Cechy:<\/h3>\n<ul>\n<li>Wysoka wytrzyma\u0142o\u015b\u0107 i trwa\u0142o\u015b\u0107: zazwyczaj wykonane z wytrzyma\u0142ej stali lub aluminium, wytrzymuj\u0105 du\u017ce ci\u015bnienie i du\u017ce obci\u0105\u017cenia, nadaj\u0105 si\u0119 do trudnych warunk\u00f3w pracy, zaprojektowane z my\u015bl\u0105 o odporno\u015bci na zu\u017cycie i korozj\u0119, co wyd\u0142u\u017ca \u017cywotno\u015b\u0107.<\/li>\n<li>Wydajne dzia\u0142anie uk\u0142adu hydraulicznego: p\u0142ynne rozci\u0105ganie i kurczenie uzyskiwane dzi\u0119ki ci\u015bnieniu oleju hydraulicznego, mo\u017cliwo\u015b\u0107 szybkiej reakcji na polecenia steruj\u0105ce, zapewnia du\u017c\u0105 si\u0142\u0119 pchania i ci\u0105gni\u0119cia, nadaje si\u0119 do obs\u0142ugi ci\u0119\u017ckich \u0142adunk\u00f3w i wykonywania skomplikowanych zada\u0144.<\/li>\n<li>R\u00f3\u017cnorodne typy: cylindry jednostronnego dzia\u0142ania (hydrauliczne tylko w jednym kierunku) lub dwustronnego dzia\u0142ania (hydrauliczne w obu kierunkach) mo\u017cna dobra\u0107 w zale\u017cno\u015bci od potrzeb, aby spe\u0142ni\u0107 zr\u00f3\u017cnicowane wymagania operacyjne. Niekt\u00f3re modele s\u0105 teleskopowe, co pozwala na wi\u0119ksze wysuni\u0119cie bez zwi\u0119kszania wymiar\u00f3w zewn\u0119trznych, i nadaje si\u0119 do zastosowa\u0144 w ograniczonej przestrzeni.<\/li>\n<li>Mo\u017ce doskonale zast\u0105pi\u0107 inne si\u0142owniki hydrauliczne.<\/li>\n<\/ul>\n<p><img decoding=\"async\" src=\"https:\/\/www.hydraulic-cylinders.net\/wp-content\/uploads\/2025\/01\/songte-cylinder-head-with-all-kinds-excavator-models.webp\"><\/p>\n<h3>Zastosowania:<\/h3>\n<p>Cylindry czerpakowe s\u0105 powszechnie stosowane w r\u00f3\u017cnych urz\u0105dzeniach budowlanych, rolniczych i do transportu materia\u0142\u00f3w:<\/p>\n<ul>\n<li>Sprz\u0119t budowlany: koparki, koparko-\u0142adowarki, \u0142adowarki czo\u0142owe<\/li>\n<li>Maszyny rolnicze: \u0142adowarki czo\u0142owe, u\u017cywane do za\u0142adunku, podnoszenia i transportu gleby, siana i innych materia\u0142\u00f3w<\/li>\n<li>Koparki: cylindry \u0142y\u017cki umo\u017cliwiaj\u0105 jej penetracj\u0119 w gleb\u0119 w celu wykonania czynno\u015bci kopania<\/li>\n<li>\u0141adowarki czo\u0142owe: cylindry \u0142y\u017cki pomagaj\u0105 skutecznie podnosi\u0107 i roz\u0142adowywa\u0107 towary<\/li>\n<\/ul>\n<h3>Kryteria projektowania i wyboru:<\/h3>\n<p>Z punktu widzenia projektowania wa\u017cnymi czynnikami, kt\u00f3re nale\u017cy bra\u0107 pod uwag\u0119, s\u0105 no\u015bno\u015b\u0107, uszczelnienie, trwa\u0142o\u015b\u0107, bezpiecze\u0144stwo i \u0142atwo\u015b\u0107 konserwacji cylindra:<\/p>\n<ul>\n<li>No\u015bno\u015b\u0107: cylinder musi wytrzyma\u0107 obci\u0105\u017cenie wywierane przez sprz\u0119t i przenoszony materia\u0142. <\/li>\n<li>Uszczelnienie: Aby zapobiec wyciekom oleju i zapewni\u0107 niezawodno\u015b\u0107 uk\u0142adu, stosuje si\u0119 r\u00f3\u017cne uszczelnienia, takie jak uszczelnienia t\u0142okowe, uszczelnienia t\u0142oczyskowe itp. <\/li>\n<li>Trwa\u0142o\u015b\u0107: cylinder musi by\u0107 zaprojektowany z my\u015bl\u0105 o odporno\u015bci na zu\u017cycie i korozj\u0119; korpus cylindra, t\u0142oczysko i inne elementy musz\u0105 by\u0107 wykonane z materia\u0142\u00f3w o wysokiej wytrzyma\u0142o\u015bci. <\/li>\n<li>Bezpiecze\u0144stwo: cylinder musi mie\u0107 bezpieczne ci\u015bnienie robocze i musi by\u0107 wyposa\u017cony w niezawodne urz\u0105dzenia zabezpieczaj\u0105ce, zapobiegaj\u0105ce przeci\u0105\u017ceniom i wypadkom. <\/li>\n<li>\u0141atwo\u015b\u0107 konserwacji: cylinder musi by\u0107 zaprojektowany tak, aby by\u0142 \u0142atwy w konserwacji i naprawie, z \u0142atwo dost\u0119pnymi podzespo\u0142ami i \u0142atw\u0105 do demonta\u017cu konstrukcj\u0105. <\/li>\n<\/ul>\n<p><img decoding=\"async\" src=\"https:\/\/www.hydraulic-cylinders.net\/wp-content\/uploads\/2025\/01\/songte-oil-pipes-and-spare-parts.webp\"><\/p>\n<h3>Uszczelnianie i smarowanie:<\/h3>\n<p>R\u00f3\u017cne elementy uszczelniaj\u0105ce, takie jak pier\u015bcienie uszczelniaj\u0105ce t\u0142oka, pier\u015bcienie uszczelniaj\u0105ce t\u0142oczyska itp., zapobiegaj\u0105 wyciekom oleju i zapewniaj\u0105 niezawodno\u015b\u0107 systemu. Uszczelnienia wykonane s\u0105 z materia\u0142\u00f3w odpornych na zu\u017cycie, takich jak poliuretan i kauczuk nitrylowy. Korpus cylindra i gwintowane powierzchnie ko\u0144cowe s\u0105 precyzyjnie obrobione, aby zwi\u0119kszy\u0107 odporno\u015b\u0107 na zu\u017cycie. Regularne smarowanie odpowiednim olejem hydraulicznym jest niezb\u0119dne do zapewnienia p\u0142ynnej pracy cylindra.<\/p>\n<h3>Konserwacja:<\/h3>\n<p>Regularne kontrole i dzia\u0142ania zapobiegawcze s\u0105 niezb\u0119dne dla zapewnienia d\u0142ugiej \u017cywotno\u015bci cylindra:<\/p>\n<ul>\n<li>Regularne kontrole szczelno\u015bci, uszkodze\u0144 i zu\u017cycia cylindra i jego podzespo\u0142\u00f3w.<\/li>\n<li>W\u0142a\u015bciwe smarowanie gwarantuje p\u0142ynn\u0105 prac\u0119 cylindra.<\/li>\n<li>W razie potrzeby wymiana uszczelek i kontrola kalibracji.<\/li>\n<li>Prawid\u0142owy monta\u017c, wyr\u00f3wnanie i u\u017cycie w\u0142a\u015bciwych wspornik\u00f3w monta\u017cowych w celu zabezpieczenia cylindra.<\/li>\n<li>Zalecane procedury kontroli, naprawy i wymiany maj\u0105ce na celu wyd\u0142u\u017cenie \u017cywotno\u015bci cylindra.<\/li>\n<\/ul>\n<p><img decoding=\"async\" src=\"https:\/\/www.hydraulic-cylinders.net\/wp-content\/uploads\/2025\/01\/songte-chushion-collar.webp\"><\/p>\n<h3>Zagadnienia bezpiecze\u0144stwa i czynniki \u015brodowiskowe:<\/h3>\n<p>Podczas u\u017cytkowania cylindr\u00f3w kube\u0142kowych nale\u017cy zachowa\u0107 \u015brodki bezpiecze\u0144stwa, aby unikn\u0105\u0107 wypadk\u00f3w i obra\u017ce\u0144. Prawid\u0142owa instalacja, obs\u0142uga i konserwacja s\u0105 niezb\u0119dne dla bezpiecznej i wydajnej pracy. Przy wyborze i obs\u0142udze cylindr\u00f3w kube\u0142kowych nale\u017cy r\u00f3wnie\u017c uwzgl\u0119dni\u0107 czynniki \u015brodowiskowe, takie jak temperatura i wilgotno\u015b\u0107, aby zapewni\u0107 ich p\u0142ynn\u0105 i niezawodn\u0105 prac\u0119.<\/p>\n<h3>Diagnostyka usterek i typowe problemy:<\/h3>\n<p>Do typowych usterek si\u0142ownik\u00f3w kube\u0142kowych nale\u017c\u0105 wycieki oleju, niedostateczne ci\u015bnienie, niedostateczna si\u0142a i niska dok\u0142adno\u015b\u0107 pozycjonowania. Regularne kontrole i konserwacja mog\u0105 pom\u00f3c w zapobieganiu tym problemom. W przypadku wyst\u0105pienia problem\u00f3w, mo\u017cna zastosowa\u0107 \u015brodki diagnostyczne, takie jak pomiar ci\u015bnienia, testowanie zawor\u00f3w i kontrola wizualna, aby zlokalizowa\u0107 \u017ar\u00f3d\u0142o problemu.<\/p>\n<p><img decoding=\"async\" src=\"https:\/\/www.hydraulic-cylinders.net\/wp-content\/uploads\/2025\/01\/songte-bushings-with-all-kinds-of-excavator-models.webp\"><\/p>\n<h3>O nas:<\/h3>\n<p>Jeste\u015bmy producentem zamiennych cylindr\u00f3w hydraulicznych. Nasza firma oferuje pe\u0142n\u0105 gam\u0119 produkt\u00f3w i sta\u0142a si\u0119 jednym z wiod\u0105cych producent\u00f3w i hurtowych dystrybutor\u00f3w cylindr\u00f3w hydraulicznych na rynku krajowym i mi\u0119dzynarodowym. Przestrzegamy zasady doskona\u0142ej jako\u015bci, opieramy si\u0119 na strategii zarz\u0105dzania produkcj\u0105 przemys\u0142ow\u0105 w naszych wyspecjalizowanych warsztatach produkcyjnych i stale ulepszamy platform\u0119 produkcyjn\u0105, wykorzystuj\u0105c zaawansowane technologie, cyfrowy sprz\u0119t produkcyjny wysokiej klasy oraz profesjonalne systemy testowe. Wyr\u00f3\u017cnia nas kreatywno\u015b\u0107, dzi\u0119ki kt\u00f3rej mo\u017cemy sprosta\u0107 zr\u00f3\u017cnicowanym potrzebom klient\u00f3w, kieruj\u0105c si\u0119 zasadami wysokiej wydajno\u015bci, precyzji i jako\u015bci. <\/p>\n<p>Nasza firma zapewnia profesjonalne, mi\u0119dzynarodowe certyfikaty, dostosowane do indywidualnych potrzeb us\u0142ugi, zaawansowany sprz\u0119t produkcyjny i doskona\u0142\u0105 obs\u0142ug\u0119 posprzeda\u017cow\u0105.<\/p>\n<p><img decoding=\"async\" src=\"https:\/\/www.hydraulic-cylinders.net\/wp-content\/uploads\/2025\/01\/songte-company-3.webp\"><\/p>\n<p>Autor: lyl<\/p>","protected":false},"excerpt":{"rendered":"<p>Bucket Cylinder For Komatsu Small Excavator PC100-3-5-6 Introduction: A bucket cylinder is a specially designed hydraulic cylinder used to control the movement of the bucket in heavy machinery such as excavators, backhoe excavators, and front-end loaders. Its main function is to enable the bucket to be lifted, lowered, and tilted for easy handling of various [&hellip;]<\/p>","protected":false},"featured_media":14776,"comment_status":"open","ping_status":"closed","template":"","meta":{"_et_pb_use_builder":"","_et_pb_old_content":"","_et_gb_content_width":""},"product_brand":[],"product_cat":[1494],"product_tag":[1495,1496],"class_list":{"0":"post-15125","1":"product","2":"type-product","3":"status-publish","4":"has-post-thumbnail","6":"product_cat-bucket-cylinders","7":"product_tag-bucket-cylinders","8":"product_tag-hydraulic-cylinders","10":"first","11":"instock","12":"shipping-taxable","13":"product-type-simple"},"amp_enabled":true,"_links":{"self":[{"href":"https:\/\/www.hydraulic-cylinders.net\/pl\/wp-json\/wp\/v2\/product\/15125","targetHints":{"allow":["GET"]}}],"collection":[{"href":"https:\/\/www.hydraulic-cylinders.net\/pl\/wp-json\/wp\/v2\/product"}],"about":[{"href":"https:\/\/www.hydraulic-cylinders.net\/pl\/wp-json\/wp\/v2\/types\/product"}],"replies":[{"embeddable":true,"href":"https:\/\/www.hydraulic-cylinders.net\/pl\/wp-json\/wp\/v2\/comments?post=15125"}],"wp:featuredmedia":[{"embeddable":true,"href":"https:\/\/www.hydraulic-cylinders.net\/pl\/wp-json\/wp\/v2\/media\/14776"}],"wp:attachment":[{"href":"https:\/\/www.hydraulic-cylinders.net\/pl\/wp-json\/wp\/v2\/media?parent=15125"}],"wp:term":[{"taxonomy":"product_brand","embeddable":true,"href":"https:\/\/www.hydraulic-cylinders.net\/pl\/wp-json\/wp\/v2\/product_brand?post=15125"},{"taxonomy":"product_cat","embeddable":true,"href":"https:\/\/www.hydraulic-cylinders.net\/pl\/wp-json\/wp\/v2\/product_cat?post=15125"},{"taxonomy":"product_tag","embeddable":true,"href":"https:\/\/www.hydraulic-cylinders.net\/pl\/wp-json\/wp\/v2\/product_tag?post=15125"}],"curies":[{"name":"wp","href":"https:\/\/api.w.org\/{rel}","templated":true}]}}