{"id":15128,"date":"2025-01-19T14:08:23","date_gmt":"2025-01-19T14:08:23","guid":{"rendered":"https:\/\/www.hydraulic-cylinders.net\/product\/bucket-cylinder-for-komatsu-small-excavator-pc55-55uu\/"},"modified":"2025-01-19T14:08:25","modified_gmt":"2025-01-19T14:08:25","slug":"bucket-cylinder-for-komatsu-small-excavator-pc55-55uu","status":"publish","type":"product","link":"https:\/\/www.hydraulic-cylinders.net\/pl\/produkt\/bucket-cylinder-for-komatsu-small-excavator-pc55-55uu\/","title":{"rendered":"Si\u0142ownik \u0142y\u017cki do ma\u0142ej koparki Komatsu PC55 55UU"},"content":{"rendered":"<h1>Si\u0142ownik \u0142y\u017cki do ma\u0142ej koparki Komatsu PC55 55UU<\/h1>\n<h2>Wst\u0119p<\/h2>\n<p>Si\u0142ownik \u0142y\u017cki do ma\u0142ej koparki Komatsu PC55 55UU to specjalistyczny si\u0142ownik hydrauliczny, u\u017cywany g\u0142\u00f3wnie do sterowania ruchem \u0142y\u017cki w ci\u0119\u017ckich maszynach, takich jak koparki, koparko-\u0142adowarki i \u0142adowarki czo\u0142owe. Jego g\u0142\u00f3wn\u0105 funkcj\u0105 jest podnoszenie, opuszczanie i przechylanie \u0142y\u017cki, u\u0142atwiaj\u0105c wykonywanie r\u00f3\u017cnych zada\u0144 zwi\u0105zanych z prze\u0142adunkiem materia\u0142\u00f3w. W uk\u0142adzie hydraulicznym si\u0142ownik \u0142y\u017cki zapewnia precyzyjn\u0105 kontrol\u0119 nad \u0142y\u017ck\u0105 poprzez zmiany ci\u015bnienia oleju hydraulicznego, umo\u017cliwiaj\u0105c operatorom sprawne przenoszenie ci\u0119\u017ckich przedmiot\u00f3w, dostosowuj\u0105c si\u0119 do z\u0142o\u017conych warunk\u00f3w pracy i zr\u00f3\u017cnicowanych wymaga\u0144 operacyjnych.<\/p>\n<p><img decoding=\"async\" src=\"https:\/\/www.hydraulic-cylinders.net\/wp-content\/uploads\/2025\/01\/songte-company-2.webp\" alt=\"Obraz cylindra wiadra\"><\/p>\n<h2>Cechy<\/h2>\n<ul>\n<li>Wysoka wytrzyma\u0142o\u015b\u0107 i trwa\u0142o\u015b\u0107: zazwyczaj wykonane z wysokowytrzyma\u0142ej stali lub aluminium, wytrzymuj\u0105 du\u017ce ci\u015bnienie i du\u017ce obci\u0105\u017cenia, nadaj\u0105 si\u0119 do pracy w trudnych warunkach, zaprojektowane z my\u015bl\u0105 o odporno\u015bci na zu\u017cycie i korozj\u0119 oraz wyd\u0142u\u017conej \u017cywotno\u015bci.<\/li>\n<li>Wydajne dzia\u0142anie uk\u0142adu hydraulicznego: p\u0142ynne ruchy rozci\u0105gania i kurczenia uzyskiwane dzi\u0119ki ci\u015bnieniu oleju hydraulicznego, szybka reakcja na polecenia steruj\u0105ce, zapewniaj\u0105ca du\u017c\u0105 si\u0142\u0119 pchania i ci\u0105gni\u0119cia, odpowiednia do przenoszenia ci\u0119\u017ckich przedmiot\u00f3w i wykonywania skomplikowanych zada\u0144 operacyjnych.<\/li>\n<li>Dost\u0119pne s\u0105 r\u00f3\u017cne typy: cylindry jednostronnego dzia\u0142ania (hydrauliczne dzia\u0142aj\u0105ce tylko w jednym kierunku) lub dwustronnego dzia\u0142ania (hydrauliczne dzia\u0142aj\u0105ce w dw\u00f3ch kierunkach). Mo\u017cna je dobra\u0107 w zale\u017cno\u015bci od potrzeb, aby spe\u0142ni\u0107 r\u00f3\u017cne wymagania operacyjne. Niekt\u00f3re modele s\u0105 teleskopowe, co pozwala na wi\u0119ksz\u0105 ekspansj\u0119 bez zwi\u0119kszania wymiar\u00f3w zewn\u0119trznych, odpowiednie do zastosowa\u0144 w ograniczonej przestrzeni.<\/li>\n<li>Idealny zamiennik cylindra hydraulicznego: nasz produkt mo\u017ce doskonale zast\u0105pi\u0107 cylindry hydrauliczne.<\/li>\n<\/ul>\n<p><img decoding=\"async\" src=\"https:\/\/www.hydraulic-cylinders.net\/wp-content\/uploads\/2025\/01\/songte-cylinder-head-with-all-kinds-excavator-models.webp\" alt=\"Obraz cylindra wiadra\"><\/p>\n<h2>Aplikacje<\/h2>\n<p>Si\u0142ownik \u0142y\u017cki do ma\u0142ej koparki Komatsu PC55 55UU ma r\u00f3\u017cnorodne zastosowania w r\u00f3\u017cnych dziedzinach:<\/p>\n<ul>\n<li>Sprz\u0119t budowlany: powszechnie stosowany w koparkach do kopania, za\u0142adunku i przemieszczania gleby lub gruzu; w koparko-\u0142adowarkach cylindry \u0142y\u017cki pomagaj\u0105 zar\u00f3wno w kopaniu, jak i podnoszeniu. <\/li>\n<li>Maszyny rolnicze: stosowane w \u0142adowarkach czo\u0142owych, do zbierania, podnoszenia i transportu gleby, siana i innych materia\u0142\u00f3w; w koparkach cylindry \u0142y\u017cki umo\u017cliwiaj\u0105 kopanie, pozwalaj\u0105c \u0142y\u017cce na penetracj\u0119 gleby. <\/li>\n<li>\u0141adowarki: w \u0142adowarkach czo\u0142owych pomagaj\u0105 skutecznie podnosi\u0107 i przechyla\u0107 towary. <\/li>\n<\/ul>\n<h2>Zagadnienia projektowe i kryteria wyboru<\/h2>\n<p>Si\u0142ownik \u0142y\u017cki do ma\u0142ej koparki Komatsu PC55 55UU uwzgl\u0119dnia\u0142 nast\u0119puj\u0105ce za\u0142o\u017cenia konstrukcyjne:<\/p>\n<ul>\n<li>No\u015bno\u015b\u0107: zdolno\u015b\u0107 do wytrzymania obci\u0105\u017cenia i ci\u015bnienia w \u015brodowisku pracy.<\/li>\n<li>Skuteczno\u015b\u0107 uszczelnienia: stosowanie r\u00f3\u017cnorodnych uszczelek, takich jak uszczelnienia t\u0142ok\u00f3w i uszczelnienia t\u0142oczysk, z materia\u0142\u00f3w odpornych na zu\u017cycie, stosowanie zaawansowanego procesu powlekania korpusu cylindra i powierzchni gwintowanych w celu zwi\u0119kszenia odporno\u015bci na zu\u017cycie oraz regularne smarowanie olejem hydraulicznym w celu zapewnienia skutecznego uszczelnienia i smarowania.<\/li>\n<li>Trwa\u0142o\u015b\u0107: Mo\u017cliwo\u015b\u0107 wytrzymania trudnych warunk\u00f3w pracy dzi\u0119ki zastosowaniu materia\u0142\u00f3w o wysokiej wytrzyma\u0142o\u015bci oraz zaprojektowana z my\u015bl\u0105 o odporno\u015bci na zu\u017cycie i korozj\u0119, co wyd\u0142u\u017ca \u017cywotno\u015b\u0107 produktu.<\/li>\n<li>Bezpiecze\u0144stwo: \u015bcis\u0142e przestrzeganie norm i przepis\u00f3w bezpiecze\u0144stwa, zapewnianie u\u017cytkownikom \u015brodk\u00f3w i procedur bezpiecze\u0144stwa oraz dbanie o bezpiecze\u0144stwo u\u017cytkownik\u00f3w podczas eksploatacji.<\/li>\n<li>Konserwacja: \u0141atwa konserwacja, stosowanie wysokiej jako\u015bci komponent\u00f3w oraz regularna konserwacja i kontrola wyd\u0142u\u017caj\u0105 \u017cywotno\u015b\u0107 produktu.<\/li>\n<\/ul>\n<p><img decoding=\"async\" src=\"https:\/\/www.hydraulic-cylinders.net\/wp-content\/uploads\/2025\/01\/songte-oil-pipes-and-spare-parts.webp\" alt=\"Obraz cylindra wiadra\"><\/p>\n<h2>Uszczelnianie i smarowanie<\/h2>\n<p>Si\u0142ownik \u0142y\u017cki do ma\u0142ej koparki Komatsu PC55 55UU wykorzystuje r\u00f3\u017cnorodne uszczelnienia, takie jak uszczelnienia t\u0142oka i t\u0142oczyska, wykonane z materia\u0142\u00f3w odpornych na zu\u017cycie. Korpus cylindra i gwintowana powierzchnia ko\u0144cowa s\u0105 poddawane precyzyjnej obr\u00f3bce w celu zwi\u0119kszenia odporno\u015bci na zu\u017cycie. Regularne smarowanie olejem hydraulicznym pozwala skutecznie smarowa\u0107 si\u0142ownik i zapewni\u0107 skuteczno\u015b\u0107 uszczelnienia produktu.<\/p>\n<h2>Konserwacja i naprawa<\/h2>\n<p>Regularne przegl\u0105dy i konserwacja zapobiegawcza mog\u0105 pom\u00f3c wyd\u0142u\u017cy\u0107 \u017cywotno\u015b\u0107 cylindra \u0142y\u017cki. Typowe czynno\u015bci konserwacyjne obejmuj\u0105:<\/p>\n<ul>\n<li>Regularna kontrola<\/li>\n<li>Prawid\u0142owe smarowanie<\/li>\n<li>Wymiana uszczelki<\/li>\n<li>Kontrola kalibracji<\/li>\n<\/ul>\n<p>Prawid\u0142owy monta\u017c cylindra kube\u0142kowego jest r\u00f3wnie\u017c kluczowy i zalecamy u\u017cycie odpowiednich wspornik\u00f3w monta\u017cowych do zabezpieczenia cylindra. Podczas monta\u017cu konieczne jest prawid\u0142owe ustawienie cylindra. Oferujemy zalecane procedury kontroli, naprawy i wymiany, wymiany cz\u0119\u015bci oraz us\u0142ugi regeneracji, aby wyd\u0142u\u017cy\u0107 \u017cywotno\u015b\u0107 produktu.<\/p>\n<p><img decoding=\"async\" src=\"https:\/\/www.hydraulic-cylinders.net\/wp-content\/uploads\/2025\/01\/songte-chushion-collar.webp\" alt=\"Obraz cylindra wiadra\"><\/p>\n<h2>Bezpiecze\u0144stwo i wzgl\u0119dy \u015brodowiskowe<\/h2>\n<p>Podczas u\u017cytkowania cylindra wiadrowego nale\u017cy \u015bci\u015ble przestrzega\u0107 \u015brodk\u00f3w bezpiecze\u0144stwa, aby zapobiec wypadkom i zapewni\u0107 bezpiecze\u0144stwo u\u017cytkownika. Podczas pracy nale\u017cy nosi\u0107 odpowiedni sprz\u0119t ochronny. Kwestie ochrony \u015brodowiska obejmuj\u0105 prawid\u0142ow\u0105 utylizacj\u0119 odpad\u00f3w oraz przestrzeganie przepis\u00f3w ochrony \u015brodowiska podczas produkcji i u\u017cytkowania.<\/p>\n<h2>Rozwi\u0105zywanie problem\u00f3w i typowe problemy<\/h2>\n<p>Si\u0142ownik \u0142y\u017cki do ma\u0142ej koparki Komatsu PC55 55UU mo\u017ce napotyka\u0107 typowe problemy podczas u\u017cytkowania, takie jak wycieki, zu\u017cycie i obni\u017cona wydajno\u015b\u0107. Prawid\u0142owa diagnostyka i \u015brodki zapobiegawcze mog\u0105 pom\u00f3c zminimalizowa\u0107 i zapobiec tym problemom, zapewniaj\u0105c prawid\u0142owe dzia\u0142anie produktu. Oferujemy wskaz\u00f3wki i rozwi\u0105zania dotycz\u0105ce rozwi\u0105zywania problem\u00f3w, aby pom\u00f3c czytelnikom w diagnozowaniu i rozwi\u0105zywaniu problem\u00f3w oraz sugerowaniu \u015brodk\u00f3w zapobiegawczych.<\/p>\n<p><img decoding=\"async\" src=\"https:\/\/www.hydraulic-cylinders.net\/wp-content\/uploads\/2025\/01\/songte-bushings-with-all-kinds-of-excavator-models.webp\" alt=\"Obraz cylindra wiadra\"><\/p>\n<h2>O naszej firmie<\/h2>\n<p>Jeste\u015bmy producentem zamiennych cylindr\u00f3w hydraulicznych, oferuj\u0105cym pe\u0142n\u0105 gam\u0119 produkt\u00f3w, staj\u0105c si\u0119 jednym z wiod\u0105cych producent\u00f3w i hurtowych dystrybutor\u00f3w cylindr\u00f3w hydraulicznych na rynku krajowym i mi\u0119dzynarodowym. Przestrzegamy zasady doskona\u0142ej jako\u015bci, opieramy si\u0119 na wyspecjalizowanych warsztatach produkcyjnych w celu wdro\u017cenia strategii zarz\u0105dzania produkcj\u0105 przemys\u0142ow\u0105 oraz stale udoskonalamy platform\u0119 produkcyjn\u0105 warsztatu poprzez wykorzystanie talent\u00f3w technicznych, cyfrowego, zaawansowanego sprz\u0119tu produkcyjnego oraz profesjonalnych system\u00f3w testowych. Wyr\u00f3\u017cnia nas kreatywno\u015b\u0107, a dzi\u0119ki zasadom wysokiej wydajno\u015bci, precyzji i jako\u015bci jeste\u015bmy w stanie sprosta\u0107 zr\u00f3\u017cnicowanym potrzebom klient\u00f3w. <\/p>\n<p><img decoding=\"async\" src=\"https:\/\/hzpt.com\/wp-content\/uploads\/2024\/11\/songte-company-1.webp\" alt=\"Obraz cylindra wiadra\"><\/p>\n<h3>Profesjonalizm<\/h3>\n<p>Posiadamy zesp\u00f3\u0142 profesjonalist\u00f3w z du\u017cym do\u015bwiadczeniem w zakresie produkt\u00f3w hydraulicznych, dzi\u0119ki czemu mo\u017cemy zapewni\u0107 klientom rozwi\u0105zania i us\u0142ugi najwy\u017cszej jako\u015bci.<\/p>\n<h3>Mi\u0119dzynarodowa Certyfikacja<\/h3>\n<p>Nasze produkty posiadaj\u0105 mi\u0119dzynarodowe certyfikaty, takie jak CE, ISO9001 i SGS, co gwarantuje jako\u015b\u0107 i bezpiecze\u0144stwo produktu.<\/p>\n<h3>Us\u0142ugi personalizacji<\/h3>\n<p>Oferujemy us\u0142ugi dostosowane do indywidualnych potrzeb klient\u00f3w, produkty i rozwi\u0105zania szyte na miar\u0119, aby zapewni\u0107 klientom najlepsze do\u015bwiadczenia.<\/p>\n<h3>Sprz\u0119t produkcyjny<\/h3>\n<p>Aby zagwarantowa\u0107 jako\u015b\u0107 i wydajno\u015b\u0107 naszych produkt\u00f3w, wykorzystujemy najnowocze\u015bniejszy sprz\u0119t produkcyjny.<\/p>\n<h3>Serwis posprzeda\u017cowy<\/h3>\n<p>Zapewniamy kompleksowy serwis posprzeda\u017cowy, taki jak wsparcie techniczne, konserwacja, naprawy, wymiana cz\u0119\u015bci i us\u0142ugi regeneracji.<\/p>\n<p>Autor: lyl<\/p>","protected":false},"excerpt":{"rendered":"<p>Bucket Cylinder For Komatsu Small Excavator PC55 55UU Introduction The bucket cylinder for Komatsu small excavator PC55 55UU is a specialized hydraulic cylinder mainly used to control the movement of the bucket in heavy machinery, such as excavators, backhoe excavators, and front loaders. Its primary function is to allow the bucket to lift, lower, and [&hellip;]<\/p>","protected":false},"featured_media":14769,"comment_status":"open","ping_status":"closed","template":"","meta":{"_et_pb_use_builder":"","_et_pb_old_content":"","_et_gb_content_width":""},"product_brand":[],"product_cat":[1494],"product_tag":[1495,1496],"class_list":{"0":"post-15128","1":"product","2":"type-product","3":"status-publish","4":"has-post-thumbnail","6":"product_cat-bucket-cylinders","7":"product_tag-bucket-cylinders","8":"product_tag-hydraulic-cylinders","10":"first","11":"instock","12":"shipping-taxable","13":"product-type-simple"},"amp_enabled":true,"_links":{"self":[{"href":"https:\/\/www.hydraulic-cylinders.net\/pl\/wp-json\/wp\/v2\/product\/15128","targetHints":{"allow":["GET"]}}],"collection":[{"href":"https:\/\/www.hydraulic-cylinders.net\/pl\/wp-json\/wp\/v2\/product"}],"about":[{"href":"https:\/\/www.hydraulic-cylinders.net\/pl\/wp-json\/wp\/v2\/types\/product"}],"replies":[{"embeddable":true,"href":"https:\/\/www.hydraulic-cylinders.net\/pl\/wp-json\/wp\/v2\/comments?post=15128"}],"wp:featuredmedia":[{"embeddable":true,"href":"https:\/\/www.hydraulic-cylinders.net\/pl\/wp-json\/wp\/v2\/media\/14769"}],"wp:attachment":[{"href":"https:\/\/www.hydraulic-cylinders.net\/pl\/wp-json\/wp\/v2\/media?parent=15128"}],"wp:term":[{"taxonomy":"product_brand","embeddable":true,"href":"https:\/\/www.hydraulic-cylinders.net\/pl\/wp-json\/wp\/v2\/product_brand?post=15128"},{"taxonomy":"product_cat","embeddable":true,"href":"https:\/\/www.hydraulic-cylinders.net\/pl\/wp-json\/wp\/v2\/product_cat?post=15128"},{"taxonomy":"product_tag","embeddable":true,"href":"https:\/\/www.hydraulic-cylinders.net\/pl\/wp-json\/wp\/v2\/product_tag?post=15128"}],"curies":[{"name":"wp","href":"https:\/\/api.w.org\/{rel}","templated":true}]}}