{"id":15131,"date":"2025-01-19T14:08:35","date_gmt":"2025-01-19T14:08:35","guid":{"rendered":"https:\/\/www.hydraulic-cylinders.net\/product\/bucket-cylinder-for-komatsu-small-excavator-pc130-8mo-hb205-1mo-hb2152c-1mo\/"},"modified":"2025-01-19T14:08:43","modified_gmt":"2025-01-19T14:08:43","slug":"bucket-cylinder-for-komatsu-small-excavator-pc130-8mo-hb205-1mo-hb2152c-1mo","status":"publish","type":"product","link":"https:\/\/www.hydraulic-cylinders.net\/pl\/produkt\/bucket-cylinder-for-komatsu-small-excavator-pc130-8mo-hb205-1mo-hb2152c-1mo\/","title":{"rendered":"Si\u0142ownik \u0142y\u017cki do ma\u0142ej koparki Komatsu PC130-8MO.HB205-1MO.HB2152C-1MO"},"content":{"rendered":"<h1>Si\u0142ownik \u0142y\u017cki do ma\u0142ej koparki Komatsu PC130-8MO.HB205-1MO.HB2152C-1MO<\/h1>\n<h2>Wst\u0119p<\/h2>\n<p>Si\u0142ownik \u0142y\u017cki to specjalnie zaprojektowany si\u0142ownik hydrauliczny, u\u017cywany g\u0142\u00f3wnie do sterowania ruchem \u0142y\u017cki w ci\u0119\u017ckich maszynach, takich jak koparki, koparko-\u0142adowarki i \u0142adowarki czo\u0142owe. Jego g\u0142\u00f3wn\u0105 funkcj\u0105 jest umo\u017cliwienie podnoszenia, opuszczania i przechylania \u0142y\u017cki, u\u0142atwiaj\u0105c wykonywanie r\u00f3\u017cnych zada\u0144 zwi\u0105zanych z prze\u0142adunkiem materia\u0142\u00f3w. W uk\u0142adzie hydraulicznym si\u0142ownik \u0142y\u017cki zapewnia precyzyjn\u0105 kontrol\u0119 nad \u0142y\u017ck\u0105 poprzez zmian\u0119 ci\u015bnienia oleju hydraulicznego, umo\u017cliwiaj\u0105c operatorom wydajne przenoszenie ci\u0119\u017ckich przedmiot\u00f3w, adaptacj\u0119 do z\u0142o\u017conych warunk\u00f3w pracy i zr\u00f3\u017cnicowanych wymaga\u0144 operacyjnych.<\/p>\n<p><img decoding=\"async\" src=\"https:\/\/www.hydraulic-cylinders.net\/wp-content\/uploads\/2025\/01\/songte-company-2.webp\" alt=\"Obraz cylindra wiadra\"><\/p>\n<h2>Cechy<\/h2>\n<ul>\n<li>Wysoka wytrzyma\u0142o\u015b\u0107 i trwa\u0142o\u015b\u0107: Zazwyczaj wykonany z wytrzyma\u0142ej stali lub aluminium, wytrzymuje du\u017ce ci\u015bnienie i obci\u0105\u017cenia. Zaprojektowany z my\u015bl\u0105 o odporno\u015bci na zu\u017cycie i korozj\u0119, co wyd\u0142u\u017ca jego \u017cywotno\u015b\u0107.<\/li>\n<li>Wydajna praca uk\u0142adu hydraulicznego: Dzi\u0119ki wykorzystaniu ci\u015bnienia oleju hydraulicznego do uzyskania p\u0142ynnego rozci\u0105gania i kurczenia, urz\u0105dzenie mo\u017ce szybko reagowa\u0107 na polecenia steruj\u0105ce, zapewniaj\u0105c du\u017c\u0105 si\u0142\u0119 pchania i ci\u0105gni\u0119cia, odpowiedni\u0105 do przenoszenia ci\u0119\u017ckich przedmiot\u00f3w i wykonywania skomplikowanych zada\u0144.<\/li>\n<li>R\u00f3\u017cnorodne typy: Si\u0142owniki jednostronnego dzia\u0142ania (hydraulika dzia\u0142a tylko w jednym kierunku) lub dwustronnego dzia\u0142ania (hydraulika dzia\u0142a w obu kierunkach) mo\u017cna dobra\u0107 w zale\u017cno\u015bci od potrzeb, aby spe\u0142ni\u0107 r\u00f3\u017cne wymagania operacyjne. Niekt\u00f3re modele s\u0105 teleskopowe, co pozwala na wi\u0119ksze wysuni\u0119cie bez zwi\u0119kszania wymiar\u00f3w zewn\u0119trznych, dzi\u0119ki czemu nadaj\u0105 si\u0119 do zastosowa\u0144 w ograniczonej przestrzeni.<\/li>\n<li>Idealny zamiennik: Nasz produkt doskonale zast\u0119puje te si\u0142owniki hydrauliczne, z szerok\u0105 gam\u0105 kompatybilnych modeli.<\/li>\n<\/ul>\n<p><img decoding=\"async\" src=\"https:\/\/www.hydraulic-cylinders.net\/wp-content\/uploads\/2025\/01\/songte-cylinder-head-with-all-kinds-excavator-models.webp\" alt=\"Obraz wymiany cylindra \u0142y\u017cki\"><\/p>\n<h2>Zastosowanie<\/h2>\n<p>Cylindry czerpakowe s\u0105 szeroko stosowane w maszynach budowlanych, rolniczych i koparkach. Poni\u017cej przedstawiono niekt\u00f3re z ich najwa\u017cniejszych zastosowa\u0144:<\/p>\n<h3>Sprz\u0119t budowlany<\/h3>\n<p>Si\u0142owniki \u0142y\u017cki s\u0105 niezb\u0119dne do kopania, za\u0142adunku i przemieszczania gleby lub gruzu w koparkach. W koparko-\u0142adowarkach si\u0142owniki \u0142y\u017cki wspomagaj\u0105 zar\u00f3wno kopanie, jak i podnoszenie. <\/p>\n<h3>Maszyny rolnicze<\/h3>\n<p>Stosuje si\u0119 je w \u0142adowarkach czo\u0142owych do nabierania, podnoszenia i transportu ziemi, siana i innych materia\u0142\u00f3w.<\/p>\n<h3>Koparki<\/h3>\n<p>Cylindry \u0142y\u017cki umo\u017cliwiaj\u0105 kopanie poprzez umo\u017cliwienie \u0142y\u017cce wnikania w gleb\u0119.<\/p>\n<h3>\u0141adowarki<\/h3>\n<p>W \u0142adowarkach czo\u0142owych pomagaj\u0105 w efektywnym podnoszeniu i wysypywaniu \u0142adunk\u00f3w.<\/p>\n<p><img decoding=\"async\" src=\"https:\/\/www.hydraulic-cylinders.net\/wp-content\/uploads\/2025\/01\/songte-bushings-with-all-kinds-of-excavator-models.webp\" alt=\"Obraz zastosowania cylindra kube\u0142kowego\"><\/p>\n<h2>Zagadnienia projektowe i kryteria wyboru<\/h2>\n<p>Si\u0142owniki czerpakowe s\u0105 kluczowymi elementami ci\u0119\u017ckich maszyn, dlatego nale\u017cy wzi\u0105\u0107 pod uwag\u0119 ich konstrukcj\u0119 i kryteria doboru, aby zapewni\u0107 optymaln\u0105 wydajno\u015b\u0107. Oto kilka wa\u017cnych kwestii:<\/p>\n<h3>No\u015bno\u015b\u0107<\/h3>\n<p>Si\u0142ownik powinien wytrzyma\u0107 du\u017ce obci\u0105\u017cenia, jakie wyst\u0119puj\u0105 powszechnie w maszynach budowlanych i wykopaliskowych. <\/p>\n<h3>Uszczelnienie i trwa\u0142o\u015b\u0107<\/h3>\n<p>Uszczelnienia, takie jak uszczelnienia t\u0142ok\u00f3w i t\u0142oczysk, wykonane z materia\u0142\u00f3w odpornych na zu\u017cycie, takich jak poliuretan i kauczuk nitrylowy, powinny by\u0107 dobierane w celu zapewnienia trwa\u0142o\u015bci. Ponadto korpus cylindra i gwintowane powierzchnie ko\u0144cowe powinny by\u0107 precyzyjnie obrobione, aby zwi\u0119kszy\u0107 odporno\u015b\u0107 na zu\u017cycie. <\/p>\n<h3>Bezpiecze\u0144stwo i konserwacja<\/h3>\n<p>Elementy si\u0142ownika czerpaka powinny by\u0107 montowane i konserwowane, aby zapewni\u0107 bezpieczn\u0105 eksploatacj\u0119 i zapobiec wypadkom. Aby zapewni\u0107 optymaln\u0105 wydajno\u015b\u0107, nale\u017cy regularnie przeprowadza\u0107 konserwacj\u0119, tak\u0105 jak smarowanie, wymiana uszczelnie\u0144 i kontrola kalibracji.<\/p>\n<p><img decoding=\"async\" src=\"https:\/\/www.hydraulic-cylinders.net\/wp-content\/uploads\/2025\/01\/songte-oil-pipes-and-spare-parts.webp\" alt=\"Obraz projektu cylindra kube\u0142kowego\"><\/p>\n<h2>Uszczelnianie i smarowanie<\/h2>\n<p>Si\u0142owniki kube\u0142kowe wymagaj\u0105 r\u00f3\u017cnych element\u00f3w uszczelniaj\u0105cych, takich jak uszczelnienia t\u0142oka i t\u0142oczyska, kt\u00f3re s\u0105 wykonane z materia\u0142\u00f3w odpornych na zu\u017cycie, takich jak poliuretan i kauczuk nitrylowy. Korpus cylindra i gwintowane powierzchnie ko\u0144cowe s\u0105 r\u00f3wnie\u017c precyzyjnie obrabiane w celu zwi\u0119kszenia odporno\u015bci na zu\u017cycie. Regularne uzupe\u0142nianie odpowiedniego oleju hydraulicznego jest wa\u017cne dla zapewnienia smarowania.<\/p>\n<h2>Konserwacja i naprawa<\/h2>\n<p>Prawid\u0142owa konserwacja si\u0142ownik\u00f3w kube\u0142kowych ma kluczowe znaczenie dla ich optymalnej wydajno\u015bci i trwa\u0142o\u015bci. Aby zapewni\u0107 optymaln\u0105 wydajno\u015b\u0107, nale\u017cy regularnie przeprowadza\u0107 przegl\u0105dy, smarowanie, wymian\u0119 uszczelnie\u0144 i kalibracj\u0119. <\/p>\n<h2>Wytyczne dotycz\u0105ce instalacji<\/h2>\n<p>Prawid\u0142owy monta\u017c jest niezb\u0119dny do prawid\u0142owego dzia\u0142ania si\u0142ownik\u00f3w kube\u0142kowych. Nale\u017cy przestrzega\u0107 nast\u0119puj\u0105cych wskaz\u00f3wek:<\/p>\n<ul>\n<li>Zapewnij prawid\u0142owe wyr\u00f3wnanie cylindra ze sprz\u0119tem<\/li>\n<li>Do zabezpieczenia cylindra nale\u017cy u\u017cy\u0107 odpowiednich wspornik\u00f3w monta\u017cowych<\/li>\n<li>Post\u0119puj zgodnie z zalecanymi procedurami kontroli, napraw i wymiany<\/li>\n<li>U\u017cywaj w\u0142a\u015bciwych cz\u0119\u015bci i us\u0142ug regeneracyjnych, aby wyd\u0142u\u017cy\u0107 \u017cywotno\u015b\u0107 cylindra<\/li>\n<\/ul>\n<p><img decoding=\"async\" src=\"https:\/\/www.hydraulic-cylinders.net\/wp-content\/uploads\/2025\/01\/songte-chushion-collar.webp\" alt=\"Obraz instalacji cylindra kube\u0142kowego\"><\/p>\n<h2>Zagadnienia bezpiecze\u0144stwa i czynniki \u015brodowiskowe<\/h2>\n<p>Aby zapewni\u0107 bezpiecze\u0144stwo, cylindry kube\u0142kowe nale\u017cy montowa\u0107 i konserwowa\u0107 zgodnie z wytycznymi producenta. Czynniki \u015brodowiskowe, takie jak pogoda, temperatura i wilgotno\u015b\u0107, mog\u0105 wp\u0142ywa\u0107 na wydajno\u015b\u0107 cylindra, dlatego nale\u017cy regularnie przeprowadza\u0107 kontrole konserwacyjne, aby zapewni\u0107 optymaln\u0105 wydajno\u015b\u0107.<\/p>\n<h2>Rozwi\u0105zywanie problem\u00f3w i typowe problemy<\/h2>\n<p>Do typowych problem\u00f3w, z jakimi mog\u0105 boryka\u0107 si\u0119 si\u0142owniki czerpakowe, nale\u017c\u0105 wycieki, s\u0142aba wydajno\u015b\u0107 oraz zu\u017cycie eksploatacyjne. Aby rozwi\u0105za\u0107 te problemy, wa\u017cne jest prawid\u0142owe zdiagnozowanie problemu i zastosowanie odpowiednich metod naprawy i wymiany. \u015arodki zapobiegawcze, takie jak regularna konserwacja i wymiana zu\u017cytych cz\u0119\u015bci, mog\u0105 pom\u00f3c zminimalizowa\u0107 potencjalne problemy.<\/p>\n<p><img decoding=\"async\" src=\"https:\/\/hzpt.com\/wp-content\/uploads\/2024\/11\/songte-company-1.webp\" alt=\"Rozwi\u0105zywanie problem\u00f3w z cylindrem wiadra Obraz\"><\/p>\n<h2>O naszej firmie<\/h2>\n<p>Jeste\u015bmy producentem zamiennych cylindr\u00f3w hydraulicznych oraz wiod\u0105cym producentem i hurtowym dystrybutorem cylindr\u00f3w hydraulicznych na rynku krajowym i mi\u0119dzynarodowym. Kierujemy si\u0119 strategi\u0105 zarz\u0105dzania produkcj\u0105 przemys\u0142ow\u0105 opart\u0105 na doskona\u0142ej jako\u015bci, wykorzystuj\u0105c talenty techniczne, cyfrowy sprz\u0119t produkcyjny wysokiej klasy oraz profesjonalne systemy testowe. Stale udoskonalamy platform\u0119 produkcyjn\u0105 warsztatu, podnosimy jako\u015b\u0107 linii produkcyjnej i dysponujemy silnymi mo\u017cliwo\u015bciami produkcyjnymi, aby sprosta\u0107 zr\u00f3\u017cnicowanym potrzebom klient\u00f3w, kieruj\u0105c si\u0119 zasadami wysokiej wydajno\u015bci, precyzji i jako\u015bci.<\/p>\n<p><img decoding=\"async\" src=\"https:\/\/www.hydraulic-cylinders.net\/wp-content\/uploads\/2025\/01\/songte-company-3.webp\" alt=\"O naszej firmie Wizerunek\"><\/p>\n<h3>Profesjonalizm<\/h3>\n<p>Mamy zesp\u00f3\u0142 profesjonalist\u00f3w, kt\u00f3rzy zapewniaj\u0105 najwy\u017cszej jako\u015bci us\u0142ugi i wsparcie.<\/p>\n<h3>Mi\u0119dzynarodowa Certyfikacja<\/h3>\n<p>Nasze produkty uzyska\u0142y mi\u0119dzynarodowe certyfikaty, gwarantuj\u0105ce spe\u0142nienie najwy\u017cszych standard\u00f3w jako\u015bci.<\/p>\n<h3>Personalizacja<\/h3>\n<p>Jeste\u015bmy w stanie dostosowa\u0107 si\u0119 do indywidualnych wymaga\u0144 klienta.<\/p>\n<h3>Sprz\u0119t produkcyjny<\/h3>\n<p>Do produkcji naszych produkt\u00f3w u\u017cywamy sprz\u0119tu najwy\u017cszej klasy, co pozwala nam zapewni\u0107 optymaln\u0105 wydajno\u015b\u0107 i trwa\u0142o\u015b\u0107.<\/p>\n<h3>Serwis posprzeda\u017cowy<\/h3>\n<p>Zapewniamy obs\u0142ug\u0119 posprzeda\u017cow\u0105, aby mie\u0107 pewno\u015b\u0107, \u017ce nasi klienci s\u0105 zadowoleni z naszych produkt\u00f3w i us\u0142ug.<\/p>\n<p>Autor: lyl<\/p>","protected":false},"excerpt":{"rendered":"<p>Bucket Cylinder For Komatsu Small Excavator PC130-8MO.HB205-1MO.HB2152C-1MO Introduction A bucket cylinder is a specially designed hydraulic cylinder, mainly used to control the movement of buckets in heavy machinery such as excavators, backhoe loaders, and front-end loaders. Its main function is to enable the bucket to lift, lower, and tilt, making it easier to handle various [&hellip;]<\/p>","protected":false},"featured_media":14761,"comment_status":"open","ping_status":"closed","template":"","meta":{"_et_pb_use_builder":"","_et_pb_old_content":"","_et_gb_content_width":""},"product_brand":[],"product_cat":[1494],"product_tag":[1495,1496],"class_list":{"0":"post-15131","1":"product","2":"type-product","3":"status-publish","4":"has-post-thumbnail","6":"product_cat-bucket-cylinders","7":"product_tag-bucket-cylinders","8":"product_tag-hydraulic-cylinders","10":"first","11":"instock","12":"shipping-taxable","13":"product-type-simple"},"amp_enabled":true,"_links":{"self":[{"href":"https:\/\/www.hydraulic-cylinders.net\/pl\/wp-json\/wp\/v2\/product\/15131","targetHints":{"allow":["GET"]}}],"collection":[{"href":"https:\/\/www.hydraulic-cylinders.net\/pl\/wp-json\/wp\/v2\/product"}],"about":[{"href":"https:\/\/www.hydraulic-cylinders.net\/pl\/wp-json\/wp\/v2\/types\/product"}],"replies":[{"embeddable":true,"href":"https:\/\/www.hydraulic-cylinders.net\/pl\/wp-json\/wp\/v2\/comments?post=15131"}],"wp:featuredmedia":[{"embeddable":true,"href":"https:\/\/www.hydraulic-cylinders.net\/pl\/wp-json\/wp\/v2\/media\/14761"}],"wp:attachment":[{"href":"https:\/\/www.hydraulic-cylinders.net\/pl\/wp-json\/wp\/v2\/media?parent=15131"}],"wp:term":[{"taxonomy":"product_brand","embeddable":true,"href":"https:\/\/www.hydraulic-cylinders.net\/pl\/wp-json\/wp\/v2\/product_brand?post=15131"},{"taxonomy":"product_cat","embeddable":true,"href":"https:\/\/www.hydraulic-cylinders.net\/pl\/wp-json\/wp\/v2\/product_cat?post=15131"},{"taxonomy":"product_tag","embeddable":true,"href":"https:\/\/www.hydraulic-cylinders.net\/pl\/wp-json\/wp\/v2\/product_tag?post=15131"}],"curies":[{"name":"wp","href":"https:\/\/api.w.org\/{rel}","templated":true}]}}