{"id":15133,"date":"2025-01-19T14:08:50","date_gmt":"2025-01-19T14:08:50","guid":{"rendered":"https:\/\/www.hydraulic-cylinders.net\/product\/bucket-cylinder-for-komatsu-middle-excavator-pc200lc-8\/"},"modified":"2025-01-19T14:08:52","modified_gmt":"2025-01-19T14:08:52","slug":"bucket-cylinder-for-komatsu-middle-excavator-pc200lc-8","status":"publish","type":"product","link":"https:\/\/www.hydraulic-cylinders.net\/pl\/produkt\/bucket-cylinder-for-komatsu-middle-excavator-pc200lc-8\/","title":{"rendered":"Si\u0142ownik \u0142y\u017cki do koparki \u015bredniej Komatsu PC200LC-8"},"content":{"rendered":"<p><!DOCTYPE html><br \/>\n<html><br \/>\n<head><br \/>\n<title>Si\u0142ownik \u0142y\u017cki do koparki \u015bredniej Komatsu PC200LC-8<\/title><br \/>\n<\/head><br \/>\n<body><\/p>\n<h1>Si\u0142ownik \u0142y\u017cki do koparki \u015bredniej Komatsu PC200LC-8<\/h1>\n<h2>Wst\u0119p<\/h2>\n<p>Si\u0142ownik \u0142y\u017cki do koparki \u015bredniej Komatsu PC200LC-8 to specjalnie zaprojektowany si\u0142ownik hydrauliczny s\u0142u\u017c\u0105cy do sterowania ruchem \u0142y\u017cki w ci\u0119\u017ckich maszynach, takich jak koparki, koparko-\u0142adowarki i \u0142adowarki czo\u0142owe. Jego g\u0142\u00f3wn\u0105 funkcj\u0105 jest umo\u017cliwienie podnoszenia, opuszczania i przechylania \u0142y\u017cki, dzi\u0119ki czemu nadaje si\u0119 do r\u00f3\u017cnych zada\u0144 zwi\u0105zanych z prze\u0142adunkiem materia\u0142\u00f3w. W uk\u0142adzie hydraulicznym si\u0142ownik \u0142y\u017cki zapewnia precyzyjn\u0105 kontrol\u0119 nad \u0142y\u017ck\u0105, wykorzystuj\u0105c zmiany ci\u015bnienia oleju hydraulicznego, umo\u017cliwiaj\u0105c operatorom wydajne przenoszenie ci\u0119\u017ckich \u0142adunk\u00f3w i dostosowywanie si\u0119 do z\u0142o\u017conych warunk\u00f3w pracy oraz zr\u00f3\u017cnicowanych wymaga\u0144.<\/p>\n<p><img decoding=\"async\" src=\"https:\/\/www.hydraulic-cylinders.net\/wp-content\/uploads\/2025\/01\/songte-company-2.webp\"><\/p>\n<h2>Cechy<\/h2>\n<ul>\n<li>Wysoka wytrzyma\u0142o\u015b\u0107 i trwa\u0142o\u015b\u0107: Zazwyczaj wykonany z wysokowytrzyma\u0142ej stali lub aluminium, wytrzymuje wysokie ci\u015bnienie i du\u017ce obci\u0105\u017cenia, dostosowuj\u0105c si\u0119 do trudnych warunk\u00f3w pracy. Konstrukcja uwzgl\u0119dnia odporno\u015b\u0107 na zu\u017cycie i korozj\u0119, aby wyd\u0142u\u017cy\u0107 \u017cywotno\u015b\u0107.<\/li>\n<li>Wydajna praca uk\u0142adu hydraulicznego: Wykorzystuj\u0105c ci\u015bnienie oleju hydraulicznego, urz\u0105dzenie zapewnia p\u0142ynne ruchy rozci\u0105gania i kurczenia, szybko reaguje na polecenia steruj\u0105ce, zapewnia du\u017c\u0105 si\u0142\u0119 pchania i ci\u0105gni\u0119cia oraz nadaje si\u0119 do przenoszenia ci\u0119\u017ckich \u0142adunk\u00f3w i wykonywania skomplikowanych zada\u0144.<\/li>\n<li>R\u00f3\u017cne typy: Wybierz cylindry jednostronnego dzia\u0142ania (hydrauliczne dzia\u0142aj\u0105ce tylko w jednym kierunku) lub dwustronnego dzia\u0142ania (hydrauliczne dzia\u0142aj\u0105ce w obu kierunkach) w zale\u017cno\u015bci od konkretnych potrzeb operacyjnych. Niekt\u00f3re modele s\u0105 teleskopowe, co pozwala na wi\u0119ksze wysuni\u0119cie bez zwi\u0119kszania wymiar\u00f3w zewn\u0119trznych, dzi\u0119ki czemu nadaj\u0105 si\u0119 do zastosowa\u0144 w ograniczonej przestrzeni.<\/li>\n<li>Idealna wymiana: Nasz produkt mo\u017ce idealnie zast\u0105pi\u0107 istniej\u0105ce cylindry hydrauliczne. <\/li>\n<\/ul>\n<p><img decoding=\"async\" src=\"https:\/\/www.hydraulic-cylinders.net\/wp-content\/uploads\/2025\/01\/songte-cylinder-head-with-all-kinds-excavator-models.webp\"><\/p>\n<h2>Aplikacje<\/h2>\n<ul>\n<li>Sprz\u0119t budowlany: Znajduj\u0105 si\u0119 w koparkach i s\u0105 niezb\u0119dne do kopania, za\u0142adunku i przemieszczania gleby lub gruzu. W koparko-\u0142adowarkach si\u0142ownik \u0142y\u017cki wspomaga zar\u00f3wno kopanie, jak i podnoszenie.<\/li>\n<li>Maszyny rolnicze: Stosowane w \u0142adowarkach czo\u0142owych do nabierania, podnoszenia i transportu gleby, siana i innych materia\u0142\u00f3w.<\/li>\n<li>Koparki: Cylinder \u0142y\u017cki umo\u017cliwia kopanie poprzez umo\u017cliwienie \u0142y\u017cce wnikania w gleb\u0119.<\/li>\n<li>\u0141adowarki: W \u0142adowarkach czo\u0142owych pomagaj\u0105 w efektywnym podnoszeniu i przechylaniu towar\u00f3w.<\/li>\n<\/ul>\n<h2>Zagadnienia projektowe i kryteria wyboru<\/h2>\n<ul>\n<li>Bearing Capacity: Discuss the cylinder&#8217;s ability to bear loads and the importance of selecting the appropriate cylinder based on the specific application.<\/li>\n<li>Uszczelnienia: Om\u00f3w zastosowanie r\u00f3\u017cnych uszczelnie\u0144, takich jak uszczelnienia t\u0142ok\u00f3w i t\u0142oczysk, wykonanych z materia\u0142\u00f3w odpornych na zu\u017cycie, takich jak poliuretan i kauczuk nitrylowy. Podkre\u015bl znaczenie precyzyjnej obr\u00f3bki korpusu cylindra i gwintowanych powierzchni ko\u0144cowych dla zwi\u0119kszenia odporno\u015bci na zu\u017cycie.<\/li>\n<li>Trwa\u0142o\u015b\u0107: Nale\u017cy podkre\u015bli\u0107 wzgl\u0119dy projektowe dotycz\u0105ce trwa\u0142o\u015bci, aby mie\u0107 pewno\u015b\u0107, \u017ce cylinder wytrzyma trudne warunki pracy.<\/li>\n<li>Bezpiecze\u0144stwo: Nale\u017cy uwzgl\u0119dni\u0107 \u015brodki bezpiecze\u0144stwa wdro\u017cone w projekcie w celu zapobiegania wypadkom i zapewnienia bezpiecze\u0144stwa u\u017cytkownikom.<\/li>\n<li>Konserwacja: Om\u00f3w znaczenie regularnych przegl\u0105d\u00f3w i dzia\u0142a\u0144 konserwacyjnych dla wyd\u0142u\u017cenia \u017cywotno\u015bci cylindra. Podaj wskaz\u00f3wki dotycz\u0105ce czynno\u015bci konserwacyjnych, takich jak smarowanie, wymiana uszczelek i kontrola kalibracji.<\/li>\n<\/ul>\n<p><img decoding=\"async\" src=\"https:\/\/www.hydraulic-cylinders.net\/wp-content\/uploads\/2025\/01\/songte-oil-pipes-and-spare-parts.webp\"><\/p>\n<h2>Zagadnienia bezpiecze\u0144stwa i czynniki \u015brodowiskowe<\/h2>\n<p>Podczas u\u017cytkowania cylindra wiadrowego nale\u017cy bezwzgl\u0119dnie przestrzega\u0107 \u015brodk\u00f3w bezpiecze\u0144stwa, aby zapobiec wypadkom. Obejmuje to noszenie odpowiedniego sprz\u0119tu ochronnego, przestrzeganie prawid\u0142owych procedur obs\u0142ugi oraz dbanie o to, aby sprz\u0119t by\u0142 w dobrym stanie technicznym. Dodatkowo, uwzgl\u0119dnienie czynnik\u00f3w \u015brodowiskowych, takich jak temperatura, wilgotno\u015b\u0107 i nara\u017cenie na dzia\u0142anie substancji chemicznych, mo\u017ce pom\u00f3c w utrzymaniu wydajno\u015bci i trwa\u0142o\u015bci cylindra.<\/p>\n<h2>Rozwi\u0105zywanie problem\u00f3w i typowe problemy<\/h2>\n<p>W przypadku problem\u00f3w lub usterek cylindra czerpakowego, wa\u017cne jest ich szybkie zdiagnozowanie i rozwi\u0105zanie. Przedstaw wskaz\u00f3wki i rozwi\u0105zania, kt\u00f3re pomog\u0105 czytelnikom skutecznie zdiagnozowa\u0107 i rozwi\u0105za\u0107 problemy. Dodatkowo zaproponuj \u015brodki zapobiegawcze, aby zminimalizowa\u0107 potencjalne problemy i zapewni\u0107 p\u0142ynn\u0105 prac\u0119 cylindra.<\/p>\n<p><img decoding=\"async\" src=\"https:\/\/www.hydraulic-cylinders.net\/wp-content\/uploads\/2025\/01\/songte-bushings-with-all-kinds-of-excavator-models.webp\"><\/p>\n<h2>Przewodnik instalacji<\/h2>\n<p>Prawid\u0142owy monta\u017c ma kluczowe znaczenie dla optymalnej pracy si\u0142ownika kube\u0142kowego. Przedstaw instrukcj\u0119 monta\u017cu krok po kroku, k\u0142ad\u0105c nacisk na prawid\u0142owe ustawienie si\u0142ownika. Zalecenie u\u017cycia odpowiednich wspornik\u00f3w monta\u017cowych do zabezpieczenia si\u0142ownika. Przedstaw zalecane procedury kontroli, naprawy i wymiany, a tak\u017ce wskaz\u00f3wki dotycz\u0105ce wyd\u0142u\u017cenia \u017cywotno\u015bci si\u0142ownika.<\/p>\n<h2>Zadania konserwacyjne<\/h2>\n<ul>\n<li>Regularne kontrole: Podkre\u015bl znaczenie przeprowadzania rutynowych kontroli w celu wykrycia potencjalnych problem\u00f3w lub oznak zu\u017cycia.<\/li>\n<li>Prawid\u0142owe smarowanie: Wyja\u015bnij znaczenie prawid\u0142owego smarowania dla p\u0142ynnej pracy i zapobiegania przedwczesnemu zu\u017cyciu.<\/li>\n<li>Seal Replacement: Highlight the need for timely replacement of seals to maintain the cylinder&#8217;s integrity and prevent leaks.<\/li>\n<li>Kontrole kalibracji: Om\u00f3w znaczenie okresowych kontroli kalibracji w celu zapewnienia, \u017ce \u200b\u200bcylinder dzia\u0142a w ramach po\u017c\u0105danych parametr\u00f3w.<\/li>\n<\/ul>\n<p><img decoding=\"async\" src=\"https:\/\/www.hydraulic-cylinders.net\/wp-content\/uploads\/2025\/01\/songte-chushion-collar.webp\"><\/p>\n<h2>Wniosek<\/h2>\n<p>Nasza firma jest wiod\u0105cym producentem i hurtowym dystrybutorem si\u0142ownik\u00f3w hydraulicznych na rynku krajowym i mi\u0119dzynarodowym. Oferuj\u0105c pe\u0142n\u0105 gam\u0119 produkt\u00f3w, kierujemy si\u0119 zasadami doskona\u0142ej jako\u015bci, efektywnymi procesami produkcyjnymi i profesjonaln\u0105 obs\u0142ug\u0105. Nasze produkty s\u0105 projektowane i wytwarzane z wysok\u0105 precyzj\u0105, z wykorzystaniem zaawansowanych technologii i materia\u0142\u00f3w najwy\u017cszej jako\u015bci. Oferujemy us\u0142ugi personalizacji, mi\u0119dzynarodowe certyfikaty, kompleksowe wsparcie posprzeda\u017cowe oraz szerok\u0105 gam\u0119 sprz\u0119tu produkcyjnego. Dzi\u0119ki naszemu do\u015bwiadczeniu i zaanga\u017cowaniu w satysfakcj\u0119 klienta, d\u0105\u017cymy do zaspokojenia zr\u00f3\u017cnicowanych potrzeb naszych klient\u00f3w.<\/p>\n<p><img decoding=\"async\" src=\"https:\/\/www.hydraulic-cylinders.net\/wp-content\/uploads\/2025\/01\/songte-company-3.webp\"><\/p>\n<p>Autor: lyl<\/p>\n<p><\/body><br \/>\n<\/html><\/p>","protected":false},"excerpt":{"rendered":"<p>Bucket Cylinder For Komatsu Middle Excavator PC200LC-8 Bucket Cylinder For Komatsu Middle Excavator PC200LC-8 Introduction The bucket cylinder for Komatsu middle excavator PC200LC-8 is a specially designed hydraulic cylinder used to control the movement of the bucket in heavy machinery such as excavators, backhoe loaders, and front loaders. Its main function is to enable the [&hellip;]<\/p>","protected":false},"featured_media":14788,"comment_status":"open","ping_status":"closed","template":"","meta":{"_et_pb_use_builder":"","_et_pb_old_content":"","_et_gb_content_width":""},"product_brand":[],"product_cat":[1494],"product_tag":[1495,1496],"class_list":{"0":"post-15133","1":"product","2":"type-product","3":"status-publish","4":"has-post-thumbnail","6":"product_cat-bucket-cylinders","7":"product_tag-bucket-cylinders","8":"product_tag-hydraulic-cylinders","10":"first","11":"instock","12":"shipping-taxable","13":"product-type-simple"},"amp_enabled":true,"_links":{"self":[{"href":"https:\/\/www.hydraulic-cylinders.net\/pl\/wp-json\/wp\/v2\/product\/15133","targetHints":{"allow":["GET"]}}],"collection":[{"href":"https:\/\/www.hydraulic-cylinders.net\/pl\/wp-json\/wp\/v2\/product"}],"about":[{"href":"https:\/\/www.hydraulic-cylinders.net\/pl\/wp-json\/wp\/v2\/types\/product"}],"replies":[{"embeddable":true,"href":"https:\/\/www.hydraulic-cylinders.net\/pl\/wp-json\/wp\/v2\/comments?post=15133"}],"wp:featuredmedia":[{"embeddable":true,"href":"https:\/\/www.hydraulic-cylinders.net\/pl\/wp-json\/wp\/v2\/media\/14788"}],"wp:attachment":[{"href":"https:\/\/www.hydraulic-cylinders.net\/pl\/wp-json\/wp\/v2\/media?parent=15133"}],"wp:term":[{"taxonomy":"product_brand","embeddable":true,"href":"https:\/\/www.hydraulic-cylinders.net\/pl\/wp-json\/wp\/v2\/product_brand?post=15133"},{"taxonomy":"product_cat","embeddable":true,"href":"https:\/\/www.hydraulic-cylinders.net\/pl\/wp-json\/wp\/v2\/product_cat?post=15133"},{"taxonomy":"product_tag","embeddable":true,"href":"https:\/\/www.hydraulic-cylinders.net\/pl\/wp-json\/wp\/v2\/product_tag?post=15133"}],"curies":[{"name":"wp","href":"https:\/\/api.w.org\/{rel}","templated":true}]}}