{"id":15145,"date":"2025-01-19T14:09:45","date_gmt":"2025-01-19T14:09:45","guid":{"rendered":"https:\/\/www.hydraulic-cylinders.net\/product\/bucket-cylinder-for-komatsu-large-excavator-pc850-8\/"},"modified":"2025-01-19T14:09:47","modified_gmt":"2025-01-19T14:09:47","slug":"bucket-cylinder-for-komatsu-large-excavator-pc850-8","status":"publish","type":"product","link":"https:\/\/www.hydraulic-cylinders.net\/pl\/produkt\/bucket-cylinder-for-komatsu-large-excavator-pc850-8\/","title":{"rendered":"Si\u0142ownik \u0142y\u017cki do du\u017cej koparki Komatsu PC850-8"},"content":{"rendered":"<h2>Wst\u0119p<\/h2>\n<h3>Si\u0142ownik \u0142y\u017cki do du\u017cej koparki Komatsu PC850-8<\/h3>\n<p>Si\u0142ownik \u0142y\u017cki to specjalnie zaprojektowany si\u0142ownik hydrauliczny s\u0142u\u017c\u0105cy do sterowania ruchem \u0142y\u017cki w ci\u0119\u017ckich maszynach, takich jak koparki, koparko-\u0142adowarki i \u0142adowarki czo\u0142owe. Jego g\u0142\u00f3wn\u0105 funkcj\u0105 jest umo\u017cliwienie podnoszenia, opuszczania i przechylania \u0142y\u017cki podczas r\u00f3\u017cnych zada\u0144 zwi\u0105zanych z prze\u0142adunkiem materia\u0142\u00f3w. W uk\u0142adzie hydraulicznym si\u0142ownik \u0142y\u017cki precyzyjnie steruje jej ruchem, umo\u017cliwiaj\u0105c operatorom wydajne przenoszenie ci\u0119\u017ckich \u0142adunk\u00f3w i dostosowywanie si\u0119 do z\u0142o\u017conych warunk\u00f3w pracy oraz zr\u00f3\u017cnicowanych wymaga\u0144.<\/p>\n<p><img decoding=\"async\" src=\"https:\/\/www.hydraulic-cylinders.net\/wp-content\/uploads\/2025\/01\/songte-company-2.webp\" alt=\"Obraz cylindra wiadra\"\/><\/p>\n<h2>Cechy<\/h2>\n<ul>\n<li>\n<h3>Wysoka wytrzyma\u0142o\u015b\u0107 i trwa\u0142o\u015b\u0107<\/h3>\n<p>Cylinder czerpakowy jest zazwyczaj wykonany z wytrzyma\u0142ej stali lub aluminium, co zapewnia mu odporno\u015b\u0107 na wysokie ci\u015bnienie i du\u017ce obci\u0105\u017cenia. Zosta\u0142 zaprojektowany z uwzgl\u0119dnieniem odporno\u015bci na zu\u017cycie i korozj\u0119, aby wyd\u0142u\u017cy\u0107 jego \u017cywotno\u015b\u0107.<\/p>\n<\/li>\n<li>\n<h3>Wydajna praca hydrauliczna<\/h3>\n<p>Si\u0142ownik \u0142y\u017cki wykorzystuje ci\u015bnienie oleju hydraulicznego, aby zapewni\u0107 p\u0142ynne wysuwanie i wsuwanie, szybk\u0105 reakcj\u0119 na polecenia steruj\u0105ce oraz du\u017c\u0105 si\u0142\u0119 pchania i ci\u0105gni\u0119cia, co czyni go odpowiednim do przenoszenia ci\u0119\u017ckich \u0142adunk\u00f3w i skomplikowanych operacji.<\/p>\n<\/li>\n<li>\n<h3>R\u00f3\u017cne typy<\/h3>\n<p>W zale\u017cno\u015bci od potrzeb si\u0142ownik czerpakowy mo\u017ce by\u0107 jednostronnego dzia\u0142ania (wykorzystuj\u0105cy hydraulik\u0119 tylko w jednym kierunku) lub dwustronnego dzia\u0142ania (wykorzystuj\u0105cy hydraulik\u0119 w dw\u00f3ch kierunkach). Niekt\u00f3re modele s\u0105 teleskopowe, co pozwala na wi\u0119ksze wysuni\u0119cie bez zwi\u0119kszania wymiar\u00f3w zewn\u0119trznych, co sprawdza si\u0119 w zastosowaniach o ograniczonej przestrzeni.<\/p>\n<\/li>\n<li>\n<h3>Mo\u017cna wymienia\u0107 na podobne produkty<\/h3>\n<p>Nasz si\u0142ownik czerpakowy mo\u017ce z powodzeniem zast\u0105pi\u0107 podobne si\u0142owniki hydrauliczne, zapewniaj\u0105c klientom ekonomiczne rozwi\u0105zanie.<\/p>\n<\/li>\n<li>\n<h3>Mo\u017cliwo\u015b\u0107 dostosowania<\/h3>\n<p>Mo\u017cemy dostosowa\u0107 cylinder kube\u0142kowy do konkretnych wymaga\u0144.<\/p>\n<\/li>\n<\/ul>\n<p><img decoding=\"async\" src=\"https:\/\/www.hydraulic-cylinders.net\/wp-content\/uploads\/2025\/01\/songte-cylinder-head-with-all-kinds-excavator-models.webp\" alt=\"Obraz cylindra wiadra\"\/><\/p>\n<h2>Aplikacje<\/h2>\n<p>Si\u0142ownik czerpakowy jest powszechnie stosowany w r\u00f3\u017cnych maszynach ci\u0119\u017ckich, takich jak:<\/p>\n<ul>\n<li>\n<h3>Koparki<\/h3>\n<p>Cylinder \u0142y\u017cki umo\u017cliwia jej zag\u0142\u0119bianie si\u0119 w gleb\u0119 podczas wykop\u00f3w.<\/p>\n<\/li>\n<li>\n<h3>Koparko-\u0142adowarki<\/h3>\n<p>Cylinder \u0142y\u017cki u\u0142atwia kopanie i podnoszenie.<\/p>\n<\/li>\n<li>\n<h3>\u0141adowarki czo\u0142owe<\/h3>\n<p>Si\u0142ownik \u0142y\u017cki przyczynia si\u0119 do efektywnego podnoszenia i zrzucania materia\u0142\u00f3w.<\/p>\n<\/li>\n<\/ul>\n<h2>Zagadnienia projektowe i kryteria wyboru<\/h2>\n<ul>\n<li>\n<h3>No\u015bno\u015b\u0107<\/h3>\n<p>Cylinder czerpakowy musi mie\u0107 odpowiedni\u0105 no\u015bno\u015b\u0107, aby wytrzyma\u0107 du\u017ce obci\u0105\u017cenia i wysokie ci\u015bnienie.<\/p>\n<\/li>\n<li>\n<h3>Opiecz\u0119towanie<\/h3>\n<p>Si\u0142ownik czerpakowy wymaga r\u00f3\u017cnorodnych uszczelnie\u0144, aby zapobiec wyciekom i zapewni\u0107 niezawodn\u0105 prac\u0119. Najlepiej wybra\u0107 uszczelnienia wykonane z materia\u0142\u00f3w odpornych na zu\u017cycie, takich jak poliuretan i kauczuk nitrylowy.<\/p>\n<\/li>\n<li>\n<h3>Trwa\u0142o\u015b\u0107<\/h3>\n<p>Cylinder czerpakowy powinien by\u0107 zaprojektowany z uwzgl\u0119dnieniem odporno\u015bci na zu\u017cycie i korozj\u0119, aby zapewni\u0107 d\u0142ug\u0105 \u017cywotno\u015b\u0107. Korpus cylindra i gwintowane ko\u0144c\u00f3wki powinny zosta\u0107 poddane precyzyjnej obr\u00f3bce w celu zwi\u0119kszenia odporno\u015bci na zu\u017cycie.<\/p>\n<\/li>\n<li>\n<h3>Bezpiecze\u0144stwo<\/h3>\n<p>Cylinder czerpakowy musi spe\u0142nia\u0107 normy bezpiecze\u0144stwa i by\u0107 prawid\u0142owo zainstalowany i u\u017cywany, aby unikn\u0105\u0107 wypadk\u00f3w.<\/p>\n<\/li>\n<li>\n<h3>Konserwacja<\/h3>\n<p>Cylinder czerpaka powinien by\u0107 \u0142atwy w konserwacji i naprawie, a do jego d\u0142ugotrwa\u0142ej, wydajnej pracy niezb\u0119dne s\u0105 regularne kontrole i smarowanie.<\/p>\n<\/li>\n<\/ul>\n<p><img decoding=\"async\" src=\"https:\/\/www.hydraulic-cylinders.net\/wp-content\/uploads\/2025\/01\/songte-oil-pipes-and-spare-parts.webp\" alt=\"Obraz cylindra wiadra\"\/><\/p>\n<h2>Konserwacja i naprawa<\/h2>\n<p>Regularna konserwacja i naprawy s\u0105 niezb\u0119dne dla zapewnienia wydajnej i bezpiecznej pracy cylindra \u0142y\u017cki. Typowe czynno\u015bci konserwacyjne obejmuj\u0105:<\/p>\n<ul>\n<li>\n<h3>Regularna kontrola<\/h3>\n<p>Regularnie sprawdzaj cylinder \u0142y\u017cki, aby wykry\u0107 zu\u017cycie i uszkodzenia oraz zapobiec potencjalnym problemom.<\/p>\n<\/li>\n<li>\n<h3>Smarowanie<\/h3>\n<p>Regularnie smaruj cylinder \u0142y\u017cki odpowiednim olejem hydraulicznym, aby zapobiec zu\u017cyciu i wyciekom.<\/p>\n<\/li>\n<li>\n<h3>Wymiana uszczelki<\/h3>\n<p>Aby zapewni\u0107 niezawodn\u0105 prac\u0119 urz\u0105dzenia i zapobiec wyciekom, nale\u017cy regularnie wymienia\u0107 uszczelki.<\/p>\n<\/li>\n<li>\n<h3>Kontrola ustawienia<\/h3>\n<p>Podczas instalacji nale\u017cy prawid\u0142owo ustawi\u0107 cylinder \u0142y\u017cki, aby unikn\u0105\u0107 wypadk\u00f3w i zapewni\u0107 wydajn\u0105 prac\u0119.<\/p>\n<\/li>\n<li>\n<h3>Us\u0142uga odbudowy<\/h3>\n<p>Oferujemy us\u0142ug\u0119 regeneracji zu\u017cytych lub uszkodzonych cylindr\u00f3w \u0142y\u017cki, aby przed\u0142u\u017cy\u0107 ich \u017cywotno\u015b\u0107 i zaoszcz\u0119dzi\u0107 na kosztach wymiany.<\/p>\n<\/li>\n<\/ul>\n<p><img decoding=\"async\" src=\"https:\/\/www.hydraulic-cylinders.net\/wp-content\/uploads\/2025\/01\/songte-chushion-collar.webp\" alt=\"Obraz cylindra wiadra\"\/><\/p>\n<h2>Zagadnienia bezpiecze\u0144stwa i czynniki \u015brodowiskowe<\/h2>\n<p>Podczas u\u017cytkowania cylindra czerpakowego nale\u017cy podj\u0105\u0107 \u015brodki bezpiecze\u0144stwa, takie jak noszenie sprz\u0119tu ochronnego, stosowanie odpowiednich urz\u0105dze\u0144 podnosz\u0105cych oraz unikanie przeci\u0105\u017ce\u0144, aby zapobiec wypadkom. Nale\u017cy r\u00f3wnie\u017c uwzgl\u0119dni\u0107 czynniki \u015brodowiskowe, takie jak temperatura, wilgotno\u015b\u0107 i substancje \u017cr\u0105ce, aby zapewni\u0107 niezawodn\u0105 prac\u0119 i d\u0142ug\u0105 \u017cywotno\u015b\u0107 cylindra czerpakowego.<\/p>\n<p><img decoding=\"async\" src=\"https:\/\/hzpt.com\/wp-content\/uploads\/2024\/11\/songte-company-1.webp\" alt=\"Obraz cylindra wiadra\"\/><\/p>\n<h2>Typowe problemy i rozwi\u0105zywanie problem\u00f3w<\/h2>\n<p>Do typowych problem\u00f3w z si\u0142ownikiem \u0142y\u017cki nale\u017c\u0105 wycieki, zu\u017cycie i uszkodzenia. Wskaz\u00f3wki i rozwi\u0105zania dotycz\u0105ce rozwi\u0105zywania problem\u00f3w, takie jak sprawdzenie uszczelnie\u0144, wymiana uszkodzonych cz\u0119\u015bci i regeneracja, mog\u0105 pom\u00f3c w skutecznej diagnozie i rozwi\u0105zywaniu problem\u00f3w, a \u015brodki zapobiegawcze, takie jak regularne przegl\u0105dy i smarowanie, mog\u0105 ograniczy\u0107 potencjalne problemy.<\/p>\n<p><img decoding=\"async\" src=\"https:\/\/www.hydraulic-cylinders.net\/wp-content\/uploads\/2025\/01\/songte-bushings-with-all-kinds-of-excavator-models.webp\" alt=\"Obraz cylindra wiadra\"\/><\/p>\n<h2>O nas<\/h2>\n<p>Jeste\u015bmy producentem si\u0142ownik\u00f3w hydraulicznych, oferuj\u0105cym szerok\u0105 gam\u0119 produkt\u00f3w i staj\u0105c si\u0119 jednym z wiod\u0105cych producent\u00f3w i hurtowych dystrybutor\u00f3w si\u0142ownik\u00f3w hydraulicznych na rynku krajowym i mi\u0119dzynarodowym. Przestrzegamy zasady doskona\u0142ej jako\u015bci i opieramy si\u0119 na zindustrializowanych strategiach zarz\u0105dzania produkcj\u0105 w precyzyjnych warsztatach produkcyjnych. Stale udoskonalamy platform\u0119 produkcyjn\u0105 naszych warsztat\u00f3w, wykorzystuj\u0105c talenty techniczne, cyfrowy sprz\u0119t produkcyjny wysokiej klasy oraz profesjonalne systemy testowe, doskonal\u0105c lini\u0119 produkcyjn\u0105 pod k\u0105tem jako\u015bci produkt\u00f3w i dysponuj\u0105c silnym potencja\u0142em kreatywnym, aby sprosta\u0107 zr\u00f3\u017cnicowanym potrzebom klient\u00f3w, zapewniaj\u0105c wysok\u0105 wydajno\u015b\u0107, precyzj\u0119 i jako\u015b\u0107.<\/p>\n<p>Naszym celem jest dostarczanie profesjonalnych, certyfikowanych mi\u0119dzynarodowo, dostosowanych do indywidualnych potrzeb, wysokiej jako\u015bci produkt\u00f3w i us\u0142ug, w tym:<\/p>\n<ul>\n<li>\n<h3>Profesjonalizm<\/h3>\n<p>Mamy zesp\u00f3\u0142 do\u015bwiadczonych i wykwalifikowanych specjalist\u00f3w, kt\u00f3rzy mog\u0105 zapewni\u0107 Pa\u0144stwu fachowe doradztwo i wsparcie techniczne.<\/p>\n<\/li>\n<li>\n<h3>Mi\u0119dzynarodowa Certyfikacja<\/h3>\n<p>Nasze produkty uzyska\u0142y mi\u0119dzynarodowe certyfikaty, takie jak ISO9001:2015, CE i RoHS, co gwarantuje ich jako\u015b\u0107 i bezpiecze\u0144stwo.<\/p>\n<\/li>\n<li>\n<h3>Personalizacja<\/h3>\n<p>Mo\u017cemy dostosowa\u0107 cylindry hydrauliczne do konkretnych wymaga\u0144.<\/p>\n<\/li>\n<li>\n<h3>Zaawansowany sprz\u0119t produkcyjny<\/h3>\n<p>Dysponujemy zaawansowanym sprz\u0119tem produkcyjnym, takim jak maszyny CNC, tokarki i szlifierki, co gwarantuje dok\u0142adno\u015b\u0107 i wydajno\u015b\u0107 produkcji.<\/p>\n<\/li>\n<li>\n<h3>Serwis posprzeda\u017cowy<\/h3>\n<p>Oferujemy kompleksowy serwis posprzeda\u017cowy, w tym konserwacj\u0119, naprawy i wymian\u0119, zapewniaj\u0105c p\u0142ynn\u0105 i wydajn\u0105 prac\u0119 cylindr\u00f3w hydraulicznych.<\/p>\n<\/li>\n<\/ul>\n<p><img decoding=\"async\" src=\"https:\/\/www.hydraulic-cylinders.net\/wp-content\/uploads\/2025\/01\/songte-company-3.webp\" alt=\"Obraz cylindra wiadra\"\/><\/p>\n<p>Autor: lyl<\/p>","protected":false},"excerpt":{"rendered":"<p>Introduction Bucket Cylinder For Komatsu Large Excavator PC850-8 A bucket cylinder is a specially designed hydraulic cylinder used to control the movement of buckets in heavy machinery such as excavators, backhoe loaders, and front-end loaders. Its main function is to enable the bucket to lift, lower, and tilt for various material handling tasks. In the [&hellip;]<\/p>","protected":false},"featured_media":14762,"comment_status":"open","ping_status":"closed","template":"","meta":{"_et_pb_use_builder":"","_et_pb_old_content":"","_et_gb_content_width":""},"product_brand":[],"product_cat":[1494],"product_tag":[1495,1496],"class_list":{"0":"post-15145","1":"product","2":"type-product","3":"status-publish","4":"has-post-thumbnail","6":"product_cat-bucket-cylinders","7":"product_tag-bucket-cylinders","8":"product_tag-hydraulic-cylinders","10":"first","11":"instock","12":"shipping-taxable","13":"product-type-simple"},"amp_enabled":true,"_links":{"self":[{"href":"https:\/\/www.hydraulic-cylinders.net\/pl\/wp-json\/wp\/v2\/product\/15145","targetHints":{"allow":["GET"]}}],"collection":[{"href":"https:\/\/www.hydraulic-cylinders.net\/pl\/wp-json\/wp\/v2\/product"}],"about":[{"href":"https:\/\/www.hydraulic-cylinders.net\/pl\/wp-json\/wp\/v2\/types\/product"}],"replies":[{"embeddable":true,"href":"https:\/\/www.hydraulic-cylinders.net\/pl\/wp-json\/wp\/v2\/comments?post=15145"}],"wp:featuredmedia":[{"embeddable":true,"href":"https:\/\/www.hydraulic-cylinders.net\/pl\/wp-json\/wp\/v2\/media\/14762"}],"wp:attachment":[{"href":"https:\/\/www.hydraulic-cylinders.net\/pl\/wp-json\/wp\/v2\/media?parent=15145"}],"wp:term":[{"taxonomy":"product_brand","embeddable":true,"href":"https:\/\/www.hydraulic-cylinders.net\/pl\/wp-json\/wp\/v2\/product_brand?post=15145"},{"taxonomy":"product_cat","embeddable":true,"href":"https:\/\/www.hydraulic-cylinders.net\/pl\/wp-json\/wp\/v2\/product_cat?post=15145"},{"taxonomy":"product_tag","embeddable":true,"href":"https:\/\/www.hydraulic-cylinders.net\/pl\/wp-json\/wp\/v2\/product_tag?post=15145"}],"curies":[{"name":"wp","href":"https:\/\/api.w.org\/{rel}","templated":true}]}}