{"id":15147,"date":"2025-01-19T14:09:54","date_gmt":"2025-01-19T14:09:54","guid":{"rendered":"https:\/\/www.hydraulic-cylinders.net\/product\/bucket-cylinder-for-komatsu-large-excavator-pc360-8mo\/"},"modified":"2025-01-19T14:09:56","modified_gmt":"2025-01-19T14:09:56","slug":"bucket-cylinder-for-komatsu-large-excavator-pc360-8mo","status":"publish","type":"product","link":"https:\/\/www.hydraulic-cylinders.net\/pl\/produkt\/bucket-cylinder-for-komatsu-large-excavator-pc360-8mo\/","title":{"rendered":"Si\u0142ownik \u0142y\u017cki do du\u017cej koparki Komatsu PC360-8MO"},"content":{"rendered":"<h1>Si\u0142ownik \u0142y\u017cki do du\u017cej koparki Komatsu PC360-8MO<\/h1>\n<h2>Wst\u0119p<\/h2>\n<h3>Definiowanie cylindra wiadra<\/h3>\n<p>Si\u0142ownik \u0142y\u017cki to specjalnie zaprojektowany si\u0142ownik hydrauliczny s\u0142u\u017c\u0105cy do sterowania ruchem \u0142y\u017cki w ci\u0119\u017ckich maszynach, takich jak koparki, koparko-\u0142adowarki i \u0142adowarki czo\u0142owe. Jego g\u0142\u00f3wn\u0105 funkcj\u0105 jest podnoszenie, opuszczanie i przechylanie \u0142y\u017cki, u\u0142atwiaj\u0105c wykonywanie r\u00f3\u017cnych zada\u0144 zwi\u0105zanych z prze\u0142adunkiem materia\u0142\u00f3w. W uk\u0142adzie hydraulicznym si\u0142ownik \u0142y\u017cki zapewnia precyzyjn\u0105 kontrol\u0119 nad \u0142y\u017ck\u0105 poprzez zmiany ci\u015bnienia oleju hydraulicznego, umo\u017cliwiaj\u0105c operatorom wydajne przenoszenie du\u017cych \u0142adunk\u00f3w, adaptacj\u0119 do z\u0142o\u017conych warunk\u00f3w pracy i zr\u00f3\u017cnicowanych wymaga\u0144 operacyjnych.<\/p>\n<p><img decoding=\"async\" src=\"https:\/\/www.hydraulic-cylinders.net\/wp-content\/uploads\/2025\/01\/songte-company-2.webp\" alt=\"Obraz cylindra wiadra\"><\/p>\n<h3>Cechy cylindra kube\u0142kowego<\/h3>\n<ul>\n<li>Wysoka wytrzyma\u0142o\u015b\u0107 i trwa\u0142o\u015b\u0107: Zazwyczaj wykonane z wytrzyma\u0142ej stali lub aluminium, wytrzymuj\u0105 du\u017ce ci\u015bnienie i obci\u0105\u017cenia, s\u0105 przystosowane do trudnych warunk\u00f3w pracy, a w procesie projektowania uwzgl\u0119dniono odporno\u015b\u0107 na zu\u017cycie i korozj\u0119, aby wyd\u0142u\u017cy\u0107 \u017cywotno\u015b\u0107 urz\u0105dzenia.<\/li>\n<li>Wydajne dzia\u0142anie uk\u0142adu hydraulicznego: P\u0142ynne rozci\u0105ganie i kurczenie uzyskuje si\u0119 dzi\u0119ki wykorzystaniu ci\u015bnienia oleju hydraulicznego, co zapewnia du\u017c\u0105 si\u0142\u0119 pchania i ci\u0105gni\u0119cia, a tak\u017ce nadaje si\u0119 do obs\u0142ugi du\u017cych obci\u0105\u017ce\u0144 i skomplikowanych zada\u0144 operacyjnych.<\/li>\n<li>R\u00f3\u017cne typy: Si\u0142owniki jednostronnego dzia\u0142ania (wykorzystuj\u0105ce hydraulik\u0119 tylko w jednym kierunku) lub dwustronnego dzia\u0142ania (wykorzystuj\u0105ce hydraulik\u0119 w obu kierunkach) mo\u017cna dobra\u0107 w zale\u017cno\u015bci od potrzeb, aby spe\u0142ni\u0107 r\u00f3\u017cne wymagania operacyjne. Niekt\u00f3re modele s\u0105 teleskopowe, co pozwala na wi\u0119ksze wysuni\u0119cie bez zwi\u0119kszania wymiar\u00f3w zewn\u0119trznych, i nadaje si\u0119 do zastosowa\u0144 w ograniczonej przestrzeni.<\/li>\n<li>Kompatybilno\u015b\u0107 z r\u00f3\u017cnymi modelami: Nasze produkty doskonale zast\u0119puj\u0105 te si\u0142owniki hydrauliczne.<\/li>\n<\/ul>\n<p><img decoding=\"async\" src=\"https:\/\/www.hydraulic-cylinders.net\/wp-content\/uploads\/2025\/01\/songte-cylinder-head-with-all-kinds-excavator-models.webp\" alt=\"Obraz wymiany cylindra \u0142y\u017cki\"><\/p>\n<h3>Zastosowanie cylindra kube\u0142kowego<\/h3>\n<p>Cylindry kube\u0142kowe s\u0105 powszechnie stosowane w r\u00f3\u017cnych typach maszyn, takich jak:<\/p>\n<ul>\n<li>Sprz\u0119t budowlany: W koparkach s\u0105 one niezb\u0119dne do kopania, za\u0142adunku i przemieszczania gleby lub gruzu. W koparko-\u0142adowarkach pomagaj\u0105 zar\u00f3wno w kopaniu, jak i podnoszeniu.<\/li>\n<li>Maszyny rolnicze: U\u017cywane do \u0142adowarek czo\u0142owych, do zbierania, podnoszenia i transportu gleby, siana i innych materia\u0142\u00f3w.<\/li>\n<li>Koparki: Cylinder \u0142y\u017cki umo\u017cliwia wykopywanie poprzez umo\u017cliwienie \u0142y\u017cce wnikania w gleb\u0119.<\/li>\n<li>\u0141adowarki: W \u0142adowarkach czo\u0142owych pomagaj\u0105 w efektywnym podnoszeniu i przechylaniu \u0142adunk\u00f3w.<\/li>\n<\/ul>\n<h3>Rozwa\u017cania projektowe dotycz\u0105ce cylindra kube\u0142kowego<\/h3>\n<p>Przy projektowaniu cylindra kube\u0142kowego istotne znaczenie maj\u0105 nast\u0119puj\u0105ce czynniki:<\/p>\n<h4>No\u015bno\u015b\u0107<\/h4>\n<p>Projekt cylindra musi uwzgl\u0119dnia\u0107 wielko\u015b\u0107 obci\u0105\u017cenia, jakie cylinder mo\u017ce wytrzyma\u0107 bez odkszta\u0142cenia lub uszkodzenia.<\/p>\n<h4>Opiecz\u0119towanie<\/h4>\n<p>Odpowiednie uszczelnienie jest niezb\u0119dne, aby zapobiec wyciekaniu oleju hydraulicznego i zapewni\u0107 skuteczn\u0105 prac\u0119 cylindra.<\/p>\n<h4>Trwa\u0142o\u015b\u0107<\/h4>\n<p>Materia\u0142 cylindra musi by\u0107 odporny na trudne warunki pracy oraz zu\u017cycie i korozj\u0119.<\/p>\n<h4>Bezpiecze\u0144stwo<\/h4>\n<p>Cylindry kube\u0142kowe musz\u0105 by\u0107 projektowane z uwzgl\u0119dnieniem bezpiecze\u0144stwa, wszystkich potencjalnych zagro\u017ce\u0144 i zapewnienia, \u017ce \u200b\u200bcylinder nie ulegnie awarii w trakcie pracy.<\/p>\n<h4>Utrzymywalno\u015b\u0107<\/h4>\n<p>Cylinder powinien by\u0107 tak zaprojektowany, aby mo\u017cna by\u0142o \u0142atwo go naprawia\u0107 i konserwowa\u0107, co zapewni optymaln\u0105 wydajno\u015b\u0107 i d\u0142ugowieczno\u015b\u0107.<\/p>\n<p><img decoding=\"async\" src=\"https:\/\/www.hydraulic-cylinders.net\/wp-content\/uploads\/2025\/01\/songte-oil-pipes-and-spare-parts.webp\" alt=\"Obraz projektu cylindra kube\u0142kowego\"><\/p>\n<h3>Uszczelnianie i smarowanie cylindra czerpaka<\/h3>\n<p>Si\u0142ownik czerpakowy wymaga r\u00f3\u017cnych element\u00f3w uszczelniaj\u0105cych, takich jak uszczelnienia t\u0142oka i t\u0142oczyska, wykonanych z materia\u0142\u00f3w odpornych na zu\u017cycie, takich jak poliuretan i kauczuk nitrylowy, aby zapewni\u0107 skuteczne uszczelnienie. Korpus si\u0142ownika i gwintowana powierzchnia ko\u0144cowa s\u0105 poddawane precyzyjnej obr\u00f3bce w celu zwi\u0119kszenia odporno\u015bci na zu\u017cycie. Regularne smarowanie olejem hydraulicznym jest niezb\u0119dne dla zapewnienia optymalnej wydajno\u015bci i trwa\u0142o\u015bci.<\/p>\n<h3>Konserwacja zapobiegawcza i rozwi\u0105zywanie problem\u00f3w z si\u0142ownikiem \u0142y\u017cki<\/h3>\n<ul>\n<li>Regularne kontrole: Regularnie sprawdzaj cylinder, aby wykry\u0107 i naprawi\u0107 potencjalne problemy, zanim stan\u0105 si\u0119 powa\u017cne.<\/li>\n<li>W\u0142a\u015bciwe smarowanie: W\u0142a\u015bciwe smarowanie jest niezb\u0119dne, aby cylinder dzia\u0142a\u0142 wydajnie i zmniejsza\u0142 zu\u017cycie.<\/li>\n<li>Wymiana uszczelek: Zu\u017cyte uszczelki mog\u0105 powodowa\u0107 przecieki i zmniejsza\u0107 skuteczno\u015b\u0107 dzia\u0142ania cylindra; ich wymiana mo\u017ce pom\u00f3c w utrzymaniu optymalnej wydajno\u015bci.<\/li>\n<\/ul>\n<p>Prawid\u0142owy monta\u017c i dok\u0142adne ustawienie cylindra kube\u0142kowego jest niezwykle istotne. Zaleca si\u0119 stosowanie odpowiednich uchwyt\u00f3w monta\u017cowych do zabezpieczenia cylindra. Regularne kontrole, naprawy i wymiany s\u0105 niezb\u0119dne dla wyd\u0142u\u017cenia \u017cywotno\u015bci cylindra kube\u0142kowego.<\/p>\n<p><img decoding=\"async\" src=\"https:\/\/www.hydraulic-cylinders.net\/wp-content\/uploads\/2025\/01\/songte-chushion-collar.webp\" alt=\"Obraz konserwacji cylindra \u0142y\u017cki\"><\/p>\n<h3>Zagadnienia bezpiecze\u0144stwa i czynniki \u015brodowiskowe<\/h3>\n<p>Podczas u\u017cytkowania cylindr\u00f3w hydraulicznych nale\u017cy bezwzgl\u0119dnie przestrzega\u0107 \u015brodk\u00f3w bezpiecze\u0144stwa, aby zapewni\u0107 ich skuteczne dzia\u0142anie i unikn\u0105\u0107 strat lub uszkodze\u0144. Nale\u017cy r\u00f3wnie\u017c zadba\u0107 o prawid\u0142ow\u0105 utylizacj\u0119 zu\u017cytych cylindr\u00f3w hydraulicznych, aby zapobiec zanieczyszczeniu \u015brodowiska i zapewni\u0107 bezpiecze\u0144stwo.<\/p>\n<h3>Diagnostyka i rozwi\u0105zywanie problem\u00f3w z si\u0142ownikiem czerpakowym<\/h3>\n<p>Najcz\u0119stszym problemem w przypadku si\u0142ownik\u00f3w kube\u0142kowych jest uszkodzenie uszczelnie\u0144, co mo\u017ce powodowa\u0107 wycieki i zmniejsza\u0107 skuteczno\u015b\u0107 dzia\u0142ania si\u0142ownika. Regularne przegl\u0105dy, odpowiedni harmonogram konserwacji i szybka wymiana uszkodzonych cz\u0119\u015bci mog\u0105 zapobiec temu problemowi.<\/p>\n<p><img decoding=\"async\" src=\"https:\/\/www.hydraulic-cylinders.net\/wp-content\/uploads\/2025\/01\/songte-bushings-with-all-kinds-of-excavator-models.webp\" alt=\"Rozwi\u0105zywanie problem\u00f3w z cylindrem wiadra Obraz\"><\/p>\n<h2>O nas<\/h2>\n<p>Jeste\u015bmy producentem zamiennych cylindr\u00f3w hydraulicznych, oferuj\u0105cym pe\u0142n\u0105 gam\u0119 produkt\u00f3w i stali\u015bmy si\u0119 jednym z wiod\u0105cych producent\u00f3w i hurtownik\u00f3w cylindr\u00f3w hydraulicznych na rynku krajowym i mi\u0119dzynarodowym. Kierujemy si\u0119 strategi\u0105 zarz\u0105dzania produkcj\u0105 przemys\u0142ow\u0105, opart\u0105 na doskona\u0142ej jako\u015bci i wykorzystujemy talenty techniczne, cyfrowy sprz\u0119t produkcyjny wysokiej klasy oraz profesjonalne systemy testowe, aby stale ulepsza\u0107 lini\u0119 produkcyjn\u0105 warsztatu, podnosi\u0107 jako\u015b\u0107 produkt\u00f3w i rozwija\u0107 kreatywno\u015b\u0107, aby sprosta\u0107 zr\u00f3\u017cnicowanym potrzebom klient\u00f3w, kieruj\u0105c si\u0119 zasadami wysokiej wydajno\u015bci, precyzji i jako\u015bci.<\/p>\n<p><img decoding=\"async\" src=\"https:\/\/hzpt.com\/wp-content\/uploads\/2024\/11\/songte-company-1.webp\" alt=\"O nas Obraz\"><\/p>\n<h3>Nasze Specjalizacje<\/h3>\n<ul>\n<li>Profesjonalizm: Mamy zesp\u00f3\u0142 ekspert\u00f3w, kt\u00f3rzy posiadaj\u0105 wiedz\u0119 na temat cylindr\u00f3w hydraulicznych i s\u0105 w stanie zapewni\u0107 rozwi\u0105zania dostosowane do potrzeb r\u00f3\u017cnych klient\u00f3w.<\/li>\n<li>Certyfikaty mi\u0119dzynarodowe: Nasze produkty posiadaj\u0105 mi\u0119dzynarodowe certyfikaty, co gwarantuje, \u017ce spe\u0142niaj\u0105 one bran\u017cowe normy i przepisy.<\/li>\n<li>Us\u0142ugi dostosowywania: Oferujemy cylindry hydrauliczne dostosowane do potrzeb klient\u00f3w, zapewniaj\u0105c, \u017ce cylinder spe\u0142nia ich szczeg\u00f3lne wymagania.<\/li>\n<li>Sprz\u0119t produkcyjny: Posiadamy zaawansowany sprz\u0119t i technologi\u0119 produkcyjn\u0105, aby zagwarantowa\u0107 jako\u015b\u0107 i wydajno\u015b\u0107 produkt\u00f3w.<\/li>\n<li>Serwis posprzeda\u017cowy: Zapewniamy kompleksowy serwis posprzeda\u017cowy, obejmuj\u0105cy cz\u0119\u015bci zamienne i us\u0142ugi regeneracji, aby zapewni\u0107 d\u0142ugowieczno\u015b\u0107 naszych produkt\u00f3w.<\/li>\n<\/ul>\n<p><img decoding=\"async\" src=\"https:\/\/www.hydraulic-cylinders.net\/wp-content\/uploads\/2025\/01\/songte-company-3.webp\" alt=\"Wizerunek naszej firmy\"><\/p>\n<p><em>Autor: lyl<\/em><\/p>","protected":false},"excerpt":{"rendered":"<p>Bucket Cylinder for Komatsu Large Excavator PC360-8MO Introduction Defining Bucket Cylinder A bucket cylinder is a specially designed hydraulic cylinder used to control the movement of the bucket in heavy machinery such as excavators, backhoe excavators, and front-end loaders. Its main function is to enable the bucket to lift, lower, and tilt, making it easier [&hellip;]<\/p>","protected":false},"featured_media":14789,"comment_status":"open","ping_status":"closed","template":"","meta":{"_et_pb_use_builder":"","_et_pb_old_content":"","_et_gb_content_width":""},"product_brand":[],"product_cat":[1494],"product_tag":[1495,1496],"class_list":{"0":"post-15147","1":"product","2":"type-product","3":"status-publish","4":"has-post-thumbnail","6":"product_cat-bucket-cylinders","7":"product_tag-bucket-cylinders","8":"product_tag-hydraulic-cylinders","10":"first","11":"instock","12":"shipping-taxable","13":"product-type-simple"},"amp_enabled":true,"_links":{"self":[{"href":"https:\/\/www.hydraulic-cylinders.net\/pl\/wp-json\/wp\/v2\/product\/15147","targetHints":{"allow":["GET"]}}],"collection":[{"href":"https:\/\/www.hydraulic-cylinders.net\/pl\/wp-json\/wp\/v2\/product"}],"about":[{"href":"https:\/\/www.hydraulic-cylinders.net\/pl\/wp-json\/wp\/v2\/types\/product"}],"replies":[{"embeddable":true,"href":"https:\/\/www.hydraulic-cylinders.net\/pl\/wp-json\/wp\/v2\/comments?post=15147"}],"wp:featuredmedia":[{"embeddable":true,"href":"https:\/\/www.hydraulic-cylinders.net\/pl\/wp-json\/wp\/v2\/media\/14789"}],"wp:attachment":[{"href":"https:\/\/www.hydraulic-cylinders.net\/pl\/wp-json\/wp\/v2\/media?parent=15147"}],"wp:term":[{"taxonomy":"product_brand","embeddable":true,"href":"https:\/\/www.hydraulic-cylinders.net\/pl\/wp-json\/wp\/v2\/product_brand?post=15147"},{"taxonomy":"product_cat","embeddable":true,"href":"https:\/\/www.hydraulic-cylinders.net\/pl\/wp-json\/wp\/v2\/product_cat?post=15147"},{"taxonomy":"product_tag","embeddable":true,"href":"https:\/\/www.hydraulic-cylinders.net\/pl\/wp-json\/wp\/v2\/product_tag?post=15147"}],"curies":[{"name":"wp","href":"https:\/\/api.w.org\/{rel}","templated":true}]}}