{"id":15152,"date":"2025-01-19T14:10:16","date_gmt":"2025-01-19T14:10:16","guid":{"rendered":"https:\/\/www.hydraulic-cylinders.net\/product\/bucket-cylinder-for-komatsu-large-excavator-pc70lc-8\/"},"modified":"2025-01-19T14:10:18","modified_gmt":"2025-01-19T14:10:18","slug":"bucket-cylinder-for-komatsu-large-excavator-pc70lc-8","status":"publish","type":"product","link":"https:\/\/www.hydraulic-cylinders.net\/pl\/produkt\/bucket-cylinder-for-komatsu-large-excavator-pc70lc-8\/","title":{"rendered":"Si\u0142ownik \u0142y\u017cki do du\u017cej koparki Komatsu PC70LC-8"},"content":{"rendered":"<h1>Si\u0142ownik \u0142y\u017cki do du\u017cej koparki Komatsu PC70LC-8<\/h1>\n<h2>Wst\u0119p<\/h2>\n<p>Si\u0142ownik \u0142y\u017cki do du\u017cej koparki Komatsu PC70LC-8 to specjalnie zaprojektowany si\u0142ownik hydrauliczny s\u0142u\u017c\u0105cy do sterowania ruchem \u0142y\u017cki w ci\u0119\u017ckich maszynach, takich jak koparki, koparko-\u0142adowarki i \u0142adowarki czo\u0142owe. Jego g\u0142\u00f3wn\u0105 funkcj\u0105 jest podnoszenie, opuszczanie i przechylanie \u0142y\u017cki, u\u0142atwiaj\u0105c wykonywanie r\u00f3\u017cnych zada\u0144 zwi\u0105zanych z prze\u0142adunkiem materia\u0142\u00f3w. W uk\u0142adzie hydraulicznym si\u0142ownik \u0142y\u017cki zapewnia precyzyjn\u0105 kontrol\u0119 nad \u0142y\u017ck\u0105 poprzez zmiany ci\u015bnienia oleju hydraulicznego, umo\u017cliwiaj\u0105c operatorom wydajne przenoszenie ci\u0119\u017ckich \u0142adunk\u00f3w i dostosowanie si\u0119 do z\u0142o\u017conych warunk\u00f3w pracy oraz zr\u00f3\u017cnicowanych wymaga\u0144 operacyjnych.<\/p>\n<p><img decoding=\"async\" src=\"https:\/\/www.hydraulic-cylinders.net\/wp-content\/uploads\/2025\/01\/songte-company-2.webp\"><\/p>\n<h2>Cechy<\/h2>\n<ul>\n<li>Wysoka wytrzyma\u0142o\u015b\u0107 i trwa\u0142o\u015b\u0107: Zazwyczaj wykonane z wysokowytrzyma\u0142ej stali lub aluminium, wytrzymuj\u0105 du\u017ce ci\u015bnienie i du\u017ce obci\u0105\u017cenia, s\u0105 przystosowane do trudnych warunk\u00f3w pracy oraz zaprojektowane z my\u015bl\u0105 o odporno\u015bci na zu\u017cycie i korozj\u0119, co wyd\u0142u\u017ca ich \u017cywotno\u015b\u0107.<\/li>\n<li>Wydajne dzia\u0142anie uk\u0142adu hydraulicznego: p\u0142ynne dzia\u0142anie teleskopowe uzyskane dzi\u0119ki ci\u015bnieniu oleju hydraulicznego, mo\u017cliwo\u015b\u0107 szybkiej reakcji na polecenia operacyjne, zapewnienie du\u017cej si\u0142y pchania i ci\u0105gni\u0119cia, odpowiednie do obs\u0142ugi ci\u0119\u017ckich \u0142adunk\u00f3w i skomplikowanych zada\u0144 operacyjnych.<\/li>\n<li>R\u00f3\u017cne typy: W zale\u017cno\u015bci od potrzeb mo\u017cna wybra\u0107 cylindry jednostronnego dzia\u0142ania (hydrauliczne tylko w jednym kierunku) lub dwustronnego dzia\u0142ania (hydrauliczne w obu kierunkach). Niekt\u00f3re modele s\u0105 teleskopowe, co pozwala na wi\u0119ksz\u0105 wysi\u0119g bez zwi\u0119kszania wymiar\u00f3w zewn\u0119trznych i jest odpowiednie do zastosowa\u0144 w ograniczonej przestrzeni.<\/li>\n<li>\u0141atwo\u015b\u0107 produkcji: Nasz produkt mo\u017ce doskonale zast\u0105pi\u0107 te cylindry hydrauliczne.<\/li>\n<\/ul>\n<p><img decoding=\"async\" src=\"https:\/\/www.hydraulic-cylinders.net\/wp-content\/uploads\/2025\/01\/songte-cylinder-head-with-all-kinds-excavator-models.webp\"><\/p>\n<h2>Aplikacje<\/h2>\n<p>Si\u0142ownik \u0142y\u017cki do du\u017cej koparki Komatsu PC70LC-8 mo\u017ce by\u0107 stosowany w r\u00f3\u017cnych ga\u0142\u0119ziach przemys\u0142u, w tym:<\/p>\n<ul>\n<li>Sprz\u0119t budowlany: W koparkach s\u0105 one niezb\u0119dne do kopania, za\u0142adunku i przemieszczania ziemi lub gruzu. W koparko-\u0142adowarkach si\u0142ownik \u0142y\u017cki wspomaga zar\u00f3wno kopanie, jak i podnoszenie. <\/li>\n<li>Maszyny rolnicze: Stosowane w \u0142adowarkach czo\u0142owych do nabierania, podnoszenia i transportu ziemi, siana i innych materia\u0142\u00f3w. Koparki: Cylindry \u0142y\u017cki umo\u017cliwiaj\u0105 kopanie, pozwalaj\u0105c \u0142y\u017cce na penetracj\u0119 gleby.<\/li>\n<li>\u0141adowarki: W \u0142adowarkach czo\u0142owych pomagaj\u0105 w efektywnym podnoszeniu i przechylaniu towar\u00f3w.<\/li>\n<\/ul>\n<h2>Zagadnienia projektowe i kryteria wyboru<\/h2>\n<p>Przy projektowaniu i doborze cylindr\u00f3w kube\u0142kowych nale\u017cy wzi\u0105\u0107 pod uwag\u0119 takie kluczowe czynniki, jak no\u015bno\u015b\u0107, uszczelnienie, trwa\u0142o\u015b\u0107, bezpiecze\u0144stwo i \u0142atwo\u015b\u0107 konserwacji:<\/p>\n<ul>\n<li>No\u015bno\u015b\u0107: Cylinder musi by\u0107 w stanie wytrzyma\u0107 ci\u0119\u017car \u0142adunku i ci\u015bnienie uk\u0142adu hydraulicznego.<\/li>\n<li>Uszczelnienie: R\u00f3\u017cne elementy uszczelniaj\u0105ce, takie jak uszczelnienia t\u0142ok\u00f3w i uszczelnienia t\u0142oczysk, musz\u0105 by\u0107 dobierane z materia\u0142\u00f3w odpornych na zu\u017cycie, takich jak poliuretan i kauczuk nitrylowy, aby zapewni\u0107 d\u0142ug\u0105 \u017cywotno\u015b\u0107.<\/li>\n<li>Trwa\u0142o\u015b\u0107: Powierzchnia korpusu cylindra i powierzchnia gwintowana musz\u0105 zosta\u0107 poddane dok\u0142adnej obr\u00f3bce w celu zwi\u0119kszenia odporno\u015bci na zu\u017cycie.<\/li>\n<li>Bezpiecze\u0144stwo: Projektuj\u0105c i wybieraj\u0105c cylindry kube\u0142kowe, nale\u017cy zawsze bra\u0107 pod uwag\u0119 bezpiecze\u0144stwo instalacji, obs\u0142ugi i konserwacji.<\/li>\n<li>Konserwacja: Aby zapewni\u0107 d\u0142ug\u0105 \u017cywotno\u015b\u0107 cylindra, nale\u017cy wykonywa\u0107 regularn\u0105 konserwacj\u0119.<\/li>\n<\/ul>\n<p><img decoding=\"async\" src=\"https:\/\/www.hydraulic-cylinders.net\/wp-content\/uploads\/2025\/01\/songte-oil-pipes-and-spare-parts.webp\"><\/p>\n<h2>Uszczelnianie i smarowanie<\/h2>\n<p>R\u00f3\u017cne elementy uszczelniaj\u0105ce, takie jak uszczelnienia t\u0142oka i t\u0142oczyska, zapewniaj\u0105 uszczelnienie i smarowanie cylindra. Wykonane s\u0105 one z materia\u0142\u00f3w odpornych na zu\u017cycie, takich jak poliuretan i kauczuk nitrylowy. Korpus cylindra i gwintowana powierzchnia ko\u0144cowa s\u0105 precyzyjnie obrobione w celu zwi\u0119kszenia odporno\u015bci na zu\u017cycie. Wymaga to regularnego dodawania odpowiedniej ilo\u015bci oleju hydraulicznego w celu smarowania.<\/p>\n<p><img decoding=\"async\" src=\"https:\/\/www.hydraulic-cylinders.net\/wp-content\/uploads\/2025\/01\/songte-chushion-collar.webp\"><\/p>\n<h2>Konserwacja i naprawa<\/h2>\n<p>Nale\u017cy przeprowadza\u0107 regularne kontrole i podejmowa\u0107 dzia\u0142ania zapobiegawcze, w tym:<\/p>\n<ul>\n<li>Regularne kontrole i smarowanie<\/li>\n<li>Wymiana uszczelek i kontrola kalibracji<\/li>\n<li>Prawid\u0142owy monta\u017c i ustawienie cylindra<\/li>\n<li>Zastosowanie odpowiednich wspornik\u00f3w monta\u017cowych w celu zabezpieczenia cylindra<\/li>\n<li>Zalecane procedury kontroli, naprawy i wymiany<\/li>\n<li>Wymiana cz\u0119\u015bci i us\u0142ugi regeneracyjne<\/li>\n<\/ul>\n<h2>Bezpiecze\u0144stwo i wzgl\u0119dy \u015brodowiskowe<\/h2>\n<p>Podczas u\u017cytkowania cylindr\u00f3w kube\u0142kowych \u015brodki bezpiecze\u0144stwa maj\u0105 kluczowe znaczenie. Nale\u017cy r\u00f3wnie\u017c uwzgl\u0119dni\u0107 wp\u0142yw na \u015brodowisko i podj\u0105\u0107 odpowiednie \u015brodki w celu zminimalizowania negatywnego wp\u0142ywu.<\/p>\n<h2>Diagnostyka usterek i typowe problemy<\/h2>\n<p>Do typowych problem\u00f3w z cylindrami kube\u0142kowymi nale\u017c\u0105:<\/p>\n<ul>\n<li>Niewystarczaj\u0105ce ci\u015bnienie hydrauliczne<\/li>\n<li>Nieszczelne uszczelki<\/li>\n<li>Wygi\u0119ty lub uszkodzony t\u0142oczysko<\/li>\n<li>Zu\u017cyta lufa cylindra<\/li>\n<\/ul>\n<p>Aby rozwi\u0105za\u0107 te problemy, nale\u017cy przeprowadzi\u0107 odpowiedni\u0105 diagnostyk\u0119 usterek i podj\u0105\u0107 dzia\u0142ania naprawcze.<\/p>\n<p><img decoding=\"async\" src=\"https:\/\/www.hydraulic-cylinders.net\/wp-content\/uploads\/2025\/01\/songte-bushings-with-all-kinds-of-excavator-models.webp\"><\/p>\n<h2>O nas<\/h2>\n<p>Jeste\u015bmy producentem zamiennych cylindr\u00f3w hydraulicznych oferuj\u0105cym pe\u0142n\u0105 gam\u0119 produkt\u00f3w. Jeste\u015bmy jednym z wiod\u0105cych producent\u00f3w i hurtowych dystrybutor\u00f3w cylindr\u00f3w hydraulicznych na rynku krajowym i mi\u0119dzynarodowym. Kierujemy si\u0119 zasad\u0105 doskona\u0142o\u015bci i opieramy si\u0119 na zindustrializowanych strategiach zarz\u0105dzania produkcj\u0105 w precyzyjnych warsztatach produkcyjnych, wykorzystuj\u0105c talent technologiczny, zdigitalizowany, wysokiej klasy sprz\u0119t produkcyjny oraz profesjonalne systemy testowe, aby stale ulepsza\u0107 platform\u0119 produkcyjn\u0105 warsztatu, podnosi\u0107 jako\u015b\u0107 linii produkcyjnej i tworzy\u0107 produkty o wysokiej wydajno\u015bci, precyzji i jako\u015bci, aby sprosta\u0107 zr\u00f3\u017cnicowanym potrzebom naszych klient\u00f3w.<\/p>\n<p><img decoding=\"async\" src=\"https:\/\/hzpt.com\/wp-content\/uploads\/2024\/11\/songte-company-1.webp\"><\/p>\n<p>Specjalizujemy si\u0119 w \u015bwiadczeniu mi\u0119dzynarodowych certyfikat\u00f3w, us\u0142ugach dostosowanych do indywidualnych potrzeb, sprz\u0119cie produkcyjnym oraz obs\u0142udze posprzeda\u017cowej. Naszym celem jest dostarczanie naszym klientom najlepszych produkt\u00f3w i us\u0142ug.<\/p>\n<p>Autor: lyl<\/p>","protected":false},"excerpt":{"rendered":"<p>Bucket Cylinder For Komatsu Large Excavator PC70LC-8 Introduction The bucket cylinder for Komatsu large excavator PC70LC-8 is a specifically designed hydraulic cylinder used to control the movement of the bucket in heavy machinery such as excavators, backhoes, and front loaders. Its main function is to enable the bucket to lift, lower and tilt, making it [&hellip;]<\/p>","protected":false},"featured_media":14782,"comment_status":"open","ping_status":"closed","template":"","meta":{"_et_pb_use_builder":"","_et_pb_old_content":"","_et_gb_content_width":""},"product_brand":[],"product_cat":[1494],"product_tag":[1495,1496],"class_list":{"0":"post-15152","1":"product","2":"type-product","3":"status-publish","4":"has-post-thumbnail","6":"product_cat-bucket-cylinders","7":"product_tag-bucket-cylinders","8":"product_tag-hydraulic-cylinders","10":"first","11":"instock","12":"shipping-taxable","13":"product-type-simple"},"amp_enabled":true,"_links":{"self":[{"href":"https:\/\/www.hydraulic-cylinders.net\/pl\/wp-json\/wp\/v2\/product\/15152","targetHints":{"allow":["GET"]}}],"collection":[{"href":"https:\/\/www.hydraulic-cylinders.net\/pl\/wp-json\/wp\/v2\/product"}],"about":[{"href":"https:\/\/www.hydraulic-cylinders.net\/pl\/wp-json\/wp\/v2\/types\/product"}],"replies":[{"embeddable":true,"href":"https:\/\/www.hydraulic-cylinders.net\/pl\/wp-json\/wp\/v2\/comments?post=15152"}],"wp:featuredmedia":[{"embeddable":true,"href":"https:\/\/www.hydraulic-cylinders.net\/pl\/wp-json\/wp\/v2\/media\/14782"}],"wp:attachment":[{"href":"https:\/\/www.hydraulic-cylinders.net\/pl\/wp-json\/wp\/v2\/media?parent=15152"}],"wp:term":[{"taxonomy":"product_brand","embeddable":true,"href":"https:\/\/www.hydraulic-cylinders.net\/pl\/wp-json\/wp\/v2\/product_brand?post=15152"},{"taxonomy":"product_cat","embeddable":true,"href":"https:\/\/www.hydraulic-cylinders.net\/pl\/wp-json\/wp\/v2\/product_cat?post=15152"},{"taxonomy":"product_tag","embeddable":true,"href":"https:\/\/www.hydraulic-cylinders.net\/pl\/wp-json\/wp\/v2\/product_tag?post=15152"}],"curies":[{"name":"wp","href":"https:\/\/api.w.org\/{rel}","templated":true}]}}