{"id":15161,"date":"2025-01-19T14:10:57","date_gmt":"2025-01-19T14:10:57","guid":{"rendered":"https:\/\/www.hydraulic-cylinders.net\/product\/bucket-cylinder-for-hitachi-small-excavator-ex55\/"},"modified":"2025-01-19T14:10:59","modified_gmt":"2025-01-19T14:10:59","slug":"bucket-cylinder-for-hitachi-small-excavator-ex55","status":"publish","type":"product","link":"https:\/\/www.hydraulic-cylinders.net\/pl\/produkt\/bucket-cylinder-for-hitachi-small-excavator-ex55\/","title":{"rendered":"Si\u0142ownik \u0142y\u017cki do ma\u0142ej koparki Hitachi EX55"},"content":{"rendered":"<p><!DOCTYPE html><br \/>\n<html><br \/>\n<head><br \/>\n<title>Si\u0142ownik \u0142y\u017cki do ma\u0142ej koparki Hitachi EX55<\/title><br \/>\n<\/head><br \/>\n<body><\/p>\n<h1>Si\u0142ownik \u0142y\u017cki do ma\u0142ej koparki Hitachi EX55<\/h1>\n<h2>Wst\u0119p<\/h2>\n<p>Si\u0142ownik \u0142y\u017cki to specjalnie zaprojektowany si\u0142ownik hydrauliczny s\u0142u\u017c\u0105cy do sterowania ruchem \u0142y\u017cki w ci\u0119\u017ckich maszynach, takich jak koparki, koparko-\u0142adowarki i \u0142adowarki czo\u0142owe. Jego g\u0142\u00f3wn\u0105 funkcj\u0105 jest podnoszenie, opuszczanie i przechylanie \u0142y\u017cki, u\u0142atwiaj\u0105c wykonywanie r\u00f3\u017cnych zada\u0144 zwi\u0105zanych z prze\u0142adunkiem materia\u0142\u00f3w. W uk\u0142adzie hydraulicznym si\u0142ownik \u0142y\u017cki zapewnia precyzyjn\u0105 kontrol\u0119 nad \u0142y\u017ck\u0105 poprzez regulacj\u0119 ci\u015bnienia oleju hydraulicznego, umo\u017cliwiaj\u0105c operatorom wydajne przenoszenie ci\u0119\u017ckich \u0142adunk\u00f3w i dostosowywanie si\u0119 do z\u0142o\u017conych warunk\u00f3w pracy oraz zr\u00f3\u017cnicowanych potrzeb operacyjnych.<\/p>\n<p><img decoding=\"async\" src=\"https:\/\/www.hydraulic-cylinders.net\/wp-content\/uploads\/2025\/01\/songte-company-2.webp\" alt=\"Obraz cylindra wiadra\"><\/p>\n<h2>Cechy<\/h2>\n<ul>\n<li>Wysoka wytrzyma\u0142o\u015b\u0107 i trwa\u0142o\u015b\u0107: Zazwyczaj wykonany z wysokowytrzyma\u0142ej stali lub aluminium, si\u0142ownik \u0142y\u017cki wytrzymuje wysokie ci\u015bnienie i du\u017ce obci\u0105\u017cenia, dostosowuj\u0105c si\u0119 do trudnych warunk\u00f3w pracy. Zosta\u0142 zaprojektowany z uwzgl\u0119dnieniem odporno\u015bci na zu\u017cycie i korozj\u0119, co wyd\u0142u\u017ca jego \u017cywotno\u015b\u0107.<\/li>\n<li>Wydajna praca uk\u0142adu hydraulicznego: Dzi\u0119ki wykorzystaniu ci\u015bnienia oleju hydraulicznego si\u0142ownik \u0142y\u017cki zapewnia p\u0142ynne wysuwanie i wsuwanie, szybko reaguje na polecenia steruj\u0105ce, generuje du\u017c\u0105 si\u0142\u0119 pchania i ci\u0105gni\u0119cia oraz nadaje si\u0119 do podnoszenia ci\u0119\u017ckich \u0142adunk\u00f3w i wykonywania skomplikowanych zada\u0144 operacyjnych.<\/li>\n<li>Wszechstronne typy: Si\u0142owniki kube\u0142kowe mo\u017cna wybra\u0107 jako si\u0142owniki jednostronnego dzia\u0142ania (ci\u015bnienie hydrauliczne tylko w jednym kierunku) lub dwustronnego dzia\u0142ania (ci\u015bnienie hydrauliczne w obu kierunkach), w zale\u017cno\u015bci od konkretnych wymaga\u0144 operacyjnych. Niekt\u00f3re modele s\u0105 teleskopowe, co pozwala na wi\u0119ksze wysuni\u0119cie bez zwi\u0119kszania wymiar\u00f3w zewn\u0119trznych, dzi\u0119ki czemu nadaj\u0105 si\u0119 do zastosowa\u0144 w ograniczonej przestrzeni.<\/li>\n<\/ul>\n<p><img decoding=\"async\" src=\"https:\/\/www.hydraulic-cylinders.net\/wp-content\/uploads\/2025\/01\/songte-cylinder-head-with-all-kinds-excavator-models.webp\" alt=\"Modele cylindr\u00f3w kube\u0142kowych Obraz\"><\/p>\n<h2>Aplikacje<\/h2>\n<h3>Sprz\u0119t budowlany<\/h3>\n<p>W koparkach s\u0105 one niezb\u0119dne do kopania, za\u0142adunku i przemieszczania gleby lub gruzu. W koparko-\u0142adowarkach si\u0142ownik \u0142y\u017cki wspomaga zar\u00f3wno kopanie, jak i podnoszenie.<\/p>\n<h3>Maszyny rolnicze<\/h3>\n<p>Stosowany w \u0142adowarkach czo\u0142owych do nabierania, podnoszenia i transportu ziemi, siana i innych materia\u0142\u00f3w.<\/p>\n<h3>Koparki<\/h3>\n<p>Cylinder \u0142y\u017cki umo\u017cliwia kopanie poprzez umo\u017cliwienie \u0142y\u017cce wnikania w gleb\u0119.<\/p>\n<h3>\u0141adowarki<\/h3>\n<p>W \u0142adowarkach czo\u0142owych pomagaj\u0105 w efektywnym podnoszeniu i przechylaniu \u0142adunku.<\/p>\n<h2>Zagadnienia projektowe i kryteria wyboru<\/h2>\n<ul>\n<li>No\u015bno\u015b\u0107: Cylinder \u0142y\u017cki zaprojektowano tak, aby wytrzymywa\u0142 du\u017ce obci\u0105\u017cenia i ci\u015bnienia, co gwarantuje niezawodn\u0105 prac\u0119.<\/li>\n<li>Mo\u017cliwo\u015b\u0107 uszczelnienia: W celu zapewnienia skutecznego uszczelnienia i zapobiegania przeciekom stosuje si\u0119 r\u00f3\u017cne elementy uszczelniaj\u0105ce, takie jak uszczelki t\u0142okowe i uszczelki t\u0142oczyskowe wykonane z materia\u0142\u00f3w odpornych na zu\u017cycie, np. poliuretanu i kauczuku nitrylowego.<\/li>\n<li>Trwa\u0142o\u015b\u0107: Korpus cylindra i gwintowane ko\u0144c\u00f3wki poddawane s\u0105 precyzyjnym obr\u00f3bkom w celu zwi\u0119kszenia odporno\u015bci na zu\u017cycie i trwa\u0142o\u015bci.<\/li>\n<li>Bezpiecze\u0144stwo: Konstrukcja maszyny zosta\u0142a wyposa\u017cona w funkcje bezpiecze\u0144stwa, kt\u00f3re zapobiegaj\u0105 wypadkom i zapewniaj\u0105 ochron\u0119 operatora.<\/li>\n<li>\u0141atwo\u015b\u0107 konserwacji: Cylinder \u0142y\u017cki zaprojektowano tak, aby umo\u017cliwi\u0107 \u0142atw\u0105 konserwacj\u0119 i napraw\u0119.<\/li>\n<\/ul>\n<p><img decoding=\"async\" src=\"https:\/\/www.hydraulic-cylinders.net\/wp-content\/uploads\/2025\/01\/songte-oil-pipes-and-spare-parts.webp\" alt=\"Obraz cz\u0119\u015bci cylindra hydraulicznego\"><\/p>\n<h2>Uszczelnianie i smarowanie<\/h2>\n<p>W si\u0142owniku kube\u0142kowym zastosowano r\u00f3\u017cnorodne elementy uszczelniaj\u0105ce, takie jak uszczelnienia t\u0142oka i t\u0142oczyska, wykonane z materia\u0142\u00f3w odpornych na zu\u017cycie, takich jak poliuretan i kauczuk nitrylowy. Korpus si\u0142ownika i gwintowane ko\u0144c\u00f3wki s\u0105 precyzyjnie obrobione w celu zwi\u0119kszenia odporno\u015bci na zu\u017cycie. Regularne smarowanie odpowiednim olejem hydraulicznym jest niezb\u0119dne dla zapewnienia p\u0142ynnej pracy.<\/p>\n<h2>Regularne kontrole i konserwacja zapobiegawcza<\/h2>\n<ul>\n<li>Regularnie sprawdzaj, czy nie ma \u015blad\u00f3w zu\u017cycia, uszkodze\u0144 lub wyciek\u00f3w.<\/li>\n<li>Zapewnij odpowiednie smarowanie wszystkich ruchomych cz\u0119\u015bci.<\/li>\n<li>W celu utrzymania optymalnej wydajno\u015bci nale\u017cy w razie potrzeby wymieni\u0107 uszczelki i podk\u0142adki.<\/li>\n<li>Przeprowad\u017a kontrol\u0119 kalibracji, aby zapewni\u0107 prawid\u0142owe dzia\u0142anie urz\u0105dzenia.<\/li>\n<\/ul>\n<p><img decoding=\"async\" src=\"https:\/\/www.hydraulic-cylinders.net\/wp-content\/uploads\/2025\/01\/songte-chushion-collar.webp\" alt=\"Obraz konserwacji cylindra hydraulicznego\"><\/p>\n<h2>Zagadnienia bezpiecze\u0144stwa i czynniki \u015brodowiskowe<\/h2>\n<p>Wdro\u017cenie \u015brodk\u00f3w bezpiecze\u0144stwa podczas u\u017cytkowania cylindra \u0142y\u017cki ma kluczowe znaczenie dla zapobiegania wypadkom i zapewnienia bezpiecze\u0144stwa operatora. Nale\u017cy r\u00f3wnie\u017c uwzgl\u0119dni\u0107 czynniki \u015brodowiskowe, aby zminimalizowa\u0107 negatywny wp\u0142yw na otoczenie.<\/p>\n<h2>Diagnostyka usterek i typowe problemy<\/h2>\n<p>Do typowych problem\u00f3w z cylindrem \u0142y\u017cki nale\u017c\u0105 wycieki, obni\u017cona wydajno\u015b\u0107 i nieregularne ruchy. Szybkie rozwi\u0105zywanie problem\u00f3w i odpowiednie techniki rozwi\u0105zywania problem\u00f3w s\u0105 niezb\u0119dne do skutecznej diagnozy i rozwi\u0105zania tych problem\u00f3w.<\/p>\n<p><img decoding=\"async\" src=\"https:\/\/www.hydraulic-cylinders.net\/wp-content\/uploads\/2025\/01\/songte-bushings-with-all-kinds-of-excavator-models.webp\" alt=\"Rozwi\u0105zywanie problem\u00f3w z cylindrem hydraulicznym Obraz\"><\/p>\n<h2>Wskaz\u00f3wki dotycz\u0105ce konserwacji<\/h2>\n<ul>\n<li>Prawid\u0142owa instalacja, smarowanie i regulacja s\u0105 kluczowe dla uzyskania optymalnej wydajno\u015bci.<\/li>\n<li>Podczas monta\u017cu nale\u017cy zapewni\u0107 w\u0142a\u015bciwe ustawienie cylindra.<\/li>\n<li>Zaleca si\u0119 u\u017cycie odpowiednich uchwyt\u00f3w monta\u017cowych w celu zabezpieczenia cylindra.<\/li>\n<li>Przedstaw zalecane procedury kontroli, naprawy i wymiany.<\/li>\n<li>Podaj wskaz\u00f3wki, jak wyd\u0142u\u017cy\u0107 \u017cywotno\u015b\u0107 cylindra \u0142y\u017cki.<\/li>\n<\/ul>\n<h2>O naszej firmie<\/h2>\n<p>Jeste\u015bmy wiod\u0105cym producentem i hurtowym dystrybutorem zamiennych si\u0142ownik\u00f3w hydraulicznych na rynku krajowym i mi\u0119dzynarodowym. Nasza firma oferuje szerok\u0105 gam\u0119 produkt\u00f3w i d\u0105\u017cy do doskona\u0142o\u015bci jako\u015bci. Koncentruj\u0105c si\u0119 na przemys\u0142owych strategiach zarz\u0105dzania produkcj\u0105 oraz wykorzystaniu zaawansowanego sprz\u0119tu produkcyjnego i profesjonalnych system\u00f3w testowych, stale doskonalimy nasze mo\u017cliwo\u015bci produkcyjne, optymalizujemy jako\u015b\u0107 produkt\u00f3w i rozwijamy innowacyjne rozwi\u0105zania. Dok\u0142adamy wszelkich stara\u0144, aby sprosta\u0107 zr\u00f3\u017cnicowanym wymaganiom klient\u00f3w, zapewniaj\u0105c wysok\u0105 wydajno\u015b\u0107, precyzj\u0119 i jako\u015b\u0107.<\/p>\n<p><img decoding=\"async\" src=\"https:\/\/www.hydraulic-cylinders.net\/wp-content\/uploads\/2025\/01\/songte-company-3.webp\" alt=\"Wizerunek firmy\"><\/p>\n<h3>Profesjonalizm:<\/h3>\n<p>W ka\u017cdym aspekcie naszej dzia\u0142alno\u015bci przestrzegamy najwy\u017cszych standard\u00f3w zawodowych.<\/p>\n<h3>Certyfikaty mi\u0119dzynarodowe:<\/h3>\n<p>Nasze produkty spe\u0142niaj\u0105 mi\u0119dzynarodowe certyfikaty i standardy jako\u015bci.<\/p>\n<h3>Us\u0142ugi dostosowywania:<\/h3>\n<p>Oferujemy rozwi\u0105zania dostosowane do indywidualnych potrzeb klient\u00f3w.<\/p>\n<h3>Obiekty produkcyjne:<\/h3>\n<p>Dysponujemy najnowocze\u015bniejszymi obiektami i urz\u0105dzeniami produkcyjnymi.<\/p>\n<h3>Serwis posprzeda\u017cowy:<\/h3>\n<p>Oferujemy kompleksow\u0105 obs\u0142ug\u0119 posprzeda\u017cow\u0105, aby zagwarantowa\u0107 satysfakcj\u0119 klienta.<\/p>\n<p><em>Autor: lyl<\/em><\/p>\n<p><img decoding=\"async\" src=\"https:\/\/hzpt.com\/wp-content\/uploads\/2024\/11\/songte-company-1.webp\" alt=\"Wizerunek firmy\"><br \/>\n<\/body><br \/>\n<\/html><\/p>","protected":false},"excerpt":{"rendered":"<p>Bucket Cylinder For Hitachi Small Excavator EX55 Bucket Cylinder For Hitachi Small Excavator EX55 Introduction The bucket cylinder is a specially designed hydraulic cylinder used to control the movement of the bucket in heavy machinery such as excavators, backhoe loaders, and front loaders. Its main function is to enable the bucket to lift, lower, and [&hellip;]<\/p>","protected":false},"featured_media":14761,"comment_status":"open","ping_status":"closed","template":"","meta":{"_et_pb_use_builder":"","_et_pb_old_content":"","_et_gb_content_width":""},"product_brand":[],"product_cat":[1494],"product_tag":[1495,1496],"class_list":{"0":"post-15161","1":"product","2":"type-product","3":"status-publish","4":"has-post-thumbnail","6":"product_cat-bucket-cylinders","7":"product_tag-bucket-cylinders","8":"product_tag-hydraulic-cylinders","10":"first","11":"instock","12":"shipping-taxable","13":"product-type-simple"},"amp_enabled":true,"_links":{"self":[{"href":"https:\/\/www.hydraulic-cylinders.net\/pl\/wp-json\/wp\/v2\/product\/15161","targetHints":{"allow":["GET"]}}],"collection":[{"href":"https:\/\/www.hydraulic-cylinders.net\/pl\/wp-json\/wp\/v2\/product"}],"about":[{"href":"https:\/\/www.hydraulic-cylinders.net\/pl\/wp-json\/wp\/v2\/types\/product"}],"replies":[{"embeddable":true,"href":"https:\/\/www.hydraulic-cylinders.net\/pl\/wp-json\/wp\/v2\/comments?post=15161"}],"wp:featuredmedia":[{"embeddable":true,"href":"https:\/\/www.hydraulic-cylinders.net\/pl\/wp-json\/wp\/v2\/media\/14761"}],"wp:attachment":[{"href":"https:\/\/www.hydraulic-cylinders.net\/pl\/wp-json\/wp\/v2\/media?parent=15161"}],"wp:term":[{"taxonomy":"product_brand","embeddable":true,"href":"https:\/\/www.hydraulic-cylinders.net\/pl\/wp-json\/wp\/v2\/product_brand?post=15161"},{"taxonomy":"product_cat","embeddable":true,"href":"https:\/\/www.hydraulic-cylinders.net\/pl\/wp-json\/wp\/v2\/product_cat?post=15161"},{"taxonomy":"product_tag","embeddable":true,"href":"https:\/\/www.hydraulic-cylinders.net\/pl\/wp-json\/wp\/v2\/product_tag?post=15161"}],"curies":[{"name":"wp","href":"https:\/\/api.w.org\/{rel}","templated":true}]}}