{"id":15166,"date":"2025-01-19T14:11:19","date_gmt":"2025-01-19T14:11:19","guid":{"rendered":"https:\/\/www.hydraulic-cylinders.net\/product\/bucket-cylinder-for-sumitomo-small-excavator-sh60\/"},"modified":"2025-01-19T14:11:21","modified_gmt":"2025-01-19T14:11:21","slug":"bucket-cylinder-for-sumitomo-small-excavator-sh60","status":"publish","type":"product","link":"https:\/\/www.hydraulic-cylinders.net\/pl\/produkt\/bucket-cylinder-for-sumitomo-small-excavator-sh60\/","title":{"rendered":"Si\u0142ownik \u0142y\u017cki do ma\u0142ej koparki Sumitomo SH60"},"content":{"rendered":"<h1>Si\u0142ownik \u0142y\u017cki do ma\u0142ej koparki Sumitomo SH60<\/h1>\n<h2>Wst\u0119p<\/h2>\n<p>Si\u0142ownik \u0142y\u017cki do ma\u0142ej koparki Sumitomo SH60 to specjalnie zaprojektowany si\u0142ownik hydrauliczny s\u0142u\u017c\u0105cy do sterowania ruchem \u0142y\u017cki w ci\u0119\u017ckich maszynach, takich jak koparki, koparko-\u0142adowarki i \u0142adowarki czo\u0142owe. Jego g\u0142\u00f3wn\u0105 funkcj\u0105 jest podnoszenie, opuszczanie i przechylanie \u0142y\u017cki, co u\u0142atwia wykonywanie r\u00f3\u017cnych zada\u0144 zwi\u0105zanych z prze\u0142adunkiem materia\u0142\u00f3w. W uk\u0142adzie hydraulicznym si\u0142ownik \u0142y\u017cki precyzyjnie steruje jej ruchami poprzez zmiany ci\u015bnienia oleju hydraulicznego, umo\u017cliwiaj\u0105c operatorom wydajne przenoszenie ci\u0119\u017ckich \u0142adunk\u00f3w i dostosowywanie si\u0119 do z\u0142o\u017conych warunk\u00f3w pracy oraz zr\u00f3\u017cnicowanych wymaga\u0144.<\/p>\n<p><img decoding=\"async\" src=\"https:\/\/www.hydraulic-cylinders.net\/wp-content\/uploads\/2025\/01\/songte-company-2.webp\" alt=\"Obraz cylindra wiadra\"><\/p>\n<h2>Cechy<\/h2>\n<ol>\n<li>Wysoka wytrzyma\u0142o\u015b\u0107 i trwa\u0142o\u015b\u0107:<\/li>\n<p>Zazwyczaj wykonany z wysokowytrzyma\u0142ej stali lub aluminium, wytrzymuje wysokie ci\u015bnienie i du\u017ce obci\u0105\u017cenia, dostosowuj\u0105c si\u0119 do trudnych warunk\u00f3w pracy. Konstrukcja uwzgl\u0119dnia odporno\u015b\u0107 na zu\u017cycie i korozj\u0119, aby wyd\u0142u\u017cy\u0107 \u017cywotno\u015b\u0107.<\/p>\n<li>Wydajna praca uk\u0142adu hydraulicznego:<\/li>\n<p>Wykorzystuj\u0105c ci\u015bnienie oleju hydraulicznego, urz\u0105dzenie to zapewnia p\u0142ynne ruchy teleskopowe, szybko reaguje na polecenia steruj\u0105ce, zapewnia du\u017c\u0105 si\u0142\u0119 pchania i ci\u0105gni\u0119cia oraz nadaje si\u0119 do przenoszenia ci\u0119\u017ckich \u0142adunk\u00f3w i wykonywania skomplikowanych zada\u0144.<\/p>\n<li>R\u00f3\u017cne typy:<\/li>\n<p>Wybierz si\u0142owniki jednostronnego dzia\u0142ania (hydrauliczne dzia\u0142aj\u0105ce tylko w jednym kierunku) lub dwustronnego dzia\u0142ania (hydrauliczne dzia\u0142aj\u0105ce w obu kierunkach) w zale\u017cno\u015bci od konkretnych potrzeb operacyjnych. Niekt\u00f3re modele s\u0105 teleskopowe, co pozwala na wi\u0119ksze wysuni\u0119cie bez zwi\u0119kszania wymiar\u00f3w zewn\u0119trznych, dzi\u0119ki czemu idealnie nadaj\u0105 si\u0119 do zastosowa\u0144 w ograniczonej przestrzeni.<\/p>\n<li>Idealny zamiennik:<\/li>\n<p>Nasze produkty mog\u0105 doskonale zast\u0105pi\u0107 te si\u0142owniki hydrauliczne.<\/p>\n<\/ol>\n<p><img decoding=\"async\" src=\"https:\/\/www.hydraulic-cylinders.net\/wp-content\/uploads\/2025\/01\/songte-cylinder-head-with-all-kinds-excavator-models.webp\" alt=\"Obraz cylindra hydraulicznego\"><\/p>\n<h2>Aplikacje<\/h2>\n<ul>\n<li>Sprz\u0119t budowlany:<\/li>\n<p>W koparkach s\u0105 one niezb\u0119dne do kopania, za\u0142adunku i przemieszczania gleby lub gruzu. W koparko-\u0142adowarkach si\u0142ownik \u0142y\u017cki wspomaga zar\u00f3wno kopanie, jak i podnoszenie.<\/p>\n<li>Maszyny rolnicze:<\/li>\n<p>Stosowany w \u0142adowarkach czo\u0142owych do nabierania, podnoszenia i transportu ziemi, siana i innych materia\u0142\u00f3w.<\/p>\n<li>Koparki:<\/li>\n<p>Cylinder \u0142y\u017cki umo\u017cliwia kopanie poprzez umo\u017cliwienie \u0142y\u017cce wnikania w gleb\u0119.<\/p>\n<li>\u0141adowarki:<\/li>\n<p>W \u0142adowarkach czo\u0142owych pomagaj\u0105 w efektywnym podnoszeniu i wysypywaniu towar\u00f3w.<\/p>\n<\/ul>\n<h2>Zagadnienia projektowe i kryteria wyboru<\/h2>\n<p>Przy projektowaniu bierze si\u0119 pod uwag\u0119 takie kluczowe czynniki, jak no\u015bno\u015b\u0107, uszczelnienie, trwa\u0142o\u015b\u0107, bezpiecze\u0144stwo i \u0142atwo\u015b\u0107 konserwacji.<\/p>\n<p><img decoding=\"async\" src=\"https:\/\/www.hydraulic-cylinders.net\/wp-content\/uploads\/2025\/01\/songte-oil-pipes-and-spare-parts.webp\" alt=\"Obraz element\u00f3w cylindra hydraulicznego\"><\/p>\n<h2>Uszczelnianie i smarowanie<\/h2>\n<p>W cylindrze czerpakowym zastosowano r\u00f3\u017cnorodne elementy uszczelniaj\u0105ce, takie jak uszczelnienia t\u0142oka i t\u0142oczyska, wykonane z materia\u0142\u00f3w odpornych na zu\u017cycie, takich jak poliuretan i kauczuk nitrylowy. Korpus cylindra i gwintowane ko\u0144c\u00f3wki poddawane s\u0105 starannej obr\u00f3bce powierzchni w celu zwi\u0119kszenia odporno\u015bci na zu\u017cycie. Konieczne jest regularne smarowanie odpowiedni\u0105 ilo\u015bci\u0105 oleju hydraulicznego.<\/p>\n<h2>Regularne kontrole i konserwacja zapobiegawcza<\/h2>\n<ul>\n<li>Regularnie sprawdzaj wszystkie podzespo\u0142y, aby mie\u0107 pewno\u015b\u0107, \u017ce dzia\u0142aj\u0105 prawid\u0142owo.<\/li>\n<li>Aby zapewni\u0107 p\u0142ynn\u0105 prac\u0119, nale\u017cy wykona\u0107 odpowiednie smarowanie.<\/li>\n<li>Aby zapobiec przeciekom, nale\u017cy niezw\u0142ocznie wymieni\u0107 zu\u017cyte uszczelki.<\/li>\n<li>Aby uzyska\u0107 optymaln\u0105 wydajno\u015b\u0107, nale\u017cy regularnie kalibrowa\u0107 i sprawdza\u0107 ustawienie.<\/li>\n<\/ul>\n<p><img decoding=\"async\" src=\"https:\/\/www.hydraulic-cylinders.net\/wp-content\/uploads\/2025\/01\/songte-chushion-collar.webp\" alt=\"Obraz cz\u0119\u015bci cylindra hydraulicznego\"><\/p>\n<h2>Zagadnienia bezpiecze\u0144stwa i czynniki \u015brodowiskowe<\/h2>\n<p>Podczas korzystania z si\u0142ownik\u00f3w hydraulicznych nale\u017cy zachowa\u0107 szczeg\u00f3ln\u0105 ostro\u017cno\u015b\u0107, aby zapobiec wypadkom i zapewni\u0107 bezpieczne \u015brodowisko pracy.<\/p>\n<h2>Diagnostyka usterek i typowe problemy<\/h2>\n<p>Identyfikacja usterek i rozwi\u0105zywanie typowych problem\u00f3w jest kluczowe dla skutecznego rozwi\u0105zywania problem\u00f3w. W\u0142a\u015bciwe rozwi\u0105zania i \u015brodki zapobiegawcze pomagaj\u0105 zminimalizowa\u0107 potencjalne problemy.<\/p>\n<p><img decoding=\"async\" src=\"https:\/\/www.hydraulic-cylinders.net\/wp-content\/uploads\/2025\/01\/songte-bushings-with-all-kinds-of-excavator-models.webp\" alt=\"Obraz tulei cylindr\u00f3w hydraulicznych\"><\/p>\n<h2>Zadania konserwacyjne<\/h2>\n<p>Do typowych czynno\u015bci konserwacyjnych nale\u017c\u0105 regularne kontrole, prawid\u0142owe smarowanie, wymiana uszczelnie\u0144 i kontrola kalibracji. Szczeg\u00f3lny nacisk po\u0142o\u017cono na prawid\u0142owy monta\u017c, smarowanie i regulacj\u0119. Podano wskaz\u00f3wki dotycz\u0105ce prawid\u0142owego ustawienia cylindra podczas monta\u017cu oraz zaleca si\u0119 stosowanie odpowiednich wspornik\u00f3w monta\u017cowych. Przedstawiono zalecane procedury kontroli, naprawy i wymiany, a tak\u017ce wskaz\u00f3wki dotycz\u0105ce wyd\u0142u\u017cenia \u017cywotno\u015bci cylindra hydraulicznego.<\/p>\n<h2>O naszej firmie<\/h2>\n<p>Jeste\u015bmy producentem specjalizuj\u0105cym si\u0119 w produkcji zamiennych cylindr\u00f3w hydraulicznych. Dzi\u0119ki szerokiej ofercie produktowej stali\u015bmy si\u0119 jednym z wiod\u0105cych producent\u00f3w i hurtowych dystrybutor\u00f3w cylindr\u00f3w hydraulicznych na rynku krajowym i mi\u0119dzynarodowym. Przestrzegamy zasad najwy\u017cszej jako\u015bci i opieramy si\u0119 na przemys\u0142owych strategiach zarz\u0105dzania produkcj\u0105 w naszym nowoczesnym zak\u0142adzie produkcyjnym. Nasza firma stale udoskonala platform\u0119 produkcyjn\u0105, podnosi jako\u015b\u0107 linii produkcyjnych i dysponuje du\u017cym potencja\u0142em kreatywnym. Dok\u0142adamy wszelkich stara\u0144, aby sprosta\u0107 zr\u00f3\u017cnicowanym potrzebom klient\u00f3w, zapewniaj\u0105c wysok\u0105 wydajno\u015b\u0107, precyzj\u0119 i jako\u015b\u0107.<\/p>\n<p><img decoding=\"async\" src=\"https:\/\/www.hydraulic-cylinders.net\/wp-content\/uploads\/2025\/01\/songte-company-3.webp\" alt=\"Wizerunek firmy\"><\/p>\n<h3>Profesjonalizm:<\/h3>\n<p>W naszych dzia\u0142aniach stawiamy na profesjonalizm, dbaj\u0105c o to, aby nasze produkty spe\u0142nia\u0142y najwy\u017csze standardy.<\/p>\n<h3>Certyfikaty mi\u0119dzynarodowe:<\/h3>\n<p>Uzyskali\u015bmy szereg mi\u0119dzynarodowych certyfikat\u00f3w potwierdzaj\u0105cych nasze zaanga\u017cowanie na rzecz jako\u015bci i niezawodno\u015bci.<\/p>\n<h3>Us\u0142ugi dostosowywania:<\/h3>\n<p>Oferujemy us\u0142ugi dostosowywania do indywidualnych wymaga\u0144 klienta.<\/p>\n<h3>Sprz\u0119t produkcyjny:<\/h3>\n<p>Wykorzystujemy najnowocze\u015bniejszy sprz\u0119t produkcyjny, aby zagwarantowa\u0107 jako\u015b\u0107 i wydajno\u015b\u0107 naszych proces\u00f3w wytw\u00f3rczych.<\/p>\n<h3>Serwis posprzeda\u017cowy:<\/h3>\n<p>Zapewniamy kompleksow\u0105 obs\u0142ug\u0119 posprzeda\u017cow\u0105, dbaj\u0105c o zadowolenie klienta w trakcie korzystania z naszych produkt\u00f3w.<\/p>\n<p>Autor: lyl<\/p>","protected":false},"excerpt":{"rendered":"<p>Bucket Cylinder For Sumitomo Small Excavator SH60 Introduction The Bucket Cylinder for Sumitomo Small Excavator SH60 is a specially designed hydraulic cylinder used to control the movement of the bucket in heavy machinery such as excavators, backhoe loaders, and front loaders. Its main function is to enable the lifting, lowering, and tilting of the bucket, [&hellip;]<\/p>","protected":false},"featured_media":14784,"comment_status":"open","ping_status":"closed","template":"","meta":{"_et_pb_use_builder":"","_et_pb_old_content":"","_et_gb_content_width":""},"product_brand":[],"product_cat":[1494],"product_tag":[1495,1496],"class_list":{"0":"post-15166","1":"product","2":"type-product","3":"status-publish","4":"has-post-thumbnail","6":"product_cat-bucket-cylinders","7":"product_tag-bucket-cylinders","8":"product_tag-hydraulic-cylinders","10":"first","11":"instock","12":"shipping-taxable","13":"product-type-simple"},"amp_enabled":true,"_links":{"self":[{"href":"https:\/\/www.hydraulic-cylinders.net\/pl\/wp-json\/wp\/v2\/product\/15166","targetHints":{"allow":["GET"]}}],"collection":[{"href":"https:\/\/www.hydraulic-cylinders.net\/pl\/wp-json\/wp\/v2\/product"}],"about":[{"href":"https:\/\/www.hydraulic-cylinders.net\/pl\/wp-json\/wp\/v2\/types\/product"}],"replies":[{"embeddable":true,"href":"https:\/\/www.hydraulic-cylinders.net\/pl\/wp-json\/wp\/v2\/comments?post=15166"}],"wp:featuredmedia":[{"embeddable":true,"href":"https:\/\/www.hydraulic-cylinders.net\/pl\/wp-json\/wp\/v2\/media\/14784"}],"wp:attachment":[{"href":"https:\/\/www.hydraulic-cylinders.net\/pl\/wp-json\/wp\/v2\/media?parent=15166"}],"wp:term":[{"taxonomy":"product_brand","embeddable":true,"href":"https:\/\/www.hydraulic-cylinders.net\/pl\/wp-json\/wp\/v2\/product_brand?post=15166"},{"taxonomy":"product_cat","embeddable":true,"href":"https:\/\/www.hydraulic-cylinders.net\/pl\/wp-json\/wp\/v2\/product_cat?post=15166"},{"taxonomy":"product_tag","embeddable":true,"href":"https:\/\/www.hydraulic-cylinders.net\/pl\/wp-json\/wp\/v2\/product_tag?post=15166"}],"curies":[{"name":"wp","href":"https:\/\/api.w.org\/{rel}","templated":true}]}}