{"id":15168,"date":"2025-01-19T14:11:26","date_gmt":"2025-01-19T14:11:26","guid":{"rendered":"https:\/\/www.hydraulic-cylinders.net\/product\/bucket-cylinder-for-sumitomo-small-excavator-sh100a1a2a3\/"},"modified":"2025-01-19T14:11:28","modified_gmt":"2025-01-19T14:11:28","slug":"bucket-cylinder-for-sumitomo-small-excavator-sh100a1a2a3","status":"publish","type":"product","link":"https:\/\/www.hydraulic-cylinders.net\/pl\/produkt\/bucket-cylinder-for-sumitomo-small-excavator-sh100a1a2a3\/","title":{"rendered":"Si\u0142ownik \u0142y\u017cki do ma\u0142ej koparki Sumitomo SH100A1A2A3"},"content":{"rendered":"<h1>Si\u0142ownik \u0142y\u017cki do ma\u0142ej koparki Sumitomo SH100A1A2A3<\/h1>\n<h2>Wst\u0119p<\/h2>\n<p>The bucket cylinder for Sumitomo small excavator SH100A1A2A3 is a specialized hydraulic cylinder designed to control the movement of the bucket in heavy machinery such as excavators, backhoe loaders, and front-end loaders. Its main function is to enable the bucket to lift, lower, and tilt, making it easier to handle various material handling tasks. The bucket cylinder achieves precise control of the bucket&#8217;s movement through changes in hydraulic oil pressure in the hydraulic system, allowing operators to efficiently handle heavy objects and adapt to complex working environments and diverse job requirements.<\/p>\n<p><img decoding=\"async\" src=\"https:\/\/www.hydraulic-cylinders.net\/wp-content\/uploads\/2025\/01\/songte-company-2.webp\"><\/p>\n<h2>Cechy<\/h2>\n<ul>\n<li>Wysoka wytrzyma\u0142o\u015b\u0107 i trwa\u0142o\u015b\u0107: Zazwyczaj wykonany z wytrzyma\u0142ej stali lub aluminium, wytrzymuje du\u017ce ci\u015bnienie i obci\u0105\u017cenia, jest przystosowany do trudnych warunk\u00f3w pracy, a tak\u017ce jest zaprojektowany z my\u015bl\u0105 o odporno\u015bci na zu\u017cycie i korozj\u0119, co wyd\u0142u\u017ca jego \u017cywotno\u015b\u0107.<\/li>\n<li>Wydajne dzia\u0142anie hydrauliczne: P\u0142ynne rozci\u0105ganie i kurczenie jest osi\u0105gane dzi\u0119ki ci\u015bnieniu oleju hydraulicznego. Szybko reaguje na polecenia steruj\u0105ce, zapewnia du\u017c\u0105 si\u0142\u0119 pchania i ci\u0105gni\u0119cia oraz nadaje si\u0119 do przenoszenia ci\u0119\u017ckich przedmiot\u00f3w i wykonywania skomplikowanych zada\u0144.<\/li>\n<li>R\u00f3\u017cnorodno\u015b\u0107 typ\u00f3w: W zale\u017cno\u015bci od potrzeb mo\u017cna wybra\u0107 cylindry jednostronnego dzia\u0142ania (hydrauliczne tylko w jednym kierunku) lub dwustronnego dzia\u0142ania (hydrauliczne w obu kierunkach). Niekt\u00f3re modele s\u0105 teleskopowe, co pozwala na wi\u0119ksze wysuni\u0119cie bez zwi\u0119kszania wymiar\u00f3w zewn\u0119trznych, dzi\u0119ki czemu nadaj\u0105 si\u0119 do zastosowa\u0144 w ograniczonej przestrzeni.<\/li>\n<li>\u0141atwy monta\u017c: Nasza firma produkuje ten produkt i mo\u017ce on doskonale zast\u0105pi\u0107 te cylindry hydrauliczne.<\/li>\n<\/ul>\n<p><img decoding=\"async\" src=\"https:\/\/www.hydraulic-cylinders.net\/wp-content\/uploads\/2025\/01\/songte-cylinder-head-with-all-kinds-excavator-models.webp\"><\/p>\n<h2>Aplikacje<\/h2>\n<p>Cylinder kube\u0142kowy ma szeroki zakres zastosowa\u0144, takich jak:<\/p>\n<ul>\n<li>Sprz\u0119t budowlany: W koparkach s\u0105 one niezb\u0119dne do wykopywania, za\u0142adunku i przemieszczania gleby lub gruzu. W koparko-\u0142adowarkach si\u0142ownik \u0142y\u017cki pomaga zar\u00f3wno w kopaniu, jak i podnoszeniu. <\/li>\n<li>Maszyny rolnicze: Stosowane w \u0142adowarkach czo\u0142owych do nabierania, podnoszenia i transportu gleby, siana i innych materia\u0142\u00f3w. <\/li>\n<li>Koparki: Cylinder \u0142y\u017cki umo\u017cliwia kopanie poprzez umo\u017cliwienie \u0142y\u017cce zag\u0142\u0119biania si\u0119 w gleb\u0119.<\/li>\n<li>\u0141adowarki: W \u0142adowarkach czo\u0142owych pomagaj\u0105 w wydajnym podnoszeniu i przechylaniu towar\u00f3w.<\/li>\n<\/ul>\n<p>Poni\u017cej przedstawiono kilka przyk\u0142ad\u00f3w r\u00f3\u017cnych zastosowa\u0144 cylindra kube\u0142kowego:<\/p>\n<h3>Sprz\u0119t budowlany<\/h3>\n<p>W koparkach s\u0105 one niezb\u0119dne do wykopywania, za\u0142adunku i przemieszczania gleby lub gruzu. W koparko-\u0142adowarkach si\u0142ownik \u0142y\u017cki pomaga zar\u00f3wno w kopaniu, jak i podnoszeniu.<\/p>\n<h3>Maszyny rolnicze<\/h3>\n<p>Stosowany w \u0142adowarkach czo\u0142owych do nabierania, podnoszenia i transportu ziemi, siana i innych materia\u0142\u00f3w.<\/p>\n<h3>Koparki<\/h3>\n<p>Cylinder \u0142y\u017cki umo\u017cliwia kopanie poprzez umo\u017cliwienie \u0142y\u017cce zag\u0142\u0119biania si\u0119 w gleb\u0119.<\/p>\n<h3>\u0141adowarki<\/h3>\n<p>W \u0142adowarkach czo\u0142owych pomagaj\u0105 w efektywnym podnoszeniu i przechylaniu towar\u00f3w.<\/p>\n<h2>Zagadnienia projektowe i kryteria wyboru<\/h2>\n<h3>No\u015bno\u015b\u0107<\/h3>\n<p>Si\u0142ownik czerpakowy zosta\u0142 zaprojektowany do przenoszenia du\u017cych obci\u0105\u017ce\u0144 i wysokiego ci\u015bnienia. Zastosowane materia\u0142y, takie jak stal o wysokiej wytrzyma\u0142o\u015bci lub aluminium, zosta\u0142y dobrane ze wzgl\u0119du na trwa\u0142o\u015b\u0107 oraz odporno\u015b\u0107 na zu\u017cycie i korozj\u0119. <\/p>\n<h3>Uszczelnienie i trwa\u0142o\u015b\u0107<\/h3>\n<p>R\u00f3\u017cne elementy uszczelniaj\u0105ce, takie jak uszczelnienia t\u0142oczysk i t\u0142oczysk, zapobiegaj\u0105 wyciekaniu p\u0142ynu hydraulicznego z cylindra. Wykonane s\u0105 z materia\u0142\u00f3w odpornych na zu\u017cycie, takich jak poliuretan i kauczuk nitrylowy. Wewn\u0119trzna powierzchnia korpusu cylindra i gwintowana ko\u0144c\u00f3wka s\u0105 precyzyjnie obrobione, aby zwi\u0119kszy\u0107 odporno\u015b\u0107 na zu\u017cycie. Regularne uzupe\u0142nianie odpowiedniej ilo\u015bci oleju hydraulicznego w celu smarowania jest niezb\u0119dne dla utrzymania trwa\u0142o\u015bci.<\/p>\n<p><img decoding=\"async\" src=\"https:\/\/www.hydraulic-cylinders.net\/wp-content\/uploads\/2025\/01\/songte-oil-pipes-and-spare-parts.webp\"><\/p>\n<h2>Konserwacja i naprawa<\/h2>\n<p>Regularna konserwacja i dzia\u0142ania zapobiegawcze s\u0105 niezb\u0119dne dla zapewnienia d\u0142ugotrwa\u0142ej pracy si\u0142ownika \u0142y\u017cki. Oto kilka wa\u017cnych zada\u0144:<\/p>\n<h3>Instalacja<\/h3>\n<p>Podczas monta\u017cu cylindra niezwykle istotne jest jego prawid\u0142owe ustawienie i zastosowanie odpowiednich uchwyt\u00f3w monta\u017cowych, aby zamocowa\u0107 go na miejscu.<\/p>\n<h3>Konserwacja<\/h3>\n<p>Do regularnych czynno\u015bci konserwacyjnych zalicza si\u0119 prawid\u0142owe smarowanie, sprawdzanie uszczelek pod k\u0105tem zu\u017cycia i nieszczelno\u015bci oraz inspekcj\u0119 cylindra pod k\u0105tem uszkodze\u0144 lub usterek.<\/p>\n<h3>Naprawa<\/h3>\n<p>W przypadku uszkodzenia lub awarii mo\u017ce by\u0107 konieczna wymiana niekt\u00f3rych podzespo\u0142\u00f3w cylindra lub jego ca\u0142kowita regeneracja. Nasza firma oferuje cz\u0119\u015bci zamienne i us\u0142ugi regeneracji, kt\u00f3re pomagaj\u0105 wyd\u0142u\u017cy\u0107 \u017cywotno\u015b\u0107 cylindra i skr\u00f3ci\u0107 przestoje.<\/p>\n<p><img decoding=\"async\" src=\"https:\/\/www.hydraulic-cylinders.net\/wp-content\/uploads\/2025\/01\/songte-chushion-collar.webp\"><\/p>\n<h2>Zagadnienia bezpiecze\u0144stwa i czynniki \u015brodowiskowe<\/h2>\n<p>The safety measures are critical when using the bucket cylinder. Proper training is necessary to ensure that operators can use the cylinder safely and effectively. Environmental factors such as temperature and humidity can also affect the cylinder&#8217;s performance and longevity.<\/p>\n<h2>Typowe problemy i rozwi\u0105zywanie problem\u00f3w<\/h2>\n<p>W trakcie u\u017cytkowania si\u0142ownik czerpakowy mo\u017ce napotyka\u0107 na r\u00f3\u017cne problemy, takie jak wycieki, ha\u0142as czy powolna praca. Dok\u0142adna i skuteczna diagnoza tych problem\u00f3w jest niezb\u0119dna, aby zminimalizowa\u0107 czas przestoju. Regularna konserwacja i prawid\u0142owy monta\u017c to r\u00f3wnie\u017c wa\u017cne \u015brodki zapobiegawcze.<\/p>\n<p><img decoding=\"async\" src=\"https:\/\/www.hydraulic-cylinders.net\/wp-content\/uploads\/2025\/01\/songte-bushings-with-all-kinds-of-excavator-models.webp\"><\/p>\n<h2>O naszej firmie<\/h2>\n<p>Nasza firma jest wiod\u0105cym producentem i hurtownikiem si\u0142ownik\u00f3w hydraulicznych na rynku krajowym i mi\u0119dzynarodowym. D\u0105\u017cymy do dostarczania produkt\u00f3w najwy\u017cszej jako\u015bci i opieramy si\u0119 na naszych strategiach zarz\u0105dzania produkcj\u0105 przemys\u0142ow\u0105, takich jak wykorzystanie zaawansowanych technologii i profesjonalnych system\u00f3w testowych, aby stale ulepsza\u0107 nasze platformy produkcyjne i jako\u015b\u0107 produkt\u00f3w. Nasze wysokie kompetencje w zakresie innowacji i kreatywno\u015bci pozwalaj\u0105 nam sprosta\u0107 zr\u00f3\u017cnicowanym potrzebom klient\u00f3w, zapewniaj\u0105c wysok\u0105 wydajno\u015b\u0107, dok\u0142adno\u015b\u0107 i jako\u015b\u0107.<\/p>\n<h3>Profesjonalizm<\/h3>\n<p>We have a team of experienced professionals who are committed to providing the best solutions for our customers&#8217; requirements.<\/p>\n<h3>Mi\u0119dzynarodowa Certyfikacja<\/h3>\n<p>Nasza firma uzyska\u0142a szereg mi\u0119dzynarodowych certyfikat\u00f3w, takich jak ISO9001, CE i SGS, co gwarantuje, \u017ce jako\u015b\u0107 naszych produkt\u00f3w spe\u0142nia mi\u0119dzynarodowe standardy.<\/p>\n<h3>Personalizacja<\/h3>\n<p>Oferujemy us\u0142ugi dostosowane do zr\u00f3\u017cnicowanych potrzeb naszych klient\u00f3w, obejmuj\u0105ce projektowanie, produkcj\u0119 i pakowanie dostosowane do indywidualnych potrzeb, a tak\u017ce dostosowane do indywidualnych potrzeb us\u0142ugi posprzeda\u017cowe.<\/p>\n<h3>Sprz\u0119t produkcyjny<\/h3>\n<p>Nasza firma korzysta z najnowocze\u015bniejszego sprz\u0119tu produkcyjnego, takiego jak maszyny CNC i zautomatyzowane linie monta\u017cowe, co pozwala nam zagwarantowa\u0107 wysok\u0105 wydajno\u015b\u0107 i dok\u0142adno\u015b\u0107 produkcji.<\/p>\n<h3>Serwis posprzeda\u017cowy<\/h3>\n<p>Oferujemy profesjonaln\u0105 obs\u0142ug\u0119 posprzeda\u017cow\u0105, aby pom\u00f3c klientom rozwi\u0105zywa\u0107 problemy pojawiaj\u0105ce si\u0119 podczas u\u017cytkowania naszych produkt\u00f3w. Ponadto zapewniamy wsparcie techniczne i us\u0142ugi szkoleniowe, aby pom\u00f3c klientom w rozwijaniu ich umiej\u0119tno\u015bci i wiedzy.<\/p>\n<p><img decoding=\"async\" src=\"https:\/\/www.hydraulic-cylinders.net\/wp-content\/uploads\/2025\/01\/songte-company-3.webp\"><\/p>\n<p>Autor: lyl.<\/p>","protected":false},"excerpt":{"rendered":"<p>Bucket Cylinder For Sumitomo Small Excavator SH100A1A2A3 Introduction The bucket cylinder for Sumitomo small excavator SH100A1A2A3 is a specialized hydraulic cylinder designed to control the movement of the bucket in heavy machinery such as excavators, backhoe loaders, and front-end loaders. Its main function is to enable the bucket to lift, lower, and tilt, making it [&hellip;]<\/p>","protected":false},"featured_media":14780,"comment_status":"open","ping_status":"closed","template":"","meta":{"_et_pb_use_builder":"","_et_pb_old_content":"","_et_gb_content_width":""},"product_brand":[],"product_cat":[1494],"product_tag":[1495,1496],"class_list":{"0":"post-15168","1":"product","2":"type-product","3":"status-publish","4":"has-post-thumbnail","6":"product_cat-bucket-cylinders","7":"product_tag-bucket-cylinders","8":"product_tag-hydraulic-cylinders","10":"first","11":"instock","12":"shipping-taxable","13":"product-type-simple"},"amp_enabled":true,"_links":{"self":[{"href":"https:\/\/www.hydraulic-cylinders.net\/pl\/wp-json\/wp\/v2\/product\/15168","targetHints":{"allow":["GET"]}}],"collection":[{"href":"https:\/\/www.hydraulic-cylinders.net\/pl\/wp-json\/wp\/v2\/product"}],"about":[{"href":"https:\/\/www.hydraulic-cylinders.net\/pl\/wp-json\/wp\/v2\/types\/product"}],"replies":[{"embeddable":true,"href":"https:\/\/www.hydraulic-cylinders.net\/pl\/wp-json\/wp\/v2\/comments?post=15168"}],"wp:featuredmedia":[{"embeddable":true,"href":"https:\/\/www.hydraulic-cylinders.net\/pl\/wp-json\/wp\/v2\/media\/14780"}],"wp:attachment":[{"href":"https:\/\/www.hydraulic-cylinders.net\/pl\/wp-json\/wp\/v2\/media?parent=15168"}],"wp:term":[{"taxonomy":"product_brand","embeddable":true,"href":"https:\/\/www.hydraulic-cylinders.net\/pl\/wp-json\/wp\/v2\/product_brand?post=15168"},{"taxonomy":"product_cat","embeddable":true,"href":"https:\/\/www.hydraulic-cylinders.net\/pl\/wp-json\/wp\/v2\/product_cat?post=15168"},{"taxonomy":"product_tag","embeddable":true,"href":"https:\/\/www.hydraulic-cylinders.net\/pl\/wp-json\/wp\/v2\/product_tag?post=15168"}],"curies":[{"name":"wp","href":"https:\/\/api.w.org\/{rel}","templated":true}]}}