{"id":15170,"date":"2025-01-19T14:11:34","date_gmt":"2025-01-19T14:11:34","guid":{"rendered":"https:\/\/www.hydraulic-cylinders.net\/product\/bucket-cylinder-for-sumitomo-small-excavator-sh60a3\/"},"modified":"2025-01-19T14:11:36","modified_gmt":"2025-01-19T14:11:36","slug":"bucket-cylinder-for-sumitomo-small-excavator-sh60a3","status":"publish","type":"product","link":"https:\/\/www.hydraulic-cylinders.net\/pl\/produkt\/bucket-cylinder-for-sumitomo-small-excavator-sh60a3\/","title":{"rendered":"Si\u0142ownik \u0142y\u017cki do ma\u0142ej koparki Sumitomo SH60A3"},"content":{"rendered":"<h1>Si\u0142ownik \u0142y\u017cki do ma\u0142ej koparki Sumitomo SH60A3<\/h1>\n<h2>Wst\u0119p<\/h2>\n<p>Si\u0142ownik \u0142y\u017cki do ma\u0142ej koparki Sumitomo SH60A3 to specjalistyczny si\u0142ownik hydrauliczny, u\u017cywany g\u0142\u00f3wnie do sterowania ruchem \u0142y\u017cek w ci\u0119\u017ckich maszynach, takich jak koparki, koparko-\u0142adowarki i \u0142adowarki czo\u0142owe. Jego g\u0142\u00f3wn\u0105 funkcj\u0105 jest podnoszenie, opuszczanie i przechylanie \u0142y\u017cki, u\u0142atwiaj\u0105c prze\u0142adunek r\u00f3\u017cnorodnych materia\u0142\u00f3w. W uk\u0142adzie hydraulicznym si\u0142ownik \u0142y\u017cki zapewnia precyzyjn\u0105 kontrol\u0119 nad \u0142y\u017ck\u0105 poprzez zmiany ci\u015bnienia oleju hydraulicznego, umo\u017cliwiaj\u0105c operatorom wydajne przenoszenie du\u017cych ci\u0119\u017car\u00f3w i dostosowanie si\u0119 do z\u0142o\u017conych warunk\u00f3w pracy oraz zr\u00f3\u017cnicowanych wymaga\u0144 operacyjnych.<\/p>\n<p><img decoding=\"async\" src=\"https:\/\/www.hydraulic-cylinders.net\/wp-content\/uploads\/2025\/01\/songte-company-2.webp\"\/><\/p>\n<h2>Cechy<\/h2>\n<ul>\n<li>Wysoka wytrzyma\u0142o\u015b\u0107 i trwa\u0142o\u015b\u0107: Zazwyczaj wykonany z wysokowytrzyma\u0142ej stali lub aluminium, wytrzymuje du\u017ce ci\u015bnienie i obci\u0105\u017cenia, jest przystosowany do trudnych warunk\u00f3w pracy, a tak\u017ce jest zaprojektowany z my\u015bl\u0105 o odporno\u015bci na zu\u017cycie i korozj\u0119, co wyd\u0142u\u017ca jego \u017cywotno\u015b\u0107.<\/li>\n<li>Wydajna praca uk\u0142adu hydraulicznego: Wykorzystuj\u0105c ci\u015bnienie oleju hydraulicznego do uzyskania p\u0142ynnego ruchu teleskopowego, urz\u0105dzenie mo\u017ce szybko reagowa\u0107 na polecenia steruj\u0105ce, zapewniaj\u0105c du\u017ce si\u0142y pchania i ci\u0105gni\u0119cia, odpowiednie do obs\u0142ugi ci\u0119\u017ckich \u0142adunk\u00f3w i skomplikowanych zada\u0144 roboczych.<\/li>\n<li>R\u00f3\u017cnorodne typy: W zale\u017cno\u015bci od potrzeb mo\u017cna wybra\u0107 cylindry jednostronnego dzia\u0142ania (hydrauliczne tylko w jednym kierunku) lub dwustronnego dzia\u0142ania (hydrauliczne w obu kierunkach), aby spe\u0142ni\u0107 r\u00f3\u017cne wymagania operacyjne. Niekt\u00f3re modele s\u0105 teleskopowe, co pozwala na wi\u0119ksze wysuni\u0119cie bez zwi\u0119kszania wymiar\u00f3w zewn\u0119trznych, i nadaje si\u0119 do zastosowa\u0144 w ograniczonej przestrzeni.<\/li>\n<li>Idealna wymiana: Nasz produkt mo\u017ce idealnie zast\u0105pi\u0107 te cylindry hydrauliczne.<\/li>\n<\/ul>\n<p><img decoding=\"async\" src=\"https:\/\/www.hydraulic-cylinders.net\/wp-content\/uploads\/2025\/01\/songte-cylinder-head-with-all-kinds-excavator-models.webp\"\/><\/p>\n<h2>Aplikacje<\/h2>\n<p>Si\u0142ownik \u0142y\u017cki do ma\u0142ej koparki Sumitomo SH60A3 jest szeroko stosowany w r\u00f3\u017cnych ga\u0142\u0119ziach przemys\u0142u. Oto niekt\u00f3re z typowych zastosowa\u0144:<\/p>\n<ul>\n<li>Sprz\u0119t budowlany: W koparkach s\u0105 one niezb\u0119dne do wykop\u00f3w, za\u0142adunku i przemieszczania gleby lub gruzu. W koparko-\u0142adowarkach cylindry \u0142y\u017cki pomagaj\u0105 zar\u00f3wno w wykopach, jak i podnoszeniu. <\/li>\n<li>Maszyny rolnicze: Stosowane w \u0142adowarkach czo\u0142owych do nabierania, podnoszenia i transportu gleby, siana i innych materia\u0142\u00f3w. <\/li>\n<li>Koparki: Cylindry \u0142y\u017cki umo\u017cliwiaj\u0105 kopanie poprzez umo\u017cliwienie \u0142y\u017cce zag\u0142\u0119biania si\u0119 w gleb\u0119. <\/li>\n<li>\u0141adowarki: W \u0142adowarkach czo\u0142owych pomagaj\u0105 w efektywnym podnoszeniu i przechylaniu towar\u00f3w. <\/li>\n<\/ul>\n<h2>Zagadnienia projektowe i kryteria wyboru<\/h2>\n<p>Wybieraj\u0105c cylinder \u0142y\u017cki do ma\u0142ej koparki Sumitomo SH60A3, nale\u017cy wzi\u0105\u0107 pod uwag\u0119 kilka kwestii projektowych i kryteri\u00f3w wyboru, takich jak:<\/p>\n<ul>\n<li>No\u015bno\u015b\u0107: Cylinder powinien by\u0107 w stanie wytrzyma\u0107 maksymalne obci\u0105\u017cenie sprz\u0119tu.<\/li>\n<li>Uszczelnienie: Aby zapewni\u0107 minimalne wycieki i d\u0142u\u017csz\u0105 \u017cywotno\u015b\u0107, nale\u017cy stosowa\u0107 r\u00f3\u017cnorodne elementy uszczelniaj\u0105ce, takie jak uszczelki t\u0142okowe i uszczelki t\u0142oczyskowe. <\/li>\n<li>Trwa\u0142o\u015b\u0107: Cylinder powinien by\u0107 zaprojektowany tak, aby wytrzymywa\u0142 trudne warunki pracy, a korpus cylindra i powierzchnia ko\u0144cowa gwintu powinny by\u0107 precyzyjnie obrobione w celu zwi\u0119kszenia odporno\u015bci na zu\u017cycie. <\/li>\n<li>Bezpiecze\u0144stwo: Cylinder powinien by\u0107 zaprojektowany z uwzgl\u0119dnieniem zabezpiecze\u0144 zapobiegaj\u0105cych wypadkom podczas pracy. <\/li>\n<li>Konserwacja: Cylinder powinien by\u0107 \u0142atwy w konserwacji, a cz\u0119\u015bci zamienne powinny by\u0107 \u0142atwo dost\u0119pne.<\/li>\n<\/ul>\n<p><img decoding=\"async\" src=\"https:\/\/www.hydraulic-cylinders.net\/wp-content\/uploads\/2025\/01\/songte-oil-pipes-and-spare-parts.webp\"\/><\/p>\n<h2>Uszczelnianie i smarowanie<\/h2>\n<p>Si\u0142ownik \u0142y\u017cki do ma\u0142ej koparki Sumitomo SH60A3 wykorzystuje r\u00f3\u017cnorodne elementy uszczelniaj\u0105ce, takie jak uszczelnienia t\u0142oka i t\u0142oczyska, wykonane z materia\u0142\u00f3w odpornych na zu\u017cycie, takich jak poliuretan i kauczuk nitrylowy, aby zminimalizowa\u0107 wycieki i wyd\u0142u\u017cy\u0107 \u017cywotno\u015b\u0107. Korpus cylindra i powierzchnia gwintu s\u0105 r\u00f3wnie\u017c poddane obr\u00f3bce w celu zwi\u0119kszenia odporno\u015bci na zu\u017cycie. Regularne smarowanie olejem hydraulicznym jest wymagane do utrzymania prawid\u0142owej pracy si\u0142ownika.<\/p>\n<h2>Konserwacja i naprawa<\/h2>\n<p>Regularne przegl\u0105dy i konserwacja zapobiegawcza s\u0105 kluczowe dla zapewnienia efektywnego dzia\u0142ania si\u0142ownika \u0142y\u017cki ma\u0142ej koparki Sumitomo SH60A3. Do typowych czynno\u015bci konserwacyjnych nale\u017c\u0105:<\/p>\n<ul>\n<li>Regularna kontrola: Sprawd\u017a cylinder pod k\u0105tem zu\u017cycia lub uszkodze\u0144 i w razie potrzeby napraw lub wymie\u0144 cz\u0119\u015bci. <\/li>\n<li>Smarowanie: Aby zapewni\u0107 prawid\u0142owe dzia\u0142anie cylindra, nale\u017cy go regularnie smarowa\u0107 olejem hydraulicznym. <\/li>\n<li>Wymiana uszczelek: W razie potrzeby wymieniaj uszczelki, aby zapobiec przeciekom. <\/li>\n<li>Kontrola kalibracji: Sprawd\u017a, czy cylinder jest prawid\u0142owo skalibrowany, aby zapewni\u0107 skuteczn\u0105 prac\u0119.<\/li>\n<\/ul>\n<p><img decoding=\"async\" src=\"https:\/\/www.hydraulic-cylinders.net\/wp-content\/uploads\/2025\/01\/songte-chushion-collar.webp\"\/><\/p>\n<h2>Zagadnienia bezpiecze\u0144stwa i czynniki \u015brodowiskowe<\/h2>\n<p>Podczas u\u017cytkowania si\u0142ownika \u0142y\u017cki do ma\u0142ej koparki Sumitomo SH60A3 nale\u017cy podj\u0105\u0107 \u015brodki bezpiecze\u0144stwa, aby zapobiec wypadkom podczas pracy. Nale\u017cy r\u00f3wnie\u017c wzi\u0105\u0107 pod uwag\u0119 wp\u0142yw pracy si\u0142ownika na \u015brodowisko i podj\u0105\u0107 odpowiednie \u015brodki w celu jego zminimalizowania.<\/p>\n<h2>Rozwi\u0105zywanie problem\u00f3w i typowe problemy<\/h2>\n<p>Do typowych problem\u00f3w, kt\u00f3re mog\u0105 wyst\u0105pi\u0107 podczas u\u017cytkowania si\u0142ownika \u0142y\u017cki w ma\u0142ej koparce Sumitomo SH60A3, nale\u017c\u0105 wycieki, niskie ci\u015bnienie i nieregularny ruch. Prawid\u0142owa inspekcja i diagnoza s\u0105 niezb\u0119dne do zidentyfikowania przyczyny problemu i podj\u0119cia niezb\u0119dnych dzia\u0142a\u0144 naprawczych.<\/p>\n<h2>Informacje o firmie<\/h2>\n<p>Jeste\u015bmy producentem zamiennych cylindr\u00f3w hydraulicznych, oferuj\u0105cym pe\u0142n\u0105 gam\u0119 produkt\u00f3w i stali\u015bmy si\u0119 jednym z wiod\u0105cych producent\u00f3w i hurtowych dystrybutor\u00f3w cylindr\u00f3w hydraulicznych na rynku krajowym i mi\u0119dzynarodowym. Przestrzegamy zasady doskona\u0142ej jako\u015bci, opieramy si\u0119 na strategii zarz\u0105dzania produkcj\u0105 przemys\u0142ow\u0105 w naszym warsztacie produkcyjnym, stale udoskonalamy platform\u0119 produkcyjn\u0105, podnosimy jako\u015b\u0107 produkt\u00f3w i dysponujemy du\u017cym potencja\u0142em produkcyjnym. Spe\u0142niamy zr\u00f3\u017cnicowane potrzeby klient\u00f3w, zapewniaj\u0105c im wysok\u0105 wydajno\u015b\u0107, precyzj\u0119 i wysok\u0105 jako\u015b\u0107. <\/p>\n<p><img decoding=\"async\" src=\"https:\/\/hzpt.com\/wp-content\/uploads\/2024\/11\/songte-company-1.webp\"\/><\/p>\n<h3>Profesjonalizm<\/h3>\n<p>W naszej firmie pracuje zesp\u00f3\u0142 fachowc\u00f3w z wieloletnim do\u015bwiadczeniem w bran\u017cy hydraulicznej, zapewniaj\u0105cy klientom profesjonalne i wysokiej jako\u015bci us\u0142ugi.<\/p>\n<h3>Mi\u0119dzynarodowa Certyfikacja<\/h3>\n<p>Nasze produkty uzyska\u0142y szereg mi\u0119dzynarodowych certyfikat\u00f3w, takich jak ISO9001, CE i SGS, co gwarantuje, \u017ce nasze produkty spe\u0142niaj\u0105 mi\u0119dzynarodowe standardy jako\u015bci i s\u0105 eksportowane do wielu kraj\u00f3w i region\u00f3w.<\/p>\n<h3>Us\u0142ugi personalizacji<\/h3>\n<p>Dostarczamy klientom dostosowane do ich indywidualnych potrzeb cylindry hydrauliczne, dostarczaj\u0105c rozwi\u0105zania dostosowane do ich potrzeb.<\/p>\n<h3>Sprz\u0119t produkcyjny<\/h3>\n<p>Nasza firma dysponuje zaawansowanym sprz\u0119tem i technologi\u0105 produkcyjn\u0105, obejmuj\u0105c\u0105 centra obr\u00f3bcze CNC, precyzyjne szlifierki i automatyczne maszyny spawalnicze, co gwarantuje wysok\u0105 jako\u015b\u0107 i precyzj\u0119 naszych produkt\u00f3w.<\/p>\n<h3>Serwis posprzeda\u017cowy<\/h3>\n<p>Zapewniamy klientom kompleksow\u0105 obs\u0142ug\u0119 posprzeda\u017cow\u0105, obejmuj\u0105c\u0105 wsparcie techniczne, naprawy i wymian\u0119 produkt\u00f3w, aby mie\u0107 pewno\u015b\u0107, \u017ce nasi klienci s\u0105 zadowoleni z naszych produkt\u00f3w i us\u0142ug.<\/p>\n<h4>Autor: lyl<\/h4>","protected":false},"excerpt":{"rendered":"<p>Bucket Cylinder For Sumitomo Small Excavator SH60A3 Introduction The bucket cylinder for Sumitomo small excavator SH60A3 is a specialized hydraulic cylinder primarily used to control the movement of buckets in heavy machinery such as excavators, backhoes, and front loaders. Its main function is to allow the bucket to lift, lower, and tilt, making it easier [&hellip;]<\/p>","protected":false},"featured_media":14776,"comment_status":"open","ping_status":"closed","template":"","meta":{"_et_pb_use_builder":"","_et_pb_old_content":"","_et_gb_content_width":""},"product_brand":[],"product_cat":[1494],"product_tag":[1495,1496],"class_list":{"0":"post-15170","1":"product","2":"type-product","3":"status-publish","4":"has-post-thumbnail","6":"product_cat-bucket-cylinders","7":"product_tag-bucket-cylinders","8":"product_tag-hydraulic-cylinders","10":"first","11":"instock","12":"shipping-taxable","13":"product-type-simple"},"amp_enabled":true,"_links":{"self":[{"href":"https:\/\/www.hydraulic-cylinders.net\/pl\/wp-json\/wp\/v2\/product\/15170","targetHints":{"allow":["GET"]}}],"collection":[{"href":"https:\/\/www.hydraulic-cylinders.net\/pl\/wp-json\/wp\/v2\/product"}],"about":[{"href":"https:\/\/www.hydraulic-cylinders.net\/pl\/wp-json\/wp\/v2\/types\/product"}],"replies":[{"embeddable":true,"href":"https:\/\/www.hydraulic-cylinders.net\/pl\/wp-json\/wp\/v2\/comments?post=15170"}],"wp:featuredmedia":[{"embeddable":true,"href":"https:\/\/www.hydraulic-cylinders.net\/pl\/wp-json\/wp\/v2\/media\/14776"}],"wp:attachment":[{"href":"https:\/\/www.hydraulic-cylinders.net\/pl\/wp-json\/wp\/v2\/media?parent=15170"}],"wp:term":[{"taxonomy":"product_brand","embeddable":true,"href":"https:\/\/www.hydraulic-cylinders.net\/pl\/wp-json\/wp\/v2\/product_brand?post=15170"},{"taxonomy":"product_cat","embeddable":true,"href":"https:\/\/www.hydraulic-cylinders.net\/pl\/wp-json\/wp\/v2\/product_cat?post=15170"},{"taxonomy":"product_tag","embeddable":true,"href":"https:\/\/www.hydraulic-cylinders.net\/pl\/wp-json\/wp\/v2\/product_tag?post=15170"}],"curies":[{"name":"wp","href":"https:\/\/api.w.org\/{rel}","templated":true}]}}