{"id":15175,"date":"2025-01-19T14:12:01","date_gmt":"2025-01-19T14:12:01","guid":{"rendered":"https:\/\/www.hydraulic-cylinders.net\/product\/bucket-cylinder-for-sumitomo-middle-excavator-sh210-5\/"},"modified":"2025-01-19T14:12:03","modified_gmt":"2025-01-19T14:12:03","slug":"bucket-cylinder-for-sumitomo-middle-excavator-sh210-5","status":"publish","type":"product","link":"https:\/\/www.hydraulic-cylinders.net\/pl\/produkt\/bucket-cylinder-for-sumitomo-middle-excavator-sh210-5\/","title":{"rendered":"Si\u0142ownik \u0142y\u017cki do koparki \u015bredniej Sumitomo SH210-5"},"content":{"rendered":"<h1>Si\u0142ownik \u0142y\u017cki do koparki \u015bredniej Sumitomo SH210-5<\/h1>\n<h2>Wst\u0119p<\/h2>\n<p>Si\u0142ownik \u0142y\u017cki do koparki \u015bredniej Sumitomo SH210-5 to specjalnie zaprojektowany si\u0142ownik hydrauliczny s\u0142u\u017c\u0105cy do sterowania ruchem \u0142y\u017cki w ci\u0119\u017ckich maszynach, takich jak koparki, koparko-\u0142adowarki i \u0142adowarki czo\u0142owe. Jego g\u0142\u00f3wn\u0105 funkcj\u0105 jest podnoszenie, opuszczanie i przechylanie \u0142y\u017cki, dzi\u0119ki czemu nadaje si\u0119 do r\u00f3\u017cnych zada\u0144 zwi\u0105zanych z prze\u0142adunkiem materia\u0142\u00f3w. W uk\u0142adzie hydraulicznym si\u0142ownik \u0142y\u017cki wykorzystuje zmiany ci\u015bnienia oleju hydraulicznego, aby zapewni\u0107 precyzyjn\u0105 kontrol\u0119 nad \u0142y\u017ck\u0105, umo\u017cliwiaj\u0105c operatorom wydajne przenoszenie ci\u0119\u017ckich \u0142adunk\u00f3w i dostosowanie si\u0119 do z\u0142o\u017conych warunk\u00f3w pracy oraz zr\u00f3\u017cnicowanych wymaga\u0144.<\/p>\n<p><img decoding=\"async\" src=\"https:\/\/www.hydraulic-cylinders.net\/wp-content\/uploads\/2025\/01\/songte-company-2.webp\" alt=\"Si\u0142ownik \u0142y\u017cki do koparki \u015bredniej Sumitomo SH210-5\"><\/p>\n<h2>Cechy<\/h2>\n<ul>\n<li>\n<h3>Wysoka wytrzyma\u0142o\u015b\u0107 i trwa\u0142o\u015b\u0107<\/h3>\n<p>Si\u0142ownik czerpakowy jest zazwyczaj wykonany z wysokowytrzyma\u0142ej stali lub aluminium, co pozwala mu wytrzyma\u0107 wysokie ci\u015bnienie i du\u017ce obci\u0105\u017cenia, dostosowuj\u0105c si\u0119 do trudnych warunk\u00f3w pracy. Jego konstrukcja uwzgl\u0119dnia odporno\u015b\u0107 na zu\u017cycie i korozj\u0119, co wyd\u0142u\u017ca jego \u017cywotno\u015b\u0107.<\/p>\n<\/li>\n<li>\n<h3>Wydajna praca uk\u0142adu hydraulicznego<\/h3>\n<p>Dzi\u0119ki wykorzystaniu ci\u015bnienia oleju hydraulicznego do p\u0142ynnego rozci\u0105gania i kurczenia, si\u0142ownik \u0142y\u017cki mo\u017ce szybko reagowa\u0107 na polecenia operacyjne, zapewniaj\u0105c du\u017c\u0105 si\u0142\u0119 pchania i ci\u0105gni\u0119cia, odpowiedni\u0105 do przenoszenia ci\u0119\u017ckich \u0142adunk\u00f3w i skomplikowanych zada\u0144.<\/p>\n<\/li>\n<li>\n<h3>R\u00f3\u017cne typy<\/h3>\n<p>Si\u0142ownik czerpakowy mo\u017ce by\u0107 jednostronnego dzia\u0142ania (hydraulicznie tylko w jednym kierunku) lub dwustronnego dzia\u0142ania (hydraulicznie w obu kierunkach), w zale\u017cno\u015bci od potrzeb, aby spe\u0142ni\u0107 r\u00f3\u017cne wymagania operacyjne. Niekt\u00f3re modele s\u0105 teleskopowe, co pozwala na wi\u0119ksze wysuni\u0119cie bez zwi\u0119kszania wymiar\u00f3w zewn\u0119trznych, co jest przydatne w zastosowaniach o ograniczonej przestrzeni.<\/p>\n<\/li>\n<li>\n<h3>Wymienny<\/h3>\n<p>Nasze produkty mog\u0105 doskonale zast\u0105pi\u0107 te cylindry hydrauliczne i jeste\u015bmy w stanie wyprodukowa\u0107 ten produkt.<\/p>\n<\/li>\n<\/ul>\n<p><img decoding=\"async\" src=\"https:\/\/www.hydraulic-cylinders.net\/wp-content\/uploads\/2025\/01\/songte-cylinder-head-with-all-kinds-excavator-models.webp\" alt=\"Si\u0142ownik \u0142y\u017cki do koparki \u015bredniej Sumitomo SH210-5\"><\/p>\n<h2>Zastosowanie<\/h2>\n<p>Si\u0142ownik czerpakowy jest powszechnie stosowany w r\u00f3\u017cnych maszynach ci\u0119\u017ckich. Niekt\u00f3re typowe zastosowania obejmuj\u0105:<\/p>\n<ul>\n<li>\n<h3>Sprz\u0119t budowlany<\/h3>\n<p>S\u0105 one niezb\u0119dne do kopania, za\u0142adunku i przemieszczania gleby lub gruzu w koparkach i koparko-\u0142adowarkach. W koparce si\u0142ownik \u0142y\u017cki u\u0142atwia kopanie i podnoszenie.<\/p>\n<\/li>\n<li>\n<h3>Maszyny rolnicze<\/h3>\n<p>Stosowany w \u0142adowarkach czo\u0142owych do nabierania, podnoszenia i transportu gleby, siana i innych materia\u0142\u00f3w. W koparkach si\u0142ownik \u0142y\u017cki umo\u017cliwia kopanie, pozwalaj\u0105c \u0142y\u017cce na penetracj\u0119 gleby.<\/p>\n<\/li>\n<li>\n<h3>\u0141adowarka<\/h3>\n<p>W \u0142adowarkach czo\u0142owych pomagaj\u0105 w efektywnym podnoszeniu i przechylaniu \u0142adunk\u00f3w.<\/p>\n<\/li>\n<\/ul>\n<h2>Standardy projektowania i wyboru<\/h2>\n<ul>\n<li>\n<h3>No\u015bno\u015b\u0107<\/h3>\n<p>No\u015bno\u015b\u0107 cylindra czerpakowego jest kluczowym czynnikiem konstrukcyjnym. Musi on ud\u017awign\u0105\u0107 ci\u0119\u017car du\u017cych \u0142adunk\u00f3w oraz wytrzyma\u0107 si\u0142y wewn\u0119trzne i zewn\u0119trzne wyst\u0119puj\u0105ce podczas pracy.<\/p>\n<\/li>\n<li>\n<h3>Opiecz\u0119towanie<\/h3>\n<p>Uszczelnienie cylindra jest niezb\u0119dne, aby zapobiec wyciekom oleju i zanieczyszczeniom uk\u0142adu hydraulicznego. Zastosowano w nim r\u00f3\u017cne pier\u015bcienie uszczelniaj\u0105ce, takie jak pier\u015bcienie t\u0142okowe i t\u0142oczyskowe, oraz uszczelki wykonane z materia\u0142\u00f3w odpornych na zu\u017cycie, takich jak poliuretan i kauczuk nitrylowy. Korpus cylindra i powierzchnia gwintu s\u0105 poddawane precyzyjnej obr\u00f3bce w celu zwi\u0119kszenia odporno\u015bci na zu\u017cycie. Cylinder wymaga regularnego nape\u0142niania odpowiedni\u0105 ilo\u015bci\u0105 oleju hydraulicznego w celu smarowania.<\/p>\n<\/li>\n<li>\n<h3>Trwa\u0142o\u015b\u0107 i bezpiecze\u0144stwo<\/h3>\n<p>Si\u0142ownik \u0142y\u017cki musi by\u0107 trwa\u0142y, aby wytrzyma\u0107 trudne warunki pracy i du\u017ce obci\u0105\u017cenia. Wymaga r\u00f3wnie\u017c spe\u0142nienia norm bezpiecze\u0144stwa podczas eksploatacji. <\/p>\n<\/li>\n<li>\n<h3>Konserwacja<\/h3>\n<p>Aby zapewni\u0107 optymaln\u0105 wydajno\u015b\u0107, cylinder wymaga okresowej kontroli, regularnego smarowania i wymiany uszczelek. Wymaga r\u00f3wnie\u017c precyzyjnego ustawienia, z u\u017cyciem odpowiednich wspornik\u00f3w monta\u017cowych, aby zabezpieczy\u0107 cylinder.<\/p>\n<\/li>\n<\/ul>\n<p><img decoding=\"async\" src=\"https:\/\/www.hydraulic-cylinders.net\/wp-content\/uploads\/2025\/01\/songte-oil-pipes-and-spare-parts.webp\" alt=\"Si\u0142ownik \u0142y\u017cki do koparki \u015bredniej Sumitomo SH210-5\"><\/p>\n<h2>Przewodnik po konserwacji<\/h2>\n<p>Poni\u017cej przedstawiono typowe czynno\u015bci konserwacyjne dotycz\u0105ce cylindr\u00f3w kube\u0142kowych:<\/p>\n<ul>\n<li>\n<h3>Regularna kontrola<\/h3>\n<p>Regularnie sprawdzaj cylinder, aby wykry\u0107 ewentualne \u015blady zu\u017cycia, uszkodzenia lub nieszczelno\u015bci.<\/p>\n<\/li>\n<li>\n<h3>Smarowanie<\/h3>\n<p>Aby zapewni\u0107 p\u0142ynn\u0105 prac\u0119 cylindra, nale\u017cy go regularnie smarowa\u0107.<\/p>\n<\/li>\n<li>\n<h3>Wymiana uszczelki i kontrola kalibracji<\/h3>\n<p>Wymieniaj zu\u017cyte uszczelki i regularnie sprawdzaj kalibracj\u0119.<\/p>\n<\/li>\n<\/ul>\n<p>Aby zapewni\u0107 optymaln\u0105 wydajno\u015b\u0107, wa\u017cne jest prawid\u0142owe zamontowanie, nasmarowanie i wyregulowanie cylindra podczas instalacji. Podczas instalacji nale\u017cy zapewni\u0107 odpowiednie wytyczne dotycz\u0105ce ustawienia, a do zabezpieczenia cylindra nale\u017cy u\u017cy\u0107 odpowiednich wspornik\u00f3w monta\u017cowych. Zalecamy stosowanie si\u0119 do zalecanych procedur kontroli, naprawy i wymiany, aby wyd\u0142u\u017cy\u0107 okres u\u017cytkowania cylindra kube\u0142kowego.<\/p>\n<p><img decoding=\"async\" src=\"https:\/\/www.hydraulic-cylinders.net\/wp-content\/uploads\/2025\/01\/songte-chushion-collar.webp\" alt=\"Si\u0142ownik \u0142y\u017cki do koparki \u015bredniej Sumitomo SH210-5\"><\/p>\n<h2>Bezpiecze\u0144stwo i wzgl\u0119dy \u015brodowiskowe<\/h2>\n<p>Podczas u\u017cytkowania cylindra hydraulicznego nale\u017cy zachowa\u0107 odpowiednie \u015brodki bezpiecze\u0144stwa, aby zapobiec obra\u017ceniom. Cylinder powinien by\u0107 u\u017cywany wy\u0142\u0105cznie przez przeszkolony personel, wyposa\u017cony w odpowiedni sprz\u0119t bezpiecze\u0144stwa i zgodnie z przepisami bezpiecze\u0144stwa. Kwestie ochrony \u015brodowiska obejmuj\u0105 prawid\u0142ow\u0105 utylizacj\u0119 zu\u017cytego oleju hydraulicznego oraz zgodno\u015b\u0107 z przepisami dotycz\u0105cymi ochrony \u015brodowiska podczas produkcji i eksploatacji.<\/p>\n<p><img decoding=\"async\" src=\"https:\/\/hzpt.com\/wp-content\/uploads\/2024\/11\/songte-company-1.webp\" alt=\"Si\u0142ownik \u0142y\u017cki do koparki \u015bredniej Sumitomo SH210-5\"><\/p>\n<h2>Diagnostyka usterek i typowe problemy<\/h2>\n<p>Si\u0142ownik czerpakowy mo\u017ce mie\u0107 pewne typowe problemy, takie jak wyciek oleju, s\u0142aba wydajno\u015b\u0107 i nietypowy ha\u0142as. Niedostateczne smarowanie i zu\u017cycie uszczelnie\u0144 s\u0105 cz\u0119stymi przyczynami tych problem\u00f3w. Aby zdiagnozowa\u0107 i rozwi\u0105za\u0107 problemy, zalecamy konsultacj\u0119 z profesjonalnym in\u017cynierem, aby zapewni\u0107 prawid\u0142ow\u0105 diagnoz\u0119 i skuteczne rozwi\u0105zania. Aby zapobiec potencjalnym problemom, zalecamy podj\u0119cie \u015brodk\u00f3w zapobiegawczych, takich jak okresowe przegl\u0105dy, odpowiednie smarowanie i wymiana zu\u017cytych uszczelnie\u0144.<\/p>\n<p><img decoding=\"async\" src=\"https:\/\/www.hydraulic-cylinders.net\/wp-content\/uploads\/2025\/01\/songte-bushings-with-all-kinds-of-excavator-models.webp\" alt=\"Si\u0142ownik \u0142y\u017cki do koparki \u015bredniej Sumitomo SH210-5\"><\/p>\n<h2>O naszej firmie<\/h2>\n<p>Jeste\u015bmy producentem zamiennych cylindr\u00f3w hydraulicznych, oferuj\u0105cym pe\u0142n\u0105 gam\u0119 produkt\u00f3w i stali\u015bmy si\u0119 jednym z wiod\u0105cych producent\u00f3w i hurtowych dystrybutor\u00f3w cylindr\u00f3w hydraulicznych na rynku krajowym i mi\u0119dzynarodowym. D\u0105\u017cymy do najwy\u017cszej jako\u015bci, opieramy si\u0119 na zindustrializowanych strategiach zarz\u0105dzania produkcj\u0105, wspieranych przez zaawansowane warsztaty produkcyjne, stale udoskonalamy platform\u0119 produkcyjn\u0105, podnosimy jako\u015b\u0107 produkt\u00f3w i cechuje nas du\u017ca kreatywno\u015b\u0107. Naszym celem jest zaspokojenie zr\u00f3\u017cnicowanych potrzeb klient\u00f3w dzi\u0119ki wysokiej wydajno\u015bci, precyzji i wysokim standardom jako\u015bci.<\/p>\n<p>Nasza firma specjalizuje si\u0119 w \u015bwiadczeniu profesjonalnych us\u0142ug, us\u0142ug dostosowanych do indywidualnych potrzeb oraz posiadaniu mi\u0119dzynarodowych certyfikat\u00f3w. Wykorzystujemy zaawansowany sprz\u0119t produkcyjny i profesjonalne systemy testowe, aby podnosi\u0107 jako\u015b\u0107 produkt\u00f3w i zapewnia\u0107 kompleksow\u0105 obs\u0142ug\u0119 posprzeda\u017cow\u0105. Stale podnosimy nasze moce produkcyjne i jako\u015b\u0107 produkt\u00f3w, zdobywaj\u0105c zaufanie i uznanie klient\u00f3w dzi\u0119ki naszym doskona\u0142ym produktom i us\u0142ugom.<\/p>\n<p><img decoding=\"async\" src=\"https:\/\/www.hydraulic-cylinders.net\/wp-content\/uploads\/2025\/01\/songte-company-3.webp\" alt=\"Si\u0142ownik \u0142y\u017cki do koparki \u015bredniej Sumitomo SH210-5\"><\/p>\n<p>Autor: lyl.<\/p>","protected":false},"excerpt":{"rendered":"<p>Bucket Cylinder For Sumitomo Middle Excavator SH210-5 Introduction The bucket cylinder for Sumitomo middle excavator SH210-5 is a specially designed hydraulic cylinder used to control the movement of the bucket in heavy machinery such as excavators, backhoe excavators, and front-end loaders. Its main function is to enable the bucket to lift, lower, and tilt, making [&hellip;]<\/p>","protected":false},"featured_media":14762,"comment_status":"open","ping_status":"closed","template":"","meta":{"_et_pb_use_builder":"","_et_pb_old_content":"","_et_gb_content_width":""},"product_brand":[],"product_cat":[1494],"product_tag":[1495,1496],"class_list":{"0":"post-15175","1":"product","2":"type-product","3":"status-publish","4":"has-post-thumbnail","6":"product_cat-bucket-cylinders","7":"product_tag-bucket-cylinders","8":"product_tag-hydraulic-cylinders","10":"first","11":"instock","12":"shipping-taxable","13":"product-type-simple"},"amp_enabled":true,"_links":{"self":[{"href":"https:\/\/www.hydraulic-cylinders.net\/pl\/wp-json\/wp\/v2\/product\/15175","targetHints":{"allow":["GET"]}}],"collection":[{"href":"https:\/\/www.hydraulic-cylinders.net\/pl\/wp-json\/wp\/v2\/product"}],"about":[{"href":"https:\/\/www.hydraulic-cylinders.net\/pl\/wp-json\/wp\/v2\/types\/product"}],"replies":[{"embeddable":true,"href":"https:\/\/www.hydraulic-cylinders.net\/pl\/wp-json\/wp\/v2\/comments?post=15175"}],"wp:featuredmedia":[{"embeddable":true,"href":"https:\/\/www.hydraulic-cylinders.net\/pl\/wp-json\/wp\/v2\/media\/14762"}],"wp:attachment":[{"href":"https:\/\/www.hydraulic-cylinders.net\/pl\/wp-json\/wp\/v2\/media?parent=15175"}],"wp:term":[{"taxonomy":"product_brand","embeddable":true,"href":"https:\/\/www.hydraulic-cylinders.net\/pl\/wp-json\/wp\/v2\/product_brand?post=15175"},{"taxonomy":"product_cat","embeddable":true,"href":"https:\/\/www.hydraulic-cylinders.net\/pl\/wp-json\/wp\/v2\/product_cat?post=15175"},{"taxonomy":"product_tag","embeddable":true,"href":"https:\/\/www.hydraulic-cylinders.net\/pl\/wp-json\/wp\/v2\/product_tag?post=15175"}],"curies":[{"name":"wp","href":"https:\/\/api.w.org\/{rel}","templated":true}]}}